{"id":11497,"date":"2021-09-15T15:35:30","date_gmt":"2021-09-15T15:35:30","guid":{"rendered":"https:\/\/clientes.space\/michele-bond\/website\/?page_id=11497"},"modified":"2023-09-22T14:55:46","modified_gmt":"2023-09-22T14:55:46","slug":"renata-sa","status":"publish","type":"page","link":"https:\/\/clientes.space\/michele-bond\/website\/renata-sa\/","title":{"rendered":"Renata S\u00e1"},"content":{"rendered":"<p>[vc_row content_width=&#8221;grid&#8221; css=&#8221;.vc_custom_1610474047732{border-top-width: 1px !important;border-bottom-width: 1px !important;padding-top: 60px !important;padding-bottom: 30px !important;}&#8221;][vc_column width=&#8221;1\/2&#8243;][vc_single_image image=&#8221;11519&#8243; img_size=&#8221;large&#8221; alignment=&#8221;center&#8221;][vc_empty_space height=&#8221;50px&#8221;][\/vc_column][vc_column width=&#8221;1\/2&#8243;][vc_raw_html el_class=&#8221;title-seo&#8221;]JTNDaDElM0VEcmEuJTIwUmVuYXRhJTIwUyVDMyVBMSUzQyUyRmgxJTNF[\/vc_raw_html]<div class=\"mkdf-section-subtitle-holder mkdf-section-subtitle-left\" >\n\t<p style=\"text-align: left\" class=\"mkdf-section-subtitle\">Fisioterapeuta - N\u00ba C\u00e9dula Profissional C-6203<\/p>\n<\/div>[vc_column_text]<\/p>\n<p id=\"tw-target-text\" class=\"tw-data-text tw-text-large XcVN5d tw-ta\" dir=\"ltr\" data-placeholder=\"Tradu\u00e7\u00e3o\"><span class=\"Y2IQFc\" lang=\"pt\">A Dra. Renata come\u00e7ou a sua carreira de fisioterapia no Hospital CUF e nas principais cl\u00ednicas de fisioterapia de Viseu. <\/span><\/p>\n<p class=\"tw-data-text tw-text-large XcVN5d tw-ta\" dir=\"ltr\" data-placeholder=\"Tradu\u00e7\u00e3o\"><span class=\"Y2IQFc\" lang=\"pt\">O conhecimento e a experi\u00eancia adquiridos ao trabalhar com fisioterapeutas e outros profissionais de sa\u00fade num ambiente de cl\u00ednica multidisciplinar foram inestim\u00e1veis. <\/span><\/p>\n<p class=\"tw-data-text tw-text-large XcVN5d tw-ta\" dir=\"ltr\" data-placeholder=\"Tradu\u00e7\u00e3o\"><span class=\"Y2IQFc\" lang=\"pt\">Mudou-se recentemente para Lisboa para continuar a sua carreira na \u00e1rea de trabalho que ela adora. Com intuito de sempre de proporcionar excelentes resultados aos seus pacientes.<\/span><\/p>\n<p>[\/vc_column_text][vc_empty_space height=&#8221;50px&#8221;]<div class=\"mkdf-accordion-holder clearfix mkdf-accordion mkdf-initial \">\n\t<h5 class=\"clearfix mkdf-title-holder\">\n<span class=\"mkdf-accordion-mark mkdf-left-mark\">\n\t\t<span class=\"mkdf-accordion-mark-icon\">\n\t\t\t<span class=\"icon_plus\"><\/span>\n\t\t\t<span class=\"icon_minus-06\"><\/span>\n\t\t<\/span>\n<\/span>\n<span class=\"mkdf-tab-title\">\n\t\t<span class=\"mkdf-tab-title-inner\">\n\t\t\t\t\t\tForma\u00e7\u00f5es\t\t<\/span>\n<\/span>\n<\/h5>\n<div class=\"mkdf-accordion-content\">\n\t<div class=\"mkdf-accordion-content-inner\">\n\t\t[vc_column_text]<\/p>\n<ul>\n<li>Licenciatura em Fisioterapia &#8211; Escola Superior de Sa\u00fade, Coimbra<\/li>\n<li>Curso Reabilita\u00e7\u00e3o de Cirurgia Pl\u00e1stica e Reconstrutiva &#8211; Master Science Lab, Porto<\/li>\n<li>Curso Reabilita\u00e7\u00e3o Perineal Ativa pela Fisioterapeuta Laira Ramos, Bwizer, Lisboa<\/li>\n<li>Forma\u00e7\u00e3o em Fisioterapia e Cancro de Mama, Bwizer, Lisboa<\/li>\n<li>Forma\u00e7\u00e3o em Terapias Miofasciais, Bwizer, Lisboa<\/li>\n<li>Forma\u00e7\u00e3o de Manipula\u00e7\u00e3o Vertebral, Bwizer, Lisboa<\/li>\n<li>Integrative Manual Therapy &#8211; Fulcros Fasciais e Diagn\u00f3sticos Integrativos -Master Science Lab, Porto<\/li>\n<li>Forma\u00e7\u00e3o de Reiki n\u00edvel 1 de Mikao Usui &#8211; O Despertar<\/li>\n<\/ul>\n<p>[\/vc_column_text]\n\t\t\t<\/div>\n<\/div>\n<\/div>[\/vc_column][vc_column][\/vc_column][vc_column][\/vc_column][\/vc_row][vc_row css=&#8221;.vc_custom_1572108688856{border-top-width: 1px !important;border-bottom-width: 0px !important;border-top-color: #f2f2f2 !important;border-top-style: solid !important;border-bottom-color: #f2f2f2 !important;border-bottom-style: solid !important;}&#8221;][vc_column]\n\n\t<div class=\"mkdf-call-to-action normal\" style=\"padding: 20px;\">\n\n\t\t\t\t<div class=\"mkdf-container-inner\">\n\t\t\t\t\t<div class=\"mkdf-call-to-action-row-75-25 clearfix\">\n\t\t\n\t\t\t\t<div class=\"mkdf-text-wrapper mkdf-call-to-action-column1 mkdf-call-to-action-cell\">\n\n\t\t\t\t\n\t\t\t\t\t<div class=\"mkdf-call-to-action-text\" >\n\t\t\t\t\t\t\n<h2 class=\"p1\"><strong>Agende hoje a sua consulta<\/strong><\/h2>\n<p>Deixe o seu contacto, ligamos para si.\t\t\t\t\t<\/div>\n\n\t\t\t\t<\/div>\n\n\t\t\t\t\n\t\t\t\t\t<div class=\"mkdf-button-wrapper mkdf-call-to-action-column2 mkdf-call-to-action-cell\" style =\"text-align: right ;\">\n\n\t\t\t\t\t\t<a href=\"\/marcar-consulta\/\" target=\"_self\"  class=\"mkdf-btn mkdf-btn-medium mkdf-btn-solid mkdf-btn-hover-outline\"  >\t\t\t\t<span class=\"mkdf-btn-helper\" ><\/span>\t\t<span class=\"mkdf-btn-text\">Marcar consulta<\/span><\/a>\n\t\t\t\t\t<\/div>\n\n\t\t\t\t\n\t\t\t<\/div>\n\n\t\t\t\t<\/div>\n\t\t\n\t<\/div>\n\n[\/vc_column][\/vc_row]<\/p>\n","protected":false},"excerpt":{"rendered":"<p>[vc_row content_width=&#8221;grid&#8221; css=&#8221;.vc_custom_1610474047732{border-top-width: 1px !important;border-bottom-width: 1px !important;padding-top: 60px !important;padding-bottom: 30px !important;}&#8221;][vc_column width=&#8221;1\/2&#8243;][vc_single_image image=&#8221;11519&#8243; img_size=&#8221;large&#8221; alignment=&#8221;center&#8221;][vc_empty_space height=&#8221;50px&#8221;][\/vc_column][vc_column width=&#8221;1\/2&#8243;][vc_raw_html el_class=&#8221;title-seo&#8221;]JTNDaDElM0VEcmEuJTIwUmVuYXRhJTIwUyVDMyVBMSUzQyUyRmgxJTNF[\/vc_raw_html][vc_column_text] A Dra&#8230;.<\/p>\n","protected":false},"author":2,"featured_media":0,"parent":0,"menu_order":0,"comment_status":"closed","ping_status":"closed","template":"full-width.php","meta":{"content-type":"","footnotes":""},"yoast_head":"<!-- This site is optimized with the Yoast SEO plugin v21.7 - https:\/\/yoast.com\/wordpress\/plugins\/seo\/ -->\n<title>Renata S\u00e1 - Michelle Bond Clinic | Lisboa<\/title>\n<meta name=\"description\" content=\"Renata S\u00e1\" \/>\n<meta name=\"robots\" content=\"index, follow, max-snippet:-1, max-image-preview:large, max-video-preview:-1\" \/>\n<link rel=\"canonical\" href=\"https:\/\/clientes.space\/michele-bond\/website\/renata-sa\/\" \/>\n<meta property=\"og:locale\" content=\"pt_PT\" \/>\n<meta property=\"og:type\" content=\"article\" \/>\n<meta property=\"og:title\" content=\"Renata S\u00e1 - Michelle Bond Clinic | Lisboa\" \/>\n<meta property=\"og:description\" content=\"Renata S\u00e1\" \/>\n<meta property=\"og:url\" content=\"https:\/\/clientes.space\/michele-bond\/website\/renata-sa\/\" \/>\n<meta property=\"og:site_name\" content=\"Michelle Bond Clinic | Lisboa\" \/>\n<meta property=\"article:modified_time\" content=\"2023-09-22T14:55:46+00:00\" \/>\n<meta name=\"twitter:card\" content=\"summary_large_image\" \/>\n<meta name=\"twitter:label1\" content=\"Tempo estimado de leitura\" \/>\n\t<meta name=\"twitter:data1\" content=\"2 minutos\" \/>\n<script type=\"application\/ld+json\" class=\"yoast-schema-graph\">{\"@context\":\"https:\/\/schema.org\",\"@graph\":[{\"@type\":\"WebPage\",\"@id\":\"https:\/\/clientes.space\/michele-bond\/website\/renata-sa\/\",\"url\":\"https:\/\/clientes.space\/michele-bond\/website\/renata-sa\/\",\"name\":\"Renata S\u00e1 - Michelle Bond Clinic | Lisboa\",\"isPartOf\":{\"@id\":\"https:\/\/clientes.space\/michele-bond\/website\/#website\"},\"datePublished\":\"2021-09-15T15:35:30+00:00\",\"dateModified\":\"2023-09-22T14:55:46+00:00\",\"description\":\"Renata S\u00e1\",\"breadcrumb\":{\"@id\":\"https:\/\/clientes.space\/michele-bond\/website\/renata-sa\/#breadcrumb\"},\"inLanguage\":\"pt-PT\",\"potentialAction\":[{\"@type\":\"ReadAction\",\"target\":[\"https:\/\/clientes.space\/michele-bond\/website\/renata-sa\/\"]}]},{\"@type\":\"BreadcrumbList\",\"@id\":\"https:\/\/clientes.space\/michele-bond\/website\/renata-sa\/#breadcrumb\",\"itemListElement\":[{\"@type\":\"ListItem\",\"position\":1,\"name\":\"In\u00edcio\",\"item\":\"https:\/\/clientes.space\/michele-bond\/website\/\"},{\"@type\":\"ListItem\",\"position\":2,\"name\":\"Renata S\u00e1\"}]},{\"@type\":\"WebSite\",\"@id\":\"https:\/\/clientes.space\/michele-bond\/website\/#website\",\"url\":\"https:\/\/clientes.space\/michele-bond\/website\/\",\"name\":\"Michelle Bond - Holistic Health &amp; Beauty\",\"description\":\"Medicina Est\u00e9tica, Naturopatia, Nutri\u00e7\u00e3o e Fisioterapia\",\"potentialAction\":[{\"@type\":\"SearchAction\",\"target\":{\"@type\":\"EntryPoint\",\"urlTemplate\":\"https:\/\/clientes.space\/michele-bond\/website\/?s={search_term_string}\"},\"query-input\":\"required name=search_term_string\"}],\"inLanguage\":\"pt-PT\"}]}<\/script>\n<!-- \/ Yoast SEO plugin. -->","yoast_head_json":{"title":"Renata S\u00e1 - Michelle Bond Clinic | Lisboa","description":"Renata S\u00e1","robots":{"index":"index","follow":"follow","max-snippet":"max-snippet:-1","max-image-preview":"max-image-preview:large","max-video-preview":"max-video-preview:-1"},"canonical":"https:\/\/clientes.space\/michele-bond\/website\/renata-sa\/","og_locale":"pt_PT","og_type":"article","og_title":"Renata S\u00e1 - Michelle Bond Clinic | Lisboa","og_description":"Renata S\u00e1","og_url":"https:\/\/clientes.space\/michele-bond\/website\/renata-sa\/","og_site_name":"Michelle Bond Clinic | Lisboa","article_modified_time":"2023-09-22T14:55:46+00:00","twitter_card":"summary_large_image","twitter_misc":{"Tempo estimado de leitura":"2 minutos"},"schema":{"@context":"https:\/\/schema.org","@graph":[{"@type":"WebPage","@id":"https:\/\/clientes.space\/michele-bond\/website\/renata-sa\/","url":"https:\/\/clientes.space\/michele-bond\/website\/renata-sa\/","name":"Renata S\u00e1 - Michelle Bond Clinic | Lisboa","isPartOf":{"@id":"https:\/\/clientes.space\/michele-bond\/website\/#website"},"datePublished":"2021-09-15T15:35:30+00:00","dateModified":"2023-09-22T14:55:46+00:00","description":"Renata S\u00e1","breadcrumb":{"@id":"https:\/\/clientes.space\/michele-bond\/website\/renata-sa\/#breadcrumb"},"inLanguage":"pt-PT","potentialAction":[{"@type":"ReadAction","target":["https:\/\/clientes.space\/michele-bond\/website\/renata-sa\/"]}]},{"@type":"BreadcrumbList","@id":"https:\/\/clientes.space\/michele-bond\/website\/renata-sa\/#breadcrumb","itemListElement":[{"@type":"ListItem","position":1,"name":"In\u00edcio","item":"https:\/\/clientes.space\/michele-bond\/website\/"},{"@type":"ListItem","position":2,"name":"Renata S\u00e1"}]},{"@type":"WebSite","@id":"https:\/\/clientes.space\/michele-bond\/website\/#website","url":"https:\/\/clientes.space\/michele-bond\/website\/","name":"Michelle Bond - Holistic Health &amp; Beauty","description":"Medicina Est\u00e9tica, Naturopatia, Nutri\u00e7\u00e3o e Fisioterapia","potentialAction":[{"@type":"SearchAction","target":{"@type":"EntryPoint","urlTemplate":"https:\/\/clientes.space\/michele-bond\/website\/?s={search_term_string}"},"query-input":"required name=search_term_string"}],"inLanguage":"pt-PT"}]}},"_links":{"self":[{"href":"https:\/\/clientes.space\/michele-bond\/website\/wp-json\/wp\/v2\/pages\/11497"}],"collection":[{"href":"https:\/\/clientes.space\/michele-bond\/website\/wp-json\/wp\/v2\/pages"}],"about":[{"href":"https:\/\/clientes.space\/michele-bond\/website\/wp-json\/wp\/v2\/types\/page"}],"author":[{"embeddable":true,"href":"https:\/\/clientes.space\/michele-bond\/website\/wp-json\/wp\/v2\/users\/2"}],"replies":[{"embeddable":true,"href":"https:\/\/clientes.space\/michele-bond\/website\/wp-json\/wp\/v2\/comments?post=11497"}],"version-history":[{"count":6,"href":"https:\/\/clientes.space\/michele-bond\/website\/wp-json\/wp\/v2\/pages\/11497\/revisions"}],"predecessor-version":[{"id":22277,"href":"https:\/\/clientes.space\/michele-bond\/website\/wp-json\/wp\/v2\/pages\/11497\/revisions\/22277"}],"wp:attachment":[{"href":"https:\/\/clientes.space\/michele-bond\/website\/wp-json\/wp\/v2\/media?parent=11497"}],"curies":[{"name":"wp","href":"https:\/\/api.w.org\/{rel}","templated":true}]}}