{"id":11793,"date":"2021-10-06T12:43:47","date_gmt":"2021-10-06T12:43:47","guid":{"rendered":"https:\/\/clientes.space\/michele-bond\/website\/?page_id=11793"},"modified":"2023-09-22T17:14:45","modified_gmt":"2023-09-22T17:14:45","slug":"tratamento-para-queda-de-cabelo","status":"publish","type":"page","link":"https:\/\/clientes.space\/michele-bond\/website\/tratamento-para-queda-de-cabelo\/","title":{"rendered":"Tratamento para Queda de Cabelo"},"content":{"rendered":"<p>[vc_row content_width=&#8221;grid&#8221; css=&#8221;.vc_custom_1612806638223{padding-top: 60px !important;}&#8221;][vc_column width=&#8221;1\/2&#8243;]<div class=\"mkdf-section-title-holder\">\n\t<h2 class=\"mkdf-section-title\" >\n\tQueda de Cabelo<\/h2>\n<\/div>[vc_column_text]A queda de cabelo \u00e9 um sintoma ao qual muitas pessoas se identificam e existem v\u00e1rias causas que podem estar relacionadas com essa queda.<\/p>\n<p>A alopecia (queda de cabelo) \u00e9 uma doen\u00e7a que est\u00e1 relacionada com a queda e\/ou enfraquecimento dos fios de cabelo.<\/p>\n<p>Existem diferentes tipos de alopecia e, dependendo da fase do ciclo de crescimento em que se manifesta, poder\u00e1 ser ou n\u00e3o revers\u00edvel.<\/p>\n<p>A perda de cabelo \u00e9 um problema que cerca de 50% dos homens e mulheres ter\u00e3o em alguma altura das suas vidas. A alopecia no homem pode iniciar na puberdade e evoluir at\u00e9 aos 40 anos de idade, enquanto que na mulher, come\u00e7a nos 20 e tem um pico aos 50 anos, contudo, existe uma maior preval\u00eancia no homem em rela\u00e7\u00e3o \u00e0 mulher.<\/p>\n<p>E como existem muitos tipos diferentes de queda de cabelo, tamb\u00e9m existem diversos fatores que causam a queda de cabelo. Esses fatores variam, incluindo problemas autoimunes, desequil\u00edbrios hormonais, problemas de sa\u00fade intestinal, resist\u00eancia \u00e0 insulina, toxicidade ambiental e muito mais.[\/vc_column_text][vc_empty_space][vc_single_image image=&#8221;13414&#8243; img_size=&#8221;250&#215;200&#8243; alignment=&#8221;center&#8221; style=&#8221;vc_box_border_circle&#8221;][vc_empty_space][\/vc_column][vc_column width=&#8221;1\/2&#8243;]<div class=\"mkdf-section-title-holder\">\n\t<h2 class=\"mkdf-section-title\" >\n\tComo podemos ajudar<\/h2>\n<\/div>[vc_column_text]Na nossa cl\u00ednica seguimos uma abordagem hol\u00edstica e integrativa para tratar a queda de cabelo. Trabalhar atrav\u00e9s da nutri\u00e7\u00e3o funcional para determinar as causas da queda capilar \u00e9 o primeiro e melhor passo para o sentido do \u201cporqu\u00ea\u201d da perda de cabelo do paciente e do \u201ccomo\u201d do tratamento personalizado.<\/p>\n<p>Quando a produ\u00e7\u00e3o de col\u00e1geno cai,\u00a0 por volta dos 30 anos, assim como a nossa pele, os fol\u00edculos capilares tamb\u00e9m se tornam suscet\u00edveis ao enfraquecimento, o crescimento lento e fol\u00edculos dormentes. E fol\u00edculos fracos n\u00e3o geram cabelos fortes.<\/p>\n<p>Como complemento a consulta de nutri\u00e7\u00e3o para descobrir a causa da queda de cabelo, a t\u00e9cnica de\u00a0<a href=\"https:\/\/clientes.space\/michele-bond\/website\/microagulhamento-capilar\/\">microagulhamento capilar<\/a>\u00a0que estimula a produ\u00e7\u00e3o de col\u00e1geno e melhora a sa\u00fade do couro cabeludo de forma a tratar e prevenir a queda de cabelo, mantendo o fio saud\u00e1vel por muito mais tempo. \u00c9 uma ferramenta segura e promissora na estimula\u00e7\u00e3o dos cabelos. Traz fluxo sangu\u00edneo e nutrientes para o couro cabeludo e induz novas c\u00e9lulas-tronco que auxiliam no crescimento dos cabelos.<\/p>\n<p>Embora o col\u00e1geno seja mais conhecido como a prote\u00edna que ajuda a manter a o nosso rosto com apar\u00eancia firme e jovem, tamb\u00e9m \u00e9 essencial para a sa\u00fade do cabelo.<\/p>\n<p>O microagulhamento emprega a estimula\u00e7\u00e3o f\u00edsica (mec\u00e2nica) e qu\u00edmica. Pequenas doses de diferentes princ\u00edpios ativos s\u00e3o administradas em \u00e1reas espec\u00edficas, dependendo da condi\u00e7\u00e3o a ser tratada. Essas doses dos princ\u00edpios ativos agem como uma bala medicinal aplicadas diretamente no alvo. Veja mais na p\u00e1gina\u00a0<a href=\"https:\/\/clientes.space\/michele-bond\/website\/microagulhamento-capilar\/\">microagulhamento capilar<\/a>.[\/vc_column_text][vc_empty_space][\/vc_column][\/vc_row][vc_row content_width=&#8221;grid&#8221; css=&#8221;.vc_custom_1612805201119{padding-top: 20px !important;padding-bottom: 60px !important;}&#8221;][vc_column width=&#8221;1\/2&#8243;]<div class=\"mkdf-section-title-holder\">\n\t<h2 class=\"mkdf-section-title\" >\n\tCausas<\/h2>\n<\/div>[vc_column_text]Existem in\u00fameras causas que est\u00e3o associadas \u00e0 queda do cabelo, tais como:<\/p>\n<ul>\n<li>Gen\u00e9tica;<\/li>\n<li>Doen\u00e7as end\u00f3crinas (como altera\u00e7\u00f5es no funcionamento da tiroide);<\/li>\n<li>Exposi\u00e7\u00e3o a qu\u00edmicos;<\/li>\n<li>Por d\u00e9fice ou excesso de determinados nutrientes;<\/li>\n<li>P\u00f3s-parto;<\/li>\n<li><i>Stress<\/i>;<\/li>\n<li>Fatores imunol\u00f3gicos;<\/li>\n<li>Determinados medicamentos.<\/li>\n<\/ul>\n<p>Por haver in\u00fameras causas, o seu diagn\u00f3stico fica dificultado contudo,\u00a0se analisarmos a composi\u00e7\u00e3o qu\u00edmica do cabelo, torna-se cada vez mais not\u00f3rio que uma abordagem multidisciplinar ser\u00e1 o ideal, tendo como um dos aliados a Nutri\u00e7\u00e3o.[\/vc_column_text][vc_empty_space][\/vc_column][vc_column width=&#8221;1\/2&#8243;]<div class=\"mkdf-section-title-holder\">\n\t<h2 class=\"mkdf-section-title\" >\n\tPre\u00e7os<\/h2>\n<\/div>[vc_column_text]<strong>Consulta<\/strong><\/p>\n<div class=\"wpb_text_column wpb_content_element \">\n<div class=\"wpb_wrapper\">\n<p>Naturopatia<\/p>\n<ul>\n<li>1\u00aa consulta: 120\u20ac<\/li>\n<li>Consultas de seguimento: 100\u20ac<\/li>\n<\/ul>\n<\/div>\n<\/div>\n<div class=\"wpb_text_column wpb_content_element \">\n<div class=\"wpb_wrapper\">\n<p>Nutri\u00e7\u00e3o Funcional<\/p>\n<ul>\n<li>1\u00aa consulta: 90\u20ac<\/li>\n<li>Consultas de seguimento: 60\u20ac<\/li>\n<\/ul>\n<\/div>\n<\/div>\n<p>Microagulhamento Capilar<\/p>\n<ul>\n<li>1 Sess\u00e3o: 89\u20ac<\/li>\n<\/ul>\n<p>Pacotes:<\/p>\n<ul>\n<li>4 sess\u00f5es: 339\u20ac<\/li>\n<li>6 sess\u00f5es: 479\u20ac<\/li>\n<li>8 sess\u00f5es: 599\u20ac<\/li>\n<\/ul>\n<p>[\/vc_column_text][vc_empty_space][\/vc_column][\/vc_row][vc_row css=&#8221;.vc_custom_1633881094449{background-color: #fafafa !important;}&#8221;][vc_column]\n\n\t<div class=\"mkdf-call-to-action normal\" style=\"padding: 20px;\">\n\n\t\t\t\t<div class=\"mkdf-container-inner\">\n\t\t\t\t\t<div class=\"mkdf-call-to-action-row-75-25 clearfix\">\n\t\t\n\t\t\t\t<div class=\"mkdf-text-wrapper mkdf-call-to-action-column1 mkdf-call-to-action-cell\">\n\n\t\t\t\t\n\t\t\t\t\t<div class=\"mkdf-call-to-action-text\" >\n\t\t\t\t\t\t\n<h2 class=\"p1\" style=\"margin-top: 10px !important;\"><strong>Agende hoje a sua consulta<\/strong><\/h2>\n\t\t\t\t\t<\/div>\n\n\t\t\t\t<\/div>\n\n\t\t\t\t\n\t\t\t\t\t<div class=\"mkdf-button-wrapper mkdf-call-to-action-column2 mkdf-call-to-action-cell\" style =\"text-align: right ;\">\n\n\t\t\t\t\t\t<a href=\"\/marcar-consulta\/\" target=\"_self\"  class=\"mkdf-btn mkdf-btn-medium mkdf-btn-solid mkdf-btn-hover-outline\"  >\t\t\t\t<span class=\"mkdf-btn-helper\" ><\/span>\t\t<span class=\"mkdf-btn-text\">Marcar Consulta<\/span><\/a>\n\t\t\t\t\t<\/div>\n\n\t\t\t\t\n\t\t\t<\/div>\n\n\t\t\t\t<\/div>\n\t\t\n\t<\/div>\n\n[\/vc_column][\/vc_row][vc_row content_width=&#8221;grid&#8221; css=&#8221;.vc_custom_1633881134305{padding-top: 60px !important;padding-bottom: 60px !important;background-color: #fafafa !important;}&#8221; el_id=&#8221;logo-revistas&#8221;][vc_column][vc_column_text]\n\t\t<style>\n\t\t\t#wpls-logo-showcase-slider-1 .wpls-fix-box,\n\t\t\t#wpls-logo-showcase-slider-1 .wpls-fix-box img.wp-post-image{max-height:250px; }\n\t\t<\/style>\n\n\t\t<div class=\"wpls-wrap wpls-logo-showcase-slider-wrp wpls-logo-clearfix wpls-design-1 \" data-conf=\"{&quot;slides_column&quot;:&quot;4&quot;,&quot;slides_scroll&quot;:1,&quot;dots&quot;:&quot;true&quot;,&quot;arrows&quot;:&quot;true&quot;,&quot;autoplay&quot;:&quot;true&quot;,&quot;autoplay_interval&quot;:3000,&quot;loop&quot;:&quot;true&quot;,&quot;rtl&quot;:&quot;false&quot;,&quot;speed&quot;:800,&quot;center_mode&quot;:&quot;false&quot;,&quot;lazyload&quot;:&quot;&quot;}\">\n\t\t\t<div class=\"wpls-logo-showcase logo_showcase wpls-logo-slider  sliderimage_hide_border \" id=\"wpls-logo-showcase-slider-1\" >\n\t\t\t\t<div class=\"wpls-logo-cnt\">\n\t<div class=\"wpls-fix-box\">\n\t\t\t\t<img class=\"wp-post-image\"  src=\"https:\/\/clientes.space\/michele-bond\/website\/wp-content\/uploads\/2018\/08\/womens-health-1.png\" alt=\"womens-health\" \/>\n\t\t\t<\/div>\n\t<\/div><div class=\"wpls-logo-cnt\">\n\t<div class=\"wpls-fix-box\">\n\t\t\t\t<img class=\"wp-post-image\"  src=\"https:\/\/clientes.space\/michele-bond\/website\/wp-content\/uploads\/2018\/08\/Rede_Vida_logo-1.png\" alt=\"Rede_Vida\" \/>\n\t\t\t<\/div>\n\t<\/div><div class=\"wpls-logo-cnt\">\n\t<div class=\"wpls-fix-box\">\n\t\t\t\t<img class=\"wp-post-image\"  src=\"https:\/\/clientes.space\/michele-bond\/website\/wp-content\/uploads\/2018\/08\/forever_young_logo.png\" alt=\"forever_young\" \/>\n\t\t\t<\/div>\n\t<\/div><div class=\"wpls-logo-cnt\">\n\t<div class=\"wpls-fix-box\">\n\t\t\t\t<img class=\"wp-post-image\"  src=\"https:\/\/clientes.space\/michele-bond\/website\/wp-content\/uploads\/2018\/08\/SVBlog_Logo-1.png\" alt=\"SVBlog\" \/>\n\t\t\t<\/div>\n\t<\/div>\t\t\t<\/div>\n\t\t<\/div>\n\n\t\t[\/vc_column_text][\/vc_column][\/vc_row][vc_row content_width=&#8221;grid&#8221; css=&#8221;.vc_custom_1633880882680{border-top-width: 1px !important;border-bottom-width: 1px !important;padding-top: 60px !important;padding-bottom: 60px !important;}&#8221;][vc_column]<div class=\"mkdf-section-title-holder\">\n\t<h2 class=\"mkdf-section-title\" style=\"text-align: center\">\n\tOutros tratamentos de sa\u00fade<\/h2>\n<\/div><div class=\"mkdf-section-subtitle-holder mkdf-section-subtitle-center\" >\n\t<p style=\"text-align: center\" class=\"mkdf-section-subtitle\">Saiba mais sobre cada um deles<\/p>\n<\/div><div class=\"mkdf-carousel-holder clearfix mkdf-carousel-three-rows mkdf-carousel-navigation\"><div class=\"mkdf-carousel \" data-items=\"3\" data-navigation=\"yes\"><div class=\"mkdf-carousel-item-outer-holder border\"><div class=\"mkdf-carousel-item-holder\">\n\t\t<a href=\"\/tratamento-depressao\/\" target=\"_self\">\n\t\t\t\t\t\t\t<span class=\"mkdf-carousel-first-image-holder  mkdf-image-zoom\">\n\t\t\t\t<img width=\"450\" height=\"420\" src=\"https:\/\/clientes.space\/michele-bond\/website\/wp-content\/uploads\/2021\/02\/Tratamento-para-depressao-novo.jpg\" class=\"attachment-full size-full\" alt=\"Tratamento para depress\u00e3o\" decoding=\"async\" srcset=\"https:\/\/clientes.space\/michele-bond\/website\/wp-content\/uploads\/2021\/02\/Tratamento-para-depressao-novo.jpg 450w, https:\/\/clientes.space\/michele-bond\/website\/wp-content\/uploads\/2021\/02\/Tratamento-para-depressao-novo-300x280.jpg 300w\" sizes=\"(max-width: 450px) 100vw, 450px\" \/>\t\t\t<\/span>\n\t\t\t\t\t\t\t<\/a>\n<\/div><\/div><div class=\"mkdf-carousel-item-outer-holder border\"><div class=\"mkdf-carousel-item-holder\">\n\t\t<a href=\"\/tratamento-ansiedade\/\" target=\"_self\">\n\t\t\t\t\t\t\t<span class=\"mkdf-carousel-first-image-holder  mkdf-image-zoom\">\n\t\t\t\t<img width=\"450\" height=\"420\" src=\"https:\/\/clientes.space\/michele-bond\/website\/wp-content\/uploads\/2021\/02\/Tratamento-para-a-ansiedade-novo.jpg\" class=\"attachment-full size-full\" alt=\"Tratamento para a ansiedade\" decoding=\"async\" srcset=\"https:\/\/clientes.space\/michele-bond\/website\/wp-content\/uploads\/2021\/02\/Tratamento-para-a-ansiedade-novo.jpg 450w, https:\/\/clientes.space\/michele-bond\/website\/wp-content\/uploads\/2021\/02\/Tratamento-para-a-ansiedade-novo-300x280.jpg 300w\" sizes=\"(max-width: 450px) 100vw, 450px\" \/>\t\t\t<\/span>\n\t\t\t\t\t\t\t<\/a>\n<\/div><\/div><div class=\"mkdf-carousel-item-outer-holder border\"><div class=\"mkdf-carousel-item-holder\">\n\t\t<a href=\"\/tratamento-fadiga-cronica\/\" target=\"_self\">\n\t\t\t\t\t\t\t<span class=\"mkdf-carousel-first-image-holder  mkdf-image-zoom\">\n\t\t\t\t<img width=\"450\" height=\"420\" src=\"https:\/\/clientes.space\/michele-bond\/website\/wp-content\/uploads\/2021\/02\/Tratamento-da-Fadiga-Cronica.jpg\" class=\"attachment-full size-full\" alt=\"Tratamento da Fadiga Cr\u00f3nica\" decoding=\"async\" srcset=\"https:\/\/clientes.space\/michele-bond\/website\/wp-content\/uploads\/2021\/02\/Tratamento-da-Fadiga-Cronica.jpg 450w, https:\/\/clientes.space\/michele-bond\/website\/wp-content\/uploads\/2021\/02\/Tratamento-da-Fadiga-Cronica-300x280.jpg 300w\" sizes=\"(max-width: 450px) 100vw, 450px\" \/>\t\t\t<\/span>\n\t\t\t\t\t\t\t<\/a>\n<\/div><\/div><\/div><\/div>[\/vc_column][\/vc_row][vc_row row_type=&#8221;parallax&#8221; content_width=&#8221;grid&#8221; full_screen_section_height=&#8221;no&#8221; parallax_background_image=&#8221;164&#8243; css=&#8221;.vc_custom_1579541496579{border-top-width: 1px !important;border-bottom-width: 1px !important;padding-top: 60px !important;padding-bottom: 60px !important;}&#8221;][vc_column]<div class=\"mkdf-section-title-holder\">\n\t<h2 class=\"mkdf-section-title\" style=\"color: #ffffff;text-transform: capitalize;text-align: center\">\n\tClientes Satisfeitos<\/h2>\n<\/div>[vc_empty_space]<div class=\"mkdf-testimonials-holder clearfix light\"><div class=\"mkdf-testimonials testimonials-slider\"><div id=\"mkdf-testimonials83\" class=\"mkdf-testimonial-content testimonials-slider\">\n\t<div class=\"mkdf-testimonial-content-inner\">\n\t\t\t\t\t<div class= \"mkdf-container-inner\">\n\t\t\t\t<div class=\"mkdf-testimonial-text-holder\">\n\t\t\t<div class=\"mkdf-testimonial-text-inner light\">\n\t\t\t\t\t\t\t\t<p class=\"mkdf-testimonial-text\" >Depois de ter o meu segundo filho, e de maus h\u00e1bitos alimentares, ganhei muito peso. Com o acompanhamento que tive na Cl\u00ednica consegui perder 7 quilos e agora sinto-me muito bem! Obrigado a todos.<\/p>\n\t\t\t\t\t\t\t\t\t<div class=\"mkdf-testimonial-author\">\n\t\t\t\t\t\t<h3 class=\"mkdf-testimonial-author-text light\">F\u00e1tima (38 Anos)<\/h3>\n\t\t\t\t\t\t\t\t\t\t\t\t\t<span class=\"mkdf-testimonials-job light\">Lisboa<\/span>\n\t\t\t\t\t\t\t\t\t\t\t<\/div>\n\t\t\t\t\t\t\t<\/div>\n\t\t<\/div>\n\n\t\t\t\t\t<\/div>\n\t\t\t<\/div>\n<\/div>\n<div id=\"mkdf-testimonials82\" class=\"mkdf-testimonial-content testimonials-slider\">\n\t<div class=\"mkdf-testimonial-content-inner\">\n\t\t\t\t\t<div class= \"mkdf-container-inner\">\n\t\t\t\t<div class=\"mkdf-testimonial-text-holder\">\n\t\t\t<div class=\"mkdf-testimonial-text-inner light\">\n\t\t\t\t\t\t\t\t<p class=\"mkdf-testimonial-text\" >Sempre tive muitas dificuldades em dormir, tentei muitas terapias mas s\u00f3 com a ajuda da Dra Michelle \u00e9 que descobri o que \u00e9 uma boa noite de sono. Sou hoje uma pessoa diferente e com muito mais energia.<\/p>\n\t\t\t\t\t\t\t\t\t<div class=\"mkdf-testimonial-author\">\n\t\t\t\t\t\t<h3 class=\"mkdf-testimonial-author-text light\">Carla (45 Anos)<\/h3>\n\t\t\t\t\t\t\t\t\t\t\t\t\t<span class=\"mkdf-testimonials-job light\">Alg\u00e9s<\/span>\n\t\t\t\t\t\t\t\t\t\t\t<\/div>\n\t\t\t\t\t\t\t<\/div>\n\t\t<\/div>\n\n\t\t\t\t\t<\/div>\n\t\t\t<\/div>\n<\/div>\n<\/div><\/div>[\/vc_column][\/vc_row][vc_row css=&#8221;.vc_custom_1633880905937{background-color: #fafafa !important;}&#8221;][vc_column]\n\n\t<div class=\"mkdf-call-to-action normal\" style=\"padding: 20px;\">\n\n\t\t\t\t<div class=\"mkdf-container-inner\">\n\t\t\t\t\t<div class=\"mkdf-call-to-action-row-75-25 clearfix\">\n\t\t\n\t\t\t\t<div class=\"mkdf-text-wrapper mkdf-call-to-action-column1 mkdf-call-to-action-cell\">\n\n\t\t\t\t\n\t\t\t\t\t<div class=\"mkdf-call-to-action-text\" >\n\t\t\t\t\t\t\n<h2 class=\"p1\" style=\"margin-top: 10px !important;\"><strong>Agende hoje a sua consulta<\/strong><\/h2>\n\t\t\t\t\t<\/div>\n\n\t\t\t\t<\/div>\n\n\t\t\t\t\n\t\t\t\t\t<div class=\"mkdf-button-wrapper mkdf-call-to-action-column2 mkdf-call-to-action-cell\" style =\"text-align: right ;\">\n\n\t\t\t\t\t\t<a href=\"\/marcar-consulta\/\" target=\"_self\"  class=\"mkdf-btn mkdf-btn-medium mkdf-btn-solid mkdf-btn-hover-outline\"  >\t\t\t\t<span class=\"mkdf-btn-helper\" ><\/span>\t\t<span class=\"mkdf-btn-text\">Marcar Consulta<\/span><\/a>\n\t\t\t\t\t<\/div>\n\n\t\t\t\t\n\t\t\t<\/div>\n\n\t\t\t\t<\/div>\n\t\t\n\t<\/div>\n\n[\/vc_column][\/vc_row]<\/p>\n","protected":false},"excerpt":{"rendered":"<p>[vc_row content_width=&#8221;grid&#8221; css=&#8221;.vc_custom_1612806638223{padding-top: 60px !important;}&#8221;][vc_column width=&#8221;1\/2&#8243;][vc_column_text]A queda de cabelo \u00e9 um sintoma ao qual muitas pessoas se identificam e existem&#8230;<\/p>\n","protected":false},"author":2,"featured_media":3871,"parent":0,"menu_order":0,"comment_status":"closed","ping_status":"closed","template":"full-width.php","meta":{"content-type":"","footnotes":""},"yoast_head":"<!-- This site is optimized with the Yoast SEO plugin v21.7 - https:\/\/yoast.com\/wordpress\/plugins\/seo\/ -->\n<title>Tratamento para queda de cabelo<\/title>\n<meta name=\"description\" content=\"Tratamento para Queda de Cabelo\" \/>\n<meta name=\"robots\" content=\"index, follow, max-snippet:-1, max-image-preview:large, max-video-preview:-1\" \/>\n<link rel=\"canonical\" href=\"https:\/\/clientes.space\/michele-bond\/website\/tratamento-para-queda-de-cabelo\/\" \/>\n<meta property=\"og:locale\" content=\"pt_PT\" \/>\n<meta property=\"og:type\" content=\"article\" \/>\n<meta property=\"og:title\" content=\"Tratamento para queda de cabelo\" \/>\n<meta property=\"og:description\" content=\"Tratamento para Queda de Cabelo\" \/>\n<meta property=\"og:url\" content=\"https:\/\/clientes.space\/michele-bond\/website\/tratamento-para-queda-de-cabelo\/\" \/>\n<meta property=\"og:site_name\" content=\"Michelle Bond Clinic | Lisboa\" \/>\n<meta property=\"article:modified_time\" content=\"2023-09-22T17:14:45+00:00\" \/>\n<meta property=\"og:image\" content=\"https:\/\/clientes.space\/michele-bond\/website\/wp-content\/uploads\/2020\/01\/Tratamento-da-Fadiga-Cronica.jpg\" \/>\n\t<meta property=\"og:image:width\" content=\"1920\" \/>\n\t<meta property=\"og:image:height\" content=\"1080\" \/>\n\t<meta property=\"og:image:type\" content=\"image\/jpeg\" \/>\n<meta name=\"twitter:card\" content=\"summary_large_image\" \/>\n<meta name=\"twitter:label1\" content=\"Tempo estimado de leitura\" \/>\n\t<meta name=\"twitter:data1\" content=\"4 minutos\" \/>\n<script type=\"application\/ld+json\" class=\"yoast-schema-graph\">{\"@context\":\"https:\/\/schema.org\",\"@graph\":[{\"@type\":\"WebPage\",\"@id\":\"https:\/\/clientes.space\/michele-bond\/website\/tratamento-para-queda-de-cabelo\/\",\"url\":\"https:\/\/clientes.space\/michele-bond\/website\/tratamento-para-queda-de-cabelo\/\",\"name\":\"Tratamento para queda de cabelo\",\"isPartOf\":{\"@id\":\"https:\/\/clientes.space\/michele-bond\/website\/#website\"},\"datePublished\":\"2021-10-06T12:43:47+00:00\",\"dateModified\":\"2023-09-22T17:14:45+00:00\",\"description\":\"Tratamento para Queda de Cabelo\",\"breadcrumb\":{\"@id\":\"https:\/\/clientes.space\/michele-bond\/website\/tratamento-para-queda-de-cabelo\/#breadcrumb\"},\"inLanguage\":\"pt-PT\",\"potentialAction\":[{\"@type\":\"ReadAction\",\"target\":[\"https:\/\/clientes.space\/michele-bond\/website\/tratamento-para-queda-de-cabelo\/\"]}]},{\"@type\":\"BreadcrumbList\",\"@id\":\"https:\/\/clientes.space\/michele-bond\/website\/tratamento-para-queda-de-cabelo\/#breadcrumb\",\"itemListElement\":[{\"@type\":\"ListItem\",\"position\":1,\"name\":\"In\u00edcio\",\"item\":\"https:\/\/clientes.space\/michele-bond\/website\/\"},{\"@type\":\"ListItem\",\"position\":2,\"name\":\"Tratamento para Queda de Cabelo\"}]},{\"@type\":\"WebSite\",\"@id\":\"https:\/\/clientes.space\/michele-bond\/website\/#website\",\"url\":\"https:\/\/clientes.space\/michele-bond\/website\/\",\"name\":\"Michelle Bond - Holistic Health &amp; Beauty\",\"description\":\"Medicina Est\u00e9tica, Naturopatia, Nutri\u00e7\u00e3o e Fisioterapia\",\"potentialAction\":[{\"@type\":\"SearchAction\",\"target\":{\"@type\":\"EntryPoint\",\"urlTemplate\":\"https:\/\/clientes.space\/michele-bond\/website\/?s={search_term_string}\"},\"query-input\":\"required name=search_term_string\"}],\"inLanguage\":\"pt-PT\"}]}<\/script>\n<!-- \/ Yoast SEO plugin. -->","yoast_head_json":{"title":"Tratamento para queda de cabelo","description":"Tratamento para Queda de Cabelo","robots":{"index":"index","follow":"follow","max-snippet":"max-snippet:-1","max-image-preview":"max-image-preview:large","max-video-preview":"max-video-preview:-1"},"canonical":"https:\/\/clientes.space\/michele-bond\/website\/tratamento-para-queda-de-cabelo\/","og_locale":"pt_PT","og_type":"article","og_title":"Tratamento para queda de cabelo","og_description":"Tratamento para Queda de Cabelo","og_url":"https:\/\/clientes.space\/michele-bond\/website\/tratamento-para-queda-de-cabelo\/","og_site_name":"Michelle Bond Clinic | Lisboa","article_modified_time":"2023-09-22T17:14:45+00:00","og_image":[{"width":1920,"height":1080,"url":"https:\/\/clientes.space\/michele-bond\/website\/wp-content\/uploads\/2020\/01\/Tratamento-da-Fadiga-Cronica.jpg","type":"image\/jpeg"}],"twitter_card":"summary_large_image","twitter_misc":{"Tempo estimado de leitura":"4 minutos"},"schema":{"@context":"https:\/\/schema.org","@graph":[{"@type":"WebPage","@id":"https:\/\/clientes.space\/michele-bond\/website\/tratamento-para-queda-de-cabelo\/","url":"https:\/\/clientes.space\/michele-bond\/website\/tratamento-para-queda-de-cabelo\/","name":"Tratamento para queda de cabelo","isPartOf":{"@id":"https:\/\/clientes.space\/michele-bond\/website\/#website"},"datePublished":"2021-10-06T12:43:47+00:00","dateModified":"2023-09-22T17:14:45+00:00","description":"Tratamento para Queda de Cabelo","breadcrumb":{"@id":"https:\/\/clientes.space\/michele-bond\/website\/tratamento-para-queda-de-cabelo\/#breadcrumb"},"inLanguage":"pt-PT","potentialAction":[{"@type":"ReadAction","target":["https:\/\/clientes.space\/michele-bond\/website\/tratamento-para-queda-de-cabelo\/"]}]},{"@type":"BreadcrumbList","@id":"https:\/\/clientes.space\/michele-bond\/website\/tratamento-para-queda-de-cabelo\/#breadcrumb","itemListElement":[{"@type":"ListItem","position":1,"name":"In\u00edcio","item":"https:\/\/clientes.space\/michele-bond\/website\/"},{"@type":"ListItem","position":2,"name":"Tratamento para Queda de Cabelo"}]},{"@type":"WebSite","@id":"https:\/\/clientes.space\/michele-bond\/website\/#website","url":"https:\/\/clientes.space\/michele-bond\/website\/","name":"Michelle Bond - Holistic Health &amp; Beauty","description":"Medicina Est\u00e9tica, Naturopatia, Nutri\u00e7\u00e3o e Fisioterapia","potentialAction":[{"@type":"SearchAction","target":{"@type":"EntryPoint","urlTemplate":"https:\/\/clientes.space\/michele-bond\/website\/?s={search_term_string}"},"query-input":"required name=search_term_string"}],"inLanguage":"pt-PT"}]}},"_links":{"self":[{"href":"https:\/\/clientes.space\/michele-bond\/website\/wp-json\/wp\/v2\/pages\/11793"}],"collection":[{"href":"https:\/\/clientes.space\/michele-bond\/website\/wp-json\/wp\/v2\/pages"}],"about":[{"href":"https:\/\/clientes.space\/michele-bond\/website\/wp-json\/wp\/v2\/types\/page"}],"author":[{"embeddable":true,"href":"https:\/\/clientes.space\/michele-bond\/website\/wp-json\/wp\/v2\/users\/2"}],"replies":[{"embeddable":true,"href":"https:\/\/clientes.space\/michele-bond\/website\/wp-json\/wp\/v2\/comments?post=11793"}],"version-history":[{"count":8,"href":"https:\/\/clientes.space\/michele-bond\/website\/wp-json\/wp\/v2\/pages\/11793\/revisions"}],"predecessor-version":[{"id":22330,"href":"https:\/\/clientes.space\/michele-bond\/website\/wp-json\/wp\/v2\/pages\/11793\/revisions\/22330"}],"wp:featuredmedia":[{"embeddable":true,"href":"https:\/\/clientes.space\/michele-bond\/website\/wp-json\/wp\/v2\/media\/3871"}],"wp:attachment":[{"href":"https:\/\/clientes.space\/michele-bond\/website\/wp-json\/wp\/v2\/media?parent=11793"}],"curies":[{"name":"wp","href":"https:\/\/api.w.org\/{rel}","templated":true}]}}