{"id":12500,"date":"2021-11-14T18:53:13","date_gmt":"2021-11-14T18:53:13","guid":{"rendered":"https:\/\/clientes.space\/michele-bond\/website\/?page_id=12500"},"modified":"2022-06-28T17:33:28","modified_gmt":"2022-06-28T17:33:28","slug":"clinica","status":"publish","type":"page","link":"https:\/\/clientes.space\/michele-bond\/website\/clinica\/","title":{"rendered":"Clinica"},"content":{"rendered":"<p>[vc_row content_width=&#8221;grid&#8221; content_aligment=&#8221;center&#8221;][vc_column]<div class=\"mkdf-section-title-holder\">\n\t<h2 class=\"mkdf-section-title\" >\n\tCl\u00ednica Michelle Bond<\/h2>\n<\/div><div class=\"mkdf-section-subtitle-holder\" >\n\t<p  class=\"mkdf-section-subtitle\">Conhe\u00e7a o nosso espa\u00e7o!<\/p>\n<\/div>[vc_empty_space]<div class=\"mkdf-image-gallery\">\n\t<div class=\"mkdf-image-gallery-grid mkdf-gallery-columns-4 \">\n\t\t\t\t\t<div class=\"mkdf-gallery-image\">\n\t\t\t\t<div class=\"mkdf-overlay-holder\">\n\t\t\t\t\t<div class=\"mkdf-overlay-inner\"><\/div>\n\t\t\t\t\t\t\t\t\t\t<a href=\"https:\/\/clientes.space\/michele-bond\/website\/wp-content\/uploads\/2022\/06\/clinica_michellebond_3-min-scaled.jpg\" data-rel=\"prettyPhoto[single_pretty_photo]\" title=\"clinica_michellebond_3-min\">\n\t\t\t\t\t\t<div class=\"mkdf-overlay-inner\"><\/div>\n\t\t\t\t\t\t\t\t\t\t\t\t\t\t\t\t\t\t\t<img width=\"1024\" height=\"683\" src=\"https:\/\/clientes.space\/michele-bond\/website\/wp-content\/uploads\/2022\/06\/clinica_michellebond_3-min-1024x683.jpg\" class=\"attachment-large size-large\" alt=\"Michelle Bond Clinic\" decoding=\"async\" srcset=\"https:\/\/clientes.space\/michele-bond\/website\/wp-content\/uploads\/2022\/06\/clinica_michellebond_3-min-1024x683.jpg 1024w, https:\/\/clientes.space\/michele-bond\/website\/wp-content\/uploads\/2022\/06\/clinica_michellebond_3-min-300x200.jpg 300w, https:\/\/clientes.space\/michele-bond\/website\/wp-content\/uploads\/2022\/06\/clinica_michellebond_3-min-768x512.jpg 768w, https:\/\/clientes.space\/michele-bond\/website\/wp-content\/uploads\/2022\/06\/clinica_michellebond_3-min-1536x1024.jpg 1536w, https:\/\/clientes.space\/michele-bond\/website\/wp-content\/uploads\/2022\/06\/clinica_michellebond_3-min-600x400.jpg 600w\" sizes=\"(max-width: 1024px) 100vw, 1024px\" \/>\t\t\t\t\t\t\t\t\t\t\t\t\t\t\t\t\t<\/a>\n\t\t\t\t\t\t\t\t\t<\/div>\n\t\t\t<\/div>\n\t\t\t\t\t<div class=\"mkdf-gallery-image\">\n\t\t\t\t<div class=\"mkdf-overlay-holder\">\n\t\t\t\t\t<div class=\"mkdf-overlay-inner\"><\/div>\n\t\t\t\t\t\t\t\t\t\t<a href=\"https:\/\/clientes.space\/michele-bond\/website\/wp-content\/uploads\/2022\/06\/clinica_michellebond_8-min-scaled.jpg\" data-rel=\"prettyPhoto[single_pretty_photo]\" title=\"clinica_michellebond_8-min\">\n\t\t\t\t\t\t<div class=\"mkdf-overlay-inner\"><\/div>\n\t\t\t\t\t\t\t\t\t\t\t\t\t\t\t\t\t\t\t<img width=\"1024\" height=\"683\" src=\"https:\/\/clientes.space\/michele-bond\/website\/wp-content\/uploads\/2022\/06\/clinica_michellebond_8-min-1024x683.jpg\" class=\"attachment-large size-large\" alt=\"Michelle Bond Clinic\" decoding=\"async\" srcset=\"https:\/\/clientes.space\/michele-bond\/website\/wp-content\/uploads\/2022\/06\/clinica_michellebond_8-min-1024x683.jpg 1024w, https:\/\/clientes.space\/michele-bond\/website\/wp-content\/uploads\/2022\/06\/clinica_michellebond_8-min-300x200.jpg 300w, https:\/\/clientes.space\/michele-bond\/website\/wp-content\/uploads\/2022\/06\/clinica_michellebond_8-min-768x512.jpg 768w, https:\/\/clientes.space\/michele-bond\/website\/wp-content\/uploads\/2022\/06\/clinica_michellebond_8-min-1536x1024.jpg 1536w, https:\/\/clientes.space\/michele-bond\/website\/wp-content\/uploads\/2022\/06\/clinica_michellebond_8-min-600x400.jpg 600w\" sizes=\"(max-width: 1024px) 100vw, 1024px\" \/>\t\t\t\t\t\t\t\t\t\t\t\t\t\t\t\t\t<\/a>\n\t\t\t\t\t\t\t\t\t<\/div>\n\t\t\t<\/div>\n\t\t\t\t\t<div class=\"mkdf-gallery-image\">\n\t\t\t\t<div class=\"mkdf-overlay-holder\">\n\t\t\t\t\t<div class=\"mkdf-overlay-inner\"><\/div>\n\t\t\t\t\t\t\t\t\t\t<a href=\"https:\/\/clientes.space\/michele-bond\/website\/wp-content\/uploads\/2022\/06\/clinica_michellebond_13-min-scaled.jpg\" data-rel=\"prettyPhoto[single_pretty_photo]\" title=\"clinica_michellebond_13-min\">\n\t\t\t\t\t\t<div class=\"mkdf-overlay-inner\"><\/div>\n\t\t\t\t\t\t\t\t\t\t\t\t\t\t\t\t\t\t\t<img width=\"1024\" height=\"683\" src=\"https:\/\/clientes.space\/michele-bond\/website\/wp-content\/uploads\/2022\/06\/clinica_michellebond_13-min-1024x683.jpg\" class=\"attachment-large size-large\" alt=\"Michelle Bond Clinic\" decoding=\"async\" srcset=\"https:\/\/clientes.space\/michele-bond\/website\/wp-content\/uploads\/2022\/06\/clinica_michellebond_13-min-1024x683.jpg 1024w, https:\/\/clientes.space\/michele-bond\/website\/wp-content\/uploads\/2022\/06\/clinica_michellebond_13-min-300x200.jpg 300w, https:\/\/clientes.space\/michele-bond\/website\/wp-content\/uploads\/2022\/06\/clinica_michellebond_13-min-768x512.jpg 768w, https:\/\/clientes.space\/michele-bond\/website\/wp-content\/uploads\/2022\/06\/clinica_michellebond_13-min-1536x1024.jpg 1536w, https:\/\/clientes.space\/michele-bond\/website\/wp-content\/uploads\/2022\/06\/clinica_michellebond_13-min-600x400.jpg 600w\" sizes=\"(max-width: 1024px) 100vw, 1024px\" \/>\t\t\t\t\t\t\t\t\t\t\t\t\t\t\t\t\t<\/a>\n\t\t\t\t\t\t\t\t\t<\/div>\n\t\t\t<\/div>\n\t\t\t\t\t<div class=\"mkdf-gallery-image\">\n\t\t\t\t<div class=\"mkdf-overlay-holder\">\n\t\t\t\t\t<div class=\"mkdf-overlay-inner\"><\/div>\n\t\t\t\t\t\t\t\t\t\t<a href=\"https:\/\/clientes.space\/michele-bond\/website\/wp-content\/uploads\/2022\/06\/clinica_michellebond_17-min-scaled.jpg\" data-rel=\"prettyPhoto[single_pretty_photo]\" title=\"clinica_michellebond_17-min\">\n\t\t\t\t\t\t<div class=\"mkdf-overlay-inner\"><\/div>\n\t\t\t\t\t\t\t\t\t\t\t\t\t\t\t\t\t\t\t<img width=\"1024\" height=\"683\" src=\"https:\/\/clientes.space\/michele-bond\/website\/wp-content\/uploads\/2022\/06\/clinica_michellebond_17-min-1024x683.jpg\" class=\"attachment-large size-large\" alt=\"Michelle Bond Clinic\" decoding=\"async\" srcset=\"https:\/\/clientes.space\/michele-bond\/website\/wp-content\/uploads\/2022\/06\/clinica_michellebond_17-min-1024x683.jpg 1024w, https:\/\/clientes.space\/michele-bond\/website\/wp-content\/uploads\/2022\/06\/clinica_michellebond_17-min-300x200.jpg 300w, https:\/\/clientes.space\/michele-bond\/website\/wp-content\/uploads\/2022\/06\/clinica_michellebond_17-min-768x512.jpg 768w, https:\/\/clientes.space\/michele-bond\/website\/wp-content\/uploads\/2022\/06\/clinica_michellebond_17-min-1536x1024.jpg 1536w, https:\/\/clientes.space\/michele-bond\/website\/wp-content\/uploads\/2022\/06\/clinica_michellebond_17-min-600x400.jpg 600w\" sizes=\"(max-width: 1024px) 100vw, 1024px\" \/>\t\t\t\t\t\t\t\t\t\t\t\t\t\t\t\t\t<\/a>\n\t\t\t\t\t\t\t\t\t<\/div>\n\t\t\t<\/div>\n\t\t\t\t\t<div class=\"mkdf-gallery-image\">\n\t\t\t\t<div class=\"mkdf-overlay-holder\">\n\t\t\t\t\t<div class=\"mkdf-overlay-inner\"><\/div>\n\t\t\t\t\t\t\t\t\t\t<a href=\"https:\/\/clientes.space\/michele-bond\/website\/wp-content\/uploads\/2022\/06\/clinica_michellebond_19-min-scaled.jpg\" data-rel=\"prettyPhoto[single_pretty_photo]\" title=\"clinica_michellebond_19-min\">\n\t\t\t\t\t\t<div class=\"mkdf-overlay-inner\"><\/div>\n\t\t\t\t\t\t\t\t\t\t\t\t\t\t\t\t\t\t\t<img width=\"1024\" height=\"683\" src=\"https:\/\/clientes.space\/michele-bond\/website\/wp-content\/uploads\/2022\/06\/clinica_michellebond_19-min-1024x683.jpg\" class=\"attachment-large size-large\" alt=\"Michelle Bond Clinic\" decoding=\"async\" srcset=\"https:\/\/clientes.space\/michele-bond\/website\/wp-content\/uploads\/2022\/06\/clinica_michellebond_19-min-1024x683.jpg 1024w, https:\/\/clientes.space\/michele-bond\/website\/wp-content\/uploads\/2022\/06\/clinica_michellebond_19-min-300x200.jpg 300w, https:\/\/clientes.space\/michele-bond\/website\/wp-content\/uploads\/2022\/06\/clinica_michellebond_19-min-768x512.jpg 768w, https:\/\/clientes.space\/michele-bond\/website\/wp-content\/uploads\/2022\/06\/clinica_michellebond_19-min-1536x1024.jpg 1536w, https:\/\/clientes.space\/michele-bond\/website\/wp-content\/uploads\/2022\/06\/clinica_michellebond_19-min-600x400.jpg 600w\" sizes=\"(max-width: 1024px) 100vw, 1024px\" \/>\t\t\t\t\t\t\t\t\t\t\t\t\t\t\t\t\t<\/a>\n\t\t\t\t\t\t\t\t\t<\/div>\n\t\t\t<\/div>\n\t\t\t\t\t<div class=\"mkdf-gallery-image\">\n\t\t\t\t<div class=\"mkdf-overlay-holder\">\n\t\t\t\t\t<div class=\"mkdf-overlay-inner\"><\/div>\n\t\t\t\t\t\t\t\t\t\t<a href=\"https:\/\/clientes.space\/michele-bond\/website\/wp-content\/uploads\/2022\/06\/clinica_michellebond_20-min-scaled.jpg\" data-rel=\"prettyPhoto[single_pretty_photo]\" title=\"clinica_michellebond_20-min\">\n\t\t\t\t\t\t<div class=\"mkdf-overlay-inner\"><\/div>\n\t\t\t\t\t\t\t\t\t\t\t\t\t\t\t\t\t\t\t<img width=\"1024\" height=\"683\" src=\"https:\/\/clientes.space\/michele-bond\/website\/wp-content\/uploads\/2022\/06\/clinica_michellebond_20-min-1024x683.jpg\" class=\"attachment-large size-large\" alt=\"Michelle Bond Clinic\" decoding=\"async\" srcset=\"https:\/\/clientes.space\/michele-bond\/website\/wp-content\/uploads\/2022\/06\/clinica_michellebond_20-min-1024x683.jpg 1024w, https:\/\/clientes.space\/michele-bond\/website\/wp-content\/uploads\/2022\/06\/clinica_michellebond_20-min-300x200.jpg 300w, https:\/\/clientes.space\/michele-bond\/website\/wp-content\/uploads\/2022\/06\/clinica_michellebond_20-min-768x512.jpg 768w, https:\/\/clientes.space\/michele-bond\/website\/wp-content\/uploads\/2022\/06\/clinica_michellebond_20-min-1536x1024.jpg 1536w, https:\/\/clientes.space\/michele-bond\/website\/wp-content\/uploads\/2022\/06\/clinica_michellebond_20-min-600x400.jpg 600w\" sizes=\"(max-width: 1024px) 100vw, 1024px\" \/>\t\t\t\t\t\t\t\t\t\t\t\t\t\t\t\t\t<\/a>\n\t\t\t\t\t\t\t\t\t<\/div>\n\t\t\t<\/div>\n\t\t\t\t\t<div class=\"mkdf-gallery-image\">\n\t\t\t\t<div class=\"mkdf-overlay-holder\">\n\t\t\t\t\t<div class=\"mkdf-overlay-inner\"><\/div>\n\t\t\t\t\t\t\t\t\t\t<a href=\"https:\/\/clientes.space\/michele-bond\/website\/wp-content\/uploads\/2022\/06\/clinica_michellebond_5-scaled.jpg\" data-rel=\"prettyPhoto[single_pretty_photo]\" title=\"clinica_michellebond_5\">\n\t\t\t\t\t\t<div class=\"mkdf-overlay-inner\"><\/div>\n\t\t\t\t\t\t\t\t\t\t\t\t\t\t\t\t\t\t\t<img width=\"1024\" height=\"683\" src=\"https:\/\/clientes.space\/michele-bond\/website\/wp-content\/uploads\/2022\/06\/clinica_michellebond_5-1024x683.jpg\" class=\"attachment-large size-large\" alt=\"Michelle Bond Clinic\" decoding=\"async\" srcset=\"https:\/\/clientes.space\/michele-bond\/website\/wp-content\/uploads\/2022\/06\/clinica_michellebond_5-1024x683.jpg 1024w, https:\/\/clientes.space\/michele-bond\/website\/wp-content\/uploads\/2022\/06\/clinica_michellebond_5-300x200.jpg 300w, https:\/\/clientes.space\/michele-bond\/website\/wp-content\/uploads\/2022\/06\/clinica_michellebond_5-768x512.jpg 768w, https:\/\/clientes.space\/michele-bond\/website\/wp-content\/uploads\/2022\/06\/clinica_michellebond_5-1536x1024.jpg 1536w, https:\/\/clientes.space\/michele-bond\/website\/wp-content\/uploads\/2022\/06\/clinica_michellebond_5-600x400.jpg 600w\" sizes=\"(max-width: 1024px) 100vw, 1024px\" \/>\t\t\t\t\t\t\t\t\t\t\t\t\t\t\t\t\t<\/a>\n\t\t\t\t\t\t\t\t\t<\/div>\n\t\t\t<\/div>\n\t\t\t\t\t<div class=\"mkdf-gallery-image\">\n\t\t\t\t<div class=\"mkdf-overlay-holder\">\n\t\t\t\t\t<div class=\"mkdf-overlay-inner\"><\/div>\n\t\t\t\t\t\t\t\t\t\t<a href=\"https:\/\/clientes.space\/michele-bond\/website\/wp-content\/uploads\/2022\/06\/clinica_michellebond_15-scaled.jpg\" data-rel=\"prettyPhoto[single_pretty_photo]\" title=\"clinica_michellebond_15\">\n\t\t\t\t\t\t<div class=\"mkdf-overlay-inner\"><\/div>\n\t\t\t\t\t\t\t\t\t\t\t\t\t\t\t\t\t\t\t<img width=\"1024\" height=\"683\" src=\"https:\/\/clientes.space\/michele-bond\/website\/wp-content\/uploads\/2022\/06\/clinica_michellebond_15-1024x683.jpg\" class=\"attachment-large size-large\" alt=\"Michelle Bond Clinic\" decoding=\"async\" srcset=\"https:\/\/clientes.space\/michele-bond\/website\/wp-content\/uploads\/2022\/06\/clinica_michellebond_15-1024x683.jpg 1024w, https:\/\/clientes.space\/michele-bond\/website\/wp-content\/uploads\/2022\/06\/clinica_michellebond_15-300x200.jpg 300w, https:\/\/clientes.space\/michele-bond\/website\/wp-content\/uploads\/2022\/06\/clinica_michellebond_15-768x512.jpg 768w, https:\/\/clientes.space\/michele-bond\/website\/wp-content\/uploads\/2022\/06\/clinica_michellebond_15-1536x1024.jpg 1536w, https:\/\/clientes.space\/michele-bond\/website\/wp-content\/uploads\/2022\/06\/clinica_michellebond_15-600x400.jpg 600w\" sizes=\"(max-width: 1024px) 100vw, 1024px\" \/>\t\t\t\t\t\t\t\t\t\t\t\t\t\t\t\t\t<\/a>\n\t\t\t\t\t\t\t\t\t<\/div>\n\t\t\t<\/div>\n\t\t\t<\/div>\n<\/div>[vc_empty_space]<div class=\"mkdf-section-subtitle-holder\" >\n\t<p  class=\"mkdf-section-subtitle\">Estamos prontos para os receber!<\/p>\n<\/div>[vc_empty_space][\/vc_column][\/vc_row]<\/p>\n","protected":false},"excerpt":{"rendered":"<p>[vc_row content_width=&#8221;grid&#8221; content_aligment=&#8221;center&#8221;][vc_column][vc_empty_space][vc_empty_space][vc_empty_space][\/vc_column][\/vc_row]<\/p>\n","protected":false},"author":4,"featured_media":0,"parent":0,"menu_order":0,"comment_status":"closed","ping_status":"closed","template":"full-width.php","meta":{"content-type":"","footnotes":""},"yoast_head":"<!-- This site is optimized with the Yoast SEO plugin v21.7 - https:\/\/yoast.com\/wordpress\/plugins\/seo\/ -->\n<title>Clinica - Michelle Bond Clinic | Lisboa<\/title>\n<meta name=\"description\" content=\"Clinica\" \/>\n<meta name=\"robots\" content=\"index, follow, max-snippet:-1, max-image-preview:large, max-video-preview:-1\" \/>\n<link rel=\"canonical\" href=\"https:\/\/clientes.space\/michele-bond\/website\/clinica\/\" \/>\n<meta property=\"og:locale\" content=\"pt_PT\" \/>\n<meta property=\"og:type\" content=\"article\" \/>\n<meta property=\"og:title\" content=\"Clinica - Michelle Bond Clinic | Lisboa\" \/>\n<meta property=\"og:description\" content=\"Clinica\" \/>\n<meta property=\"og:url\" content=\"https:\/\/clientes.space\/michele-bond\/website\/clinica\/\" \/>\n<meta property=\"og:site_name\" content=\"Michelle Bond Clinic | Lisboa\" \/>\n<meta property=\"article:modified_time\" content=\"2022-06-28T17:33:28+00:00\" \/>\n<meta name=\"twitter:card\" content=\"summary_large_image\" \/>\n<meta name=\"twitter:label1\" content=\"Tempo estimado de leitura\" \/>\n\t<meta name=\"twitter:data1\" content=\"1 minuto\" \/>\n<script type=\"application\/ld+json\" class=\"yoast-schema-graph\">{\"@context\":\"https:\/\/schema.org\",\"@graph\":[{\"@type\":\"WebPage\",\"@id\":\"https:\/\/clientes.space\/michele-bond\/website\/clinica\/\",\"url\":\"https:\/\/clientes.space\/michele-bond\/website\/clinica\/\",\"name\":\"Clinica - Michelle Bond Clinic | Lisboa\",\"isPartOf\":{\"@id\":\"https:\/\/clientes.space\/michele-bond\/website\/#website\"},\"datePublished\":\"2021-11-14T18:53:13+00:00\",\"dateModified\":\"2022-06-28T17:33:28+00:00\",\"description\":\"Clinica\",\"breadcrumb\":{\"@id\":\"https:\/\/clientes.space\/michele-bond\/website\/clinica\/#breadcrumb\"},\"inLanguage\":\"pt-PT\",\"potentialAction\":[{\"@type\":\"ReadAction\",\"target\":[\"https:\/\/clientes.space\/michele-bond\/website\/clinica\/\"]}]},{\"@type\":\"BreadcrumbList\",\"@id\":\"https:\/\/clientes.space\/michele-bond\/website\/clinica\/#breadcrumb\",\"itemListElement\":[{\"@type\":\"ListItem\",\"position\":1,\"name\":\"In\u00edcio\",\"item\":\"https:\/\/clientes.space\/michele-bond\/website\/\"},{\"@type\":\"ListItem\",\"position\":2,\"name\":\"Clinica\"}]},{\"@type\":\"WebSite\",\"@id\":\"https:\/\/clientes.space\/michele-bond\/website\/#website\",\"url\":\"https:\/\/clientes.space\/michele-bond\/website\/\",\"name\":\"Michelle Bond - Holistic Health &amp; Beauty\",\"description\":\"Medicina Est\u00e9tica, Naturopatia, Nutri\u00e7\u00e3o e Fisioterapia\",\"potentialAction\":[{\"@type\":\"SearchAction\",\"target\":{\"@type\":\"EntryPoint\",\"urlTemplate\":\"https:\/\/clientes.space\/michele-bond\/website\/?s={search_term_string}\"},\"query-input\":\"required name=search_term_string\"}],\"inLanguage\":\"pt-PT\"}]}<\/script>\n<!-- \/ Yoast SEO plugin. -->","yoast_head_json":{"title":"Clinica - Michelle Bond Clinic | Lisboa","description":"Clinica","robots":{"index":"index","follow":"follow","max-snippet":"max-snippet:-1","max-image-preview":"max-image-preview:large","max-video-preview":"max-video-preview:-1"},"canonical":"https:\/\/clientes.space\/michele-bond\/website\/clinica\/","og_locale":"pt_PT","og_type":"article","og_title":"Clinica - Michelle Bond Clinic | Lisboa","og_description":"Clinica","og_url":"https:\/\/clientes.space\/michele-bond\/website\/clinica\/","og_site_name":"Michelle Bond Clinic | Lisboa","article_modified_time":"2022-06-28T17:33:28+00:00","twitter_card":"summary_large_image","twitter_misc":{"Tempo estimado de leitura":"1 minuto"},"schema":{"@context":"https:\/\/schema.org","@graph":[{"@type":"WebPage","@id":"https:\/\/clientes.space\/michele-bond\/website\/clinica\/","url":"https:\/\/clientes.space\/michele-bond\/website\/clinica\/","name":"Clinica - Michelle Bond Clinic | Lisboa","isPartOf":{"@id":"https:\/\/clientes.space\/michele-bond\/website\/#website"},"datePublished":"2021-11-14T18:53:13+00:00","dateModified":"2022-06-28T17:33:28+00:00","description":"Clinica","breadcrumb":{"@id":"https:\/\/clientes.space\/michele-bond\/website\/clinica\/#breadcrumb"},"inLanguage":"pt-PT","potentialAction":[{"@type":"ReadAction","target":["https:\/\/clientes.space\/michele-bond\/website\/clinica\/"]}]},{"@type":"BreadcrumbList","@id":"https:\/\/clientes.space\/michele-bond\/website\/clinica\/#breadcrumb","itemListElement":[{"@type":"ListItem","position":1,"name":"In\u00edcio","item":"https:\/\/clientes.space\/michele-bond\/website\/"},{"@type":"ListItem","position":2,"name":"Clinica"}]},{"@type":"WebSite","@id":"https:\/\/clientes.space\/michele-bond\/website\/#website","url":"https:\/\/clientes.space\/michele-bond\/website\/","name":"Michelle Bond - Holistic Health &amp; Beauty","description":"Medicina Est\u00e9tica, Naturopatia, Nutri\u00e7\u00e3o e Fisioterapia","potentialAction":[{"@type":"SearchAction","target":{"@type":"EntryPoint","urlTemplate":"https:\/\/clientes.space\/michele-bond\/website\/?s={search_term_string}"},"query-input":"required name=search_term_string"}],"inLanguage":"pt-PT"}]}},"_links":{"self":[{"href":"https:\/\/clientes.space\/michele-bond\/website\/wp-json\/wp\/v2\/pages\/12500"}],"collection":[{"href":"https:\/\/clientes.space\/michele-bond\/website\/wp-json\/wp\/v2\/pages"}],"about":[{"href":"https:\/\/clientes.space\/michele-bond\/website\/wp-json\/wp\/v2\/types\/page"}],"author":[{"embeddable":true,"href":"https:\/\/clientes.space\/michele-bond\/website\/wp-json\/wp\/v2\/users\/4"}],"replies":[{"embeddable":true,"href":"https:\/\/clientes.space\/michele-bond\/website\/wp-json\/wp\/v2\/comments?post=12500"}],"version-history":[{"count":2,"href":"https:\/\/clientes.space\/michele-bond\/website\/wp-json\/wp\/v2\/pages\/12500\/revisions"}],"predecessor-version":[{"id":14628,"href":"https:\/\/clientes.space\/michele-bond\/website\/wp-json\/wp\/v2\/pages\/12500\/revisions\/14628"}],"wp:attachment":[{"href":"https:\/\/clientes.space\/michele-bond\/website\/wp-json\/wp\/v2\/media?parent=12500"}],"curies":[{"name":"wp","href":"https:\/\/api.w.org\/{rel}","templated":true}]}}