{"id":13215,"date":"2022-03-15T15:56:00","date_gmt":"2022-03-15T15:56:00","guid":{"rendered":"https:\/\/clientes.space\/michele-bond\/website\/?page_id=13215"},"modified":"2022-03-15T15:56:00","modified_gmt":"2022-03-15T15:56:00","slug":"politica-de-atendimento","status":"publish","type":"page","link":"https:\/\/clientes.space\/michele-bond\/website\/politica-de-atendimento\/","title":{"rendered":"Pol\u00edtica de Atendimento"},"content":{"rendered":"<p><span style=\"font-weight: 400;\">A nossa equipa tem como objectivo proporcionar-lhe, a melhor experi\u00eancia poss\u00edvel. Deste modo, temos uma pol\u00edtica interna para respeitar a si e as nossas colaboradoras, e para manter um ambiente harmonioso, onde as nossas terapeutas se possam concentrar nas suas necessidades.<\/span><\/p>\n<p><strong>PONTUALIDADE<\/strong><\/p>\n<p><span style=\"font-weight: 400;\">Dever\u00e1 comparecer no hor\u00e1rio marcado para desfrutar da totalidade do seu tratamento\/consulta. Chegar ap\u00f3s a sua hora, infelizmente, ir\u00e1 limitar o tempo do seu tratamento\/consulta. Este acabar\u00e1 na hora prevista, evitando\u00a0 que o cliente seguinte seja prejudicado.<\/span><\/p>\n<p><strong>N\u00c3O COMPAR\u00caNCIA + POL\u00cdTICA DE ATRASO<\/strong><\/p>\n<p><span style=\"font-weight: 400;\">Em caso de atraso, faremos o poss\u00edvel para realizar o seu tratamento\/consulta na totalidade, mas nem sempre ser\u00e1 poss\u00edvel. O tempo do tratamento poder\u00e1 ser reduzido para evitar atrasos para os demais clientes e, ser\u00e1 cobrado o valor total.\u00a0<\/span><\/p>\n<p><span style=\"font-weight: 400;\">Se agendar um tratamento\/consulta e n\u00e3o comparecer ou chegar 15 minutos ap\u00f3s o hor\u00e1rio previsto, reservamo-nos ao direito de cobrar o valor total do tratamento (ou seja, 100% do pre\u00e7o do tratamento). Nestes casos, n\u00e3o procedemos a reembolsos para tratamentos em que n\u00e3o compare\u00e7a ou para os quais o cliente tenha chegado atrasado.\u00a0<\/span><\/p>\n<p><span style=\"font-weight: 400;\">Caso tenha adquirido um pack de tratamentos, a sess\u00e3o ser\u00e1 descontada. No caso dos vouchers, estes ser\u00e3o anulados e os pr\u00e9-pagamentos n\u00e3o ser\u00e3o reembolsados.<\/span><\/p>\n<p><strong>POL\u00cdTICA DE CANCELAMENTO\u00a0<\/strong><\/p>\n<p><span style=\"font-weight: 400;\">As nossas terapeutas esfor\u00e7am-se para que o seu atendimento seja na hora marcada e por isso, caso necessite de cancelar um tratamento\/consulta, pedimos que nos informe com pelo menos 24 horas de anteced\u00eancia. Se o cancelamento do seu tratamento ocorrer depois das 24 horas do hor\u00e1rio programado, reservamo-nos o direito de cobrar metade do valor do tratamento (ou seja, 50% do pre\u00e7o do tratamento). N\u00e3o realizamos reembolsos para tratamentos que n\u00e3o foram cancelados adequadamente.<\/span><\/p>\n<p><strong>\u00a0PACOTES<\/strong><\/p>\n<p><span style=\"font-weight: 400;\">Tratamentos\/consultas adquiridos em pacotes expiram ap\u00f3s 6 meses.\u00a0<\/span><\/p>\n<p><span style=\"font-weight: 400;\">Sabemos que ter\u00e1 uma experi\u00eancia agrad\u00e1vel conosco, pois esfor\u00e7amos-nos para superar as suas expectativas! <\/span><\/p>\n","protected":false},"excerpt":{"rendered":"<p>A nossa equipa tem como objectivo proporcionar-lhe, a melhor experi\u00eancia poss\u00edvel. Deste modo, temos uma pol\u00edtica interna para respeitar a&#8230;<\/p>\n","protected":false},"author":2,"featured_media":8013,"parent":0,"menu_order":0,"comment_status":"closed","ping_status":"closed","template":"","meta":{"content-type":"","footnotes":""},"yoast_head":"<!-- This site is optimized with the Yoast SEO plugin v21.7 - https:\/\/yoast.com\/wordpress\/plugins\/seo\/ -->\n<title>Pol\u00edtica de Atendimento - Loja Michelle Bond Clinic | Lisboa<\/title>\n<meta name=\"description\" content=\"A nossa equipa tem como objectivo proporcionar-lhe, a melhor experi\u00eancia poss\u00edvel. Deste modo, temos uma pol\u00edtica interna para manter um ambiente harmonioso.\" \/>\n<meta name=\"robots\" content=\"index, follow, max-snippet:-1, max-image-preview:large, max-video-preview:-1\" \/>\n<link rel=\"canonical\" href=\"https:\/\/clientes.space\/michele-bond\/website\/politica-de-atendimento\/\" \/>\n<meta property=\"og:locale\" content=\"pt_PT\" \/>\n<meta property=\"og:type\" content=\"article\" \/>\n<meta property=\"og:title\" content=\"Pol\u00edtica de Atendimento - Loja Michelle Bond Clinic | Lisboa\" \/>\n<meta property=\"og:description\" content=\"A nossa equipa tem como objectivo proporcionar-lhe, a melhor experi\u00eancia poss\u00edvel. Deste modo, temos uma pol\u00edtica interna para manter um ambiente harmonioso.\" \/>\n<meta property=\"og:url\" content=\"https:\/\/clientes.space\/michele-bond\/website\/politica-de-atendimento\/\" \/>\n<meta property=\"og:site_name\" content=\"Michelle Bond Clinic | Lisboa\" \/>\n<meta property=\"og:image\" content=\"https:\/\/clientes.space\/michele-bond\/website\/wp-content\/uploads\/2020\/12\/clinica-michellebond_2.jpg\" \/>\n\t<meta property=\"og:image:width\" content=\"2048\" \/>\n\t<meta property=\"og:image:height\" content=\"1368\" \/>\n\t<meta property=\"og:image:type\" content=\"image\/jpeg\" \/>\n<meta name=\"twitter:card\" content=\"summary_large_image\" \/>\n<meta name=\"twitter:label1\" content=\"Tempo estimado de leitura\" \/>\n\t<meta name=\"twitter:data1\" content=\"2 minutos\" \/>\n<script type=\"application\/ld+json\" class=\"yoast-schema-graph\">{\"@context\":\"https:\/\/schema.org\",\"@graph\":[{\"@type\":\"WebPage\",\"@id\":\"https:\/\/clientes.space\/michele-bond\/website\/politica-de-atendimento\/\",\"url\":\"https:\/\/clientes.space\/michele-bond\/website\/politica-de-atendimento\/\",\"name\":\"Pol\u00edtica de Atendimento - Loja Michelle Bond Clinic | Lisboa\",\"isPartOf\":{\"@id\":\"https:\/\/clientes.space\/michele-bond\/website\/#website\"},\"datePublished\":\"2022-03-15T15:56:00+00:00\",\"dateModified\":\"2022-03-15T15:56:00+00:00\",\"description\":\"A nossa equipa tem como objectivo proporcionar-lhe, a melhor experi\u00eancia poss\u00edvel. Deste modo, temos uma pol\u00edtica interna para manter um ambiente harmonioso.\",\"breadcrumb\":{\"@id\":\"https:\/\/clientes.space\/michele-bond\/website\/politica-de-atendimento\/#breadcrumb\"},\"inLanguage\":\"pt-PT\",\"potentialAction\":[{\"@type\":\"ReadAction\",\"target\":[\"https:\/\/clientes.space\/michele-bond\/website\/politica-de-atendimento\/\"]}]},{\"@type\":\"BreadcrumbList\",\"@id\":\"https:\/\/clientes.space\/michele-bond\/website\/politica-de-atendimento\/#breadcrumb\",\"itemListElement\":[{\"@type\":\"ListItem\",\"position\":1,\"name\":\"In\u00edcio\",\"item\":\"https:\/\/clientes.space\/michele-bond\/website\/\"},{\"@type\":\"ListItem\",\"position\":2,\"name\":\"Pol\u00edtica de Atendimento\"}]},{\"@type\":\"WebSite\",\"@id\":\"https:\/\/clientes.space\/michele-bond\/website\/#website\",\"url\":\"https:\/\/clientes.space\/michele-bond\/website\/\",\"name\":\"Michelle Bond - Holistic Health &amp; Beauty\",\"description\":\"Medicina Est\u00e9tica, Naturopatia, Nutri\u00e7\u00e3o e Fisioterapia\",\"potentialAction\":[{\"@type\":\"SearchAction\",\"target\":{\"@type\":\"EntryPoint\",\"urlTemplate\":\"https:\/\/clientes.space\/michele-bond\/website\/?s={search_term_string}\"},\"query-input\":\"required name=search_term_string\"}],\"inLanguage\":\"pt-PT\"}]}<\/script>\n<!-- \/ Yoast SEO plugin. -->","yoast_head_json":{"title":"Pol\u00edtica de Atendimento - Loja Michelle Bond Clinic | Lisboa","description":"A nossa equipa tem como objectivo proporcionar-lhe, a melhor experi\u00eancia poss\u00edvel. Deste modo, temos uma pol\u00edtica interna para manter um ambiente harmonioso.","robots":{"index":"index","follow":"follow","max-snippet":"max-snippet:-1","max-image-preview":"max-image-preview:large","max-video-preview":"max-video-preview:-1"},"canonical":"https:\/\/clientes.space\/michele-bond\/website\/politica-de-atendimento\/","og_locale":"pt_PT","og_type":"article","og_title":"Pol\u00edtica de Atendimento - Loja Michelle Bond Clinic | Lisboa","og_description":"A nossa equipa tem como objectivo proporcionar-lhe, a melhor experi\u00eancia poss\u00edvel. Deste modo, temos uma pol\u00edtica interna para manter um ambiente harmonioso.","og_url":"https:\/\/clientes.space\/michele-bond\/website\/politica-de-atendimento\/","og_site_name":"Michelle Bond Clinic | Lisboa","og_image":[{"width":2048,"height":1368,"url":"https:\/\/clientes.space\/michele-bond\/website\/wp-content\/uploads\/2020\/12\/clinica-michellebond_2.jpg","type":"image\/jpeg"}],"twitter_card":"summary_large_image","twitter_misc":{"Tempo estimado de leitura":"2 minutos"},"schema":{"@context":"https:\/\/schema.org","@graph":[{"@type":"WebPage","@id":"https:\/\/clientes.space\/michele-bond\/website\/politica-de-atendimento\/","url":"https:\/\/clientes.space\/michele-bond\/website\/politica-de-atendimento\/","name":"Pol\u00edtica de Atendimento - Loja Michelle Bond Clinic | Lisboa","isPartOf":{"@id":"https:\/\/clientes.space\/michele-bond\/website\/#website"},"datePublished":"2022-03-15T15:56:00+00:00","dateModified":"2022-03-15T15:56:00+00:00","description":"A nossa equipa tem como objectivo proporcionar-lhe, a melhor experi\u00eancia poss\u00edvel. Deste modo, temos uma pol\u00edtica interna para manter um ambiente harmonioso.","breadcrumb":{"@id":"https:\/\/clientes.space\/michele-bond\/website\/politica-de-atendimento\/#breadcrumb"},"inLanguage":"pt-PT","potentialAction":[{"@type":"ReadAction","target":["https:\/\/clientes.space\/michele-bond\/website\/politica-de-atendimento\/"]}]},{"@type":"BreadcrumbList","@id":"https:\/\/clientes.space\/michele-bond\/website\/politica-de-atendimento\/#breadcrumb","itemListElement":[{"@type":"ListItem","position":1,"name":"In\u00edcio","item":"https:\/\/clientes.space\/michele-bond\/website\/"},{"@type":"ListItem","position":2,"name":"Pol\u00edtica de Atendimento"}]},{"@type":"WebSite","@id":"https:\/\/clientes.space\/michele-bond\/website\/#website","url":"https:\/\/clientes.space\/michele-bond\/website\/","name":"Michelle Bond - Holistic Health &amp; Beauty","description":"Medicina Est\u00e9tica, Naturopatia, Nutri\u00e7\u00e3o e Fisioterapia","potentialAction":[{"@type":"SearchAction","target":{"@type":"EntryPoint","urlTemplate":"https:\/\/clientes.space\/michele-bond\/website\/?s={search_term_string}"},"query-input":"required name=search_term_string"}],"inLanguage":"pt-PT"}]}},"_links":{"self":[{"href":"https:\/\/clientes.space\/michele-bond\/website\/wp-json\/wp\/v2\/pages\/13215"}],"collection":[{"href":"https:\/\/clientes.space\/michele-bond\/website\/wp-json\/wp\/v2\/pages"}],"about":[{"href":"https:\/\/clientes.space\/michele-bond\/website\/wp-json\/wp\/v2\/types\/page"}],"author":[{"embeddable":true,"href":"https:\/\/clientes.space\/michele-bond\/website\/wp-json\/wp\/v2\/users\/2"}],"replies":[{"embeddable":true,"href":"https:\/\/clientes.space\/michele-bond\/website\/wp-json\/wp\/v2\/comments?post=13215"}],"version-history":[{"count":1,"href":"https:\/\/clientes.space\/michele-bond\/website\/wp-json\/wp\/v2\/pages\/13215\/revisions"}],"predecessor-version":[{"id":13216,"href":"https:\/\/clientes.space\/michele-bond\/website\/wp-json\/wp\/v2\/pages\/13215\/revisions\/13216"}],"wp:featuredmedia":[{"embeddable":true,"href":"https:\/\/clientes.space\/michele-bond\/website\/wp-json\/wp\/v2\/media\/8013"}],"wp:attachment":[{"href":"https:\/\/clientes.space\/michele-bond\/website\/wp-json\/wp\/v2\/media?parent=13215"}],"curies":[{"name":"wp","href":"https:\/\/api.w.org\/{rel}","templated":true}]}}