{"id":13333,"date":"2022-04-17T09:56:41","date_gmt":"2022-04-17T09:56:41","guid":{"rendered":"https:\/\/clientes.space\/michele-bond\/website\/?page_id=13333"},"modified":"2023-09-22T13:28:33","modified_gmt":"2023-09-22T13:28:33","slug":"mesoterapia-capilar","status":"publish","type":"page","link":"https:\/\/clientes.space\/michele-bond\/website\/mesoterapia-capilar\/","title":{"rendered":"Mesoterapia Capilar"},"content":{"rendered":"<p>[vc_row content_width=&#8221;grid&#8221; el_class=&#8221;first-section&#8221; css=&#8221;.vc_custom_1614099888220{padding-top: 60px !important;padding-bottom: 20px !important;}&#8221;][vc_column width=&#8221;1\/2&#8243;]<div class=\"mkdf-section-title-holder\">\n\t<h2 class=\"mkdf-section-title mkdf-section-title-small\" style=\"text-transform: none;text-align: left\">\n\tO que \u00e9 a Mesoterapia Capilar?<\/h2>\n<\/div>[vc_column_text]A Mesoterapia Capilar oferece uma s\u00e9rie de benef\u00edcios para pessoas que sofrem de queda de cabelo. Os resultados com este tratamento s\u00e3o excepcionais, uma vez que potencializa a estimula\u00e7\u00e3o do crescimento natural do cabelo, com a maioria dos pacientes relatando uma interrup\u00e7\u00e3o imediata da queda de cabelo.<\/p>\n<ol>\n<li>Stress,<\/li>\n<li>Desequil\u00edbrios hormonais,<\/li>\n<li>Redu\u00e7\u00e3o da circula\u00e7\u00e3o sangu\u00ednea e<\/li>\n<li>Falta de nutrientes s\u00e3o os 4 principais fatores que contribuem para a queda de cabelo, e todos s\u00e3o abordados pela formula\u00e7\u00e3o exclusiva do produto utilizado na mesoterapia capilar.<\/li>\n<\/ol>\n<p>A mesoterapia funciona de dentro para fora, onde micro-inje\u00e7\u00f5es induzem um processo de estimula\u00e7\u00e3o de fatores de crescimento e prote\u00ednas respons\u00e1veis pelo desenvolvimento de novos fol\u00edculos capilares. Os n\u00edveis de col\u00e1geno e elastina s\u00e3o consequentemente aumentados &#8211; duas das prote\u00ednas essenciais para ter um cabelo saud\u00e1vel.<\/p>\n<p>Hoje a mesoterapia \u00e9 considerada um dos melhores tratamentos para a queda de cabelo, clinicamente comprovado com resultados excelentes, mensur\u00e1veis e duradouros. Na Cl\u00ednica Michelle Bond a mesoterapia capilar \u00e9 administrada apenas por m\u00e9dicos.[\/vc_column_text][vc_empty_space][\/vc_column][vc_column width=&#8221;1\/2&#8243;]<div class=\"mkdf-section-title-holder\">\n\t<h2 class=\"mkdf-section-title mkdf-section-title-small\" style=\"text-transform: none;text-align: left\">\n\tComo funciona o nosso tratamento?<\/h2>\n<\/div>[vc_column_text]<\/p>\n<ol>\n<li><strong>Consulta de Avalia\u00e7\u00e3o<\/strong>: Durante a consulta, ter\u00e1 a oportunidade de discutir o tratamento e os resultados que deseja alcan\u00e7ar;<\/li>\n<li><strong>Dura\u00e7\u00e3o:<\/strong> o tempo de cada sess\u00e3o \u00e9 de aproximadamente 60 minutos;<\/li>\n<li><strong>Tratamento<\/strong>: primeiro ser\u00e1 realizada uma limpeza e desinfec\u00e7\u00e3o da zona a ser tratada, para que esteja livre de vest\u00edgios de produtos. S\u00e3o aplicadas diversas inje\u00e7\u00f5es com agulhas muito finas na mesoderme do couro cabeludo.<\/li>\n<li><strong>Produto<\/strong>: Ser\u00e1 formulado um coquetel personalizado, com princ\u00edpios ativos espec\u00edficos, para atender \u00e0s suas necessidades. Usamos apenas produtos concentrados e com marca\u00e7\u00e3o CE para garantir que voc\u00ea tenha um tratamento eficaz e seguro;<\/li>\n<li><strong>Efeitos Secund\u00e1rios:<\/strong>\u00a0Ap\u00f3s a aplica\u00e7\u00e3o, poder\u00e1 surgir vermelhid\u00e3o, incha\u00e7o e pequenos hematomas na zona tratada. Esses sintomas s\u00e3o transit\u00f3rios e uma consequ\u00eancia normal do tratamento;<\/li>\n<li><strong>Recomenda\u00e7\u00f5es:<\/strong> A nossa m\u00e9dica fornecer\u00e1 todas as recomenda\u00e7\u00f5es necess\u00e1rias de cuidados p\u00f3s-tratamento e voc\u00ea pode retornar com seguran\u00e7a \u00e0 sua rotina di\u00e1ria ap\u00f3s o procedimento;<\/li>\n<li><strong>Resultados<\/strong>: Voc\u00ea pode ver os resultados ap\u00f3s apenas um tratamento, entretanto \u00e9 recomendado, em m\u00e9dia, 3 tratamentos, em intervalos regulares, para obter melhores resultados, com pelo menos um tratamentos anual para fins de manuten\u00e7\u00e3o.<\/li>\n<\/ol>\n<p>[\/vc_column_text][vc_empty_space][\/vc_column][\/vc_row][vc_row content_width=&#8221;grid&#8221; el_class=&#8221;first-section&#8221; css=&#8221;.vc_custom_1481238748781{padding-bottom: 50px !important;}&#8221;][vc_column width=&#8221;1\/2&#8243;]<div class=\"mkdf-section-title-holder\">\n\t<h2 class=\"mkdf-section-title mkdf-section-title-small\" style=\"text-transform: none;text-align: left\">\n\tPara quem \u00e9 indicado?<\/h2>\n<\/div>[vc_column_text]A mesoterapia capilar \u00e9 indicado para homens e mulheres, ajudando a:<\/p>\n<ul>\n<li>Estimular novo crescimento do cabelo;<\/li>\n<li>Engrossar cabelo fino.<\/li>\n<\/ul>\n<p>Os candidatos ideais para este tratamento s\u00e3o pessoas que sofrem de:<\/p>\n<ul>\n<li>Queda de cabelo gen\u00e9tica<\/li>\n<li>Alopecia androgen\u00e9tica<\/li>\n<li>Alopecia aerata<\/li>\n<li>Perda de cabelo relacionada ao stress<\/li>\n<\/ul>\n<p>Ap\u00f3s uma consulta de avalia\u00e7\u00e3o aprofundada, a nossa m\u00e9dica ir\u00e1 determinar se este \u00e9 o tratamento certo para o seu tipo de queda de cabelo.[\/vc_column_text][vc_empty_space][\/vc_column][vc_column width=&#8221;1\/2&#8243;]<div class=\"mkdf-section-title-holder\">\n\t<h2 class=\"mkdf-section-title mkdf-section-title-small\" style=\"text-transform: none;text-align: left\">\n\tPre\u00e7os<\/h2>\n<\/div>[vc_column_text]<\/p>\n<ul>\n<li>Consulta de avalia\u00e7\u00e3o: 30\u20ac (dedut\u00edveis no valor do tratamento)<\/li>\n<li>1 sess\u00e3o: a partir de 110\u20ac<\/li>\n<\/ul>\n<p>Na nossa cl\u00ednica tamb\u00e9m realizamos o <a href=\"https:\/\/clientes.space\/michele-bond\/website\/microagulhamento-capilar\/\">microagulhamento capilar.<\/a> Atrav\u00e9s da Dermapen, microagulhas criam microperfura\u00e7\u00f5es que induzem um processo de estimula\u00e7\u00e3o da produ\u00e7\u00e3o de fatores de crescimento e prote\u00ednas respons\u00e1veis pelo desenvolvimento de novos fol\u00edculos capilares.[\/vc_column_text][vc_empty_space][vc_single_image image=&#8221;13414&#8243; img_size=&#8221;250&#215;200&#8243; style=&#8221;vc_box_border_circle&#8221;][\/vc_column][\/vc_row][vc_row css=&#8221;.vc_custom_1589106613895{background-color: #f8f8f8 !important;}&#8221;][vc_column]\n\n\t<div class=\"mkdf-call-to-action normal\" style=\"padding: 20px;\">\n\n\t\t\t\t<div class=\"mkdf-container-inner\">\n\t\t\t\t\t<div class=\"mkdf-call-to-action-row-75-25 clearfix\">\n\t\t\n\t\t\t\t<div class=\"mkdf-text-wrapper mkdf-call-to-action-column1 mkdf-call-to-action-cell\">\n\n\t\t\t\t\n\t\t\t\t\t<div class=\"mkdf-call-to-action-text\" >\n\t\t\t\t\t\t\n<h2 class=\"p1\" style=\"margin-top: 10px !important;\"><strong>Agende hoje a sua consulta<\/strong><\/h2>\n\t\t\t\t\t<\/div>\n\n\t\t\t\t<\/div>\n\n\t\t\t\t\n\t\t\t\t\t<div class=\"mkdf-button-wrapper mkdf-call-to-action-column2 mkdf-call-to-action-cell\" style =\"text-align: right ;\">\n\n\t\t\t\t\t\t<a href=\"\/marcar-consulta\/\" target=\"_self\"  class=\"mkdf-btn mkdf-btn-medium mkdf-btn-solid mkdf-btn-hover-outline\"  >\t\t\t\t<span class=\"mkdf-btn-helper\" ><\/span>\t\t<span class=\"mkdf-btn-text\">Marcar Consulta<\/span><\/a>\n\t\t\t\t\t<\/div>\n\n\t\t\t\t\n\t\t\t<\/div>\n\n\t\t\t\t<\/div>\n\t\t\n\t<\/div>\n\n[\/vc_column][\/vc_row][vc_row content_width=&#8221;grid&#8221; css=&#8221;.vc_custom_1672932801399{border-top-width: 1px !important;border-bottom-width: 1px !important;padding-top: 60px !important;padding-bottom: 60px !important;background-color: #ffffff !important;}&#8221;][vc_column][vc_column_text]\n\t\t<style>\n\t\t\t#wpls-logo-showcase-slider-1 .wpls-fix-box,\n\t\t\t#wpls-logo-showcase-slider-1 .wpls-fix-box img.wp-post-image{max-height:250px; }\n\t\t<\/style>\n\n\t\t<div class=\"wpls-wrap wpls-logo-showcase-slider-wrp wpls-logo-clearfix wpls-design-1 \" data-conf=\"{&quot;slides_column&quot;:&quot;4&quot;,&quot;slides_scroll&quot;:1,&quot;dots&quot;:&quot;true&quot;,&quot;arrows&quot;:&quot;true&quot;,&quot;autoplay&quot;:&quot;true&quot;,&quot;autoplay_interval&quot;:3000,&quot;loop&quot;:&quot;true&quot;,&quot;rtl&quot;:&quot;false&quot;,&quot;speed&quot;:800,&quot;center_mode&quot;:&quot;false&quot;,&quot;lazyload&quot;:&quot;&quot;}\">\n\t\t\t<div class=\"wpls-logo-showcase logo_showcase wpls-logo-slider  sliderimage_hide_border \" id=\"wpls-logo-showcase-slider-1\" >\n\t\t\t\t<div class=\"wpls-logo-cnt\">\n\t<div class=\"wpls-fix-box\">\n\t\t\t\t<img class=\"wp-post-image\"  src=\"https:\/\/clientes.space\/michele-bond\/website\/wp-content\/uploads\/2018\/08\/womens-health-1.png\" alt=\"womens-health\" \/>\n\t\t\t<\/div>\n\t<\/div><div class=\"wpls-logo-cnt\">\n\t<div class=\"wpls-fix-box\">\n\t\t\t\t<img class=\"wp-post-image\"  src=\"https:\/\/clientes.space\/michele-bond\/website\/wp-content\/uploads\/2018\/08\/Rede_Vida_logo-1.png\" alt=\"Rede_Vida\" \/>\n\t\t\t<\/div>\n\t<\/div><div class=\"wpls-logo-cnt\">\n\t<div class=\"wpls-fix-box\">\n\t\t\t\t<img class=\"wp-post-image\"  src=\"https:\/\/clientes.space\/michele-bond\/website\/wp-content\/uploads\/2018\/08\/forever_young_logo.png\" alt=\"forever_young\" \/>\n\t\t\t<\/div>\n\t<\/div><div class=\"wpls-logo-cnt\">\n\t<div class=\"wpls-fix-box\">\n\t\t\t\t<img class=\"wp-post-image\"  src=\"https:\/\/clientes.space\/michele-bond\/website\/wp-content\/uploads\/2018\/08\/SVBlog_Logo-1.png\" alt=\"SVBlog\" \/>\n\t\t\t<\/div>\n\t<\/div>\t\t\t<\/div>\n\t\t<\/div>\n\n\t\t[\/vc_column_text][\/vc_column][\/vc_row][vc_row content_width=&#8221;grid&#8221; css=&#8221;.vc_custom_1672932820647{border-top-width: 1px !important;border-bottom-width: 1px !important;padding-top: 60px !important;padding-bottom: 60px !important;background-color: #f8f8f8 !important;}&#8221;][vc_column]<div class=\"mkdf-section-title-holder\">\n\t<h2 class=\"mkdf-section-title\" style=\"text-align: center\">\n\tOutros tratamentos para queda de cabelo<\/h2>\n<\/div><div class=\"mkdf-section-subtitle-holder mkdf-section-subtitle-center\" >\n\t<p style=\"text-align: center\" class=\"mkdf-section-subtitle\">Saiba mais sobre cada um deles!<\/p>\n<\/div><div class=\"mkdf-carousel-holder clearfix mkdf-carousel-three-rows mkdf-carousel-navigation\"><div class=\"mkdf-carousel \" data-items=\"3\" data-navigation=\"yes\"><div class=\"mkdf-carousel-item-outer-holder border\"><div class=\"mkdf-carousel-item-holder\">\n\t\t<a href=\"https:\/\/clientes.space\/michele-bond\/website\/peeling-enzimatico\/\" target=\"_self\">\n\t\t\t\t\t\t\t<span class=\"mkdf-carousel-first-image-holder  mkdf-image-zoom\">\n\t\t\t\t<img width=\"450\" height=\"420\" src=\"https:\/\/clientes.space\/michele-bond\/website\/wp-content\/uploads\/2021\/02\/novo-peeling-enzimatico.jpg\" class=\"attachment-full size-full\" alt=\"peeling enzim\u00e1tico\" decoding=\"async\" srcset=\"https:\/\/clientes.space\/michele-bond\/website\/wp-content\/uploads\/2021\/02\/novo-peeling-enzimatico.jpg 450w, https:\/\/clientes.space\/michele-bond\/website\/wp-content\/uploads\/2021\/02\/novo-peeling-enzimatico-300x280.jpg 300w\" sizes=\"(max-width: 450px) 100vw, 450px\" \/>\t\t\t<\/span>\n\t\t\t\t\t\t\t<\/a>\n<\/div><\/div><div class=\"mkdf-carousel-item-outer-holder border\"><div class=\"mkdf-carousel-item-holder\">\n\t\t<a href=\"https:\/\/clientes.space\/michele-bond\/website\/green-peel\/\" target=\"_self\">\n\t\t\t\t\t\t\t<span class=\"mkdf-carousel-first-image-holder  mkdf-image-zoom\">\n\t\t\t\t<img width=\"450\" height=\"420\" src=\"https:\/\/clientes.space\/michele-bond\/website\/wp-content\/uploads\/2020\/03\/Green-Peel-tratamento.jpg\" class=\"attachment-full size-full\" alt=\"Green Peel tratamento\" decoding=\"async\" srcset=\"https:\/\/clientes.space\/michele-bond\/website\/wp-content\/uploads\/2020\/03\/Green-Peel-tratamento.jpg 450w, https:\/\/clientes.space\/michele-bond\/website\/wp-content\/uploads\/2020\/03\/Green-Peel-tratamento-300x280.jpg 300w\" sizes=\"(max-width: 450px) 100vw, 450px\" \/>\t\t\t<\/span>\n\t\t\t\t\t\t\t<\/a>\n<\/div><\/div><div class=\"mkdf-carousel-item-outer-holder border\"><div class=\"mkdf-carousel-item-holder\">\n\t\t<a href=\"\/limpeza-pele-profunda\/\" target=\"_self\">\n\t\t\t\t\t\t\t<span class=\"mkdf-carousel-first-image-holder  mkdf-image-zoom\">\n\t\t\t\t<img width=\"450\" height=\"420\" src=\"https:\/\/clientes.space\/michele-bond\/website\/wp-content\/uploads\/2021\/02\/limpeza-de-pele-profunda.jpg\" class=\"attachment-full size-full\" alt=\"limpeza de pele profunda\" decoding=\"async\" srcset=\"https:\/\/clientes.space\/michele-bond\/website\/wp-content\/uploads\/2021\/02\/limpeza-de-pele-profunda.jpg 450w, https:\/\/clientes.space\/michele-bond\/website\/wp-content\/uploads\/2021\/02\/limpeza-de-pele-profunda-300x280.jpg 300w\" sizes=\"(max-width: 450px) 100vw, 450px\" \/>\t\t\t<\/span>\n\t\t\t\t\t\t\t<\/a>\n<\/div><\/div><\/div><\/div>[\/vc_column][\/vc_row][vc_row row_type=&#8221;parallax&#8221; full_screen_section_height=&#8221;no&#8221; parallax_background_image=&#8221;164&#8243; css=&#8221;.vc_custom_1672932861791{padding-top: 65px !important;padding-bottom: 65px !important;background-color: #ffffff !important;}&#8221;][vc_column]<div class=\"mkdf-section-title-holder\">\n\t<h2 class=\"mkdf-section-title mkdf-section-title-medium\" style=\"color: #ffffff;text-transform: capitalize;text-align: center\">\n\tClientes Satisfeitos<\/h2>\n<\/div>[vc_empty_space]<div class=\"mkdf-testimonials-holder clearfix light\"><div class=\"mkdf-testimonials testimonials-slider\"><div id=\"mkdf-testimonials83\" class=\"mkdf-testimonial-content testimonials-slider\">\n\t<div class=\"mkdf-testimonial-content-inner\">\n\t\t\t\t\t<div class= \"mkdf-container-inner\">\n\t\t\t\t<div class=\"mkdf-testimonial-text-holder\">\n\t\t\t<div class=\"mkdf-testimonial-text-inner light\">\n\t\t\t\t\t\t\t\t<p class=\"mkdf-testimonial-text\" >Depois de ter o meu segundo filho, e de maus h\u00e1bitos alimentares, ganhei muito peso. Com o acompanhamento que tive na Cl\u00ednica consegui perder 7 quilos e agora sinto-me muito bem! Obrigado a todos.<\/p>\n\t\t\t\t\t\t\t\t\t<div class=\"mkdf-testimonial-author\">\n\t\t\t\t\t\t<h3 class=\"mkdf-testimonial-author-text light\">F\u00e1tima (38 Anos)<\/h3>\n\t\t\t\t\t\t\t\t\t\t\t\t\t<span class=\"mkdf-testimonials-job light\">Lisboa<\/span>\n\t\t\t\t\t\t\t\t\t\t\t<\/div>\n\t\t\t\t\t\t\t<\/div>\n\t\t<\/div>\n\n\t\t\t\t\t<\/div>\n\t\t\t<\/div>\n<\/div>\n<div id=\"mkdf-testimonials82\" class=\"mkdf-testimonial-content testimonials-slider\">\n\t<div class=\"mkdf-testimonial-content-inner\">\n\t\t\t\t\t<div class= \"mkdf-container-inner\">\n\t\t\t\t<div class=\"mkdf-testimonial-text-holder\">\n\t\t\t<div class=\"mkdf-testimonial-text-inner light\">\n\t\t\t\t\t\t\t\t<p class=\"mkdf-testimonial-text\" >Sempre tive muitas dificuldades em dormir, tentei muitas terapias mas s\u00f3 com a ajuda da Dra Michelle \u00e9 que descobri o que \u00e9 uma boa noite de sono. Sou hoje uma pessoa diferente e com muito mais energia.<\/p>\n\t\t\t\t\t\t\t\t\t<div class=\"mkdf-testimonial-author\">\n\t\t\t\t\t\t<h3 class=\"mkdf-testimonial-author-text light\">Carla (45 Anos)<\/h3>\n\t\t\t\t\t\t\t\t\t\t\t\t\t<span class=\"mkdf-testimonials-job light\">Alg\u00e9s<\/span>\n\t\t\t\t\t\t\t\t\t\t\t<\/div>\n\t\t\t\t\t\t\t<\/div>\n\t\t<\/div>\n\n\t\t\t\t\t<\/div>\n\t\t\t<\/div>\n<\/div>\n<\/div><\/div>[\/vc_column][\/vc_row][vc_row][vc_column]\n\n\t<div class=\"mkdf-call-to-action normal\" style=\"padding: 20px;\">\n\n\t\t\t\t<div class=\"mkdf-container-inner\">\n\t\t\t\t\t<div class=\"mkdf-call-to-action-row-75-25 clearfix\">\n\t\t\n\t\t\t\t<div class=\"mkdf-text-wrapper mkdf-call-to-action-column1 mkdf-call-to-action-cell\">\n\n\t\t\t\t\n\t\t\t\t\t<div class=\"mkdf-call-to-action-text\" >\n\t\t\t\t\t\t\n<h2 class=\"p1\" style=\"margin-top: 10px !important;\"><strong>Agende hoje a sua consulta<\/strong><\/h2>\n\t\t\t\t\t<\/div>\n\n\t\t\t\t<\/div>\n\n\t\t\t\t\n\t\t\t\t\t<div class=\"mkdf-button-wrapper mkdf-call-to-action-column2 mkdf-call-to-action-cell\" style =\"text-align: right ;\">\n\n\t\t\t\t\t\t<a href=\"\/marcar-consulta\/\" target=\"_self\"  class=\"mkdf-btn mkdf-btn-medium mkdf-btn-solid mkdf-btn-hover-outline\"  >\t\t\t\t<span class=\"mkdf-btn-helper\" ><\/span>\t\t<span class=\"mkdf-btn-text\">Marcar Consulta<\/span><\/a>\n\t\t\t\t\t<\/div>\n\n\t\t\t\t\n\t\t\t<\/div>\n\n\t\t\t\t<\/div>\n\t\t\n\t<\/div>\n\n[\/vc_column][\/vc_row]<\/p>\n","protected":false},"excerpt":{"rendered":"<p>[vc_row content_width=&#8221;grid&#8221; el_class=&#8221;first-section&#8221; css=&#8221;.vc_custom_1614099888220{padding-top: 60px !important;padding-bottom: 20px !important;}&#8221;][vc_column width=&#8221;1\/2&#8243;][vc_column_text]A Mesoterapia Capilar oferece uma s\u00e9rie de benef\u00edcios para pessoas que sofrem&#8230;<\/p>\n","protected":false},"author":2,"featured_media":0,"parent":0,"menu_order":0,"comment_status":"closed","ping_status":"closed","template":"full-width.php","meta":{"content-type":"","footnotes":""},"yoast_head":"<!-- This site is optimized with the Yoast SEO plugin v21.7 - https:\/\/yoast.com\/wordpress\/plugins\/seo\/ -->\n<title>Mesoterapia Capilar | Cl\u00ednica Michelle Bond<\/title>\n<meta name=\"description\" content=\"A Mesoterapia Capilar potencializa a estimula\u00e7\u00e3o do crescimento natural do cabelo, com a maioria dos pacientes relatando uma interrup\u00e7\u00e3o imediata da queda de cabelo.\" \/>\n<meta name=\"robots\" content=\"index, follow, max-snippet:-1, max-image-preview:large, max-video-preview:-1\" \/>\n<link rel=\"canonical\" href=\"https:\/\/clientes.space\/michele-bond\/website\/mesoterapia-capilar\/\" \/>\n<meta property=\"og:locale\" content=\"pt_PT\" \/>\n<meta property=\"og:type\" content=\"article\" \/>\n<meta property=\"og:title\" content=\"Mesoterapia Capilar | Cl\u00ednica Michelle Bond\" \/>\n<meta property=\"og:description\" content=\"A Mesoterapia Capilar potencializa a estimula\u00e7\u00e3o do crescimento natural do cabelo, com a maioria dos pacientes relatando uma interrup\u00e7\u00e3o imediata da queda de cabelo.\" \/>\n<meta property=\"og:url\" content=\"https:\/\/clientes.space\/michele-bond\/website\/mesoterapia-capilar\/\" \/>\n<meta property=\"og:site_name\" content=\"Michelle Bond Clinic | Lisboa\" \/>\n<meta property=\"article:modified_time\" content=\"2023-09-22T13:28:33+00:00\" \/>\n<meta name=\"twitter:card\" content=\"summary_large_image\" \/>\n<meta name=\"twitter:label1\" content=\"Tempo estimado de leitura\" \/>\n\t<meta name=\"twitter:data1\" content=\"4 minutos\" \/>\n<script type=\"application\/ld+json\" class=\"yoast-schema-graph\">{\"@context\":\"https:\/\/schema.org\",\"@graph\":[{\"@type\":\"WebPage\",\"@id\":\"https:\/\/clientes.space\/michele-bond\/website\/mesoterapia-capilar\/\",\"url\":\"https:\/\/clientes.space\/michele-bond\/website\/mesoterapia-capilar\/\",\"name\":\"Mesoterapia Capilar | Cl\u00ednica Michelle Bond\",\"isPartOf\":{\"@id\":\"https:\/\/clientes.space\/michele-bond\/website\/#website\"},\"datePublished\":\"2022-04-17T09:56:41+00:00\",\"dateModified\":\"2023-09-22T13:28:33+00:00\",\"description\":\"A Mesoterapia Capilar potencializa a estimula\u00e7\u00e3o do crescimento natural do cabelo, com a maioria dos pacientes relatando uma interrup\u00e7\u00e3o imediata da queda de cabelo.\",\"breadcrumb\":{\"@id\":\"https:\/\/clientes.space\/michele-bond\/website\/mesoterapia-capilar\/#breadcrumb\"},\"inLanguage\":\"pt-PT\",\"potentialAction\":[{\"@type\":\"ReadAction\",\"target\":[\"https:\/\/clientes.space\/michele-bond\/website\/mesoterapia-capilar\/\"]}]},{\"@type\":\"BreadcrumbList\",\"@id\":\"https:\/\/clientes.space\/michele-bond\/website\/mesoterapia-capilar\/#breadcrumb\",\"itemListElement\":[{\"@type\":\"ListItem\",\"position\":1,\"name\":\"In\u00edcio\",\"item\":\"https:\/\/clientes.space\/michele-bond\/website\/\"},{\"@type\":\"ListItem\",\"position\":2,\"name\":\"Mesoterapia Capilar\"}]},{\"@type\":\"WebSite\",\"@id\":\"https:\/\/clientes.space\/michele-bond\/website\/#website\",\"url\":\"https:\/\/clientes.space\/michele-bond\/website\/\",\"name\":\"Michelle Bond - Holistic Health &amp; Beauty\",\"description\":\"Medicina Est\u00e9tica, Naturopatia, Nutri\u00e7\u00e3o e Fisioterapia\",\"potentialAction\":[{\"@type\":\"SearchAction\",\"target\":{\"@type\":\"EntryPoint\",\"urlTemplate\":\"https:\/\/clientes.space\/michele-bond\/website\/?s={search_term_string}\"},\"query-input\":\"required name=search_term_string\"}],\"inLanguage\":\"pt-PT\"}]}<\/script>\n<!-- \/ Yoast SEO plugin. -->","yoast_head_json":{"title":"Mesoterapia Capilar | Cl\u00ednica Michelle Bond","description":"A Mesoterapia Capilar potencializa a estimula\u00e7\u00e3o do crescimento natural do cabelo, com a maioria dos pacientes relatando uma interrup\u00e7\u00e3o imediata da queda de cabelo.","robots":{"index":"index","follow":"follow","max-snippet":"max-snippet:-1","max-image-preview":"max-image-preview:large","max-video-preview":"max-video-preview:-1"},"canonical":"https:\/\/clientes.space\/michele-bond\/website\/mesoterapia-capilar\/","og_locale":"pt_PT","og_type":"article","og_title":"Mesoterapia Capilar | Cl\u00ednica Michelle Bond","og_description":"A Mesoterapia Capilar potencializa a estimula\u00e7\u00e3o do crescimento natural do cabelo, com a maioria dos pacientes relatando uma interrup\u00e7\u00e3o imediata da queda de cabelo.","og_url":"https:\/\/clientes.space\/michele-bond\/website\/mesoterapia-capilar\/","og_site_name":"Michelle Bond Clinic | Lisboa","article_modified_time":"2023-09-22T13:28:33+00:00","twitter_card":"summary_large_image","twitter_misc":{"Tempo estimado de leitura":"4 minutos"},"schema":{"@context":"https:\/\/schema.org","@graph":[{"@type":"WebPage","@id":"https:\/\/clientes.space\/michele-bond\/website\/mesoterapia-capilar\/","url":"https:\/\/clientes.space\/michele-bond\/website\/mesoterapia-capilar\/","name":"Mesoterapia Capilar | Cl\u00ednica Michelle Bond","isPartOf":{"@id":"https:\/\/clientes.space\/michele-bond\/website\/#website"},"datePublished":"2022-04-17T09:56:41+00:00","dateModified":"2023-09-22T13:28:33+00:00","description":"A Mesoterapia Capilar potencializa a estimula\u00e7\u00e3o do crescimento natural do cabelo, com a maioria dos pacientes relatando uma interrup\u00e7\u00e3o imediata da queda de cabelo.","breadcrumb":{"@id":"https:\/\/clientes.space\/michele-bond\/website\/mesoterapia-capilar\/#breadcrumb"},"inLanguage":"pt-PT","potentialAction":[{"@type":"ReadAction","target":["https:\/\/clientes.space\/michele-bond\/website\/mesoterapia-capilar\/"]}]},{"@type":"BreadcrumbList","@id":"https:\/\/clientes.space\/michele-bond\/website\/mesoterapia-capilar\/#breadcrumb","itemListElement":[{"@type":"ListItem","position":1,"name":"In\u00edcio","item":"https:\/\/clientes.space\/michele-bond\/website\/"},{"@type":"ListItem","position":2,"name":"Mesoterapia Capilar"}]},{"@type":"WebSite","@id":"https:\/\/clientes.space\/michele-bond\/website\/#website","url":"https:\/\/clientes.space\/michele-bond\/website\/","name":"Michelle Bond - Holistic Health &amp; Beauty","description":"Medicina Est\u00e9tica, Naturopatia, Nutri\u00e7\u00e3o e Fisioterapia","potentialAction":[{"@type":"SearchAction","target":{"@type":"EntryPoint","urlTemplate":"https:\/\/clientes.space\/michele-bond\/website\/?s={search_term_string}"},"query-input":"required name=search_term_string"}],"inLanguage":"pt-PT"}]}},"_links":{"self":[{"href":"https:\/\/clientes.space\/michele-bond\/website\/wp-json\/wp\/v2\/pages\/13333"}],"collection":[{"href":"https:\/\/clientes.space\/michele-bond\/website\/wp-json\/wp\/v2\/pages"}],"about":[{"href":"https:\/\/clientes.space\/michele-bond\/website\/wp-json\/wp\/v2\/types\/page"}],"author":[{"embeddable":true,"href":"https:\/\/clientes.space\/michele-bond\/website\/wp-json\/wp\/v2\/users\/2"}],"replies":[{"embeddable":true,"href":"https:\/\/clientes.space\/michele-bond\/website\/wp-json\/wp\/v2\/comments?post=13333"}],"version-history":[{"count":15,"href":"https:\/\/clientes.space\/michele-bond\/website\/wp-json\/wp\/v2\/pages\/13333\/revisions"}],"predecessor-version":[{"id":22236,"href":"https:\/\/clientes.space\/michele-bond\/website\/wp-json\/wp\/v2\/pages\/13333\/revisions\/22236"}],"wp:attachment":[{"href":"https:\/\/clientes.space\/michele-bond\/website\/wp-json\/wp\/v2\/media?parent=13333"}],"curies":[{"name":"wp","href":"https:\/\/api.w.org\/{rel}","templated":true}]}}