{"id":13386,"date":"2022-04-17T17:56:41","date_gmt":"2022-04-17T17:56:41","guid":{"rendered":"https:\/\/clientes.space\/michele-bond\/website\/?page_id=13386"},"modified":"2024-01-06T14:12:18","modified_gmt":"2024-01-06T14:12:18","slug":"peeling-tca","status":"publish","type":"page","link":"https:\/\/clientes.space\/michele-bond\/website\/peeling-tca\/","title":{"rendered":"Peeling TCA"},"content":{"rendered":"<p>[vc_row content_width=&#8221;grid&#8221; el_class=&#8221;first-section&#8221; css=&#8221;.vc_custom_1481240302876{padding-top: 60px !important;}&#8221;][vc_column width=&#8221;1\/2&#8243;]<div class=\"mkdf-section-title-holder\">\n\t<h2 class=\"mkdf-section-title mkdf-section-title-small\" style=\"text-transform: none;text-align: left\">\n\tO que \u00e9 um peeling TCA?<\/h2>\n<\/div>[vc_column_text]O peeling TCA (peeling de \u00e1cido tricloroac\u00e9tico ) \u00e9 um peeling m\u00e9dico indicado para amenizar manchas e marcas presentes na pele.<\/p>\n<p>Este peeling penetra nas camadas mais profundas da pele e dissolve suavemente a camada superior (estrato c\u00f3rneo), revelando novas c\u00e9lulas e deixando a pele mais suave e com menos manchas.<\/p>\n<p>Os benef\u00edcios n\u00e3o param por a\u00ed, pois \u00e0 medida que aumenta a produ\u00e7\u00e3o de novo colag\u00e9nio, tamb\u00e9m tr\u00e1s melhorias nas linhas de express\u00e3o, rugas e cicatrizes.[\/vc_column_text][vc_empty_space][\/vc_column][vc_column width=&#8221;1\/2&#8243;]<div class=\"mkdf-section-title-holder\">\n\t<h2 class=\"mkdf-section-title mkdf-section-title-small\" style=\"text-transform: none;text-align: left\">\n\tIndica\u00e7\u00f5es<\/h2>\n<\/div>[vc_column_text]<\/p>\n<p class=\"font_8\">Peeling TCA \u00e9 indicado para diversos problemas, como:<\/p>\n<ul>\n<li class=\"font_8\">Acne e cicatrizes de acne<\/li>\n<li class=\"font_8\">Rugas<\/li>\n<li class=\"font_8\">Melasma<\/li>\n<li class=\"font_8\">Manchas escuras no rosto e m\u00e3os<\/li>\n<\/ul>\n<p>[\/vc_column_text][vc_empty_space][\/vc_column][\/vc_row][vc_row content_width=&#8221;grid&#8221; el_class=&#8221;first-section&#8221; css=&#8221;.vc_custom_1481238748781{padding-bottom: 50px !important;}&#8221;][vc_column width=&#8221;1\/2&#8243;]<div class=\"mkdf-section-title-holder\">\n\t<h2 class=\"mkdf-section-title mkdf-section-title-small\" style=\"text-transform: none;text-align: left\">\n\tO passo a passo do tratamento<\/h2>\n<\/div>[vc_column_text]<\/p>\n<ol>\n<li><strong>Consulta de Avalia\u00e7\u00e3o<\/strong>. \u00c9 necess\u00e1rio uma consulta de avalia\u00e7\u00e3o aprofundada da sua pele. A nossa m\u00e9dica ir\u00e1 avaliar o seu tipo de pele e o seu hist\u00f3rico de sa\u00fade, para ent\u00e3o discutir os seus objetivos e definir o plano de tratamento. Dependendo do seu tipo de pele, poder\u00e1 ser necess\u00e1rio preparar a sua pele por duas ou seis semanas. \u00c9 importante que sua pele esteja em boa sa\u00fade para garantir um tempo de inatividade m\u00ednimo e obter resultados duradouros.<br \/>\nQualquer produto com retinol ou vitamina A n\u00e3o deve ser usado por aproximadamente duas semanas antes do tratamento.<\/li>\n<li><strong>T<\/strong><strong style=\"font-weight: bold;\">ratamento. <\/strong>Seu m\u00e9dico come\u00e7ar\u00e1 limpando a sua pele para remover qualquer sujeira ou maquiagem. Em seguida, uma solu\u00e7\u00e3o \u00e9 aplicada para preparar a pele e um b\u00e1lsamo para proteger a pele ap\u00f3s o tratamento. O peeling TCA \u00e9 ent\u00e3o aplicado e permanecer\u00e1 na pele por aproximadamente 5 minutos. O peeling poder\u00e1 aplicado at\u00e9 tr\u00eas vezes dependendo do n\u00edvel de conforto e necessidade. No fim do tratamento, todos os produtos aplicados ser\u00e3o removidos e ser\u00e1 aplicado um hidratante e protetor solar. O tempo de tratamento \u00e9 de 45 a 60 minutos.<\/li>\n<li><strong>Recupera\u00e7\u00e3o.<\/strong> Imediatamente ap\u00f3s o peeling, voc\u00ea ter\u00e1 alguma vermelhid\u00e3o, que desaparecer\u00e1 em 24 horas. Nenhuma \u00e1gua pode ser aplicada na pele por at\u00e9 6 horas ap\u00f3s o peeling, pois isso interromper\u00e1 o processo. Recomendamos que n\u00e3o seja aplicada maquilhagem durante 24 horas, a menos que seja de base mineral.<\/li>\n<li><strong>Resultado<\/strong>. Alguns pacientes relatam uma pequena descama\u00e7\u00e3o da pele nos dois a cinco dias ap\u00f3s o tratamento, o que \u00e9 perfeitamente normal, ap\u00f3s o qual os resultados ser\u00e3o vis\u00edveis.<\/li>\n<li><strong>Cuidados.<\/strong> Seguir as recomenda\u00e7\u00f5es de cuidados posteriores e ter um bom kit <em>home care<\/em> \u00e9 essencial, pois s\u00e3o a chave para manter seus resultados. O m\u00e9dico poder\u00e1 ajudar na escolha dos produtos.<\/li>\n<\/ol>\n<p>[\/vc_column_text][vc_empty_space][\/vc_column][vc_column width=&#8221;1\/2&#8243;]<div class=\"mkdf-section-title-holder\">\n\t<h2 class=\"mkdf-section-title mkdf-section-title-small\" style=\"text-transform: none;text-align: left\">\n\tPre\u00e7os<\/h2>\n<\/div>[vc_column_text]<\/p>\n<ul>\n<li>Consulta de avalia\u00e7\u00e3o: 40\u20ac*<\/li>\n<li>1 sess\u00e3o: 165\u20ac<\/li>\n<\/ul>\n<p>*dedut\u00edvel do valor do tratamento[\/vc_column_text][vc_empty_space][vc_single_image image=&#8221;8068&#8243; img_size=&#8221;250&#215;200&#8243; style=&#8221;vc_box_border_circle&#8221;][vc_empty_space][\/vc_column][\/vc_row][vc_row css=&#8221;.vc_custom_1589106613895{background-color: #f8f8f8 !important;}&#8221;][vc_column]\n\n\t<div class=\"mkdf-call-to-action normal\" style=\"padding: 20px;\">\n\n\t\t\t\t<div class=\"mkdf-container-inner\">\n\t\t\t\t\t<div class=\"mkdf-call-to-action-row-75-25 clearfix\">\n\t\t\n\t\t\t\t<div class=\"mkdf-text-wrapper mkdf-call-to-action-column1 mkdf-call-to-action-cell\">\n\n\t\t\t\t\n\t\t\t\t\t<div class=\"mkdf-call-to-action-text\" >\n\t\t\t\t\t\t\n<h2 class=\"p1\" style=\"margin-top: 10px !important;\"><strong>Agende hoje a sua consulta<\/strong><\/h2>\n\t\t\t\t\t<\/div>\n\n\t\t\t\t<\/div>\n\n\t\t\t\t\n\t\t\t\t\t<div class=\"mkdf-button-wrapper mkdf-call-to-action-column2 mkdf-call-to-action-cell\" style =\"text-align: right ;\">\n\n\t\t\t\t\t\t<a href=\"\/marcar-consulta\/\" target=\"_self\"  class=\"mkdf-btn mkdf-btn-medium mkdf-btn-solid mkdf-btn-hover-outline\"  >\t\t\t\t<span class=\"mkdf-btn-helper\" ><\/span>\t\t<span class=\"mkdf-btn-text\">Marcar Consulta<\/span><\/a>\n\t\t\t\t\t<\/div>\n\n\t\t\t\t\n\t\t\t<\/div>\n\n\t\t\t\t<\/div>\n\t\t\n\t<\/div>\n\n[\/vc_column][\/vc_row][vc_row content_width=&#8221;grid&#8221; css=&#8221;.vc_custom_1589106868630{padding-top: 90px !important;padding-bottom: 90px !important;background-color: #ffffff !important;}&#8221;][vc_column]<div class=\"mkdf-section-title-holder\">\n\t<h2 class=\"mkdf-section-title mkdf-section-title-medium\" style=\"text-transform: capitalize;text-align: center\">\n\tPerguntas Frequentes<\/h2>\n<\/div><div class=\"mkdf-accordion-holder clearfix mkdf-accordion mkdf-initial \">\n\t<h5 class=\"clearfix mkdf-title-holder\">\n<span class=\"mkdf-accordion-mark mkdf-left-mark\">\n\t\t<span class=\"mkdf-accordion-mark-icon\">\n\t\t\t<span class=\"icon_plus\"><\/span>\n\t\t\t<span class=\"icon_minus-06\"><\/span>\n\t\t<\/span>\n<\/span>\n<span class=\"mkdf-tab-title\">\n\t\t<span class=\"mkdf-tab-title-inner\">\n\t\t\t\t\t\tQuais s\u00e3o os cuidados p\u00f3s-procedimento?\t\t<\/span>\n<\/span>\n<\/h5>\n<div class=\"mkdf-accordion-content\">\n\t<div class=\"mkdf-accordion-content-inner\">\n\t\t[vc_column_text]Os seguintes cuidados s\u00e3o recomendados para potencializar os resultados e minimizar os efeitos secund\u00e1rios do tratamento:<\/p>\n<ul>\n<li>Voc\u00ea pode aplicar suavemente maquiagem mineral ap\u00f3s o tratamento ou aplicar a sua maquiagem normal assim que a vermelhid\u00e3o diminuir.<\/li>\n<li>Uma compressa fria ajuda a acalmar a pele.<\/li>\n<li>Evite a exposi\u00e7\u00e3o direta ao sol por pelo menos 7 dias e use protetor solar FPS 50+ o tempo todo durante o tratamento.<\/li>\n<li>Evite \u00e1gua quente e saunas por 7 dias ap\u00f3s o tratamento.<\/li>\n<li>Evite usar esfoliantes e cosm\u00e9ticos que cont\u00e9m \u00e1cidos ou retin\u00f3ides, por 7 dias pr\u00e9-tratamento e p\u00f3s-tratamento<\/li>\n<li>Evite tocar na pele descamada. A pele morta vai se desprender naturalmente<\/li>\n<li>Evite produtos que contenham alfa e beta-hidroxi\u00e1cidos, retin\u00f3ides, retin\u00f3is, assim como cosm\u00e9ticos que contenham fragr\u00e2ncia por sete dias antes e ap\u00f3s o tratamento.<\/li>\n<\/ul>\n<p>[\/vc_column_text]\n\t\t\t<\/div>\n<\/div>\n<\/div>[vc_empty_space][\/vc_column][\/vc_row][vc_row content_width=&#8221;grid&#8221; css=&#8221;.vc_custom_1608054414087{border-top-width: 1px !important;border-bottom-width: 1px !important;padding-top: 60px !important;padding-bottom: 60px !important;background-color: #f8f8f8 !important;}&#8221; el_id=&#8221;logo-revistas&#8221;][vc_column][vc_column_text]\n\t\t<style>\n\t\t\t#wpls-logo-showcase-slider-1 .wpls-fix-box,\n\t\t\t#wpls-logo-showcase-slider-1 .wpls-fix-box img.wp-post-image{max-height:250px; }\n\t\t<\/style>\n\n\t\t<div class=\"wpls-wrap wpls-logo-showcase-slider-wrp wpls-logo-clearfix wpls-design-1 \" data-conf=\"{&quot;slides_column&quot;:&quot;4&quot;,&quot;slides_scroll&quot;:1,&quot;dots&quot;:&quot;true&quot;,&quot;arrows&quot;:&quot;true&quot;,&quot;autoplay&quot;:&quot;true&quot;,&quot;autoplay_interval&quot;:3000,&quot;loop&quot;:&quot;true&quot;,&quot;rtl&quot;:&quot;false&quot;,&quot;speed&quot;:800,&quot;center_mode&quot;:&quot;false&quot;,&quot;lazyload&quot;:&quot;&quot;}\">\n\t\t\t<div class=\"wpls-logo-showcase logo_showcase wpls-logo-slider  sliderimage_hide_border \" id=\"wpls-logo-showcase-slider-1\" >\n\t\t\t\t<div class=\"wpls-logo-cnt\">\n\t<div class=\"wpls-fix-box\">\n\t\t\t\t<img class=\"wp-post-image\"  src=\"https:\/\/clientes.space\/michele-bond\/website\/wp-content\/uploads\/2018\/08\/womens-health-1.png\" alt=\"womens-health\" \/>\n\t\t\t<\/div>\n\t<\/div><div class=\"wpls-logo-cnt\">\n\t<div class=\"wpls-fix-box\">\n\t\t\t\t<img class=\"wp-post-image\"  src=\"https:\/\/clientes.space\/michele-bond\/website\/wp-content\/uploads\/2018\/08\/Rede_Vida_logo-1.png\" alt=\"Rede_Vida\" \/>\n\t\t\t<\/div>\n\t<\/div><div class=\"wpls-logo-cnt\">\n\t<div class=\"wpls-fix-box\">\n\t\t\t\t<img class=\"wp-post-image\"  src=\"https:\/\/clientes.space\/michele-bond\/website\/wp-content\/uploads\/2018\/08\/forever_young_logo.png\" alt=\"forever_young\" \/>\n\t\t\t<\/div>\n\t<\/div><div class=\"wpls-logo-cnt\">\n\t<div class=\"wpls-fix-box\">\n\t\t\t\t<img class=\"wp-post-image\"  src=\"https:\/\/clientes.space\/michele-bond\/website\/wp-content\/uploads\/2018\/08\/SVBlog_Logo-1.png\" alt=\"SVBlog\" \/>\n\t\t\t<\/div>\n\t<\/div>\t\t\t<\/div>\n\t\t<\/div>\n\n\t\t[\/vc_column_text][\/vc_column][\/vc_row][vc_row content_width=&#8221;grid&#8221; css=&#8221;.vc_custom_1612200993246{border-top-width: 1px !important;border-bottom-width: 1px !important;padding-top: 60px !important;padding-bottom: 60px !important;}&#8221;][vc_column]<div class=\"mkdf-section-title-holder\">\n\t<h2 class=\"mkdf-section-title\" style=\"text-align: center\">\n\tOutros tratamentos faciais<\/h2>\n<\/div><div class=\"mkdf-section-subtitle-holder mkdf-section-subtitle-center\" >\n\t<p style=\"text-align: center\" class=\"mkdf-section-subtitle\">Saiba mais sobre cada um deles!<\/p>\n<\/div><div class=\"mkdf-carousel-holder clearfix mkdf-carousel-three-rows mkdf-carousel-navigation\"><div class=\"mkdf-carousel \" data-items=\"3\" data-navigation=\"yes\"><div class=\"mkdf-carousel-item-outer-holder border\"><div class=\"mkdf-carousel-item-holder\">\n\t\t<a href=\"https:\/\/clientes.space\/michele-bond\/website\/green-peel\/\" target=\"_self\">\n\t\t\t\t\t\t\t<span class=\"mkdf-carousel-first-image-holder  mkdf-image-zoom\">\n\t\t\t\t<img width=\"450\" height=\"420\" src=\"https:\/\/clientes.space\/michele-bond\/website\/wp-content\/uploads\/2020\/03\/Green-Peel-tratamento.jpg\" class=\"attachment-full size-full\" alt=\"Green Peel tratamento\" decoding=\"async\" srcset=\"https:\/\/clientes.space\/michele-bond\/website\/wp-content\/uploads\/2020\/03\/Green-Peel-tratamento.jpg 450w, https:\/\/clientes.space\/michele-bond\/website\/wp-content\/uploads\/2020\/03\/Green-Peel-tratamento-300x280.jpg 300w\" sizes=\"(max-width: 450px) 100vw, 450px\" \/>\t\t\t<\/span>\n\t\t\t\t\t\t\t<\/a>\n<\/div><\/div><div class=\"mkdf-carousel-item-outer-holder border\"><div class=\"mkdf-carousel-item-holder\">\n\t\t<a href=\"https:\/\/clientes.space\/michele-bond\/website\/peeling-tca\/\" target=\"_self\">\n\t\t\t\t\t\t\t<span class=\"mkdf-carousel-first-image-holder  mkdf-image-zoom\">\n\t\t\t\t<img width=\"450\" height=\"420\" src=\"https:\/\/clientes.space\/michele-bond\/website\/wp-content\/uploads\/2019\/07\/Vitamina-C-para-o-Rosto.jpg\" class=\"attachment-full size-full\" alt=\"Vitamina C para o Rosto\" decoding=\"async\" srcset=\"https:\/\/clientes.space\/michele-bond\/website\/wp-content\/uploads\/2019\/07\/Vitamina-C-para-o-Rosto.jpg 450w, https:\/\/clientes.space\/michele-bond\/website\/wp-content\/uploads\/2019\/07\/Vitamina-C-para-o-Rosto-300x280.jpg 300w\" sizes=\"(max-width: 450px) 100vw, 450px\" \/>\t\t\t<\/span>\n\t\t\t\t\t\t\t<\/a>\n<\/div><\/div><div class=\"mkdf-carousel-item-outer-holder border\"><div class=\"mkdf-carousel-item-holder\">\n\t\t<a href=\"\/microagulhamento\/\" target=\"_self\">\n\t\t\t\t\t\t\t<span class=\"mkdf-carousel-first-image-holder  mkdf-image-zoom\">\n\t\t\t\t<img width=\"450\" height=\"420\" src=\"https:\/\/clientes.space\/michele-bond\/website\/wp-content\/uploads\/2019\/12\/Microagulhamento.jpg\" class=\"attachment-full size-full\" alt=\"Microagulhamento\" decoding=\"async\" srcset=\"https:\/\/clientes.space\/michele-bond\/website\/wp-content\/uploads\/2019\/12\/Microagulhamento.jpg 450w, https:\/\/clientes.space\/michele-bond\/website\/wp-content\/uploads\/2019\/12\/Microagulhamento-300x280.jpg 300w\" sizes=\"(max-width: 450px) 100vw, 450px\" \/>\t\t\t<\/span>\n\t\t\t\t\t\t\t<\/a>\n<\/div><\/div><\/div><\/div>[\/vc_column][\/vc_row][vc_row][vc_column]\n\n\t<div class=\"mkdf-call-to-action normal\" style=\"padding: 20px;\">\n\n\t\t\t\t<div class=\"mkdf-container-inner\">\n\t\t\t\t\t<div class=\"mkdf-call-to-action-row-75-25 clearfix\">\n\t\t\n\t\t\t\t<div class=\"mkdf-text-wrapper mkdf-call-to-action-column1 mkdf-call-to-action-cell\">\n\n\t\t\t\t\n\t\t\t\t\t<div class=\"mkdf-call-to-action-text\" >\n\t\t\t\t\t\t\n<h2 class=\"p1\" style=\"margin-top: 10px !important;\"><strong>Agende hoje a sua consulta<\/strong><\/h2>\n\t\t\t\t\t<\/div>\n\n\t\t\t\t<\/div>\n\n\t\t\t\t\n\t\t\t\t\t<div class=\"mkdf-button-wrapper mkdf-call-to-action-column2 mkdf-call-to-action-cell\" style =\"text-align: right ;\">\n\n\t\t\t\t\t\t<a href=\"\/marcar-consulta\/\" target=\"_self\"  class=\"mkdf-btn mkdf-btn-medium mkdf-btn-solid mkdf-btn-hover-outline\"  >\t\t\t\t<span class=\"mkdf-btn-helper\" ><\/span>\t\t<span class=\"mkdf-btn-text\">Marcar Consulta<\/span><\/a>\n\t\t\t\t\t<\/div>\n\n\t\t\t\t\n\t\t\t<\/div>\n\n\t\t\t\t<\/div>\n\t\t\n\t<\/div>\n\n[\/vc_column][\/vc_row][vc_row row_type=&#8221;parallax&#8221; full_screen_section_height=&#8221;no&#8221; parallax_background_image=&#8221;164&#8243; css=&#8221;.vc_custom_1481238989291{padding-top: 65px !important;padding-bottom: 65px !important;}&#8221;][vc_column]<div class=\"mkdf-section-title-holder\">\n\t<h2 class=\"mkdf-section-title mkdf-section-title-medium\" style=\"color: #ffffff;text-transform: capitalize;text-align: center\">\n\tClientes Satisfeitos<\/h2>\n<\/div>[vc_empty_space]<div class=\"mkdf-testimonials-holder clearfix light\"><div class=\"mkdf-testimonials testimonials-slider\"><div id=\"mkdf-testimonials83\" class=\"mkdf-testimonial-content testimonials-slider\">\n\t<div class=\"mkdf-testimonial-content-inner\">\n\t\t\t\t\t<div class= \"mkdf-container-inner\">\n\t\t\t\t<div class=\"mkdf-testimonial-text-holder\">\n\t\t\t<div class=\"mkdf-testimonial-text-inner light\">\n\t\t\t\t\t\t\t\t<p class=\"mkdf-testimonial-text\" >Depois de ter o meu segundo filho, e de maus h\u00e1bitos alimentares, ganhei muito peso. Com o acompanhamento que tive na Cl\u00ednica consegui perder 7 quilos e agora sinto-me muito bem! Obrigado a todos.<\/p>\n\t\t\t\t\t\t\t\t\t<div class=\"mkdf-testimonial-author\">\n\t\t\t\t\t\t<h3 class=\"mkdf-testimonial-author-text light\">F\u00e1tima (38 Anos)<\/h3>\n\t\t\t\t\t\t\t\t\t\t\t\t\t<span class=\"mkdf-testimonials-job light\">Lisboa<\/span>\n\t\t\t\t\t\t\t\t\t\t\t<\/div>\n\t\t\t\t\t\t\t<\/div>\n\t\t<\/div>\n\n\t\t\t\t\t<\/div>\n\t\t\t<\/div>\n<\/div>\n<div id=\"mkdf-testimonials82\" class=\"mkdf-testimonial-content testimonials-slider\">\n\t<div class=\"mkdf-testimonial-content-inner\">\n\t\t\t\t\t<div class= \"mkdf-container-inner\">\n\t\t\t\t<div class=\"mkdf-testimonial-text-holder\">\n\t\t\t<div class=\"mkdf-testimonial-text-inner light\">\n\t\t\t\t\t\t\t\t<p class=\"mkdf-testimonial-text\" >Sempre tive muitas dificuldades em dormir, tentei muitas terapias mas s\u00f3 com a ajuda da Dra Michelle \u00e9 que descobri o que \u00e9 uma boa noite de sono. Sou hoje uma pessoa diferente e com muito mais energia.<\/p>\n\t\t\t\t\t\t\t\t\t<div class=\"mkdf-testimonial-author\">\n\t\t\t\t\t\t<h3 class=\"mkdf-testimonial-author-text light\">Carla (45 Anos)<\/h3>\n\t\t\t\t\t\t\t\t\t\t\t\t\t<span class=\"mkdf-testimonials-job light\">Alg\u00e9s<\/span>\n\t\t\t\t\t\t\t\t\t\t\t<\/div>\n\t\t\t\t\t\t\t<\/div>\n\t\t<\/div>\n\n\t\t\t\t\t<\/div>\n\t\t\t<\/div>\n<\/div>\n<\/div><\/div>[\/vc_column][\/vc_row]<\/p>\n","protected":false},"excerpt":{"rendered":"<p>[vc_row content_width=&#8221;grid&#8221; el_class=&#8221;first-section&#8221; css=&#8221;.vc_custom_1481240302876{padding-top: 60px !important;}&#8221;][vc_column width=&#8221;1\/2&#8243;][vc_column_text]O peeling TCA (peeling de \u00e1cido tricloroac\u00e9tico ) \u00e9 um peeling m\u00e9dico indicado para&#8230;<\/p>\n","protected":false},"author":2,"featured_media":8068,"parent":0,"menu_order":0,"comment_status":"closed","ping_status":"closed","template":"full-width.php","meta":{"content-type":"","footnotes":""},"yoast_head":"<!-- This site is optimized with the Yoast SEO plugin v21.7 - https:\/\/yoast.com\/wordpress\/plugins\/seo\/ -->\n<title>Peeling TCA | Michelle Bond Aesthetic Clinic | Lisboa<\/title>\n<meta name=\"description\" content=\"O peeling TCA (peeling de \u00e1cido tricloroac\u00e9tico ) \u00e9 um peeling m\u00e9dico indicado para amenizar manchas e marcas presentes na pele.\" \/>\n<meta name=\"robots\" content=\"index, follow, max-snippet:-1, max-image-preview:large, max-video-preview:-1\" \/>\n<link rel=\"canonical\" href=\"https:\/\/clientes.space\/michele-bond\/website\/peeling-tca\/\" \/>\n<meta property=\"og:locale\" content=\"pt_PT\" \/>\n<meta property=\"og:type\" content=\"article\" \/>\n<meta property=\"og:title\" content=\"Peeling TCA | Michelle Bond Aesthetic Clinic | Lisboa\" \/>\n<meta property=\"og:description\" content=\"O peeling TCA (peeling de \u00e1cido tricloroac\u00e9tico ) \u00e9 um peeling m\u00e9dico indicado para amenizar manchas e marcas presentes na pele.\" \/>\n<meta property=\"og:url\" content=\"https:\/\/clientes.space\/michele-bond\/website\/peeling-tca\/\" \/>\n<meta property=\"og:site_name\" content=\"Michelle Bond Clinic | Lisboa\" \/>\n<meta property=\"article:modified_time\" content=\"2024-01-06T14:12:18+00:00\" \/>\n<meta property=\"og:image\" content=\"https:\/\/clientes.space\/michele-bond\/website\/wp-content\/uploads\/2020\/11\/esteticas.jpg\" \/>\n\t<meta property=\"og:image:width\" content=\"545\" \/>\n\t<meta property=\"og:image:height\" content=\"255\" \/>\n\t<meta property=\"og:image:type\" content=\"image\/jpeg\" \/>\n<meta name=\"twitter:card\" content=\"summary_large_image\" \/>\n<meta name=\"twitter:label1\" content=\"Tempo estimado de leitura\" \/>\n\t<meta name=\"twitter:data1\" content=\"5 minutos\" \/>\n<script type=\"application\/ld+json\" class=\"yoast-schema-graph\">{\"@context\":\"https:\/\/schema.org\",\"@graph\":[{\"@type\":\"WebPage\",\"@id\":\"https:\/\/clientes.space\/michele-bond\/website\/peeling-tca\/\",\"url\":\"https:\/\/clientes.space\/michele-bond\/website\/peeling-tca\/\",\"name\":\"Peeling TCA | Michelle Bond Aesthetic Clinic | Lisboa\",\"isPartOf\":{\"@id\":\"https:\/\/clientes.space\/michele-bond\/website\/#website\"},\"datePublished\":\"2022-04-17T17:56:41+00:00\",\"dateModified\":\"2024-01-06T14:12:18+00:00\",\"description\":\"O peeling TCA (peeling de \u00e1cido tricloroac\u00e9tico ) \u00e9 um peeling m\u00e9dico indicado para amenizar manchas e marcas presentes na pele.\",\"breadcrumb\":{\"@id\":\"https:\/\/clientes.space\/michele-bond\/website\/peeling-tca\/#breadcrumb\"},\"inLanguage\":\"pt-PT\",\"potentialAction\":[{\"@type\":\"ReadAction\",\"target\":[\"https:\/\/clientes.space\/michele-bond\/website\/peeling-tca\/\"]}]},{\"@type\":\"BreadcrumbList\",\"@id\":\"https:\/\/clientes.space\/michele-bond\/website\/peeling-tca\/#breadcrumb\",\"itemListElement\":[{\"@type\":\"ListItem\",\"position\":1,\"name\":\"In\u00edcio\",\"item\":\"https:\/\/clientes.space\/michele-bond\/website\/\"},{\"@type\":\"ListItem\",\"position\":2,\"name\":\"Peeling TCA\"}]},{\"@type\":\"WebSite\",\"@id\":\"https:\/\/clientes.space\/michele-bond\/website\/#website\",\"url\":\"https:\/\/clientes.space\/michele-bond\/website\/\",\"name\":\"Michelle Bond - Holistic Health &amp; Beauty\",\"description\":\"Medicina Est\u00e9tica, Naturopatia, Nutri\u00e7\u00e3o e Fisioterapia\",\"potentialAction\":[{\"@type\":\"SearchAction\",\"target\":{\"@type\":\"EntryPoint\",\"urlTemplate\":\"https:\/\/clientes.space\/michele-bond\/website\/?s={search_term_string}\"},\"query-input\":\"required name=search_term_string\"}],\"inLanguage\":\"pt-PT\"}]}<\/script>\n<!-- \/ Yoast SEO plugin. -->","yoast_head_json":{"title":"Peeling TCA | Michelle Bond Aesthetic Clinic | Lisboa","description":"O peeling TCA (peeling de \u00e1cido tricloroac\u00e9tico ) \u00e9 um peeling m\u00e9dico indicado para amenizar manchas e marcas presentes na pele.","robots":{"index":"index","follow":"follow","max-snippet":"max-snippet:-1","max-image-preview":"max-image-preview:large","max-video-preview":"max-video-preview:-1"},"canonical":"https:\/\/clientes.space\/michele-bond\/website\/peeling-tca\/","og_locale":"pt_PT","og_type":"article","og_title":"Peeling TCA | Michelle Bond Aesthetic Clinic | Lisboa","og_description":"O peeling TCA (peeling de \u00e1cido tricloroac\u00e9tico ) \u00e9 um peeling m\u00e9dico indicado para amenizar manchas e marcas presentes na pele.","og_url":"https:\/\/clientes.space\/michele-bond\/website\/peeling-tca\/","og_site_name":"Michelle Bond Clinic | Lisboa","article_modified_time":"2024-01-06T14:12:18+00:00","og_image":[{"width":545,"height":255,"url":"https:\/\/clientes.space\/michele-bond\/website\/wp-content\/uploads\/2020\/11\/esteticas.jpg","type":"image\/jpeg"}],"twitter_card":"summary_large_image","twitter_misc":{"Tempo estimado de leitura":"5 minutos"},"schema":{"@context":"https:\/\/schema.org","@graph":[{"@type":"WebPage","@id":"https:\/\/clientes.space\/michele-bond\/website\/peeling-tca\/","url":"https:\/\/clientes.space\/michele-bond\/website\/peeling-tca\/","name":"Peeling TCA | Michelle Bond Aesthetic Clinic | Lisboa","isPartOf":{"@id":"https:\/\/clientes.space\/michele-bond\/website\/#website"},"datePublished":"2022-04-17T17:56:41+00:00","dateModified":"2024-01-06T14:12:18+00:00","description":"O peeling TCA (peeling de \u00e1cido tricloroac\u00e9tico ) \u00e9 um peeling m\u00e9dico indicado para amenizar manchas e marcas presentes na pele.","breadcrumb":{"@id":"https:\/\/clientes.space\/michele-bond\/website\/peeling-tca\/#breadcrumb"},"inLanguage":"pt-PT","potentialAction":[{"@type":"ReadAction","target":["https:\/\/clientes.space\/michele-bond\/website\/peeling-tca\/"]}]},{"@type":"BreadcrumbList","@id":"https:\/\/clientes.space\/michele-bond\/website\/peeling-tca\/#breadcrumb","itemListElement":[{"@type":"ListItem","position":1,"name":"In\u00edcio","item":"https:\/\/clientes.space\/michele-bond\/website\/"},{"@type":"ListItem","position":2,"name":"Peeling TCA"}]},{"@type":"WebSite","@id":"https:\/\/clientes.space\/michele-bond\/website\/#website","url":"https:\/\/clientes.space\/michele-bond\/website\/","name":"Michelle Bond - Holistic Health &amp; Beauty","description":"Medicina Est\u00e9tica, Naturopatia, Nutri\u00e7\u00e3o e Fisioterapia","potentialAction":[{"@type":"SearchAction","target":{"@type":"EntryPoint","urlTemplate":"https:\/\/clientes.space\/michele-bond\/website\/?s={search_term_string}"},"query-input":"required name=search_term_string"}],"inLanguage":"pt-PT"}]}},"_links":{"self":[{"href":"https:\/\/clientes.space\/michele-bond\/website\/wp-json\/wp\/v2\/pages\/13386"}],"collection":[{"href":"https:\/\/clientes.space\/michele-bond\/website\/wp-json\/wp\/v2\/pages"}],"about":[{"href":"https:\/\/clientes.space\/michele-bond\/website\/wp-json\/wp\/v2\/types\/page"}],"author":[{"embeddable":true,"href":"https:\/\/clientes.space\/michele-bond\/website\/wp-json\/wp\/v2\/users\/2"}],"replies":[{"embeddable":true,"href":"https:\/\/clientes.space\/michele-bond\/website\/wp-json\/wp\/v2\/comments?post=13386"}],"version-history":[{"count":5,"href":"https:\/\/clientes.space\/michele-bond\/website\/wp-json\/wp\/v2\/pages\/13386\/revisions"}],"predecessor-version":[{"id":22839,"href":"https:\/\/clientes.space\/michele-bond\/website\/wp-json\/wp\/v2\/pages\/13386\/revisions\/22839"}],"wp:featuredmedia":[{"embeddable":true,"href":"https:\/\/clientes.space\/michele-bond\/website\/wp-json\/wp\/v2\/media\/8068"}],"wp:attachment":[{"href":"https:\/\/clientes.space\/michele-bond\/website\/wp-json\/wp\/v2\/media?parent=13386"}],"curies":[{"name":"wp","href":"https:\/\/api.w.org\/{rel}","templated":true}]}}