{"id":16563,"date":"2022-11-09T12:39:28","date_gmt":"2022-11-09T12:39:28","guid":{"rendered":"https:\/\/clientes.space\/michele-bond\/website\/?page_id=16563"},"modified":"2023-09-22T12:51:52","modified_gmt":"2023-09-22T12:51:52","slug":"escleroterapia","status":"publish","type":"page","link":"https:\/\/clientes.space\/michele-bond\/website\/escleroterapia\/","title":{"rendered":"Escleroterapia"},"content":{"rendered":"<p>[vc_row content_width=&#8221;grid&#8221; el_class=&#8221;first-section&#8221; css=&#8221;.vc_custom_1481240302876{padding-top: 60px !important;}&#8221;][vc_column width=&#8221;1\/2&#8243;]<div class=\"mkdf-section-title-holder\">\n\t<h2 class=\"mkdf-section-title mkdf-section-title-small\" style=\"text-transform: none;text-align: left\">\n\tVarizes e Derrames<\/h2>\n<\/div>[vc_column_text]<\/p>\n<p id=\"tw-target-text\" class=\"tw-data-text tw-text-large tw-ta\" dir=\"ltr\" data-placeholder=\"Tradu\u00e7\u00e3o\">Ter varizes e\/ou telangiectasias (derrames) nas pernas podem afetar de forma negativa a auto-estima de uma mulher.<\/p>\n<p class=\"tw-data-text tw-text-large tw-ta\" dir=\"ltr\" data-placeholder=\"Tradu\u00e7\u00e3o\"><span class=\"Y2IQFc\" lang=\"pt\">As varizes geralmente ficam inchadas e, \u00e0s vezes, at\u00e9 caro\u00e7os aparecem na pele. A colora\u00e7\u00e3o azulada ou avermelhada torna-as dif\u00edceis de esconder. Embora os derrames sejam menores e menos evidentes, eles ainda podem ter um efeito prejudicial na auto-estima.<\/span><\/p>\n<p dir=\"ltr\" data-placeholder=\"Tradu\u00e7\u00e3o\"><span class=\"Y2IQFc\" lang=\"pt\">As varizes e os derrames <\/span><span class=\"Y2IQFc\" lang=\"pt\">ocorrem quando as v\u00e1lvulas que sustentam o fluxo de sangue de volta ao cora\u00e7\u00e3o deixam de funcionar corretamente, fazendo com que o sangue flua de forma errada e causando incha\u00e7o.<\/span><\/p>\n<p>[\/vc_column_text][vc_empty_space][\/vc_column][vc_column width=&#8221;1\/2&#8243;]<div class=\"mkdf-section-title-holder\">\n\t<h2 class=\"mkdf-section-title mkdf-section-title-small\" style=\"text-transform: none;text-align: left\">\n\tEscleroterapia<\/h2>\n<\/div>[vc_column_text]<\/p>\n<p id=\"tw-target-text\" class=\"tw-data-text tw-text-large tw-ta\" dir=\"ltr\" data-placeholder=\"Tradu\u00e7\u00e3o\"><span class=\"Y2IQFc\" lang=\"pt\">Felizmente, existem <\/span><span class=\"Y2IQFc\" lang=\"pt\">tratamentos eficazes para tratar varizes e derrames. Na nossa cl\u00ednica utilizamos a escleroterapia para ajudar voc\u00ea a obter pernas lisas e sem manchas.<\/span><\/p>\n<p id=\"tw-target-text\" class=\"tw-data-text tw-text-large tw-ta\" dir=\"ltr\" data-placeholder=\"Tradu\u00e7\u00e3o\"><span class=\"Y2IQFc\" lang=\"pt\">A escleroterapia conhecida popularmente como \u201ctratamento de secar varizes\u201d, \u00e9 um procedimento que ajuda a erradicar varizes e derrames, redirecionando o sangue por vias alternativas \u200b\u200be n\u00e3o danificadas. Este processo leva alguns dias para se estabelecer e determina o desaparecimento da grande maioria das veias, proporcionando um resultado est\u00e9tico satisfat\u00f3rio.\u00a0 Durante o procedimento, agulhas muito finas s\u00e3o usadas para injetar um l\u00edquido na veia, fazendo com que ela colapse e seja reabsorvida no tecido e removida do corpo por processos naturais, desaparecendo em um m\u00eas. No entanto, algumas veias podem apenas reduzir de forma significativa seu tamanho, n\u00e3o desaparecendo por completo.<\/span><\/p>\n<p class=\"tw-data-text tw-text-large tw-ta\" dir=\"ltr\" data-placeholder=\"Tradu\u00e7\u00e3o\"><span class=\"Y2IQFc\" lang=\"pt\">Este procedimento s\u00f3 pode ser realizado por m\u00e9dicos. \u00c9 um tratamento simples, ambulatorial, n\u00e3o requer nenhum tipo de preparo especial, dispensa anestesia, jejum e exames laboratoriais.<\/span><\/p>\n<p>[\/vc_column_text][vc_empty_space][\/vc_column][\/vc_row][vc_row content_width=&#8221;grid&#8221; el_class=&#8221;first-section&#8221; css=&#8221;.vc_custom_1481238748781{padding-bottom: 50px !important;}&#8221;][vc_column width=&#8221;1\/2&#8243;]<div class=\"mkdf-section-title-holder\">\n\t<h2 class=\"mkdf-section-title mkdf-section-title-small\" style=\"text-transform: none;text-align: left\">\n\tCausas<\/h2>\n<\/div>[vc_column_text]<\/p>\n<p class=\"tw-data-text tw-text-large tw-ta\" dir=\"ltr\" data-placeholder=\"Tradu\u00e7\u00e3o\"><span class=\"Y2IQFc\" lang=\"pt\">Muitas vezes, as varizes e derrames s\u00e3o heredit\u00e1rios, outras vezes ocorrem devido \u00e0:<\/span><\/p>\n<ul>\n<li class=\"tw-data-text tw-text-large tw-ta\" dir=\"ltr\" data-placeholder=\"Tradu\u00e7\u00e3o\"><span class=\"Y2IQFc\" lang=\"pt\">altera\u00e7\u00f5es hormonais, como durante a puberdade, menopausa ou gravidez,<\/span><\/li>\n<li class=\"tw-data-text tw-text-large tw-ta\" dir=\"ltr\" data-placeholder=\"Tradu\u00e7\u00e3o\"><span class=\"Y2IQFc\" lang=\"pt\">obesidade,<\/span><\/li>\n<li class=\"tw-data-text tw-text-large tw-ta\" dir=\"ltr\" data-placeholder=\"Tradu\u00e7\u00e3o\"><span class=\"Y2IQFc\" lang=\"pt\">passar l<\/span><span class=\"Y2IQFc\" lang=\"pt\">ongos per\u00edodos em p\u00e9.\u00a0<\/span><\/li>\n<\/ul>\n<p><span class=\"Y2IQFc\" lang=\"pt\">Na maior parte dos casos, n\u00e3o h\u00e1 sintomas embora algumas pessoas podem sentir desconforto e dor na \u00e1rea.<\/span>[\/vc_column_text][vc_empty_space][\/vc_column][vc_column width=&#8221;1\/2&#8243;]<div class=\"mkdf-section-title-holder\">\n\t<h2 class=\"mkdf-section-title mkdf-section-title-small\" style=\"text-transform: none;text-align: left\">\n\tPre\u00e7o<\/h2>\n<\/div>[vc_column_text]<\/p>\n<ul>\n<li>1 sess\u00e3o : 150\u20ac<\/li>\n<\/ul>\n<p>[\/vc_column_text][vc_empty_space][vc_single_image image=&#8221;16703&#8243; img_size=&#8221;medium&#8221; alignment=&#8221;center&#8221; style=&#8221;vc_box_circle&#8221;][\/vc_column][\/vc_row][vc_row css=&#8221;.vc_custom_1566923451957{background-color: #fafafa !important;}&#8221;][vc_column]\n\n\t<div class=\"mkdf-call-to-action normal\" style=\"padding: 20px;\">\n\n\t\t\t\t<div class=\"mkdf-container-inner\">\n\t\t\t\t\t<div class=\"mkdf-call-to-action-row-75-25 clearfix\">\n\t\t\n\t\t\t\t<div class=\"mkdf-text-wrapper mkdf-call-to-action-column1 mkdf-call-to-action-cell\">\n\n\t\t\t\t\n\t\t\t\t\t<div class=\"mkdf-call-to-action-text\" >\n\t\t\t\t\t\t\n<h2 class=\"p1\" style=\"margin-top: 10px !important;\"><strong>Agende hoje a sua consulta de avalia\u00e7\u00e3o<\/strong><\/h2>\n\t\t\t\t\t<\/div>\n\n\t\t\t\t<\/div>\n\n\t\t\t\t\n\t\t\t\t\t<div class=\"mkdf-button-wrapper mkdf-call-to-action-column2 mkdf-call-to-action-cell\" style =\"text-align: right ;\">\n\n\t\t\t\t\t\t<a href=\"\/marcar-consulta\/\" target=\"_self\"  class=\"mkdf-btn mkdf-btn-medium mkdf-btn-solid mkdf-btn-hover-outline\"  >\t\t\t\t<span class=\"mkdf-btn-helper\" ><\/span>\t\t<span class=\"mkdf-btn-text\">Marcar Consulta<\/span><\/a>\n\t\t\t\t\t<\/div>\n\n\t\t\t\t\n\t\t\t<\/div>\n\n\t\t\t\t<\/div>\n\t\t\n\t<\/div>\n\n[\/vc_column][\/vc_row][vc_row content_width=&#8221;grid&#8221; css=&#8221;.vc_custom_1589063797352{padding-top: 90px !important;padding-bottom: 90px !important;background-color: #fafafa !important;}&#8221;][vc_column]<div class=\"mkdf-section-title-holder\">\n\t<h2 class=\"mkdf-section-title mkdf-section-title-medium\" style=\"text-transform: capitalize;text-align: center\">\n\tPerguntas Frequentes<\/h2>\n<\/div><div class=\"mkdf-accordion-holder clearfix mkdf-accordion mkdf-initial \">\n\t<h5 class=\"clearfix mkdf-title-holder\">\n<span class=\"mkdf-accordion-mark mkdf-left-mark\">\n\t\t<span class=\"mkdf-accordion-mark-icon\">\n\t\t\t<span class=\"icon_plus\"><\/span>\n\t\t\t<span class=\"icon_minus-06\"><\/span>\n\t\t<\/span>\n<\/span>\n<span class=\"mkdf-tab-title\">\n\t\t<span class=\"mkdf-tab-title-inner\">\n\t\t\t\t\t\tQuais s\u00e3o as contra-indica\u00e7\u00f5es?\t\t<\/span>\n<\/span>\n<\/h5>\n<div class=\"mkdf-accordion-content\">\n\t<div class=\"mkdf-accordion-content-inner\">\n\t\t[vc_column_text]As contra-indica\u00e7\u00f5es da escleroterapia s\u00e3o:<\/p>\n<ul>\n<li>Varizes grandes;<\/li>\n<li>Gestantes;<\/li>\n<li>Pacientes que tenham doen\u00e7as graves, principalmente se estiverem sem tratamento adequado;<\/li>\n<li>Pacientes que fazem uso de anti-coagulantes.<\/li>\n<\/ul>\n<p>[\/vc_column_text]\n\t\t\t<\/div>\n<\/div>\n<h5 class=\"clearfix mkdf-title-holder\">\n<span class=\"mkdf-accordion-mark mkdf-left-mark\">\n\t\t<span class=\"mkdf-accordion-mark-icon\">\n\t\t\t<span class=\"icon_plus\"><\/span>\n\t\t\t<span class=\"icon_minus-06\"><\/span>\n\t\t<\/span>\n<\/span>\n<span class=\"mkdf-tab-title\">\n\t\t<span class=\"mkdf-tab-title-inner\">\n\t\t\t\t\t\tQuais s\u00e3o os cuidados p\u00f3s-procedimento?\t\t<\/span>\n<\/span>\n<\/h5>\n<div class=\"mkdf-accordion-content\">\n\t<div class=\"mkdf-accordion-content-inner\">\n\t\t[vc_column_text]<\/p>\n<ul>\n<li>N\u00e3o co\u00e7ar a zona tratada;<\/li>\n<li>Alguns pacientes podem apresentar pequenos sangramentos pr\u00f3ximos as pun\u00e7\u00f5es. Raramento ocorrem heamatomas;<\/li>\n<li>Deve-se usar meia el\u00e1stica pelo per\u00edodo recomendado pelo m\u00e9dico;<\/li>\n<li>Deve-se evitar exposi\u00e7\u00e3o solar;<\/li>\n<li>N\u00e3o \u00e9 recomendado fazer atividade f\u00edsica no mesmo dia ap\u00f3s o procedimento, mas poder\u00e1 ser retomada no dia a seguir ao tratamento;<\/li>\n<li>O tempo entre sess\u00f5es varia de acordo com cada paciente.<\/li>\n<\/ul>\n<p>[\/vc_column_text]\n\t\t\t<\/div>\n<\/div>\n<\/div>[\/vc_column][\/vc_row][vc_row content_width=&#8221;grid&#8221; css=&#8221;.vc_custom_1566923672484{border-top-width: 1px !important;border-bottom-width: 1px !important;padding-top: 60px !important;padding-bottom: 60px !important;}&#8221; el_id=&#8221;logo-revistas&#8221;][vc_column][vc_column_text]\n\t\t<style>\n\t\t\t#wpls-logo-showcase-slider-1 .wpls-fix-box,\n\t\t\t#wpls-logo-showcase-slider-1 .wpls-fix-box img.wp-post-image{max-height:250px; }\n\t\t<\/style>\n\n\t\t<div class=\"wpls-wrap wpls-logo-showcase-slider-wrp wpls-logo-clearfix wpls-design-1 \" data-conf=\"{&quot;slides_column&quot;:&quot;4&quot;,&quot;slides_scroll&quot;:1,&quot;dots&quot;:&quot;true&quot;,&quot;arrows&quot;:&quot;true&quot;,&quot;autoplay&quot;:&quot;true&quot;,&quot;autoplay_interval&quot;:3000,&quot;loop&quot;:&quot;true&quot;,&quot;rtl&quot;:&quot;false&quot;,&quot;speed&quot;:800,&quot;center_mode&quot;:&quot;false&quot;,&quot;lazyload&quot;:&quot;&quot;}\">\n\t\t\t<div class=\"wpls-logo-showcase logo_showcase wpls-logo-slider  sliderimage_hide_border \" id=\"wpls-logo-showcase-slider-1\" >\n\t\t\t\t<div class=\"wpls-logo-cnt\">\n\t<div class=\"wpls-fix-box\">\n\t\t\t\t<img class=\"wp-post-image\"  src=\"https:\/\/clientes.space\/michele-bond\/website\/wp-content\/uploads\/2018\/08\/womens-health-1.png\" alt=\"womens-health\" \/>\n\t\t\t<\/div>\n\t<\/div><div class=\"wpls-logo-cnt\">\n\t<div class=\"wpls-fix-box\">\n\t\t\t\t<img class=\"wp-post-image\"  src=\"https:\/\/clientes.space\/michele-bond\/website\/wp-content\/uploads\/2018\/08\/Rede_Vida_logo-1.png\" alt=\"Rede_Vida\" \/>\n\t\t\t<\/div>\n\t<\/div><div class=\"wpls-logo-cnt\">\n\t<div class=\"wpls-fix-box\">\n\t\t\t\t<img class=\"wp-post-image\"  src=\"https:\/\/clientes.space\/michele-bond\/website\/wp-content\/uploads\/2018\/08\/forever_young_logo.png\" alt=\"forever_young\" \/>\n\t\t\t<\/div>\n\t<\/div><div class=\"wpls-logo-cnt\">\n\t<div class=\"wpls-fix-box\">\n\t\t\t\t<img class=\"wp-post-image\"  src=\"https:\/\/clientes.space\/michele-bond\/website\/wp-content\/uploads\/2018\/08\/SVBlog_Logo-1.png\" alt=\"SVBlog\" \/>\n\t\t\t<\/div>\n\t<\/div>\t\t\t<\/div>\n\t\t<\/div>\n\n\t\t[\/vc_column_text][\/vc_column][\/vc_row][vc_row row_type=&#8221;parallax&#8221; full_screen_section_height=&#8221;no&#8221; parallax_background_image=&#8221;164&#8243; css=&#8221;.vc_custom_1481238989291{padding-top: 65px !important;padding-bottom: 65px !important;}&#8221;][vc_column]<div class=\"mkdf-section-title-holder\">\n\t<h2 class=\"mkdf-section-title mkdf-section-title-medium\" style=\"color: #ffffff;text-transform: capitalize;text-align: center\">\n\tClientes Satisfeitos<\/h2>\n<\/div>[vc_empty_space]<div class=\"mkdf-testimonials-holder clearfix light\"><div class=\"mkdf-testimonials testimonials-slider\"><div id=\"mkdf-testimonials83\" class=\"mkdf-testimonial-content testimonials-slider\">\n\t<div class=\"mkdf-testimonial-content-inner\">\n\t\t\t\t\t<div class= \"mkdf-container-inner\">\n\t\t\t\t<div class=\"mkdf-testimonial-text-holder\">\n\t\t\t<div class=\"mkdf-testimonial-text-inner light\">\n\t\t\t\t\t\t\t\t<p class=\"mkdf-testimonial-text\" >Depois de ter o meu segundo filho, e de maus h\u00e1bitos alimentares, ganhei muito peso. Com o acompanhamento que tive na Cl\u00ednica consegui perder 7 quilos e agora sinto-me muito bem! Obrigado a todos.<\/p>\n\t\t\t\t\t\t\t\t\t<div class=\"mkdf-testimonial-author\">\n\t\t\t\t\t\t<h3 class=\"mkdf-testimonial-author-text light\">F\u00e1tima (38 Anos)<\/h3>\n\t\t\t\t\t\t\t\t\t\t\t\t\t<span class=\"mkdf-testimonials-job light\">Lisboa<\/span>\n\t\t\t\t\t\t\t\t\t\t\t<\/div>\n\t\t\t\t\t\t\t<\/div>\n\t\t<\/div>\n\n\t\t\t\t\t<\/div>\n\t\t\t<\/div>\n<\/div>\n<div id=\"mkdf-testimonials82\" class=\"mkdf-testimonial-content testimonials-slider\">\n\t<div class=\"mkdf-testimonial-content-inner\">\n\t\t\t\t\t<div class= \"mkdf-container-inner\">\n\t\t\t\t<div class=\"mkdf-testimonial-text-holder\">\n\t\t\t<div class=\"mkdf-testimonial-text-inner light\">\n\t\t\t\t\t\t\t\t<p class=\"mkdf-testimonial-text\" >Sempre tive muitas dificuldades em dormir, tentei muitas terapias mas s\u00f3 com a ajuda da Dra Michelle \u00e9 que descobri o que \u00e9 uma boa noite de sono. Sou hoje uma pessoa diferente e com muito mais energia.<\/p>\n\t\t\t\t\t\t\t\t\t<div class=\"mkdf-testimonial-author\">\n\t\t\t\t\t\t<h3 class=\"mkdf-testimonial-author-text light\">Carla (45 Anos)<\/h3>\n\t\t\t\t\t\t\t\t\t\t\t\t\t<span class=\"mkdf-testimonials-job light\">Alg\u00e9s<\/span>\n\t\t\t\t\t\t\t\t\t\t\t<\/div>\n\t\t\t\t\t\t\t<\/div>\n\t\t<\/div>\n\n\t\t\t\t\t<\/div>\n\t\t\t<\/div>\n<\/div>\n<\/div><\/div>[\/vc_column][\/vc_row][vc_row][vc_column]\n\n\t<div class=\"mkdf-call-to-action normal\" style=\"padding: 20px;\">\n\n\t\t\t\t<div class=\"mkdf-container-inner\">\n\t\t\t\t\t<div class=\"mkdf-call-to-action-row-75-25 clearfix\">\n\t\t\n\t\t\t\t<div class=\"mkdf-text-wrapper mkdf-call-to-action-column1 mkdf-call-to-action-cell\">\n\n\t\t\t\t\n\t\t\t\t\t<div class=\"mkdf-call-to-action-text\" >\n\t\t\t\t\t\t\n<h2 class=\"p1\" style=\"margin-top: 10px !important;\"><strong>Agende hoje a sua consulta<\/strong><\/h2>\n\t\t\t\t\t<\/div>\n\n\t\t\t\t<\/div>\n\n\t\t\t\t\n\t\t\t\t\t<div class=\"mkdf-button-wrapper mkdf-call-to-action-column2 mkdf-call-to-action-cell\" style =\"text-align: right ;\">\n\n\t\t\t\t\t\t<a href=\"\/marcar-consulta\/\" target=\"_self\"  class=\"mkdf-btn mkdf-btn-medium mkdf-btn-solid mkdf-btn-hover-outline\"  >\t\t\t\t<span class=\"mkdf-btn-helper\" ><\/span>\t\t<span class=\"mkdf-btn-text\">Marcar Consulta<\/span><\/a>\n\t\t\t\t\t<\/div>\n\n\t\t\t\t\n\t\t\t<\/div>\n\n\t\t\t\t<\/div>\n\t\t\n\t<\/div>\n\n[\/vc_column][\/vc_row]<\/p>\n","protected":false},"excerpt":{"rendered":"<p>[vc_row content_width=&#8221;grid&#8221; el_class=&#8221;first-section&#8221; css=&#8221;.vc_custom_1481240302876{padding-top: 60px !important;}&#8221;][vc_column width=&#8221;1\/2&#8243;][vc_column_text] Ter varizes e\/ou telangiectasias (derrames) nas pernas podem afetar de forma negativa a&#8230;<\/p>\n","protected":false},"author":2,"featured_media":13421,"parent":0,"menu_order":0,"comment_status":"closed","ping_status":"closed","template":"full-width.php","meta":{"content-type":"","footnotes":""},"yoast_head":"<!-- This site is optimized with the Yoast SEO plugin v21.7 - https:\/\/yoast.com\/wordpress\/plugins\/seo\/ -->\n<title>Escleroterapia no Parque das Na\u00e7\u00f5es - Cl\u00ednica Michelle Bond<\/title>\n<meta name=\"description\" content=\"A escleroterapia conhecida popularmente como \u201csecagem de varizes e derrames\u201d, \u00e9 um procedimento que ajuda a erradicar varizes e derrames\" \/>\n<meta name=\"robots\" content=\"index, follow, max-snippet:-1, max-image-preview:large, max-video-preview:-1\" \/>\n<link rel=\"canonical\" href=\"https:\/\/clientes.space\/michele-bond\/website\/escleroterapia\/\" \/>\n<meta property=\"og:locale\" content=\"pt_PT\" \/>\n<meta property=\"og:type\" content=\"article\" \/>\n<meta property=\"og:title\" content=\"Escleroterapia no Parque das Na\u00e7\u00f5es - Cl\u00ednica Michelle Bond\" \/>\n<meta property=\"og:description\" content=\"A escleroterapia conhecida popularmente como \u201csecagem de varizes e derrames\u201d, \u00e9 um procedimento que ajuda a erradicar varizes e derrames\" \/>\n<meta property=\"og:url\" content=\"https:\/\/clientes.space\/michele-bond\/website\/escleroterapia\/\" \/>\n<meta property=\"og:site_name\" content=\"Michelle Bond Clinic | Lisboa\" \/>\n<meta property=\"article:modified_time\" content=\"2023-09-22T12:51:52+00:00\" \/>\n<meta property=\"og:image\" content=\"https:\/\/clientes.space\/michele-bond\/website\/wp-content\/uploads\/2022\/04\/massagem-modeladora.jpg\" \/>\n\t<meta property=\"og:image:width\" content=\"1702\" \/>\n\t<meta property=\"og:image:height\" content=\"630\" \/>\n\t<meta property=\"og:image:type\" content=\"image\/jpeg\" \/>\n<meta name=\"twitter:card\" content=\"summary_large_image\" \/>\n<meta name=\"twitter:label1\" content=\"Tempo estimado de leitura\" \/>\n\t<meta name=\"twitter:data1\" content=\"3 minutos\" \/>\n<script type=\"application\/ld+json\" class=\"yoast-schema-graph\">{\"@context\":\"https:\/\/schema.org\",\"@graph\":[{\"@type\":\"WebPage\",\"@id\":\"https:\/\/clientes.space\/michele-bond\/website\/escleroterapia\/\",\"url\":\"https:\/\/clientes.space\/michele-bond\/website\/escleroterapia\/\",\"name\":\"Escleroterapia no Parque das Na\u00e7\u00f5es - Cl\u00ednica Michelle Bond\",\"isPartOf\":{\"@id\":\"https:\/\/clientes.space\/michele-bond\/website\/#website\"},\"datePublished\":\"2022-11-09T12:39:28+00:00\",\"dateModified\":\"2023-09-22T12:51:52+00:00\",\"description\":\"A escleroterapia conhecida popularmente como \u201csecagem de varizes e derrames\u201d, \u00e9 um procedimento que ajuda a erradicar varizes e derrames\",\"breadcrumb\":{\"@id\":\"https:\/\/clientes.space\/michele-bond\/website\/escleroterapia\/#breadcrumb\"},\"inLanguage\":\"pt-PT\",\"potentialAction\":[{\"@type\":\"ReadAction\",\"target\":[\"https:\/\/clientes.space\/michele-bond\/website\/escleroterapia\/\"]}]},{\"@type\":\"BreadcrumbList\",\"@id\":\"https:\/\/clientes.space\/michele-bond\/website\/escleroterapia\/#breadcrumb\",\"itemListElement\":[{\"@type\":\"ListItem\",\"position\":1,\"name\":\"In\u00edcio\",\"item\":\"https:\/\/clientes.space\/michele-bond\/website\/\"},{\"@type\":\"ListItem\",\"position\":2,\"name\":\"Escleroterapia\"}]},{\"@type\":\"WebSite\",\"@id\":\"https:\/\/clientes.space\/michele-bond\/website\/#website\",\"url\":\"https:\/\/clientes.space\/michele-bond\/website\/\",\"name\":\"Michelle Bond - Holistic Health &amp; Beauty\",\"description\":\"Medicina Est\u00e9tica, Naturopatia, Nutri\u00e7\u00e3o e Fisioterapia\",\"potentialAction\":[{\"@type\":\"SearchAction\",\"target\":{\"@type\":\"EntryPoint\",\"urlTemplate\":\"https:\/\/clientes.space\/michele-bond\/website\/?s={search_term_string}\"},\"query-input\":\"required name=search_term_string\"}],\"inLanguage\":\"pt-PT\"}]}<\/script>\n<!-- \/ Yoast SEO plugin. -->","yoast_head_json":{"title":"Escleroterapia no Parque das Na\u00e7\u00f5es - Cl\u00ednica Michelle Bond","description":"A escleroterapia conhecida popularmente como \u201csecagem de varizes e derrames\u201d, \u00e9 um procedimento que ajuda a erradicar varizes e derrames","robots":{"index":"index","follow":"follow","max-snippet":"max-snippet:-1","max-image-preview":"max-image-preview:large","max-video-preview":"max-video-preview:-1"},"canonical":"https:\/\/clientes.space\/michele-bond\/website\/escleroterapia\/","og_locale":"pt_PT","og_type":"article","og_title":"Escleroterapia no Parque das Na\u00e7\u00f5es - Cl\u00ednica Michelle Bond","og_description":"A escleroterapia conhecida popularmente como \u201csecagem de varizes e derrames\u201d, \u00e9 um procedimento que ajuda a erradicar varizes e derrames","og_url":"https:\/\/clientes.space\/michele-bond\/website\/escleroterapia\/","og_site_name":"Michelle Bond Clinic | Lisboa","article_modified_time":"2023-09-22T12:51:52+00:00","og_image":[{"width":1702,"height":630,"url":"https:\/\/clientes.space\/michele-bond\/website\/wp-content\/uploads\/2022\/04\/massagem-modeladora.jpg","type":"image\/jpeg"}],"twitter_card":"summary_large_image","twitter_misc":{"Tempo estimado de leitura":"3 minutos"},"schema":{"@context":"https:\/\/schema.org","@graph":[{"@type":"WebPage","@id":"https:\/\/clientes.space\/michele-bond\/website\/escleroterapia\/","url":"https:\/\/clientes.space\/michele-bond\/website\/escleroterapia\/","name":"Escleroterapia no Parque das Na\u00e7\u00f5es - Cl\u00ednica Michelle Bond","isPartOf":{"@id":"https:\/\/clientes.space\/michele-bond\/website\/#website"},"datePublished":"2022-11-09T12:39:28+00:00","dateModified":"2023-09-22T12:51:52+00:00","description":"A escleroterapia conhecida popularmente como \u201csecagem de varizes e derrames\u201d, \u00e9 um procedimento que ajuda a erradicar varizes e derrames","breadcrumb":{"@id":"https:\/\/clientes.space\/michele-bond\/website\/escleroterapia\/#breadcrumb"},"inLanguage":"pt-PT","potentialAction":[{"@type":"ReadAction","target":["https:\/\/clientes.space\/michele-bond\/website\/escleroterapia\/"]}]},{"@type":"BreadcrumbList","@id":"https:\/\/clientes.space\/michele-bond\/website\/escleroterapia\/#breadcrumb","itemListElement":[{"@type":"ListItem","position":1,"name":"In\u00edcio","item":"https:\/\/clientes.space\/michele-bond\/website\/"},{"@type":"ListItem","position":2,"name":"Escleroterapia"}]},{"@type":"WebSite","@id":"https:\/\/clientes.space\/michele-bond\/website\/#website","url":"https:\/\/clientes.space\/michele-bond\/website\/","name":"Michelle Bond - Holistic Health &amp; Beauty","description":"Medicina Est\u00e9tica, Naturopatia, Nutri\u00e7\u00e3o e Fisioterapia","potentialAction":[{"@type":"SearchAction","target":{"@type":"EntryPoint","urlTemplate":"https:\/\/clientes.space\/michele-bond\/website\/?s={search_term_string}"},"query-input":"required name=search_term_string"}],"inLanguage":"pt-PT"}]}},"_links":{"self":[{"href":"https:\/\/clientes.space\/michele-bond\/website\/wp-json\/wp\/v2\/pages\/16563"}],"collection":[{"href":"https:\/\/clientes.space\/michele-bond\/website\/wp-json\/wp\/v2\/pages"}],"about":[{"href":"https:\/\/clientes.space\/michele-bond\/website\/wp-json\/wp\/v2\/types\/page"}],"author":[{"embeddable":true,"href":"https:\/\/clientes.space\/michele-bond\/website\/wp-json\/wp\/v2\/users\/2"}],"replies":[{"embeddable":true,"href":"https:\/\/clientes.space\/michele-bond\/website\/wp-json\/wp\/v2\/comments?post=16563"}],"version-history":[{"count":11,"href":"https:\/\/clientes.space\/michele-bond\/website\/wp-json\/wp\/v2\/pages\/16563\/revisions"}],"predecessor-version":[{"id":22194,"href":"https:\/\/clientes.space\/michele-bond\/website\/wp-json\/wp\/v2\/pages\/16563\/revisions\/22194"}],"wp:featuredmedia":[{"embeddable":true,"href":"https:\/\/clientes.space\/michele-bond\/website\/wp-json\/wp\/v2\/media\/13421"}],"wp:attachment":[{"href":"https:\/\/clientes.space\/michele-bond\/website\/wp-json\/wp\/v2\/media?parent=16563"}],"curies":[{"name":"wp","href":"https:\/\/api.w.org\/{rel}","templated":true}]}}