{"id":16689,"date":"2022-11-17T11:18:22","date_gmt":"2022-11-17T11:18:22","guid":{"rendered":"https:\/\/clientes.space\/michele-bond\/website\/?page_id=16689"},"modified":"2023-09-22T10:47:39","modified_gmt":"2023-09-22T10:47:39","slug":"cooking-classes-for-maids-lisbon","status":"publish","type":"page","link":"https:\/\/clientes.space\/michele-bond\/website\/cooking-classes-for-maids-lisbon\/","title":{"rendered":"Cooking Classes for Maids"},"content":{"rendered":"<p>[vc_row content_width=&#8221;grid&#8221; el_class=&#8221;first-section&#8221; css=&#8221;.vc_custom_1481240302876{padding-top: 60px !important;}&#8221;][vc_column width=&#8221;1\/2&#8243;]<div class=\"mkdf-section-title-holder\">\n\t<h2 class=\"mkdf-section-title mkdf-section-title-small\" style=\"text-transform: none;text-align: left\">\n\tWhy your maid needs this class<\/h2>\n<\/div>[vc_column_text]We all have different lives, but regardless of our individual circunstantes, most of us want to<strong> live a happy and healthy life.<\/strong> One important step for living a happier life is being healthy. And <strong>being healthy starts in the kitchen.<\/strong><\/p>\n<p>While some people consider cooking to be an activity in which to indulge themselves, a lot of us simply don&#8217;t have the time or the patience. So you hire a maid to help, but what if her cooking skills aren&#8217;t exactly what you are looking for, needs improvement, or:<\/p>\n<ul>\n<li>You follow a specific diet and need help preparing meals?<\/li>\n<li>You or someone in your family have\u00a0 food intolerances or allergies and need help adapting recipes?<\/li>\n<li>You want to eat healthier but don&#8217;t know where to start?<\/li>\n<\/ul>\n<p><strong>Food has the power to affect you both physically and mentally<\/strong>, inspiring positive changes not only in the way you eat, but hopefully in the eating habits of the people around you as well. <strong>Food is there to be appreciated and enjoyed.<\/strong>[\/vc_column_text][vc_single_image image=&#8221;9279&#8243; img_size=&#8221;250&#215;200&#8243; alignment=&#8221;center&#8221; style=&#8221;vc_box_border_circle_2&#8243; css=&#8221;.vc_custom_1669126978515{padding-top: 20px !important;}&#8221;][vc_empty_space][\/vc_column][vc_column width=&#8221;1\/2&#8243;]<div class=\"mkdf-section-title-holder\">\n\t<h2 class=\"mkdf-section-title mkdf-section-title-small\" style=\"text-transform: none;text-align: left\">\n\tProgram structure<\/h2>\n<\/div>[vc_column_text]<strong>Lesson 1: Basic Kitchen Skills<\/strong><\/p>\n<p>In the first class, we teach your maid basic kitchen skills. We cover personal hygiene, kitchen hygiene, hygienically handling and storing food, knife safety, and preparing to cook.\u00a0 She will learn the ins and outs of following recipes and making basic adjustments, as well as how to tweak these recipes to incorporate different ingredients. We will also teach her how to read food labels, so she knows how to choose the best food products for your meals.<\/p>\n<p>This is the class we will get to know your maid and her current skills, so we will have a clear indication of how proceed in the next classes. After lesson one, we can teach just about anything you would like. We have lots menu options you can choose from. But these options are flexible and you decide the dishes you want your maid to learn. Here are some suggestions:<\/p>\n<p><strong>Lesson 2: Tasty Breakfasts and Snacks<\/strong><\/p>\n<ul>\n<li>Introduction to preparing a nutritious breakfast, choosing the healthier types of bread, homemade pancakes, cooking eggs and nutritious juices and smoothies.<\/li>\n<\/ul>\n<p><strong>Lesson 3: Nourishing Lunches<\/strong><\/p>\n<ul>\n<li>Introduction to preparing vegetables to preserve their nutrient content, preparing salads, salad dressings, cooking grains and legumes, healthy pastas.<\/li>\n<\/ul>\n<p><strong>Lesson 4: Delicious Dinners<\/strong><\/p>\n<ul>\n<li>Planning a menu, preparing meat, preparing fish and seafood, preparing plant-based meals and\u00a0soups.<\/li>\n<\/ul>\n<p>[\/vc_column_text][vc_empty_space][\/vc_column][\/vc_row][vc_row content_width=&#8221;grid&#8221; el_class=&#8221;first-section&#8221; css=&#8221;.vc_custom_1481238748781{padding-bottom: 50px !important;}&#8221;][vc_column width=&#8221;1\/2&#8243;]<div class=\"mkdf-section-title-holder\">\n\t<h2 class=\"mkdf-section-title mkdf-section-title-small\" style=\"text-transform: none;text-align: left\">\n\tHow does it work?<\/h2>\n<\/div>[vc_column_text]We create a program that\u00a0 is personalized to <strong>teach your maid to get it right<\/strong>. She will gain a vast array of healthy and delicious recipes to add to your family recipe book, all of which are easy to learn and replicate.<\/p>\n<p>Since there&#8217;s certainly no one-size-fits-all in terms of food choices, your maid will learn to make recipes to suit your family\u2019s taste buds, and that will also <strong>nourish you and your loved ones.<\/strong><\/p>\n<p>We want to ensure that each recipe embraces all the food groups and different ingredients super-rich in nutrients, vitamins and minerals.<\/p>\n<p><strong>This program was developed by a team of nutritionists and a qualified chef,<\/strong> in which your maid will have 4 classes of 4 hours each, hosted in your kitchen.[\/vc_column_text][vc_empty_space][\/vc_column][vc_column width=&#8221;1\/2&#8243;]<div class=\"mkdf-section-title-holder\">\n\t<h2 class=\"mkdf-section-title mkdf-section-title-small\" style=\"text-transform: none;text-align: left\">\n\tCost<\/h2>\n<\/div>[vc_column_text]Course duration: 4 lessons once a week for 4 weeks<\/p>\n<p>Duration of lesson: 4 hours<\/p>\n<p>Price: 1200\u20ac<\/p>\n<p>Time: 9:30 to 1:30[\/vc_column_text][vc_single_image image=&#8221;10664&#8243; img_size=&#8221;250&#215;200&#8243; alignment=&#8221;center&#8221; style=&#8221;vc_box_border_circle_2&#8243; css=&#8221;.vc_custom_1669043266414{padding-top: 20px !important;}&#8221;][vc_empty_space][\/vc_column][\/vc_row][vc_row css=&#8221;.vc_custom_1669152520311{background-color: #fafafa !important;}&#8221;][vc_column]\n\n\t<div class=\"mkdf-call-to-action normal\" style=\"padding: 20px;\">\n\n\t\t\t\t<div class=\"mkdf-container-inner\">\n\t\t\t\t\t<div class=\"mkdf-call-to-action-row-75-25 clearfix\">\n\t\t\n\t\t\t\t<div class=\"mkdf-text-wrapper mkdf-call-to-action-column1 mkdf-call-to-action-cell\">\n\n\t\t\t\t\n\t\t\t\t\t<div class=\"mkdf-call-to-action-text\" >\n\t\t\t\t\t\t\n<h2 class=\"p1\" style=\"margin-top: 10px !important;\"><strong>Book your cooking class<\/strong><\/h2>\n\t\t\t\t\t<\/div>\n\n\t\t\t\t<\/div>\n\n\t\t\t\t\n\t\t\t\t\t<div class=\"mkdf-button-wrapper mkdf-call-to-action-column2 mkdf-call-to-action-cell\" style =\"text-align: right ;\">\n\n\t\t\t\t\t\t<a href=\"\/marcar-consulta\/\" target=\"_self\"  class=\"mkdf-btn mkdf-btn-medium mkdf-btn-solid mkdf-btn-hover-outline\"  >\t\t\t\t<span class=\"mkdf-btn-helper\" ><\/span>\t\t<span class=\"mkdf-btn-text\">Book class<\/span><\/a>\n\t\t\t\t\t<\/div>\n\n\t\t\t\t\n\t\t\t<\/div>\n\n\t\t\t\t<\/div>\n\t\t\n\t<\/div>\n\n[\/vc_column][\/vc_row][vc_row content_width=&#8221;grid&#8221; css=&#8221;.vc_custom_1589038034854{padding-top: 90px !important;padding-bottom: 90px !important;background-color: #ffffff !important;}&#8221;][vc_column width=&#8221;1\/2&#8243;][vc_single_image image=&#8221;15625&#8243; img_size=&#8221;medium&#8221;][\/vc_column][vc_column width=&#8221;1\/2&#8243;]<div class=\"mkdf-section-title-holder\">\n\t<h2 class=\"mkdf-section-title mkdf-section-title-medium\" style=\"text-transform: capitalize;text-align: center\">\n\tMeet the team<\/h2>\n<\/div><div class=\"mkdf-section-subtitle-holder\" >\n\t<p  class=\"mkdf-section-subtitle\">Fernanda Marques<\/p>\n<\/div>[vc_column_text]Fernanda Marques is graduated in Gastronomy and Functional Nutrition. Fernanda has extensive experience in managing restaurants, developing menus, helping with food safety and creating, not only nutritious, but delicious recipes. She also gives consultations at the clinic, helping her clients to live healthier, happier and more productive lives.[\/vc_column_text][\/vc_column][\/vc_row][vc_row content_width=&#8221;grid&#8221; css=&#8221;.vc_custom_1589038034854{padding-top: 90px !important;padding-bottom: 90px !important;background-color: #ffffff !important;}&#8221;][vc_column width=&#8221;1\/2&#8243;][vc_single_image image=&#8221;11647&#8243; img_size=&#8221;medium&#8221;][vc_empty_space][\/vc_column][vc_column width=&#8221;1\/2&#8243;]<div class=\"mkdf-section-subtitle-holder\" >\n\t<p  class=\"mkdf-section-subtitle\">Michelle Bond<\/p>\n<\/div>[vc_column_text]Michelle Bond is a naturopath and founder of the clinic. While completing her studies in Australia in a multicultural environment, she also gained knowledge of various world cuisines. She is passionate about cooking simple and nutritious dishes.[\/vc_column_text][\/vc_column][\/vc_row][vc_row content_width=&#8221;grid&#8221; css=&#8221;.vc_custom_1669152500708{border-top-width: 1px !important;border-bottom-width: 1px !important;padding-top: 60px !important;padding-bottom: 60px !important;background-color: #f2f2f2 !important;border-top-color: #f2f2f2 !important;border-top-style: solid !important;border-bottom-color: #f2f2f2 !important;border-bottom-style: solid !important;}&#8221; el_id=&#8221;logo-revistas&#8221;][vc_column][vc_column_text]\n\t\t<style>\n\t\t\t#wpls-logo-showcase-slider-1 .wpls-fix-box,\n\t\t\t#wpls-logo-showcase-slider-1 .wpls-fix-box img.wp-post-image{max-height:250px; }\n\t\t<\/style>\n\n\t\t<div class=\"wpls-wrap wpls-logo-showcase-slider-wrp wpls-logo-clearfix wpls-design-1 \" data-conf=\"{&quot;slides_column&quot;:&quot;4&quot;,&quot;slides_scroll&quot;:1,&quot;dots&quot;:&quot;true&quot;,&quot;arrows&quot;:&quot;true&quot;,&quot;autoplay&quot;:&quot;true&quot;,&quot;autoplay_interval&quot;:3000,&quot;loop&quot;:&quot;true&quot;,&quot;rtl&quot;:&quot;false&quot;,&quot;speed&quot;:800,&quot;center_mode&quot;:&quot;false&quot;,&quot;lazyload&quot;:&quot;&quot;}\">\n\t\t\t<div class=\"wpls-logo-showcase logo_showcase wpls-logo-slider  sliderimage_hide_border \" id=\"wpls-logo-showcase-slider-1\" >\n\t\t\t\t<div class=\"wpls-logo-cnt\">\n\t<div class=\"wpls-fix-box\">\n\t\t\t\t<img class=\"wp-post-image\"  src=\"https:\/\/clientes.space\/michele-bond\/website\/wp-content\/uploads\/2018\/08\/womens-health-1.png\" alt=\"womens-health\" \/>\n\t\t\t<\/div>\n\t<\/div><div class=\"wpls-logo-cnt\">\n\t<div class=\"wpls-fix-box\">\n\t\t\t\t<img class=\"wp-post-image\"  src=\"https:\/\/clientes.space\/michele-bond\/website\/wp-content\/uploads\/2018\/08\/Rede_Vida_logo-1.png\" alt=\"Rede_Vida\" \/>\n\t\t\t<\/div>\n\t<\/div><div class=\"wpls-logo-cnt\">\n\t<div class=\"wpls-fix-box\">\n\t\t\t\t<img class=\"wp-post-image\"  src=\"https:\/\/clientes.space\/michele-bond\/website\/wp-content\/uploads\/2018\/08\/forever_young_logo.png\" alt=\"forever_young\" \/>\n\t\t\t<\/div>\n\t<\/div><div class=\"wpls-logo-cnt\">\n\t<div class=\"wpls-fix-box\">\n\t\t\t\t<img class=\"wp-post-image\"  src=\"https:\/\/clientes.space\/michele-bond\/website\/wp-content\/uploads\/2018\/08\/SVBlog_Logo-1.png\" alt=\"SVBlog\" \/>\n\t\t\t<\/div>\n\t<\/div>\t\t\t<\/div>\n\t\t<\/div>\n\n\t\t[\/vc_column_text][\/vc_column][\/vc_row][vc_row row_type=&#8221;parallax&#8221; full_screen_section_height=&#8221;no&#8221; parallax_background_image=&#8221;164&#8243; css=&#8221;.vc_custom_1481238989291{padding-top: 65px !important;padding-bottom: 65px !important;}&#8221;][vc_column]<div class=\"mkdf-section-title-holder\">\n\t<h2 class=\"mkdf-section-title mkdf-section-title-medium\" style=\"color: #ffffff;text-transform: capitalize;text-align: center\">\n\tTestimonials<\/h2>\n<\/div>[vc_empty_space]<div class=\"mkdf-testimonials-holder clearfix light\"><div class=\"mkdf-testimonials testimonials-slider\"><div id=\"mkdf-testimonials83\" class=\"mkdf-testimonial-content testimonials-slider\">\n\t<div class=\"mkdf-testimonial-content-inner\">\n\t\t\t\t\t<div class= \"mkdf-container-inner\">\n\t\t\t\t<div class=\"mkdf-testimonial-text-holder\">\n\t\t\t<div class=\"mkdf-testimonial-text-inner light\">\n\t\t\t\t\t\t\t\t<p class=\"mkdf-testimonial-text\" >Depois de ter o meu segundo filho, e de maus h\u00e1bitos alimentares, ganhei muito peso. Com o acompanhamento que tive na Cl\u00ednica consegui perder 7 quilos e agora sinto-me muito bem! Obrigado a todos.<\/p>\n\t\t\t\t\t\t\t\t\t<div class=\"mkdf-testimonial-author\">\n\t\t\t\t\t\t<h3 class=\"mkdf-testimonial-author-text light\">F\u00e1tima (38 Anos)<\/h3>\n\t\t\t\t\t\t\t\t\t\t\t\t\t<span class=\"mkdf-testimonials-job light\">Lisboa<\/span>\n\t\t\t\t\t\t\t\t\t\t\t<\/div>\n\t\t\t\t\t\t\t<\/div>\n\t\t<\/div>\n\n\t\t\t\t\t<\/div>\n\t\t\t<\/div>\n<\/div>\n<div id=\"mkdf-testimonials82\" class=\"mkdf-testimonial-content testimonials-slider\">\n\t<div class=\"mkdf-testimonial-content-inner\">\n\t\t\t\t\t<div class= \"mkdf-container-inner\">\n\t\t\t\t<div class=\"mkdf-testimonial-text-holder\">\n\t\t\t<div class=\"mkdf-testimonial-text-inner light\">\n\t\t\t\t\t\t\t\t<p class=\"mkdf-testimonial-text\" >Sempre tive muitas dificuldades em dormir, tentei muitas terapias mas s\u00f3 com a ajuda da Dra Michelle \u00e9 que descobri o que \u00e9 uma boa noite de sono. Sou hoje uma pessoa diferente e com muito mais energia.<\/p>\n\t\t\t\t\t\t\t\t\t<div class=\"mkdf-testimonial-author\">\n\t\t\t\t\t\t<h3 class=\"mkdf-testimonial-author-text light\">Carla (45 Anos)<\/h3>\n\t\t\t\t\t\t\t\t\t\t\t\t\t<span class=\"mkdf-testimonials-job light\">Alg\u00e9s<\/span>\n\t\t\t\t\t\t\t\t\t\t\t<\/div>\n\t\t\t\t\t\t\t<\/div>\n\t\t<\/div>\n\n\t\t\t\t\t<\/div>\n\t\t\t<\/div>\n<\/div>\n<\/div><\/div>[\/vc_column][\/vc_row][vc_row][vc_column]\n\n\t<div class=\"mkdf-call-to-action normal\" style=\"padding: 20px;\">\n\n\t\t\t\t<div class=\"mkdf-container-inner\">\n\t\t\t\t\t<div class=\"mkdf-call-to-action-row-75-25 clearfix\">\n\t\t\n\t\t\t\t<div class=\"mkdf-text-wrapper mkdf-call-to-action-column1 mkdf-call-to-action-cell\">\n\n\t\t\t\t\n\t\t\t\t\t<div class=\"mkdf-call-to-action-text\" >\n\t\t\t\t\t\t\n<h2 class=\"p1\" style=\"margin-top: 10px !important;\"><strong>Book today your cooking class<\/strong><\/h2>\n\t\t\t\t\t<\/div>\n\n\t\t\t\t<\/div>\n\n\t\t\t\t\n\t\t\t\t\t<div class=\"mkdf-button-wrapper mkdf-call-to-action-column2 mkdf-call-to-action-cell\" style =\"text-align: right ;\">\n\n\t\t\t\t\t\t<a href=\"\/marcar-consulta\/\" target=\"_self\"  class=\"mkdf-btn mkdf-btn-medium mkdf-btn-solid mkdf-btn-hover-outline\"  >\t\t\t\t<span class=\"mkdf-btn-helper\" ><\/span>\t\t<span class=\"mkdf-btn-text\">Book Class<\/span><\/a>\n\t\t\t\t\t<\/div>\n\n\t\t\t\t\n\t\t\t<\/div>\n\n\t\t\t\t<\/div>\n\t\t\n\t<\/div>\n\n[\/vc_column][\/vc_row]<\/p>\n","protected":false},"excerpt":{"rendered":"<p>[vc_row content_width=&#8221;grid&#8221; el_class=&#8221;first-section&#8221; css=&#8221;.vc_custom_1481240302876{padding-top: 60px !important;}&#8221;][vc_column width=&#8221;1\/2&#8243;][vc_column_text]We all have different lives, but regardless of our individual circunstantes, most of us&#8230;<\/p>\n","protected":false},"author":2,"featured_media":0,"parent":0,"menu_order":0,"comment_status":"closed","ping_status":"closed","template":"full-width.php","meta":{"content-type":"","footnotes":""},"yoast_head":"<!-- This site is optimized with the Yoast SEO plugin v21.7 - https:\/\/yoast.com\/wordpress\/plugins\/seo\/ -->\n<title>Cooking Classes for Maids - Lisbon<\/title>\n<meta name=\"description\" content=\"Program that consists of 4 classes, where your maid will learn a vast array of healthy and delicious recipes.\" \/>\n<meta name=\"robots\" content=\"index, follow, max-snippet:-1, max-image-preview:large, max-video-preview:-1\" \/>\n<link rel=\"canonical\" href=\"https:\/\/clientes.space\/michele-bond\/website\/cooking-classes-for-maids-lisbon\/\" \/>\n<meta property=\"og:locale\" content=\"pt_PT\" \/>\n<meta property=\"og:type\" content=\"article\" \/>\n<meta property=\"og:title\" content=\"Cooking Classes for Maids - Lisbon\" \/>\n<meta property=\"og:description\" content=\"Program that consists of 4 classes, where your maid will learn a vast array of healthy and delicious recipes.\" \/>\n<meta property=\"og:url\" content=\"https:\/\/clientes.space\/michele-bond\/website\/cooking-classes-for-maids-lisbon\/\" \/>\n<meta property=\"og:site_name\" content=\"Michelle Bond Clinic | Lisboa\" \/>\n<meta property=\"article:modified_time\" content=\"2023-09-22T10:47:39+00:00\" \/>\n<meta name=\"twitter:card\" content=\"summary_large_image\" \/>\n<meta name=\"twitter:label1\" content=\"Tempo estimado de leitura\" \/>\n\t<meta name=\"twitter:data1\" content=\"5 minutos\" \/>\n<script type=\"application\/ld+json\" class=\"yoast-schema-graph\">{\"@context\":\"https:\/\/schema.org\",\"@graph\":[{\"@type\":\"WebPage\",\"@id\":\"https:\/\/clientes.space\/michele-bond\/website\/cooking-classes-for-maids-lisbon\/\",\"url\":\"https:\/\/clientes.space\/michele-bond\/website\/cooking-classes-for-maids-lisbon\/\",\"name\":\"Cooking Classes for Maids - Lisbon\",\"isPartOf\":{\"@id\":\"https:\/\/clientes.space\/michele-bond\/website\/#website\"},\"datePublished\":\"2022-11-17T11:18:22+00:00\",\"dateModified\":\"2023-09-22T10:47:39+00:00\",\"description\":\"Program that consists of 4 classes, where your maid will learn a vast array of healthy and delicious recipes.\",\"breadcrumb\":{\"@id\":\"https:\/\/clientes.space\/michele-bond\/website\/cooking-classes-for-maids-lisbon\/#breadcrumb\"},\"inLanguage\":\"pt-PT\",\"potentialAction\":[{\"@type\":\"ReadAction\",\"target\":[\"https:\/\/clientes.space\/michele-bond\/website\/cooking-classes-for-maids-lisbon\/\"]}]},{\"@type\":\"BreadcrumbList\",\"@id\":\"https:\/\/clientes.space\/michele-bond\/website\/cooking-classes-for-maids-lisbon\/#breadcrumb\",\"itemListElement\":[{\"@type\":\"ListItem\",\"position\":1,\"name\":\"In\u00edcio\",\"item\":\"https:\/\/clientes.space\/michele-bond\/website\/\"},{\"@type\":\"ListItem\",\"position\":2,\"name\":\"Cooking Classes for Maids\"}]},{\"@type\":\"WebSite\",\"@id\":\"https:\/\/clientes.space\/michele-bond\/website\/#website\",\"url\":\"https:\/\/clientes.space\/michele-bond\/website\/\",\"name\":\"Michelle Bond - Holistic Health &amp; Beauty\",\"description\":\"Medicina Est\u00e9tica, Naturopatia, Nutri\u00e7\u00e3o e Fisioterapia\",\"potentialAction\":[{\"@type\":\"SearchAction\",\"target\":{\"@type\":\"EntryPoint\",\"urlTemplate\":\"https:\/\/clientes.space\/michele-bond\/website\/?s={search_term_string}\"},\"query-input\":\"required name=search_term_string\"}],\"inLanguage\":\"pt-PT\"}]}<\/script>\n<!-- \/ Yoast SEO plugin. -->","yoast_head_json":{"title":"Cooking Classes for Maids - Lisbon","description":"Program that consists of 4 classes, where your maid will learn a vast array of healthy and delicious recipes.","robots":{"index":"index","follow":"follow","max-snippet":"max-snippet:-1","max-image-preview":"max-image-preview:large","max-video-preview":"max-video-preview:-1"},"canonical":"https:\/\/clientes.space\/michele-bond\/website\/cooking-classes-for-maids-lisbon\/","og_locale":"pt_PT","og_type":"article","og_title":"Cooking Classes for Maids - Lisbon","og_description":"Program that consists of 4 classes, where your maid will learn a vast array of healthy and delicious recipes.","og_url":"https:\/\/clientes.space\/michele-bond\/website\/cooking-classes-for-maids-lisbon\/","og_site_name":"Michelle Bond Clinic | Lisboa","article_modified_time":"2023-09-22T10:47:39+00:00","twitter_card":"summary_large_image","twitter_misc":{"Tempo estimado de leitura":"5 minutos"},"schema":{"@context":"https:\/\/schema.org","@graph":[{"@type":"WebPage","@id":"https:\/\/clientes.space\/michele-bond\/website\/cooking-classes-for-maids-lisbon\/","url":"https:\/\/clientes.space\/michele-bond\/website\/cooking-classes-for-maids-lisbon\/","name":"Cooking Classes for Maids - Lisbon","isPartOf":{"@id":"https:\/\/clientes.space\/michele-bond\/website\/#website"},"datePublished":"2022-11-17T11:18:22+00:00","dateModified":"2023-09-22T10:47:39+00:00","description":"Program that consists of 4 classes, where your maid will learn a vast array of healthy and delicious recipes.","breadcrumb":{"@id":"https:\/\/clientes.space\/michele-bond\/website\/cooking-classes-for-maids-lisbon\/#breadcrumb"},"inLanguage":"pt-PT","potentialAction":[{"@type":"ReadAction","target":["https:\/\/clientes.space\/michele-bond\/website\/cooking-classes-for-maids-lisbon\/"]}]},{"@type":"BreadcrumbList","@id":"https:\/\/clientes.space\/michele-bond\/website\/cooking-classes-for-maids-lisbon\/#breadcrumb","itemListElement":[{"@type":"ListItem","position":1,"name":"In\u00edcio","item":"https:\/\/clientes.space\/michele-bond\/website\/"},{"@type":"ListItem","position":2,"name":"Cooking Classes for Maids"}]},{"@type":"WebSite","@id":"https:\/\/clientes.space\/michele-bond\/website\/#website","url":"https:\/\/clientes.space\/michele-bond\/website\/","name":"Michelle Bond - Holistic Health &amp; Beauty","description":"Medicina Est\u00e9tica, Naturopatia, Nutri\u00e7\u00e3o e Fisioterapia","potentialAction":[{"@type":"SearchAction","target":{"@type":"EntryPoint","urlTemplate":"https:\/\/clientes.space\/michele-bond\/website\/?s={search_term_string}"},"query-input":"required name=search_term_string"}],"inLanguage":"pt-PT"}]}},"_links":{"self":[{"href":"https:\/\/clientes.space\/michele-bond\/website\/wp-json\/wp\/v2\/pages\/16689"}],"collection":[{"href":"https:\/\/clientes.space\/michele-bond\/website\/wp-json\/wp\/v2\/pages"}],"about":[{"href":"https:\/\/clientes.space\/michele-bond\/website\/wp-json\/wp\/v2\/types\/page"}],"author":[{"embeddable":true,"href":"https:\/\/clientes.space\/michele-bond\/website\/wp-json\/wp\/v2\/users\/2"}],"replies":[{"embeddable":true,"href":"https:\/\/clientes.space\/michele-bond\/website\/wp-json\/wp\/v2\/comments?post=16689"}],"version-history":[{"count":20,"href":"https:\/\/clientes.space\/michele-bond\/website\/wp-json\/wp\/v2\/pages\/16689\/revisions"}],"predecessor-version":[{"id":22160,"href":"https:\/\/clientes.space\/michele-bond\/website\/wp-json\/wp\/v2\/pages\/16689\/revisions\/22160"}],"wp:attachment":[{"href":"https:\/\/clientes.space\/michele-bond\/website\/wp-json\/wp\/v2\/media?parent=16689"}],"curies":[{"name":"wp","href":"https:\/\/api.w.org\/{rel}","templated":true}]}}