{"id":17030,"date":"2022-11-28T12:50:22","date_gmt":"2022-11-28T12:50:22","guid":{"rendered":"https:\/\/clientes.space\/michele-bond\/website\/?page_id=17030"},"modified":"2023-09-22T18:48:52","modified_gmt":"2023-09-22T18:48:52","slug":"naturopath-lisbon","status":"publish","type":"page","link":"https:\/\/clientes.space\/michele-bond\/website\/naturopath-lisbon\/","title":{"rendered":"Naturopath"},"content":{"rendered":"<p>[vc_row content_width=&#8221;grid&#8221; el_class=&#8221;first-section&#8221; css=&#8221;.vc_custom_1481240302876{padding-top: 60px !important;}&#8221;][vc_column width=&#8221;1\/2&#8243;]<div class=\"mkdf-section-title-holder\">\n\t<h2 class=\"mkdf-section-title mkdf-section-title-small\" style=\"text-transform: none;text-align: left\">\n\tNaturopathy<\/h2>\n<\/div>[vc_column_text]The primary role of the naturopath is to bring out or enhance the innate healing power within his or her patients. The seven fundamental principles of naturopathic medicine are as follows:<\/p>\n<ol>\n<li>The healing power of nature <em>(vis medicatrix nature)<\/em><\/li>\n<li>First do no harm <em>(primum non nocere)<\/em><\/li>\n<li>Treat the whole person<\/li>\n<li>Preventive medicine<\/li>\n<li>Wellness<\/li>\n<li>Doctor as a teacher<\/li>\n<\/ol>\n<p>Naturopathy encompasses a dynamic approach to assessing, preventing, and treating complex chronic disease. It identifies health as a positive vitality &#8211; not merely the absence of disease &#8211; and emphasize those factors that encourage a vigorous physiology.[\/vc_column_text][vc_empty_space][\/vc_column][vc_column width=&#8221;1\/2&#8243;]<div class=\"mkdf-section-title-holder\">\n\t<h2 class=\"mkdf-section-title mkdf-section-title-small\" style=\"text-transform: none;text-align: left\">\n\tWhy should you consult with a naturopath?<\/h2>\n<\/div>[vc_column_text]If you find yourself:<\/p>\n<ul>\n<li>Struggling with uncomfortable symptoms;<\/li>\n<li>Sick and tired of not knowing what to eat;<\/li>\n<li>Staying up late researching health symptoms;<\/li>\n<li>Constantly feeling overwhelmed, tired, stressed and foggy;<\/li>\n<li>Frustrated because no one seems to be able to provide answers;<\/li>\n<li>Seeking a thorough evidence-based approach, where a Naturopath works along with (and not against) Medical Doctors;<\/li>\n<li>Needing a clear and simple treatment plan that doesn\u2019t just address the symptoms with lots of supplements, but addresses the true cause.<\/li>\n<\/ul>\n<p>You\u2019re in the right place if any of this resonates with you. Regardless of our individual circumstances, most of us want to live a happy and healthy life and we want to help you get there.[\/vc_column_text][vc_empty_space][\/vc_column][\/vc_row][vc_row content_width=&#8221;grid&#8221; el_class=&#8221;first-section&#8221; css=&#8221;.vc_custom_1481238748781{padding-bottom: 50px !important;}&#8221;][vc_column width=&#8221;1\/2&#8243;]<div class=\"mkdf-section-title-holder\">\n\t<h2 class=\"mkdf-section-title mkdf-section-title-small\" style=\"text-transform: none;text-align: left\">\n\tNaturopathy consultation<\/h2>\n<\/div>[vc_column_text]In our clinic, we strive for a Naturopathic consultation to be an engaging experience where clients feel comfortable about discussing their health concerns and then jointly agreeing on a treatment plan. We\u2019ve reimagined healthcare to bring you a personalised, results-focused healthcare experience, giving you all the tools and support you need to feel happy and healthy in your body.<\/p>\n<p>Our practitioner uses the principles of Naturopathy with the latest scientific insights and clinical tools to deliver cutting-edge, personalised healthcare, to address the root causes of many common ailments and chronic diseases. Our consultations are based around the client as an individual with a unique set of health concerns and goals to provide an integrative approach to identify factors that may be impacting to the overall health of the individual.<\/p>\n<p>[\/vc_column_text][vc_empty_space][\/vc_column][vc_column width=&#8221;1\/2&#8243;]<div class=\"mkdf-section-title-holder\">\n\t<h2 class=\"mkdf-section-title mkdf-section-title-small\" style=\"text-transform: none;text-align: left\">\n\tHow do we achieve results for our naturopathy clients?<\/h2>\n<\/div>[vc_column_text]<\/p>\n<ul>\n<li class=\"elementor-icon-list-item\"><span class=\"elementor-icon-list-text\">We aim to identify the cause of your concerns;<\/span><\/li>\n<li>We offer an individualised and evidence based care plan;<\/li>\n<li>We prescribe naturopathic care focused on how you think, eat and live and not only on supplements;<\/li>\n<li>We work\u00a0 towards long lasting good health. Once we have repaired imbalance, our goal is to keep you well.<\/li>\n<\/ul>\n<p>A naturopath can help with: autoimmune disease, chronic fatigue syndrome, digestive discomfort, fatigue, hormone imbalance, insomnia, immune dysfunction, mental health, skin complaints, thyroid health, undiagnosed conditions and weight management.[\/vc_column_text][vc_empty_space][\/vc_column][\/vc_row][vc_row css=&#8221;.vc_custom_1557328598961{background-color: #fafafa !important;}&#8221;][vc_column]\n\n\t<div class=\"mkdf-call-to-action normal\" style=\"padding: 20px;\">\n\n\t\t\t\t<div class=\"mkdf-container-inner\">\n\t\t\t\t\t<div class=\"mkdf-call-to-action-row-75-25 clearfix\">\n\t\t\n\t\t\t\t<div class=\"mkdf-text-wrapper mkdf-call-to-action-column1 mkdf-call-to-action-cell\">\n\n\t\t\t\t\n\t\t\t\t\t<div class=\"mkdf-call-to-action-text\" >\n\t\t\t\t\t\tBook your appointment today\t\t\t\t\t<\/div>\n\n\t\t\t\t<\/div>\n\n\t\t\t\t\n\t\t\t\t\t<div class=\"mkdf-button-wrapper mkdf-call-to-action-column2 mkdf-call-to-action-cell\" style =\"text-align: right ;\">\n\n\t\t\t\t\t\t<a href=\"\/marcar-consulta\/\" target=\"_self\"  class=\"mkdf-btn mkdf-btn-medium mkdf-btn-solid mkdf-btn-hover-outline\"  >\t\t\t\t<span class=\"mkdf-btn-helper\" ><\/span>\t\t<span class=\"mkdf-btn-text\">Book Appointment<\/span><\/a>\n\t\t\t\t\t<\/div>\n\n\t\t\t\t\n\t\t\t<\/div>\n\n\t\t\t\t<\/div>\n\t\t\n\t<\/div>\n\n[\/vc_column][\/vc_row][vc_row content_width=&#8221;grid&#8221; css=&#8221;.vc_custom_1589045894884{padding-top: 90px !important;padding-bottom: 90px !important;background-color: #ffffff !important;}&#8221;][vc_column]<div class=\"mkdf-section-title-holder\">\n\t<h2 class=\"mkdf-section-title mkdf-section-title-medium\" style=\"text-transform: capitalize;text-align: center\">\n\tFrequently Asked Questions<\/h2>\n<\/div><div class=\"mkdf-accordion-holder clearfix mkdf-accordion mkdf-initial \">\n\t<h5 class=\"clearfix mkdf-title-holder\">\n<span class=\"mkdf-accordion-mark mkdf-left-mark\">\n\t\t<span class=\"mkdf-accordion-mark-icon\">\n\t\t\t<span class=\"icon_plus\"><\/span>\n\t\t\t<span class=\"icon_minus-06\"><\/span>\n\t\t<\/span>\n<\/span>\n<span class=\"mkdf-tab-title\">\n\t\t<span class=\"mkdf-tab-title-inner\">\n\t\t\t\t\t\tFees\t\t<\/span>\n<\/span>\n<\/h5>\n<div class=\"mkdf-accordion-content\">\n\t<div class=\"mkdf-accordion-content-inner\">\n\t\t[vc_column_text]<\/p>\n<ul>\n<li>Inicial Appointment: 120\u20ac<\/li>\n<li>Follow Up Appointment: 100\u20ac<\/li>\n<\/ul>\n<p>[\/vc_column_text]\n\t\t\t<\/div>\n<\/div>\n<\/div>[\/vc_column][\/vc_row][vc_row content_width=&#8221;grid&#8221; css=&#8221;.vc_custom_1589045954664{border-top-width: 1px !important;border-bottom-width: 1px !important;padding-top: 60px !important;padding-bottom: 60px !important;background-color: #f8f8f8 !important;border-top-color: #f2f2f2 !important;border-top-style: solid !important;border-bottom-color: #f2f2f2 !important;border-bottom-style: solid !important;}&#8221;][vc_column width=&#8221;1\/2&#8243;][vc_single_image image=&#8221;11711&#8243; img_size=&#8221;large&#8221;][vc_empty_space][\/vc_column][vc_column width=&#8221;1\/2&#8243;]<div class=\"mkdf-section-title-holder\">\n\t<h2 class=\"mkdf-section-title mkdf-section-title-medium\" style=\"text-transform: capitalize;text-align: left\">\n\tMichelle Bond<\/h2>\n<\/div><div class=\"mkdf-section-subtitle-holder mkdf-section-subtitle-left\" >\n\t<p style=\"text-align: left\" class=\"mkdf-section-subtitle\">Michelle is an experienced clinical naturopath and nutritionist. She is passionate about helping her patients achieve a healthier, happier, more productive life.<\/p>\n<p>Michelle believes there is no one-size-fits-all when it comes to treating her patients and that, in order to achieve good health, it needs to be your highest priority. Her mission is to help her patients throughout this journey.<\/p>\n<p>She graduated in Naturopathy at the Australasian College of Natural Therapies, part of Torrens University, in Sydney, Australia (2009).<\/p>\n<p>Licence Number: 3773<\/p>\n<\/div>[vc_empty_space]<a href=\"\/sobre\" target=\"_self\"  class=\"mkdf-btn mkdf-btn-small mkdf-btn-solid mkdf-btn-hover-outline\"  >\n\t\n\t\t\t<span class=\"mkdf-btn-helper\" ><\/span>\n\t\t<span class=\"mkdf-btn-text\">Learn more<\/span>\n<\/a>[\/vc_column][\/vc_row][vc_row content_width=&#8221;grid&#8221; css=&#8221;.vc_custom_1557334537962{border-top-width: 1px !important;border-bottom-width: 1px !important;padding-top: 60px !important;padding-bottom: 60px !important;border-top-color: #f2f2f2 !important;border-top-style: solid !important;border-bottom-color: #f2f2f2 !important;border-bottom-style: solid !important;}&#8221; el_id=&#8221;logo-revistas&#8221;][vc_column][vc_column_text]\n\t\t<style>\n\t\t\t#wpls-logo-showcase-slider-1 .wpls-fix-box,\n\t\t\t#wpls-logo-showcase-slider-1 .wpls-fix-box img.wp-post-image{max-height:250px; }\n\t\t<\/style>\n\n\t\t<div class=\"wpls-wrap wpls-logo-showcase-slider-wrp wpls-logo-clearfix wpls-design-1 \" data-conf=\"{&quot;slides_column&quot;:&quot;4&quot;,&quot;slides_scroll&quot;:1,&quot;dots&quot;:&quot;true&quot;,&quot;arrows&quot;:&quot;true&quot;,&quot;autoplay&quot;:&quot;true&quot;,&quot;autoplay_interval&quot;:3000,&quot;loop&quot;:&quot;true&quot;,&quot;rtl&quot;:&quot;false&quot;,&quot;speed&quot;:800,&quot;center_mode&quot;:&quot;false&quot;,&quot;lazyload&quot;:&quot;&quot;}\">\n\t\t\t<div class=\"wpls-logo-showcase logo_showcase wpls-logo-slider  sliderimage_hide_border \" id=\"wpls-logo-showcase-slider-1\" >\n\t\t\t\t<div class=\"wpls-logo-cnt\">\n\t<div class=\"wpls-fix-box\">\n\t\t\t\t<img class=\"wp-post-image\"  src=\"https:\/\/clientes.space\/michele-bond\/website\/wp-content\/uploads\/2018\/08\/womens-health-1.png\" alt=\"womens-health\" \/>\n\t\t\t<\/div>\n\t<\/div><div class=\"wpls-logo-cnt\">\n\t<div class=\"wpls-fix-box\">\n\t\t\t\t<img class=\"wp-post-image\"  src=\"https:\/\/clientes.space\/michele-bond\/website\/wp-content\/uploads\/2018\/08\/Rede_Vida_logo-1.png\" alt=\"Rede_Vida\" \/>\n\t\t\t<\/div>\n\t<\/div><div class=\"wpls-logo-cnt\">\n\t<div class=\"wpls-fix-box\">\n\t\t\t\t<img class=\"wp-post-image\"  src=\"https:\/\/clientes.space\/michele-bond\/website\/wp-content\/uploads\/2018\/08\/forever_young_logo.png\" alt=\"forever_young\" \/>\n\t\t\t<\/div>\n\t<\/div><div class=\"wpls-logo-cnt\">\n\t<div class=\"wpls-fix-box\">\n\t\t\t\t<img class=\"wp-post-image\"  src=\"https:\/\/clientes.space\/michele-bond\/website\/wp-content\/uploads\/2018\/08\/SVBlog_Logo-1.png\" alt=\"SVBlog\" \/>\n\t\t\t<\/div>\n\t<\/div>\t\t\t<\/div>\n\t\t<\/div>\n\n\t\t[\/vc_column_text][\/vc_column][\/vc_row][vc_row content_width=&#8221;grid&#8221; css=&#8221;.vc_custom_1589046105929{border-top-width: 1px !important;border-bottom-width: 1px !important;padding-top: 60px !important;padding-bottom: 60px !important;background-color: #f8f8f8 !important;border-top-color: #f2f2f2 !important;border-top-style: solid !important;border-bottom-color: #f2f2f2 !important;border-bottom-style: solid !important;}&#8221;][vc_column]<div class=\"mkdf-section-title-holder\">\n\t<h2 class=\"mkdf-section-title\" style=\"text-transform: none;text-align: center\">\n\tTreatments where naturopathy can help<\/h2>\n<\/div><div class=\"mkdf-section-subtitle-holder mkdf-section-subtitle-center\" >\n\t<p style=\"text-align: center\" class=\"mkdf-section-subtitle\">Saiba como em cada um deles!<\/p>\n<\/div><div class=\"mkdf-carousel-holder clearfix mkdf-carousel-three-rows \"><div class=\"mkdf-carousel \" data-items=\"3\" data-navigation=\"no\"><div class=\"mkdf-carousel-item-outer-holder border\"><div class=\"mkdf-carousel-item-holder\">\n\t\t<a href=\"https:\/\/clientes.space\/michele-bond\/website\/tratamento-para-acne\/\" target=\"_self\">\n\t\t\t\t\t\t\t<span class=\"mkdf-carousel-first-image-holder  mkdf-image-zoom\">\n\t\t\t\t<img width=\"450\" height=\"419\" src=\"https:\/\/clientes.space\/michele-bond\/website\/wp-content\/uploads\/2019\/05\/Tratamento-para-Acne-texto.jpg\" class=\"attachment-full size-full\" alt=\"Tratamento para Acne\" decoding=\"async\" srcset=\"https:\/\/clientes.space\/michele-bond\/website\/wp-content\/uploads\/2019\/05\/Tratamento-para-Acne-texto.jpg 450w, https:\/\/clientes.space\/michele-bond\/website\/wp-content\/uploads\/2019\/05\/Tratamento-para-Acne-texto-300x279.jpg 300w\" sizes=\"(max-width: 450px) 100vw, 450px\" \/>\t\t\t<\/span>\n\t\t\t\t\t\t\t<\/a>\n<\/div><\/div><div class=\"mkdf-carousel-item-outer-holder border\"><div class=\"mkdf-carousel-item-holder\">\n\t\t<a href=\"https:\/\/clientes.space\/michele-bond\/website\/tratamento-fibromialgia\/\" target=\"_self\">\n\t\t\t\t\t\t\t<span class=\"mkdf-carousel-first-image-holder  mkdf-image-zoom\">\n\t\t\t\t<img width=\"450\" height=\"418\" src=\"https:\/\/clientes.space\/michele-bond\/website\/wp-content\/uploads\/2019\/05\/Tratamento-Para-Fibromialgia-texto.jpg\" class=\"attachment-full size-full\" alt=\"Tratamento para Fibromialgia\" decoding=\"async\" srcset=\"https:\/\/clientes.space\/michele-bond\/website\/wp-content\/uploads\/2019\/05\/Tratamento-Para-Fibromialgia-texto.jpg 450w, https:\/\/clientes.space\/michele-bond\/website\/wp-content\/uploads\/2019\/05\/Tratamento-Para-Fibromialgia-texto-300x279.jpg 300w\" sizes=\"(max-width: 450px) 100vw, 450px\" \/>\t\t\t<\/span>\n\t\t\t\t\t\t\t<\/a>\n<\/div><\/div><div class=\"mkdf-carousel-item-outer-holder border\"><div class=\"mkdf-carousel-item-holder\">\n\t\t<a href=\"https:\/\/clientes.space\/michele-bond\/website\/tratamento-candidiase\/\" target=\"_self\">\n\t\t\t\t\t\t\t<span class=\"mkdf-carousel-first-image-holder  mkdf-image-zoom\">\n\t\t\t\t<img width=\"450\" height=\"418\" src=\"https:\/\/clientes.space\/michele-bond\/website\/wp-content\/uploads\/2019\/05\/Tratamento-para-Candidiase-texto.jpg\" class=\"attachment-full size-full\" alt=\"Tratamento para Candid\u00edase\" decoding=\"async\" srcset=\"https:\/\/clientes.space\/michele-bond\/website\/wp-content\/uploads\/2019\/05\/Tratamento-para-Candidiase-texto.jpg 450w, https:\/\/clientes.space\/michele-bond\/website\/wp-content\/uploads\/2019\/05\/Tratamento-para-Candidiase-texto-300x279.jpg 300w\" sizes=\"(max-width: 450px) 100vw, 450px\" \/>\t\t\t<\/span>\n\t\t\t\t\t\t\t<\/a>\n<\/div><\/div><\/div><\/div>[\/vc_column][\/vc_row][vc_row row_type=&#8221;parallax&#8221; full_screen_section_height=&#8221;no&#8221; parallax_background_image=&#8221;164&#8243; css=&#8221;.vc_custom_1481238989291{padding-top: 65px !important;padding-bottom: 65px !important;}&#8221;][vc_column]<div class=\"mkdf-section-title-holder\">\n\t<h2 class=\"mkdf-section-title mkdf-section-title-medium\" style=\"color: #ffffff;text-transform: capitalize;text-align: center\">\n\tTestimonials<\/h2>\n<\/div>[vc_empty_space]<div class=\"mkdf-testimonials-holder clearfix light\"><div class=\"mkdf-testimonials testimonials-slider\"><div id=\"mkdf-testimonials83\" class=\"mkdf-testimonial-content testimonials-slider\">\n\t<div class=\"mkdf-testimonial-content-inner\">\n\t\t\t\t\t<div class= \"mkdf-container-inner\">\n\t\t\t\t<div class=\"mkdf-testimonial-text-holder\">\n\t\t\t<div class=\"mkdf-testimonial-text-inner light\">\n\t\t\t\t\t\t\t\t<p class=\"mkdf-testimonial-text\" >Depois de ter o meu segundo filho, e de maus h\u00e1bitos alimentares, ganhei muito peso. Com o acompanhamento que tive na Cl\u00ednica consegui perder 7 quilos e agora sinto-me muito bem! Obrigado a todos.<\/p>\n\t\t\t\t\t\t\t\t\t<div class=\"mkdf-testimonial-author\">\n\t\t\t\t\t\t<h3 class=\"mkdf-testimonial-author-text light\">F\u00e1tima (38 Anos)<\/h3>\n\t\t\t\t\t\t\t\t\t\t\t\t\t<span class=\"mkdf-testimonials-job light\">Lisboa<\/span>\n\t\t\t\t\t\t\t\t\t\t\t<\/div>\n\t\t\t\t\t\t\t<\/div>\n\t\t<\/div>\n\n\t\t\t\t\t<\/div>\n\t\t\t<\/div>\n<\/div>\n<div id=\"mkdf-testimonials82\" class=\"mkdf-testimonial-content testimonials-slider\">\n\t<div class=\"mkdf-testimonial-content-inner\">\n\t\t\t\t\t<div class= \"mkdf-container-inner\">\n\t\t\t\t<div class=\"mkdf-testimonial-text-holder\">\n\t\t\t<div class=\"mkdf-testimonial-text-inner light\">\n\t\t\t\t\t\t\t\t<p class=\"mkdf-testimonial-text\" >Sempre tive muitas dificuldades em dormir, tentei muitas terapias mas s\u00f3 com a ajuda da Dra Michelle \u00e9 que descobri o que \u00e9 uma boa noite de sono. Sou hoje uma pessoa diferente e com muito mais energia.<\/p>\n\t\t\t\t\t\t\t\t\t<div class=\"mkdf-testimonial-author\">\n\t\t\t\t\t\t<h3 class=\"mkdf-testimonial-author-text light\">Carla (45 Anos)<\/h3>\n\t\t\t\t\t\t\t\t\t\t\t\t\t<span class=\"mkdf-testimonials-job light\">Alg\u00e9s<\/span>\n\t\t\t\t\t\t\t\t\t\t\t<\/div>\n\t\t\t\t\t\t\t<\/div>\n\t\t<\/div>\n\n\t\t\t\t\t<\/div>\n\t\t\t<\/div>\n<\/div>\n<\/div><\/div>[\/vc_column][\/vc_row][vc_row][vc_column]\n\n\t<div class=\"mkdf-call-to-action normal\" style=\"padding: 20px;\">\n\n\t\t\t\t<div class=\"mkdf-container-inner\">\n\t\t\t\t\t<div class=\"mkdf-call-to-action-row-75-25 clearfix\">\n\t\t\n\t\t\t\t<div class=\"mkdf-text-wrapper mkdf-call-to-action-column1 mkdf-call-to-action-cell\">\n\n\t\t\t\t\n\t\t\t\t\t<div class=\"mkdf-call-to-action-text\" >\n\t\t\t\t\t\t\n<h2 class=\"p1\" style=\"margin-top: 10px !important;\"><strong>Book your appointment today<\/strong><\/h2>\n\t\t\t\t\t<\/div>\n\n\t\t\t\t<\/div>\n\n\t\t\t\t\n\t\t\t\t\t<div class=\"mkdf-button-wrapper mkdf-call-to-action-column2 mkdf-call-to-action-cell\" style =\"text-align: right ;\">\n\n\t\t\t\t\t\t<a href=\"\/marcar-consulta\/\" target=\"_self\"  class=\"mkdf-btn mkdf-btn-medium mkdf-btn-solid mkdf-btn-hover-outline\"  >\t\t\t\t<span class=\"mkdf-btn-helper\" ><\/span>\t\t<span class=\"mkdf-btn-text\">Book Appointment<\/span><\/a>\n\t\t\t\t\t<\/div>\n\n\t\t\t\t\n\t\t\t<\/div>\n\n\t\t\t\t<\/div>\n\t\t\n\t<\/div>\n\n[\/vc_column][\/vc_row]<\/p>\n","protected":false},"excerpt":{"rendered":"<p>[vc_row content_width=&#8221;grid&#8221; el_class=&#8221;first-section&#8221; css=&#8221;.vc_custom_1481240302876{padding-top: 60px !important;}&#8221;][vc_column width=&#8221;1\/2&#8243;][vc_column_text]The primary role of the naturopath is to bring out or enhance the innate&#8230;<\/p>\n","protected":false},"author":2,"featured_media":0,"parent":0,"menu_order":0,"comment_status":"closed","ping_status":"closed","template":"full-width.php","meta":{"content-type":"","footnotes":""},"yoast_head":"<!-- This site is optimized with the Yoast SEO plugin v21.7 - https:\/\/yoast.com\/wordpress\/plugins\/seo\/ -->\n<title>Naturopath in Lisbon - Michelle Bond<\/title>\n<meta name=\"description\" content=\"A consultation with a naturopath is a truly preventative approach to your health. It acknowledges that every state of \u2018dis-ease\u2019 has an underlying malfunction.\" \/>\n<meta name=\"robots\" content=\"index, follow, max-snippet:-1, max-image-preview:large, max-video-preview:-1\" \/>\n<link rel=\"canonical\" href=\"https:\/\/clientes.space\/michele-bond\/website\/naturopath-lisbon\/\" \/>\n<meta property=\"og:locale\" content=\"pt_PT\" \/>\n<meta property=\"og:type\" content=\"article\" \/>\n<meta property=\"og:title\" content=\"Naturopath in Lisbon - Michelle Bond\" \/>\n<meta property=\"og:description\" content=\"A consultation with a naturopath is a truly preventative approach to your health. It acknowledges that every state of \u2018dis-ease\u2019 has an underlying malfunction.\" \/>\n<meta property=\"og:url\" content=\"https:\/\/clientes.space\/michele-bond\/website\/naturopath-lisbon\/\" \/>\n<meta property=\"og:site_name\" content=\"Michelle Bond Clinic | Lisboa\" \/>\n<meta property=\"article:modified_time\" content=\"2023-09-22T18:48:52+00:00\" \/>\n<meta name=\"twitter:card\" content=\"summary_large_image\" \/>\n<meta name=\"twitter:label1\" content=\"Tempo estimado de leitura\" \/>\n\t<meta name=\"twitter:data1\" content=\"5 minutos\" \/>\n<script type=\"application\/ld+json\" class=\"yoast-schema-graph\">{\"@context\":\"https:\/\/schema.org\",\"@graph\":[{\"@type\":\"WebPage\",\"@id\":\"https:\/\/clientes.space\/michele-bond\/website\/naturopath-lisbon\/\",\"url\":\"https:\/\/clientes.space\/michele-bond\/website\/naturopath-lisbon\/\",\"name\":\"Naturopath in Lisbon - Michelle Bond\",\"isPartOf\":{\"@id\":\"https:\/\/clientes.space\/michele-bond\/website\/#website\"},\"datePublished\":\"2022-11-28T12:50:22+00:00\",\"dateModified\":\"2023-09-22T18:48:52+00:00\",\"description\":\"A consultation with a naturopath is a truly preventative approach to your health. It acknowledges that every state of \u2018dis-ease\u2019 has an underlying malfunction.\",\"breadcrumb\":{\"@id\":\"https:\/\/clientes.space\/michele-bond\/website\/naturopath-lisbon\/#breadcrumb\"},\"inLanguage\":\"pt-PT\",\"potentialAction\":[{\"@type\":\"ReadAction\",\"target\":[\"https:\/\/clientes.space\/michele-bond\/website\/naturopath-lisbon\/\"]}]},{\"@type\":\"BreadcrumbList\",\"@id\":\"https:\/\/clientes.space\/michele-bond\/website\/naturopath-lisbon\/#breadcrumb\",\"itemListElement\":[{\"@type\":\"ListItem\",\"position\":1,\"name\":\"In\u00edcio\",\"item\":\"https:\/\/clientes.space\/michele-bond\/website\/\"},{\"@type\":\"ListItem\",\"position\":2,\"name\":\"Naturopath\"}]},{\"@type\":\"WebSite\",\"@id\":\"https:\/\/clientes.space\/michele-bond\/website\/#website\",\"url\":\"https:\/\/clientes.space\/michele-bond\/website\/\",\"name\":\"Michelle Bond - Holistic Health &amp; Beauty\",\"description\":\"Medicina Est\u00e9tica, Naturopatia, Nutri\u00e7\u00e3o e Fisioterapia\",\"potentialAction\":[{\"@type\":\"SearchAction\",\"target\":{\"@type\":\"EntryPoint\",\"urlTemplate\":\"https:\/\/clientes.space\/michele-bond\/website\/?s={search_term_string}\"},\"query-input\":\"required name=search_term_string\"}],\"inLanguage\":\"pt-PT\"}]}<\/script>\n<!-- \/ Yoast SEO plugin. -->","yoast_head_json":{"title":"Naturopath in Lisbon - Michelle Bond","description":"A consultation with a naturopath is a truly preventative approach to your health. It acknowledges that every state of \u2018dis-ease\u2019 has an underlying malfunction.","robots":{"index":"index","follow":"follow","max-snippet":"max-snippet:-1","max-image-preview":"max-image-preview:large","max-video-preview":"max-video-preview:-1"},"canonical":"https:\/\/clientes.space\/michele-bond\/website\/naturopath-lisbon\/","og_locale":"pt_PT","og_type":"article","og_title":"Naturopath in Lisbon - Michelle Bond","og_description":"A consultation with a naturopath is a truly preventative approach to your health. It acknowledges that every state of \u2018dis-ease\u2019 has an underlying malfunction.","og_url":"https:\/\/clientes.space\/michele-bond\/website\/naturopath-lisbon\/","og_site_name":"Michelle Bond Clinic | Lisboa","article_modified_time":"2023-09-22T18:48:52+00:00","twitter_card":"summary_large_image","twitter_misc":{"Tempo estimado de leitura":"5 minutos"},"schema":{"@context":"https:\/\/schema.org","@graph":[{"@type":"WebPage","@id":"https:\/\/clientes.space\/michele-bond\/website\/naturopath-lisbon\/","url":"https:\/\/clientes.space\/michele-bond\/website\/naturopath-lisbon\/","name":"Naturopath in Lisbon - Michelle Bond","isPartOf":{"@id":"https:\/\/clientes.space\/michele-bond\/website\/#website"},"datePublished":"2022-11-28T12:50:22+00:00","dateModified":"2023-09-22T18:48:52+00:00","description":"A consultation with a naturopath is a truly preventative approach to your health. It acknowledges that every state of \u2018dis-ease\u2019 has an underlying malfunction.","breadcrumb":{"@id":"https:\/\/clientes.space\/michele-bond\/website\/naturopath-lisbon\/#breadcrumb"},"inLanguage":"pt-PT","potentialAction":[{"@type":"ReadAction","target":["https:\/\/clientes.space\/michele-bond\/website\/naturopath-lisbon\/"]}]},{"@type":"BreadcrumbList","@id":"https:\/\/clientes.space\/michele-bond\/website\/naturopath-lisbon\/#breadcrumb","itemListElement":[{"@type":"ListItem","position":1,"name":"In\u00edcio","item":"https:\/\/clientes.space\/michele-bond\/website\/"},{"@type":"ListItem","position":2,"name":"Naturopath"}]},{"@type":"WebSite","@id":"https:\/\/clientes.space\/michele-bond\/website\/#website","url":"https:\/\/clientes.space\/michele-bond\/website\/","name":"Michelle Bond - Holistic Health &amp; Beauty","description":"Medicina Est\u00e9tica, Naturopatia, Nutri\u00e7\u00e3o e Fisioterapia","potentialAction":[{"@type":"SearchAction","target":{"@type":"EntryPoint","urlTemplate":"https:\/\/clientes.space\/michele-bond\/website\/?s={search_term_string}"},"query-input":"required name=search_term_string"}],"inLanguage":"pt-PT"}]}},"_links":{"self":[{"href":"https:\/\/clientes.space\/michele-bond\/website\/wp-json\/wp\/v2\/pages\/17030"}],"collection":[{"href":"https:\/\/clientes.space\/michele-bond\/website\/wp-json\/wp\/v2\/pages"}],"about":[{"href":"https:\/\/clientes.space\/michele-bond\/website\/wp-json\/wp\/v2\/types\/page"}],"author":[{"embeddable":true,"href":"https:\/\/clientes.space\/michele-bond\/website\/wp-json\/wp\/v2\/users\/2"}],"replies":[{"embeddable":true,"href":"https:\/\/clientes.space\/michele-bond\/website\/wp-json\/wp\/v2\/comments?post=17030"}],"version-history":[{"count":7,"href":"https:\/\/clientes.space\/michele-bond\/website\/wp-json\/wp\/v2\/pages\/17030\/revisions"}],"predecessor-version":[{"id":22351,"href":"https:\/\/clientes.space\/michele-bond\/website\/wp-json\/wp\/v2\/pages\/17030\/revisions\/22351"}],"wp:attachment":[{"href":"https:\/\/clientes.space\/michele-bond\/website\/wp-json\/wp\/v2\/media?parent=17030"}],"curies":[{"name":"wp","href":"https:\/\/api.w.org\/{rel}","templated":true}]}}