{"id":1905,"date":"2018-07-11T11:12:05","date_gmt":"2018-07-11T11:12:05","guid":{"rendered":"https:\/\/clientes.space\/michele-bond\/website\/?page_id=1905"},"modified":"2023-09-22T12:59:48","modified_gmt":"2023-09-22T12:59:48","slug":"green-peel","status":"publish","type":"page","link":"https:\/\/clientes.space\/michele-bond\/website\/green-peel\/","title":{"rendered":"Green Peel\u00ae"},"content":{"rendered":"<p>[vc_row content_width=&#8221;grid&#8221; el_class=&#8221;first-section&#8221; css=&#8221;.vc_custom_1481240302876{padding-top: 60px !important;}&#8221;][vc_column width=&#8221;1\/2&#8243;]<div class=\"mkdf-section-title-holder\">\n\t<h2 class=\"mkdf-section-title mkdf-section-title-small\" style=\"text-transform: none;text-align: left\">\n\tO que \u00e9 o Green Peel?<\/h2>\n<\/div>[vc_column_text]A dermatologista alem\u00e3, Dra. Christine Schrammek, tinha como miss\u00e3o melhorar a apar\u00eancia de seus clientes de maneira r\u00e1pida, segura e eficaz. Ela pretendia revelar uma nova pele em apenas 5 dias, usando apenas ingredientes \u00e0 base de plantas.<\/p>\n<p>O resultado \u00e9 o Green Peel\u00ae, um tratamento de regenera\u00e7\u00e3o da pele de grau m\u00e9dico \u00e0 base de ervas, que \u00e9 realizado exclusivamente por vitaminas e minerais naturais.<\/p>\n<p>O reconhecimento do Green Peel\u00ae obtido mundialmente, provou que este \u00e9 um m\u00e9todo seguro e eficaz. Podendo por isso, ser a solu\u00e7\u00e3o para v\u00e1rios problemas de pele no rosto e no corpo.<\/p>\n<p>&nbsp;<\/p>\n<h4>Existem as diferentes variantes<\/h4>\n<ul>\n<li><strong>GREEN PEEL\u00ae Classic<br \/>\n<\/strong>Regenera\u00e7\u00e3o e renova\u00e7\u00e3o com o efeito peeling<\/li>\n<\/ul>\n<ul>\n<li><strong>GREEN PEEL\u00ae Energy<br \/>\n<\/strong>Repara\u00e7\u00e3o natural da pele sem efeito peeling<\/li>\n<\/ul>\n<ul>\n<li><strong>GREEN PEEL\u00ae Fresh Up<br \/>\n<\/strong>Refrescante, sem efeito peeling<\/li>\n<\/ul>\n<p>[\/vc_column_text][vc_empty_space][\/vc_column][vc_column width=&#8221;1\/2&#8243;]<div class=\"mkdf-section-title-holder\">\n\t<h2 class=\"mkdf-section-title mkdf-section-title-small\" style=\"text-transform: none;text-align: left\">\n\tComo funciona?<\/h2>\n<\/div>[vc_column_text]O Green Peel\u00ae \u00e9 massageado na sua pele. A\u00ed, as micro part\u00edculas das ervas ir\u00e3o polir as camadas superiores da pele (epiderme) e os outros ingredientes activos da prepara\u00e7\u00e3o das plantas ir\u00e3o penetrar na pele, onde ser\u00e3o absorvidos pela c\u00fatis num per\u00edodo de 48 horas.<\/p>\n<p>Durante esse tempo, ser\u00e3o libertadas subst\u00e2ncias activas naturais, tais como vitaminas, horm\u00f4nios vegetais, enzimas e outros ingredientes, que ir\u00e3o ser ben\u00e9ficos para a pele.<\/p>\n<p>O tratamento aumenta a circula\u00e7\u00e3o sangu\u00ednea da pele, o que intensifica o seu metabolismo, e estimula a regenera\u00e7\u00e3o atrav\u00e9s da produ\u00e7\u00e3o de novas c\u00e9lulas e fibras de colag\u00e9nio.\u00a0Como resultado, as camadas superiores da pele descamam.<\/p>\n<p><strong>NOTA:<\/strong> O tratamento de pele Green Peel\u00ae \u00e9 seguro, e conta com mais de 40 anos de pesquisa.[\/vc_column_text][vc_single_image image=&#8221;3953&#8243; img_size=&#8221;250&#215;200&#8243; alignment=&#8221;center&#8221; style=&#8221;vc_box_border_circle&#8221;][vc_empty_space][\/vc_column][\/vc_row][vc_row content_width=&#8221;grid&#8221; el_class=&#8221;first-section&#8221; css=&#8221;.vc_custom_1481238748781{padding-bottom: 50px !important;}&#8221;][vc_column width=&#8221;1\/2&#8243;]<div class=\"mkdf-section-title-holder\">\n\t<h2 class=\"mkdf-section-title mkdf-section-title-small\" style=\"text-transform: none;text-align: left\">\n\tResultados<\/h2>\n<\/div>[vc_column_text]O Green Peel \u00e9 um extrato de plantas em que os ingredientes trabalham em conjunto para produzir o efeito de peeling.<\/p>\n<p>Como as ervas n\u00e3o t\u00eam efeitos colaterais t\u00f3xicos, este \u00e9 um procedimento n\u00e3o cir\u00fargico seguro e confi\u00e1vel. \u00c9 um tratamento que requer pouco tempo de inatividade e os resultados s\u00e3o excepcionais.<\/p>\n<p>Como resulto, conv\u00e9m real\u00e7ar o rejuvenescimento e melhoramento da pele propensa \u00e0 acne, assim como a redu\u00e7\u00e3o de linhas e rugas, pigmenta\u00e7\u00e3o e cicatrizes de acne. Outros resultados do Green Peel, \u00e9 a revitaliza\u00e7\u00e3o e suaviza\u00e7\u00e3o dos poros e da textura da pele.[\/vc_column_text][vc_empty_space][\/vc_column][vc_column width=&#8221;1\/2&#8243;]<div class=\"mkdf-section-title-holder\">\n\t<h2 class=\"mkdf-section-title mkdf-section-title-small\" style=\"text-transform: none;text-align: left\">\n\tO passo a passo do tratamento<\/h2>\n<\/div>[vc_column_text]Todos os tratamentos faciais come\u00e7am com uma consulta, este n\u00e3o \u00e9 excep\u00e7\u00e3o.\u00a0Assim, o passo a passo do Gren Peel \u00e9:<\/p>\n<ol>\n<li>Marque a sua consulta de avalia\u00e7\u00e3o gratuita;<\/li>\n<li>Durante a consulta, voc\u00ea ter\u00e1 a oportunidade de discutir o tratamento e os resultados que deseja alcan\u00e7ar;<\/li>\n<li>O tratamento \u00e9 preparado com base num composto de ervas naturais (Green Peel) sem quaisquer aditivos qu\u00edmicos;<\/li>\n<li>A sua pele pode ficar levemente avermelhada e sens\u00edvel ap\u00f3s o tratamento, no entanto, estes efeitos passam rapidamente.<\/li>\n<\/ol>\n<p>[\/vc_column_text][vc_empty_space][\/vc_column][\/vc_row][vc_row css=&#8221;.vc_custom_1589050320501{background-color: #f8f8f8 !important;}&#8221;][vc_column]\n\n\t<div class=\"mkdf-call-to-action normal\" style=\"padding: 20px;\">\n\n\t\t\t\t<div class=\"mkdf-container-inner\">\n\t\t\t\t\t<div class=\"mkdf-call-to-action-row-75-25 clearfix\">\n\t\t\n\t\t\t\t<div class=\"mkdf-text-wrapper mkdf-call-to-action-column1 mkdf-call-to-action-cell\">\n\n\t\t\t\t\n\t\t\t\t\t<div class=\"mkdf-call-to-action-text\" >\n\t\t\t\t\t\t\n<h2 class=\"p1\" style=\"margin-top: 10px !important;\"><strong>Agende hoje o seu tratamento\u00a0<\/strong><\/h2>\n\t\t\t\t\t<\/div>\n\n\t\t\t\t<\/div>\n\n\t\t\t\t\n\t\t\t\t\t<div class=\"mkdf-button-wrapper mkdf-call-to-action-column2 mkdf-call-to-action-cell\" style =\"text-align: right ;\">\n\n\t\t\t\t\t\t<a href=\"\/marcar-consulta\/\" target=\"_self\"  class=\"mkdf-btn mkdf-btn-medium mkdf-btn-solid mkdf-btn-hover-outline\"  >\t\t\t\t<span class=\"mkdf-btn-helper\" ><\/span>\t\t<span class=\"mkdf-btn-text\">Marcar Consulta<\/span><\/a>\n\t\t\t\t\t<\/div>\n\n\t\t\t\t\n\t\t\t<\/div>\n\n\t\t\t\t<\/div>\n\t\t\n\t<\/div>\n\n[\/vc_column][\/vc_row][vc_row content_width=&#8221;grid&#8221; css=&#8221;.vc_custom_1589050348301{padding-top: 90px !important;padding-bottom: 90px !important;background-color: #ffffff !important;}&#8221;][vc_column]<div class=\"mkdf-section-title-holder\">\n\t<h2 class=\"mkdf-section-title mkdf-section-title-medium\" style=\"text-transform: capitalize;text-align: center\">\n\tPerguntas Frequentes<\/h2>\n<\/div><div class=\"mkdf-accordion-holder clearfix mkdf-accordion mkdf-initial \">\n\t<h5 class=\"clearfix mkdf-title-holder\">\n<span class=\"mkdf-accordion-mark mkdf-left-mark\">\n\t\t<span class=\"mkdf-accordion-mark-icon\">\n\t\t\t<span class=\"icon_plus\"><\/span>\n\t\t\t<span class=\"icon_minus-06\"><\/span>\n\t\t<\/span>\n<\/span>\n<span class=\"mkdf-tab-title\">\n\t\t<span class=\"mkdf-tab-title-inner\">\n\t\t\t\t\t\tPre\u00e7os\t\t<\/span>\n<\/span>\n<\/h5>\n<div class=\"mkdf-accordion-content\">\n\t<div class=\"mkdf-accordion-content-inner\">\n\t\t[vc_column_text]<\/p>\n<p class=\"mkdf-section-subtitle\">Os pre\u00e7os variam segundo:<\/p>\n<ul>\n<li class=\"mkdf-section-subtitle\"><strong>GREEN PEEL\u00ae Classic:<\/strong> 220\u20ac<br \/>\n(inclui produto homecare e 2 tratamentos em cl\u00ednica)<\/li>\n<li><strong>GREEN PEEL\u00ae Energy:<\/strong> 110\u20ac<\/li>\n<li><strong>GREEN PEEL\u00ae Fresh Up:<\/strong> 95\u20ac<\/li>\n<\/ul>\n<p>[\/vc_column_text]\n\t\t\t<\/div>\n<\/div>\n<h5 class=\"clearfix mkdf-title-holder\">\n<span class=\"mkdf-accordion-mark mkdf-left-mark\">\n\t\t<span class=\"mkdf-accordion-mark-icon\">\n\t\t\t<span class=\"icon_plus\"><\/span>\n\t\t\t<span class=\"icon_minus-06\"><\/span>\n\t\t<\/span>\n<\/span>\n<span class=\"mkdf-tab-title\">\n\t\t<span class=\"mkdf-tab-title-inner\">\n\t\t\t\t\t\tComo a pele fica ap\u00f3s o tratamento?\t\t<\/span>\n<\/span>\n<\/h5>\n<div class=\"mkdf-accordion-content\">\n\t<div class=\"mkdf-accordion-content-inner\">\n\t\t[vc_column_text]<\/p>\n<p class=\"mkdf-section-subtitle\">Logo ap\u00f3s o tratamento, a pele fica vermelha e com uma sensa\u00e7\u00e3o de queima\u00e7\u00e3o.<\/p>\n<p>Dependendo da intensidade do tratamento, o processo de peeling conclui-se entre dois a cinco dias. Durante este per\u00edodo, a pele precisa de ser tratada em casa, com os produtos de cuidados especiais Dr. Schrammek.<\/p>\n<p>Ap\u00f3s este 5 dias, o cliente retornar\u00e1 \u00e0 cl\u00ednica para finalizar o tratamento GREEN PEEL\u00ae Herbal Peeling Classic, utilizando produtos exclusivos para nutrir a pele renovada.[\/vc_column_text]\n\t\t\t<\/div>\n<\/div>\n<h5 class=\"clearfix mkdf-title-holder\">\n<span class=\"mkdf-accordion-mark mkdf-left-mark\">\n\t\t<span class=\"mkdf-accordion-mark-icon\">\n\t\t\t<span class=\"icon_plus\"><\/span>\n\t\t\t<span class=\"icon_minus-06\"><\/span>\n\t\t<\/span>\n<\/span>\n<span class=\"mkdf-tab-title\">\n\t\t<span class=\"mkdf-tab-title-inner\">\n\t\t\t\t\t\tQual \u00e9 o aspecto da nova pele?\t\t<\/span>\n<\/span>\n<\/h5>\n<div class=\"mkdf-accordion-content\">\n\t<div class=\"mkdf-accordion-content-inner\">\n\t\t[vc_column_text]<\/p>\n<p class=\"mkdf-section-subtitle\">A pele, ap\u00f3s o tratamento, fica nova. N\u00e3o fica com vermelhid\u00e3o, e estar\u00e1 consideravelmente melhor, mais fresca, clara e mais jovem.<\/p>\n<p>[\/vc_column_text]\n\t\t\t<\/div>\n<\/div>\n<h5 class=\"clearfix mkdf-title-holder\">\n<span class=\"mkdf-accordion-mark mkdf-left-mark\">\n\t\t<span class=\"mkdf-accordion-mark-icon\">\n\t\t\t<span class=\"icon_plus\"><\/span>\n\t\t\t<span class=\"icon_minus-06\"><\/span>\n\t\t<\/span>\n<\/span>\n<span class=\"mkdf-tab-title\">\n\t\t<span class=\"mkdf-tab-title-inner\">\n\t\t\t\t\t\tQual \u00e9 o tempo do procedimento ?\t\t<\/span>\n<\/span>\n<\/h5>\n<div class=\"mkdf-accordion-content\">\n\t<div class=\"mkdf-accordion-content-inner\">\n\t\t[vc_column_text]<\/p>\n<p class=\"mkdf-section-subtitle\">A dura\u00e7\u00e3o do tratamento varia em fun\u00e7\u00e3o do procedimento utilizado, a saber:<\/p>\n<ul>\n<li class=\"mkdf-section-subtitle\"><strong> GREEN PEEL\u00ae Classic:<\/strong> 1 hora e 30 minutos + 1 sess\u00e3o de 30 minutos no 5\u00ba dia<\/li>\n<li><strong>GREEN PEEL\u00ae Energy:<\/strong> 1 hora e 15 minutos<\/li>\n<li><strong>GREEN PEEL\u00ae Fresh Up:<\/strong> 1 hora<\/li>\n<\/ul>\n<p>[\/vc_column_text]\n\t\t\t<\/div>\n<\/div>\n<\/div>[\/vc_column][\/vc_row][vc_row content_width=&#8221;grid&#8221; css=&#8221;.vc_custom_1592758697991{border-top-width: 1px !important;border-bottom-width: 1px !important;padding-top: 60px !important;padding-bottom: 60px !important;background-color: #fafafa !important;border-top-color: #f2f2f2 !important;border-top-style: solid !important;border-bottom-color: #f2f2f2 !important;border-bottom-style: solid !important;}&#8221;][vc_column]<div class=\"mkdf-section-title-holder\">\n\t<h2 class=\"mkdf-section-title\" style=\"text-align: center\">\n\tUma nova pele em 5 dias<\/h2>\n<\/div><div class=\"mkdf-section-subtitle-holder mkdf-section-subtitle-center\" >\n\t<p style=\"text-align: center\" class=\"mkdf-section-subtitle\">Descubra como o tratamento original do GREEN PEEL\u00ae Herbal Peeling o pode ajudar com diferentes condi\u00e7\u00f5es da pele<\/p>\n<\/div>[vc_empty_space][vc_video link=&#8221;https:\/\/youtu.be\/CZF6C5yt818&#8243; align=&#8221;center&#8221;][\/vc_column][\/vc_row][vc_row content_width=&#8221;grid&#8221; css=&#8221;.vc_custom_1592759082053{border-top-width: 1px !important;border-bottom-width: 1px !important;padding-top: 60px !important;padding-bottom: 60px !important;}&#8221;][vc_column width=&#8221;1\/2&#8243;][vc_single_image image=&#8221;6102&#8243; img_size=&#8221;450&#215;410&#8243; alignment=&#8221;center&#8221; style=&#8221;vc_box_border&#8221;][vc_empty_space][\/vc_column][vc_column width=&#8221;1\/2&#8243;]<div class=\"mkdf-section-title-holder\">\n\t<h2 class=\"mkdf-section-title mkdf-section-title-medium\" style=\"text-transform: capitalize;text-align: left\">\n\tGreen Peel\u00ae<\/h2>\n<\/div>[vc_column_text]<\/p>\n<p class=\"mkdf-section-subtitle\">\u00c9 a solu\u00e7\u00e3o para v\u00e1rios problemas de pele no rosto e no corpo:<\/p>\n<ul>\n<li>Pele seborreica com poros alargados<\/li>\n<li>Pele impura<\/li>\n<li>Cicatrizes<\/li>\n<li>Pele prematuramente envelhecida<\/li>\n<li>Pele danificada pelo Sol<\/li>\n<li>Preven\u00e7\u00e3o Anti-idade<\/li>\n<li>Algumas formas de hiperpigmenta\u00e7\u00e3o<\/li>\n<li>Estrias<\/li>\n<li>Flacidez corporal<\/li>\n<\/ul>\n<p>[\/vc_column_text][vc_empty_space][\/vc_column][\/vc_row][vc_row row_type=&#8221;parallax&#8221; full_screen_section_height=&#8221;no&#8221; parallax_background_image=&#8221;164&#8243; css=&#8221;.vc_custom_1481238989291{padding-top: 65px !important;padding-bottom: 65px !important;}&#8221;][vc_column]<div class=\"mkdf-section-title-holder\">\n\t<h2 class=\"mkdf-section-title mkdf-section-title-medium\" style=\"color: #ffffff;text-transform: capitalize;text-align: center\">\n\tClientes Satisfeitos<\/h2>\n<\/div>[vc_empty_space]<div class=\"mkdf-testimonials-holder clearfix light\"><div class=\"mkdf-testimonials testimonials-slider\"><div id=\"mkdf-testimonials83\" class=\"mkdf-testimonial-content testimonials-slider\">\n\t<div class=\"mkdf-testimonial-content-inner\">\n\t\t\t\t\t<div class= \"mkdf-container-inner\">\n\t\t\t\t<div class=\"mkdf-testimonial-text-holder\">\n\t\t\t<div class=\"mkdf-testimonial-text-inner light\">\n\t\t\t\t\t\t\t\t<p class=\"mkdf-testimonial-text\" >Depois de ter o meu segundo filho, e de maus h\u00e1bitos alimentares, ganhei muito peso. Com o acompanhamento que tive na Cl\u00ednica consegui perder 7 quilos e agora sinto-me muito bem! Obrigado a todos.<\/p>\n\t\t\t\t\t\t\t\t\t<div class=\"mkdf-testimonial-author\">\n\t\t\t\t\t\t<h3 class=\"mkdf-testimonial-author-text light\">F\u00e1tima (38 Anos)<\/h3>\n\t\t\t\t\t\t\t\t\t\t\t\t\t<span class=\"mkdf-testimonials-job light\">Lisboa<\/span>\n\t\t\t\t\t\t\t\t\t\t\t<\/div>\n\t\t\t\t\t\t\t<\/div>\n\t\t<\/div>\n\n\t\t\t\t\t<\/div>\n\t\t\t<\/div>\n<\/div>\n<div id=\"mkdf-testimonials82\" class=\"mkdf-testimonial-content testimonials-slider\">\n\t<div class=\"mkdf-testimonial-content-inner\">\n\t\t\t\t\t<div class= \"mkdf-container-inner\">\n\t\t\t\t<div class=\"mkdf-testimonial-text-holder\">\n\t\t\t<div class=\"mkdf-testimonial-text-inner light\">\n\t\t\t\t\t\t\t\t<p class=\"mkdf-testimonial-text\" >Sempre tive muitas dificuldades em dormir, tentei muitas terapias mas s\u00f3 com a ajuda da Dra Michelle \u00e9 que descobri o que \u00e9 uma boa noite de sono. Sou hoje uma pessoa diferente e com muito mais energia.<\/p>\n\t\t\t\t\t\t\t\t\t<div class=\"mkdf-testimonial-author\">\n\t\t\t\t\t\t<h3 class=\"mkdf-testimonial-author-text light\">Carla (45 Anos)<\/h3>\n\t\t\t\t\t\t\t\t\t\t\t\t\t<span class=\"mkdf-testimonials-job light\">Alg\u00e9s<\/span>\n\t\t\t\t\t\t\t\t\t\t\t<\/div>\n\t\t\t\t\t\t\t<\/div>\n\t\t<\/div>\n\n\t\t\t\t\t<\/div>\n\t\t\t<\/div>\n<\/div>\n<\/div><\/div>[\/vc_column][\/vc_row][vc_row][vc_column]\n\n\t<div class=\"mkdf-call-to-action normal\" style=\"padding: 20px;\">\n\n\t\t\t\t<div class=\"mkdf-container-inner\">\n\t\t\t\t\t<div class=\"mkdf-call-to-action-row-75-25 clearfix\">\n\t\t\n\t\t\t\t<div class=\"mkdf-text-wrapper mkdf-call-to-action-column1 mkdf-call-to-action-cell\">\n\n\t\t\t\t\n\t\t\t\t\t<div class=\"mkdf-call-to-action-text\" >\n\t\t\t\t\t\t\n<h2 class=\"p1\" style=\"margin-top: 10px !important;\"><strong>Agende hoje a sua consulta<\/strong><\/h2>\n\t\t\t\t\t<\/div>\n\n\t\t\t\t<\/div>\n\n\t\t\t\t\n\t\t\t\t\t<div class=\"mkdf-button-wrapper mkdf-call-to-action-column2 mkdf-call-to-action-cell\" style =\"text-align: right ;\">\n\n\t\t\t\t\t\t<a href=\"\/marcar-consulta\/\" target=\"_self\"  class=\"mkdf-btn mkdf-btn-medium mkdf-btn-solid mkdf-btn-hover-outline\"  >\t\t\t\t<span class=\"mkdf-btn-helper\" ><\/span>\t\t<span class=\"mkdf-btn-text\">Marcar Consulta<\/span><\/a>\n\t\t\t\t\t<\/div>\n\n\t\t\t\t\n\t\t\t<\/div>\n\n\t\t\t\t<\/div>\n\t\t\n\t<\/div>\n\n[\/vc_column][\/vc_row]<\/p>\n","protected":false},"excerpt":{"rendered":"<p>[vc_row content_width=&#8221;grid&#8221; el_class=&#8221;first-section&#8221; css=&#8221;.vc_custom_1481240302876{padding-top: 60px !important;}&#8221;][vc_column width=&#8221;1\/2&#8243;][vc_column_text]A dermatologista alem\u00e3, Dra. Christine Schrammek, tinha como miss\u00e3o melhorar a apar\u00eancia de seus&#8230;<\/p>\n","protected":false},"author":2,"featured_media":6103,"parent":0,"menu_order":0,"comment_status":"closed","ping_status":"closed","template":"full-width.php","meta":{"content-type":"","footnotes":""},"yoast_head":"<!-- This site is optimized with the Yoast SEO plugin v21.7 - https:\/\/yoast.com\/wordpress\/plugins\/seo\/ -->\n<title>Green Peel \u00ae - Peeling Natural - Cl\u00ednica Michelle Bond<\/title>\n<meta name=\"description\" content=\"O resultado \u00e9 o Green Peel, um tratamento de regenera\u00e7\u00e3o da pele de grau m\u00e9dico \u00e0 base de ervas, que \u00e9 realizado exclusivamente por vitaminas e minerais\" \/>\n<meta name=\"robots\" content=\"index, follow, max-snippet:-1, max-image-preview:large, max-video-preview:-1\" \/>\n<link rel=\"canonical\" href=\"https:\/\/clientes.space\/michele-bond\/website\/green-peel\/\" \/>\n<meta property=\"og:locale\" content=\"pt_PT\" \/>\n<meta property=\"og:type\" content=\"article\" \/>\n<meta property=\"og:title\" content=\"Green Peel \u00ae - Peeling Natural - Cl\u00ednica Michelle Bond\" \/>\n<meta property=\"og:description\" content=\"O resultado \u00e9 o Green Peel, um tratamento de regenera\u00e7\u00e3o da pele de grau m\u00e9dico \u00e0 base de ervas, que \u00e9 realizado exclusivamente por vitaminas e minerais\" \/>\n<meta property=\"og:url\" content=\"https:\/\/clientes.space\/michele-bond\/website\/green-peel\/\" \/>\n<meta property=\"og:site_name\" content=\"Michelle Bond Clinic | Lisboa\" \/>\n<meta property=\"article:modified_time\" content=\"2023-09-22T12:59:48+00:00\" \/>\n<meta property=\"og:image\" content=\"https:\/\/clientes.space\/michele-bond\/website\/wp-content\/uploads\/2020\/06\/Green-Peel.jpg\" \/>\n\t<meta property=\"og:image:width\" content=\"1702\" \/>\n\t<meta property=\"og:image:height\" content=\"630\" \/>\n\t<meta property=\"og:image:type\" content=\"image\/jpeg\" \/>\n<meta name=\"twitter:card\" content=\"summary_large_image\" \/>\n<meta name=\"twitter:label1\" content=\"Tempo estimado de leitura\" \/>\n\t<meta name=\"twitter:data1\" content=\"5 minutos\" \/>\n<script type=\"application\/ld+json\" class=\"yoast-schema-graph\">{\"@context\":\"https:\/\/schema.org\",\"@graph\":[{\"@type\":\"WebPage\",\"@id\":\"https:\/\/clientes.space\/michele-bond\/website\/green-peel\/\",\"url\":\"https:\/\/clientes.space\/michele-bond\/website\/green-peel\/\",\"name\":\"Green Peel \u00ae - Peeling Natural - Cl\u00ednica Michelle Bond\",\"isPartOf\":{\"@id\":\"https:\/\/clientes.space\/michele-bond\/website\/#website\"},\"datePublished\":\"2018-07-11T11:12:05+00:00\",\"dateModified\":\"2023-09-22T12:59:48+00:00\",\"description\":\"O resultado \u00e9 o Green Peel, um tratamento de regenera\u00e7\u00e3o da pele de grau m\u00e9dico \u00e0 base de ervas, que \u00e9 realizado exclusivamente por vitaminas e minerais\",\"breadcrumb\":{\"@id\":\"https:\/\/clientes.space\/michele-bond\/website\/green-peel\/#breadcrumb\"},\"inLanguage\":\"pt-PT\",\"potentialAction\":[{\"@type\":\"ReadAction\",\"target\":[\"https:\/\/clientes.space\/michele-bond\/website\/green-peel\/\"]}]},{\"@type\":\"BreadcrumbList\",\"@id\":\"https:\/\/clientes.space\/michele-bond\/website\/green-peel\/#breadcrumb\",\"itemListElement\":[{\"@type\":\"ListItem\",\"position\":1,\"name\":\"In\u00edcio\",\"item\":\"https:\/\/clientes.space\/michele-bond\/website\/\"},{\"@type\":\"ListItem\",\"position\":2,\"name\":\"Green Peel\u00ae\"}]},{\"@type\":\"WebSite\",\"@id\":\"https:\/\/clientes.space\/michele-bond\/website\/#website\",\"url\":\"https:\/\/clientes.space\/michele-bond\/website\/\",\"name\":\"Michelle Bond - Holistic Health &amp; Beauty\",\"description\":\"Medicina Est\u00e9tica, Naturopatia, Nutri\u00e7\u00e3o e Fisioterapia\",\"potentialAction\":[{\"@type\":\"SearchAction\",\"target\":{\"@type\":\"EntryPoint\",\"urlTemplate\":\"https:\/\/clientes.space\/michele-bond\/website\/?s={search_term_string}\"},\"query-input\":\"required name=search_term_string\"}],\"inLanguage\":\"pt-PT\"}]}<\/script>\n<!-- \/ Yoast SEO plugin. -->","yoast_head_json":{"title":"Green Peel \u00ae - Peeling Natural - Cl\u00ednica Michelle Bond","description":"O resultado \u00e9 o Green Peel, um tratamento de regenera\u00e7\u00e3o da pele de grau m\u00e9dico \u00e0 base de ervas, que \u00e9 realizado exclusivamente por vitaminas e minerais","robots":{"index":"index","follow":"follow","max-snippet":"max-snippet:-1","max-image-preview":"max-image-preview:large","max-video-preview":"max-video-preview:-1"},"canonical":"https:\/\/clientes.space\/michele-bond\/website\/green-peel\/","og_locale":"pt_PT","og_type":"article","og_title":"Green Peel \u00ae - Peeling Natural - Cl\u00ednica Michelle Bond","og_description":"O resultado \u00e9 o Green Peel, um tratamento de regenera\u00e7\u00e3o da pele de grau m\u00e9dico \u00e0 base de ervas, que \u00e9 realizado exclusivamente por vitaminas e minerais","og_url":"https:\/\/clientes.space\/michele-bond\/website\/green-peel\/","og_site_name":"Michelle Bond Clinic | Lisboa","article_modified_time":"2023-09-22T12:59:48+00:00","og_image":[{"width":1702,"height":630,"url":"https:\/\/clientes.space\/michele-bond\/website\/wp-content\/uploads\/2020\/06\/Green-Peel.jpg","type":"image\/jpeg"}],"twitter_card":"summary_large_image","twitter_misc":{"Tempo estimado de leitura":"5 minutos"},"schema":{"@context":"https:\/\/schema.org","@graph":[{"@type":"WebPage","@id":"https:\/\/clientes.space\/michele-bond\/website\/green-peel\/","url":"https:\/\/clientes.space\/michele-bond\/website\/green-peel\/","name":"Green Peel \u00ae - Peeling Natural - Cl\u00ednica Michelle Bond","isPartOf":{"@id":"https:\/\/clientes.space\/michele-bond\/website\/#website"},"datePublished":"2018-07-11T11:12:05+00:00","dateModified":"2023-09-22T12:59:48+00:00","description":"O resultado \u00e9 o Green Peel, um tratamento de regenera\u00e7\u00e3o da pele de grau m\u00e9dico \u00e0 base de ervas, que \u00e9 realizado exclusivamente por vitaminas e minerais","breadcrumb":{"@id":"https:\/\/clientes.space\/michele-bond\/website\/green-peel\/#breadcrumb"},"inLanguage":"pt-PT","potentialAction":[{"@type":"ReadAction","target":["https:\/\/clientes.space\/michele-bond\/website\/green-peel\/"]}]},{"@type":"BreadcrumbList","@id":"https:\/\/clientes.space\/michele-bond\/website\/green-peel\/#breadcrumb","itemListElement":[{"@type":"ListItem","position":1,"name":"In\u00edcio","item":"https:\/\/clientes.space\/michele-bond\/website\/"},{"@type":"ListItem","position":2,"name":"Green Peel\u00ae"}]},{"@type":"WebSite","@id":"https:\/\/clientes.space\/michele-bond\/website\/#website","url":"https:\/\/clientes.space\/michele-bond\/website\/","name":"Michelle Bond - Holistic Health &amp; Beauty","description":"Medicina Est\u00e9tica, Naturopatia, Nutri\u00e7\u00e3o e Fisioterapia","potentialAction":[{"@type":"SearchAction","target":{"@type":"EntryPoint","urlTemplate":"https:\/\/clientes.space\/michele-bond\/website\/?s={search_term_string}"},"query-input":"required name=search_term_string"}],"inLanguage":"pt-PT"}]}},"_links":{"self":[{"href":"https:\/\/clientes.space\/michele-bond\/website\/wp-json\/wp\/v2\/pages\/1905"}],"collection":[{"href":"https:\/\/clientes.space\/michele-bond\/website\/wp-json\/wp\/v2\/pages"}],"about":[{"href":"https:\/\/clientes.space\/michele-bond\/website\/wp-json\/wp\/v2\/types\/page"}],"author":[{"embeddable":true,"href":"https:\/\/clientes.space\/michele-bond\/website\/wp-json\/wp\/v2\/users\/2"}],"replies":[{"embeddable":true,"href":"https:\/\/clientes.space\/michele-bond\/website\/wp-json\/wp\/v2\/comments?post=1905"}],"version-history":[{"count":5,"href":"https:\/\/clientes.space\/michele-bond\/website\/wp-json\/wp\/v2\/pages\/1905\/revisions"}],"predecessor-version":[{"id":22206,"href":"https:\/\/clientes.space\/michele-bond\/website\/wp-json\/wp\/v2\/pages\/1905\/revisions\/22206"}],"wp:featuredmedia":[{"embeddable":true,"href":"https:\/\/clientes.space\/michele-bond\/website\/wp-json\/wp\/v2\/media\/6103"}],"wp:attachment":[{"href":"https:\/\/clientes.space\/michele-bond\/website\/wp-json\/wp\/v2\/media?parent=1905"}],"curies":[{"name":"wp","href":"https:\/\/api.w.org\/{rel}","templated":true}]}}