{"id":20493,"date":"2023-02-02T16:36:44","date_gmt":"2023-02-02T16:36:44","guid":{"rendered":"https:\/\/clientes.space\/michele-bond\/website\/en_US\/?page_id=20493"},"modified":"2023-09-22T13:46:33","modified_gmt":"2023-09-22T13:46:33","slug":"pediatria-plant-based","status":"publish","type":"page","link":"https:\/\/clientes.space\/michele-bond\/website\/pediatria-plant-based\/","title":{"rendered":"Pediatria Plant-Based"},"content":{"rendered":"<p>[vc_row content_width=&#8221;grid&#8221; el_class=&#8221;first-section&#8221; css=&#8221;.vc_custom_1481240302876{padding-top: 60px !important;}&#8221;][vc_column width=&#8221;1\/2&#8243;]<div class=\"mkdf-section-title-holder\">\n\t<h2 class=\"mkdf-section-title mkdf-section-title-small\" style=\"text-transform: none;text-align: left\">\n\tO que \u00e9 a alimenta\u00e7\u00e3o plant-based?<\/h2>\n<\/div>[vc_column_text]<span style=\"font-weight: 400;\">Uma dieta \u00e0 base de alimentos naturais e com uma variedade de gr\u00e3os integrais, leguminosas, vegetais, frutas, oleaginosas e sementes, n\u00e3o \u00e9 apenas segura para as crian\u00e7as, uma vez que fornece a melhor base para a sa\u00fade ao longo da vida.<\/span><\/p>\n<p><span style=\"font-weight: 400;\">O estilo de vida que constru\u00edmos para n\u00f3s e para as nossas fam\u00edlias determina em grande parte a sa\u00fade e a felicidade.<\/span>[\/vc_column_text][vc_single_image image=&#8221;3711&#8243; img_size=&#8221;250&#215;200&#8243; alignment=&#8221;center&#8221; style=&#8221;vc_box_border_circle_2&#8243; css=&#8221;.vc_custom_1574187671716{padding-top: 20px !important;}&#8221;][vc_empty_space][\/vc_column][vc_column width=&#8221;1\/2&#8243;]<div class=\"mkdf-section-title-holder\">\n\t<h2 class=\"mkdf-section-title mkdf-section-title-small\" style=\"text-transform: none;text-align: left\">\n\tBenef\u00edcios<\/h2>\n<\/div>[vc_column_text]<span style=\"font-weight: 400;\">As crian\u00e7as criadas com uma dieta baseada em vegetais e alimentos integrais, para al\u00e9m de desfrutarem de um crescimento e desenvolvimento normais, beneficiam tamb\u00e9m de taxas mais baixas de:<\/span><\/p>\n<ul>\n<li style=\"font-weight: 400;\" aria-level=\"1\"><span style=\"font-weight: 400;\">Doen\u00e7as at\u00f3picas, incluindo asma, alergias e eczema;<\/span><\/li>\n<li style=\"font-weight: 400;\" aria-level=\"1\"><span style=\"font-weight: 400;\">Obstipa\u00e7\u00e3o;<\/span><\/li>\n<li style=\"font-weight: 400;\" aria-level=\"1\"><span style=\"font-weight: 400;\">Obesidade;<\/span><\/li>\n<li style=\"font-weight: 400;\" aria-level=\"1\"><span style=\"font-weight: 400;\">Infe\u00e7\u00f5es respirat\u00f3rias;<\/span><\/li>\n<li style=\"font-weight: 400;\" aria-level=\"1\"><span style=\"font-weight: 400;\">Acne.<\/span><\/li>\n<\/ul>\n<p><span style=\"font-weight: 400;\">A origem de muitas doen\u00e7as cr\u00f3nicas em adultos, como doen\u00e7a card\u00edaca e diabetes tipo 2, come\u00e7a na inf\u00e2ncia. De acordo com evid\u00eancia cient\u00edfica, h\u00e1bitos saud\u00e1veis de estilo de vida e uma alimenta\u00e7\u00e3o \u00e0 base de plantas, pode prevenir doen\u00e7as nas crian\u00e7as e melhorar tamb\u00e9m a sa\u00fade dos pais.\u00a0<\/span>[\/vc_column_text][vc_empty_space][\/vc_column][\/vc_row][vc_row content_width=&#8221;grid&#8221; el_class=&#8221;first-section&#8221; css=&#8221;.vc_custom_1481238748781{padding-bottom: 50px !important;}&#8221;][vc_column width=&#8221;1\/2&#8243;]<div class=\"mkdf-section-title-holder\">\n\t<h2 class=\"mkdf-section-title mkdf-section-title-small\" style=\"text-transform: none;text-align: left\">\n\tComo podemos ajudar<\/h2>\n<\/div>[vc_column_text]<span style=\"font-weight: 400;\">A consulta de pediatria\u00a0<\/span><i><span style=\"font-weight: 400;\">plant-based<\/span><\/i><span style=\"font-weight: 400;\">\u00a0est\u00e1 direcionada para:<\/span><\/p>\n<ul>\n<li style=\"font-weight: 400;\" aria-level=\"1\"><span style=\"font-weight: 400;\">alergias e intoler\u00e2ncias alimentares;<\/span><\/li>\n<li style=\"font-weight: 400;\" aria-level=\"1\"><span style=\"font-weight: 400;\">esclarecimento de d\u00favidas sobre uma dieta \u00e0 base de plantas;<\/span><\/li>\n<li style=\"font-weight: 400;\" aria-level=\"1\"><span style=\"font-weight: 400;\">ideias criativas para servir mais frutas, vegetais e gr\u00e3os integrais para seu filho;<\/span><\/li>\n<li style=\"font-weight: 400;\" aria-level=\"1\"><span style=\"font-weight: 400;\">obten\u00e7\u00e3o de orienta\u00e7\u00f5es sobre suplementa\u00e7\u00e3o;<\/span><\/li>\n<li style=\"font-weight: 400;\" aria-level=\"1\"><span style=\"font-weight: 400;\">medicina preventiva;<\/span><\/li>\n<li style=\"font-weight: 400;\" aria-level=\"1\"><span style=\"font-weight: 400;\">medicina de estilo de vida.<\/span><\/li>\n<\/ul>\n<p><span style=\"font-weight: 400;\">Podemos trabalhar com beb\u00e9s, crian\u00e7as, gr\u00e1vidas, lactantes, com os pais ou com uma unidade familiar com os seus objetivos de sa\u00fade e bem-estar.<\/span>[\/vc_column_text][vc_empty_space][\/vc_column][vc_column width=&#8221;1\/2&#8243;]<div class=\"mkdf-section-title-holder\">\n\t<h2 class=\"mkdf-section-title mkdf-section-title-small\" style=\"text-transform: none;text-align: left\">\n\tPre\u00e7o<\/h2>\n<\/div>[vc_column_text]<\/p>\n<ul>\n<li style=\"font-weight: 400;\" aria-level=\"1\"><span style=\"font-weight: 400;\">Consulta de pediatria: 160\u20ac<\/span><\/li>\n<\/ul>\n<p><span style=\"font-weight: 400;\">As consultas s\u00e3o online e s\u00e3o oferecidas em ingl\u00eas ou alem\u00e3o.<\/span>[\/vc_column_text][vc_empty_space][\/vc_column][\/vc_row][vc_row css=&#8221;.vc_custom_1589038702671{background-color: #f8f8f8 !important;}&#8221;][vc_column]\n\n\t<div class=\"mkdf-call-to-action normal\" style=\"padding: 20px;\">\n\n\t\t\t\t<div class=\"mkdf-container-inner\">\n\t\t\t\t\t<div class=\"mkdf-call-to-action-row-75-25 clearfix\">\n\t\t\n\t\t\t\t<div class=\"mkdf-text-wrapper mkdf-call-to-action-column1 mkdf-call-to-action-cell\">\n\n\t\t\t\t\n\t\t\t\t\t<div class=\"mkdf-call-to-action-text\" >\n\t\t\t\t\t\t\n<h2 class=\"p1\" style=\"margin-top: 10px !important;\"><strong>Agende hoje a sua consulta<\/strong><\/h2>\n\t\t\t\t\t<\/div>\n\n\t\t\t\t<\/div>\n\n\t\t\t\t\n\t\t\t\t\t<div class=\"mkdf-button-wrapper mkdf-call-to-action-column2 mkdf-call-to-action-cell\" style =\"text-align: right ;\">\n\n\t\t\t\t\t\t<a href=\"\/marcar-consulta\/\" target=\"_self\"  class=\"mkdf-btn mkdf-btn-medium mkdf-btn-solid mkdf-btn-hover-outline\"  >\t\t\t\t<span class=\"mkdf-btn-helper\" ><\/span>\t\t<span class=\"mkdf-btn-text\">Marcar Consulta<\/span><\/a>\n\t\t\t\t\t<\/div>\n\n\t\t\t\t\n\t\t\t<\/div>\n\n\t\t\t\t<\/div>\n\t\t\n\t<\/div>\n\n[\/vc_column][\/vc_row][vc_row content_width=&#8221;grid&#8221; css=&#8221;.vc_custom_1592491986390{border-top-width: 1px !important;border-bottom-width: 1px !important;padding-top: 60px !important;padding-bottom: 60px !important;background-color: #ffffff !important;}&#8221; el_id=&#8221;logo-revistas&#8221;][vc_column][vc_column_text]\n\t\t<style>\n\t\t\t#wpls-logo-showcase-slider-1 .wpls-fix-box,\n\t\t\t#wpls-logo-showcase-slider-1 .wpls-fix-box img.wp-post-image{max-height:250px; }\n\t\t<\/style>\n\n\t\t<div class=\"wpls-wrap wpls-logo-showcase-slider-wrp wpls-logo-clearfix wpls-design-1 \" data-conf=\"{&quot;slides_column&quot;:&quot;4&quot;,&quot;slides_scroll&quot;:1,&quot;dots&quot;:&quot;true&quot;,&quot;arrows&quot;:&quot;true&quot;,&quot;autoplay&quot;:&quot;true&quot;,&quot;autoplay_interval&quot;:3000,&quot;loop&quot;:&quot;true&quot;,&quot;rtl&quot;:&quot;false&quot;,&quot;speed&quot;:800,&quot;center_mode&quot;:&quot;false&quot;,&quot;lazyload&quot;:&quot;&quot;}\">\n\t\t\t<div class=\"wpls-logo-showcase logo_showcase wpls-logo-slider  sliderimage_hide_border \" id=\"wpls-logo-showcase-slider-1\" >\n\t\t\t\t<div class=\"wpls-logo-cnt\">\n\t<div class=\"wpls-fix-box\">\n\t\t\t\t<img class=\"wp-post-image\"  src=\"https:\/\/clientes.space\/michele-bond\/website\/wp-content\/uploads\/2018\/08\/womens-health-1.png\" alt=\"womens-health\" \/>\n\t\t\t<\/div>\n\t<\/div><div class=\"wpls-logo-cnt\">\n\t<div class=\"wpls-fix-box\">\n\t\t\t\t<img class=\"wp-post-image\"  src=\"https:\/\/clientes.space\/michele-bond\/website\/wp-content\/uploads\/2018\/08\/Rede_Vida_logo-1.png\" alt=\"Rede_Vida\" \/>\n\t\t\t<\/div>\n\t<\/div><div class=\"wpls-logo-cnt\">\n\t<div class=\"wpls-fix-box\">\n\t\t\t\t<img class=\"wp-post-image\"  src=\"https:\/\/clientes.space\/michele-bond\/website\/wp-content\/uploads\/2018\/08\/forever_young_logo.png\" alt=\"forever_young\" \/>\n\t\t\t<\/div>\n\t<\/div><div class=\"wpls-logo-cnt\">\n\t<div class=\"wpls-fix-box\">\n\t\t\t\t<img class=\"wp-post-image\"  src=\"https:\/\/clientes.space\/michele-bond\/website\/wp-content\/uploads\/2018\/08\/SVBlog_Logo-1.png\" alt=\"SVBlog\" \/>\n\t\t\t<\/div>\n\t<\/div>\t\t\t<\/div>\n\t\t<\/div>\n\n\t\t[\/vc_column_text][\/vc_column][\/vc_row][vc_row content_width=&#8221;grid&#8221; css=&#8221;.vc_custom_1675356430294{border-top-width: 1px !important;border-bottom-width: 1px !important;padding-top: 60px !important;padding-bottom: 60px !important;background-color: #f8f8f8 !important;}&#8221;][vc_column width=&#8221;1\/2&#8243;][vc_single_image image=&#8221;20500&#8243; img_size=&#8221;medium&#8221; style=&#8221;vc_box_circle&#8221;][vc_empty_space][\/vc_column][vc_column width=&#8221;1\/2&#8243;]<div class=\"mkdf-section-title-holder\">\n\t<h2 class=\"mkdf-section-title\" >\n\tCarolin Wiedmann, M.D.<\/h2>\n<\/div>[vc_column_text]Formou-se em Medicina em 2010 pela Technical University em Munich. Em 2017 especializou-se Pediatria.<\/p>\n<p>Carolin \u00e9 especializada em nutri\u00e7\u00e3o pedi\u00e1trica, e oferece aconselhamento nutricional em ingl\u00eas e alem\u00e3o. Ela trabalha principalmente com beb\u00e9s, crian\u00e7as, gr\u00e1vidas e mulheres que amamentam. Seu foco inclui medicina preventiva, medicina de estilo de vida, alergologia e dietas centradas em plantas.<\/p>\n<p>Experi\u00eancia:<\/p>\n<ul>\n<li>Desde 06\/2020 Private clinic for Nutrition Counseling (vegped.com)<br \/>\nFocus: Preventive Medicine, Lifestyle Medicine, Allergology, Nutrition in Pregnancy, Lactation, Infancy, Childhood and Adolescence<\/li>\n<li>10\/2021 &#8211; 12\/2022 Medical Director, Pediatrics, Physicians Association for Nutrition (PAN) USA (panusa.org)<\/li>\n<li>06\/2019 \u2013 09\/2021 Private clinic, General Pediatrics (Kinder- und Jugendarztpraxis Gilching, Dr. Praun)<\/li>\n<li>08\/2017 \u2013 05\/2019 Dr. von Hauner Children\u00b4s Hospital of the University Hospital Munich, Department for Asthma und Allergology<\/li>\n<li>03\/2012 \u2013 07\/2017 Children\u00b4s hospital St. Elisabeth, Neuburg, General Pediatrics<\/li>\n<\/ul>\n<p>[\/vc_column_text][vc_empty_space][\/vc_column][\/vc_row][vc_row content_width=&#8221;grid&#8221; css=&#8221;.vc_custom_1675356441729{border-top-width: 1px !important;border-bottom-width: 1px !important;padding-top: 60px !important;padding-bottom: 60px !important;background-color: #ffffff !important;border-top-color: #f2f2f2 !important;border-top-style: solid !important;border-bottom-color: #f2f2f2 !important;border-bottom-style: solid !important;}&#8221;][vc_column]<div class=\"mkdf-section-title-holder\">\n\t<h2 class=\"mkdf-section-title\" style=\"text-align: center\">\n\tOutros tratamentos de sa\u00fade infantil<\/h2>\n<\/div><div class=\"mkdf-section-subtitle-holder mkdf-section-subtitle-center\" >\n\t<p style=\"text-align: center\" class=\"mkdf-section-subtitle\">Saiba mais sobre cada um deles<\/p>\n<\/div><div class=\"mkdf-carousel-holder clearfix mkdf-carousel-three-rows mkdf-carousel-navigation\"><div class=\"mkdf-carousel \" data-items=\"3\" data-navigation=\"yes\"><div class=\"mkdf-carousel-item-outer-holder border\"><div class=\"mkdf-carousel-item-holder\">\n\t\t<a href=\"\/tratamento-autismo\/\" target=\"_self\">\n\t\t\t\t\t\t\t<span class=\"mkdf-carousel-first-image-holder  mkdf-image-zoom\">\n\t\t\t\t<img width=\"450\" height=\"420\" src=\"https:\/\/clientes.space\/michele-bond\/website\/wp-content\/uploads\/2019\/11\/Tratamento-para-o-autismo.jpg\" class=\"attachment-full size-full\" alt=\"Tratamento para o autismo\" decoding=\"async\" srcset=\"https:\/\/clientes.space\/michele-bond\/website\/wp-content\/uploads\/2019\/11\/Tratamento-para-o-autismo.jpg 450w, https:\/\/clientes.space\/michele-bond\/website\/wp-content\/uploads\/2019\/11\/Tratamento-para-o-autismo-300x280.jpg 300w\" sizes=\"(max-width: 450px) 100vw, 450px\" \/>\t\t\t<\/span>\n\t\t\t\t\t\t\t<\/a>\n<\/div><\/div><div class=\"mkdf-carousel-item-outer-holder border\"><div class=\"mkdf-carousel-item-holder\">\n\t\t<a href=\"\/nutricao-gravidez\/\" target=\"_self\">\n\t\t\t\t\t\t\t<span class=\"mkdf-carousel-first-image-holder  mkdf-image-zoom\">\n\t\t\t\t<img width=\"450\" height=\"420\" src=\"https:\/\/clientes.space\/michele-bond\/website\/wp-content\/uploads\/2019\/11\/Nutricao-na-gravidez.jpg\" class=\"attachment-full size-full\" alt=\"Nutri\u00e7\u00e3o na gravidez\" decoding=\"async\" srcset=\"https:\/\/clientes.space\/michele-bond\/website\/wp-content\/uploads\/2019\/11\/Nutricao-na-gravidez.jpg 450w, https:\/\/clientes.space\/michele-bond\/website\/wp-content\/uploads\/2019\/11\/Nutricao-na-gravidez-300x280.jpg 300w\" sizes=\"(max-width: 450px) 100vw, 450px\" \/>\t\t\t<\/span>\n\t\t\t\t\t\t\t<\/a>\n<\/div><\/div><div class=\"mkdf-carousel-item-outer-holder border\"><div class=\"mkdf-carousel-item-holder\">\n\t\t<a href=\"\/tratamento-hiperatividade-infantil\/\" target=\"_self\">\n\t\t\t\t\t\t\t<span class=\"mkdf-carousel-first-image-holder  mkdf-image-zoom\">\n\t\t\t\t<img width=\"450\" height=\"420\" src=\"https:\/\/clientes.space\/michele-bond\/website\/wp-content\/uploads\/2019\/11\/Tratamento-para-a-hiperatividade-infantil.jpg\" class=\"attachment-full size-full\" alt=\"Tratamento para a hiperatividade infantil\" decoding=\"async\" srcset=\"https:\/\/clientes.space\/michele-bond\/website\/wp-content\/uploads\/2019\/11\/Tratamento-para-a-hiperatividade-infantil.jpg 450w, https:\/\/clientes.space\/michele-bond\/website\/wp-content\/uploads\/2019\/11\/Tratamento-para-a-hiperatividade-infantil-300x280.jpg 300w\" sizes=\"(max-width: 450px) 100vw, 450px\" \/>\t\t\t<\/span>\n\t\t\t\t\t\t\t<\/a>\n<\/div><\/div><\/div><\/div>[\/vc_column][\/vc_row][vc_row row_type=&#8221;parallax&#8221; full_screen_section_height=&#8221;no&#8221; parallax_background_image=&#8221;164&#8243; css=&#8221;.vc_custom_1481238989291{padding-top: 65px !important;padding-bottom: 65px !important;}&#8221;][vc_column]<div class=\"mkdf-section-title-holder\">\n\t<h2 class=\"mkdf-section-title mkdf-section-title-medium\" style=\"color: #ffffff;text-transform: capitalize;text-align: center\">\n\tClientes Satisfeitos<\/h2>\n<\/div>[vc_empty_space]<div class=\"mkdf-testimonials-holder clearfix light\"><div class=\"mkdf-testimonials testimonials-slider\"><div id=\"mkdf-testimonials83\" class=\"mkdf-testimonial-content testimonials-slider\">\n\t<div class=\"mkdf-testimonial-content-inner\">\n\t\t\t\t\t<div class= \"mkdf-container-inner\">\n\t\t\t\t<div class=\"mkdf-testimonial-text-holder\">\n\t\t\t<div class=\"mkdf-testimonial-text-inner light\">\n\t\t\t\t\t\t\t\t<p class=\"mkdf-testimonial-text\" >Depois de ter o meu segundo filho, e de maus h\u00e1bitos alimentares, ganhei muito peso. Com o acompanhamento que tive na Cl\u00ednica consegui perder 7 quilos e agora sinto-me muito bem! Obrigado a todos.<\/p>\n\t\t\t\t\t\t\t\t\t<div class=\"mkdf-testimonial-author\">\n\t\t\t\t\t\t<h3 class=\"mkdf-testimonial-author-text light\">F\u00e1tima (38 Anos)<\/h3>\n\t\t\t\t\t\t\t\t\t\t\t\t\t<span class=\"mkdf-testimonials-job light\">Lisboa<\/span>\n\t\t\t\t\t\t\t\t\t\t\t<\/div>\n\t\t\t\t\t\t\t<\/div>\n\t\t<\/div>\n\n\t\t\t\t\t<\/div>\n\t\t\t<\/div>\n<\/div>\n<div id=\"mkdf-testimonials82\" class=\"mkdf-testimonial-content testimonials-slider\">\n\t<div class=\"mkdf-testimonial-content-inner\">\n\t\t\t\t\t<div class= \"mkdf-container-inner\">\n\t\t\t\t<div class=\"mkdf-testimonial-text-holder\">\n\t\t\t<div class=\"mkdf-testimonial-text-inner light\">\n\t\t\t\t\t\t\t\t<p class=\"mkdf-testimonial-text\" >Sempre tive muitas dificuldades em dormir, tentei muitas terapias mas s\u00f3 com a ajuda da Dra Michelle \u00e9 que descobri o que \u00e9 uma boa noite de sono. Sou hoje uma pessoa diferente e com muito mais energia.<\/p>\n\t\t\t\t\t\t\t\t\t<div class=\"mkdf-testimonial-author\">\n\t\t\t\t\t\t<h3 class=\"mkdf-testimonial-author-text light\">Carla (45 Anos)<\/h3>\n\t\t\t\t\t\t\t\t\t\t\t\t\t<span class=\"mkdf-testimonials-job light\">Alg\u00e9s<\/span>\n\t\t\t\t\t\t\t\t\t\t\t<\/div>\n\t\t\t\t\t\t\t<\/div>\n\t\t<\/div>\n\n\t\t\t\t\t<\/div>\n\t\t\t<\/div>\n<\/div>\n<\/div><\/div>[\/vc_column][\/vc_row][vc_row][vc_column]\n\n\t<div class=\"mkdf-call-to-action normal\" style=\"padding: 20px;\">\n\n\t\t\t\t<div class=\"mkdf-container-inner\">\n\t\t\t\t\t<div class=\"mkdf-call-to-action-row-75-25 clearfix\">\n\t\t\n\t\t\t\t<div class=\"mkdf-text-wrapper mkdf-call-to-action-column1 mkdf-call-to-action-cell\">\n\n\t\t\t\t\n\t\t\t\t\t<div class=\"mkdf-call-to-action-text\" >\n\t\t\t\t\t\t\n<h2 class=\"p1\" style=\"margin-top: 10px !important;\"><strong>Agende hoje a sua consulta<\/strong><\/h2>\n\t\t\t\t\t<\/div>\n\n\t\t\t\t<\/div>\n\n\t\t\t\t\n\t\t\t\t\t<div class=\"mkdf-button-wrapper mkdf-call-to-action-column2 mkdf-call-to-action-cell\" style =\"text-align: right ;\">\n\n\t\t\t\t\t\t<a href=\"\/marcar-consulta\/\" target=\"_self\"  class=\"mkdf-btn mkdf-btn-medium mkdf-btn-solid mkdf-btn-hover-outline\"  >\t\t\t\t<span class=\"mkdf-btn-helper\" ><\/span>\t\t<span class=\"mkdf-btn-text\">Marcar Consulta<\/span><\/a>\n\t\t\t\t\t<\/div>\n\n\t\t\t\t\n\t\t\t<\/div>\n\n\t\t\t\t<\/div>\n\t\t\n\t<\/div>\n\n[\/vc_column][\/vc_row]<\/p>\n","protected":false},"excerpt":{"rendered":"<p>[vc_row content_width=&#8221;grid&#8221; el_class=&#8221;first-section&#8221; css=&#8221;.vc_custom_1481240302876{padding-top: 60px !important;}&#8221;][vc_column width=&#8221;1\/2&#8243;][vc_column_text]Uma dieta \u00e0 base de alimentos naturais e com uma variedade de gr\u00e3os integrais,&#8230;<\/p>\n","protected":false},"author":2,"featured_media":0,"parent":0,"menu_order":0,"comment_status":"closed","ping_status":"closed","template":"full-width.php","meta":{"content-type":"","footnotes":""},"yoast_head":"<!-- This site is optimized with the Yoast SEO plugin v21.7 - https:\/\/yoast.com\/wordpress\/plugins\/seo\/ -->\n<title>Consulta de Pediatria Plant-Based | Cl\u00ednica Michelle Bond | Lisboa<\/title>\n<meta name=\"description\" content=\"A consulta de pediatria plant-based est\u00e1 direcionada para ajudar com alergias e intoler\u00e2ncias alimentares, esclarecer d\u00favidas sobre a dieta plant-based e mais.\" \/>\n<meta name=\"robots\" content=\"index, follow, max-snippet:-1, max-image-preview:large, max-video-preview:-1\" \/>\n<link rel=\"canonical\" href=\"https:\/\/clientes.space\/michele-bond\/website\/pediatria-plant-based\/\" \/>\n<meta property=\"og:locale\" content=\"pt_PT\" \/>\n<meta property=\"og:type\" content=\"article\" \/>\n<meta property=\"og:title\" content=\"Consulta de Pediatria Plant-Based | Cl\u00ednica Michelle Bond | Lisboa\" \/>\n<meta property=\"og:description\" content=\"A consulta de pediatria plant-based est\u00e1 direcionada para ajudar com alergias e intoler\u00e2ncias alimentares, esclarecer d\u00favidas sobre a dieta plant-based e mais.\" \/>\n<meta property=\"og:url\" content=\"https:\/\/clientes.space\/michele-bond\/website\/pediatria-plant-based\/\" \/>\n<meta property=\"og:site_name\" content=\"Michelle Bond Clinic | Lisboa\" \/>\n<meta property=\"article:modified_time\" content=\"2023-09-22T13:46:33+00:00\" \/>\n<meta name=\"twitter:card\" content=\"summary_large_image\" \/>\n<meta name=\"twitter:label1\" content=\"Tempo estimado de leitura\" \/>\n\t<meta name=\"twitter:data1\" content=\"4 minutos\" \/>\n<script type=\"application\/ld+json\" class=\"yoast-schema-graph\">{\"@context\":\"https:\/\/schema.org\",\"@graph\":[{\"@type\":\"WebPage\",\"@id\":\"https:\/\/clientes.space\/michele-bond\/website\/pediatria-plant-based\/\",\"url\":\"https:\/\/clientes.space\/michele-bond\/website\/pediatria-plant-based\/\",\"name\":\"Consulta de Pediatria Plant-Based | Cl\u00ednica Michelle Bond | Lisboa\",\"isPartOf\":{\"@id\":\"https:\/\/clientes.space\/michele-bond\/website\/#website\"},\"datePublished\":\"2023-02-02T16:36:44+00:00\",\"dateModified\":\"2023-09-22T13:46:33+00:00\",\"description\":\"A consulta de pediatria plant-based est\u00e1 direcionada para ajudar com alergias e intoler\u00e2ncias alimentares, esclarecer d\u00favidas sobre a dieta plant-based e mais.\",\"breadcrumb\":{\"@id\":\"https:\/\/clientes.space\/michele-bond\/website\/pediatria-plant-based\/#breadcrumb\"},\"inLanguage\":\"pt-PT\",\"potentialAction\":[{\"@type\":\"ReadAction\",\"target\":[\"https:\/\/clientes.space\/michele-bond\/website\/pediatria-plant-based\/\"]}]},{\"@type\":\"BreadcrumbList\",\"@id\":\"https:\/\/clientes.space\/michele-bond\/website\/pediatria-plant-based\/#breadcrumb\",\"itemListElement\":[{\"@type\":\"ListItem\",\"position\":1,\"name\":\"In\u00edcio\",\"item\":\"https:\/\/clientes.space\/michele-bond\/website\/\"},{\"@type\":\"ListItem\",\"position\":2,\"name\":\"Pediatria Plant-Based\"}]},{\"@type\":\"WebSite\",\"@id\":\"https:\/\/clientes.space\/michele-bond\/website\/#website\",\"url\":\"https:\/\/clientes.space\/michele-bond\/website\/\",\"name\":\"Michelle Bond - Holistic Health &amp; Beauty\",\"description\":\"Medicina Est\u00e9tica, Naturopatia, Nutri\u00e7\u00e3o e Fisioterapia\",\"potentialAction\":[{\"@type\":\"SearchAction\",\"target\":{\"@type\":\"EntryPoint\",\"urlTemplate\":\"https:\/\/clientes.space\/michele-bond\/website\/?s={search_term_string}\"},\"query-input\":\"required name=search_term_string\"}],\"inLanguage\":\"pt-PT\"}]}<\/script>\n<!-- \/ Yoast SEO plugin. -->","yoast_head_json":{"title":"Consulta de Pediatria Plant-Based | Cl\u00ednica Michelle Bond | Lisboa","description":"A consulta de pediatria plant-based est\u00e1 direcionada para ajudar com alergias e intoler\u00e2ncias alimentares, esclarecer d\u00favidas sobre a dieta plant-based e mais.","robots":{"index":"index","follow":"follow","max-snippet":"max-snippet:-1","max-image-preview":"max-image-preview:large","max-video-preview":"max-video-preview:-1"},"canonical":"https:\/\/clientes.space\/michele-bond\/website\/pediatria-plant-based\/","og_locale":"pt_PT","og_type":"article","og_title":"Consulta de Pediatria Plant-Based | Cl\u00ednica Michelle Bond | Lisboa","og_description":"A consulta de pediatria plant-based est\u00e1 direcionada para ajudar com alergias e intoler\u00e2ncias alimentares, esclarecer d\u00favidas sobre a dieta plant-based e mais.","og_url":"https:\/\/clientes.space\/michele-bond\/website\/pediatria-plant-based\/","og_site_name":"Michelle Bond Clinic | Lisboa","article_modified_time":"2023-09-22T13:46:33+00:00","twitter_card":"summary_large_image","twitter_misc":{"Tempo estimado de leitura":"4 minutos"},"schema":{"@context":"https:\/\/schema.org","@graph":[{"@type":"WebPage","@id":"https:\/\/clientes.space\/michele-bond\/website\/pediatria-plant-based\/","url":"https:\/\/clientes.space\/michele-bond\/website\/pediatria-plant-based\/","name":"Consulta de Pediatria Plant-Based | Cl\u00ednica Michelle Bond | Lisboa","isPartOf":{"@id":"https:\/\/clientes.space\/michele-bond\/website\/#website"},"datePublished":"2023-02-02T16:36:44+00:00","dateModified":"2023-09-22T13:46:33+00:00","description":"A consulta de pediatria plant-based est\u00e1 direcionada para ajudar com alergias e intoler\u00e2ncias alimentares, esclarecer d\u00favidas sobre a dieta plant-based e mais.","breadcrumb":{"@id":"https:\/\/clientes.space\/michele-bond\/website\/pediatria-plant-based\/#breadcrumb"},"inLanguage":"pt-PT","potentialAction":[{"@type":"ReadAction","target":["https:\/\/clientes.space\/michele-bond\/website\/pediatria-plant-based\/"]}]},{"@type":"BreadcrumbList","@id":"https:\/\/clientes.space\/michele-bond\/website\/pediatria-plant-based\/#breadcrumb","itemListElement":[{"@type":"ListItem","position":1,"name":"In\u00edcio","item":"https:\/\/clientes.space\/michele-bond\/website\/"},{"@type":"ListItem","position":2,"name":"Pediatria Plant-Based"}]},{"@type":"WebSite","@id":"https:\/\/clientes.space\/michele-bond\/website\/#website","url":"https:\/\/clientes.space\/michele-bond\/website\/","name":"Michelle Bond - Holistic Health &amp; Beauty","description":"Medicina Est\u00e9tica, Naturopatia, Nutri\u00e7\u00e3o e Fisioterapia","potentialAction":[{"@type":"SearchAction","target":{"@type":"EntryPoint","urlTemplate":"https:\/\/clientes.space\/michele-bond\/website\/?s={search_term_string}"},"query-input":"required name=search_term_string"}],"inLanguage":"pt-PT"}]}},"_links":{"self":[{"href":"https:\/\/clientes.space\/michele-bond\/website\/wp-json\/wp\/v2\/pages\/20493"}],"collection":[{"href":"https:\/\/clientes.space\/michele-bond\/website\/wp-json\/wp\/v2\/pages"}],"about":[{"href":"https:\/\/clientes.space\/michele-bond\/website\/wp-json\/wp\/v2\/types\/page"}],"author":[{"embeddable":true,"href":"https:\/\/clientes.space\/michele-bond\/website\/wp-json\/wp\/v2\/users\/2"}],"replies":[{"embeddable":true,"href":"https:\/\/clientes.space\/michele-bond\/website\/wp-json\/wp\/v2\/comments?post=20493"}],"version-history":[{"count":11,"href":"https:\/\/clientes.space\/michele-bond\/website\/wp-json\/wp\/v2\/pages\/20493\/revisions"}],"predecessor-version":[{"id":22256,"href":"https:\/\/clientes.space\/michele-bond\/website\/wp-json\/wp\/v2\/pages\/20493\/revisions\/22256"}],"wp:attachment":[{"href":"https:\/\/clientes.space\/michele-bond\/website\/wp-json\/wp\/v2\/media?parent=20493"}],"curies":[{"name":"wp","href":"https:\/\/api.w.org\/{rel}","templated":true}]}}