{"id":2259,"date":"2018-09-30T08:47:59","date_gmt":"2018-09-30T08:47:59","guid":{"rendered":"https:\/\/clientes.space\/michele-bond\/website\/?page_id=2259"},"modified":"2023-09-22T13:23:48","modified_gmt":"2023-09-22T13:23:48","slug":"massagem-relaxante-parque-das-nacoes","status":"publish","type":"page","link":"https:\/\/clientes.space\/michele-bond\/website\/massagem-relaxante-parque-das-nacoes\/","title":{"rendered":"Massagem Relaxante"},"content":{"rendered":"<p>[vc_row content_width=&#8221;grid&#8221; el_class=&#8221;first-section&#8221; css=&#8221;.vc_custom_1481240302876{padding-top: 60px !important;}&#8221;][vc_column width=&#8221;1\/2&#8243;]<div class=\"mkdf-section-title-holder\">\n\t<h2 class=\"mkdf-section-title mkdf-section-title-small\" style=\"text-transform: none;text-align: left\">\n\tO que \u00e9 uma massagem relaxante?<\/h2>\n<\/div>[vc_column_text]A massagem relaxante baseia-se em t\u00e9cnicas de massagem tradicionais. Este \u00e9 o tratamento ideal para pessoas que procuram um est\u00edmulo saud\u00e1vel e indulgente.<\/p>\n<p>Nestas massagens a terapeuta utiliza movimentos longos e movimentos circulares profundos, o que o ajudar\u00e1 a relaxar e descontrair, ao mesmo tempo que estimula o sistema imunol\u00f3gico.<\/p>\n<p>A massagem passou a ser associada a uma ampla gama de benef\u00edcios para a sa\u00fade, desde o al\u00edvio da dor, o aumento da circula\u00e7\u00e3o e at\u00e9 mesmo no tratamento de disfun\u00e7\u00f5es como a artrite.[\/vc_column_text][vc_empty_space][\/vc_column][vc_column width=&#8221;1\/2&#8243;]<div class=\"mkdf-section-title-holder\">\n\t<h2 class=\"mkdf-section-title mkdf-section-title-small\" style=\"text-transform: none;text-align: left\">\n\tBenef\u00edcios da massagem relaxante<\/h2>\n<\/div>[vc_column_text]Os benef\u00edcios deste tratamento de massagem s\u00e3o:<\/p>\n<ul>\n<li>aquecer e alongar o tecido superficial;<\/li>\n<li>aumentar o fluxo sangu\u00edneo em todo o corpo;<\/li>\n<li>promover uma sensa\u00e7\u00e3o de bem-estar e relaxamento;<\/li>\n<li>diminuir os n\u00edveis de cortisol no corpo, reduzindo o stress.<\/li>\n<\/ul>\n<p>Mesmo que n\u00e3o tenha perturba\u00e7\u00f5es espec\u00edficas, a massagem pode influenciar positivamente a sua sa\u00fade geral desde a primeira sess\u00e3o, conforme provam diversos estudos.[\/vc_column_text][vc_empty_space][\/vc_column][\/vc_row][vc_row content_width=&#8221;grid&#8221; el_class=&#8221;first-section&#8221; css=&#8221;.vc_custom_1481238748781{padding-bottom: 50px !important;}&#8221;][vc_column width=&#8221;1\/2&#8243;]<div class=\"mkdf-section-title-holder\">\n\t<h2 class=\"mkdf-section-title mkdf-section-title-small\" style=\"text-transform: none;text-align: left\">\n\tPara quem \u00e9 indicada?<\/h2>\n<\/div>[vc_column_text]Qualquer pessoa sentir\u00e1 os benef\u00edcios do tratamento da massagem relaxante, uma vez que esta liberta a tens\u00e3o muscular e diminui a inflama\u00e7\u00e3o.<\/p>\n<p>Assim sendo, as pessoas indicadas para usufruir na plenitude deste tratamento s\u00e3o quem:<\/p>\n<ul>\n<li>pretende focar-se no relaxamento;<\/li>\n<li>d\u00e1 prefer\u00eancia por press\u00e3o leve ou m\u00e9dia;<\/li>\n<li>quer sentir-se calmo e sereno.<\/li>\n<\/ul>\n<p><strong>Nota<\/strong>: No entanto, existem contra-indica\u00e7\u00f5es, ou seja, gr\u00e1vidas, pessoas com contra-indica\u00e7\u00f5es gerais de massagem, pessoas com c\u00e2ncer ativo, infec\u00e7\u00f5es agudas, trombose ou alergias agudas, n\u00e3o devem fazer esta massagem. Assim como pessoas que procuram massagens em que a press\u00e3o \u00e9 mais profunda.[\/vc_column_text][vc_empty_space][\/vc_column][vc_column width=&#8221;1\/2&#8243;]<div class=\"mkdf-section-title-holder\">\n\t<h2 class=\"mkdf-section-title mkdf-section-title-small\" style=\"text-transform: none;text-align: left\">\n\tPre\u00e7os<\/h2>\n<\/div>[vc_column_text]<\/p>\n<ul>\n<li>1 massagem: 65\u20ac<\/li>\n<li>Pack com 4 massagens:\u00a0 240\u20ac<\/li>\n<\/ul>\n<p>Temos vouchers para oferta dispon\u00edveis. Contacte-nos por email ou telefone e n\u00f3s tratamos de tudo.[\/vc_column_text][vc_single_image image=&#8221;3184&#8243; img_size=&#8221;medium&#8221; style=&#8221;vc_box_border_circle_2&#8243;][vc_empty_space][\/vc_column][\/vc_row][vc_row css=&#8221;.vc_custom_1567528966842{background-color: #fafafa !important;}&#8221;][vc_column]\n\n\t<div class=\"mkdf-call-to-action normal\" style=\"padding: 20px;\">\n\n\t\t\t\t<div class=\"mkdf-container-inner\">\n\t\t\t\t\t<div class=\"mkdf-call-to-action-row-75-25 clearfix\">\n\t\t\n\t\t\t\t<div class=\"mkdf-text-wrapper mkdf-call-to-action-column1 mkdf-call-to-action-cell\">\n\n\t\t\t\t\n\t\t\t\t\t<div class=\"mkdf-call-to-action-text\" >\n\t\t\t\t\t\t\n<h2 class=\"p1\" style=\"margin-top: 10px !important;\"><strong>Agende hoje a sua consulta<\/strong><\/h2>\n\t\t\t\t\t<\/div>\n\n\t\t\t\t<\/div>\n\n\t\t\t\t\n\t\t\t\t\t<div class=\"mkdf-button-wrapper mkdf-call-to-action-column2 mkdf-call-to-action-cell\" style =\"text-align: right ;\">\n\n\t\t\t\t\t\t<a href=\"\/marcar-consulta\/\" target=\"_self\"  class=\"mkdf-btn mkdf-btn-medium mkdf-btn-solid mkdf-btn-hover-outline\"  >\t\t\t\t<span class=\"mkdf-btn-helper\" ><\/span>\t\t<span class=\"mkdf-btn-text\">Marcar Consulta<\/span><\/a>\n\t\t\t\t\t<\/div>\n\n\t\t\t\t\n\t\t\t<\/div>\n\n\t\t\t\t<\/div>\n\t\t\n\t<\/div>\n\n[\/vc_column][\/vc_row][vc_row content_width=&#8221;grid&#8221; css=&#8221;.vc_custom_1567610463687{border-top-width: 1px !important;border-bottom-width: 1px !important;padding-top: 60px !important;padding-bottom: 60px !important;}&#8221;][vc_column]<div class=\"mkdf-section-title-holder\">\n\t<h2 class=\"mkdf-section-title\" style=\"text-align: center\">\n\tOutras massagens de wellness<\/h2>\n<\/div><div class=\"mkdf-section-subtitle-holder mkdf-section-subtitle-center\" >\n\t<p style=\"text-align: center\" class=\"mkdf-section-subtitle\">Saiba mais sobre cada uma delas<\/p>\n<\/div><div class=\"mkdf-carousel-holder clearfix mkdf-carousel-three-rows mkdf-carousel-navigation\"><div class=\"mkdf-carousel \" data-items=\"3\" data-navigation=\"yes\"><div class=\"mkdf-carousel-item-outer-holder border\"><div class=\"mkdf-carousel-item-holder\">\n\t\t<a href=\"\/massagem-desportiva\/\" target=\"_self\">\n\t\t\t\t\t\t\t<span class=\"mkdf-carousel-first-image-holder  mkdf-image-zoom\">\n\t\t\t\t<img width=\"450\" height=\"420\" src=\"https:\/\/clientes.space\/michele-bond\/website\/wp-content\/uploads\/2021\/09\/Massagem-Desportiva.jpg\" class=\"attachment-full size-full\" alt=\"Massagem Desportiva\" decoding=\"async\" srcset=\"https:\/\/clientes.space\/michele-bond\/website\/wp-content\/uploads\/2021\/09\/Massagem-Desportiva.jpg 450w, https:\/\/clientes.space\/michele-bond\/website\/wp-content\/uploads\/2021\/09\/Massagem-Desportiva-300x280.jpg 300w\" sizes=\"(max-width: 450px) 100vw, 450px\" \/>\t\t\t<\/span>\n\t\t\t\t\t\t\t<\/a>\n<\/div><\/div><div class=\"mkdf-carousel-item-outer-holder border\"><div class=\"mkdf-carousel-item-holder\">\n\t\t<a href=\"\/massagem-shiatsu\/\" target=\"_self\">\n\t\t\t\t\t\t\t<span class=\"mkdf-carousel-first-image-holder  mkdf-image-zoom\">\n\t\t\t\t<img width=\"450\" height=\"420\" src=\"https:\/\/clientes.space\/michele-bond\/website\/wp-content\/uploads\/2021\/09\/Massagem-Shiatsu.jpg\" class=\"attachment-full size-full\" alt=\"Massagem Shiatsu\" decoding=\"async\" srcset=\"https:\/\/clientes.space\/michele-bond\/website\/wp-content\/uploads\/2021\/09\/Massagem-Shiatsu.jpg 450w, https:\/\/clientes.space\/michele-bond\/website\/wp-content\/uploads\/2021\/09\/Massagem-Shiatsu-300x280.jpg 300w\" sizes=\"(max-width: 450px) 100vw, 450px\" \/>\t\t\t<\/span>\n\t\t\t\t\t\t\t<\/a>\n<\/div><\/div><div class=\"mkdf-carousel-item-outer-holder border\"><div class=\"mkdf-carousel-item-holder\">\n\t\t<a href=\"\/massagem-tui-na-lisboa\/\" target=\"_self\">\n\t\t\t\t\t\t\t<span class=\"mkdf-carousel-first-image-holder  mkdf-image-zoom\">\n\t\t\t\t<img width=\"450\" height=\"420\" src=\"https:\/\/clientes.space\/michele-bond\/website\/wp-content\/uploads\/2021\/09\/Massagem-Tui-Na.jpg\" class=\"attachment-full size-full\" alt=\"Massagem Tui Na\" decoding=\"async\" srcset=\"https:\/\/clientes.space\/michele-bond\/website\/wp-content\/uploads\/2021\/09\/Massagem-Tui-Na.jpg 450w, https:\/\/clientes.space\/michele-bond\/website\/wp-content\/uploads\/2021\/09\/Massagem-Tui-Na-300x280.jpg 300w\" sizes=\"(max-width: 450px) 100vw, 450px\" \/>\t\t\t<\/span>\n\t\t\t\t\t\t\t<\/a>\n<\/div><\/div><\/div><\/div>[\/vc_column][\/vc_row][vc_row content_width=&#8221;grid&#8221; css=&#8221;.vc_custom_1567610528695{border-top-width: 1px !important;border-bottom-width: 1px !important;padding-top: 60px !important;padding-bottom: 60px !important;border-top-color: #f2f2f2 !important;border-top-style: solid !important;border-bottom-color: #f2f2f2 !important;border-bottom-style: solid !important;}&#8221; el_id=&#8221;logo-revistas&#8221;][vc_column][vc_column_text]\n\t\t<style>\n\t\t\t#wpls-logo-showcase-slider-1 .wpls-fix-box,\n\t\t\t#wpls-logo-showcase-slider-1 .wpls-fix-box img.wp-post-image{max-height:250px; }\n\t\t<\/style>\n\n\t\t<div class=\"wpls-wrap wpls-logo-showcase-slider-wrp wpls-logo-clearfix wpls-design-1 \" data-conf=\"{&quot;slides_column&quot;:&quot;4&quot;,&quot;slides_scroll&quot;:1,&quot;dots&quot;:&quot;true&quot;,&quot;arrows&quot;:&quot;true&quot;,&quot;autoplay&quot;:&quot;true&quot;,&quot;autoplay_interval&quot;:3000,&quot;loop&quot;:&quot;true&quot;,&quot;rtl&quot;:&quot;false&quot;,&quot;speed&quot;:800,&quot;center_mode&quot;:&quot;false&quot;,&quot;lazyload&quot;:&quot;&quot;}\">\n\t\t\t<div class=\"wpls-logo-showcase logo_showcase wpls-logo-slider  sliderimage_hide_border \" id=\"wpls-logo-showcase-slider-1\" >\n\t\t\t\t<div class=\"wpls-logo-cnt\">\n\t<div class=\"wpls-fix-box\">\n\t\t\t\t<img class=\"wp-post-image\"  src=\"https:\/\/clientes.space\/michele-bond\/website\/wp-content\/uploads\/2018\/08\/womens-health-1.png\" alt=\"womens-health\" \/>\n\t\t\t<\/div>\n\t<\/div><div class=\"wpls-logo-cnt\">\n\t<div class=\"wpls-fix-box\">\n\t\t\t\t<img class=\"wp-post-image\"  src=\"https:\/\/clientes.space\/michele-bond\/website\/wp-content\/uploads\/2018\/08\/Rede_Vida_logo-1.png\" alt=\"Rede_Vida\" \/>\n\t\t\t<\/div>\n\t<\/div><div class=\"wpls-logo-cnt\">\n\t<div class=\"wpls-fix-box\">\n\t\t\t\t<img class=\"wp-post-image\"  src=\"https:\/\/clientes.space\/michele-bond\/website\/wp-content\/uploads\/2018\/08\/forever_young_logo.png\" alt=\"forever_young\" \/>\n\t\t\t<\/div>\n\t<\/div><div class=\"wpls-logo-cnt\">\n\t<div class=\"wpls-fix-box\">\n\t\t\t\t<img class=\"wp-post-image\"  src=\"https:\/\/clientes.space\/michele-bond\/website\/wp-content\/uploads\/2018\/08\/SVBlog_Logo-1.png\" alt=\"SVBlog\" \/>\n\t\t\t<\/div>\n\t<\/div>\t\t\t<\/div>\n\t\t<\/div>\n\n\t\t[\/vc_column_text][\/vc_column][\/vc_row][vc_row content_width=&#8221;grid&#8221; css=&#8221;.vc_custom_1567611076063{padding-top: 90px !important;padding-bottom: 90px !important;background-color: #fafafa !important;}&#8221;][vc_column]<div class=\"mkdf-section-title-holder\">\n\t<h2 class=\"mkdf-section-title mkdf-section-title-medium\" style=\"text-transform: capitalize;text-align: center\">\n\tPerguntas Frequentes<\/h2>\n<\/div><div class=\"mkdf-accordion-holder clearfix mkdf-accordion mkdf-initial \">\n\t<h5 class=\"clearfix mkdf-title-holder\">\n<span class=\"mkdf-accordion-mark mkdf-left-mark\">\n\t\t<span class=\"mkdf-accordion-mark-icon\">\n\t\t\t<span class=\"icon_plus\"><\/span>\n\t\t\t<span class=\"icon_minus-06\"><\/span>\n\t\t<\/span>\n<\/span>\n<span class=\"mkdf-tab-title\">\n\t\t<span class=\"mkdf-tab-title-inner\">\n\t\t\t\t\t\tComo funciona o tratamento?\t\t<\/span>\n<\/span>\n<\/h5>\n<div class=\"mkdf-accordion-content\">\n\t<div class=\"mkdf-accordion-content-inner\">\n\t\t[vc_column_text]Antes de massagem dever\u00e1 retirar a roupa (exceto a roupa \u00edntima) e deita-se na marquesa. E, posteriormente ser\u00e1 coberta por uma toalha.<\/p>\n<p>Para o tratamento propriamente dito, a terapeuta usar\u00e1 \u00f3leos para poder massajar suavemente os m\u00fasculos, que gradualmente romper\u00e1 quaisquer n\u00f3s que possam existir.[\/vc_column_text]\n\t\t\t<\/div>\n<\/div>\n<h5 class=\"clearfix mkdf-title-holder\">\n<span class=\"mkdf-accordion-mark mkdf-left-mark\">\n\t\t<span class=\"mkdf-accordion-mark-icon\">\n\t\t\t<span class=\"icon_plus\"><\/span>\n\t\t\t<span class=\"icon_minus-06\"><\/span>\n\t\t<\/span>\n<\/span>\n<span class=\"mkdf-tab-title\">\n\t\t<span class=\"mkdf-tab-title-inner\">\n\t\t\t\t\t\tQuais s\u00e3o as t\u00e9cnicas da massagem de relaxamento?\t\t<\/span>\n<\/span>\n<\/h5>\n<div class=\"mkdf-accordion-content\">\n\t<div class=\"mkdf-accordion-content-inner\">\n\t\t[vc_column_text]Neste tratamento aplicamos t\u00e9cnicas manuais de relaxamento em todo o corpo, num ritmo compassado e constante. Para ajudar \u00e0 massagem, a terapeuta utiliza \u00f3leos de massagem ou cremes para suavizar os m\u00fasculos atrav\u00e9s de movimentos longos e lentos e aplicar press\u00e3o suave, mas firme.<\/p>\n<p>Lembrar que na massagem cl\u00e1ssica pretende-se o alivio da tens\u00e3o muscular e o aumento da circula\u00e7\u00e3o sangu\u00ednea no corpo.[\/vc_column_text]\n\t\t\t<\/div>\n<\/div>\n<h5 class=\"clearfix mkdf-title-holder\">\n<span class=\"mkdf-accordion-mark mkdf-left-mark\">\n\t\t<span class=\"mkdf-accordion-mark-icon\">\n\t\t\t<span class=\"icon_plus\"><\/span>\n\t\t\t<span class=\"icon_minus-06\"><\/span>\n\t\t<\/span>\n<\/span>\n<span class=\"mkdf-tab-title\">\n\t\t<span class=\"mkdf-tab-title-inner\">\n\t\t\t\t\t\tQual \u00e9 a diferen\u00e7a entre uma massagem relaxante e outros tipos de massagem?\t\t<\/span>\n<\/span>\n<\/h5>\n<div class=\"mkdf-accordion-content\">\n\t<div class=\"mkdf-accordion-content-inner\">\n\t\t[vc_column_text]A massagem relaxante \u00e9 tipicamente mais suave que as restantes massagens terap\u00eauticas.<\/p>\n<p>Estas massagens s\u00e3o extremamente relaxantes e, em momento algum, se deve sentir desconfort\u00e1vel.[\/vc_column_text]\n\t\t\t<\/div>\n<\/div>\n<h5 class=\"clearfix mkdf-title-holder\">\n<span class=\"mkdf-accordion-mark mkdf-left-mark\">\n\t\t<span class=\"mkdf-accordion-mark-icon\">\n\t\t\t<span class=\"icon_plus\"><\/span>\n\t\t\t<span class=\"icon_minus-06\"><\/span>\n\t\t<\/span>\n<\/span>\n<span class=\"mkdf-tab-title\">\n\t\t<span class=\"mkdf-tab-title-inner\">\n\t\t\t\t\t\tA massagem relaxante d\u00f3i?\t\t<\/span>\n<\/span>\n<\/h5>\n<div class=\"mkdf-accordion-content\">\n\t<div class=\"mkdf-accordion-content-inner\">\n\t\t[vc_column_text]Esta massagem n\u00e3o deve ser dolorosa. No entanto, se em algum momento se sentir desconfort\u00e1vel, informe a terapeuta. Desta forma, a terapeuta pode ajustar a t\u00e9cnica de maneira a que se sinta bem.<\/p>\n<p><strong>Nota<\/strong>: apesar de neste tipo de massagem serem usados toques suaves, pode, por algum motivo, a terapeuta sentir necessidade de aplicar alguma t\u00e9cnica mais profunda, ou trabalhar algum ponto particularmente tenso. Neste caso, poder\u00e1 sentir um pouco de dor no dia seguinte.[\/vc_column_text]\n\t\t\t<\/div>\n<\/div>\n<\/div>[\/vc_column][\/vc_row][vc_row row_type=&#8221;parallax&#8221; full_screen_section_height=&#8221;no&#8221; parallax_background_image=&#8221;164&#8243; css=&#8221;.vc_custom_1481238989291{padding-top: 65px !important;padding-bottom: 65px !important;}&#8221;][vc_column]<div class=\"mkdf-section-title-holder\">\n\t<h2 class=\"mkdf-section-title mkdf-section-title-medium\" style=\"color: #ffffff;text-transform: capitalize;text-align: center\">\n\tClientes Satisfeitos<\/h2>\n<\/div>[vc_empty_space]<div class=\"mkdf-testimonials-holder clearfix light\"><div class=\"mkdf-testimonials testimonials-slider\"><div id=\"mkdf-testimonials83\" class=\"mkdf-testimonial-content testimonials-slider\">\n\t<div class=\"mkdf-testimonial-content-inner\">\n\t\t\t\t\t<div class= \"mkdf-container-inner\">\n\t\t\t\t<div class=\"mkdf-testimonial-text-holder\">\n\t\t\t<div class=\"mkdf-testimonial-text-inner light\">\n\t\t\t\t\t\t\t\t<p class=\"mkdf-testimonial-text\" >Depois de ter o meu segundo filho, e de maus h\u00e1bitos alimentares, ganhei muito peso. Com o acompanhamento que tive na Cl\u00ednica consegui perder 7 quilos e agora sinto-me muito bem! Obrigado a todos.<\/p>\n\t\t\t\t\t\t\t\t\t<div class=\"mkdf-testimonial-author\">\n\t\t\t\t\t\t<h3 class=\"mkdf-testimonial-author-text light\">F\u00e1tima (38 Anos)<\/h3>\n\t\t\t\t\t\t\t\t\t\t\t\t\t<span class=\"mkdf-testimonials-job light\">Lisboa<\/span>\n\t\t\t\t\t\t\t\t\t\t\t<\/div>\n\t\t\t\t\t\t\t<\/div>\n\t\t<\/div>\n\n\t\t\t\t\t<\/div>\n\t\t\t<\/div>\n<\/div>\n<div id=\"mkdf-testimonials82\" class=\"mkdf-testimonial-content testimonials-slider\">\n\t<div class=\"mkdf-testimonial-content-inner\">\n\t\t\t\t\t<div class= \"mkdf-container-inner\">\n\t\t\t\t<div class=\"mkdf-testimonial-text-holder\">\n\t\t\t<div class=\"mkdf-testimonial-text-inner light\">\n\t\t\t\t\t\t\t\t<p class=\"mkdf-testimonial-text\" >Sempre tive muitas dificuldades em dormir, tentei muitas terapias mas s\u00f3 com a ajuda da Dra Michelle \u00e9 que descobri o que \u00e9 uma boa noite de sono. Sou hoje uma pessoa diferente e com muito mais energia.<\/p>\n\t\t\t\t\t\t\t\t\t<div class=\"mkdf-testimonial-author\">\n\t\t\t\t\t\t<h3 class=\"mkdf-testimonial-author-text light\">Carla (45 Anos)<\/h3>\n\t\t\t\t\t\t\t\t\t\t\t\t\t<span class=\"mkdf-testimonials-job light\">Alg\u00e9s<\/span>\n\t\t\t\t\t\t\t\t\t\t\t<\/div>\n\t\t\t\t\t\t\t<\/div>\n\t\t<\/div>\n\n\t\t\t\t\t<\/div>\n\t\t\t<\/div>\n<\/div>\n<\/div><\/div>[\/vc_column][\/vc_row][vc_row][vc_column]\n\n\t<div class=\"mkdf-call-to-action normal\" style=\"padding: 20px;\">\n\n\t\t\t\t<div class=\"mkdf-container-inner\">\n\t\t\t\t\t<div class=\"mkdf-call-to-action-row-75-25 clearfix\">\n\t\t\n\t\t\t\t<div class=\"mkdf-text-wrapper mkdf-call-to-action-column1 mkdf-call-to-action-cell\">\n\n\t\t\t\t\n\t\t\t\t\t<div class=\"mkdf-call-to-action-text\" >\n\t\t\t\t\t\t\n<h2 class=\"p1\" style=\"margin-top: 10px !important;\"><strong>Agende hoje a sua consulta<\/strong><\/h2>\n\t\t\t\t\t<\/div>\n\n\t\t\t\t<\/div>\n\n\t\t\t\t\n\t\t\t\t\t<div class=\"mkdf-button-wrapper mkdf-call-to-action-column2 mkdf-call-to-action-cell\" style =\"text-align: right ;\">\n\n\t\t\t\t\t\t<a href=\"\/marcar-consulta\/\" target=\"_self\"  class=\"mkdf-btn mkdf-btn-medium mkdf-btn-solid mkdf-btn-hover-outline\"  >\t\t\t\t<span class=\"mkdf-btn-helper\" ><\/span>\t\t<span class=\"mkdf-btn-text\">Marcar Consulta<\/span><\/a>\n\t\t\t\t\t<\/div>\n\n\t\t\t\t\n\t\t\t<\/div>\n\n\t\t\t\t<\/div>\n\t\t\n\t<\/div>\n\n[\/vc_column][\/vc_row]<\/p>\n","protected":false},"excerpt":{"rendered":"<p>[vc_row content_width=&#8221;grid&#8221; el_class=&#8221;first-section&#8221; css=&#8221;.vc_custom_1481240302876{padding-top: 60px !important;}&#8221;][vc_column width=&#8221;1\/2&#8243;][vc_column_text]A massagem relaxante baseia-se em t\u00e9cnicas de massagem tradicionais. Este \u00e9 o tratamento ideal&#8230;<\/p>\n","protected":false},"author":2,"featured_media":0,"parent":0,"menu_order":0,"comment_status":"closed","ping_status":"closed","template":"full-width.php","meta":{"content-type":"","footnotes":""},"yoast_head":"<!-- This site is optimized with the Yoast SEO plugin v21.7 - https:\/\/yoast.com\/wordpress\/plugins\/seo\/ -->\n<title>Massagem Relaxante no Parque das Na\u00e7\u00f5es - Nutri\u00e7\u00e3o &amp; Est\u00e9tica<\/title>\n<meta name=\"description\" content=\"A massagem relaxante baseia-se em t\u00e9cnicas de massagem tradicionais. Este \u00e9 o tratamento ideal para pessoas que procuram um est\u00edmulo saud\u00e1vel e indulgente.\" \/>\n<meta name=\"robots\" content=\"index, follow, max-snippet:-1, max-image-preview:large, max-video-preview:-1\" \/>\n<link rel=\"canonical\" href=\"https:\/\/clientes.space\/michele-bond\/website\/massagem-relaxante-parque-das-nacoes\/\" \/>\n<meta property=\"og:locale\" content=\"pt_PT\" \/>\n<meta property=\"og:type\" content=\"article\" \/>\n<meta property=\"og:title\" content=\"Massagem Relaxante no Parque das Na\u00e7\u00f5es - Nutri\u00e7\u00e3o &amp; Est\u00e9tica\" \/>\n<meta property=\"og:description\" content=\"A massagem relaxante baseia-se em t\u00e9cnicas de massagem tradicionais. Este \u00e9 o tratamento ideal para pessoas que procuram um est\u00edmulo saud\u00e1vel e indulgente.\" \/>\n<meta property=\"og:url\" content=\"https:\/\/clientes.space\/michele-bond\/website\/massagem-relaxante-parque-das-nacoes\/\" \/>\n<meta property=\"og:site_name\" content=\"Michelle Bond Clinic | Lisboa\" \/>\n<meta property=\"article:modified_time\" content=\"2023-09-22T13:23:48+00:00\" \/>\n<meta name=\"twitter:card\" content=\"summary_large_image\" \/>\n<meta name=\"twitter:label1\" content=\"Tempo estimado de leitura\" \/>\n\t<meta name=\"twitter:data1\" content=\"4 minutos\" \/>\n<script type=\"application\/ld+json\" class=\"yoast-schema-graph\">{\"@context\":\"https:\/\/schema.org\",\"@graph\":[{\"@type\":\"WebPage\",\"@id\":\"https:\/\/clientes.space\/michele-bond\/website\/massagem-relaxante-parque-das-nacoes\/\",\"url\":\"https:\/\/clientes.space\/michele-bond\/website\/massagem-relaxante-parque-das-nacoes\/\",\"name\":\"Massagem Relaxante no Parque das Na\u00e7\u00f5es - Nutri\u00e7\u00e3o & Est\u00e9tica\",\"isPartOf\":{\"@id\":\"https:\/\/clientes.space\/michele-bond\/website\/#website\"},\"datePublished\":\"2018-09-30T08:47:59+00:00\",\"dateModified\":\"2023-09-22T13:23:48+00:00\",\"description\":\"A massagem relaxante baseia-se em t\u00e9cnicas de massagem tradicionais. Este \u00e9 o tratamento ideal para pessoas que procuram um est\u00edmulo saud\u00e1vel e indulgente.\",\"breadcrumb\":{\"@id\":\"https:\/\/clientes.space\/michele-bond\/website\/massagem-relaxante-parque-das-nacoes\/#breadcrumb\"},\"inLanguage\":\"pt-PT\",\"potentialAction\":[{\"@type\":\"ReadAction\",\"target\":[\"https:\/\/clientes.space\/michele-bond\/website\/massagem-relaxante-parque-das-nacoes\/\"]}]},{\"@type\":\"BreadcrumbList\",\"@id\":\"https:\/\/clientes.space\/michele-bond\/website\/massagem-relaxante-parque-das-nacoes\/#breadcrumb\",\"itemListElement\":[{\"@type\":\"ListItem\",\"position\":1,\"name\":\"In\u00edcio\",\"item\":\"https:\/\/clientes.space\/michele-bond\/website\/\"},{\"@type\":\"ListItem\",\"position\":2,\"name\":\"Massagem Relaxante\"}]},{\"@type\":\"WebSite\",\"@id\":\"https:\/\/clientes.space\/michele-bond\/website\/#website\",\"url\":\"https:\/\/clientes.space\/michele-bond\/website\/\",\"name\":\"Michelle Bond - Holistic Health &amp; Beauty\",\"description\":\"Medicina Est\u00e9tica, Naturopatia, Nutri\u00e7\u00e3o e Fisioterapia\",\"potentialAction\":[{\"@type\":\"SearchAction\",\"target\":{\"@type\":\"EntryPoint\",\"urlTemplate\":\"https:\/\/clientes.space\/michele-bond\/website\/?s={search_term_string}\"},\"query-input\":\"required name=search_term_string\"}],\"inLanguage\":\"pt-PT\"}]}<\/script>\n<!-- \/ Yoast SEO plugin. -->","yoast_head_json":{"title":"Massagem Relaxante no Parque das Na\u00e7\u00f5es - Nutri\u00e7\u00e3o & Est\u00e9tica","description":"A massagem relaxante baseia-se em t\u00e9cnicas de massagem tradicionais. Este \u00e9 o tratamento ideal para pessoas que procuram um est\u00edmulo saud\u00e1vel e indulgente.","robots":{"index":"index","follow":"follow","max-snippet":"max-snippet:-1","max-image-preview":"max-image-preview:large","max-video-preview":"max-video-preview:-1"},"canonical":"https:\/\/clientes.space\/michele-bond\/website\/massagem-relaxante-parque-das-nacoes\/","og_locale":"pt_PT","og_type":"article","og_title":"Massagem Relaxante no Parque das Na\u00e7\u00f5es - Nutri\u00e7\u00e3o & Est\u00e9tica","og_description":"A massagem relaxante baseia-se em t\u00e9cnicas de massagem tradicionais. Este \u00e9 o tratamento ideal para pessoas que procuram um est\u00edmulo saud\u00e1vel e indulgente.","og_url":"https:\/\/clientes.space\/michele-bond\/website\/massagem-relaxante-parque-das-nacoes\/","og_site_name":"Michelle Bond Clinic | Lisboa","article_modified_time":"2023-09-22T13:23:48+00:00","twitter_card":"summary_large_image","twitter_misc":{"Tempo estimado de leitura":"4 minutos"},"schema":{"@context":"https:\/\/schema.org","@graph":[{"@type":"WebPage","@id":"https:\/\/clientes.space\/michele-bond\/website\/massagem-relaxante-parque-das-nacoes\/","url":"https:\/\/clientes.space\/michele-bond\/website\/massagem-relaxante-parque-das-nacoes\/","name":"Massagem Relaxante no Parque das Na\u00e7\u00f5es - Nutri\u00e7\u00e3o & Est\u00e9tica","isPartOf":{"@id":"https:\/\/clientes.space\/michele-bond\/website\/#website"},"datePublished":"2018-09-30T08:47:59+00:00","dateModified":"2023-09-22T13:23:48+00:00","description":"A massagem relaxante baseia-se em t\u00e9cnicas de massagem tradicionais. Este \u00e9 o tratamento ideal para pessoas que procuram um est\u00edmulo saud\u00e1vel e indulgente.","breadcrumb":{"@id":"https:\/\/clientes.space\/michele-bond\/website\/massagem-relaxante-parque-das-nacoes\/#breadcrumb"},"inLanguage":"pt-PT","potentialAction":[{"@type":"ReadAction","target":["https:\/\/clientes.space\/michele-bond\/website\/massagem-relaxante-parque-das-nacoes\/"]}]},{"@type":"BreadcrumbList","@id":"https:\/\/clientes.space\/michele-bond\/website\/massagem-relaxante-parque-das-nacoes\/#breadcrumb","itemListElement":[{"@type":"ListItem","position":1,"name":"In\u00edcio","item":"https:\/\/clientes.space\/michele-bond\/website\/"},{"@type":"ListItem","position":2,"name":"Massagem Relaxante"}]},{"@type":"WebSite","@id":"https:\/\/clientes.space\/michele-bond\/website\/#website","url":"https:\/\/clientes.space\/michele-bond\/website\/","name":"Michelle Bond - Holistic Health &amp; Beauty","description":"Medicina Est\u00e9tica, Naturopatia, Nutri\u00e7\u00e3o e Fisioterapia","potentialAction":[{"@type":"SearchAction","target":{"@type":"EntryPoint","urlTemplate":"https:\/\/clientes.space\/michele-bond\/website\/?s={search_term_string}"},"query-input":"required name=search_term_string"}],"inLanguage":"pt-PT"}]}},"_links":{"self":[{"href":"https:\/\/clientes.space\/michele-bond\/website\/wp-json\/wp\/v2\/pages\/2259"}],"collection":[{"href":"https:\/\/clientes.space\/michele-bond\/website\/wp-json\/wp\/v2\/pages"}],"about":[{"href":"https:\/\/clientes.space\/michele-bond\/website\/wp-json\/wp\/v2\/types\/page"}],"author":[{"embeddable":true,"href":"https:\/\/clientes.space\/michele-bond\/website\/wp-json\/wp\/v2\/users\/2"}],"replies":[{"embeddable":true,"href":"https:\/\/clientes.space\/michele-bond\/website\/wp-json\/wp\/v2\/comments?post=2259"}],"version-history":[{"count":6,"href":"https:\/\/clientes.space\/michele-bond\/website\/wp-json\/wp\/v2\/pages\/2259\/revisions"}],"predecessor-version":[{"id":22233,"href":"https:\/\/clientes.space\/michele-bond\/website\/wp-json\/wp\/v2\/pages\/2259\/revisions\/22233"}],"wp:attachment":[{"href":"https:\/\/clientes.space\/michele-bond\/website\/wp-json\/wp\/v2\/media?parent=2259"}],"curies":[{"name":"wp","href":"https:\/\/api.w.org\/{rel}","templated":true}]}}