{"id":2505,"date":"2018-11-28T13:59:10","date_gmt":"2018-11-28T13:59:10","guid":{"rendered":"https:\/\/clientes.space\/michele-bond\/website\/?page_id=2505"},"modified":"2018-11-28T14:15:46","modified_gmt":"2018-11-28T14:15:46","slug":"politica-de-privacidade","status":"publish","type":"page","link":"https:\/\/clientes.space\/michele-bond\/website\/politica-de-privacidade\/","title":{"rendered":"Pol\u00edtica de privacidade"},"content":{"rendered":"<h3>Dados pessoais<\/h3>\n<p>De acordo com os dados pessoais da Pol\u00edtica geral de prote\u00e7\u00e3o de dados (RGPD) da UE, \u00e9 definido como:<br \/>\n\u201cQualquer informa\u00e7\u00e3o relativa a uma pessoa singular identificada ou identific\u00e1vel (\u201d titular da informa\u00e7\u00e3o \u201c); uma pessoa singular identific\u00e1vel \u00e9 aquela que pode ser identificado, direta ou indiretamente, em particular por refer\u00eancia a um identificador, como um nome, um n\u00famero de identifica\u00e7\u00e3o, dados de localiza\u00e7\u00e3o, um identificador online ou a um ou mais fatores espec\u00edficos do f\u00edsico, fisiol\u00f3gico, identidade gen\u00e9tica, mental, econ\u00f3mica, cultural ou social dessa pessoa natural\u201c.<\/p>\n<h3 style=\"padding-top: 30px;\">Como utilizamos a sua informa\u00e7\u00e3o?<\/h3>\n<p>Este aviso de privacidade informa de uma forma geral como n\u00f3s, a michellebond.pt,recolhemos e usaremos seus dados pessoais, sendo que sempre que exista recolha dos mesmos, informaremos acerca da finalidade e do tratamento que ser\u00e1 dado.<\/p>\n<h3 style=\"padding-top: 30px;\">Por que \u00e9 que precisamos de recolher e armazenar dados pessoais?<\/h3>\n<p>Para que lhe possamos fornecer determinado servi\u00e7o, precisamos de recolher dados pessoais com a \u00fanica finalidade poder prestar esse servi\u00e7o. Em qualquer caso, estamos empenhados em garantir que a informa\u00e7\u00e3o que recolhemos e utilizamos seja apropriada para essa finalidade e n\u00e3o constitua uma invas\u00e3o de sua privacidade. Relativamente a ser contactado para fins de marketing, a michellebond.pt entrar\u00e1 em contacto consigo para obter um consentimento adicional, caso tenha essa necessidade e interesse.<\/p>\n<h3 style=\"padding-top: 30px;\">A michellebond.pt partilhar\u00e1 os meus dados pessoais com algu\u00e9m?<\/h3>\n<p>Podemos enviar os seus dados pessoais para prestadores de servi\u00e7os contratados pela michellebond.pt, durante a rela\u00e7\u00e3o consigo. Qualquer terceiro com o qual possamos compartilhar os seus dados, \u00e9 obrigado a mant\u00ea-los de forma segura e a us\u00e1-los apenas para executar o servi\u00e7o em nosso nome. Quando eles n\u00e3o precisarem mais dos seus dados para cumprir esse servi\u00e7o, eles destruir\u00e3o os mesmos de acordo com os procedimentos da michellebond.pt . Se quisermos enviar os seus dados pessoais sens\u00edveis para um terceiro, s\u00f3 o faremos uma vez que tenhamos o seu consentimento, a menos que sejamos legalmente obrigados a fazer o contr\u00e1rio.<\/p>\n<h3 style=\"padding-top: 30px;\">Como \u00e9 que a michellebond.pt utilizar\u00e1 os dados pessoais que ir\u00e1 recolher sobre mim?<\/h3>\n<p>A michellebond.pt processar\u00e1 (recolha, armazenamento e utiliza\u00e7\u00e3o) as informa\u00e7\u00f5es que forem fornecidas de uma forma compat\u00edvel com o Regulamento Geral de Prote\u00e7\u00e3o de Dados (RGPD) da UE. N\u00f3s faremos tudo o que estiver ao nosso alcance para manter as suas informa\u00e7\u00f5es precisas e atualizadas, e n\u00e3o as manter por mais tempo do que \u00e9 necess\u00e1rio. A michellebond.pt est\u00e1 obrigada a reter informa\u00e7\u00f5es de acordo com a lei, como informa\u00e7\u00e3o necess\u00e1ria para fins fiscais e auditorias. O tempo durante o qual certos tipos de dados pessoais devem ser mantidos pode tamb\u00e9m ser determinado por requisitos espec\u00edficos do setor empresarial e pr\u00e1ticas acordadas. Os dados pessoais podem ser mantidos al\u00e9m desses per\u00edodos, dependendo das necessidades individuais do neg\u00f3cio.<\/p>\n<h3 style=\"padding-top: 30px;\">Em que circunst\u00e2ncias a michellebond.pt me contactar\u00e1?<\/h3>\n<p>O nosso objetivo n\u00e3o \u00e9 ser intrusivo, e comprometemo-nos a n\u00e3o fazer perguntas irrelevantes ou desnecess\u00e1rias. Al\u00e9m disso, as informa\u00e7\u00f5es fornecidas ser\u00e3o sujeitas a medidas e procedimentos rigorosos para minimizar o risco de acesso ou divulga\u00e7\u00e3o n\u00e3o autorizados.<\/p>\n<h3 style=\"padding-top: 30px;\">Posso saber os dados pessoais que a organiza\u00e7\u00e3o mant\u00e9m sobre mim?<\/h3>\n<p>A seu pedido, a michellebond.pt pode confirmar quais as informa\u00e7\u00f5es que temos sobre si e como s\u00e3o processadas. Se a michellebond.pt tiver dados pessoais sobre si, pode solicitar as seguintes informa\u00e7\u00f5es:<\/p>\n<p>Identidade e os detalhes de contacto da pessoa ou organiza\u00e7\u00e3o que determinou como e porque processar os seus dados. Em alguns casos, este ser\u00e1 um representante na UE.<br \/>\nDados de contacto do respons\u00e1vel pela prote\u00e7\u00e3o de dados, quando aplic\u00e1vel.<br \/>\nO objetivo do processamento, bem como a base jur\u00eddica para o mesmo.<br \/>\nSe o processamento \u00e9 baseado nos interesses leg\u00edtimos da michellebond.pt ou de um terceiro, informa\u00e7\u00f5es sobre esses interesses.<br \/>\nAs categorias de dados pessoais recolhidos, armazenados e processados.<br \/>\nDestinat\u00e1rio (s) ou categorias de destinat\u00e1rios aos quais os dados ser\u00e3o divulgados.<br \/>\nSe pretendemos transferir os dados pessoais para um pa\u00eds terceiro ou organiza\u00e7\u00e3o internacional, informa\u00e7\u00f5es sobre como garantir que isso seja feito de forma segura. A UE aprovou o envio de dados pessoais para alguns pa\u00edses porque eles cumprem um padr\u00e3o m\u00ednimo de prote\u00e7\u00e3o de dados. Noutros casos, garantiremos a exist\u00eancia de medidas espec\u00edficas para proteger as suas informa\u00e7\u00f5es.<br \/>\nQuanto tempo ser\u00e3o armazenados os dados.<br \/>\nDetalhes dos seus direitos para corrigir, apagar, restringir ou opor a esse processamento.<br \/>\nInforma\u00e7\u00f5es sobre o seu direito de retirar o consentimento a qualquer momento.<br \/>\nComo apresentar uma reclama\u00e7\u00e3o junto da autoridade supervisora.<br \/>\nSe a provis\u00e3o de dados pessoais \u00e9 um requisito legal ou contratual, ou um requisito necess\u00e1rio para celebrar um contrato, bem como se \u00e9 obrigado a fornecer os dados pessoais e as poss\u00edveis consequ\u00eancias de n\u00e3o fornecer esses dados.<br \/>\nA fonte de dados pessoais se n\u00e3o foi recolhida diretamente de si.<br \/>\nQualquer detalhe e informa\u00e7\u00e3o de tomada de decis\u00e3o automatizada, como perfis, e qualquer informa\u00e7\u00e3o significativa sobre a l\u00f3gica envolvida, bem como a import\u00e2ncia e as consequ\u00eancias esperadas de tal processamento.<\/p>\n<h3 style=\"padding-top: 30px;\">Quais as formas de identifica\u00e7\u00e3o que eu preciso fornecer para aceder a exercer os meus direitos?<\/h3>\n<p>A michellebond.pt aceita as seguintes formas de identifica\u00e7\u00e3o quando as informa\u00e7\u00f5es sobre seus dados pessoais s\u00e3o solicitados: [nome, email, telefone, idade]<\/p>\n<h3 style=\"padding-top: 30px;\">As cookies recolhem a minha informa\u00e7\u00e3o pessoal?<\/h3>\n<p>Este website utiliza cookies em determinadas \u00e1reas. Os cookies s\u00e3o ficheiros que armazenam informa\u00e7\u00f5es no disco r\u00edgido ou browser do Utilizador. Os nossos cookies n\u00e3o recolhem informa\u00e7\u00e3o pessoal e s\u00f3 poder\u00e3o eventualmente recolher no futuro obtendo o seu consentimento. O Utilizador pode configurar o seu browser para recusar os cookies, por\u00e9m nesse caso, o website ou partes do mesmo podem n\u00e3o funcionar corretamente. Os cookies s\u00e3o utilizados para monitorizar e analisar a utiliza\u00e7\u00e3o do website,assim como proporcionar a melhor experi\u00eancia de utiliza\u00e7\u00e3o.<\/p>\n<h3 style=\"padding-top: 30px;\">Detalhes de contacto do Respons\u00e1vel da Prote\u00e7\u00e3o de Dados:<\/h3>\n<p>Respons\u00e1vel : michellebond.pt<br \/>\nE-mail : info@clientes.space<\/p>\n","protected":false},"excerpt":{"rendered":"<p>Dados pessoais De acordo com os dados pessoais da Pol\u00edtica geral de prote\u00e7\u00e3o de dados (RGPD) da UE, \u00e9 definido&#8230;<\/p>\n","protected":false},"author":5,"featured_media":0,"parent":0,"menu_order":0,"comment_status":"closed","ping_status":"closed","template":"","meta":{"content-type":"","footnotes":""},"yoast_head":"<!-- This site is optimized with the Yoast SEO plugin v21.7 - https:\/\/yoast.com\/wordpress\/plugins\/seo\/ -->\n<title>Pol\u00edtica de privacidade - Michelle Bond Clinic | Lisboa<\/title>\n<meta name=\"description\" content=\"Este site utiliza cookies para melhorar os seus servi\u00e7os. Ao navegar no site est\u00e1 a dar o seu consentimento.\" \/>\n<meta name=\"robots\" content=\"index, follow, max-snippet:-1, max-image-preview:large, max-video-preview:-1\" \/>\n<link rel=\"canonical\" href=\"https:\/\/clientes.space\/michele-bond\/website\/politica-de-privacidade\/\" \/>\n<meta property=\"og:locale\" content=\"pt_PT\" \/>\n<meta property=\"og:type\" content=\"article\" \/>\n<meta property=\"og:title\" content=\"Pol\u00edtica de privacidade - Michelle Bond Clinic | Lisboa\" \/>\n<meta property=\"og:description\" content=\"Este site utiliza cookies para melhorar os seus servi\u00e7os. Ao navegar no site est\u00e1 a dar o seu consentimento.\" \/>\n<meta property=\"og:url\" content=\"https:\/\/clientes.space\/michele-bond\/website\/politica-de-privacidade\/\" \/>\n<meta property=\"og:site_name\" content=\"Michelle Bond Clinic | Lisboa\" \/>\n<meta property=\"article:modified_time\" content=\"2018-11-28T14:15:46+00:00\" \/>\n<meta name=\"twitter:card\" content=\"summary_large_image\" \/>\n<meta name=\"twitter:label1\" content=\"Tempo estimado de leitura\" \/>\n\t<meta name=\"twitter:data1\" content=\"5 minutos\" \/>\n<script type=\"application\/ld+json\" class=\"yoast-schema-graph\">{\"@context\":\"https:\/\/schema.org\",\"@graph\":[{\"@type\":\"WebPage\",\"@id\":\"https:\/\/clientes.space\/michele-bond\/website\/politica-de-privacidade\/\",\"url\":\"https:\/\/clientes.space\/michele-bond\/website\/politica-de-privacidade\/\",\"name\":\"Pol\u00edtica de privacidade - Michelle Bond Clinic | Lisboa\",\"isPartOf\":{\"@id\":\"https:\/\/clientes.space\/michele-bond\/website\/#website\"},\"datePublished\":\"2018-11-28T13:59:10+00:00\",\"dateModified\":\"2018-11-28T14:15:46+00:00\",\"description\":\"Este site utiliza cookies para melhorar os seus servi\u00e7os. Ao navegar no site est\u00e1 a dar o seu consentimento.\",\"breadcrumb\":{\"@id\":\"https:\/\/clientes.space\/michele-bond\/website\/politica-de-privacidade\/#breadcrumb\"},\"inLanguage\":\"pt-PT\",\"potentialAction\":[{\"@type\":\"ReadAction\",\"target\":[\"https:\/\/clientes.space\/michele-bond\/website\/politica-de-privacidade\/\"]}]},{\"@type\":\"BreadcrumbList\",\"@id\":\"https:\/\/clientes.space\/michele-bond\/website\/politica-de-privacidade\/#breadcrumb\",\"itemListElement\":[{\"@type\":\"ListItem\",\"position\":1,\"name\":\"In\u00edcio\",\"item\":\"https:\/\/clientes.space\/michele-bond\/website\/\"},{\"@type\":\"ListItem\",\"position\":2,\"name\":\"Pol\u00edtica de privacidade\"}]},{\"@type\":\"WebSite\",\"@id\":\"https:\/\/clientes.space\/michele-bond\/website\/#website\",\"url\":\"https:\/\/clientes.space\/michele-bond\/website\/\",\"name\":\"Michelle Bond - Holistic Health &amp; Beauty\",\"description\":\"Medicina Est\u00e9tica, Naturopatia, Nutri\u00e7\u00e3o e Fisioterapia\",\"potentialAction\":[{\"@type\":\"SearchAction\",\"target\":{\"@type\":\"EntryPoint\",\"urlTemplate\":\"https:\/\/clientes.space\/michele-bond\/website\/?s={search_term_string}\"},\"query-input\":\"required name=search_term_string\"}],\"inLanguage\":\"pt-PT\"}]}<\/script>\n<!-- \/ Yoast SEO plugin. -->","yoast_head_json":{"title":"Pol\u00edtica de privacidade - Michelle Bond Clinic | Lisboa","description":"Este site utiliza cookies para melhorar os seus servi\u00e7os. Ao navegar no site est\u00e1 a dar o seu consentimento.","robots":{"index":"index","follow":"follow","max-snippet":"max-snippet:-1","max-image-preview":"max-image-preview:large","max-video-preview":"max-video-preview:-1"},"canonical":"https:\/\/clientes.space\/michele-bond\/website\/politica-de-privacidade\/","og_locale":"pt_PT","og_type":"article","og_title":"Pol\u00edtica de privacidade - Michelle Bond Clinic | Lisboa","og_description":"Este site utiliza cookies para melhorar os seus servi\u00e7os. Ao navegar no site est\u00e1 a dar o seu consentimento.","og_url":"https:\/\/clientes.space\/michele-bond\/website\/politica-de-privacidade\/","og_site_name":"Michelle Bond Clinic | Lisboa","article_modified_time":"2018-11-28T14:15:46+00:00","twitter_card":"summary_large_image","twitter_misc":{"Tempo estimado de leitura":"5 minutos"},"schema":{"@context":"https:\/\/schema.org","@graph":[{"@type":"WebPage","@id":"https:\/\/clientes.space\/michele-bond\/website\/politica-de-privacidade\/","url":"https:\/\/clientes.space\/michele-bond\/website\/politica-de-privacidade\/","name":"Pol\u00edtica de privacidade - Michelle Bond Clinic | Lisboa","isPartOf":{"@id":"https:\/\/clientes.space\/michele-bond\/website\/#website"},"datePublished":"2018-11-28T13:59:10+00:00","dateModified":"2018-11-28T14:15:46+00:00","description":"Este site utiliza cookies para melhorar os seus servi\u00e7os. Ao navegar no site est\u00e1 a dar o seu consentimento.","breadcrumb":{"@id":"https:\/\/clientes.space\/michele-bond\/website\/politica-de-privacidade\/#breadcrumb"},"inLanguage":"pt-PT","potentialAction":[{"@type":"ReadAction","target":["https:\/\/clientes.space\/michele-bond\/website\/politica-de-privacidade\/"]}]},{"@type":"BreadcrumbList","@id":"https:\/\/clientes.space\/michele-bond\/website\/politica-de-privacidade\/#breadcrumb","itemListElement":[{"@type":"ListItem","position":1,"name":"In\u00edcio","item":"https:\/\/clientes.space\/michele-bond\/website\/"},{"@type":"ListItem","position":2,"name":"Pol\u00edtica de privacidade"}]},{"@type":"WebSite","@id":"https:\/\/clientes.space\/michele-bond\/website\/#website","url":"https:\/\/clientes.space\/michele-bond\/website\/","name":"Michelle Bond - Holistic Health &amp; Beauty","description":"Medicina Est\u00e9tica, Naturopatia, Nutri\u00e7\u00e3o e Fisioterapia","potentialAction":[{"@type":"SearchAction","target":{"@type":"EntryPoint","urlTemplate":"https:\/\/clientes.space\/michele-bond\/website\/?s={search_term_string}"},"query-input":"required name=search_term_string"}],"inLanguage":"pt-PT"}]}},"_links":{"self":[{"href":"https:\/\/clientes.space\/michele-bond\/website\/wp-json\/wp\/v2\/pages\/2505"}],"collection":[{"href":"https:\/\/clientes.space\/michele-bond\/website\/wp-json\/wp\/v2\/pages"}],"about":[{"href":"https:\/\/clientes.space\/michele-bond\/website\/wp-json\/wp\/v2\/types\/page"}],"author":[{"embeddable":true,"href":"https:\/\/clientes.space\/michele-bond\/website\/wp-json\/wp\/v2\/users\/5"}],"replies":[{"embeddable":true,"href":"https:\/\/clientes.space\/michele-bond\/website\/wp-json\/wp\/v2\/comments?post=2505"}],"version-history":[{"count":0,"href":"https:\/\/clientes.space\/michele-bond\/website\/wp-json\/wp\/v2\/pages\/2505\/revisions"}],"wp:attachment":[{"href":"https:\/\/clientes.space\/michele-bond\/website\/wp-json\/wp\/v2\/media?parent=2505"}],"curies":[{"name":"wp","href":"https:\/\/api.w.org\/{rel}","templated":true}]}}