{"id":2727,"date":"2019-03-13T15:30:05","date_gmt":"2019-03-13T15:30:05","guid":{"rendered":"https:\/\/clientes.space\/michele-bond\/website\/?page_id=2727"},"modified":"2023-09-22T18:55:16","modified_gmt":"2023-09-22T18:55:16","slug":"tratamento-para-melasma","status":"publish","type":"page","link":"https:\/\/clientes.space\/michele-bond\/website\/tratamento-para-melasma\/","title":{"rendered":"Tratamento para Melasma"},"content":{"rendered":"<p>[vc_row content_width=&#8221;grid&#8221; el_class=&#8221;first-section&#8221; css=&#8221;.vc_custom_1481240302876{padding-top: 60px !important;}&#8221;][vc_column width=&#8221;1\/2&#8243;]<div class=\"mkdf-section-title-holder\">\n\t<h2 class=\"mkdf-section-title mkdf-section-title-small\" style=\"text-transform: none;text-align: left\">\n\tTratamento para Melasma<\/h2>\n<\/div>[vc_column_text]Os tratamentos que dispomos em nossa cl\u00ednica s\u00e3o:<\/p>\n<ul>\n<li>Peeling qu\u00edmico: Peeling qu\u00edmico foi formulado especificamente para tratar peles pigmentadas e trabalha acelerando o processo natural de rejuvenescimento da pele, exfoliando profundamente, penetrando nas camadas superficiais danificadas e encorajando-as a desaparecerem gradualmente.<\/li>\n<li>Microagulhamento: O tratamento \u00e9 realizado atrav\u00e9s de pequenas perfura\u00e7\u00f5es realizadas por microagulhas que s\u00e3o capazes de reduzir a pigmenta\u00e7\u00e3o, inclusive as de melasma. Tamb\u00e9m s\u00e3o utilizados dermocosm\u00e9ticos que que auxiliam no clareamento das manchas<\/li>\n<li>Green Peel:Para quem procura uma op\u00e7\u00e3o mais natural. Reconhecido mundialmente, o Green Peel provou ser um m\u00e9todo seguro e bem-sucedido de resurfacing n\u00e3o invasivo da pele. A mistura de ervas, misturada com uma solu\u00e7\u00e3o ativa de clareamento da pele, proporciona uma esfolia\u00e7\u00e3o da pele, al\u00e9m de uma limpeza profunda e desintoxica\u00e7\u00e3o da pele, estimulando o processo de despigmenta\u00e7\u00e3o.<\/li>\n<\/ul>\n<p>&nbsp;<\/p>\n<p>[\/vc_column_text][vc_empty_space][\/vc_column][vc_column width=&#8221;1\/2&#8243;]<div class=\"mkdf-section-title-holder\">\n\t<h2 class=\"mkdf-section-title mkdf-section-title-small\" style=\"text-transform: none;text-align: left\">\n\tCausas<\/h2>\n<\/div>[vc_column_text]Existem v\u00e1rios tipos de hiperpigmenta\u00e7\u00e3o, mas os mais comuns s\u00e3o as manchas de idade que s\u00e3o causadas pela exposi\u00e7\u00e3o ao sol. Por essa raz\u00e3o, elas aparecem principalmente em partes do corpo que s\u00e3o freq\u00fcentemente expostas, como o rosto, m\u00e3os e bra\u00e7os. Elas tendem a ser pequenas manchas escuras de pele.<\/p>\n<p>Melasma ou cloasma \u00e9 muitas vezes referido como &#8216;a m\u00e1scara da gravidez&#8217;, uma vez que afeta 90% das mulheres gr\u00e1vidas. Ela ocorre como resultado de influ\u00eancias hormonais, como gravidez e p\u00edlulas anticoncepcionais, e provoca \u00e1reas escuras e irregulares no rosto ou bra\u00e7os que podem ser bastante grandes.<\/p>\n<p>Sardas aparecem frequentemente no rosto. As sardas s\u00e3o causadas pela exposi\u00e7\u00e3o ao sol e geralmente aparecem no rosto.<\/p>\n<p>A hiperpigmenta\u00e7\u00e3o p\u00f3s-inflamat\u00f3ria ocorre quando uma les\u00e3o ou traumatismo cut\u00e2neo cura e deixa para tr\u00e1s uma \u00e1rea plana de descolora\u00e7\u00e3o. \u00c9 comumente encontrada entre os que sofrem de acne e tamb\u00e9m pode ser causada por procedimentos est\u00e9ticos, como dermoabras\u00e3o, tratamento com laser e peelings qu\u00edmicos.<\/p>\n<p>&nbsp;<\/p>\n<p>[\/vc_column_text][vc_empty_space][\/vc_column][\/vc_row][vc_row content_width=&#8221;grid&#8221; el_class=&#8221;first-section&#8221; css=&#8221;.vc_custom_1481238748781{padding-bottom: 50px !important;}&#8221;][vc_column width=&#8221;1\/2&#8243;]<div class=\"mkdf-section-title-holder\">\n\t<h2 class=\"mkdf-section-title mkdf-section-title-small\" style=\"text-transform: none;text-align: left\">\n\tO que \u00e9 Melasma?<\/h2>\n<\/div>[vc_column_text]Melasma, sardas, manchas da idade e outras pequenas manchas s\u00e3o causadas pela melanina, uma subst\u00e2ncia que d\u00e1 \u00e0 nossa pele a sua cor. Quando a melanina se acumula em um ponto, torna-se aparente como uma \u00e1rea descolorida.<\/p>\n<p>A pigmenta\u00e7\u00e3o da pele (hiperpigmenta\u00e7\u00e3o) ocorre quando a melanina \u00e9 produzida em quantidades excessivas em certos pontos da pele. A hiperpigmenta\u00e7\u00e3o resulta em manchas na pele planas e escuras de cor castanha clara a preta, podendo variar em tamanho e forma.<\/p>\n<p>&nbsp;<\/p>\n<p>[\/vc_column_text][vc_empty_space][\/vc_column][vc_column width=&#8221;1\/2&#8243;]<div class=\"mkdf-section-title-holder\">\n\t<h2 class=\"mkdf-section-title mkdf-section-title-small\" style=\"text-transform: none;text-align: left\">\n\tO passo a passo do tratamento<\/h2>\n<\/div>[vc_column_text]<\/p>\n<ol>\n<li>Marque a sua consulta de avalia\u00e7\u00e3o gratuita.<\/li>\n<li>No dia do tratamento, os produtos definidos na consulta de avalia\u00e7\u00e3o ser\u00e3o aplicados no rosto ap\u00f3s uma limpeza completa para remover qualquer sujeira e impurezas na pele.<\/li>\n<li>Os princ\u00edpios ativos dos produtos ativar\u00e3o o clareamento da pele estimulando o processo de despigmenta\u00e7\u00e3o.<\/li>\n<li>P\u00f3s-tratamento \/ resultados: ap\u00f3s o procedimento, a pele pode ficar seca, no entanto, ap\u00f3s 3-4 dias ap\u00f3s o tratamento, ela vai estar bem iluminada e rejuvenescida.<\/li>\n<\/ol>\n<p>&nbsp;<\/p>\n<p>[\/vc_column_text][vc_empty_space][\/vc_column][\/vc_row][vc_row content_width=&#8221;grid&#8221; css=&#8221;.vc_custom_1542275939090{border-top-width: 1px !important;border-bottom-width: 1px !important;padding-top: 60px !important;padding-bottom: 60px !important;background-color: #fafafa !important;border-top-color: #f2f2f2 !important;border-top-style: solid !important;border-bottom-color: #f2f2f2 !important;border-bottom-style: solid !important;}&#8221; el_id=&#8221;&#8220;logo-revistas&#8220;&#8221;][vc_column][vc_column_text]\n\t\t<style>\n\t\t\t#wpls-logo-showcase-slider-1 .wpls-fix-box,\n\t\t\t#wpls-logo-showcase-slider-1 .wpls-fix-box img.wp-post-image{max-height:250px; }\n\t\t<\/style>\n\n\t\t<div class=\"wpls-wrap wpls-logo-showcase-slider-wrp wpls-logo-clearfix wpls-design-1 \" data-conf=\"{&quot;slides_column&quot;:&quot;4&quot;,&quot;slides_scroll&quot;:1,&quot;dots&quot;:&quot;true&quot;,&quot;arrows&quot;:&quot;true&quot;,&quot;autoplay&quot;:&quot;true&quot;,&quot;autoplay_interval&quot;:3000,&quot;loop&quot;:&quot;true&quot;,&quot;rtl&quot;:&quot;false&quot;,&quot;speed&quot;:800,&quot;center_mode&quot;:&quot;false&quot;,&quot;lazyload&quot;:&quot;&quot;}\">\n\t\t\t<div class=\"wpls-logo-showcase logo_showcase wpls-logo-slider  sliderimage_hide_border \" id=\"wpls-logo-showcase-slider-1\" >\n\t\t\t\t<div class=\"wpls-logo-cnt\">\n\t<div class=\"wpls-fix-box\">\n\t\t\t\t<img class=\"wp-post-image\"  src=\"https:\/\/clientes.space\/michele-bond\/website\/wp-content\/uploads\/2018\/08\/womens-health-1.png\" alt=\"womens-health\" \/>\n\t\t\t<\/div>\n\t<\/div><div class=\"wpls-logo-cnt\">\n\t<div class=\"wpls-fix-box\">\n\t\t\t\t<img class=\"wp-post-image\"  src=\"https:\/\/clientes.space\/michele-bond\/website\/wp-content\/uploads\/2018\/08\/Rede_Vida_logo-1.png\" alt=\"Rede_Vida\" \/>\n\t\t\t<\/div>\n\t<\/div><div class=\"wpls-logo-cnt\">\n\t<div class=\"wpls-fix-box\">\n\t\t\t\t<img class=\"wp-post-image\"  src=\"https:\/\/clientes.space\/michele-bond\/website\/wp-content\/uploads\/2018\/08\/forever_young_logo.png\" alt=\"forever_young\" \/>\n\t\t\t<\/div>\n\t<\/div><div class=\"wpls-logo-cnt\">\n\t<div class=\"wpls-fix-box\">\n\t\t\t\t<img class=\"wp-post-image\"  src=\"https:\/\/clientes.space\/michele-bond\/website\/wp-content\/uploads\/2018\/08\/SVBlog_Logo-1.png\" alt=\"SVBlog\" \/>\n\t\t\t<\/div>\n\t<\/div>\t\t\t<\/div>\n\t\t<\/div>\n\n\t\t[\/vc_column_text][\/vc_column][\/vc_row][vc_row content_width=&#8221;grid&#8221; css=&#8221;.vc_custom_1481241002243{padding-top: 90px !important;padding-bottom: 90px !important;}&#8221;][vc_column]<div class=\"mkdf-section-title-holder\">\n\t<h2 class=\"mkdf-section-title mkdf-section-title-medium\" style=\"text-transform: capitalize;text-align: center\">\n\tPerguntas Frequentes<\/h2>\n<\/div><div class=\"mkdf-accordion-holder clearfix mkdf-accordion mkdf-initial \">\n\t<h5 class=\"clearfix mkdf-title-holder\">\n<span class=\"mkdf-accordion-mark mkdf-left-mark\">\n\t\t<span class=\"mkdf-accordion-mark-icon\">\n\t\t\t<span class=\"icon_plus\"><\/span>\n\t\t\t<span class=\"icon_minus-06\"><\/span>\n\t\t<\/span>\n<\/span>\n<span class=\"mkdf-tab-title\">\n\t\t<span class=\"mkdf-tab-title-inner\">\n\t\t\t\t\t\tQual \u00e9 o pre\u00e7o do tratamento para melasma\t\t<\/span>\n<\/span>\n<\/h5>\n<div class=\"mkdf-accordion-content\">\n\t<div class=\"mkdf-accordion-content-inner\">\n\t\t<div class=\"mkdf-section-subtitle-holder\" >\n\t<p  class=\"mkdf-section-subtitle\">- Cosmelan: 400\u20ac<br \/>\n- Peeling qu\u00edmico: 110\u20ac<br \/>\n- Microagulhamento: 95\u20ac<br \/>\n- Green Peel: 220\u20ac<\/p>\n<\/div>\n\t\t\t<\/div>\n<\/div>\n<h5 class=\"clearfix mkdf-title-holder\">\n<span class=\"mkdf-accordion-mark mkdf-left-mark\">\n\t\t<span class=\"mkdf-accordion-mark-icon\">\n\t\t\t<span class=\"icon_plus\"><\/span>\n\t\t\t<span class=\"icon_minus-06\"><\/span>\n\t\t<\/span>\n<\/span>\n<span class=\"mkdf-tab-title\">\n\t\t<span class=\"mkdf-tab-title-inner\">\n\t\t\t\t\t\tQual \u00e9 o tempo de dura\u00e7\u00e3o do tratamento?\t\t<\/span>\n<\/span>\n<\/h5>\n<div class=\"mkdf-accordion-content\">\n\t<div class=\"mkdf-accordion-content-inner\">\n\t\t<div class=\"mkdf-section-subtitle-holder\" >\n\t<p  class=\"mkdf-section-subtitle\">O tratamento \u00e9 relaxante e levar\u00e1 cerca de 45 - 60 minutos para ser conclu\u00eddo. N\u00e3o h\u00e1 tempo de inatividade, voc\u00ea pode voltar a sua vida normal depois do procedimento. A pele pode ficar seca nos dias a seguir o procedimento mas voltar\u00e1 ao normal em 3-4 dias.<\/p>\n<\/div>\n\t\t\t<\/div>\n<\/div>\n<h5 class=\"clearfix mkdf-title-holder\">\n<span class=\"mkdf-accordion-mark mkdf-left-mark\">\n\t\t<span class=\"mkdf-accordion-mark-icon\">\n\t\t\t<span class=\"icon_plus\"><\/span>\n\t\t\t<span class=\"icon_minus-06\"><\/span>\n\t\t<\/span>\n<\/span>\n<span class=\"mkdf-tab-title\">\n\t\t<span class=\"mkdf-tab-title-inner\">\n\t\t\t\t\t\tComo saber se o tratamento para melasma \u00e9 ideal para mim?\t\t<\/span>\n<\/span>\n<\/h5>\n<div class=\"mkdf-accordion-content\">\n\t<div class=\"mkdf-accordion-content-inner\">\n\t\t<div class=\"mkdf-section-subtitle-holder\" >\n\t<p  class=\"mkdf-section-subtitle\">Ser\u00e1 necess\u00e1rio agendar uma consulta de avalia\u00e7\u00e3o para determinar se este tratamento \u00e9 adequado para a sua pele e avaliar se n\u00e3o existe nenhuma contra-indica\u00e7\u00e3o.<\/p>\n<\/div>\n\t\t\t<\/div>\n<\/div>\n<h5 class=\"clearfix mkdf-title-holder\">\n<span class=\"mkdf-accordion-mark mkdf-left-mark\">\n\t\t<span class=\"mkdf-accordion-mark-icon\">\n\t\t\t<span class=\"icon_plus\"><\/span>\n\t\t\t<span class=\"icon_minus-06\"><\/span>\n\t\t<\/span>\n<\/span>\n<span class=\"mkdf-tab-title\">\n\t\t<span class=\"mkdf-tab-title-inner\">\n\t\t\t\t\t\tO tratamento para melasma no rosto \u00e9 seguro?\t\t<\/span>\n<\/span>\n<\/h5>\n<div class=\"mkdf-accordion-content\">\n\t<div class=\"mkdf-accordion-content-inner\">\n\t\t<div class=\"mkdf-section-subtitle-holder\" >\n\t<p  class=\"mkdf-section-subtitle\">Este tratamento \u00e9 totalmente seguro com poucos efeitos secund\u00e1rios (a pele fica ligeiramente vermelha e volta em algumas horas) e n\u00e3o requer tempo de inatividade.<\/p>\n<p>N\u00f3s n\u00e3o iniciamos o tratamento at\u00e9 que voc\u00ea esteja totalmente informada\/o:<br \/>\n1- Nossa cl\u00ednica \u00e9 licenciada, segurada e regulamentada<br \/>\n2- N\u00f3s s\u00f3 recrutamos profissionais com mais de 3 anos de experi\u00eancia<\/p>\n<\/div>\n\t\t\t<\/div>\n<\/div>\n<\/div>[vc_empty_space][\/vc_column][\/vc_row][vc_row row_type=&#8221;parallax&#8221; full_screen_section_height=&#8221;no&#8221; parallax_background_image=&#8221;164&#8243; css=&#8221;.vc_custom_1481238989291{padding-top: 65px !important;padding-bottom: 65px !important;}&#8221;][vc_column]<div class=\"mkdf-section-title-holder\">\n\t<h2 class=\"mkdf-section-title mkdf-section-title-medium\" style=\"color: #ffffff;text-transform: capitalize;text-align: center\">\n\tClientes Satisfeitos<\/h2>\n<\/div>[vc_empty_space]<div class=\"mkdf-testimonials-holder clearfix light\"><div class=\"mkdf-testimonials testimonials-slider\"><div id=\"mkdf-testimonials83\" class=\"mkdf-testimonial-content testimonials-slider\">\n\t<div class=\"mkdf-testimonial-content-inner\">\n\t\t\t\t\t<div class= \"mkdf-container-inner\">\n\t\t\t\t<div class=\"mkdf-testimonial-text-holder\">\n\t\t\t<div class=\"mkdf-testimonial-text-inner light\">\n\t\t\t\t\t\t\t\t<p class=\"mkdf-testimonial-text\" >Depois de ter o meu segundo filho, e de maus h\u00e1bitos alimentares, ganhei muito peso. Com o acompanhamento que tive na Cl\u00ednica consegui perder 7 quilos e agora sinto-me muito bem! Obrigado a todos.<\/p>\n\t\t\t\t\t\t\t\t\t<div class=\"mkdf-testimonial-author\">\n\t\t\t\t\t\t<h3 class=\"mkdf-testimonial-author-text light\">F\u00e1tima (38 Anos)<\/h3>\n\t\t\t\t\t\t\t\t\t\t\t\t\t<span class=\"mkdf-testimonials-job light\">Lisboa<\/span>\n\t\t\t\t\t\t\t\t\t\t\t<\/div>\n\t\t\t\t\t\t\t<\/div>\n\t\t<\/div>\n\n\t\t\t\t\t<\/div>\n\t\t\t<\/div>\n<\/div>\n<div id=\"mkdf-testimonials82\" class=\"mkdf-testimonial-content testimonials-slider\">\n\t<div class=\"mkdf-testimonial-content-inner\">\n\t\t\t\t\t<div class= \"mkdf-container-inner\">\n\t\t\t\t<div class=\"mkdf-testimonial-text-holder\">\n\t\t\t<div class=\"mkdf-testimonial-text-inner light\">\n\t\t\t\t\t\t\t\t<p class=\"mkdf-testimonial-text\" >Sempre tive muitas dificuldades em dormir, tentei muitas terapias mas s\u00f3 com a ajuda da Dra Michelle \u00e9 que descobri o que \u00e9 uma boa noite de sono. Sou hoje uma pessoa diferente e com muito mais energia.<\/p>\n\t\t\t\t\t\t\t\t\t<div class=\"mkdf-testimonial-author\">\n\t\t\t\t\t\t<h3 class=\"mkdf-testimonial-author-text light\">Carla (45 Anos)<\/h3>\n\t\t\t\t\t\t\t\t\t\t\t\t\t<span class=\"mkdf-testimonials-job light\">Alg\u00e9s<\/span>\n\t\t\t\t\t\t\t\t\t\t\t<\/div>\n\t\t\t\t\t\t\t<\/div>\n\t\t<\/div>\n\n\t\t\t\t\t<\/div>\n\t\t\t<\/div>\n<\/div>\n<\/div><\/div>[\/vc_column][\/vc_row][vc_row][vc_column]\n\n\t<div class=\"mkdf-call-to-action normal\" style=\"padding: 20px;\">\n\n\t\t\t\t<div class=\"mkdf-container-inner\">\n\t\t\t\t\t<div class=\"mkdf-call-to-action-row-75-25 clearfix\">\n\t\t\n\t\t\t\t<div class=\"mkdf-text-wrapper mkdf-call-to-action-column1 mkdf-call-to-action-cell\">\n\n\t\t\t\t\n\t\t\t\t\t<div class=\"mkdf-call-to-action-text\" >\n\t\t\t\t\t\t\n<h2 class=\"p1\" style=\"margin-top: 10px !important;\"><strong>Agende hoje a sua consulta<\/strong><\/h2>\n\t\t\t\t\t<\/div>\n\n\t\t\t\t<\/div>\n\n\t\t\t\t\n\t\t\t\t\t<div class=\"mkdf-button-wrapper mkdf-call-to-action-column2 mkdf-call-to-action-cell\" style =\"text-align: right ;\">\n\n\t\t\t\t\t\t<a href=\"\/marcar-consulta\/\" target=\"_self\"  class=\"mkdf-btn mkdf-btn-medium mkdf-btn-solid mkdf-btn-hover-outline\"  >\t\t\t\t<span class=\"mkdf-btn-helper\" ><\/span>\t\t<span class=\"mkdf-btn-text\">Marcar Consulta<\/span><\/a>\n\t\t\t\t\t<\/div>\n\n\t\t\t\t\n\t\t\t<\/div>\n\n\t\t\t\t<\/div>\n\t\t\n\t<\/div>\n\n[\/vc_column][\/vc_row]<\/p>\n","protected":false},"excerpt":{"rendered":"<p>[vc_row content_width=&#8221;grid&#8221; el_class=&#8221;first-section&#8221; css=&#8221;.vc_custom_1481240302876{padding-top: 60px !important;}&#8221;][vc_column width=&#8221;1\/2&#8243;][vc_column_text]Os tratamentos que dispomos em nossa cl\u00ednica s\u00e3o: Peeling qu\u00edmico: Peeling qu\u00edmico foi formulado&#8230;<\/p>\n","protected":false},"author":2,"featured_media":0,"parent":0,"menu_order":0,"comment_status":"closed","ping_status":"closed","template":"full-width.php","meta":{"content-type":"","footnotes":""},"yoast_head":"<!-- This site is optimized with the Yoast SEO plugin v21.7 - https:\/\/yoast.com\/wordpress\/plugins\/seo\/ -->\n<title>Tratamento para Melasma - Michelle Bond Nutri\u00e7\u00e3o e Est\u00e9tica<\/title>\n<meta name=\"description\" content=\"Tratamento para melasma: peeling anti-pigmenta\u00e7\u00e3o, vitamina c pura, green peel e outros. Melasma, sardas, manchas da idade e outras pequenas manchas s\u00e3o causadas pela melanina, uma subst\u00e2ncia que d\u00e1 \u00e0 nossa pele a sua cor. Quando ela se acumula em um ponto, torna-se aparente como uma \u00e1rea descolorida.\" \/>\n<meta name=\"robots\" content=\"index, follow, max-snippet:-1, max-image-preview:large, max-video-preview:-1\" \/>\n<link rel=\"canonical\" href=\"https:\/\/clientes.space\/michele-bond\/website\/tratamento-para-melasma\/\" \/>\n<meta property=\"og:locale\" content=\"pt_PT\" \/>\n<meta property=\"og:type\" content=\"article\" \/>\n<meta property=\"og:title\" content=\"Tratamento para Melasma - Michelle Bond Nutri\u00e7\u00e3o e Est\u00e9tica\" \/>\n<meta property=\"og:description\" content=\"Tratamento para melasma: peeling anti-pigmenta\u00e7\u00e3o, vitamina c pura, green peel e outros. Melasma, sardas, manchas da idade e outras pequenas manchas s\u00e3o causadas pela melanina, uma subst\u00e2ncia que d\u00e1 \u00e0 nossa pele a sua cor. Quando ela se acumula em um ponto, torna-se aparente como uma \u00e1rea descolorida.\" \/>\n<meta property=\"og:url\" content=\"https:\/\/clientes.space\/michele-bond\/website\/tratamento-para-melasma\/\" \/>\n<meta property=\"og:site_name\" content=\"Michelle Bond Clinic | Lisboa\" \/>\n<meta property=\"article:modified_time\" content=\"2023-09-22T18:55:16+00:00\" \/>\n<meta name=\"twitter:card\" content=\"summary_large_image\" \/>\n<meta name=\"twitter:label1\" content=\"Tempo estimado de leitura\" \/>\n\t<meta name=\"twitter:data1\" content=\"5 minutos\" \/>\n<script type=\"application\/ld+json\" class=\"yoast-schema-graph\">{\"@context\":\"https:\/\/schema.org\",\"@graph\":[{\"@type\":\"WebPage\",\"@id\":\"https:\/\/clientes.space\/michele-bond\/website\/tratamento-para-melasma\/\",\"url\":\"https:\/\/clientes.space\/michele-bond\/website\/tratamento-para-melasma\/\",\"name\":\"Tratamento para Melasma - Michelle Bond Nutri\u00e7\u00e3o e Est\u00e9tica\",\"isPartOf\":{\"@id\":\"https:\/\/clientes.space\/michele-bond\/website\/#website\"},\"datePublished\":\"2019-03-13T15:30:05+00:00\",\"dateModified\":\"2023-09-22T18:55:16+00:00\",\"description\":\"Tratamento para melasma: peeling anti-pigmenta\u00e7\u00e3o, vitamina c pura, green peel e outros. Melasma, sardas, manchas da idade e outras pequenas manchas s\u00e3o causadas pela melanina, uma subst\u00e2ncia que d\u00e1 \u00e0 nossa pele a sua cor. Quando ela se acumula em um ponto, torna-se aparente como uma \u00e1rea descolorida.\",\"breadcrumb\":{\"@id\":\"https:\/\/clientes.space\/michele-bond\/website\/tratamento-para-melasma\/#breadcrumb\"},\"inLanguage\":\"pt-PT\",\"potentialAction\":[{\"@type\":\"ReadAction\",\"target\":[\"https:\/\/clientes.space\/michele-bond\/website\/tratamento-para-melasma\/\"]}]},{\"@type\":\"BreadcrumbList\",\"@id\":\"https:\/\/clientes.space\/michele-bond\/website\/tratamento-para-melasma\/#breadcrumb\",\"itemListElement\":[{\"@type\":\"ListItem\",\"position\":1,\"name\":\"In\u00edcio\",\"item\":\"https:\/\/clientes.space\/michele-bond\/website\/\"},{\"@type\":\"ListItem\",\"position\":2,\"name\":\"Tratamento para Melasma\"}]},{\"@type\":\"WebSite\",\"@id\":\"https:\/\/clientes.space\/michele-bond\/website\/#website\",\"url\":\"https:\/\/clientes.space\/michele-bond\/website\/\",\"name\":\"Michelle Bond - Holistic Health &amp; Beauty\",\"description\":\"Medicina Est\u00e9tica, Naturopatia, Nutri\u00e7\u00e3o e Fisioterapia\",\"potentialAction\":[{\"@type\":\"SearchAction\",\"target\":{\"@type\":\"EntryPoint\",\"urlTemplate\":\"https:\/\/clientes.space\/michele-bond\/website\/?s={search_term_string}\"},\"query-input\":\"required name=search_term_string\"}],\"inLanguage\":\"pt-PT\"}]}<\/script>\n<!-- \/ Yoast SEO plugin. -->","yoast_head_json":{"title":"Tratamento para Melasma - Michelle Bond Nutri\u00e7\u00e3o e Est\u00e9tica","description":"Tratamento para melasma: peeling anti-pigmenta\u00e7\u00e3o, vitamina c pura, green peel e outros. Melasma, sardas, manchas da idade e outras pequenas manchas s\u00e3o causadas pela melanina, uma subst\u00e2ncia que d\u00e1 \u00e0 nossa pele a sua cor. Quando ela se acumula em um ponto, torna-se aparente como uma \u00e1rea descolorida.","robots":{"index":"index","follow":"follow","max-snippet":"max-snippet:-1","max-image-preview":"max-image-preview:large","max-video-preview":"max-video-preview:-1"},"canonical":"https:\/\/clientes.space\/michele-bond\/website\/tratamento-para-melasma\/","og_locale":"pt_PT","og_type":"article","og_title":"Tratamento para Melasma - Michelle Bond Nutri\u00e7\u00e3o e Est\u00e9tica","og_description":"Tratamento para melasma: peeling anti-pigmenta\u00e7\u00e3o, vitamina c pura, green peel e outros. Melasma, sardas, manchas da idade e outras pequenas manchas s\u00e3o causadas pela melanina, uma subst\u00e2ncia que d\u00e1 \u00e0 nossa pele a sua cor. Quando ela se acumula em um ponto, torna-se aparente como uma \u00e1rea descolorida.","og_url":"https:\/\/clientes.space\/michele-bond\/website\/tratamento-para-melasma\/","og_site_name":"Michelle Bond Clinic | Lisboa","article_modified_time":"2023-09-22T18:55:16+00:00","twitter_card":"summary_large_image","twitter_misc":{"Tempo estimado de leitura":"5 minutos"},"schema":{"@context":"https:\/\/schema.org","@graph":[{"@type":"WebPage","@id":"https:\/\/clientes.space\/michele-bond\/website\/tratamento-para-melasma\/","url":"https:\/\/clientes.space\/michele-bond\/website\/tratamento-para-melasma\/","name":"Tratamento para Melasma - Michelle Bond Nutri\u00e7\u00e3o e Est\u00e9tica","isPartOf":{"@id":"https:\/\/clientes.space\/michele-bond\/website\/#website"},"datePublished":"2019-03-13T15:30:05+00:00","dateModified":"2023-09-22T18:55:16+00:00","description":"Tratamento para melasma: peeling anti-pigmenta\u00e7\u00e3o, vitamina c pura, green peel e outros. Melasma, sardas, manchas da idade e outras pequenas manchas s\u00e3o causadas pela melanina, uma subst\u00e2ncia que d\u00e1 \u00e0 nossa pele a sua cor. Quando ela se acumula em um ponto, torna-se aparente como uma \u00e1rea descolorida.","breadcrumb":{"@id":"https:\/\/clientes.space\/michele-bond\/website\/tratamento-para-melasma\/#breadcrumb"},"inLanguage":"pt-PT","potentialAction":[{"@type":"ReadAction","target":["https:\/\/clientes.space\/michele-bond\/website\/tratamento-para-melasma\/"]}]},{"@type":"BreadcrumbList","@id":"https:\/\/clientes.space\/michele-bond\/website\/tratamento-para-melasma\/#breadcrumb","itemListElement":[{"@type":"ListItem","position":1,"name":"In\u00edcio","item":"https:\/\/clientes.space\/michele-bond\/website\/"},{"@type":"ListItem","position":2,"name":"Tratamento para Melasma"}]},{"@type":"WebSite","@id":"https:\/\/clientes.space\/michele-bond\/website\/#website","url":"https:\/\/clientes.space\/michele-bond\/website\/","name":"Michelle Bond - Holistic Health &amp; Beauty","description":"Medicina Est\u00e9tica, Naturopatia, Nutri\u00e7\u00e3o e Fisioterapia","potentialAction":[{"@type":"SearchAction","target":{"@type":"EntryPoint","urlTemplate":"https:\/\/clientes.space\/michele-bond\/website\/?s={search_term_string}"},"query-input":"required name=search_term_string"}],"inLanguage":"pt-PT"}]}},"_links":{"self":[{"href":"https:\/\/clientes.space\/michele-bond\/website\/wp-json\/wp\/v2\/pages\/2727"}],"collection":[{"href":"https:\/\/clientes.space\/michele-bond\/website\/wp-json\/wp\/v2\/pages"}],"about":[{"href":"https:\/\/clientes.space\/michele-bond\/website\/wp-json\/wp\/v2\/types\/page"}],"author":[{"embeddable":true,"href":"https:\/\/clientes.space\/michele-bond\/website\/wp-json\/wp\/v2\/users\/2"}],"replies":[{"embeddable":true,"href":"https:\/\/clientes.space\/michele-bond\/website\/wp-json\/wp\/v2\/comments?post=2727"}],"version-history":[{"count":4,"href":"https:\/\/clientes.space\/michele-bond\/website\/wp-json\/wp\/v2\/pages\/2727\/revisions"}],"predecessor-version":[{"id":22355,"href":"https:\/\/clientes.space\/michele-bond\/website\/wp-json\/wp\/v2\/pages\/2727\/revisions\/22355"}],"wp:attachment":[{"href":"https:\/\/clientes.space\/michele-bond\/website\/wp-json\/wp\/v2\/media?parent=2727"}],"curies":[{"name":"wp","href":"https:\/\/api.w.org\/{rel}","templated":true}]}}