{"id":3029,"date":"2019-06-25T16:12:18","date_gmt":"2019-06-25T16:12:18","guid":{"rendered":"https:\/\/clientes.space\/michele-bond\/website\/?page_id=3029"},"modified":"2023-09-22T13:17:54","modified_gmt":"2023-09-22T13:17:54","slug":"massagem-ayurvedica","status":"publish","type":"page","link":"https:\/\/clientes.space\/michele-bond\/website\/massagem-ayurvedica\/","title":{"rendered":"Massagem Ayurv\u00e9dica"},"content":{"rendered":"<p>[vc_row content_width=&#8221;grid&#8221; el_class=&#8221;first-section&#8221; css=&#8221;.vc_custom_1481240302876{padding-top: 60px !important;}&#8221;][vc_column width=&#8221;1\/2&#8243;]<div class=\"mkdf-section-title-holder\">\n\t<h2 class=\"mkdf-section-title mkdf-section-title-small\" style=\"text-transform: none;text-align: left\">\n\tO que \u00e9 a massagem ayurv\u00e9dica?<\/h2>\n<\/div>[vc_column_text]Ayurveda \u00e9 uma antiga ci\u00eancia indiana que visa restaurar a sa\u00fade atrav\u00e9s de dietas especiais, ervas e t\u00e9cnicas terap\u00eauticas.<\/p>\n<p>A massagem Ayurv\u00e9dica \u00e9 uma massagem que utiliza uma t\u00e9cnica de coreografia que ir\u00e1 trabalhar na estrutura muscular, sistema linf\u00e1tico e f\u00e1scia.<\/p>\n<p>Esta massagem que:<\/p>\n<ul>\n<li>relaxa o corpo inteiro;<\/li>\n<li>nutre a pele;<\/li>\n<li>alivia o stress;<\/li>\n<li>acalma a mente;<\/li>\n<li>traz tranquilidade ao sistema nervoso.<\/li>\n<\/ul>\n<p>[\/vc_column_text][vc_empty_space][\/vc_column][vc_column width=&#8221;1\/2&#8243;]<div class=\"mkdf-section-title-holder\">\n\t<h2 class=\"mkdf-section-title mkdf-section-title-small\" style=\"text-transform: none;text-align: left\">\n\tComo se processa a massagem ayurv\u00e9dica?<\/h2>\n<\/div>[vc_column_text]<\/p>\n<ul>\n<li><strong>Antes:<\/strong> a terapeuta ir\u00e1 conversar consigo para descobrir o Dosha dominante e verificar se existe algum desequil\u00edbrio para decidir quais s\u00e3o os \u00f3leos mais indicados.<\/li>\n<li><strong>Durante:<\/strong> voc\u00ea ter\u00e1 uma experi\u00eancia sensorial \u00fanica da Medicina Ayurveda. A terapeuta utiliza as m\u00e3os e os p\u00e9s para combinar movimentos de deslizamento profundo com manobras de alongamento, relaxando e revigorando o corpo e a mente. Movimentos vigorosos s\u00e3o realizados sobre a musculatura e press\u00f5es em determinados pontos do corpo. Esta t\u00e9cnica promove um grande desbloqueio da energia vital, melhor oxigena\u00e7\u00e3o corporal e maior libera\u00e7\u00e3o das tens\u00f5es.<\/li>\n<li><strong>Ap\u00f3s:<\/strong> sentir\u00e1 um relaxamento profundo e uma percep\u00e7\u00e3o mais real de integra\u00e7\u00e3o entre os aspectos f\u00edsico, mental e emocional. A terapeuta partilhar\u00e1 o feedback e dar\u00e1 orienta\u00e7\u00f5es no \u00e2mbito da terapia ayurv\u00e9dica.<\/li>\n<\/ul>\n<p>[\/vc_column_text][vc_empty_space][\/vc_column][\/vc_row][vc_row content_width=&#8221;grid&#8221; el_class=&#8221;first-section&#8221; css=&#8221;.vc_custom_1481238748781{padding-bottom: 50px !important;}&#8221;][vc_column width=&#8221;1\/2&#8243;]<div class=\"mkdf-section-title-holder\">\n\t<h2 class=\"mkdf-section-title mkdf-section-title-small\" style=\"text-transform: none;text-align: left\">\n\tQual \u00e9 o objetivo da massagem?<\/h2>\n<\/div>[vc_column_text]O objetivo principal \u00e9 tranquilizar o sistema nervoso. E, \u00e9 por isso que na massagem ayurv\u00e9dica os movimentos s\u00e3o r\u00edtmicos e sincronizados para que possamos &#8220;deixar o controle&#8221; e relaxar profundamente. Com esta terapia, o objectivo \u00e9 conseguido ao aplicar \u00f3leo quente, uma vez que o nosso sistema nervoso gosta da sensa\u00e7\u00e3o de calor e aconchego.<\/p>\n<p>A ayurv\u00e9dica n\u00e3o \u00e9 mais uma t\u00e9cnica de massagem relaxante. \u00c9 uma massagem terap\u00eautica \u00fanica que tem ra\u00edzes no sistema ayurv\u00e9dico de cura dos Doshas da pessoa (diferentes tipos de corpo e seus desequil\u00edbrios f\u00edsicos, segundo a ci\u00eancia ayurv\u00e9dica da cura).<\/p>\n<p>De acordo com as necessidades espec\u00edficas do cliente e os seus dist\u00farbios de sa\u00fade, o terapeuta aplicar\u00e1 diferentes tipos de \u00f3leo. Os \u00f3leos usados \u200b\u200bnos tratamentos ayurv\u00e9dicos s\u00e3o gergelim, coco, neem ou ghee.<\/p>\n<p>O que faz com que esta massagem seja diferente das outras \u00e9 o facto dos \u00f3leos serem aplicado \u00e0 pele numa coreografia exclusiva de movimentos que o far\u00e1 relaxar profundamente.[\/vc_column_text][vc_empty_space][\/vc_column][vc_column width=&#8221;1\/2&#8243;]<div class=\"mkdf-section-title-holder\">\n\t<h2 class=\"mkdf-section-title mkdf-section-title-small\" style=\"text-transform: none;text-align: left\">\n\tPre\u00e7os<\/h2>\n<\/div>[vc_column_text]<\/p>\n<ul>\n<li>1 massagem (60 minutos): 65\u20ac<\/li>\n<\/ul>\n<p>Temos vouchers para oferta dispon\u00edveis. Contacte-nos por email ou telefone e n\u00f3s tratamos de tudo.<\/p>\n<p><strong>Aten\u00e7\u00e3o:<\/strong> para fazer uma marca\u00e7\u00e3o \u00e9 necess\u00e1rio realizar um pr\u00e9-pagamento no valor 30\u20ac .<\/p>\n<p><strong>Porque \u00e9 necess\u00e1rio?<\/strong><\/p>\n<p style=\"font-weight: 400;\">Para continuar a melhorar a sa\u00fade, bem-estar e auto-estima dos nossos clientes, \u00e9 importante que a nossa agenda seja bem gerida. Assim, ao assumir o compromisso de agendar uma massagem, est\u00e1 a comprometer-se, a si e o seu tempo, connosco. Que se aplica para os dois lados: estamos tamb\u00e9m a comprometer o nosso tempo consigo.<\/p>\n<ul>\n<li><em>O valor do pr\u00e9-pagamento ser\u00e1 deduzido do valor total a pagar do tratamento \/ consulta.<\/em><\/li>\n<li><em>O valor ser\u00e1 devolvido na totalidade se cancelar, e nos informar at\u00e9 24h antes.<\/em><\/li>\n<li><em>O pagamento da marca\u00e7\u00e3o pode ser feito atrav\u00e9s de transfer\u00eancia banc\u00e1ria ou MBWAY. A informa\u00e7\u00e3o ser\u00e1 enviada para si no momento da marca\u00e7\u00e3o.<\/em><\/li>\n<\/ul>\n<p>[\/vc_column_text][vc_empty_space][\/vc_column][\/vc_row][vc_row css=&#8221;.vc_custom_1565111643745{background-color: #fafafa !important;}&#8221;][vc_column]\n\n\t<div class=\"mkdf-call-to-action normal\" style=\"padding: 20px;\">\n\n\t\t\t\t<div class=\"mkdf-container-inner\">\n\t\t\t\t\t<div class=\"mkdf-call-to-action-row-75-25 clearfix\">\n\t\t\n\t\t\t\t<div class=\"mkdf-text-wrapper mkdf-call-to-action-column1 mkdf-call-to-action-cell\">\n\n\t\t\t\t\n\t\t\t\t\t<div class=\"mkdf-call-to-action-text\" >\n\t\t\t\t\t\t\n<h2 class=\"p1\" style=\"margin-top: 10px !important;\"><strong>Agende hoje a sua sess\u00e3o<\/strong><\/h2>\n\t\t\t\t\t<\/div>\n\n\t\t\t\t<\/div>\n\n\t\t\t\t\n\t\t\t\t\t<div class=\"mkdf-button-wrapper mkdf-call-to-action-column2 mkdf-call-to-action-cell\" style =\"text-align: right ;\">\n\n\t\t\t\t\t\t<a href=\"\/marcar-consulta\/\" target=\"_self\"  class=\"mkdf-btn mkdf-btn-medium mkdf-btn-solid mkdf-btn-hover-outline\"  >\t\t\t\t<span class=\"mkdf-btn-helper\" ><\/span>\t\t<span class=\"mkdf-btn-text\">Marcar Consulta<\/span><\/a>\n\t\t\t\t\t<\/div>\n\n\t\t\t\t\n\t\t\t<\/div>\n\n\t\t\t\t<\/div>\n\t\t\n\t<\/div>\n\n[\/vc_column][\/vc_row][vc_row content_width=&#8221;grid&#8221; css=&#8221;.vc_custom_1557506018723{border-top-width: 1px !important;border-bottom-width: 1px !important;padding-top: 60px !important;padding-bottom: 60px !important;}&#8221;][vc_column]<div class=\"mkdf-section-title-holder\">\n\t<h2 class=\"mkdf-section-title\" style=\"text-align: center\">\n\tOutras massagens de wellness<\/h2>\n<\/div><div class=\"mkdf-section-subtitle-holder mkdf-section-subtitle-center\" >\n\t<p style=\"text-align: center\" class=\"mkdf-section-subtitle\">Saiba mais sobre cada uma delas<\/p>\n<\/div><div class=\"mkdf-carousel-holder clearfix mkdf-carousel-three-rows mkdf-carousel-navigation\"><div class=\"mkdf-carousel \" data-items=\"3\" data-navigation=\"yes\"><div class=\"mkdf-carousel-item-outer-holder border\"><div class=\"mkdf-carousel-item-holder\">\n\t\t<a href=\"https:\/\/clientes.space\/michele-bond\/website\/massagem-relaxante-parque-das-nacoes\/\" target=\"_self\">\n\t\t\t\t\t\t\t<span class=\"mkdf-carousel-first-image-holder  mkdf-image-zoom\">\n\t\t\t\t<img width=\"450\" height=\"420\" src=\"https:\/\/clientes.space\/michele-bond\/website\/wp-content\/uploads\/2019\/06\/Massagem-Relaxante.jpg\" class=\"attachment-full size-full\" alt=\"Massagem Relaxante\" decoding=\"async\" srcset=\"https:\/\/clientes.space\/michele-bond\/website\/wp-content\/uploads\/2019\/06\/Massagem-Relaxante.jpg 450w, https:\/\/clientes.space\/michele-bond\/website\/wp-content\/uploads\/2019\/06\/Massagem-Relaxante-300x280.jpg 300w\" sizes=\"(max-width: 450px) 100vw, 450px\" \/>\t\t\t<\/span>\n\t\t\t\t\t\t\t<\/a>\n<\/div><\/div><div class=\"mkdf-carousel-item-outer-holder border\"><div class=\"mkdf-carousel-item-holder\">\n\t\t<a href=\"https:\/\/clientes.space\/michele-bond\/website\/massagem-hot-karite-spa\/\" target=\"_self\">\n\t\t\t\t\t\t\t<span class=\"mkdf-carousel-first-image-holder  mkdf-image-zoom\">\n\t\t\t\t<img width=\"450\" height=\"420\" src=\"https:\/\/clientes.space\/michele-bond\/website\/wp-content\/uploads\/2019\/06\/Massagem-Hot-Karite-Spa.jpg\" class=\"attachment-full size-full\" alt=\"Massagem Hot Karit\u00e9 Spa\" decoding=\"async\" srcset=\"https:\/\/clientes.space\/michele-bond\/website\/wp-content\/uploads\/2019\/06\/Massagem-Hot-Karite-Spa.jpg 450w, https:\/\/clientes.space\/michele-bond\/website\/wp-content\/uploads\/2019\/06\/Massagem-Hot-Karite-Spa-300x280.jpg 300w\" sizes=\"(max-width: 450px) 100vw, 450px\" \/>\t\t\t<\/span>\n\t\t\t\t\t\t\t<\/a>\n<\/div><\/div><div class=\"mkdf-carousel-item-outer-holder border\"><div class=\"mkdf-carousel-item-holder\">\n\t\t<a href=\"https:\/\/clientes.space\/michele-bond\/website\/drenagem-linfatica\/\" target=\"_self\">\n\t\t\t\t\t\t\t<span class=\"mkdf-carousel-first-image-holder  mkdf-image-zoom\">\n\t\t\t\t<img width=\"450\" height=\"420\" src=\"https:\/\/clientes.space\/michele-bond\/website\/wp-content\/uploads\/2019\/06\/Drenagem-Linfatica.jpg\" class=\"attachment-full size-full\" alt=\"Drenagem Linf\u00e1tica\" decoding=\"async\" srcset=\"https:\/\/clientes.space\/michele-bond\/website\/wp-content\/uploads\/2019\/06\/Drenagem-Linfatica.jpg 450w, https:\/\/clientes.space\/michele-bond\/website\/wp-content\/uploads\/2019\/06\/Drenagem-Linfatica-300x280.jpg 300w\" sizes=\"(max-width: 450px) 100vw, 450px\" \/>\t\t\t<\/span>\n\t\t\t\t\t\t\t<\/a>\n<\/div><\/div><\/div><\/div>[\/vc_column][\/vc_row][vc_row row_type=&#8221;parallax&#8221; header_style=&#8221;mkdf-light-header&#8221; content_aligment=&#8221;center&#8221; full_screen_section_height=&#8221;no&#8221; parallax_background_image=&#8221;3138&#8243; parallax_speed=&#8221;200&#8243; css=&#8221;.vc_custom_1565110027275{border-top-width: 1px !important;border-bottom-width: 1px !important;padding-top: 60px !important;padding-bottom: 60px !important;background-image: url(https:\/\/clientes.space\/michele-bond\/website\/wp-content\/uploads\/2019\/08\/massagens-de-relaxamento.jpg?id=3138) !important;background-position: center !important;background-repeat: no-repeat !important;background-size: cover !important;}&#8221;][vc_column][vc_row_inner content_width=&#8221;grid&#8221; content_aligment=&#8221;center&#8221;][vc_column_inner width=&#8221;1\/2&#8243;][vc_empty_space][vc_column_text css=&#8221;.vc_custom_1565111164086{padding-top: 20px !important;padding-right: 10px !important;padding-bottom: 20px !important;padding-left: 10px !important;background-color: #ffffff !important;}&#8221;]<\/p>\n<h2>As nossas massagens levam o relaxamento a outro n\u00edvel:<\/h2>\n<h3><\/h3>\n<ul>\n<li>Aliviam a tens\u00e3o mental<\/li>\n<li>Relaxam o corpo<\/li>\n<li>Acalmam a alma<\/li>\n<\/ul>\n<p>[\/vc_column_text][\/vc_column_inner][vc_column_inner width=&#8221;1\/2&#8243;][vc_single_image image=&#8221;3138&#8243; img_size=&#8221;400&#215;350&#8243; alignment=&#8221;center&#8221; style=&#8221;vc_box_border_circle_2&#8243;][\/vc_column_inner][\/vc_row_inner][\/vc_column][\/vc_row][vc_row css=&#8221;.vc_custom_1565111590385{background-color: #fafafa !important;}&#8221;][vc_column][vc_empty_space height=&#8221;40px&#8221;][\/vc_column][\/vc_row][vc_row row_type=&#8221;parallax&#8221; full_screen_section_height=&#8221;no&#8221; parallax_background_image=&#8221;164&#8243; css=&#8221;.vc_custom_1481238989291{padding-top: 65px !important;padding-bottom: 65px !important;}&#8221;][vc_column]<div class=\"mkdf-section-title-holder\">\n\t<h2 class=\"mkdf-section-title mkdf-section-title-medium\" style=\"color: #ffffff;text-transform: capitalize;text-align: center\">\n\tClientes Satisfeitos<\/h2>\n<\/div>[vc_empty_space]<div class=\"mkdf-testimonials-holder clearfix light\"><div class=\"mkdf-testimonials testimonials-slider\"><div id=\"mkdf-testimonials83\" class=\"mkdf-testimonial-content testimonials-slider\">\n\t<div class=\"mkdf-testimonial-content-inner\">\n\t\t\t\t\t<div class= \"mkdf-container-inner\">\n\t\t\t\t<div class=\"mkdf-testimonial-text-holder\">\n\t\t\t<div class=\"mkdf-testimonial-text-inner light\">\n\t\t\t\t\t\t\t\t<p class=\"mkdf-testimonial-text\" >Depois de ter o meu segundo filho, e de maus h\u00e1bitos alimentares, ganhei muito peso. Com o acompanhamento que tive na Cl\u00ednica consegui perder 7 quilos e agora sinto-me muito bem! Obrigado a todos.<\/p>\n\t\t\t\t\t\t\t\t\t<div class=\"mkdf-testimonial-author\">\n\t\t\t\t\t\t<h3 class=\"mkdf-testimonial-author-text light\">F\u00e1tima (38 Anos)<\/h3>\n\t\t\t\t\t\t\t\t\t\t\t\t\t<span class=\"mkdf-testimonials-job light\">Lisboa<\/span>\n\t\t\t\t\t\t\t\t\t\t\t<\/div>\n\t\t\t\t\t\t\t<\/div>\n\t\t<\/div>\n\n\t\t\t\t\t<\/div>\n\t\t\t<\/div>\n<\/div>\n<div id=\"mkdf-testimonials82\" class=\"mkdf-testimonial-content testimonials-slider\">\n\t<div class=\"mkdf-testimonial-content-inner\">\n\t\t\t\t\t<div class= \"mkdf-container-inner\">\n\t\t\t\t<div class=\"mkdf-testimonial-text-holder\">\n\t\t\t<div class=\"mkdf-testimonial-text-inner light\">\n\t\t\t\t\t\t\t\t<p class=\"mkdf-testimonial-text\" >Sempre tive muitas dificuldades em dormir, tentei muitas terapias mas s\u00f3 com a ajuda da Dra Michelle \u00e9 que descobri o que \u00e9 uma boa noite de sono. Sou hoje uma pessoa diferente e com muito mais energia.<\/p>\n\t\t\t\t\t\t\t\t\t<div class=\"mkdf-testimonial-author\">\n\t\t\t\t\t\t<h3 class=\"mkdf-testimonial-author-text light\">Carla (45 Anos)<\/h3>\n\t\t\t\t\t\t\t\t\t\t\t\t\t<span class=\"mkdf-testimonials-job light\">Alg\u00e9s<\/span>\n\t\t\t\t\t\t\t\t\t\t\t<\/div>\n\t\t\t\t\t\t\t<\/div>\n\t\t<\/div>\n\n\t\t\t\t\t<\/div>\n\t\t\t<\/div>\n<\/div>\n<\/div><\/div>[\/vc_column][\/vc_row][vc_row][vc_column]\n\n\t<div class=\"mkdf-call-to-action normal\" style=\"padding: 20px;\">\n\n\t\t\t\t<div class=\"mkdf-container-inner\">\n\t\t\t\t\t<div class=\"mkdf-call-to-action-row-75-25 clearfix\">\n\t\t\n\t\t\t\t<div class=\"mkdf-text-wrapper mkdf-call-to-action-column1 mkdf-call-to-action-cell\">\n\n\t\t\t\t\n\t\t\t\t\t<div class=\"mkdf-call-to-action-text\" >\n\t\t\t\t\t\t\n<h2 class=\"p1\" style=\"margin-top: 10px !important;\"><strong>Agende hoje a sua sess\u00e3o<\/strong><\/h2>\n\t\t\t\t\t<\/div>\n\n\t\t\t\t<\/div>\n\n\t\t\t\t\n\t\t\t\t\t<div class=\"mkdf-button-wrapper mkdf-call-to-action-column2 mkdf-call-to-action-cell\" style =\"text-align: right ;\">\n\n\t\t\t\t\t\t<a href=\"\/marcar-consulta\/\" target=\"_self\"  class=\"mkdf-btn mkdf-btn-medium mkdf-btn-solid mkdf-btn-hover-outline\"  >\t\t\t\t<span class=\"mkdf-btn-helper\" ><\/span>\t\t<span class=\"mkdf-btn-text\">Marcar Consulta<\/span><\/a>\n\t\t\t\t\t<\/div>\n\n\t\t\t\t\n\t\t\t<\/div>\n\n\t\t\t\t<\/div>\n\t\t\n\t<\/div>\n\n[\/vc_column][\/vc_row]<\/p>\n","protected":false},"excerpt":{"rendered":"<p>[vc_row content_width=&#8221;grid&#8221; el_class=&#8221;first-section&#8221; css=&#8221;.vc_custom_1481240302876{padding-top: 60px !important;}&#8221;][vc_column width=&#8221;1\/2&#8243;][vc_column_text]Ayurveda \u00e9 uma antiga ci\u00eancia indiana que visa restaurar a sa\u00fade atrav\u00e9s de dietas&#8230;<\/p>\n","protected":false},"author":2,"featured_media":0,"parent":0,"menu_order":0,"comment_status":"closed","ping_status":"closed","template":"full-width.php","meta":{"content-type":"","footnotes":""},"yoast_head":"<!-- This site is optimized with the Yoast SEO plugin v21.7 - https:\/\/yoast.com\/wordpress\/plugins\/seo\/ -->\n<title>Massagem Ayurv\u00e9dica - Michelle Bond Clinic | Lisboa<\/title>\n<meta name=\"description\" content=\"A massagem Ayurv\u00e9dica \u00e9 uma massagem relaxante de corpo inteiro que nutre a pele, alivia o estresse, acalma a mente e traz tranquilidade ao sistema nervoso. \u00c9 uma massagem que se utiliza uma t\u00e9cnica de coreografia meditativa sagrada que ir\u00e1 trabalhar na estrutura muscular, sistema linf\u00e1tico e f\u00e1scia.\" \/>\n<meta name=\"robots\" content=\"index, follow, max-snippet:-1, max-image-preview:large, max-video-preview:-1\" \/>\n<link rel=\"canonical\" href=\"https:\/\/clientes.space\/michele-bond\/website\/massagem-ayurvedica\/\" \/>\n<meta property=\"og:locale\" content=\"pt_PT\" \/>\n<meta property=\"og:type\" content=\"article\" \/>\n<meta property=\"og:title\" content=\"Massagem Ayurv\u00e9dica - Michelle Bond Clinic | Lisboa\" \/>\n<meta property=\"og:description\" content=\"A massagem Ayurv\u00e9dica \u00e9 uma massagem relaxante de corpo inteiro que nutre a pele, alivia o estresse, acalma a mente e traz tranquilidade ao sistema nervoso. \u00c9 uma massagem que se utiliza uma t\u00e9cnica de coreografia meditativa sagrada que ir\u00e1 trabalhar na estrutura muscular, sistema linf\u00e1tico e f\u00e1scia.\" \/>\n<meta property=\"og:url\" content=\"https:\/\/clientes.space\/michele-bond\/website\/massagem-ayurvedica\/\" \/>\n<meta property=\"og:site_name\" content=\"Michelle Bond Clinic | Lisboa\" \/>\n<meta property=\"article:modified_time\" content=\"2023-09-22T13:17:54+00:00\" \/>\n<meta name=\"twitter:card\" content=\"summary_large_image\" \/>\n<meta name=\"twitter:label1\" content=\"Tempo estimado de leitura\" \/>\n\t<meta name=\"twitter:data1\" content=\"4 minutos\" \/>\n<script type=\"application\/ld+json\" class=\"yoast-schema-graph\">{\"@context\":\"https:\/\/schema.org\",\"@graph\":[{\"@type\":\"WebPage\",\"@id\":\"https:\/\/clientes.space\/michele-bond\/website\/massagem-ayurvedica\/\",\"url\":\"https:\/\/clientes.space\/michele-bond\/website\/massagem-ayurvedica\/\",\"name\":\"Massagem Ayurv\u00e9dica - Michelle Bond Clinic | Lisboa\",\"isPartOf\":{\"@id\":\"https:\/\/clientes.space\/michele-bond\/website\/#website\"},\"datePublished\":\"2019-06-25T16:12:18+00:00\",\"dateModified\":\"2023-09-22T13:17:54+00:00\",\"description\":\"A massagem Ayurv\u00e9dica \u00e9 uma massagem relaxante de corpo inteiro que nutre a pele, alivia o estresse, acalma a mente e traz tranquilidade ao sistema nervoso. \u00c9 uma massagem que se utiliza uma t\u00e9cnica de coreografia meditativa sagrada que ir\u00e1 trabalhar na estrutura muscular, sistema linf\u00e1tico e f\u00e1scia.\",\"breadcrumb\":{\"@id\":\"https:\/\/clientes.space\/michele-bond\/website\/massagem-ayurvedica\/#breadcrumb\"},\"inLanguage\":\"pt-PT\",\"potentialAction\":[{\"@type\":\"ReadAction\",\"target\":[\"https:\/\/clientes.space\/michele-bond\/website\/massagem-ayurvedica\/\"]}]},{\"@type\":\"BreadcrumbList\",\"@id\":\"https:\/\/clientes.space\/michele-bond\/website\/massagem-ayurvedica\/#breadcrumb\",\"itemListElement\":[{\"@type\":\"ListItem\",\"position\":1,\"name\":\"In\u00edcio\",\"item\":\"https:\/\/clientes.space\/michele-bond\/website\/\"},{\"@type\":\"ListItem\",\"position\":2,\"name\":\"Massagem Ayurv\u00e9dica\"}]},{\"@type\":\"WebSite\",\"@id\":\"https:\/\/clientes.space\/michele-bond\/website\/#website\",\"url\":\"https:\/\/clientes.space\/michele-bond\/website\/\",\"name\":\"Michelle Bond - Holistic Health &amp; Beauty\",\"description\":\"Medicina Est\u00e9tica, Naturopatia, Nutri\u00e7\u00e3o e Fisioterapia\",\"potentialAction\":[{\"@type\":\"SearchAction\",\"target\":{\"@type\":\"EntryPoint\",\"urlTemplate\":\"https:\/\/clientes.space\/michele-bond\/website\/?s={search_term_string}\"},\"query-input\":\"required name=search_term_string\"}],\"inLanguage\":\"pt-PT\"}]}<\/script>\n<!-- \/ Yoast SEO plugin. -->","yoast_head_json":{"title":"Massagem Ayurv\u00e9dica - Michelle Bond Clinic | Lisboa","description":"A massagem Ayurv\u00e9dica \u00e9 uma massagem relaxante de corpo inteiro que nutre a pele, alivia o estresse, acalma a mente e traz tranquilidade ao sistema nervoso. \u00c9 uma massagem que se utiliza uma t\u00e9cnica de coreografia meditativa sagrada que ir\u00e1 trabalhar na estrutura muscular, sistema linf\u00e1tico e f\u00e1scia.","robots":{"index":"index","follow":"follow","max-snippet":"max-snippet:-1","max-image-preview":"max-image-preview:large","max-video-preview":"max-video-preview:-1"},"canonical":"https:\/\/clientes.space\/michele-bond\/website\/massagem-ayurvedica\/","og_locale":"pt_PT","og_type":"article","og_title":"Massagem Ayurv\u00e9dica - Michelle Bond Clinic | Lisboa","og_description":"A massagem Ayurv\u00e9dica \u00e9 uma massagem relaxante de corpo inteiro que nutre a pele, alivia o estresse, acalma a mente e traz tranquilidade ao sistema nervoso. \u00c9 uma massagem que se utiliza uma t\u00e9cnica de coreografia meditativa sagrada que ir\u00e1 trabalhar na estrutura muscular, sistema linf\u00e1tico e f\u00e1scia.","og_url":"https:\/\/clientes.space\/michele-bond\/website\/massagem-ayurvedica\/","og_site_name":"Michelle Bond Clinic | Lisboa","article_modified_time":"2023-09-22T13:17:54+00:00","twitter_card":"summary_large_image","twitter_misc":{"Tempo estimado de leitura":"4 minutos"},"schema":{"@context":"https:\/\/schema.org","@graph":[{"@type":"WebPage","@id":"https:\/\/clientes.space\/michele-bond\/website\/massagem-ayurvedica\/","url":"https:\/\/clientes.space\/michele-bond\/website\/massagem-ayurvedica\/","name":"Massagem Ayurv\u00e9dica - Michelle Bond Clinic | Lisboa","isPartOf":{"@id":"https:\/\/clientes.space\/michele-bond\/website\/#website"},"datePublished":"2019-06-25T16:12:18+00:00","dateModified":"2023-09-22T13:17:54+00:00","description":"A massagem Ayurv\u00e9dica \u00e9 uma massagem relaxante de corpo inteiro que nutre a pele, alivia o estresse, acalma a mente e traz tranquilidade ao sistema nervoso. \u00c9 uma massagem que se utiliza uma t\u00e9cnica de coreografia meditativa sagrada que ir\u00e1 trabalhar na estrutura muscular, sistema linf\u00e1tico e f\u00e1scia.","breadcrumb":{"@id":"https:\/\/clientes.space\/michele-bond\/website\/massagem-ayurvedica\/#breadcrumb"},"inLanguage":"pt-PT","potentialAction":[{"@type":"ReadAction","target":["https:\/\/clientes.space\/michele-bond\/website\/massagem-ayurvedica\/"]}]},{"@type":"BreadcrumbList","@id":"https:\/\/clientes.space\/michele-bond\/website\/massagem-ayurvedica\/#breadcrumb","itemListElement":[{"@type":"ListItem","position":1,"name":"In\u00edcio","item":"https:\/\/clientes.space\/michele-bond\/website\/"},{"@type":"ListItem","position":2,"name":"Massagem Ayurv\u00e9dica"}]},{"@type":"WebSite","@id":"https:\/\/clientes.space\/michele-bond\/website\/#website","url":"https:\/\/clientes.space\/michele-bond\/website\/","name":"Michelle Bond - Holistic Health &amp; Beauty","description":"Medicina Est\u00e9tica, Naturopatia, Nutri\u00e7\u00e3o e Fisioterapia","potentialAction":[{"@type":"SearchAction","target":{"@type":"EntryPoint","urlTemplate":"https:\/\/clientes.space\/michele-bond\/website\/?s={search_term_string}"},"query-input":"required name=search_term_string"}],"inLanguage":"pt-PT"}]}},"_links":{"self":[{"href":"https:\/\/clientes.space\/michele-bond\/website\/wp-json\/wp\/v2\/pages\/3029"}],"collection":[{"href":"https:\/\/clientes.space\/michele-bond\/website\/wp-json\/wp\/v2\/pages"}],"about":[{"href":"https:\/\/clientes.space\/michele-bond\/website\/wp-json\/wp\/v2\/types\/page"}],"author":[{"embeddable":true,"href":"https:\/\/clientes.space\/michele-bond\/website\/wp-json\/wp\/v2\/users\/2"}],"replies":[{"embeddable":true,"href":"https:\/\/clientes.space\/michele-bond\/website\/wp-json\/wp\/v2\/comments?post=3029"}],"version-history":[{"count":5,"href":"https:\/\/clientes.space\/michele-bond\/website\/wp-json\/wp\/v2\/pages\/3029\/revisions"}],"predecessor-version":[{"id":22225,"href":"https:\/\/clientes.space\/michele-bond\/website\/wp-json\/wp\/v2\/pages\/3029\/revisions\/22225"}],"wp:attachment":[{"href":"https:\/\/clientes.space\/michele-bond\/website\/wp-json\/wp\/v2\/media?parent=3029"}],"curies":[{"name":"wp","href":"https:\/\/api.w.org\/{rel}","templated":true}]}}