{"id":3247,"date":"2019-09-12T13:35:07","date_gmt":"2019-09-12T13:35:07","guid":{"rendered":"https:\/\/clientes.space\/michele-bond\/website\/?page_id=3247"},"modified":"2019-12-05T11:36:46","modified_gmt":"2019-12-05T11:36:46","slug":"massagem-thai-yoga","status":"publish","type":"page","link":"https:\/\/clientes.space\/michele-bond\/website\/massagem-thai-yoga\/","title":{"rendered":"Massagem Thai Yoga"},"content":{"rendered":"<p>[vc_row content_width=&#8221;grid&#8221; el_class=&#8221;first-section&#8221; css=&#8221;.vc_custom_1481240302876{padding-top: 60px !important;}&#8221;][vc_column width=&#8221;1\/2&#8243;]<div class=\"mkdf-section-title-holder\">\n\t<h2 class=\"mkdf-section-title mkdf-section-title-small\" style=\"text-transform: none;text-align: left\">\n\tMassagem thai yoga<\/h2>\n<\/div>[vc_column_text]<\/p>\n<p id=\"tw-target-text\" class=\"tw-data-text tw-text-large tw-ta\" dir=\"ltr\" data-placeholder=\"Tradu\u00e7\u00e3o\">Massagem Thai Yoga tem as suas ra\u00edzes, tal como o nome indica, no Yoga, na medicina ayurv\u00e9dica e em pr\u00e1ticas espirituais budistas. Esta massagem consiste numa manipula\u00e7\u00e3o do corpo, com base no alongamento das articula\u00e7\u00f5es e press\u00e3o de pontos ao longo das linhas energ\u00e9ticas.<\/p>\n<p class=\"tw-data-text tw-text-large tw-ta\" dir=\"ltr\" data-placeholder=\"Tradu\u00e7\u00e3o\">Esta massagem tamb\u00e9m \u00e9 conhecida como &#8220;ioga do pregui\u00e7oso&#8221;, porque, apesar de existirem alongamentos e posi\u00e7\u00f5es pr\u00f3prias do yoga, o praticante fica im\u00f3vel, sendo o terapeuta a realizar os movimentos no seu corpo.<\/p>\n<p class=\"tw-data-text tw-text-large tw-ta\" dir=\"ltr\" data-placeholder=\"Tradu\u00e7\u00e3o\">\u00c9 um tratamento exclusivo e din\u00e2mico que equilibra o corpo, aumenta a circula\u00e7\u00e3o sangu\u00ednea e liberta tens\u00e3o para que se sinta melhor.<\/p>\n<p dir=\"ltr\" data-placeholder=\"Tradu\u00e7\u00e3o\">A massagem Thai Yoga \u00e9 perfeita em qualquer momento do dia. Revitaliza e relaxa o corpo, al\u00e9m de promover o bem-estar f\u00edsico e mental, a massagem Thai Yoga pode tamb\u00e9m aumentar a flexibilidade e ajudar a controlar a dor nos ombros, pesco\u00e7o e costas.<\/p>\n<p>[\/vc_column_text][vc_empty_space][\/vc_column][vc_column width=&#8221;1\/2&#8243;]<div class=\"mkdf-section-title-holder\">\n\t<h2 class=\"mkdf-section-title mkdf-section-title-small\" style=\"text-transform: none;text-align: left\">\n\tTratamento<\/h2>\n<\/div>[vc_column_text]Na massagem Thai Yoga o terapeuta utiliza os polegares, palmas, cotovelos, joelhos e p\u00e9s para realizar os movimentos pretendidos.<\/p>\n<p>Antes de iniciar a sess\u00e3o de tratamento, o terapeuta, em conversa consigo, elaborar\u00e1 o plano do tratamento, tendo em conta o que pretende, assim como as suas necessidades f\u00edsicas e espirituais.<\/p>\n<p>\u00c9 um tratamento realizado com roupa, onde ser\u00e1 cuidadosamente orientado pelo terapeuta. Recomendamos que use roupa confort\u00e1vel, como leggings ou cal\u00e7as de treino.<\/p>\n<p>&nbsp;<\/p>\n<p><strong>N\u00e3o escolha este tratamento se:<\/strong><\/p>\n<ul>\n<li>tem press\u00e3o alta ou hist\u00f3rico de co\u00e1gulos sangu\u00edneos;<\/li>\n<li>pretende uma massagem tradicional na marquesa. Neste caso aconselhamos a <a href=\"https:\/\/clientes.space\/michele-bond\/website\/massagem-tailandesa\/\">massagem tailandesa com \u00f3leo<\/a>;<\/li>\n<li>estiver gravida. A partir o primeiro trimestre de gravidez considere a nossa <a href=\"https:\/\/clientes.space\/michele-bond\/website\/massagem-para-gravidas\/\">massagem para gr\u00e1vidas<\/a>;<\/li>\n<li>n\u00e3o gosta de press\u00e3o. Aqui, aconselhamos uma <a href=\"https:\/\/clientes.space\/michele-bond\/website\/massagem-relaxante-parque-das-nacoes\/\">massagem relaxante<\/a> ou <a href=\"https:\/\/clientes.space\/michele-bond\/website\/massagem-hot-karite-spa\/\">hot karit\u00e9 spa<\/a>.<\/li>\n<\/ul>\n<p>[\/vc_column_text][vc_empty_space][\/vc_column][\/vc_row][vc_row content_width=&#8221;grid&#8221; el_class=&#8221;first-section&#8221; css=&#8221;.vc_custom_1481238748781{padding-bottom: 50px !important;}&#8221;][vc_column width=&#8221;1\/2&#8243;]<div class=\"mkdf-section-title-holder\">\n\t<h2 class=\"mkdf-section-title mkdf-section-title-small\" style=\"text-transform: none;text-align: left\">\n\tBenef\u00edcios<\/h2>\n<\/div>[vc_column_text]Este tratamento harmoniza o corpo, aumenta a energia, alivia o stress e promove a paz mental. Promove, tamb\u00e9m, o bem-estar e qualidade de vida, estimulando os sentidos e transmitindo calma e harmonia ao corpo e \u00e0 mente, de modo a proporcionar melhoras f\u00edsicas, psicol\u00f3gicas, sociais e\/ou emocionais a longo prazo.<\/p>\n<p>Outros benef\u00edcios da massagem Thai Yoga:<\/p>\n<ul>\n<li>alivia a rigidez ap\u00f3s o exerc\u00edcio;<\/li>\n<li>desenvolve a flexibilidade no corpo;<\/li>\n<li>reduz o cortisol para descontrair a mente.<\/li>\n<\/ul>\n<p>[\/vc_column_text][vc_empty_space][\/vc_column][vc_column width=&#8221;1\/2&#8243;]<div class=\"mkdf-section-title-holder\">\n\t<h2 class=\"mkdf-section-title mkdf-section-title-small\" style=\"text-transform: none;text-align: left\">\n\tPre\u00e7os<\/h2>\n<\/div>[vc_column_text]<\/p>\n<ul>\n<li>1 massagem (50 minutos ): 50\u20ac<\/li>\n<li>1 massagem (80 minutos): 75\u20ac<\/li>\n<li>Pacote com 4 massagens de 50 minutos: 180\u20ac<\/li>\n<\/ul>\n<p>Temos vouchers para oferta dispon\u00edveis. Contacte-nos por email ou telefone e n\u00f3s tratamos de tudo.<\/p>\n<p><strong>Aten\u00e7\u00e3o:<\/strong> para fazer uma marca\u00e7\u00e3o \u00e9 necess\u00e1rio realizar um pr\u00e9-pagamento de 50% do valor da massagem .<\/p>\n<p><strong>Porque \u00e9 necess\u00e1rio?<\/strong><\/p>\n<p style=\"font-weight: 400;\">Para continuar a melhorar a sa\u00fade, bem-estar e auto-estima dos nossos clientes, \u00e9 importante que a nossa agenda seja bem gerida. Assim, ao assumir o compromisso de agendar uma massagem, est\u00e1 a comprometer-se, a si e o seu tempo, connosco. Que se aplica para os dois lados: estamos tamb\u00e9m a comprometer o nosso tempo consigo.<\/p>\n<ul>\n<li><em>O valor do pr\u00e9-pagamento ser\u00e1 deduzido do valor total a pagar do tratamento \/ consulta.<\/em><\/li>\n<li><em>O valor ser\u00e1 devolvido na totalidade se cancelar, e nos informar at\u00e9 24h antes.<\/em><\/li>\n<li><em>O pagamento da marca\u00e7\u00e3o pode ser feito atrav\u00e9s de transfer\u00eancia banc\u00e1ria ou MBWAY. A informa\u00e7\u00e3o ser\u00e1 enviada para si no momento da marca\u00e7\u00e3o.<\/em><\/li>\n<\/ul>\n<p>[\/vc_column_text][vc_empty_space height=&#8221;20px&#8221;][vc_single_image image=&#8221;3493&#8243; img_size=&#8221;medium&#8221; style=&#8221;vc_box_border_circle&#8221;][vc_empty_space][\/vc_column][\/vc_row][vc_row css=&#8221;.vc_custom_1557421841301{background-color: #fafafa !important;}&#8221;][vc_column]\n\n\t<div class=\"mkdf-call-to-action normal\" style=\"padding: 20px;\">\n\n\t\t\t\t<div class=\"mkdf-container-inner\">\n\t\t\t\t\t<div class=\"mkdf-call-to-action-row-75-25 clearfix\">\n\t\t\n\t\t\t\t<div class=\"mkdf-text-wrapper mkdf-call-to-action-column1 mkdf-call-to-action-cell\">\n\n\t\t\t\t\n\t\t\t\t\t<div class=\"mkdf-call-to-action-text\" >\n\t\t\t\t\t\t\n<h2 class=\"p1\" style=\"margin-top: 10px !important;\"><strong>Agende hoje a sua consulta<\/strong><\/h2>\n\t\t\t\t\t<\/div>\n\n\t\t\t\t<\/div>\n\n\t\t\t\t\n\t\t\t\t\t<div class=\"mkdf-button-wrapper mkdf-call-to-action-column2 mkdf-call-to-action-cell\" style =\"text-align: right ;\">\n\n\t\t\t\t\t\t<a href=\"\/marcar-consulta\" target=\"_self\"  class=\"mkdf-btn mkdf-btn-medium mkdf-btn-solid mkdf-btn-hover-outline\"  >\t\t\t\t<span class=\"mkdf-btn-helper\" ><\/span>\t\t<span class=\"mkdf-btn-text\">Marcar Consulta<\/span><\/a>\n\t\t\t\t\t<\/div>\n\n\t\t\t\t\n\t\t\t<\/div>\n\n\t\t\t\t<\/div>\n\t\t\n\t<\/div>\n\n[\/vc_column][\/vc_row][vc_row content_width=&#8221;grid&#8221; css=&#8221;.vc_custom_1557506018723{border-top-width: 1px !important;border-bottom-width: 1px !important;padding-top: 60px !important;padding-bottom: 60px !important;}&#8221;][vc_column]<div class=\"mkdf-section-title-holder\">\n\t<h2 class=\"mkdf-section-title\" style=\"text-align: center\">\n\tOutras massagem para uma experi\u00eancia completa de wellness<\/h2>\n<\/div><div class=\"mkdf-section-subtitle-holder mkdf-section-subtitle-center\" >\n\t<p style=\"text-align: center\" class=\"mkdf-section-subtitle\">Saiba como em cada um deles!<\/p>\n<\/div><div class=\"mkdf-carousel-holder clearfix mkdf-carousel-three-rows mkdf-carousel-navigation\"><div class=\"mkdf-carousel \" data-items=\"3\" data-navigation=\"yes\"><div class=\"mkdf-carousel-item-outer-holder border\"><div class=\"mkdf-carousel-item-holder\">\n\t\t<a href=\"https:\/\/clientes.space\/michele-bond\/website\/massagem-relaxante-parque-das-nacoes\/\" target=\"_self\">\n\t\t\t\t\t\t\t<span class=\"mkdf-carousel-first-image-holder  mkdf-image-zoom\">\n\t\t\t\t<img width=\"450\" height=\"420\" src=\"https:\/\/clientes.space\/michele-bond\/website\/wp-content\/uploads\/2019\/06\/Massagem-Relaxante.jpg\" class=\"attachment-full size-full\" alt=\"Massagem Relaxante\" decoding=\"async\" srcset=\"https:\/\/clientes.space\/michele-bond\/website\/wp-content\/uploads\/2019\/06\/Massagem-Relaxante.jpg 450w, https:\/\/clientes.space\/michele-bond\/website\/wp-content\/uploads\/2019\/06\/Massagem-Relaxante-300x280.jpg 300w\" sizes=\"(max-width: 450px) 100vw, 450px\" \/>\t\t\t<\/span>\n\t\t\t\t\t\t\t<\/a>\n<\/div><\/div><div class=\"mkdf-carousel-item-outer-holder border\"><div class=\"mkdf-carousel-item-holder\">\n\t\t<a href=\"https:\/\/clientes.space\/michele-bond\/website\/massagem-hot-karite-spa\/\" target=\"_self\">\n\t\t\t\t\t\t\t<span class=\"mkdf-carousel-first-image-holder  mkdf-image-zoom\">\n\t\t\t\t<img width=\"450\" height=\"420\" src=\"https:\/\/clientes.space\/michele-bond\/website\/wp-content\/uploads\/2019\/06\/Massagem-Hot-Karite-Spa.jpg\" class=\"attachment-full size-full\" alt=\"Massagem Hot Karit\u00e9 Spa\" decoding=\"async\" srcset=\"https:\/\/clientes.space\/michele-bond\/website\/wp-content\/uploads\/2019\/06\/Massagem-Hot-Karite-Spa.jpg 450w, https:\/\/clientes.space\/michele-bond\/website\/wp-content\/uploads\/2019\/06\/Massagem-Hot-Karite-Spa-300x280.jpg 300w\" sizes=\"(max-width: 450px) 100vw, 450px\" \/>\t\t\t<\/span>\n\t\t\t\t\t\t\t<\/a>\n<\/div><\/div><div class=\"mkdf-carousel-item-outer-holder border\"><div class=\"mkdf-carousel-item-holder\">\n\t\t<a href=\"https:\/\/clientes.space\/michele-bond\/website\/drenagem-linfatica\/\" target=\"_self\">\n\t\t\t\t\t\t\t<span class=\"mkdf-carousel-first-image-holder  mkdf-image-zoom\">\n\t\t\t\t<img width=\"450\" height=\"420\" src=\"https:\/\/clientes.space\/michele-bond\/website\/wp-content\/uploads\/2019\/06\/Drenagem-Linfatica.jpg\" class=\"attachment-full size-full\" alt=\"Drenagem Linf\u00e1tica\" decoding=\"async\" srcset=\"https:\/\/clientes.space\/michele-bond\/website\/wp-content\/uploads\/2019\/06\/Drenagem-Linfatica.jpg 450w, https:\/\/clientes.space\/michele-bond\/website\/wp-content\/uploads\/2019\/06\/Drenagem-Linfatica-300x280.jpg 300w\" sizes=\"(max-width: 450px) 100vw, 450px\" \/>\t\t\t<\/span>\n\t\t\t\t\t\t\t<\/a>\n<\/div><\/div><\/div><\/div>[\/vc_column][\/vc_row][vc_row row_type=&#8221;parallax&#8221; header_style=&#8221;mkdf-light-header&#8221; content_aligment=&#8221;center&#8221; full_screen_section_height=&#8221;no&#8221; parallax_background_image=&#8221;3493&#8243; parallax_speed=&#8221;200&#8243; css=&#8221;.vc_custom_1570806088136{border-top-width: 1px !important;border-bottom-width: 1px !important;padding-top: 60px !important;padding-bottom: 60px !important;background-image: url(https:\/\/clientes.space\/michele-bond\/website\/wp-content\/uploads\/2019\/10\/Massagem-Thai-Yoga.jpg?id=3493) !important;background-position: center !important;background-repeat: no-repeat !important;background-size: cover !important;}&#8221;][vc_column][vc_row_inner content_width=&#8221;grid&#8221; content_aligment=&#8221;center&#8221;][vc_column_inner width=&#8221;1\/2&#8243;][vc_empty_space][vc_column_text css=&#8221;.vc_custom_1570805972205{padding-top: 20px !important;padding-right: 10px !important;padding-bottom: 20px !important;padding-left: 10px !important;background-color: #ffffff !important;}&#8221;]<\/p>\n<h2>As nossas massagens levam o relaxamento a outro n\u00edvel:<\/h2>\n<h3><\/h3>\n<ul>\n<li>Aliviam a tens\u00e3o mental<\/li>\n<li>Relaxam o corpo<\/li>\n<li>Acalmam a alma<\/li>\n<\/ul>\n<p>[\/vc_column_text][\/vc_column_inner][vc_column_inner width=&#8221;1\/2&#8243;][vc_single_image image=&#8221;3493&#8243; img_size=&#8221;400&#215;350&#8243; alignment=&#8221;center&#8221; style=&#8221;vc_box_border_circle_2&#8243;][\/vc_column_inner][\/vc_row_inner][\/vc_column][\/vc_row][vc_row content_width=&#8221;grid&#8221; css=&#8221;.vc_custom_1557419832899{border-top-width: 1px !important;border-bottom-width: 1px !important;padding-top: 60px !important;padding-bottom: 60px !important;}&#8221;][vc_column][vc_empty_space height=&#8221;40px&#8221;][\/vc_column][\/vc_row][vc_row row_type=&#8221;parallax&#8221; full_screen_section_height=&#8221;no&#8221; parallax_background_image=&#8221;164&#8243; css=&#8221;.vc_custom_1481238989291{padding-top: 65px !important;padding-bottom: 65px !important;}&#8221;][vc_column]<div class=\"mkdf-section-title-holder\">\n\t<h2 class=\"mkdf-section-title mkdf-section-title-medium\" style=\"color: #ffffff;text-transform: capitalize;text-align: center\">\n\tClientes Satisfeitos<\/h2>\n<\/div>[vc_empty_space]<div class=\"mkdf-testimonials-holder clearfix light\"><div class=\"mkdf-testimonials testimonials-slider\"><div id=\"mkdf-testimonials83\" class=\"mkdf-testimonial-content testimonials-slider\">\n\t<div class=\"mkdf-testimonial-content-inner\">\n\t\t\t\t\t<div class= \"mkdf-container-inner\">\n\t\t\t\t<div class=\"mkdf-testimonial-text-holder\">\n\t\t\t<div class=\"mkdf-testimonial-text-inner light\">\n\t\t\t\t\t\t\t\t<p class=\"mkdf-testimonial-text\" >Depois de ter o meu segundo filho, e de maus h\u00e1bitos alimentares, ganhei muito peso. Com o acompanhamento que tive na Cl\u00ednica consegui perder 7 quilos e agora sinto-me muito bem! Obrigado a todos.<\/p>\n\t\t\t\t\t\t\t\t\t<div class=\"mkdf-testimonial-author\">\n\t\t\t\t\t\t<h3 class=\"mkdf-testimonial-author-text light\">F\u00e1tima (38 Anos)<\/h3>\n\t\t\t\t\t\t\t\t\t\t\t\t\t<span class=\"mkdf-testimonials-job light\">Lisboa<\/span>\n\t\t\t\t\t\t\t\t\t\t\t<\/div>\n\t\t\t\t\t\t\t<\/div>\n\t\t<\/div>\n\n\t\t\t\t\t<\/div>\n\t\t\t<\/div>\n<\/div>\n<div id=\"mkdf-testimonials82\" class=\"mkdf-testimonial-content testimonials-slider\">\n\t<div class=\"mkdf-testimonial-content-inner\">\n\t\t\t\t\t<div class= \"mkdf-container-inner\">\n\t\t\t\t<div class=\"mkdf-testimonial-text-holder\">\n\t\t\t<div class=\"mkdf-testimonial-text-inner light\">\n\t\t\t\t\t\t\t\t<p class=\"mkdf-testimonial-text\" >Sempre tive muitas dificuldades em dormir, tentei muitas terapias mas s\u00f3 com a ajuda da Dra Michelle \u00e9 que descobri o que \u00e9 uma boa noite de sono. Sou hoje uma pessoa diferente e com muito mais energia.<\/p>\n\t\t\t\t\t\t\t\t\t<div class=\"mkdf-testimonial-author\">\n\t\t\t\t\t\t<h3 class=\"mkdf-testimonial-author-text light\">Carla (45 Anos)<\/h3>\n\t\t\t\t\t\t\t\t\t\t\t\t\t<span class=\"mkdf-testimonials-job light\">Alg\u00e9s<\/span>\n\t\t\t\t\t\t\t\t\t\t\t<\/div>\n\t\t\t\t\t\t\t<\/div>\n\t\t<\/div>\n\n\t\t\t\t\t<\/div>\n\t\t\t<\/div>\n<\/div>\n<\/div><\/div>[\/vc_column][\/vc_row][vc_row][vc_column]\n\n\t<div class=\"mkdf-call-to-action normal\" style=\"padding: 20px;\">\n\n\t\t\t\t<div class=\"mkdf-container-inner\">\n\t\t\t\t\t<div class=\"mkdf-call-to-action-row-75-25 clearfix\">\n\t\t\n\t\t\t\t<div class=\"mkdf-text-wrapper mkdf-call-to-action-column1 mkdf-call-to-action-cell\">\n\n\t\t\t\t\n\t\t\t\t\t<div class=\"mkdf-call-to-action-text\" >\n\t\t\t\t\t\t\n<h2 class=\"p1\" style=\"margin-top: 10px !important;\"><strong>Agende hoje a sua consulta<\/strong><\/h2>\n\t\t\t\t\t<\/div>\n\n\t\t\t\t<\/div>\n\n\t\t\t\t\n\t\t\t\t\t<div class=\"mkdf-button-wrapper mkdf-call-to-action-column2 mkdf-call-to-action-cell\" style =\"text-align: right ;\">\n\n\t\t\t\t\t\t<a href=\"\/marcar-consulta\" target=\"_self\"  class=\"mkdf-btn mkdf-btn-medium mkdf-btn-solid mkdf-btn-hover-outline\"  >\t\t\t\t<span class=\"mkdf-btn-helper\" ><\/span>\t\t<span class=\"mkdf-btn-text\">Marcar Consulta<\/span><\/a>\n\t\t\t\t\t<\/div>\n\n\t\t\t\t\n\t\t\t<\/div>\n\n\t\t\t\t<\/div>\n\t\t\n\t<\/div>\n\n[\/vc_column][\/vc_row]<\/p>\n","protected":false},"excerpt":{"rendered":"<p>[vc_row content_width=&#8221;grid&#8221; el_class=&#8221;first-section&#8221; css=&#8221;.vc_custom_1481240302876{padding-top: 60px !important;}&#8221;][vc_column width=&#8221;1\/2&#8243;][vc_column_text] Massagem Thai Yoga tem as suas ra\u00edzes, tal como o nome indica, no&#8230;<\/p>\n","protected":false},"author":2,"featured_media":0,"parent":0,"menu_order":0,"comment_status":"closed","ping_status":"closed","template":"full-width.php","meta":{"content-type":"","footnotes":""},"yoast_head":"<!-- This site is optimized with the Yoast SEO plugin v21.7 - https:\/\/yoast.com\/wordpress\/plugins\/seo\/ -->\n<title>Massagem Thai Yoga - Michelle Bond Clinic | Lisboa<\/title>\n<meta name=\"description\" content=\"Massagem Thai Yoga tem as suas ra\u00edzes, tal como o nome indica, no Yoga, na medicina ayurv\u00e9dica e em pr\u00e1ticas espirituais budistas. Esta massagem consiste numa manipula\u00e7\u00e3o do corpo\" \/>\n<meta name=\"robots\" content=\"index, follow, max-snippet:-1, max-image-preview:large, max-video-preview:-1\" \/>\n<link rel=\"canonical\" href=\"https:\/\/clientes.space\/michele-bond\/website\/massagem-thai-yoga\/\" \/>\n<meta property=\"og:locale\" content=\"pt_PT\" \/>\n<meta property=\"og:type\" content=\"article\" \/>\n<meta property=\"og:title\" content=\"Massagem Thai Yoga - Michelle Bond Clinic | Lisboa\" \/>\n<meta property=\"og:description\" content=\"Massagem Thai Yoga tem as suas ra\u00edzes, tal como o nome indica, no Yoga, na medicina ayurv\u00e9dica e em pr\u00e1ticas espirituais budistas. Esta massagem consiste numa manipula\u00e7\u00e3o do corpo\" \/>\n<meta property=\"og:url\" content=\"https:\/\/clientes.space\/michele-bond\/website\/massagem-thai-yoga\/\" \/>\n<meta property=\"og:site_name\" content=\"Michelle Bond Clinic | Lisboa\" \/>\n<meta property=\"article:modified_time\" content=\"2019-12-05T11:36:46+00:00\" \/>\n<meta name=\"twitter:card\" content=\"summary_large_image\" \/>\n<meta name=\"twitter:label1\" content=\"Tempo estimado de leitura\" \/>\n\t<meta name=\"twitter:data1\" content=\"6 minutos\" \/>\n<script type=\"application\/ld+json\" class=\"yoast-schema-graph\">{\"@context\":\"https:\/\/schema.org\",\"@graph\":[{\"@type\":\"WebPage\",\"@id\":\"https:\/\/clientes.space\/michele-bond\/website\/massagem-thai-yoga\/\",\"url\":\"https:\/\/clientes.space\/michele-bond\/website\/massagem-thai-yoga\/\",\"name\":\"Massagem Thai Yoga - Michelle Bond Clinic | Lisboa\",\"isPartOf\":{\"@id\":\"https:\/\/clientes.space\/michele-bond\/website\/#website\"},\"datePublished\":\"2019-09-12T13:35:07+00:00\",\"dateModified\":\"2019-12-05T11:36:46+00:00\",\"description\":\"Massagem Thai Yoga tem as suas ra\u00edzes, tal como o nome indica, no Yoga, na medicina ayurv\u00e9dica e em pr\u00e1ticas espirituais budistas. Esta massagem consiste numa manipula\u00e7\u00e3o do corpo\",\"breadcrumb\":{\"@id\":\"https:\/\/clientes.space\/michele-bond\/website\/massagem-thai-yoga\/#breadcrumb\"},\"inLanguage\":\"pt-PT\",\"potentialAction\":[{\"@type\":\"ReadAction\",\"target\":[\"https:\/\/clientes.space\/michele-bond\/website\/massagem-thai-yoga\/\"]}]},{\"@type\":\"BreadcrumbList\",\"@id\":\"https:\/\/clientes.space\/michele-bond\/website\/massagem-thai-yoga\/#breadcrumb\",\"itemListElement\":[{\"@type\":\"ListItem\",\"position\":1,\"name\":\"In\u00edcio\",\"item\":\"https:\/\/clientes.space\/michele-bond\/website\/\"},{\"@type\":\"ListItem\",\"position\":2,\"name\":\"Massagem Thai Yoga\"}]},{\"@type\":\"WebSite\",\"@id\":\"https:\/\/clientes.space\/michele-bond\/website\/#website\",\"url\":\"https:\/\/clientes.space\/michele-bond\/website\/\",\"name\":\"Michelle Bond - Holistic Health &amp; Beauty\",\"description\":\"Medicina Est\u00e9tica, Naturopatia, Nutri\u00e7\u00e3o e Fisioterapia\",\"potentialAction\":[{\"@type\":\"SearchAction\",\"target\":{\"@type\":\"EntryPoint\",\"urlTemplate\":\"https:\/\/clientes.space\/michele-bond\/website\/?s={search_term_string}\"},\"query-input\":\"required name=search_term_string\"}],\"inLanguage\":\"pt-PT\"}]}<\/script>\n<!-- \/ Yoast SEO plugin. -->","yoast_head_json":{"title":"Massagem Thai Yoga - Michelle Bond Clinic | Lisboa","description":"Massagem Thai Yoga tem as suas ra\u00edzes, tal como o nome indica, no Yoga, na medicina ayurv\u00e9dica e em pr\u00e1ticas espirituais budistas. Esta massagem consiste numa manipula\u00e7\u00e3o do corpo","robots":{"index":"index","follow":"follow","max-snippet":"max-snippet:-1","max-image-preview":"max-image-preview:large","max-video-preview":"max-video-preview:-1"},"canonical":"https:\/\/clientes.space\/michele-bond\/website\/massagem-thai-yoga\/","og_locale":"pt_PT","og_type":"article","og_title":"Massagem Thai Yoga - Michelle Bond Clinic | Lisboa","og_description":"Massagem Thai Yoga tem as suas ra\u00edzes, tal como o nome indica, no Yoga, na medicina ayurv\u00e9dica e em pr\u00e1ticas espirituais budistas. Esta massagem consiste numa manipula\u00e7\u00e3o do corpo","og_url":"https:\/\/clientes.space\/michele-bond\/website\/massagem-thai-yoga\/","og_site_name":"Michelle Bond Clinic | Lisboa","article_modified_time":"2019-12-05T11:36:46+00:00","twitter_card":"summary_large_image","twitter_misc":{"Tempo estimado de leitura":"6 minutos"},"schema":{"@context":"https:\/\/schema.org","@graph":[{"@type":"WebPage","@id":"https:\/\/clientes.space\/michele-bond\/website\/massagem-thai-yoga\/","url":"https:\/\/clientes.space\/michele-bond\/website\/massagem-thai-yoga\/","name":"Massagem Thai Yoga - Michelle Bond Clinic | Lisboa","isPartOf":{"@id":"https:\/\/clientes.space\/michele-bond\/website\/#website"},"datePublished":"2019-09-12T13:35:07+00:00","dateModified":"2019-12-05T11:36:46+00:00","description":"Massagem Thai Yoga tem as suas ra\u00edzes, tal como o nome indica, no Yoga, na medicina ayurv\u00e9dica e em pr\u00e1ticas espirituais budistas. Esta massagem consiste numa manipula\u00e7\u00e3o do corpo","breadcrumb":{"@id":"https:\/\/clientes.space\/michele-bond\/website\/massagem-thai-yoga\/#breadcrumb"},"inLanguage":"pt-PT","potentialAction":[{"@type":"ReadAction","target":["https:\/\/clientes.space\/michele-bond\/website\/massagem-thai-yoga\/"]}]},{"@type":"BreadcrumbList","@id":"https:\/\/clientes.space\/michele-bond\/website\/massagem-thai-yoga\/#breadcrumb","itemListElement":[{"@type":"ListItem","position":1,"name":"In\u00edcio","item":"https:\/\/clientes.space\/michele-bond\/website\/"},{"@type":"ListItem","position":2,"name":"Massagem Thai Yoga"}]},{"@type":"WebSite","@id":"https:\/\/clientes.space\/michele-bond\/website\/#website","url":"https:\/\/clientes.space\/michele-bond\/website\/","name":"Michelle Bond - Holistic Health &amp; Beauty","description":"Medicina Est\u00e9tica, Naturopatia, Nutri\u00e7\u00e3o e Fisioterapia","potentialAction":[{"@type":"SearchAction","target":{"@type":"EntryPoint","urlTemplate":"https:\/\/clientes.space\/michele-bond\/website\/?s={search_term_string}"},"query-input":"required name=search_term_string"}],"inLanguage":"pt-PT"}]}},"_links":{"self":[{"href":"https:\/\/clientes.space\/michele-bond\/website\/wp-json\/wp\/v2\/pages\/3247"}],"collection":[{"href":"https:\/\/clientes.space\/michele-bond\/website\/wp-json\/wp\/v2\/pages"}],"about":[{"href":"https:\/\/clientes.space\/michele-bond\/website\/wp-json\/wp\/v2\/types\/page"}],"author":[{"embeddable":true,"href":"https:\/\/clientes.space\/michele-bond\/website\/wp-json\/wp\/v2\/users\/2"}],"replies":[{"embeddable":true,"href":"https:\/\/clientes.space\/michele-bond\/website\/wp-json\/wp\/v2\/comments?post=3247"}],"version-history":[{"count":0,"href":"https:\/\/clientes.space\/michele-bond\/website\/wp-json\/wp\/v2\/pages\/3247\/revisions"}],"wp:attachment":[{"href":"https:\/\/clientes.space\/michele-bond\/website\/wp-json\/wp\/v2\/media?parent=3247"}],"curies":[{"name":"wp","href":"https:\/\/api.w.org\/{rel}","templated":true}]}}