{"id":3528,"date":"2019-10-16T18:21:23","date_gmt":"2019-10-16T18:21:23","guid":{"rendered":"https:\/\/clientes.space\/michele-bond\/website\/?page_id=3528"},"modified":"2023-09-22T13:12:29","modified_gmt":"2023-09-22T13:12:29","slug":"limpeza-pele-para-acne","status":"publish","type":"page","link":"https:\/\/clientes.space\/michele-bond\/website\/limpeza-pele-para-acne\/","title":{"rendered":"Limpeza de Pele para Acne"},"content":{"rendered":"<p>[vc_row content_width=&#8221;grid&#8221; el_class=&#8221;first-section&#8221; css=&#8221;.vc_custom_1481240302876{padding-top: 60px !important;}&#8221;][vc_column width=&#8221;1\/2&#8243;]<div class=\"mkdf-section-title-holder\">\n\t<h2 class=\"mkdf-section-title mkdf-section-title-small\" style=\"text-transform: none;text-align: left\">\n\tLimpeza de Pele para Acne<\/h2>\n<\/div>[vc_column_text]Sabendo que a acne \u00e9 uma doen\u00e7a de pele em que os fol\u00edculos pilosos apresentam excesso de gordura e c\u00e9lulas da pele mortas. E que as borbulhas s\u00e3o uma resposta natural do sistema imunit\u00e1rio, e a face uma das \u00e1reas mais afetadas por esta doen\u00e7a, uma vez que h\u00e1 a exist\u00eancia de grande concentra\u00e7\u00e3o de fol\u00edculos seb\u00e1ceo nessa zona.<\/p>\n<p>Por isso, n\u00f3s, na nossa cl\u00ednica oferecemos uma limpeza de pele para peles com acne, em que o objectivo primordial \u00e9 melhorar a clareza da pele e reduzir as manchas e borbulhas, enquanto acalma a inflama\u00e7\u00e3o.<\/p>\n<p>Tamb\u00e9m oferecemos uma solu\u00e7\u00e3o integrativa a longo prazo para a sa\u00fade da sua pele, no <a href=\"https:\/\/clientes.space\/michele-bond\/website\/tratamento-para-acne\/\">tratamento para Acne<\/a>.[\/vc_column_text][vc_empty_space][\/vc_column][vc_column width=&#8221;1\/2&#8243;]<div class=\"mkdf-section-title-holder\">\n\t<h2 class=\"mkdf-section-title mkdf-section-title-small\" style=\"text-transform: none;text-align: left\">\n\tBenef\u00edcios<\/h2>\n<\/div>[vc_column_text]Os benef\u00edcios que a limpeza de pele para a acne proporciona s\u00e3o v\u00e1rios, entre eles:<\/p>\n<ul>\n<li id=\"tw-target-text\" class=\"tw-data-text tw-text-large tw-ta\" dir=\"ltr\" data-placeholder=\"Tradu\u00e7\u00e3o\"><span lang=\"pt\" tabindex=\"0\">a redu\u00e7\u00e3o do excesso de sebo, que leva a uma pele oleosa;<\/span><\/li>\n<li class=\"tw-data-text tw-text-large tw-ta\" dir=\"ltr\" data-placeholder=\"Tradu\u00e7\u00e3o\"><span lang=\"pt\" tabindex=\"0\">a remo\u00e7\u00e3o dos pontos negros e borbulhas, c\u00e9lulas mortas e outras impurezas;<\/span><\/li>\n<li class=\"tw-data-text tw-text-large tw-ta\" dir=\"ltr\" data-placeholder=\"Tradu\u00e7\u00e3o\"><span lang=\"pt\" tabindex=\"0\">a diminui\u00e7\u00e3o da acne existente.<\/span><\/li>\n<\/ul>\n<p>A limpeza de pele para a acne ajuda tamb\u00e9m a:<\/p>\n<ul>\n<li class=\"tw-data-text tw-text-large tw-ta\" dir=\"ltr\" data-placeholder=\"Tradu\u00e7\u00e3o\"><span lang=\"pt\" tabindex=\"0\">evitar o aparecimento de novas borbulhas;<\/span><\/li>\n<li class=\"tw-data-text tw-text-large tw-ta\" dir=\"ltr\" data-placeholder=\"Tradu\u00e7\u00e3o\"><span lang=\"pt\" tabindex=\"0\">melhorar a textura da pele;<\/span><\/li>\n<li class=\"tw-data-text tw-text-large tw-ta\" dir=\"ltr\" data-placeholder=\"Tradu\u00e7\u00e3o\"><span lang=\"pt\" tabindex=\"0\">reduzir as cicatrizes da acne e a hiper-pigmenta\u00e7\u00e3o p\u00f3s-acne.<\/span><\/li>\n<\/ul>\n<p>[\/vc_column_text][vc_empty_space][\/vc_column][\/vc_row][vc_row content_width=&#8221;grid&#8221; el_class=&#8221;first-section&#8221; css=&#8221;.vc_custom_1481238748781{padding-bottom: 50px !important;}&#8221;][vc_column width=&#8221;1\/2&#8243;]<div class=\"mkdf-section-title-holder\">\n\t<h2 class=\"mkdf-section-title mkdf-section-title-small\" style=\"text-transform: none;text-align: left\">\n\tPerceba o tratamento<\/h2>\n<\/div>[vc_column_text]Tal como mencionado acima, o objectivo desta limpeza de pele \u00e9 melhorar a clareza da pele, assim como reduzir as manchas e borbulhas, e em simult\u00e2neo, acalmar a inflama\u00e7\u00e3o.<\/p>\n<p>Assim, este tratamento permite:<\/p>\n<ul>\n<li><strong>reduzir a produ\u00e7\u00e3o de \u00f3leo: <\/strong>evita que a pele fique oleosa e ajuda a prevenir o desenvolvimento de borbulhas;<\/li>\n<li><strong>extra\u00e7\u00e3o: <\/strong>de pontos negros e borbulhas;<\/li>\n<li><strong>reduzir o espessamento da pele: <\/strong>normaliza a produ\u00e7\u00e3o de c\u00e9lulas, impedindo o acumular de c\u00e9lulas mortas, que levam ao desenvolvimento de borbulhas;<\/li>\n<li><strong>controlar e reduzir as bact\u00e9rias da acne:<\/strong> ajuda a prevenir o processo inflamat\u00f3rio;<\/li>\n<li><strong>acalmar a inflama\u00e7\u00e3o:<\/strong> reduz o risco de cicatrizes e manchas.<\/li>\n<\/ul>\n<p>[\/vc_column_text][vc_empty_space][\/vc_column][vc_column width=&#8221;1\/2&#8243;]<div class=\"mkdf-section-title-holder\">\n\t<h2 class=\"mkdf-section-title mkdf-section-title-small\" style=\"text-transform: none;text-align: left\">\n\tPre\u00e7o<\/h2>\n<\/div>[vc_column_text]<\/p>\n<ul>\n<li>1 limpeza de pele profunda: 90\u20ac<\/li>\n<\/ul>\n<p>O agendamento da limpeza de pele requer um pr\u00e9-pagamento no valor de 40\u20ac.<\/p>\n<div>\n<p><span style=\"color: #000000; font-family: arial, sans-serif;\"><strong>Porque \u00e9 necess\u00e1rio?<\/strong><\/span><\/p>\n<div>Para continuar a melhorar a sa\u00fade e bem-estar dos nossos clientes, \u00e9 importante que a\u00a0\u00a0nossa agenda seja bem gerida. Assim, ao assumir o compromisso de agendar um tratamento, est\u00e1 a comprometer-se, a si e ao seu tempo, connosco. Que se aplica para os dois lados: estamos tamb\u00e9m a comprometer o nosso tempo consigo.<\/div>\n<\/div>\n<div>\n<ul>\n<li><em><span style=\"color: #000000; font-family: arial, sans-serif;\">O valor ser\u00e1 devolvido na totalidade se cancelar, e nos informar at\u00e9 24h antes. <\/span><\/em><\/li>\n<li><em><span style=\"color: #000000; font-family: arial, sans-serif;\">O pr\u00e9-pagamento pode ser feito atrav\u00e9s de transfer\u00eancia banc\u00e1ria ou MBWAY.<\/span><\/em><\/li>\n<\/ul>\n<\/div>\n<p>[\/vc_column_text][vc_empty_space][vc_single_image image=&#8221;3789&#8243; img_size=&#8221;250&#215;200&#8243; style=&#8221;vc_box_border_circle&#8221;][vc_empty_space][\/vc_column][\/vc_row][vc_row css=&#8221;.vc_custom_1558946762915{background-color: #fafafa !important;}&#8221;][vc_column]\n\n\t<div class=\"mkdf-call-to-action normal\" style=\"padding: 20px;\">\n\n\t\t\t\t<div class=\"mkdf-container-inner\">\n\t\t\t\t\t<div class=\"mkdf-call-to-action-row-75-25 clearfix\">\n\t\t\n\t\t\t\t<div class=\"mkdf-text-wrapper mkdf-call-to-action-column1 mkdf-call-to-action-cell\">\n\n\t\t\t\t\n\t\t\t\t\t<div class=\"mkdf-call-to-action-text\" >\n\t\t\t\t\t\t\n<h2 class=\"p1\" style=\"margin-top: 10px !important;\"><strong>Agende hoje a sua facial<\/strong><\/h2>\n\t\t\t\t\t<\/div>\n\n\t\t\t\t<\/div>\n\n\t\t\t\t\n\t\t\t\t\t<div class=\"mkdf-button-wrapper mkdf-call-to-action-column2 mkdf-call-to-action-cell\" style =\"text-align: right ;\">\n\n\t\t\t\t\t\t<a href=\"\/marcar-consulta\/\" target=\"_self\"  class=\"mkdf-btn mkdf-btn-medium mkdf-btn-solid mkdf-btn-hover-outline\"  >\t\t\t\t<span class=\"mkdf-btn-helper\" ><\/span>\t\t<span class=\"mkdf-btn-text\">Marcar Consulta<\/span><\/a>\n\t\t\t\t\t<\/div>\n\n\t\t\t\t\n\t\t\t<\/div>\n\n\t\t\t\t<\/div>\n\t\t\n\t<\/div>\n\n[\/vc_column][\/vc_row][vc_row content_width=&#8221;grid&#8221; css=&#8221;.vc_custom_1558947862312{border-top-width: 1px !important;border-bottom-width: 1px !important;padding-top: 60px !important;padding-bottom: 60px !important;}&#8221;][vc_column]<div class=\"mkdf-section-title-holder\">\n\t<h2 class=\"mkdf-section-title\" style=\"text-align: center\">\n\tOutros tratamentos faciais<\/h2>\n<\/div><div class=\"mkdf-section-subtitle-holder mkdf-section-subtitle-center\" >\n\t<p style=\"text-align: center\" class=\"mkdf-section-subtitle\">Saiba sobre cada um deles!<\/p>\n<\/div><div class=\"mkdf-carousel-holder clearfix mkdf-carousel-three-rows mkdf-carousel-navigation\"><div class=\"mkdf-carousel \" data-items=\"3\" data-navigation=\"yes\"><\/div><\/div>[vc_empty_space]<a href=\"\/tratamentos-de-rosto\/\" target=\"_self\"  class=\"mkdf-btn mkdf-btn-medium mkdf-btn-solid mkdf-btn-hover-outline\"  >\n\t\n\t\t\t<span class=\"mkdf-btn-helper\" ><\/span>\n\t\t<span class=\"mkdf-btn-text\">Todos os tratamentos de rosto<\/span>\n<\/a>[\/vc_column][\/vc_row][vc_row content_width=&#8221;grid&#8221; css=&#8221;.vc_custom_1635251819032{border-top-width: 1px !important;border-bottom-width: 1px !important;padding-top: 60px !important;padding-bottom: 60px !important;background-color: #f4f4f4 !important;}&#8221; el_id=&#8221;logo-revistas&#8221;][vc_column][vc_column_text]\n\t\t<style>\n\t\t\t#wpls-logo-showcase-slider-1 .wpls-fix-box,\n\t\t\t#wpls-logo-showcase-slider-1 .wpls-fix-box img.wp-post-image{max-height:250px; }\n\t\t<\/style>\n\n\t\t<div class=\"wpls-wrap wpls-logo-showcase-slider-wrp wpls-logo-clearfix wpls-design-1 \" data-conf=\"{&quot;slides_column&quot;:&quot;4&quot;,&quot;slides_scroll&quot;:1,&quot;dots&quot;:&quot;true&quot;,&quot;arrows&quot;:&quot;true&quot;,&quot;autoplay&quot;:&quot;true&quot;,&quot;autoplay_interval&quot;:3000,&quot;loop&quot;:&quot;true&quot;,&quot;rtl&quot;:&quot;false&quot;,&quot;speed&quot;:800,&quot;center_mode&quot;:&quot;false&quot;,&quot;lazyload&quot;:&quot;&quot;}\">\n\t\t\t<div class=\"wpls-logo-showcase logo_showcase wpls-logo-slider  sliderimage_hide_border \" id=\"wpls-logo-showcase-slider-1\" >\n\t\t\t\t<div class=\"wpls-logo-cnt\">\n\t<div class=\"wpls-fix-box\">\n\t\t\t\t<img class=\"wp-post-image\"  src=\"https:\/\/clientes.space\/michele-bond\/website\/wp-content\/uploads\/2018\/08\/womens-health-1.png\" alt=\"womens-health\" \/>\n\t\t\t<\/div>\n\t<\/div><div class=\"wpls-logo-cnt\">\n\t<div class=\"wpls-fix-box\">\n\t\t\t\t<img class=\"wp-post-image\"  src=\"https:\/\/clientes.space\/michele-bond\/website\/wp-content\/uploads\/2018\/08\/Rede_Vida_logo-1.png\" alt=\"Rede_Vida\" \/>\n\t\t\t<\/div>\n\t<\/div><div class=\"wpls-logo-cnt\">\n\t<div class=\"wpls-fix-box\">\n\t\t\t\t<img class=\"wp-post-image\"  src=\"https:\/\/clientes.space\/michele-bond\/website\/wp-content\/uploads\/2018\/08\/forever_young_logo.png\" alt=\"forever_young\" \/>\n\t\t\t<\/div>\n\t<\/div><div class=\"wpls-logo-cnt\">\n\t<div class=\"wpls-fix-box\">\n\t\t\t\t<img class=\"wp-post-image\"  src=\"https:\/\/clientes.space\/michele-bond\/website\/wp-content\/uploads\/2018\/08\/SVBlog_Logo-1.png\" alt=\"SVBlog\" \/>\n\t\t\t<\/div>\n\t<\/div>\t\t\t<\/div>\n\t\t<\/div>\n\n\t\t[\/vc_column_text][\/vc_column][\/vc_row][vc_row row_type=&#8221;parallax&#8221; full_screen_section_height=&#8221;no&#8221; parallax_background_image=&#8221;164&#8243; css=&#8221;.vc_custom_1481238989291{padding-top: 65px !important;padding-bottom: 65px !important;}&#8221;][vc_column]<div class=\"mkdf-section-title-holder\">\n\t<h2 class=\"mkdf-section-title mkdf-section-title-medium\" style=\"color: #ffffff;text-transform: capitalize;text-align: center\">\n\tClientes Satisfeitos<\/h2>\n<\/div>[vc_empty_space]<div class=\"mkdf-testimonials-holder clearfix light\"><div class=\"mkdf-testimonials testimonials-slider\"><div id=\"mkdf-testimonials83\" class=\"mkdf-testimonial-content testimonials-slider\">\n\t<div class=\"mkdf-testimonial-content-inner\">\n\t\t\t\t\t<div class= \"mkdf-container-inner\">\n\t\t\t\t<div class=\"mkdf-testimonial-text-holder\">\n\t\t\t<div class=\"mkdf-testimonial-text-inner light\">\n\t\t\t\t\t\t\t\t<p class=\"mkdf-testimonial-text\" >Depois de ter o meu segundo filho, e de maus h\u00e1bitos alimentares, ganhei muito peso. Com o acompanhamento que tive na Cl\u00ednica consegui perder 7 quilos e agora sinto-me muito bem! Obrigado a todos.<\/p>\n\t\t\t\t\t\t\t\t\t<div class=\"mkdf-testimonial-author\">\n\t\t\t\t\t\t<h3 class=\"mkdf-testimonial-author-text light\">F\u00e1tima (38 Anos)<\/h3>\n\t\t\t\t\t\t\t\t\t\t\t\t\t<span class=\"mkdf-testimonials-job light\">Lisboa<\/span>\n\t\t\t\t\t\t\t\t\t\t\t<\/div>\n\t\t\t\t\t\t\t<\/div>\n\t\t<\/div>\n\n\t\t\t\t\t<\/div>\n\t\t\t<\/div>\n<\/div>\n<div id=\"mkdf-testimonials82\" class=\"mkdf-testimonial-content testimonials-slider\">\n\t<div class=\"mkdf-testimonial-content-inner\">\n\t\t\t\t\t<div class= \"mkdf-container-inner\">\n\t\t\t\t<div class=\"mkdf-testimonial-text-holder\">\n\t\t\t<div class=\"mkdf-testimonial-text-inner light\">\n\t\t\t\t\t\t\t\t<p class=\"mkdf-testimonial-text\" >Sempre tive muitas dificuldades em dormir, tentei muitas terapias mas s\u00f3 com a ajuda da Dra Michelle \u00e9 que descobri o que \u00e9 uma boa noite de sono. Sou hoje uma pessoa diferente e com muito mais energia.<\/p>\n\t\t\t\t\t\t\t\t\t<div class=\"mkdf-testimonial-author\">\n\t\t\t\t\t\t<h3 class=\"mkdf-testimonial-author-text light\">Carla (45 Anos)<\/h3>\n\t\t\t\t\t\t\t\t\t\t\t\t\t<span class=\"mkdf-testimonials-job light\">Alg\u00e9s<\/span>\n\t\t\t\t\t\t\t\t\t\t\t<\/div>\n\t\t\t\t\t\t\t<\/div>\n\t\t<\/div>\n\n\t\t\t\t\t<\/div>\n\t\t\t<\/div>\n<\/div>\n<\/div><\/div>[\/vc_column][\/vc_row][vc_row][vc_column]\n\n\t<div class=\"mkdf-call-to-action normal\" style=\"padding: 20px;\">\n\n\t\t\t\t<div class=\"mkdf-container-inner\">\n\t\t\t\t\t<div class=\"mkdf-call-to-action-row-75-25 clearfix\">\n\t\t\n\t\t\t\t<div class=\"mkdf-text-wrapper mkdf-call-to-action-column1 mkdf-call-to-action-cell\">\n\n\t\t\t\t\n\t\t\t\t\t<div class=\"mkdf-call-to-action-text\" >\n\t\t\t\t\t\t\n<h2 class=\"p1\" style=\"margin-top: 10px !important;\"><strong>Agende hoje a sua facial<\/strong><\/h2>\n\t\t\t\t\t<\/div>\n\n\t\t\t\t<\/div>\n\n\t\t\t\t\n\t\t\t\t\t<div class=\"mkdf-button-wrapper mkdf-call-to-action-column2 mkdf-call-to-action-cell\" style =\"text-align: right ;\">\n\n\t\t\t\t\t\t<a href=\"\/marcar-consulta\/\" target=\"_self\"  class=\"mkdf-btn mkdf-btn-medium mkdf-btn-solid mkdf-btn-hover-outline\"  >\t\t\t\t<span class=\"mkdf-btn-helper\" ><\/span>\t\t<span class=\"mkdf-btn-text\">Marcar Consulta<\/span><\/a>\n\t\t\t\t\t<\/div>\n\n\t\t\t\t\n\t\t\t<\/div>\n\n\t\t\t\t<\/div>\n\t\t\n\t<\/div>\n\n[\/vc_column][\/vc_row]<\/p>\n","protected":false},"excerpt":{"rendered":"<p>[vc_row content_width=&#8221;grid&#8221; el_class=&#8221;first-section&#8221; css=&#8221;.vc_custom_1481240302876{padding-top: 60px !important;}&#8221;][vc_column width=&#8221;1\/2&#8243;][vc_column_text]Sabendo que a acne \u00e9 uma doen\u00e7a de pele em que os fol\u00edculos pilosos&#8230;<\/p>\n","protected":false},"author":2,"featured_media":6099,"parent":0,"menu_order":0,"comment_status":"closed","ping_status":"closed","template":"full-width.php","meta":{"content-type":"","footnotes":""},"yoast_head":"<!-- This site is optimized with the Yoast SEO plugin v21.7 - https:\/\/yoast.com\/wordpress\/plugins\/seo\/ -->\n<title>Limpeza de Pele para Acne - Cl\u00ednica Michelle Bond - Parque das Na\u00e7\u00f5es<\/title>\n<meta name=\"description\" content=\"Por isso, n\u00f3s, na nossa cl\u00ednica oferecemos a limpeza de pele para acne, em que o objectivo primordial \u00e9 melhorar a clareza da pele e reduzir as manchas e borbulhas\" \/>\n<meta name=\"robots\" content=\"index, follow, max-snippet:-1, max-image-preview:large, max-video-preview:-1\" \/>\n<link rel=\"canonical\" href=\"https:\/\/clientes.space\/michele-bond\/website\/limpeza-pele-para-acne\/\" \/>\n<meta property=\"og:locale\" content=\"pt_PT\" \/>\n<meta property=\"og:type\" content=\"article\" \/>\n<meta property=\"og:title\" content=\"Limpeza de Pele para Acne - Cl\u00ednica Michelle Bond - Parque das Na\u00e7\u00f5es\" \/>\n<meta property=\"og:description\" content=\"Por isso, n\u00f3s, na nossa cl\u00ednica oferecemos a limpeza de pele para acne, em que o objectivo primordial \u00e9 melhorar a clareza da pele e reduzir as manchas e borbulhas\" \/>\n<meta property=\"og:url\" content=\"https:\/\/clientes.space\/michele-bond\/website\/limpeza-pele-para-acne\/\" \/>\n<meta property=\"og:site_name\" content=\"Michelle Bond Clinic | Lisboa\" \/>\n<meta property=\"article:modified_time\" content=\"2023-09-22T13:12:29+00:00\" \/>\n<meta property=\"og:image\" content=\"https:\/\/clientes.space\/michele-bond\/website\/wp-content\/uploads\/2020\/06\/Facial-para-Acne.jpg\" \/>\n\t<meta property=\"og:image:width\" content=\"1702\" \/>\n\t<meta property=\"og:image:height\" content=\"630\" \/>\n\t<meta property=\"og:image:type\" content=\"image\/jpeg\" \/>\n<meta name=\"twitter:card\" content=\"summary_large_image\" \/>\n<meta name=\"twitter:label1\" content=\"Tempo estimado de leitura\" \/>\n\t<meta name=\"twitter:data1\" content=\"4 minutos\" \/>\n<script type=\"application\/ld+json\" class=\"yoast-schema-graph\">{\"@context\":\"https:\/\/schema.org\",\"@graph\":[{\"@type\":\"WebPage\",\"@id\":\"https:\/\/clientes.space\/michele-bond\/website\/limpeza-pele-para-acne\/\",\"url\":\"https:\/\/clientes.space\/michele-bond\/website\/limpeza-pele-para-acne\/\",\"name\":\"Limpeza de Pele para Acne - Cl\u00ednica Michelle Bond - Parque das Na\u00e7\u00f5es\",\"isPartOf\":{\"@id\":\"https:\/\/clientes.space\/michele-bond\/website\/#website\"},\"datePublished\":\"2019-10-16T18:21:23+00:00\",\"dateModified\":\"2023-09-22T13:12:29+00:00\",\"description\":\"Por isso, n\u00f3s, na nossa cl\u00ednica oferecemos a limpeza de pele para acne, em que o objectivo primordial \u00e9 melhorar a clareza da pele e reduzir as manchas e borbulhas\",\"breadcrumb\":{\"@id\":\"https:\/\/clientes.space\/michele-bond\/website\/limpeza-pele-para-acne\/#breadcrumb\"},\"inLanguage\":\"pt-PT\",\"potentialAction\":[{\"@type\":\"ReadAction\",\"target\":[\"https:\/\/clientes.space\/michele-bond\/website\/limpeza-pele-para-acne\/\"]}]},{\"@type\":\"BreadcrumbList\",\"@id\":\"https:\/\/clientes.space\/michele-bond\/website\/limpeza-pele-para-acne\/#breadcrumb\",\"itemListElement\":[{\"@type\":\"ListItem\",\"position\":1,\"name\":\"In\u00edcio\",\"item\":\"https:\/\/clientes.space\/michele-bond\/website\/\"},{\"@type\":\"ListItem\",\"position\":2,\"name\":\"Limpeza de Pele para Acne\"}]},{\"@type\":\"WebSite\",\"@id\":\"https:\/\/clientes.space\/michele-bond\/website\/#website\",\"url\":\"https:\/\/clientes.space\/michele-bond\/website\/\",\"name\":\"Michelle Bond - Holistic Health &amp; Beauty\",\"description\":\"Medicina Est\u00e9tica, Naturopatia, Nutri\u00e7\u00e3o e Fisioterapia\",\"potentialAction\":[{\"@type\":\"SearchAction\",\"target\":{\"@type\":\"EntryPoint\",\"urlTemplate\":\"https:\/\/clientes.space\/michele-bond\/website\/?s={search_term_string}\"},\"query-input\":\"required name=search_term_string\"}],\"inLanguage\":\"pt-PT\"}]}<\/script>\n<!-- \/ Yoast SEO plugin. -->","yoast_head_json":{"title":"Limpeza de Pele para Acne - Cl\u00ednica Michelle Bond - Parque das Na\u00e7\u00f5es","description":"Por isso, n\u00f3s, na nossa cl\u00ednica oferecemos a limpeza de pele para acne, em que o objectivo primordial \u00e9 melhorar a clareza da pele e reduzir as manchas e borbulhas","robots":{"index":"index","follow":"follow","max-snippet":"max-snippet:-1","max-image-preview":"max-image-preview:large","max-video-preview":"max-video-preview:-1"},"canonical":"https:\/\/clientes.space\/michele-bond\/website\/limpeza-pele-para-acne\/","og_locale":"pt_PT","og_type":"article","og_title":"Limpeza de Pele para Acne - Cl\u00ednica Michelle Bond - Parque das Na\u00e7\u00f5es","og_description":"Por isso, n\u00f3s, na nossa cl\u00ednica oferecemos a limpeza de pele para acne, em que o objectivo primordial \u00e9 melhorar a clareza da pele e reduzir as manchas e borbulhas","og_url":"https:\/\/clientes.space\/michele-bond\/website\/limpeza-pele-para-acne\/","og_site_name":"Michelle Bond Clinic | Lisboa","article_modified_time":"2023-09-22T13:12:29+00:00","og_image":[{"width":1702,"height":630,"url":"https:\/\/clientes.space\/michele-bond\/website\/wp-content\/uploads\/2020\/06\/Facial-para-Acne.jpg","type":"image\/jpeg"}],"twitter_card":"summary_large_image","twitter_misc":{"Tempo estimado de leitura":"4 minutos"},"schema":{"@context":"https:\/\/schema.org","@graph":[{"@type":"WebPage","@id":"https:\/\/clientes.space\/michele-bond\/website\/limpeza-pele-para-acne\/","url":"https:\/\/clientes.space\/michele-bond\/website\/limpeza-pele-para-acne\/","name":"Limpeza de Pele para Acne - Cl\u00ednica Michelle Bond - Parque das Na\u00e7\u00f5es","isPartOf":{"@id":"https:\/\/clientes.space\/michele-bond\/website\/#website"},"datePublished":"2019-10-16T18:21:23+00:00","dateModified":"2023-09-22T13:12:29+00:00","description":"Por isso, n\u00f3s, na nossa cl\u00ednica oferecemos a limpeza de pele para acne, em que o objectivo primordial \u00e9 melhorar a clareza da pele e reduzir as manchas e borbulhas","breadcrumb":{"@id":"https:\/\/clientes.space\/michele-bond\/website\/limpeza-pele-para-acne\/#breadcrumb"},"inLanguage":"pt-PT","potentialAction":[{"@type":"ReadAction","target":["https:\/\/clientes.space\/michele-bond\/website\/limpeza-pele-para-acne\/"]}]},{"@type":"BreadcrumbList","@id":"https:\/\/clientes.space\/michele-bond\/website\/limpeza-pele-para-acne\/#breadcrumb","itemListElement":[{"@type":"ListItem","position":1,"name":"In\u00edcio","item":"https:\/\/clientes.space\/michele-bond\/website\/"},{"@type":"ListItem","position":2,"name":"Limpeza de Pele para Acne"}]},{"@type":"WebSite","@id":"https:\/\/clientes.space\/michele-bond\/website\/#website","url":"https:\/\/clientes.space\/michele-bond\/website\/","name":"Michelle Bond - Holistic Health &amp; Beauty","description":"Medicina Est\u00e9tica, Naturopatia, Nutri\u00e7\u00e3o e Fisioterapia","potentialAction":[{"@type":"SearchAction","target":{"@type":"EntryPoint","urlTemplate":"https:\/\/clientes.space\/michele-bond\/website\/?s={search_term_string}"},"query-input":"required name=search_term_string"}],"inLanguage":"pt-PT"}]}},"_links":{"self":[{"href":"https:\/\/clientes.space\/michele-bond\/website\/wp-json\/wp\/v2\/pages\/3528"}],"collection":[{"href":"https:\/\/clientes.space\/michele-bond\/website\/wp-json\/wp\/v2\/pages"}],"about":[{"href":"https:\/\/clientes.space\/michele-bond\/website\/wp-json\/wp\/v2\/types\/page"}],"author":[{"embeddable":true,"href":"https:\/\/clientes.space\/michele-bond\/website\/wp-json\/wp\/v2\/users\/2"}],"replies":[{"embeddable":true,"href":"https:\/\/clientes.space\/michele-bond\/website\/wp-json\/wp\/v2\/comments?post=3528"}],"version-history":[{"count":7,"href":"https:\/\/clientes.space\/michele-bond\/website\/wp-json\/wp\/v2\/pages\/3528\/revisions"}],"predecessor-version":[{"id":22221,"href":"https:\/\/clientes.space\/michele-bond\/website\/wp-json\/wp\/v2\/pages\/3528\/revisions\/22221"}],"wp:featuredmedia":[{"embeddable":true,"href":"https:\/\/clientes.space\/michele-bond\/website\/wp-json\/wp\/v2\/media\/6099"}],"wp:attachment":[{"href":"https:\/\/clientes.space\/michele-bond\/website\/wp-json\/wp\/v2\/media?parent=3528"}],"curies":[{"name":"wp","href":"https:\/\/api.w.org\/{rel}","templated":true}]}}