{"id":3922,"date":"2020-02-16T15:40:47","date_gmt":"2020-02-16T15:40:47","guid":{"rendered":"https:\/\/clientes.space\/michele-bond\/website\/?page_id=3922"},"modified":"2023-09-22T18:54:49","modified_gmt":"2023-09-22T18:54:49","slug":"tratamentos-de-rosto","status":"publish","type":"page","link":"https:\/\/clientes.space\/michele-bond\/website\/tratamentos-de-rosto\/","title":{"rendered":"Tratamentos de Rosto"},"content":{"rendered":"<p>[vc_row content_width=&#8221;grid&#8221; css=&#8221;.vc_custom_1581872502601{border-top-width: 1px !important;border-bottom-width: 1px !important;padding-top: 60px !important;padding-bottom: 60px !important;}&#8221;][vc_column width=&#8221;1\/4&#8243;]<div class=\"mkdf-section-title-holder\">\n\t<h2 class=\"mkdf-section-title\" >\n\tConhe\u00e7a os tratamentos do rosto que temos para si<\/h2>\n<\/div>[vc_column_text]Os tratamentos est\u00e9ticos oferecidos na nossa cl\u00ednica s\u00e3o os melhores aliados \u00e0 sua transforma\u00e7\u00e3o[\/vc_column_text][vc_empty_space height=&#8221;64px&#8221;][\/vc_column][vc_column width=&#8221;3\/4&#8243;]<div class = \"mkdf-portfolio-list-holder-outer mkdf-ptf-standard mkdf-ptf-with-spaces mkdf-ptf-three-columns\" data-next-page= 2 data-type= standard data-columns= three data-grid-size= three data-order-by= menu_order data-order= ASC data-number= -1 data-image-size= square data-filter= no data-filter-order-by= name data-category= tratamento do rosto data-show-load-more= no data-title-tag= h3 data-show-excerpt= no  data-max-num-pages = 0><div class = \"mkdf-portfolio-list-holder clearfix\" >\t<article class=\"mkdf-portfolio-item mix portfolio_category_398\">\n\t\t<div class = \"mkdf-ptf-item-image-holder\">\n\t\t\t<a href=\"https:\/\/clientes.space\/michele-bond\/website\/green-peel\/\">\n\t\t\t\t\t\t\t\t\t<img width=\"550\" height=\"540\" src=\"https:\/\/clientes.space\/michele-bond\/website\/wp-content\/uploads\/2020\/02\/Green-Peel-550x540.jpg\" class=\"attachment-wellspring_mikado_square size-wellspring_mikado_square wp-post-image\" alt=\"Green Peel\" decoding=\"async\" \/>\t\t\t\t\t\t\t<\/a>\n\t\t<\/div>\n\t\t<div class=\"mkdf-ptf-item-text-holder\">\n\t\t\t<h3 class=\"mkdf-ptf-item-title\">\n\t\t\t<a href=\"https:\/\/clientes.space\/michele-bond\/website\/green-peel\/\">\n\t\t\t\tGreen Peel\t\t\t<\/a>\n\t\t<\/h3>\n\n\t\t\n\t\t\t\t\t<div class=\"mkdf-ptf-item-bottom\">\n\t\t\t\t\t\t\t\t\t<div class=\"mkdf-ptf-category-holder\"><span>Tratamento do rosto<\/span><\/div>\t\t\t\t\n\t\t\t\t\t\t\t\t\t<div class=\"mkdf-ptf-like-holder\">\n\t\t\t\t\t\t<a href=\"#\" class=\"mkdf-like\" data-type=\"portfolio_list\" id=\"mkdf-like-3942-836\" title=\"Like this\"><span class=\"mkdf-like-label\">Like<\/span><\/a>\t\t\t\t\t<\/div>\n\t\t\t\t\t\t\t<\/div>\n\t\t\t\t<\/div>\n\t<\/article>\n\t<article class=\"mkdf-portfolio-item mix portfolio_category_398\">\n\t\t<div class = \"mkdf-ptf-item-image-holder\">\n\t\t\t<a href=\"https:\/\/clientes.space\/michele-bond\/website\/limpeza-pele-profunda\/\">\n\t\t\t\t\t\t\t\t\t<img width=\"550\" height=\"540\" src=\"https:\/\/clientes.space\/michele-bond\/website\/wp-content\/uploads\/2020\/02\/Limpeza-de-pele-profunda-550x540.jpg\" class=\"attachment-wellspring_mikado_square size-wellspring_mikado_square wp-post-image\" alt=\"Limpeza de pele profunda\" decoding=\"async\" \/>\t\t\t\t\t\t\t<\/a>\n\t\t<\/div>\n\t\t<div class=\"mkdf-ptf-item-text-holder\">\n\t\t\t<h3 class=\"mkdf-ptf-item-title\">\n\t\t\t<a href=\"https:\/\/clientes.space\/michele-bond\/website\/limpeza-pele-profunda\/\">\n\t\t\t\tLimpeza de pele profunda\t\t\t<\/a>\n\t\t<\/h3>\n\n\t\t\n\t\t\t\t\t<div class=\"mkdf-ptf-item-bottom\">\n\t\t\t\t\t\t\t\t\t<div class=\"mkdf-ptf-category-holder\"><span>Tratamento do rosto<\/span><\/div>\t\t\t\t\n\t\t\t\t\t\t\t\t\t<div class=\"mkdf-ptf-like-holder\">\n\t\t\t\t\t\t<a href=\"#\" class=\"mkdf-like\" data-type=\"portfolio_list\" id=\"mkdf-like-3943-887\" title=\"Like this\"><span class=\"mkdf-like-label\">Like<\/span><\/a>\t\t\t\t\t<\/div>\n\t\t\t\t\t\t\t<\/div>\n\t\t\t\t<\/div>\n\t<\/article>\n\t<article class=\"mkdf-portfolio-item mix portfolio_category_398\">\n\t\t<div class = \"mkdf-ptf-item-image-holder\">\n\t\t\t<a href=\"https:\/\/clientes.space\/michele-bond\/website\/microagulhamento\/\">\n\t\t\t\t\t\t\t\t\t<img width=\"550\" height=\"540\" src=\"https:\/\/clientes.space\/michele-bond\/website\/wp-content\/uploads\/2020\/02\/Microagulhamento-550x540.jpg\" class=\"attachment-wellspring_mikado_square size-wellspring_mikado_square wp-post-image\" alt=\"Microagulhamento\" decoding=\"async\" \/>\t\t\t\t\t\t\t<\/a>\n\t\t<\/div>\n\t\t<div class=\"mkdf-ptf-item-text-holder\">\n\t\t\t<h3 class=\"mkdf-ptf-item-title\">\n\t\t\t<a href=\"https:\/\/clientes.space\/michele-bond\/website\/microagulhamento\/\">\n\t\t\t\tMicroagulhamento\t\t\t<\/a>\n\t\t<\/h3>\n\n\t\t\n\t\t\t\t\t<div class=\"mkdf-ptf-item-bottom\">\n\t\t\t\t\t\t\t\t\t<div class=\"mkdf-ptf-category-holder\"><span>Tratamento do rosto<\/span><\/div>\t\t\t\t\n\t\t\t\t\t\t\t\t\t<div class=\"mkdf-ptf-like-holder\">\n\t\t\t\t\t\t<a href=\"#\" class=\"mkdf-like\" data-type=\"portfolio_list\" id=\"mkdf-like-3944-303\" title=\"Like this\"><span class=\"mkdf-like-label\">Like<\/span><\/a>\t\t\t\t\t<\/div>\n\t\t\t\t\t\t\t<\/div>\n\t\t\t\t<\/div>\n\t<\/article>\n\t<article class=\"mkdf-portfolio-item mix portfolio_category_398\">\n\t\t<div class = \"mkdf-ptf-item-image-holder\">\n\t\t\t<a href=\"https:\/\/clientes.space\/michele-bond\/website\/peeling-anti-acne\/\">\n\t\t\t\t\t\t\t\t\t<img width=\"550\" height=\"540\" src=\"https:\/\/clientes.space\/michele-bond\/website\/wp-content\/uploads\/2020\/02\/Peeling-Anti-Acne-550x540.jpg\" class=\"attachment-wellspring_mikado_square size-wellspring_mikado_square wp-post-image\" alt=\"Peeling Anti-Acne\" decoding=\"async\" \/>\t\t\t\t\t\t\t<\/a>\n\t\t<\/div>\n\t\t<div class=\"mkdf-ptf-item-text-holder\">\n\t\t\t<h3 class=\"mkdf-ptf-item-title\">\n\t\t\t<a href=\"https:\/\/clientes.space\/michele-bond\/website\/peeling-anti-acne\/\">\n\t\t\t\tPeeling Anti-Acne\t\t\t<\/a>\n\t\t<\/h3>\n\n\t\t\n\t\t\t\t\t<div class=\"mkdf-ptf-item-bottom\">\n\t\t\t\t\t\t\t\t\t<div class=\"mkdf-ptf-category-holder\"><span>Tratamento do rosto<\/span><\/div>\t\t\t\t\n\t\t\t\t\t\t\t\t\t<div class=\"mkdf-ptf-like-holder\">\n\t\t\t\t\t\t<a href=\"#\" class=\"mkdf-like\" data-type=\"portfolio_list\" id=\"mkdf-like-3945-733\" title=\"Like this\"><span class=\"mkdf-like-label\">Like<\/span><\/a>\t\t\t\t\t<\/div>\n\t\t\t\t\t\t\t<\/div>\n\t\t\t\t<\/div>\n\t<\/article>\n\t<article class=\"mkdf-portfolio-item mix portfolio_category_398\">\n\t\t<div class = \"mkdf-ptf-item-image-holder\">\n\t\t\t<a href=\"https:\/\/clientes.space\/michele-bond\/website\/peeling-enzimatico\/\">\n\t\t\t\t\t\t\t\t\t<img width=\"550\" height=\"540\" src=\"https:\/\/clientes.space\/michele-bond\/website\/wp-content\/uploads\/2020\/02\/Peeling-Enzimatico-550x540.jpg\" class=\"attachment-wellspring_mikado_square size-wellspring_mikado_square wp-post-image\" alt=\"Peeling Enzim\u00e1tico\" decoding=\"async\" \/>\t\t\t\t\t\t\t<\/a>\n\t\t<\/div>\n\t\t<div class=\"mkdf-ptf-item-text-holder\">\n\t\t\t<h3 class=\"mkdf-ptf-item-title\">\n\t\t\t<a href=\"https:\/\/clientes.space\/michele-bond\/website\/peeling-enzimatico\/\">\n\t\t\t\tPeeling Enzim\u00e1tico\t\t\t<\/a>\n\t\t<\/h3>\n\n\t\t\n\t\t\t\t\t<div class=\"mkdf-ptf-item-bottom\">\n\t\t\t\t\t\t\t\t\t<div class=\"mkdf-ptf-category-holder\"><span>Tratamento do rosto<\/span><\/div>\t\t\t\t\n\t\t\t\t\t\t\t\t\t<div class=\"mkdf-ptf-like-holder\">\n\t\t\t\t\t\t<a href=\"#\" class=\"mkdf-like\" data-type=\"portfolio_list\" id=\"mkdf-like-3946-829\" title=\"Like this\"><span class=\"mkdf-like-label\">Like<\/span><\/a>\t\t\t\t\t<\/div>\n\t\t\t\t\t\t\t<\/div>\n\t\t\t\t<\/div>\n\t<\/article>\n\t<article class=\"mkdf-portfolio-item mix portfolio_category_398\">\n\t\t<div class = \"mkdf-ptf-item-image-holder\">\n\t\t\t<a href=\"https:\/\/clientes.space\/michele-bond\/website\/radiofrequencia-rosto\/\">\n\t\t\t\t\t\t\t\t\t<img width=\"550\" height=\"540\" src=\"https:\/\/clientes.space\/michele-bond\/website\/wp-content\/uploads\/2020\/02\/Radiofrequencia-Rosto-550x540.jpg\" class=\"attachment-wellspring_mikado_square size-wellspring_mikado_square wp-post-image\" alt=\"Radiofrequ\u00eancia Rosto\" decoding=\"async\" \/>\t\t\t\t\t\t\t<\/a>\n\t\t<\/div>\n\t\t<div class=\"mkdf-ptf-item-text-holder\">\n\t\t\t<h3 class=\"mkdf-ptf-item-title\">\n\t\t\t<a href=\"https:\/\/clientes.space\/michele-bond\/website\/radiofrequencia-rosto\/\">\n\t\t\t\tRadiofrequ\u00eancia Rosto\t\t\t<\/a>\n\t\t<\/h3>\n\n\t\t\n\t\t\t\t\t<div class=\"mkdf-ptf-item-bottom\">\n\t\t\t\t\t\t\t\t\t<div class=\"mkdf-ptf-category-holder\"><span>Tratamento do rosto<\/span><\/div>\t\t\t\t\n\t\t\t\t\t\t\t\t\t<div class=\"mkdf-ptf-like-holder\">\n\t\t\t\t\t\t<a href=\"#\" class=\"mkdf-like\" data-type=\"portfolio_list\" id=\"mkdf-like-3955-495\" title=\"Like this\"><span class=\"mkdf-like-label\">Like<\/span><\/a>\t\t\t\t\t<\/div>\n\t\t\t\t\t\t\t<\/div>\n\t\t\t\t<\/div>\n\t<\/article>\n\t<article class=\"mkdf-portfolio-item mix portfolio_category_398\">\n\t\t<div class = \"mkdf-ptf-item-image-holder\">\n\t\t\t<a href=\"https:\/\/clientes.space\/michele-bond\/website\/preenchimento-com-acido-hialuronico-sem-agulhas\/\">\n\t\t\t\t\t\t\t\t\t<img width=\"550\" height=\"540\" src=\"https:\/\/clientes.space\/michele-bond\/website\/wp-content\/uploads\/2020\/03\/Preenchimento-sem-agulhas-550x540.jpg\" class=\"attachment-wellspring_mikado_square size-wellspring_mikado_square wp-post-image\" alt=\"Preenchimento com \u00e1cido hialur\u00f3nico sem agulhas\" decoding=\"async\" \/>\t\t\t\t\t\t\t<\/a>\n\t\t<\/div>\n\t\t<div class=\"mkdf-ptf-item-text-holder\">\n\t\t\t<h3 class=\"mkdf-ptf-item-title\">\n\t\t\t<a href=\"https:\/\/clientes.space\/michele-bond\/website\/preenchimento-com-acido-hialuronico-sem-agulhas\/\">\n\t\t\t\tPreenchimento com \u00e1cido hialur\u00f3nico sem agulhas\t\t\t<\/a>\n\t\t<\/h3>\n\n\t\t\n\t\t\t\t\t<div class=\"mkdf-ptf-item-bottom\">\n\t\t\t\t\t\t\t\t\t<div class=\"mkdf-ptf-category-holder\"><span>Tratamento do rosto<\/span><\/div>\t\t\t\t\n\t\t\t\t\t\t\t\t\t<div class=\"mkdf-ptf-like-holder\">\n\t\t\t\t\t\t<a href=\"#\" class=\"mkdf-like\" data-type=\"portfolio_list\" id=\"mkdf-like-4126-594\" title=\"Like this\"><span class=\"mkdf-like-label\">Like<\/span><\/a>\t\t\t\t\t<\/div>\n\t\t\t\t\t\t\t<\/div>\n\t\t\t\t<\/div>\n\t<\/article>\n<div class=\"mkdf-ptf-gap\"><\/div><div class=\"mkdf-ptf-gap\"><\/div><\/div><\/div>[\/vc_column][\/vc_row][vc_row row_type=&#8221;parallax&#8221; full_screen_section_height=&#8221;no&#8221; css=&#8221;.vc_custom_1581960473113{background-color: #fafafa !important;}&#8221;][vc_column]\n\n\t<div class=\"mkdf-call-to-action normal\" style=\"padding: 20px;\">\n\n\t\t\t\t<div class=\"mkdf-container-inner\">\n\t\t\t\t\t<div class=\"mkdf-call-to-action-row-75-25 clearfix\">\n\t\t\n\t\t\t\t<div class=\"mkdf-text-wrapper mkdf-call-to-action-column1 mkdf-call-to-action-cell\">\n\n\t\t\t\t\n\t\t\t\t\t<div class=\"mkdf-call-to-action-text\" >\n\t\t\t\t\t\t\n<h2 class=\"p1\"><strong>Agende hoje a sua consulta<\/strong><\/h2>\n<p>Deixe o seu contacto, ligamos para si.\t\t\t\t\t<\/div>\n\n\t\t\t\t<\/div>\n\n\t\t\t\t\n\t\t\t\t\t<div class=\"mkdf-button-wrapper mkdf-call-to-action-column2 mkdf-call-to-action-cell\" style =\"text-align: right ;\">\n\n\t\t\t\t\t\t<a href=\"\/marcar-consulta\/\" target=\"_self\"  class=\"mkdf-btn mkdf-btn-medium mkdf-btn-solid mkdf-btn-hover-outline\"  >\t\t\t\t<span class=\"mkdf-btn-helper\" ><\/span>\t\t<span class=\"mkdf-btn-text\">Marcar Consulta<\/span><\/a>\n\t\t\t\t\t<\/div>\n\n\t\t\t\t\n\t\t\t<\/div>\n\n\t\t\t\t<\/div>\n\t\t\n\t<\/div>\n\n[\/vc_column][\/vc_row][vc_row content_width=&#8221;grid&#8221; css=&#8221;.vc_custom_1581961718959{border-top-width: 1px !important;border-bottom-width: 1px !important;padding-top: 60px !important;padding-bottom: 60px !important;}&#8221;][vc_column]<div class=\"mkdf-section-title-holder\">\n\t<h2 class=\"mkdf-section-title\" style=\"text-align: center\">\n\tAlguns tratamentos para problemas faciais<\/h2>\n<\/div><div class=\"mkdf-section-subtitle-holder mkdf-section-subtitle-center\" >\n\t<p style=\"text-align: center\" class=\"mkdf-section-subtitle\">Saiba mais sobre cada um deles<\/p>\n<\/div>[vc_empty_space]<div class=\"mkdf-portfolio-slider-holder mkdf-carousel-pagination\">\n\t\t\t<ul class=\"mkdf-portfolio-slider-list\"  data-columns=\"3\" data-enable-pagination=\"yes\">\n\t\t\t\t\t\t\t<li class=\"mkdf-ptfs-item-holder post-3982 portfolio-item type-portfolio-item status-publish has-post-thumbnail hentry portfolio-category-faciais\">\n\t<div class=\"mkdf-ptfs-item\">\n\t\t\t\t<div class=\"mkdf-ptfs-item-image\">\n\t\t\t<a href=\"https:\/\/clientes.space\/michele-bond\/website\/portfolio-item\/tratamento-para-cicatrizes-de-acne\/\">\n\t\t\t\t\t\t\t\t\t<img width=\"600\" height=\"540\" src=\"https:\/\/clientes.space\/michele-bond\/website\/wp-content\/uploads\/2020\/02\/Tratamento-para-cicatrizes-de-acne-600x540.jpg\" class=\"attachment-wellspring_mikado_portrait size-wellspring_mikado_portrait wp-post-image\" alt=\"Tratamento para cicatrizes de acne | Acnelan\" decoding=\"async\" \/>\t\t\t\t\t\t\t<\/a>\n\t\t<\/div>\n\t\t<div class=\"mkdf-ptfs-item-content\">\n\t\t\t\t\t\t<h5 class=\"mkdf-ptfs-item-title\">\n\t\t\t<a href=\"https:\/\/clientes.space\/michele-bond\/website\/portfolio-item\/tratamento-para-cicatrizes-de-acne\/\">Tratamento para cicatrizes de acne<\/a>\n\t\t<\/h5>\n\t\t<div class=\"mkdf-ptfs-item-excerpt-holder\">\n\t\t\t<p><\/p>\n\t\t<\/div>\n\t<\/div>\n\t\t<\/div>\n<\/li>\t\t\t\t\t\t\t<li class=\"mkdf-ptfs-item-holder post-3983 portfolio-item type-portfolio-item status-publish has-post-thumbnail hentry portfolio-category-faciais\">\n\t<div class=\"mkdf-ptfs-item\">\n\t\t\t\t<div class=\"mkdf-ptfs-item-image\">\n\t\t\t<a href=\"https:\/\/clientes.space\/michele-bond\/website\/portfolio-item\/tratamento-para-duplo-queixo\/\">\n\t\t\t\t\t\t\t\t\t<img width=\"600\" height=\"540\" src=\"https:\/\/clientes.space\/michele-bond\/website\/wp-content\/uploads\/2020\/02\/Tratamento-para-Duplo-Queixo-600x540.jpg\" class=\"attachment-wellspring_mikado_portrait size-wellspring_mikado_portrait wp-post-image\" alt=\"Tratamento para Duplo Queixo\" decoding=\"async\" \/>\t\t\t\t\t\t\t<\/a>\n\t\t<\/div>\n\t\t<div class=\"mkdf-ptfs-item-content\">\n\t\t\t\t\t\t<h5 class=\"mkdf-ptfs-item-title\">\n\t\t\t<a href=\"https:\/\/clientes.space\/michele-bond\/website\/portfolio-item\/tratamento-para-duplo-queixo\/\">Tratamento para Duplo Queixo<\/a>\n\t\t<\/h5>\n\t\t<div class=\"mkdf-ptfs-item-excerpt-holder\">\n\t\t\t<p><\/p>\n\t\t<\/div>\n\t<\/div>\n\t\t<\/div>\n<\/li>\t\t\t\t\t\t\t<li class=\"mkdf-ptfs-item-holder post-3984 portfolio-item type-portfolio-item status-publish has-post-thumbnail hentry portfolio-category-faciais\">\n\t<div class=\"mkdf-ptfs-item\">\n\t\t\t\t<div class=\"mkdf-ptfs-item-image\">\n\t\t\t<a href=\"https:\/\/clientes.space\/michele-bond\/website\/portfolio-item\/tratamento-para-manchas-no-rosto\/\">\n\t\t\t\t\t\t\t\t\t<img width=\"600\" height=\"540\" src=\"https:\/\/clientes.space\/michele-bond\/website\/wp-content\/uploads\/2020\/02\/Tratamento-para-Manchas-no-Rosto-600x540.jpg\" class=\"attachment-wellspring_mikado_portrait size-wellspring_mikado_portrait wp-post-image\" alt=\"Tratamento para Manchas no Rosto\" decoding=\"async\" \/>\t\t\t\t\t\t\t<\/a>\n\t\t<\/div>\n\t\t<div class=\"mkdf-ptfs-item-content\">\n\t\t\t\t\t\t<h5 class=\"mkdf-ptfs-item-title\">\n\t\t\t<a href=\"https:\/\/clientes.space\/michele-bond\/website\/portfolio-item\/tratamento-para-manchas-no-rosto\/\">Tratamento para Manchas no Rosto<\/a>\n\t\t<\/h5>\n\t\t<div class=\"mkdf-ptfs-item-excerpt-holder\">\n\t\t\t<p><\/p>\n\t\t<\/div>\n\t<\/div>\n\t\t<\/div>\n<\/li>\t\t\t\t\t\t\t<li class=\"mkdf-ptfs-item-holder post-3985 portfolio-item type-portfolio-item status-publish has-post-thumbnail hentry portfolio-category-faciais\">\n\t<div class=\"mkdf-ptfs-item\">\n\t\t\t\t<div class=\"mkdf-ptfs-item-image\">\n\t\t\t<a href=\"https:\/\/clientes.space\/michele-bond\/website\/portfolio-item\/tratamento-para-melasma\/\">\n\t\t\t\t\t\t\t\t\t<img width=\"600\" height=\"540\" src=\"https:\/\/clientes.space\/michele-bond\/website\/wp-content\/uploads\/2020\/02\/Tratamento-para-Melasma-600x540.jpg\" class=\"attachment-wellspring_mikado_portrait size-wellspring_mikado_portrait wp-post-image\" alt=\"Tratamento para Melasma\" decoding=\"async\" \/>\t\t\t\t\t\t\t<\/a>\n\t\t<\/div>\n\t\t<div class=\"mkdf-ptfs-item-content\">\n\t\t\t\t\t\t<h5 class=\"mkdf-ptfs-item-title\">\n\t\t\t<a href=\"https:\/\/clientes.space\/michele-bond\/website\/portfolio-item\/tratamento-para-melasma\/\">Tratamento para Melasma<\/a>\n\t\t<\/h5>\n\t\t<div class=\"mkdf-ptfs-item-excerpt-holder\">\n\t\t\t<p><\/p>\n\t\t<\/div>\n\t<\/div>\n\t\t<\/div>\n<\/li>\t\t\t\t\t\t\t<li class=\"mkdf-ptfs-item-holder post-3986 portfolio-item type-portfolio-item status-publish has-post-thumbnail hentry portfolio-category-faciais\">\n\t<div class=\"mkdf-ptfs-item\">\n\t\t\t\t<div class=\"mkdf-ptfs-item-image\">\n\t\t\t<a href=\"https:\/\/clientes.space\/michele-bond\/website\/portfolio-item\/tratamento-para-olheiras\/\">\n\t\t\t\t\t\t\t\t\t<img width=\"600\" height=\"540\" src=\"https:\/\/clientes.space\/michele-bond\/website\/wp-content\/uploads\/2020\/02\/Tratamento-para-Olheiras-600x540.jpg\" class=\"attachment-wellspring_mikado_portrait size-wellspring_mikado_portrait wp-post-image\" alt=\"Tratamento para Olheiras\" decoding=\"async\" \/>\t\t\t\t\t\t\t<\/a>\n\t\t<\/div>\n\t\t<div class=\"mkdf-ptfs-item-content\">\n\t\t\t\t\t\t<h5 class=\"mkdf-ptfs-item-title\">\n\t\t\t<a href=\"https:\/\/clientes.space\/michele-bond\/website\/portfolio-item\/tratamento-para-olheiras\/\">Tratamento para Olheiras<\/a>\n\t\t<\/h5>\n\t\t<div class=\"mkdf-ptfs-item-excerpt-holder\">\n\t\t\t<p><\/p>\n\t\t<\/div>\n\t<\/div>\n\t\t<\/div>\n<\/li>\t\t\t\t\t<\/ul>\n\t\t\t<\/div>[vc_empty_space][\/vc_column][\/vc_row]<\/p>\n","protected":false},"excerpt":{"rendered":"<p>[vc_row content_width=&#8221;grid&#8221; css=&#8221;.vc_custom_1581872502601{border-top-width: 1px !important;border-bottom-width: 1px !important;padding-top: 60px !important;padding-bottom: 60px !important;}&#8221;][vc_column width=&#8221;1\/4&#8243;][vc_column_text]Os tratamentos est\u00e9ticos oferecidos na nossa cl\u00ednica s\u00e3o os&#8230;<\/p>\n","protected":false},"author":2,"featured_media":0,"parent":0,"menu_order":0,"comment_status":"closed","ping_status":"closed","template":"full-width.php","meta":{"content-type":"","footnotes":""},"yoast_head":"<!-- This site is optimized with the Yoast SEO plugin v21.7 - https:\/\/yoast.com\/wordpress\/plugins\/seo\/ -->\n<title>Tratamentos de Rosto - Michelle Bond Clinic | Lisboa<\/title>\n<meta name=\"description\" content=\"Tratamentos de Rosto\" \/>\n<meta name=\"robots\" content=\"index, follow, max-snippet:-1, max-image-preview:large, max-video-preview:-1\" \/>\n<link rel=\"canonical\" href=\"https:\/\/clientes.space\/michele-bond\/website\/tratamentos-de-rosto\/\" \/>\n<meta property=\"og:locale\" content=\"pt_PT\" \/>\n<meta property=\"og:type\" content=\"article\" \/>\n<meta property=\"og:title\" content=\"Tratamentos de Rosto - Michelle Bond Clinic | Lisboa\" \/>\n<meta property=\"og:description\" content=\"Tratamentos de Rosto\" \/>\n<meta property=\"og:url\" content=\"https:\/\/clientes.space\/michele-bond\/website\/tratamentos-de-rosto\/\" \/>\n<meta property=\"og:site_name\" content=\"Michelle Bond Clinic | Lisboa\" \/>\n<meta property=\"article:modified_time\" content=\"2023-09-22T18:54:49+00:00\" \/>\n<meta name=\"twitter:card\" content=\"summary_large_image\" \/>\n<meta name=\"twitter:label1\" content=\"Tempo estimado de leitura\" \/>\n\t<meta name=\"twitter:data1\" content=\"1 minuto\" \/>\n<script type=\"application\/ld+json\" class=\"yoast-schema-graph\">{\"@context\":\"https:\/\/schema.org\",\"@graph\":[{\"@type\":\"WebPage\",\"@id\":\"https:\/\/clientes.space\/michele-bond\/website\/tratamentos-de-rosto\/\",\"url\":\"https:\/\/clientes.space\/michele-bond\/website\/tratamentos-de-rosto\/\",\"name\":\"Tratamentos de Rosto - Michelle Bond Clinic | Lisboa\",\"isPartOf\":{\"@id\":\"https:\/\/clientes.space\/michele-bond\/website\/#website\"},\"datePublished\":\"2020-02-16T15:40:47+00:00\",\"dateModified\":\"2023-09-22T18:54:49+00:00\",\"description\":\"Tratamentos de Rosto\",\"breadcrumb\":{\"@id\":\"https:\/\/clientes.space\/michele-bond\/website\/tratamentos-de-rosto\/#breadcrumb\"},\"inLanguage\":\"pt-PT\",\"potentialAction\":[{\"@type\":\"ReadAction\",\"target\":[\"https:\/\/clientes.space\/michele-bond\/website\/tratamentos-de-rosto\/\"]}]},{\"@type\":\"BreadcrumbList\",\"@id\":\"https:\/\/clientes.space\/michele-bond\/website\/tratamentos-de-rosto\/#breadcrumb\",\"itemListElement\":[{\"@type\":\"ListItem\",\"position\":1,\"name\":\"In\u00edcio\",\"item\":\"https:\/\/clientes.space\/michele-bond\/website\/\"},{\"@type\":\"ListItem\",\"position\":2,\"name\":\"Tratamentos de Rosto\"}]},{\"@type\":\"WebSite\",\"@id\":\"https:\/\/clientes.space\/michele-bond\/website\/#website\",\"url\":\"https:\/\/clientes.space\/michele-bond\/website\/\",\"name\":\"Michelle Bond - Holistic Health &amp; Beauty\",\"description\":\"Medicina Est\u00e9tica, Naturopatia, Nutri\u00e7\u00e3o e Fisioterapia\",\"potentialAction\":[{\"@type\":\"SearchAction\",\"target\":{\"@type\":\"EntryPoint\",\"urlTemplate\":\"https:\/\/clientes.space\/michele-bond\/website\/?s={search_term_string}\"},\"query-input\":\"required name=search_term_string\"}],\"inLanguage\":\"pt-PT\"}]}<\/script>\n<!-- \/ Yoast SEO plugin. -->","yoast_head_json":{"title":"Tratamentos de Rosto - Michelle Bond Clinic | Lisboa","description":"Tratamentos de Rosto","robots":{"index":"index","follow":"follow","max-snippet":"max-snippet:-1","max-image-preview":"max-image-preview:large","max-video-preview":"max-video-preview:-1"},"canonical":"https:\/\/clientes.space\/michele-bond\/website\/tratamentos-de-rosto\/","og_locale":"pt_PT","og_type":"article","og_title":"Tratamentos de Rosto - Michelle Bond Clinic | Lisboa","og_description":"Tratamentos de Rosto","og_url":"https:\/\/clientes.space\/michele-bond\/website\/tratamentos-de-rosto\/","og_site_name":"Michelle Bond Clinic | Lisboa","article_modified_time":"2023-09-22T18:54:49+00:00","twitter_card":"summary_large_image","twitter_misc":{"Tempo estimado de leitura":"1 minuto"},"schema":{"@context":"https:\/\/schema.org","@graph":[{"@type":"WebPage","@id":"https:\/\/clientes.space\/michele-bond\/website\/tratamentos-de-rosto\/","url":"https:\/\/clientes.space\/michele-bond\/website\/tratamentos-de-rosto\/","name":"Tratamentos de Rosto - Michelle Bond Clinic | Lisboa","isPartOf":{"@id":"https:\/\/clientes.space\/michele-bond\/website\/#website"},"datePublished":"2020-02-16T15:40:47+00:00","dateModified":"2023-09-22T18:54:49+00:00","description":"Tratamentos de Rosto","breadcrumb":{"@id":"https:\/\/clientes.space\/michele-bond\/website\/tratamentos-de-rosto\/#breadcrumb"},"inLanguage":"pt-PT","potentialAction":[{"@type":"ReadAction","target":["https:\/\/clientes.space\/michele-bond\/website\/tratamentos-de-rosto\/"]}]},{"@type":"BreadcrumbList","@id":"https:\/\/clientes.space\/michele-bond\/website\/tratamentos-de-rosto\/#breadcrumb","itemListElement":[{"@type":"ListItem","position":1,"name":"In\u00edcio","item":"https:\/\/clientes.space\/michele-bond\/website\/"},{"@type":"ListItem","position":2,"name":"Tratamentos de Rosto"}]},{"@type":"WebSite","@id":"https:\/\/clientes.space\/michele-bond\/website\/#website","url":"https:\/\/clientes.space\/michele-bond\/website\/","name":"Michelle Bond - Holistic Health &amp; Beauty","description":"Medicina Est\u00e9tica, Naturopatia, Nutri\u00e7\u00e3o e Fisioterapia","potentialAction":[{"@type":"SearchAction","target":{"@type":"EntryPoint","urlTemplate":"https:\/\/clientes.space\/michele-bond\/website\/?s={search_term_string}"},"query-input":"required name=search_term_string"}],"inLanguage":"pt-PT"}]}},"_links":{"self":[{"href":"https:\/\/clientes.space\/michele-bond\/website\/wp-json\/wp\/v2\/pages\/3922"}],"collection":[{"href":"https:\/\/clientes.space\/michele-bond\/website\/wp-json\/wp\/v2\/pages"}],"about":[{"href":"https:\/\/clientes.space\/michele-bond\/website\/wp-json\/wp\/v2\/types\/page"}],"author":[{"embeddable":true,"href":"https:\/\/clientes.space\/michele-bond\/website\/wp-json\/wp\/v2\/users\/2"}],"replies":[{"embeddable":true,"href":"https:\/\/clientes.space\/michele-bond\/website\/wp-json\/wp\/v2\/comments?post=3922"}],"version-history":[{"count":1,"href":"https:\/\/clientes.space\/michele-bond\/website\/wp-json\/wp\/v2\/pages\/3922\/revisions"}],"predecessor-version":[{"id":22354,"href":"https:\/\/clientes.space\/michele-bond\/website\/wp-json\/wp\/v2\/pages\/3922\/revisions\/22354"}],"wp:attachment":[{"href":"https:\/\/clientes.space\/michele-bond\/website\/wp-json\/wp\/v2\/media?parent=3922"}],"curies":[{"name":"wp","href":"https:\/\/api.w.org\/{rel}","templated":true}]}}