{"id":393,"date":"2016-12-17T11:56:11","date_gmt":"2016-12-17T11:56:11","guid":{"rendered":"http:\/\/dev.michellebond.pt\/?page_id=393"},"modified":"2023-09-22T17:18:08","modified_gmt":"2023-09-22T17:18:08","slug":"tratamento-psoriase","status":"publish","type":"page","link":"https:\/\/clientes.space\/michele-bond\/website\/tratamento-psoriase\/","title":{"rendered":"Tratamento da Psor\u00edase"},"content":{"rendered":"<p>[vc_row content_width=&#8221;grid&#8221; css=&#8221;.vc_custom_1580233437357{border-top-width: 1px !important;border-bottom-width: 1px !important;padding-top: 60px !important;padding-bottom: 60px !important;}&#8221;][vc_column width=&#8221;1\/2&#8243;]<div class=\"mkdf-section-title-holder\">\n\t<h2 class=\"mkdf-section-title\" >\n\tPsor\u00edase<\/h2>\n<\/div>[vc_column_text]A psor\u00edase \u00e9 uma doen\u00e7a de pele, cr\u00f3nica, hiperproliferativa. \u00c9 uma doen\u00e7a auto-imune que ocorre quando o sistema imunol\u00f3gico envia sinais que aceleram o ciclo de crescimento das c\u00e9lulas da pele. A taxa de divis\u00e3o celular \u00e9 muito alta (1.000 vezes&gt; pele normal).<\/p>\n<p>A psor\u00edase \u00e9 bastante comum e n\u00e3o \u00e9 contagiosa. Embora se possa manifestar em qualquer idade, a maioria dos casos de psor\u00edase ocorre entre os 15 e os 30 anos.<\/p>\n<p>As \u00e1reas do corpo mais afetadas por esta doen\u00e7a, tendem a ser os cotovelos, joelhos, couro cabeludo, unhas e a regi\u00e3o lombar.[\/vc_column_text][vc_empty_space][\/vc_column][vc_column width=&#8221;1\/2&#8243;]<div class=\"mkdf-section-title-holder\">\n\t<h2 class=\"mkdf-section-title\" >\n\tComo se manifesta<\/h2>\n<\/div>[vc_column_text]O corpo tenta eliminar subst\u00e2ncias indesejadas atrav\u00e9s do intestino, bexiga ou pele, e por isso \u00e9 importante incentivar a elimina\u00e7\u00e3o dessas subst\u00e2ncias indesejadas.<\/p>\n<p>A psor\u00edase manifesta-se com a inflama\u00e7\u00e3o nas c\u00e9lulas da pele, provocando o aumemto exagerado da sua produ\u00e7\u00e3o, que se vai acumular na superficie, formando placas avermelhadas de escama\u00e7\u00e3o. Isso, durante o processo inflamat\u00f3rio e imunol\u00f3gico local. O sistema de defesa local, formado pelo linf\u00f3citos tipo T, \u00e9 ativado como se a regi\u00e3o cut\u00e2nea tivesse sido agredida. Em consequ\u00eancia, libertam subst\u00e2ncias mediadoras da inflama\u00e7\u00e3o, que aceleram o ritmo de prolifera\u00e7\u00e3o das c\u00e9lulas da pele.[\/vc_column_text][vc_empty_space][\/vc_column][\/vc_row][vc_row content_width=&#8221;grid&#8221; css=&#8221;.vc_custom_1580233437357{border-top-width: 1px !important;border-bottom-width: 1px !important;padding-top: 60px !important;padding-bottom: 60px !important;}&#8221;][vc_column width=&#8221;1\/2&#8243;]<div class=\"mkdf-section-title-holder\">\n\t<h2 class=\"mkdf-section-title\" >\n\tComo prevenir<\/h2>\n<\/div>[vc_column_text]Como mencionada anteriormente, o corpo elimina subst\u00e2ncias indesejadas atrav\u00e9s de diversas formas.\u00a0Dietas deficientes em nutrientes, desidrata\u00e7\u00e3o e desodorizantes podem restringir esses canais de elimina\u00e7\u00e3o de toxinas indesejadas.<\/p>\n<p>Assim, eis algumas t\u00e1ticas simples que podem ajudar nessa tarefa:<\/p>\n<ul>\n<li>aumentar a ingest\u00e3o de \u00e1gua;<\/li>\n<li>ter o intestino funcionando regularmente;<\/li>\n<li>incentivar a transpira\u00e7\u00e3o atrav\u00e9s do exerc\u00edcio f\u00edsico ou saunas.<\/li>\n<\/ul>\n<p>Apesar de n\u00e3o existir forma de prevenir a psor\u00edase, \u00e9 poss\u00edvel reduzir o n\u00famero de surtos, mantendo a pele seca e cuidada, assim como evitando o stress e ansiedade.<\/p>\n<p>\u00c9, tamb\u00e9m aconselh\u00e1vel reduzir o consumo de \u00e1lcool e tabaco, pois estes podem aumentar a gravidade dos surtos.[\/vc_column_text][vc_empty_space][\/vc_column][vc_column width=&#8221;1\/2&#8243;]<div class=\"mkdf-section-title-holder\">\n\t<h2 class=\"mkdf-section-title\" >\n\tTratamento<\/h2>\n<\/div>[vc_column_text]\u00c9 muito raro que a psor\u00edase consiga ser controlada com sucesso apenas com tratamento t\u00f3pico. O tratamento mais eficaz come\u00e7a por dentro, seja atrav\u00e9s de dieta, fitoterapia, homeopatia, suplementos ou redu\u00e7\u00e3o do stress.<\/p>\n<p>Adotar uma dieta anti-inflamat\u00f3ria pode beneficiar qualquer doen\u00e7a da pele. Coma folhas verdes, frutas frescas e alimentos ricos em \u00f3mega 3, como sementes de linha\u00e7a, abacate e nozes.<\/p>\n<p>Regra geral, as pessoas com psor\u00edase devem evitar alimentos picantes, carne vermelha, mariscos, \u00e1lcool e caf\u00e9.[\/vc_column_text][vc_single_image image=&#8221;3879&#8243; img_size=&#8221;250&#215;200&#8243; style=&#8221;vc_box_border_circle_2&#8243;][vc_empty_space][\/vc_column][\/vc_row][vc_row css=&#8221;.vc_custom_1580233266405{background-color: #fafafa !important;}&#8221;][vc_column]\n\n\t<div class=\"mkdf-call-to-action normal\" style=\"padding: 20px;\">\n\n\t\t\t\t<div class=\"mkdf-container-inner\">\n\t\t\t\t\t<div class=\"mkdf-call-to-action-row-75-25 clearfix\">\n\t\t\n\t\t\t\t<div class=\"mkdf-text-wrapper mkdf-call-to-action-column1 mkdf-call-to-action-cell\">\n\n\t\t\t\t\n\t\t\t\t\t<div class=\"mkdf-call-to-action-text\" >\n\t\t\t\t\t\t\n<h2 class=\"p1\" style=\"margin-top: 10px !important;\"><strong>Agende hoje a sua consulta<\/strong><\/h2>\n\t\t\t\t\t<\/div>\n\n\t\t\t\t<\/div>\n\n\t\t\t\t\n\t\t\t\t\t<div class=\"mkdf-button-wrapper mkdf-call-to-action-column2 mkdf-call-to-action-cell\" style =\"text-align: right ;\">\n\n\t\t\t\t\t\t<a href=\"\/marcar-consulta\/\" target=\"_self\"  class=\"mkdf-btn mkdf-btn-medium mkdf-btn-solid mkdf-btn-hover-outline\"  >\t\t\t\t<span class=\"mkdf-btn-helper\" ><\/span>\t\t<span class=\"mkdf-btn-text\">Marcar Consulta<\/span><\/a>\n\t\t\t\t\t<\/div>\n\n\t\t\t\t\n\t\t\t<\/div>\n\n\t\t\t\t<\/div>\n\t\t\n\t<\/div>\n\n[\/vc_column][\/vc_row][vc_row content_width=&#8221;grid&#8221; css=&#8221;.vc_custom_1598356835032{padding-top: 90px !important;padding-bottom: 90px !important;background-color: #ffffff !important;}&#8221;][vc_column]<div class=\"mkdf-section-title-holder\">\n\t<h2 class=\"mkdf-section-title mkdf-section-title-medium\" style=\"text-transform: capitalize;text-align: center\">\n\tPerguntas Frequentes<\/h2>\n<\/div><div class=\"mkdf-accordion-holder clearfix mkdf-accordion mkdf-initial \">\n\t<h5 class=\"clearfix mkdf-title-holder\">\n<span class=\"mkdf-accordion-mark mkdf-left-mark\">\n\t\t<span class=\"mkdf-accordion-mark-icon\">\n\t\t\t<span class=\"icon_plus\"><\/span>\n\t\t\t<span class=\"icon_minus-06\"><\/span>\n\t\t<\/span>\n<\/span>\n<span class=\"mkdf-tab-title\">\n\t\t<span class=\"mkdf-tab-title-inner\">\n\t\t\t\t\t\tEm que consiste uma primeira consulta de nutri\u00e7\u00e3o funcional?\t\t<\/span>\n<\/span>\n<\/h5>\n<div class=\"mkdf-accordion-content\">\n\t<div class=\"mkdf-accordion-content-inner\">\n\t\t[vc_column_text]O objetivo da primeira consulta, e em particular no que respeita ao tratamento da psor\u00edase, \u00e9 entender a condi\u00e7\u00e3o atual de sa\u00fade, com o m\u00e1ximo de detalhes poss\u00edvel.<\/p>\n<p>Nesta primeira consulta ser\u00e1 discutido o hist\u00f3rico de sa\u00fade, e ir\u00e1 realizar-se uma avalia\u00e7\u00e3o f\u00edsica, caso seja necess\u00e1rio. Em alguns casos, ser\u00e1 requisitado exames adicionais para trazer na consulta seguinte.\u00a0Tamb\u00e9m o tratamento inicial e desenvolvimento do plano de tratamento ser\u00e3o discutidos nesta sess\u00e3o.<\/p>\n<p>A primeira consulta tem a dura\u00e7\u00e3o de cerca de uma hora.[\/vc_column_text]\n\t\t\t<\/div>\n<\/div>\n<h5 class=\"clearfix mkdf-title-holder\">\n<span class=\"mkdf-accordion-mark mkdf-left-mark\">\n\t\t<span class=\"mkdf-accordion-mark-icon\">\n\t\t\t<span class=\"icon_plus\"><\/span>\n\t\t\t<span class=\"icon_minus-06\"><\/span>\n\t\t<\/span>\n<\/span>\n<span class=\"mkdf-tab-title\">\n\t\t<span class=\"mkdf-tab-title-inner\">\n\t\t\t\t\t\tA consulta para o tratamento da psor\u00edase \u00e9 adaptada \u00e0s minhas necessidades?\t\t<\/span>\n<\/span>\n<\/h5>\n<div class=\"mkdf-accordion-content\">\n\t<div class=\"mkdf-accordion-content-inner\">\n\t\t[vc_column_text]Todos os nossos tratamentos est\u00e3o profundamente focados no atendimento individualizado, este n\u00e3o \u00e9 excep\u00e7\u00e3o. O tratamento para psor\u00edase, como est\u00e1 indicado na pergunta anterior, \u00e9 prescrito em fun\u00e7\u00e3o da condi\u00e7\u00e3o actual de sa\u00fade do doente.<\/p>\n<p>N\u00e3o existem duas prescri\u00e7\u00f5es iguais, cada pessoa \u00e9 \u00fanica e seu estado de sa\u00fade atual \u00e9 a soma total das suas experi\u00eancias.<\/p>\n<p>Os resultados do tratamento variam em fun\u00e7\u00e3o do indiv\u00edduo, assim como do problema a ser tratado. Em alguns casos \u00e9 poss\u00edvel obter resultados r\u00e1pidos, enquanto que noutros, pode levar v\u00e1rios meses ou mais. Como regra geral, quanto mais tempo estiver com o problema de sa\u00fade, mais tempo necessitar\u00e1 do tratamento.[\/vc_column_text]\n\t\t\t<\/div>\n<\/div>\n<h5 class=\"clearfix mkdf-title-holder\">\n<span class=\"mkdf-accordion-mark mkdf-left-mark\">\n\t\t<span class=\"mkdf-accordion-mark-icon\">\n\t\t\t<span class=\"icon_plus\"><\/span>\n\t\t\t<span class=\"icon_minus-06\"><\/span>\n\t\t<\/span>\n<\/span>\n<span class=\"mkdf-tab-title\">\n\t\t<span class=\"mkdf-tab-title-inner\">\n\t\t\t\t\t\tComo funciona o acompanhamento?\t\t<\/span>\n<\/span>\n<\/h5>\n<div class=\"mkdf-accordion-content\">\n\t<div class=\"mkdf-accordion-content-inner\">\n\t\t[vc_column_text]No in\u00edcio do tratamento as consultas presenciais, s\u00e3o, geralmente de 4 em 4 semanas. N\u00e3o \u00e9 aconselh\u00e1vel espa\u00e7ar muito mais do que isso.<\/p>\n<p>\u00c9 oferecido apoio para d\u00favidas que possam surgir ap\u00f3s as consultas via Whatsapp ou e-mail. Gostamos de acompanhar os nossos pacientes de perto, principalmente no in\u00edcio do tratamento. Dessa forma, os resultados s\u00e3o melhores.[\/vc_column_text]\n\t\t\t<\/div>\n<\/div>\n<\/div>[\/vc_column][\/vc_row][vc_row content_width=&#8221;grid&#8221; css=&#8221;.vc_custom_1580232523832{border-top-width: 1px !important;border-bottom-width: 1px !important;padding-top: 60px !important;padding-bottom: 60px !important;}&#8221; el_id=&#8221;logo-revistas&#8221;][vc_column][vc_column_text]\n\t\t<style>\n\t\t\t#wpls-logo-showcase-slider-1 .wpls-fix-box,\n\t\t\t#wpls-logo-showcase-slider-1 .wpls-fix-box img.wp-post-image{max-height:250px; }\n\t\t<\/style>\n\n\t\t<div class=\"wpls-wrap wpls-logo-showcase-slider-wrp wpls-logo-clearfix wpls-design-1 \" data-conf=\"{&quot;slides_column&quot;:&quot;4&quot;,&quot;slides_scroll&quot;:1,&quot;dots&quot;:&quot;true&quot;,&quot;arrows&quot;:&quot;true&quot;,&quot;autoplay&quot;:&quot;true&quot;,&quot;autoplay_interval&quot;:3000,&quot;loop&quot;:&quot;true&quot;,&quot;rtl&quot;:&quot;false&quot;,&quot;speed&quot;:800,&quot;center_mode&quot;:&quot;false&quot;,&quot;lazyload&quot;:&quot;&quot;}\">\n\t\t\t<div class=\"wpls-logo-showcase logo_showcase wpls-logo-slider  sliderimage_hide_border \" id=\"wpls-logo-showcase-slider-1\" >\n\t\t\t\t<div class=\"wpls-logo-cnt\">\n\t<div class=\"wpls-fix-box\">\n\t\t\t\t<img class=\"wp-post-image\"  src=\"https:\/\/clientes.space\/michele-bond\/website\/wp-content\/uploads\/2018\/08\/womens-health-1.png\" alt=\"womens-health\" \/>\n\t\t\t<\/div>\n\t<\/div><div class=\"wpls-logo-cnt\">\n\t<div class=\"wpls-fix-box\">\n\t\t\t\t<img class=\"wp-post-image\"  src=\"https:\/\/clientes.space\/michele-bond\/website\/wp-content\/uploads\/2018\/08\/Rede_Vida_logo-1.png\" alt=\"Rede_Vida\" \/>\n\t\t\t<\/div>\n\t<\/div><div class=\"wpls-logo-cnt\">\n\t<div class=\"wpls-fix-box\">\n\t\t\t\t<img class=\"wp-post-image\"  src=\"https:\/\/clientes.space\/michele-bond\/website\/wp-content\/uploads\/2018\/08\/forever_young_logo.png\" alt=\"forever_young\" \/>\n\t\t\t<\/div>\n\t<\/div><div class=\"wpls-logo-cnt\">\n\t<div class=\"wpls-fix-box\">\n\t\t\t\t<img class=\"wp-post-image\"  src=\"https:\/\/clientes.space\/michele-bond\/website\/wp-content\/uploads\/2018\/08\/SVBlog_Logo-1.png\" alt=\"SVBlog\" \/>\n\t\t\t<\/div>\n\t<\/div>\t\t\t<\/div>\n\t\t<\/div>\n\n\t\t[\/vc_column_text][\/vc_column][\/vc_row][vc_row content_width=&#8221;grid&#8221; css=&#8221;.vc_custom_1598356853329{border-top-width: 1px !important;border-bottom-width: 1px !important;padding-top: 60px !important;padding-bottom: 60px !important;background-color: #fafafa !important;}&#8221;][vc_column]<div class=\"mkdf-section-title-holder\">\n\t<h2 class=\"mkdf-section-title\" style=\"text-align: center\">\n\tOutros tratamentos de sa\u00fade<\/h2>\n<\/div><div class=\"mkdf-section-subtitle-holder mkdf-section-subtitle-center\" >\n\t<p style=\"text-align: center\" class=\"mkdf-section-subtitle\">Saiba mais sobre cada um deles<\/p>\n<\/div><div class=\"mkdf-carousel-holder clearfix mkdf-carousel-three-rows mkdf-carousel-navigation\"><div class=\"mkdf-carousel \" data-items=\"3\" data-navigation=\"yes\"><div class=\"mkdf-carousel-item-outer-holder border\"><div class=\"mkdf-carousel-item-holder\">\n\t\t<a href=\"https:\/\/clientes.space\/michele-bond\/website\/tratamento-para-acne\/\" target=\"_self\">\n\t\t\t\t\t\t\t<span class=\"mkdf-carousel-first-image-holder  mkdf-image-zoom\">\n\t\t\t\t<img width=\"450\" height=\"419\" src=\"https:\/\/clientes.space\/michele-bond\/website\/wp-content\/uploads\/2019\/05\/Tratamento-para-Acne-texto.jpg\" class=\"attachment-full size-full\" alt=\"Tratamento para Acne\" decoding=\"async\" srcset=\"https:\/\/clientes.space\/michele-bond\/website\/wp-content\/uploads\/2019\/05\/Tratamento-para-Acne-texto.jpg 450w, https:\/\/clientes.space\/michele-bond\/website\/wp-content\/uploads\/2019\/05\/Tratamento-para-Acne-texto-300x279.jpg 300w\" sizes=\"(max-width: 450px) 100vw, 450px\" \/>\t\t\t<\/span>\n\t\t\t\t\t\t\t<\/a>\n<\/div><\/div><div class=\"mkdf-carousel-item-outer-holder border\"><div class=\"mkdf-carousel-item-holder\">\n\t\t<a href=\"https:\/\/clientes.space\/michele-bond\/website\/tratamento-para-doencas_autoimunes\/\" target=\"_self\">\n\t\t\t\t\t\t\t<span class=\"mkdf-carousel-first-image-holder  mkdf-image-zoom\">\n\t\t\t\t<img width=\"450\" height=\"420\" src=\"https:\/\/clientes.space\/michele-bond\/website\/wp-content\/uploads\/2021\/02\/Doencas-autoimunes.jpg\" class=\"attachment-full size-full\" alt=\"Doen\u00e7as autoimunes\" decoding=\"async\" srcset=\"https:\/\/clientes.space\/michele-bond\/website\/wp-content\/uploads\/2021\/02\/Doencas-autoimunes.jpg 450w, https:\/\/clientes.space\/michele-bond\/website\/wp-content\/uploads\/2021\/02\/Doencas-autoimunes-300x280.jpg 300w\" sizes=\"(max-width: 450px) 100vw, 450px\" \/>\t\t\t<\/span>\n\t\t\t\t\t\t\t<\/a>\n<\/div><\/div><div class=\"mkdf-carousel-item-outer-holder border\"><div class=\"mkdf-carousel-item-holder\">\n\t\t<a href=\"\/tratamento-para-eczema\/\" target=\"_self\">\n\t\t\t\t\t\t\t<span class=\"mkdf-carousel-first-image-holder  mkdf-image-zoom\">\n\t\t\t\t<img width=\"450\" height=\"420\" src=\"https:\/\/clientes.space\/michele-bond\/website\/wp-content\/uploads\/2020\/01\/Tratamento-para-eczema.jpg\" class=\"attachment-full size-full\" alt=\"Tratamento para eczema\" decoding=\"async\" srcset=\"https:\/\/clientes.space\/michele-bond\/website\/wp-content\/uploads\/2020\/01\/Tratamento-para-eczema.jpg 450w, https:\/\/clientes.space\/michele-bond\/website\/wp-content\/uploads\/2020\/01\/Tratamento-para-eczema-300x280.jpg 300w\" sizes=\"(max-width: 450px) 100vw, 450px\" \/>\t\t\t<\/span>\n\t\t\t\t\t\t\t<\/a>\n<\/div><\/div><\/div><\/div>[\/vc_column][\/vc_row][vc_row row_type=&#8221;parallax&#8221; full_screen_section_height=&#8221;no&#8221; parallax_background_image=&#8221;164&#8243; css=&#8221;.vc_custom_1580232257194{border-top-width: 1px !important;border-bottom-width: 1px !important;padding-top: 60px !important;padding-bottom: 60px !important;}&#8221;][vc_column]<div class=\"mkdf-section-title-holder\">\n\t<h2 class=\"mkdf-section-title\" style=\"color: #ffffff;text-transform: capitalize;text-align: center\">\n\tClientes Satisfeitos<\/h2>\n<\/div>[vc_empty_space]<div class=\"mkdf-testimonials-holder clearfix light\"><div class=\"mkdf-testimonials testimonials-slider\"><div id=\"mkdf-testimonials83\" class=\"mkdf-testimonial-content testimonials-slider\">\n\t<div class=\"mkdf-testimonial-content-inner\">\n\t\t\t\t\t<div class= \"mkdf-container-inner\">\n\t\t\t\t<div class=\"mkdf-testimonial-text-holder\">\n\t\t\t<div class=\"mkdf-testimonial-text-inner light\">\n\t\t\t\t\t\t\t\t<p class=\"mkdf-testimonial-text\" >Depois de ter o meu segundo filho, e de maus h\u00e1bitos alimentares, ganhei muito peso. Com o acompanhamento que tive na Cl\u00ednica consegui perder 7 quilos e agora sinto-me muito bem! Obrigado a todos.<\/p>\n\t\t\t\t\t\t\t\t\t<div class=\"mkdf-testimonial-author\">\n\t\t\t\t\t\t<h3 class=\"mkdf-testimonial-author-text light\">F\u00e1tima (38 Anos)<\/h3>\n\t\t\t\t\t\t\t\t\t\t\t\t\t<span class=\"mkdf-testimonials-job light\">Lisboa<\/span>\n\t\t\t\t\t\t\t\t\t\t\t<\/div>\n\t\t\t\t\t\t\t<\/div>\n\t\t<\/div>\n\n\t\t\t\t\t<\/div>\n\t\t\t<\/div>\n<\/div>\n<div id=\"mkdf-testimonials82\" class=\"mkdf-testimonial-content testimonials-slider\">\n\t<div class=\"mkdf-testimonial-content-inner\">\n\t\t\t\t\t<div class= \"mkdf-container-inner\">\n\t\t\t\t<div class=\"mkdf-testimonial-text-holder\">\n\t\t\t<div class=\"mkdf-testimonial-text-inner light\">\n\t\t\t\t\t\t\t\t<p class=\"mkdf-testimonial-text\" >Sempre tive muitas dificuldades em dormir, tentei muitas terapias mas s\u00f3 com a ajuda da Dra Michelle \u00e9 que descobri o que \u00e9 uma boa noite de sono. Sou hoje uma pessoa diferente e com muito mais energia.<\/p>\n\t\t\t\t\t\t\t\t\t<div class=\"mkdf-testimonial-author\">\n\t\t\t\t\t\t<h3 class=\"mkdf-testimonial-author-text light\">Carla (45 Anos)<\/h3>\n\t\t\t\t\t\t\t\t\t\t\t\t\t<span class=\"mkdf-testimonials-job light\">Alg\u00e9s<\/span>\n\t\t\t\t\t\t\t\t\t\t\t<\/div>\n\t\t\t\t\t\t\t<\/div>\n\t\t<\/div>\n\n\t\t\t\t\t<\/div>\n\t\t\t<\/div>\n<\/div>\n<\/div><\/div>[\/vc_column][\/vc_row][vc_row][vc_column]\n\n\t<div class=\"mkdf-call-to-action normal\" style=\"padding: 20px;\">\n\n\t\t\t\t<div class=\"mkdf-container-inner\">\n\t\t\t\t\t<div class=\"mkdf-call-to-action-row-75-25 clearfix\">\n\t\t\n\t\t\t\t<div class=\"mkdf-text-wrapper mkdf-call-to-action-column1 mkdf-call-to-action-cell\">\n\n\t\t\t\t\n\t\t\t\t\t<div class=\"mkdf-call-to-action-text\" >\n\t\t\t\t\t\t\n<h2 class=\"p1\" style=\"margin-top: 10px !important;\"><strong>Agende hoje a sua consulta<\/strong><\/h2>\n\t\t\t\t\t<\/div>\n\n\t\t\t\t<\/div>\n\n\t\t\t\t\n\t\t\t\t\t<div class=\"mkdf-button-wrapper mkdf-call-to-action-column2 mkdf-call-to-action-cell\" style =\"text-align: right ;\">\n\n\t\t\t\t\t\t<a href=\"\/marcar-consulta\/\" target=\"_self\"  class=\"mkdf-btn mkdf-btn-medium mkdf-btn-solid mkdf-btn-hover-outline\"  >\t\t\t\t<span class=\"mkdf-btn-helper\" ><\/span>\t\t<span class=\"mkdf-btn-text\">Marcar Consulta<\/span><\/a>\n\t\t\t\t\t<\/div>\n\n\t\t\t\t\n\t\t\t<\/div>\n\n\t\t\t\t<\/div>\n\t\t\n\t<\/div>\n\n[\/vc_column][\/vc_row]<\/p>\n","protected":false},"excerpt":{"rendered":"<p>[vc_row content_width=&#8221;grid&#8221; css=&#8221;.vc_custom_1580233437357{border-top-width: 1px !important;border-bottom-width: 1px !important;padding-top: 60px !important;padding-bottom: 60px !important;}&#8221;][vc_column width=&#8221;1\/2&#8243;][vc_column_text]A psor\u00edase \u00e9 uma doen\u00e7a de pele, cr\u00f3nica, hiperproliferativa&#8230;.<\/p>\n","protected":false},"author":5,"featured_media":3880,"parent":0,"menu_order":0,"comment_status":"closed","ping_status":"closed","template":"full-width.php","meta":{"content-type":"","footnotes":""},"yoast_head":"<!-- This site is optimized with the Yoast SEO plugin v21.7 - https:\/\/yoast.com\/wordpress\/plugins\/seo\/ -->\n<title>Tratamento da Psor\u00edase - Michelle Bond Clinic | Lisboa<\/title>\n<meta name=\"description\" content=\"A psor\u00edase \u00e9 uma doen\u00e7a de pele, cr\u00f3nica, hiperproliferativa. \u00c9 uma doen\u00e7a auto-imune que ocorre quando o sistema imunol\u00f3gico envia sinais\" \/>\n<meta name=\"robots\" content=\"index, follow, max-snippet:-1, max-image-preview:large, max-video-preview:-1\" \/>\n<link rel=\"canonical\" href=\"https:\/\/clientes.space\/michele-bond\/website\/tratamento-psoriase\/\" \/>\n<meta property=\"og:locale\" content=\"pt_PT\" \/>\n<meta property=\"og:type\" content=\"article\" \/>\n<meta property=\"og:title\" content=\"Tratamento da Psor\u00edase - Michelle Bond Clinic | Lisboa\" \/>\n<meta property=\"og:description\" content=\"A psor\u00edase \u00e9 uma doen\u00e7a de pele, cr\u00f3nica, hiperproliferativa. \u00c9 uma doen\u00e7a auto-imune que ocorre quando o sistema imunol\u00f3gico envia sinais\" \/>\n<meta property=\"og:url\" content=\"https:\/\/clientes.space\/michele-bond\/website\/tratamento-psoriase\/\" \/>\n<meta property=\"og:site_name\" content=\"Michelle Bond Clinic | Lisboa\" \/>\n<meta property=\"article:modified_time\" content=\"2023-09-22T17:18:08+00:00\" \/>\n<meta property=\"og:image\" content=\"https:\/\/clientes.space\/michele-bond\/website\/wp-content\/uploads\/2020\/01\/Tratamento-da-Psoriase.jpg\" \/>\n\t<meta property=\"og:image:width\" content=\"1920\" \/>\n\t<meta property=\"og:image:height\" content=\"1000\" \/>\n\t<meta property=\"og:image:type\" content=\"image\/jpeg\" \/>\n<meta name=\"twitter:card\" content=\"summary_large_image\" \/>\n<meta name=\"twitter:label1\" content=\"Tempo estimado de leitura\" \/>\n\t<meta name=\"twitter:data1\" content=\"5 minutos\" \/>\n<script type=\"application\/ld+json\" class=\"yoast-schema-graph\">{\"@context\":\"https:\/\/schema.org\",\"@graph\":[{\"@type\":\"WebPage\",\"@id\":\"https:\/\/clientes.space\/michele-bond\/website\/tratamento-psoriase\/\",\"url\":\"https:\/\/clientes.space\/michele-bond\/website\/tratamento-psoriase\/\",\"name\":\"Tratamento da Psor\u00edase - Michelle Bond Clinic | Lisboa\",\"isPartOf\":{\"@id\":\"https:\/\/clientes.space\/michele-bond\/website\/#website\"},\"datePublished\":\"2016-12-17T11:56:11+00:00\",\"dateModified\":\"2023-09-22T17:18:08+00:00\",\"description\":\"A psor\u00edase \u00e9 uma doen\u00e7a de pele, cr\u00f3nica, hiperproliferativa. \u00c9 uma doen\u00e7a auto-imune que ocorre quando o sistema imunol\u00f3gico envia sinais\",\"breadcrumb\":{\"@id\":\"https:\/\/clientes.space\/michele-bond\/website\/tratamento-psoriase\/#breadcrumb\"},\"inLanguage\":\"pt-PT\",\"potentialAction\":[{\"@type\":\"ReadAction\",\"target\":[\"https:\/\/clientes.space\/michele-bond\/website\/tratamento-psoriase\/\"]}]},{\"@type\":\"BreadcrumbList\",\"@id\":\"https:\/\/clientes.space\/michele-bond\/website\/tratamento-psoriase\/#breadcrumb\",\"itemListElement\":[{\"@type\":\"ListItem\",\"position\":1,\"name\":\"In\u00edcio\",\"item\":\"https:\/\/clientes.space\/michele-bond\/website\/\"},{\"@type\":\"ListItem\",\"position\":2,\"name\":\"Tratamento da Psor\u00edase\"}]},{\"@type\":\"WebSite\",\"@id\":\"https:\/\/clientes.space\/michele-bond\/website\/#website\",\"url\":\"https:\/\/clientes.space\/michele-bond\/website\/\",\"name\":\"Michelle Bond - Holistic Health &amp; Beauty\",\"description\":\"Medicina Est\u00e9tica, Naturopatia, Nutri\u00e7\u00e3o e Fisioterapia\",\"potentialAction\":[{\"@type\":\"SearchAction\",\"target\":{\"@type\":\"EntryPoint\",\"urlTemplate\":\"https:\/\/clientes.space\/michele-bond\/website\/?s={search_term_string}\"},\"query-input\":\"required name=search_term_string\"}],\"inLanguage\":\"pt-PT\"}]}<\/script>\n<!-- \/ Yoast SEO plugin. -->","yoast_head_json":{"title":"Tratamento da Psor\u00edase - Michelle Bond Clinic | Lisboa","description":"A psor\u00edase \u00e9 uma doen\u00e7a de pele, cr\u00f3nica, hiperproliferativa. \u00c9 uma doen\u00e7a auto-imune que ocorre quando o sistema imunol\u00f3gico envia sinais","robots":{"index":"index","follow":"follow","max-snippet":"max-snippet:-1","max-image-preview":"max-image-preview:large","max-video-preview":"max-video-preview:-1"},"canonical":"https:\/\/clientes.space\/michele-bond\/website\/tratamento-psoriase\/","og_locale":"pt_PT","og_type":"article","og_title":"Tratamento da Psor\u00edase - Michelle Bond Clinic | Lisboa","og_description":"A psor\u00edase \u00e9 uma doen\u00e7a de pele, cr\u00f3nica, hiperproliferativa. \u00c9 uma doen\u00e7a auto-imune que ocorre quando o sistema imunol\u00f3gico envia sinais","og_url":"https:\/\/clientes.space\/michele-bond\/website\/tratamento-psoriase\/","og_site_name":"Michelle Bond Clinic | Lisboa","article_modified_time":"2023-09-22T17:18:08+00:00","og_image":[{"width":1920,"height":1000,"url":"https:\/\/clientes.space\/michele-bond\/website\/wp-content\/uploads\/2020\/01\/Tratamento-da-Psoriase.jpg","type":"image\/jpeg"}],"twitter_card":"summary_large_image","twitter_misc":{"Tempo estimado de leitura":"5 minutos"},"schema":{"@context":"https:\/\/schema.org","@graph":[{"@type":"WebPage","@id":"https:\/\/clientes.space\/michele-bond\/website\/tratamento-psoriase\/","url":"https:\/\/clientes.space\/michele-bond\/website\/tratamento-psoriase\/","name":"Tratamento da Psor\u00edase - Michelle Bond Clinic | Lisboa","isPartOf":{"@id":"https:\/\/clientes.space\/michele-bond\/website\/#website"},"datePublished":"2016-12-17T11:56:11+00:00","dateModified":"2023-09-22T17:18:08+00:00","description":"A psor\u00edase \u00e9 uma doen\u00e7a de pele, cr\u00f3nica, hiperproliferativa. \u00c9 uma doen\u00e7a auto-imune que ocorre quando o sistema imunol\u00f3gico envia sinais","breadcrumb":{"@id":"https:\/\/clientes.space\/michele-bond\/website\/tratamento-psoriase\/#breadcrumb"},"inLanguage":"pt-PT","potentialAction":[{"@type":"ReadAction","target":["https:\/\/clientes.space\/michele-bond\/website\/tratamento-psoriase\/"]}]},{"@type":"BreadcrumbList","@id":"https:\/\/clientes.space\/michele-bond\/website\/tratamento-psoriase\/#breadcrumb","itemListElement":[{"@type":"ListItem","position":1,"name":"In\u00edcio","item":"https:\/\/clientes.space\/michele-bond\/website\/"},{"@type":"ListItem","position":2,"name":"Tratamento da Psor\u00edase"}]},{"@type":"WebSite","@id":"https:\/\/clientes.space\/michele-bond\/website\/#website","url":"https:\/\/clientes.space\/michele-bond\/website\/","name":"Michelle Bond - Holistic Health &amp; Beauty","description":"Medicina Est\u00e9tica, Naturopatia, Nutri\u00e7\u00e3o e Fisioterapia","potentialAction":[{"@type":"SearchAction","target":{"@type":"EntryPoint","urlTemplate":"https:\/\/clientes.space\/michele-bond\/website\/?s={search_term_string}"},"query-input":"required name=search_term_string"}],"inLanguage":"pt-PT"}]}},"_links":{"self":[{"href":"https:\/\/clientes.space\/michele-bond\/website\/wp-json\/wp\/v2\/pages\/393"}],"collection":[{"href":"https:\/\/clientes.space\/michele-bond\/website\/wp-json\/wp\/v2\/pages"}],"about":[{"href":"https:\/\/clientes.space\/michele-bond\/website\/wp-json\/wp\/v2\/types\/page"}],"author":[{"embeddable":true,"href":"https:\/\/clientes.space\/michele-bond\/website\/wp-json\/wp\/v2\/users\/5"}],"replies":[{"embeddable":true,"href":"https:\/\/clientes.space\/michele-bond\/website\/wp-json\/wp\/v2\/comments?post=393"}],"version-history":[{"count":6,"href":"https:\/\/clientes.space\/michele-bond\/website\/wp-json\/wp\/v2\/pages\/393\/revisions"}],"predecessor-version":[{"id":22338,"href":"https:\/\/clientes.space\/michele-bond\/website\/wp-json\/wp\/v2\/pages\/393\/revisions\/22338"}],"wp:featuredmedia":[{"embeddable":true,"href":"https:\/\/clientes.space\/michele-bond\/website\/wp-json\/wp\/v2\/media\/3880"}],"wp:attachment":[{"href":"https:\/\/clientes.space\/michele-bond\/website\/wp-json\/wp\/v2\/media?parent=393"}],"curies":[{"name":"wp","href":"https:\/\/api.w.org\/{rel}","templated":true}]}}