{"id":4000,"date":"2020-02-24T16:48:49","date_gmt":"2020-02-24T16:48:49","guid":{"rendered":"https:\/\/clientes.space\/michele-bond\/website\/?page_id=4000"},"modified":"2023-09-22T18:54:08","modified_gmt":"2023-09-22T18:54:08","slug":"tratamentos-do-corpo","status":"publish","type":"page","link":"https:\/\/clientes.space\/michele-bond\/website\/tratamentos-do-corpo\/","title":{"rendered":"Tratamentos do Corpo"},"content":{"rendered":"<p>[vc_row content_width=&#8221;grid&#8221; css=&#8221;.vc_custom_1581872502601{border-top-width: 1px !important;border-bottom-width: 1px !important;padding-top: 60px !important;padding-bottom: 60px !important;}&#8221;][vc_column width=&#8221;1\/4&#8243;]<div class=\"mkdf-section-title-holder\">\n\t<h2 class=\"mkdf-section-title\" >\n\tConhe\u00e7a os tratamentos do corpo que temos para si<\/h2>\n<\/div>[vc_column_text]Os tratamentos est\u00e9ticos oferecidos na nossa cl\u00ednica s\u00e3o os melhores aliados \u00e0 sua transforma\u00e7\u00e3o[\/vc_column_text][vc_empty_space height=&#8221;64px&#8221;][\/vc_column][vc_column width=&#8221;3\/4&#8243;]<div class = \"mkdf-portfolio-list-holder-outer mkdf-ptf-standard mkdf-ptf-with-spaces mkdf-ptf-three-columns\" data-next-page= 2 data-type= standard data-columns= three data-grid-size= three data-order-by= menu_order data-order= ASC data-number= -1 data-image-size= square data-filter= no data-filter-order-by= name data-category= tratamentos do corpo data-show-load-more= no data-title-tag= h3 data-show-excerpt= no  data-max-num-pages = 0><div class = \"mkdf-portfolio-list-holder clearfix\" >\t<article class=\"mkdf-portfolio-item mix portfolio_category_401\">\n\t\t<div class = \"mkdf-ptf-item-image-holder\">\n\t\t\t<a href=\"https:\/\/clientes.space\/michele-bond\/website\/depilacao-a-laser\/\">\n\t\t\t\t\t\t\t\t\t<img width=\"550\" height=\"540\" src=\"https:\/\/clientes.space\/michele-bond\/website\/wp-content\/uploads\/2020\/02\/Depilacao-a-laser-550x540.jpg\" class=\"attachment-wellspring_mikado_square size-wellspring_mikado_square wp-post-image\" alt=\"depila\u00e7\u00e3o a laser\" decoding=\"async\" \/>\t\t\t\t\t\t\t<\/a>\n\t\t<\/div>\n\t\t<div class=\"mkdf-ptf-item-text-holder\">\n\t\t\t<h3 class=\"mkdf-ptf-item-title\">\n\t\t\t<a href=\"https:\/\/clientes.space\/michele-bond\/website\/depilacao-a-laser\/\">\n\t\t\t\tDepila\u00e7\u00e3o a laser\t\t\t<\/a>\n\t\t<\/h3>\n\n\t\t\n\t\t\t\t\t<div class=\"mkdf-ptf-item-bottom\">\n\t\t\t\t\t\t\t\t\t<div class=\"mkdf-ptf-category-holder\"><span>Tratamentos do Corpo<\/span><\/div>\t\t\t\t\n\t\t\t\t\t\t\t\t\t<div class=\"mkdf-ptf-like-holder\">\n\t\t\t\t\t\t<a href=\"#\" class=\"mkdf-like\" data-type=\"portfolio_list\" id=\"mkdf-like-4001-410\" title=\"Like this\"><span class=\"mkdf-like-label\">Like<\/span><\/a>\t\t\t\t\t<\/div>\n\t\t\t\t\t\t\t<\/div>\n\t\t\t\t<\/div>\n\t<\/article>\n\t<article class=\"mkdf-portfolio-item mix portfolio_category_401\">\n\t\t<div class = \"mkdf-ptf-item-image-holder\">\n\t\t\t<a href=\"https:\/\/clientes.space\/michele-bond\/website\/depilacao-a-laser-masculina\/\">\n\t\t\t\t\t\t\t\t\t<img width=\"550\" height=\"540\" src=\"https:\/\/clientes.space\/michele-bond\/website\/wp-content\/uploads\/2020\/02\/Depilacao-a-laser-masculina-550x540.jpg\" class=\"attachment-wellspring_mikado_square size-wellspring_mikado_square wp-post-image\" alt=\"Depila\u00e7\u00e3o a laser masculina\" decoding=\"async\" \/>\t\t\t\t\t\t\t<\/a>\n\t\t<\/div>\n\t\t<div class=\"mkdf-ptf-item-text-holder\">\n\t\t\t<h3 class=\"mkdf-ptf-item-title\">\n\t\t\t<a href=\"https:\/\/clientes.space\/michele-bond\/website\/depilacao-a-laser-masculina\/\">\n\t\t\t\tDepila\u00e7\u00e3o a laser masculina\t\t\t<\/a>\n\t\t<\/h3>\n\n\t\t\n\t\t\t\t\t<div class=\"mkdf-ptf-item-bottom\">\n\t\t\t\t\t\t\t\t\t<div class=\"mkdf-ptf-category-holder\"><span>Tratamentos do Corpo<\/span><\/div>\t\t\t\t\n\t\t\t\t\t\t\t\t\t<div class=\"mkdf-ptf-like-holder\">\n\t\t\t\t\t\t<a href=\"#\" class=\"mkdf-like\" data-type=\"portfolio_list\" id=\"mkdf-like-4012-989\" title=\"Like this\"><span class=\"mkdf-like-label\">Like<\/span><\/a>\t\t\t\t\t<\/div>\n\t\t\t\t\t\t\t<\/div>\n\t\t\t\t<\/div>\n\t<\/article>\n\t<article class=\"mkdf-portfolio-item mix portfolio_category_401\">\n\t\t<div class = \"mkdf-ptf-item-image-holder\">\n\t\t\t<a href=\"https:\/\/clientes.space\/michele-bond\/website\/endermologia-lpg\/\">\n\t\t\t\t\t\t\t\t\t<img width=\"550\" height=\"540\" src=\"https:\/\/clientes.space\/michele-bond\/website\/wp-content\/uploads\/2020\/02\/Endermologia-LPG-550x540.jpg\" class=\"attachment-wellspring_mikado_square size-wellspring_mikado_square wp-post-image\" alt=\"Endermologia LPG\" decoding=\"async\" \/>\t\t\t\t\t\t\t<\/a>\n\t\t<\/div>\n\t\t<div class=\"mkdf-ptf-item-text-holder\">\n\t\t\t<h3 class=\"mkdf-ptf-item-title\">\n\t\t\t<a href=\"https:\/\/clientes.space\/michele-bond\/website\/endermologia-lpg\/\">\n\t\t\t\tEndermologia LPG\t\t\t<\/a>\n\t\t<\/h3>\n\n\t\t\n\t\t\t\t\t<div class=\"mkdf-ptf-item-bottom\">\n\t\t\t\t\t\t\t\t\t<div class=\"mkdf-ptf-category-holder\"><span>Tratamentos do Corpo<\/span><\/div>\t\t\t\t\n\t\t\t\t\t\t\t\t\t<div class=\"mkdf-ptf-like-holder\">\n\t\t\t\t\t\t<a href=\"#\" class=\"mkdf-like\" data-type=\"portfolio_list\" id=\"mkdf-like-4013-573\" title=\"Like this\"><span class=\"mkdf-like-label\">Like<\/span><\/a>\t\t\t\t\t<\/div>\n\t\t\t\t\t\t\t<\/div>\n\t\t\t\t<\/div>\n\t<\/article>\n\t<article class=\"mkdf-portfolio-item mix portfolio_category_401\">\n\t\t<div class = \"mkdf-ptf-item-image-holder\">\n\t\t\t<a href=\"https:\/\/clientes.space\/michele-bond\/website\/radiofrequencia-tripolar-maximus-trilipo\/\">\n\t\t\t\t\t\t\t\t\t<img width=\"550\" height=\"540\" src=\"https:\/\/clientes.space\/michele-bond\/website\/wp-content\/uploads\/2020\/02\/Radiofrequencia-Tripolar-550x540.jpg\" class=\"attachment-wellspring_mikado_square size-wellspring_mikado_square wp-post-image\" alt=\"Radiofrequ\u00eancia Tripolar\" decoding=\"async\" \/>\t\t\t\t\t\t\t<\/a>\n\t\t<\/div>\n\t\t<div class=\"mkdf-ptf-item-text-holder\">\n\t\t\t<h3 class=\"mkdf-ptf-item-title\">\n\t\t\t<a href=\"https:\/\/clientes.space\/michele-bond\/website\/radiofrequencia-tripolar-maximus-trilipo\/\">\n\t\t\t\tRadiofrequ\u00eancia Tripolar\t\t\t<\/a>\n\t\t<\/h3>\n\n\t\t\n\t\t\t\t\t<div class=\"mkdf-ptf-item-bottom\">\n\t\t\t\t\t\t\t\t\t<div class=\"mkdf-ptf-category-holder\"><span>Tratamentos do Corpo<\/span><\/div>\t\t\t\t\n\t\t\t\t\t\t\t\t\t<div class=\"mkdf-ptf-like-holder\">\n\t\t\t\t\t\t<a href=\"#\" class=\"mkdf-like\" data-type=\"portfolio_list\" id=\"mkdf-like-4014-918\" title=\"Like this\"><span class=\"mkdf-like-label\">Like<\/span><\/a>\t\t\t\t\t<\/div>\n\t\t\t\t\t\t\t<\/div>\n\t\t\t\t<\/div>\n\t<\/article>\n\t<article class=\"mkdf-portfolio-item mix portfolio_category_401\">\n\t\t<div class = \"mkdf-ptf-item-image-holder\">\n\t\t\t<a href=\"https:\/\/clientes.space\/michele-bond\/website\/endermologia-lpg-homens\/\">\n\t\t\t\t\t\t\t\t\t<img width=\"550\" height=\"540\" src=\"https:\/\/clientes.space\/michele-bond\/website\/wp-content\/uploads\/2020\/02\/Endermologia-LPG-Homens-550x540.jpg\" class=\"attachment-wellspring_mikado_square size-wellspring_mikado_square wp-post-image\" alt=\"Endermologia LPG Homens\" decoding=\"async\" \/>\t\t\t\t\t\t\t<\/a>\n\t\t<\/div>\n\t\t<div class=\"mkdf-ptf-item-text-holder\">\n\t\t\t<h3 class=\"mkdf-ptf-item-title\">\n\t\t\t<a href=\"https:\/\/clientes.space\/michele-bond\/website\/endermologia-lpg-homens\/\">\n\t\t\t\tEndermologia LPG Homens\t\t\t<\/a>\n\t\t<\/h3>\n\n\t\t\n\t\t\t\t\t<div class=\"mkdf-ptf-item-bottom\">\n\t\t\t\t\t\t\t\t\t<div class=\"mkdf-ptf-category-holder\"><span>Tratamentos do Corpo<\/span><\/div>\t\t\t\t\n\t\t\t\t\t\t\t\t\t<div class=\"mkdf-ptf-like-holder\">\n\t\t\t\t\t\t<a href=\"#\" class=\"mkdf-like\" data-type=\"portfolio_list\" id=\"mkdf-like-4015-483\" title=\"Like this\"><span class=\"mkdf-like-label\">Like<\/span><\/a>\t\t\t\t\t<\/div>\n\t\t\t\t\t\t\t<\/div>\n\t\t\t\t<\/div>\n\t<\/article>\n\t<article class=\"mkdf-portfolio-item mix portfolio_category_403 portfolio_category_401\">\n\t\t<div class = \"mkdf-ptf-item-image-holder\">\n\t\t\t<a href=\"https:\/\/clientes.space\/michele-bond\/website\/drenagem-linfatica\/\">\n\t\t\t\t\t\t\t\t\t<img width=\"550\" height=\"540\" src=\"https:\/\/clientes.space\/michele-bond\/website\/wp-content\/uploads\/2020\/02\/Drenagem-Linfatica-550x540.jpg\" class=\"attachment-wellspring_mikado_square size-wellspring_mikado_square wp-post-image\" alt=\"Drenagem Linf\u00e1tica\" decoding=\"async\" \/>\t\t\t\t\t\t\t<\/a>\n\t\t<\/div>\n\t\t<div class=\"mkdf-ptf-item-text-holder\">\n\t\t\t<h3 class=\"mkdf-ptf-item-title\">\n\t\t\t<a href=\"https:\/\/clientes.space\/michele-bond\/website\/drenagem-linfatica\/\">\n\t\t\t\tDrenagem Linf\u00e1tica\t\t\t<\/a>\n\t\t<\/h3>\n\n\t\t\n\t\t\t\t\t<div class=\"mkdf-ptf-item-bottom\">\n\t\t\t\t\t\t\t\t\t<div class=\"mkdf-ptf-category-holder\"><span>Massagens<\/span> \/ <span>Tratamentos do Corpo<\/span><\/div>\t\t\t\t\n\t\t\t\t\t\t\t\t\t<div class=\"mkdf-ptf-like-holder\">\n\t\t\t\t\t\t<a href=\"#\" class=\"mkdf-like\" data-type=\"portfolio_list\" id=\"mkdf-like-4016-723\" title=\"Like this\"><span class=\"mkdf-like-label\">Like<\/span><\/a>\t\t\t\t\t<\/div>\n\t\t\t\t\t\t\t<\/div>\n\t\t\t\t<\/div>\n\t<\/article>\n\t<article class=\"mkdf-portfolio-item mix portfolio_category_401\">\n\t\t<div class = \"mkdf-ptf-item-image-holder\">\n\t\t\t<a href=\"https:\/\/clientes.space\/michele-bond\/website\/massagem-anti-celulite\/\">\n\t\t\t\t\t\t\t\t\t<img width=\"550\" height=\"540\" src=\"https:\/\/clientes.space\/michele-bond\/website\/wp-content\/uploads\/2020\/02\/Massagem-Anti-Celulite-550x540.jpg\" class=\"attachment-wellspring_mikado_square size-wellspring_mikado_square wp-post-image\" alt=\"Massagem Anti-Celulite\" decoding=\"async\" \/>\t\t\t\t\t\t\t<\/a>\n\t\t<\/div>\n\t\t<div class=\"mkdf-ptf-item-text-holder\">\n\t\t\t<h3 class=\"mkdf-ptf-item-title\">\n\t\t\t<a href=\"https:\/\/clientes.space\/michele-bond\/website\/massagem-anti-celulite\/\">\n\t\t\t\tMassagem Anti-Celulite\t\t\t<\/a>\n\t\t<\/h3>\n\n\t\t\n\t\t\t\t\t<div class=\"mkdf-ptf-item-bottom\">\n\t\t\t\t\t\t\t\t\t<div class=\"mkdf-ptf-category-holder\"><span>Tratamentos do Corpo<\/span><\/div>\t\t\t\t\n\t\t\t\t\t\t\t\t\t<div class=\"mkdf-ptf-like-holder\">\n\t\t\t\t\t\t<a href=\"#\" class=\"mkdf-like\" data-type=\"portfolio_list\" id=\"mkdf-like-4017-758\" title=\"Like this\"><span class=\"mkdf-like-label\">Like<\/span><\/a>\t\t\t\t\t<\/div>\n\t\t\t\t\t\t\t<\/div>\n\t\t\t\t<\/div>\n\t<\/article>\n\t<article class=\"mkdf-portfolio-item mix portfolio_category_401\">\n\t\t<div class = \"mkdf-ptf-item-image-holder\">\n\t\t\t<a href=\"https:\/\/clientes.space\/michele-bond\/website\/massagem-modeladora\/\">\n\t\t\t\t\t\t\t\t\t<img width=\"550\" height=\"540\" src=\"https:\/\/clientes.space\/michele-bond\/website\/wp-content\/uploads\/2020\/02\/Massagem-Redutora-550x540.jpg\" class=\"attachment-wellspring_mikado_square size-wellspring_mikado_square wp-post-image\" alt=\"Massagem Redutora\" decoding=\"async\" \/>\t\t\t\t\t\t\t<\/a>\n\t\t<\/div>\n\t\t<div class=\"mkdf-ptf-item-text-holder\">\n\t\t\t<h3 class=\"mkdf-ptf-item-title\">\n\t\t\t<a href=\"https:\/\/clientes.space\/michele-bond\/website\/massagem-modeladora\/\">\n\t\t\t\tMassagem Modeladora\t\t\t<\/a>\n\t\t<\/h3>\n\n\t\t\n\t\t\t\t\t<div class=\"mkdf-ptf-item-bottom\">\n\t\t\t\t\t\t\t\t\t<div class=\"mkdf-ptf-category-holder\"><span>Tratamentos do Corpo<\/span><\/div>\t\t\t\t\n\t\t\t\t\t\t\t\t\t<div class=\"mkdf-ptf-like-holder\">\n\t\t\t\t\t\t<a href=\"#\" class=\"mkdf-like\" data-type=\"portfolio_list\" id=\"mkdf-like-4018-750\" title=\"Like this\"><span class=\"mkdf-like-label\">Like<\/span><\/a>\t\t\t\t\t<\/div>\n\t\t\t\t\t\t\t<\/div>\n\t\t\t\t<\/div>\n\t<\/article>\n\t<article class=\"mkdf-portfolio-item mix portfolio_category_401\">\n\t\t<div class = \"mkdf-ptf-item-image-holder\">\n\t\t\t<a href=\"https:\/\/clientes.space\/michele-bond\/website\/intralipoterapia\">\n\t\t\t\t\t\t\t\t\t<img width=\"550\" height=\"540\" src=\"https:\/\/clientes.space\/michele-bond\/website\/wp-content\/uploads\/2020\/02\/Massagem-das-Famosas-550x540.jpg\" class=\"attachment-wellspring_mikado_square size-wellspring_mikado_square wp-post-image\" alt=\"Massagem das Famosas\" decoding=\"async\" \/>\t\t\t\t\t\t\t<\/a>\n\t\t<\/div>\n\t\t<div class=\"mkdf-ptf-item-text-holder\">\n\t\t\t<h3 class=\"mkdf-ptf-item-title\">\n\t\t\t<a href=\"https:\/\/clientes.space\/michele-bond\/website\/intralipoterapia\">\n\t\t\t\tMassagem das Famosas\t\t\t<\/a>\n\t\t<\/h3>\n\n\t\t\n\t\t\t\t\t<div class=\"mkdf-ptf-item-bottom\">\n\t\t\t\t\t\t\t\t\t<div class=\"mkdf-ptf-category-holder\"><span>Tratamentos do Corpo<\/span><\/div>\t\t\t\t\n\t\t\t\t\t\t\t\t\t<div class=\"mkdf-ptf-like-holder\">\n\t\t\t\t\t\t<a href=\"#\" class=\"mkdf-like\" data-type=\"portfolio_list\" id=\"mkdf-like-4019-122\" title=\"Like this\"><span class=\"mkdf-like-label\">Like<\/span><\/a>\t\t\t\t\t<\/div>\n\t\t\t\t\t\t\t<\/div>\n\t\t\t\t<\/div>\n\t<\/article>\n<div class=\"mkdf-ptf-gap\"><\/div><div class=\"mkdf-ptf-gap\"><\/div><\/div><\/div>[\/vc_column][\/vc_row][vc_row row_type=&#8221;parallax&#8221; full_screen_section_height=&#8221;no&#8221; css=&#8221;.vc_custom_1581960473113{background-color: #fafafa !important;}&#8221;][vc_column]\n\n\t<div class=\"mkdf-call-to-action normal\" style=\"padding: 20px;\">\n\n\t\t\t\t<div class=\"mkdf-container-inner\">\n\t\t\t\t\t<div class=\"mkdf-call-to-action-row-75-25 clearfix\">\n\t\t\n\t\t\t\t<div class=\"mkdf-text-wrapper mkdf-call-to-action-column1 mkdf-call-to-action-cell\">\n\n\t\t\t\t\n\t\t\t\t\t<div class=\"mkdf-call-to-action-text\" >\n\t\t\t\t\t\t\n<h2 class=\"p1\"><strong>Agende hoje a sua consulta<\/strong><\/h2>\n<p>Deixe o seu contacto, ligamos para si.\t\t\t\t\t<\/div>\n\n\t\t\t\t<\/div>\n\n\t\t\t\t\n\t\t\t\t\t<div class=\"mkdf-button-wrapper mkdf-call-to-action-column2 mkdf-call-to-action-cell\" style =\"text-align: right ;\">\n\n\t\t\t\t\t\t<a href=\"\/marcar-consulta\/\" target=\"_self\"  class=\"mkdf-btn mkdf-btn-medium mkdf-btn-solid mkdf-btn-hover-outline\"  >\t\t\t\t<span class=\"mkdf-btn-helper\" ><\/span>\t\t<span class=\"mkdf-btn-text\">Marcar Consulta<\/span><\/a>\n\t\t\t\t\t<\/div>\n\n\t\t\t\t\n\t\t\t<\/div>\n\n\t\t\t\t<\/div>\n\t\t\n\t<\/div>\n\n[\/vc_column][\/vc_row]<\/p>\n","protected":false},"excerpt":{"rendered":"<p>[vc_row content_width=&#8221;grid&#8221; css=&#8221;.vc_custom_1581872502601{border-top-width: 1px !important;border-bottom-width: 1px !important;padding-top: 60px !important;padding-bottom: 60px !important;}&#8221;][vc_column width=&#8221;1\/4&#8243;][vc_column_text]Os tratamentos est\u00e9ticos oferecidos na nossa cl\u00ednica s\u00e3o os&#8230;<\/p>\n","protected":false},"author":2,"featured_media":0,"parent":0,"menu_order":0,"comment_status":"closed","ping_status":"closed","template":"full-width.php","meta":{"content-type":"","footnotes":""},"yoast_head":"<!-- This site is optimized with the Yoast SEO plugin v21.7 - https:\/\/yoast.com\/wordpress\/plugins\/seo\/ -->\n<title>Tratamentos do Corpo - Michelle Bond Clinic | Lisboa<\/title>\n<meta name=\"description\" content=\"Tratamentos do Corpo\" \/>\n<meta name=\"robots\" content=\"index, follow, max-snippet:-1, max-image-preview:large, max-video-preview:-1\" \/>\n<link rel=\"canonical\" href=\"https:\/\/clientes.space\/michele-bond\/website\/tratamentos-do-corpo\/\" \/>\n<meta property=\"og:locale\" content=\"pt_PT\" \/>\n<meta property=\"og:type\" content=\"article\" \/>\n<meta property=\"og:title\" content=\"Tratamentos do Corpo - Michelle Bond Clinic | Lisboa\" \/>\n<meta property=\"og:description\" content=\"Tratamentos do Corpo\" \/>\n<meta property=\"og:url\" content=\"https:\/\/clientes.space\/michele-bond\/website\/tratamentos-do-corpo\/\" \/>\n<meta property=\"og:site_name\" content=\"Michelle Bond Clinic | Lisboa\" \/>\n<meta property=\"article:modified_time\" content=\"2023-09-22T18:54:08+00:00\" \/>\n<meta name=\"twitter:card\" content=\"summary_large_image\" \/>\n<meta name=\"twitter:label1\" content=\"Tempo estimado de leitura\" \/>\n\t<meta name=\"twitter:data1\" content=\"1 minuto\" \/>\n<script type=\"application\/ld+json\" class=\"yoast-schema-graph\">{\"@context\":\"https:\/\/schema.org\",\"@graph\":[{\"@type\":\"WebPage\",\"@id\":\"https:\/\/clientes.space\/michele-bond\/website\/tratamentos-do-corpo\/\",\"url\":\"https:\/\/clientes.space\/michele-bond\/website\/tratamentos-do-corpo\/\",\"name\":\"Tratamentos do Corpo - Michelle Bond Clinic | Lisboa\",\"isPartOf\":{\"@id\":\"https:\/\/clientes.space\/michele-bond\/website\/#website\"},\"datePublished\":\"2020-02-24T16:48:49+00:00\",\"dateModified\":\"2023-09-22T18:54:08+00:00\",\"description\":\"Tratamentos do Corpo\",\"breadcrumb\":{\"@id\":\"https:\/\/clientes.space\/michele-bond\/website\/tratamentos-do-corpo\/#breadcrumb\"},\"inLanguage\":\"pt-PT\",\"potentialAction\":[{\"@type\":\"ReadAction\",\"target\":[\"https:\/\/clientes.space\/michele-bond\/website\/tratamentos-do-corpo\/\"]}]},{\"@type\":\"BreadcrumbList\",\"@id\":\"https:\/\/clientes.space\/michele-bond\/website\/tratamentos-do-corpo\/#breadcrumb\",\"itemListElement\":[{\"@type\":\"ListItem\",\"position\":1,\"name\":\"In\u00edcio\",\"item\":\"https:\/\/clientes.space\/michele-bond\/website\/\"},{\"@type\":\"ListItem\",\"position\":2,\"name\":\"Tratamentos do Corpo\"}]},{\"@type\":\"WebSite\",\"@id\":\"https:\/\/clientes.space\/michele-bond\/website\/#website\",\"url\":\"https:\/\/clientes.space\/michele-bond\/website\/\",\"name\":\"Michelle Bond - Holistic Health &amp; Beauty\",\"description\":\"Medicina Est\u00e9tica, Naturopatia, Nutri\u00e7\u00e3o e Fisioterapia\",\"potentialAction\":[{\"@type\":\"SearchAction\",\"target\":{\"@type\":\"EntryPoint\",\"urlTemplate\":\"https:\/\/clientes.space\/michele-bond\/website\/?s={search_term_string}\"},\"query-input\":\"required name=search_term_string\"}],\"inLanguage\":\"pt-PT\"}]}<\/script>\n<!-- \/ Yoast SEO plugin. -->","yoast_head_json":{"title":"Tratamentos do Corpo - Michelle Bond Clinic | Lisboa","description":"Tratamentos do Corpo","robots":{"index":"index","follow":"follow","max-snippet":"max-snippet:-1","max-image-preview":"max-image-preview:large","max-video-preview":"max-video-preview:-1"},"canonical":"https:\/\/clientes.space\/michele-bond\/website\/tratamentos-do-corpo\/","og_locale":"pt_PT","og_type":"article","og_title":"Tratamentos do Corpo - Michelle Bond Clinic | Lisboa","og_description":"Tratamentos do Corpo","og_url":"https:\/\/clientes.space\/michele-bond\/website\/tratamentos-do-corpo\/","og_site_name":"Michelle Bond Clinic | Lisboa","article_modified_time":"2023-09-22T18:54:08+00:00","twitter_card":"summary_large_image","twitter_misc":{"Tempo estimado de leitura":"1 minuto"},"schema":{"@context":"https:\/\/schema.org","@graph":[{"@type":"WebPage","@id":"https:\/\/clientes.space\/michele-bond\/website\/tratamentos-do-corpo\/","url":"https:\/\/clientes.space\/michele-bond\/website\/tratamentos-do-corpo\/","name":"Tratamentos do Corpo - Michelle Bond Clinic | Lisboa","isPartOf":{"@id":"https:\/\/clientes.space\/michele-bond\/website\/#website"},"datePublished":"2020-02-24T16:48:49+00:00","dateModified":"2023-09-22T18:54:08+00:00","description":"Tratamentos do Corpo","breadcrumb":{"@id":"https:\/\/clientes.space\/michele-bond\/website\/tratamentos-do-corpo\/#breadcrumb"},"inLanguage":"pt-PT","potentialAction":[{"@type":"ReadAction","target":["https:\/\/clientes.space\/michele-bond\/website\/tratamentos-do-corpo\/"]}]},{"@type":"BreadcrumbList","@id":"https:\/\/clientes.space\/michele-bond\/website\/tratamentos-do-corpo\/#breadcrumb","itemListElement":[{"@type":"ListItem","position":1,"name":"In\u00edcio","item":"https:\/\/clientes.space\/michele-bond\/website\/"},{"@type":"ListItem","position":2,"name":"Tratamentos do Corpo"}]},{"@type":"WebSite","@id":"https:\/\/clientes.space\/michele-bond\/website\/#website","url":"https:\/\/clientes.space\/michele-bond\/website\/","name":"Michelle Bond - Holistic Health &amp; Beauty","description":"Medicina Est\u00e9tica, Naturopatia, Nutri\u00e7\u00e3o e Fisioterapia","potentialAction":[{"@type":"SearchAction","target":{"@type":"EntryPoint","urlTemplate":"https:\/\/clientes.space\/michele-bond\/website\/?s={search_term_string}"},"query-input":"required name=search_term_string"}],"inLanguage":"pt-PT"}]}},"_links":{"self":[{"href":"https:\/\/clientes.space\/michele-bond\/website\/wp-json\/wp\/v2\/pages\/4000"}],"collection":[{"href":"https:\/\/clientes.space\/michele-bond\/website\/wp-json\/wp\/v2\/pages"}],"about":[{"href":"https:\/\/clientes.space\/michele-bond\/website\/wp-json\/wp\/v2\/types\/page"}],"author":[{"embeddable":true,"href":"https:\/\/clientes.space\/michele-bond\/website\/wp-json\/wp\/v2\/users\/2"}],"replies":[{"embeddable":true,"href":"https:\/\/clientes.space\/michele-bond\/website\/wp-json\/wp\/v2\/comments?post=4000"}],"version-history":[{"count":1,"href":"https:\/\/clientes.space\/michele-bond\/website\/wp-json\/wp\/v2\/pages\/4000\/revisions"}],"predecessor-version":[{"id":22353,"href":"https:\/\/clientes.space\/michele-bond\/website\/wp-json\/wp\/v2\/pages\/4000\/revisions\/22353"}],"wp:attachment":[{"href":"https:\/\/clientes.space\/michele-bond\/website\/wp-json\/wp\/v2\/media?parent=4000"}],"curies":[{"name":"wp","href":"https:\/\/api.w.org\/{rel}","templated":true}]}}