{"id":442,"date":"2016-12-17T14:20:18","date_gmt":"2016-12-17T14:20:18","guid":{"rendered":"http:\/\/dev.michellebond.pt\/?page_id=442"},"modified":"2023-01-12T15:18:10","modified_gmt":"2023-01-12T15:18:10","slug":"blog","status":"publish","type":"page","link":"https:\/\/clientes.space\/michele-bond\/website\/blog\/","title":{"rendered":"Blog"},"content":{"rendered":"<p>[vc_row][vc_column][vc_raw_html el_class=&#8221;title-seo&#8221;]JTNDaDElM0VPJTIwTm9zc28lMjBCbG9nJTNDJTJGaDElM0U=[\/vc_raw_html][\/vc_column][\/vc_row]<\/p>\n","protected":false},"excerpt":{"rendered":"<p>[vc_row][vc_column][vc_raw_html el_class=&#8221;title-seo&#8221;]JTNDaDElM0VPJTIwTm9zc28lMjBCbG9nJTNDJTJGaDElM0U=[\/vc_raw_html][\/vc_column][\/vc_row]<\/p>\n","protected":false},"author":5,"featured_media":0,"parent":0,"menu_order":0,"comment_status":"closed","ping_status":"closed","template":"blog-masonry.php","meta":{"content-type":"","footnotes":""},"yoast_head":"<!-- This site is optimized with the Yoast SEO plugin v21.7 - https:\/\/yoast.com\/wordpress\/plugins\/seo\/ -->\n<title>Blog - Michelle Bond Clinic | Lisboa<\/title>\n<meta name=\"description\" content=\"Blog\" \/>\n<meta name=\"robots\" content=\"index, follow, max-snippet:-1, max-image-preview:large, max-video-preview:-1\" \/>\n<link rel=\"canonical\" href=\"https:\/\/clientes.space\/michele-bond\/website\/blog\/\" \/>\n<meta property=\"og:locale\" content=\"pt_PT\" \/>\n<meta property=\"og:type\" content=\"article\" \/>\n<meta property=\"og:title\" content=\"Blog - Michelle Bond Clinic | Lisboa\" \/>\n<meta property=\"og:description\" content=\"Blog\" \/>\n<meta property=\"og:url\" content=\"https:\/\/clientes.space\/michele-bond\/website\/blog\/\" \/>\n<meta property=\"og:site_name\" content=\"Michelle Bond Clinic | Lisboa\" \/>\n<meta property=\"article:modified_time\" content=\"2023-01-12T15:18:10+00:00\" \/>\n<meta name=\"twitter:card\" content=\"summary_large_image\" \/>\n<meta name=\"twitter:label1\" content=\"Tempo estimado de leitura\" \/>\n\t<meta name=\"twitter:data1\" content=\"1 minuto\" \/>\n<script type=\"application\/ld+json\" class=\"yoast-schema-graph\">{\"@context\":\"https:\/\/schema.org\",\"@graph\":[{\"@type\":\"WebPage\",\"@id\":\"https:\/\/clientes.space\/michele-bond\/website\/blog\/\",\"url\":\"https:\/\/clientes.space\/michele-bond\/website\/blog\/\",\"name\":\"Blog - Michelle Bond Clinic | Lisboa\",\"isPartOf\":{\"@id\":\"https:\/\/clientes.space\/michele-bond\/website\/#website\"},\"datePublished\":\"2016-12-17T14:20:18+00:00\",\"dateModified\":\"2023-01-12T15:18:10+00:00\",\"description\":\"Blog\",\"breadcrumb\":{\"@id\":\"https:\/\/clientes.space\/michele-bond\/website\/blog\/#breadcrumb\"},\"inLanguage\":\"pt-PT\",\"potentialAction\":[{\"@type\":\"ReadAction\",\"target\":[\"https:\/\/clientes.space\/michele-bond\/website\/blog\/\"]}]},{\"@type\":\"BreadcrumbList\",\"@id\":\"https:\/\/clientes.space\/michele-bond\/website\/blog\/#breadcrumb\",\"itemListElement\":[{\"@type\":\"ListItem\",\"position\":1,\"name\":\"In\u00edcio\",\"item\":\"https:\/\/clientes.space\/michele-bond\/website\/\"},{\"@type\":\"ListItem\",\"position\":2,\"name\":\"Blog\"}]},{\"@type\":\"WebSite\",\"@id\":\"https:\/\/clientes.space\/michele-bond\/website\/#website\",\"url\":\"https:\/\/clientes.space\/michele-bond\/website\/\",\"name\":\"Michelle Bond - Holistic Health &amp; Beauty\",\"description\":\"Medicina Est\u00e9tica, Naturopatia, Nutri\u00e7\u00e3o e Fisioterapia\",\"potentialAction\":[{\"@type\":\"SearchAction\",\"target\":{\"@type\":\"EntryPoint\",\"urlTemplate\":\"https:\/\/clientes.space\/michele-bond\/website\/?s={search_term_string}\"},\"query-input\":\"required name=search_term_string\"}],\"inLanguage\":\"pt-PT\"}]}<\/script>\n<!-- \/ Yoast SEO plugin. -->","yoast_head_json":{"title":"Blog - Michelle Bond Clinic | Lisboa","description":"Blog","robots":{"index":"index","follow":"follow","max-snippet":"max-snippet:-1","max-image-preview":"max-image-preview:large","max-video-preview":"max-video-preview:-1"},"canonical":"https:\/\/clientes.space\/michele-bond\/website\/blog\/","og_locale":"pt_PT","og_type":"article","og_title":"Blog - Michelle Bond Clinic | Lisboa","og_description":"Blog","og_url":"https:\/\/clientes.space\/michele-bond\/website\/blog\/","og_site_name":"Michelle Bond Clinic | Lisboa","article_modified_time":"2023-01-12T15:18:10+00:00","twitter_card":"summary_large_image","twitter_misc":{"Tempo estimado de leitura":"1 minuto"},"schema":{"@context":"https:\/\/schema.org","@graph":[{"@type":"WebPage","@id":"https:\/\/clientes.space\/michele-bond\/website\/blog\/","url":"https:\/\/clientes.space\/michele-bond\/website\/blog\/","name":"Blog - Michelle Bond Clinic | Lisboa","isPartOf":{"@id":"https:\/\/clientes.space\/michele-bond\/website\/#website"},"datePublished":"2016-12-17T14:20:18+00:00","dateModified":"2023-01-12T15:18:10+00:00","description":"Blog","breadcrumb":{"@id":"https:\/\/clientes.space\/michele-bond\/website\/blog\/#breadcrumb"},"inLanguage":"pt-PT","potentialAction":[{"@type":"ReadAction","target":["https:\/\/clientes.space\/michele-bond\/website\/blog\/"]}]},{"@type":"BreadcrumbList","@id":"https:\/\/clientes.space\/michele-bond\/website\/blog\/#breadcrumb","itemListElement":[{"@type":"ListItem","position":1,"name":"In\u00edcio","item":"https:\/\/clientes.space\/michele-bond\/website\/"},{"@type":"ListItem","position":2,"name":"Blog"}]},{"@type":"WebSite","@id":"https:\/\/clientes.space\/michele-bond\/website\/#website","url":"https:\/\/clientes.space\/michele-bond\/website\/","name":"Michelle Bond - Holistic Health &amp; Beauty","description":"Medicina Est\u00e9tica, Naturopatia, Nutri\u00e7\u00e3o e Fisioterapia","potentialAction":[{"@type":"SearchAction","target":{"@type":"EntryPoint","urlTemplate":"https:\/\/clientes.space\/michele-bond\/website\/?s={search_term_string}"},"query-input":"required name=search_term_string"}],"inLanguage":"pt-PT"}]}},"_links":{"self":[{"href":"https:\/\/clientes.space\/michele-bond\/website\/wp-json\/wp\/v2\/pages\/442"}],"collection":[{"href":"https:\/\/clientes.space\/michele-bond\/website\/wp-json\/wp\/v2\/pages"}],"about":[{"href":"https:\/\/clientes.space\/michele-bond\/website\/wp-json\/wp\/v2\/types\/page"}],"author":[{"embeddable":true,"href":"https:\/\/clientes.space\/michele-bond\/website\/wp-json\/wp\/v2\/users\/5"}],"replies":[{"embeddable":true,"href":"https:\/\/clientes.space\/michele-bond\/website\/wp-json\/wp\/v2\/comments?post=442"}],"version-history":[{"count":2,"href":"https:\/\/clientes.space\/michele-bond\/website\/wp-json\/wp\/v2\/pages\/442\/revisions"}],"predecessor-version":[{"id":20339,"href":"https:\/\/clientes.space\/michele-bond\/website\/wp-json\/wp\/v2\/pages\/442\/revisions\/20339"}],"wp:attachment":[{"href":"https:\/\/clientes.space\/michele-bond\/website\/wp-json\/wp\/v2\/media?parent=442"}],"curies":[{"name":"wp","href":"https:\/\/api.w.org\/{rel}","templated":true}]}}