{"id":5409,"date":"2020-04-30T11:36:29","date_gmt":"2020-04-30T11:36:29","guid":{"rendered":"https:\/\/clientes.space\/michele-bond\/website\/?page_id=5409"},"modified":"2023-09-22T14:34:34","modified_gmt":"2023-09-22T14:34:34","slug":"preenchimento-bigode-chines","status":"publish","type":"page","link":"https:\/\/clientes.space\/michele-bond\/website\/preenchimento-bigode-chines\/","title":{"rendered":"Bigode Chin\u00eas"},"content":{"rendered":"<p>[vc_row content_width=&#8221;grid&#8221; el_class=&#8221;first-section&#8221; css=&#8221;.vc_custom_1481240302876{padding-top: 60px !important;}&#8221;][vc_column width=&#8221;1\/2&#8243;]<div class=\"mkdf-section-title-holder\">\n\t<h2 class=\"mkdf-section-title mkdf-section-title-small\" style=\"text-transform: none;text-align: left\">\n\tO que \u00e9 o &#039;bigode chin\u00eas&#039;?<\/h2>\n<\/div>[vc_column_text]\u00c0 medida que envelhecemos, a pele come\u00e7a a perder a elasticidade, o que pode fazer com que voc\u00ea pare\u00e7a mais velha do que o seu eu interior.<\/p>\n<p>O sulco nasolabial, ou bigode chin\u00eas, \u00e9 o vinco profundo, em ambos os lados do rosto, que vai do nariz at\u00e9 os cantos da boca.<\/p>\n<p>Esse vinco se torna mais vis\u00edvel com o envelhecimento. A gordura \u00e9 perdida nas bochechas, reduzindo o volume da pele e fazendo essa dobra parecer mais profunda.<\/p>\n<p>Sorrir repetidamente ou ter um \u201cgrande sorriso\u201d tamb\u00e9m pode resultar em vincos profundos e permanentes nessa \u00e1rea.<\/p>\n<p>As rugas s\u00e3o uma parte natural do envelhecimento, e n\u00e3o h\u00e1 motivos para tem\u00ea-las. No entanto, embora voc\u00ea sempre deva amar a sua pele e corpo em qualquer idade, n\u00e3o h\u00e1 necessidade de sentir-se mal por querer parecer mais jovem. Afinal, n\u00e3o h\u00e1 vaidade em querer ficar mais atraente.<\/p>\n<p>Portanto, se voc\u00ea deseja diminuir os sinais de envelhecimento no seu rosto, temos boas not\u00edcias para voc\u00ea. Existem alternativas seguras, de excelente custo-benef\u00edcio e sem a necessidade de procedimentos cir\u00fargicos.[\/vc_column_text][vc_empty_space][\/vc_column][vc_column width=&#8221;1\/2&#8243;]<div class=\"mkdf-section-title-holder\">\n\t<h2 class=\"mkdf-section-title mkdf-section-title-small\" style=\"text-transform: none;text-align: left\">\n\tPerguntas frequentes<\/h2>\n<\/div>[vc_column_text]<\/p>\n<ul>\n<li><strong>Qual \u00e9 o tempo do procedimento?<\/strong><br \/>\nAproximadamente 30 &#8211; 60 minutos<\/li>\n<li><strong>Quando irei ver os resultados?<\/strong><br \/>\n<em>Preenchimento com agulhas:<\/em> o resultado \u00e9 imediato<br \/>\n<em>Preenchimento sem agulhas:<\/em> no pr\u00f3prio dia j\u00e1 ir\u00e1 ver resultados e pode levar at\u00e9 duas semanas para o \u00e1cido hialur\u00f3nico se instalar totalmente.<\/li>\n<li><strong>Quanto tempo duram os resultados?<\/strong><br \/>\n<em>Preenchimento com agulhas<\/em><strong>:<\/strong>\u00a06 a 9 meses.<br \/>\n<em>Preenchimento sem agulhas:<\/em> 6 meses.<\/li>\n<li><strong>Qual o tempo de recupera\u00e7\u00e3o?<\/strong><br \/>\nN\u00e3o h\u00e1 tempo de inatividade. Voc\u00ea pode retornar ao trabalho e realizar atividades normais de imediato. No entanto recomendamos que n\u00e3o fa\u00e7a atividade f\u00edsica intensiva no dia do preenchimento, evite tocar com as m\u00e3os na zona tratada e evite exposi\u00e7\u00e3o solar excessiva.<\/li>\n<\/ul>\n<p>[\/vc_column_text][vc_empty_space][vc_btn title=&#8221;Veja o Antes e Depois&#8221; shape=&#8221;round&#8221; color=&#8221;black&#8221; link=&#8221;url:https%3A%2F%2Fclientes.space%2Fmichele-bond%2Fwebsite%2Fresultados-antes-e-depois%2Frosto%2F|title:Veja%20o%20Antes%20e%20Depois|target:_blank&#8221;][\/vc_column][\/vc_row][vc_row content_width=&#8221;grid&#8221; el_class=&#8221;first-section&#8221; css=&#8221;.vc_custom_1481238748781{padding-bottom: 50px !important;}&#8221;][vc_column width=&#8221;1\/2&#8243;]<div class=\"mkdf-section-title-holder\">\n\t<h2 class=\"mkdf-section-title mkdf-section-title-small\" style=\"text-transform: none;text-align: left\">\n\tComo funciona o tratamento?<\/h2>\n<\/div>[vc_column_text]O sulco nasolabial pode ser corrigido atrav\u00e9s do preenchimento com \u00e1cido hialur\u00f3nico,\u00a0<span lang=\"pt\">restaurando o volume perdido e suavizando a apar\u00eancia desses vincos. Na nossa cl\u00ednica, voc\u00ea tem a op\u00e7\u00e3o de fazer o preenchimento dos sulcos nasogenianos com ou sem agulhas:<\/span><\/p>\n<p><strong>Preenchimento com agulhas<\/strong><\/p>\n<p>A sess\u00e3o inicia com a higieniza\u00e7\u00e3o da pele e o uso de uma pomada anest\u00e9sica, para aliviar o desconforto causado pelo contato da agulha com a pele. Realizada a primeira etapa, a aplica\u00e7\u00e3o \u00e9 iniciada atrav\u00e9s da inje\u00e7\u00e3o do \u00e1cido hialur\u00f3nico na pele, utilizando medidas de profundidade de acordo com a necessidade do tratamento. A sess\u00e3o, geralmente, \u00e9 realizada uma \u00fanica vez. Como se trata de um preenchimento absorv\u00edvel, tem dura\u00e7\u00e3o m\u00e9dia de 6 a 9 meses, aplica\u00e7\u00f5es peri\u00f3dicas podem ser realizadas dependendo do caso e da avalia\u00e7\u00e3o do especialista.<\/p>\n<p><strong>Preenchimento sem agulhas<\/strong><\/p>\n<p>A Hyaluron Pen \u00e9 um\u00a0 dispositivo que gera press\u00e3o o suficiente para inserir \u00e1cido hialur\u00f3nico na pele, r<span lang=\"pt\">estaurando o volume perdido e suavizando a apar\u00eancia desses vincos.<\/span>\u00a0Atrav\u00e9s da tecnologia de press\u00e3o intrad\u00e9rmica, ela insere o \u00e1cido hialur\u00f3nico na pele e faz com que se transforme em mol\u00e9culas da Nano Scale. O di\u00e2metro desse fluxo \u00e9 de 0,17 mm, duas vezes menor que a menor agulha de insulina. \u00c9 um m\u00e9todo n\u00e3o invasivo de transfer\u00eancia de l\u00edquido.<\/p>\n<p>&nbsp;<\/p>\n<p>&nbsp;<\/p>\n<p>&nbsp;<\/p>\n<p>[\/vc_column_text][vc_empty_space][\/vc_column][vc_column width=&#8221;1\/2&#8243;]<div class=\"mkdf-section-title-holder\">\n\t<h2 class=\"mkdf-section-title mkdf-section-title-small\" style=\"text-transform: none;text-align: left\">\n\tPre\u00e7os<\/h2>\n<\/div>[vc_column_text]<\/p>\n<ul>\n<li><strong>Preenchimento<\/strong>\n<ul>\n<li>1 seringa: 350\u20ac<\/li>\n<\/ul>\n<p><strong>Preenchimento sem agulhas (Hyaluron Pen)<\/strong><\/p>\n<ul>\n<li>1 ampola: 130\u20ac<\/li>\n<\/ul>\n<p>&nbsp;<\/li>\n<\/ul>\n<p>[\/vc_column_text][vc_empty_space][\/vc_column][\/vc_row][vc_row css=&#8221;.vc_custom_1558103582333{background-color: #fafafa !important;}&#8221;][vc_column]\n\n\t<div class=\"mkdf-call-to-action normal\" style=\"padding: 20px;\">\n\n\t\t\t\t<div class=\"mkdf-container-inner\">\n\t\t\t\t\t<div class=\"mkdf-call-to-action-row-75-25 clearfix\">\n\t\t\n\t\t\t\t<div class=\"mkdf-text-wrapper mkdf-call-to-action-column1 mkdf-call-to-action-cell\">\n\n\t\t\t\t\n\t\t\t\t\t<div class=\"mkdf-call-to-action-text\" >\n\t\t\t\t\t\t\n<h2 class=\"p1\" style=\"margin-top: 10px !important;\"><strong>Agende hoje a sua consulta<\/strong><\/h2>\n\t\t\t\t\t<\/div>\n\n\t\t\t\t<\/div>\n\n\t\t\t\t\n\t\t\t\t\t<div class=\"mkdf-button-wrapper mkdf-call-to-action-column2 mkdf-call-to-action-cell\" style =\"text-align: right ;\">\n\n\t\t\t\t\t\t<a href=\"\/marcar-consulta\/\" target=\"_self\"  class=\"mkdf-btn mkdf-btn-medium mkdf-btn-solid mkdf-btn-hover-outline\"  >\t\t\t\t<span class=\"mkdf-btn-helper\" ><\/span>\t\t<span class=\"mkdf-btn-text\">Marcar Consulta<\/span><\/a>\n\t\t\t\t\t<\/div>\n\n\t\t\t\t\n\t\t\t<\/div>\n\n\t\t\t\t<\/div>\n\t\t\n\t<\/div>\n\n[\/vc_column][\/vc_row][vc_row content_width=&#8221;grid&#8221; css=&#8221;.vc_custom_1558103594699{border-top-width: 1px !important;border-bottom-width: 1px !important;padding-top: 60px !important;padding-bottom: 60px !important;}&#8221;][vc_column][vc_column_text]\n\t\t<style>\n\t\t\t#wpls-logo-showcase-slider-1 .wpls-fix-box,\n\t\t\t#wpls-logo-showcase-slider-1 .wpls-fix-box img.wp-post-image{max-height:250px; }\n\t\t<\/style>\n\n\t\t<div class=\"wpls-wrap wpls-logo-showcase-slider-wrp wpls-logo-clearfix wpls-design-1 \" data-conf=\"{&quot;slides_column&quot;:&quot;4&quot;,&quot;slides_scroll&quot;:1,&quot;dots&quot;:&quot;true&quot;,&quot;arrows&quot;:&quot;true&quot;,&quot;autoplay&quot;:&quot;true&quot;,&quot;autoplay_interval&quot;:3000,&quot;loop&quot;:&quot;true&quot;,&quot;rtl&quot;:&quot;false&quot;,&quot;speed&quot;:800,&quot;center_mode&quot;:&quot;false&quot;,&quot;lazyload&quot;:&quot;&quot;}\">\n\t\t\t<div class=\"wpls-logo-showcase logo_showcase wpls-logo-slider  sliderimage_hide_border \" id=\"wpls-logo-showcase-slider-1\" >\n\t\t\t\t<div class=\"wpls-logo-cnt\">\n\t<div class=\"wpls-fix-box\">\n\t\t\t\t<img class=\"wp-post-image\"  src=\"https:\/\/clientes.space\/michele-bond\/website\/wp-content\/uploads\/2018\/08\/womens-health-1.png\" alt=\"womens-health\" \/>\n\t\t\t<\/div>\n\t<\/div><div class=\"wpls-logo-cnt\">\n\t<div class=\"wpls-fix-box\">\n\t\t\t\t<img class=\"wp-post-image\"  src=\"https:\/\/clientes.space\/michele-bond\/website\/wp-content\/uploads\/2018\/08\/Rede_Vida_logo-1.png\" alt=\"Rede_Vida\" \/>\n\t\t\t<\/div>\n\t<\/div><div class=\"wpls-logo-cnt\">\n\t<div class=\"wpls-fix-box\">\n\t\t\t\t<img class=\"wp-post-image\"  src=\"https:\/\/clientes.space\/michele-bond\/website\/wp-content\/uploads\/2018\/08\/forever_young_logo.png\" alt=\"forever_young\" \/>\n\t\t\t<\/div>\n\t<\/div><div class=\"wpls-logo-cnt\">\n\t<div class=\"wpls-fix-box\">\n\t\t\t\t<img class=\"wp-post-image\"  src=\"https:\/\/clientes.space\/michele-bond\/website\/wp-content\/uploads\/2018\/08\/SVBlog_Logo-1.png\" alt=\"SVBlog\" \/>\n\t\t\t<\/div>\n\t<\/div>\t\t\t<\/div>\n\t\t<\/div>\n\n\t\t[\/vc_column_text][\/vc_column][\/vc_row][vc_row content_width=&#8221;grid&#8221; css=&#8221;.vc_custom_1604942870222{border-top-width: 1px !important;border-bottom-width: 1px !important;padding-top: 60px !important;padding-bottom: 60px !important;background-color: #f8f8f8 !important;}&#8221;][vc_column]<div class=\"mkdf-section-title-holder\">\n\t<h2 class=\"mkdf-section-title\" style=\"text-align: center\">\n\tOutros tratamentos para Rejuvenescimento Facial<\/h2>\n<\/div><div class=\"mkdf-section-subtitle-holder mkdf-section-subtitle-center\" >\n\t<p style=\"text-align: center\" class=\"mkdf-section-subtitle\">Saiba como em cada um deles!<\/p>\n<\/div><div class=\"mkdf-carousel-holder clearfix mkdf-carousel-three-rows mkdf-carousel-navigation\"><div class=\"mkdf-carousel \" data-items=\"3\" data-navigation=\"yes\"><div class=\"mkdf-carousel-item-outer-holder border\"><div class=\"mkdf-carousel-item-holder\">\n\t\t<a href=\"https:\/\/clientes.space\/michele-bond\/website\/radiofrequencia-rosto\/\" target=\"_self\">\n\t\t\t\t\t\t\t<span class=\"mkdf-carousel-first-image-holder  mkdf-image-zoom\">\n\t\t\t\t<img width=\"450\" height=\"420\" src=\"https:\/\/clientes.space\/michele-bond\/website\/wp-content\/uploads\/2021\/03\/Radiofrequencia-no-Rosto.jpg\" class=\"attachment-full size-full\" alt=\"Radiofrequ\u00eancia no Rosto\" decoding=\"async\" srcset=\"https:\/\/clientes.space\/michele-bond\/website\/wp-content\/uploads\/2021\/03\/Radiofrequencia-no-Rosto.jpg 450w, https:\/\/clientes.space\/michele-bond\/website\/wp-content\/uploads\/2021\/03\/Radiofrequencia-no-Rosto-300x280.jpg 300w\" sizes=\"(max-width: 450px) 100vw, 450px\" \/>\t\t\t<\/span>\n\t\t\t\t\t\t\t<\/a>\n<\/div><\/div><div class=\"mkdf-carousel-item-outer-holder border\"><div class=\"mkdf-carousel-item-holder\">\n\t\t<a href=\"\/injecao-anti-rugas\/\" target=\"_self\">\n\t\t\t\t\t\t\t<span class=\"mkdf-carousel-first-image-holder  mkdf-image-zoom\">\n\t\t\t\t<img width=\"450\" height=\"420\" src=\"https:\/\/clientes.space\/michele-bond\/website\/wp-content\/uploads\/2020\/11\/Tratamento-Injecao-Anti-Rugas.jpg\" class=\"attachment-full size-full\" alt=\"Tratamento Inje\u00e7\u00e3o Anti-Rugas\" decoding=\"async\" srcset=\"https:\/\/clientes.space\/michele-bond\/website\/wp-content\/uploads\/2020\/11\/Tratamento-Injecao-Anti-Rugas.jpg 450w, https:\/\/clientes.space\/michele-bond\/website\/wp-content\/uploads\/2020\/11\/Tratamento-Injecao-Anti-Rugas-300x280.jpg 300w\" sizes=\"(max-width: 450px) 100vw, 450px\" \/>\t\t\t<\/span>\n\t\t\t\t\t\t\t<\/a>\n<\/div><\/div><div class=\"mkdf-carousel-item-outer-holder border\"><div class=\"mkdf-carousel-item-holder\">\n\t\t<a href=\"\/bioestimuladores-de-colagenio\/\" target=\"_self\">\n\t\t\t\t\t\t\t<span class=\"mkdf-carousel-first-image-holder  mkdf-image-zoom\">\n\t\t\t\t<img width=\"450\" height=\"420\" src=\"https:\/\/clientes.space\/michele-bond\/website\/wp-content\/uploads\/2021\/05\/tratamento-por-bioestimuladores-de-colagenio.jpg\" class=\"attachment-full size-full\" alt=\"Tratamento por bioestimuladores de colag\u00e9nio\" decoding=\"async\" srcset=\"https:\/\/clientes.space\/michele-bond\/website\/wp-content\/uploads\/2021\/05\/tratamento-por-bioestimuladores-de-colagenio.jpg 450w, https:\/\/clientes.space\/michele-bond\/website\/wp-content\/uploads\/2021\/05\/tratamento-por-bioestimuladores-de-colagenio-300x280.jpg 300w\" sizes=\"(max-width: 450px) 100vw, 450px\" \/>\t\t\t<\/span>\n\t\t\t\t\t\t\t<\/a>\n<\/div><\/div><\/div><\/div>[\/vc_column][\/vc_row][vc_row row_type=&#8221;parallax&#8221; full_screen_section_height=&#8221;no&#8221; parallax_background_image=&#8221;164&#8243; css=&#8221;.vc_custom_1481238989291{padding-top: 65px !important;padding-bottom: 65px !important;}&#8221;][vc_column]<div class=\"mkdf-section-title-holder\">\n\t<h2 class=\"mkdf-section-title mkdf-section-title-medium\" style=\"color: #ffffff;text-transform: capitalize;text-align: center\">\n\tClientes Satisfeitos<\/h2>\n<\/div>[vc_empty_space]<div class=\"mkdf-testimonials-holder clearfix light\"><div class=\"mkdf-testimonials testimonials-slider\"><div id=\"mkdf-testimonials83\" class=\"mkdf-testimonial-content testimonials-slider\">\n\t<div class=\"mkdf-testimonial-content-inner\">\n\t\t\t\t\t<div class= \"mkdf-container-inner\">\n\t\t\t\t<div class=\"mkdf-testimonial-text-holder\">\n\t\t\t<div class=\"mkdf-testimonial-text-inner light\">\n\t\t\t\t\t\t\t\t<p class=\"mkdf-testimonial-text\" >Depois de ter o meu segundo filho, e de maus h\u00e1bitos alimentares, ganhei muito peso. Com o acompanhamento que tive na Cl\u00ednica consegui perder 7 quilos e agora sinto-me muito bem! Obrigado a todos.<\/p>\n\t\t\t\t\t\t\t\t\t<div class=\"mkdf-testimonial-author\">\n\t\t\t\t\t\t<h3 class=\"mkdf-testimonial-author-text light\">F\u00e1tima (38 Anos)<\/h3>\n\t\t\t\t\t\t\t\t\t\t\t\t\t<span class=\"mkdf-testimonials-job light\">Lisboa<\/span>\n\t\t\t\t\t\t\t\t\t\t\t<\/div>\n\t\t\t\t\t\t\t<\/div>\n\t\t<\/div>\n\n\t\t\t\t\t<\/div>\n\t\t\t<\/div>\n<\/div>\n<div id=\"mkdf-testimonials82\" class=\"mkdf-testimonial-content testimonials-slider\">\n\t<div class=\"mkdf-testimonial-content-inner\">\n\t\t\t\t\t<div class= \"mkdf-container-inner\">\n\t\t\t\t<div class=\"mkdf-testimonial-text-holder\">\n\t\t\t<div class=\"mkdf-testimonial-text-inner light\">\n\t\t\t\t\t\t\t\t<p class=\"mkdf-testimonial-text\" >Sempre tive muitas dificuldades em dormir, tentei muitas terapias mas s\u00f3 com a ajuda da Dra Michelle \u00e9 que descobri o que \u00e9 uma boa noite de sono. Sou hoje uma pessoa diferente e com muito mais energia.<\/p>\n\t\t\t\t\t\t\t\t\t<div class=\"mkdf-testimonial-author\">\n\t\t\t\t\t\t<h3 class=\"mkdf-testimonial-author-text light\">Carla (45 Anos)<\/h3>\n\t\t\t\t\t\t\t\t\t\t\t\t\t<span class=\"mkdf-testimonials-job light\">Alg\u00e9s<\/span>\n\t\t\t\t\t\t\t\t\t\t\t<\/div>\n\t\t\t\t\t\t\t<\/div>\n\t\t<\/div>\n\n\t\t\t\t\t<\/div>\n\t\t\t<\/div>\n<\/div>\n<\/div><\/div>[\/vc_column][\/vc_row][vc_row][vc_column]\n\n\t<div class=\"mkdf-call-to-action normal\" style=\"padding: 20px;\">\n\n\t\t\t\t<div class=\"mkdf-container-inner\">\n\t\t\t\t\t<div class=\"mkdf-call-to-action-row-75-25 clearfix\">\n\t\t\n\t\t\t\t<div class=\"mkdf-text-wrapper mkdf-call-to-action-column1 mkdf-call-to-action-cell\">\n\n\t\t\t\t\n\t\t\t\t\t<div class=\"mkdf-call-to-action-text\" >\n\t\t\t\t\t\t\n<h2 class=\"p1\" style=\"margin-top: 10px !important;\"><strong>Agende hoje a sua consulta<\/strong><\/h2>\n\t\t\t\t\t<\/div>\n\n\t\t\t\t<\/div>\n\n\t\t\t\t\n\t\t\t\t\t<div class=\"mkdf-button-wrapper mkdf-call-to-action-column2 mkdf-call-to-action-cell\" style =\"text-align: right ;\">\n\n\t\t\t\t\t\t<a href=\"\/marcar-consulta\/\" target=\"_self\"  class=\"mkdf-btn mkdf-btn-medium mkdf-btn-solid mkdf-btn-hover-outline\"  >\t\t\t\t<span class=\"mkdf-btn-helper\" ><\/span>\t\t<span class=\"mkdf-btn-text\">Marcar Consulta<\/span><\/a>\n\t\t\t\t\t<\/div>\n\n\t\t\t\t\n\t\t\t<\/div>\n\n\t\t\t\t<\/div>\n\t\t\n\t<\/div>\n\n[\/vc_column][\/vc_row]<\/p>\n","protected":false},"excerpt":{"rendered":"<p>[vc_row content_width=&#8221;grid&#8221; el_class=&#8221;first-section&#8221; css=&#8221;.vc_custom_1481240302876{padding-top: 60px !important;}&#8221;][vc_column width=&#8221;1\/2&#8243;][vc_column_text]\u00c0 medida que envelhecemos, a pele come\u00e7a a perder a elasticidade, o que pode&#8230;<\/p>\n","protected":false},"author":2,"featured_media":4119,"parent":0,"menu_order":0,"comment_status":"closed","ping_status":"closed","template":"full-width.php","meta":{"content-type":"","footnotes":""},"yoast_head":"<!-- This site is optimized with the Yoast SEO plugin v21.7 - https:\/\/yoast.com\/wordpress\/plugins\/seo\/ -->\n<title>Preenchimento do Bigode Chin\u00eas com \u00c1cido Hialur\u00f3nico<\/title>\n<meta name=\"description\" content=\"O sulco nasolabial (bigode chin\u00eas) pode ser corrigido atrav\u00e9s do preenchimento com \u00e1cido hialur\u00f3nico, restaurando o volume perdido e suavizando a apar\u00eancia\" \/>\n<meta name=\"robots\" content=\"index, follow, max-snippet:-1, max-image-preview:large, max-video-preview:-1\" \/>\n<link rel=\"canonical\" href=\"https:\/\/clientes.space\/michele-bond\/website\/preenchimento-bigode-chines\/\" \/>\n<meta property=\"og:locale\" content=\"pt_PT\" \/>\n<meta property=\"og:type\" content=\"article\" \/>\n<meta property=\"og:title\" content=\"Preenchimento do Bigode Chin\u00eas com \u00c1cido Hialur\u00f3nico\" \/>\n<meta property=\"og:description\" content=\"O sulco nasolabial (bigode chin\u00eas) pode ser corrigido atrav\u00e9s do preenchimento com \u00e1cido hialur\u00f3nico, restaurando o volume perdido e suavizando a apar\u00eancia\" \/>\n<meta property=\"og:url\" content=\"https:\/\/clientes.space\/michele-bond\/website\/preenchimento-bigode-chines\/\" \/>\n<meta property=\"og:site_name\" content=\"Michelle Bond Clinic | Lisboa\" \/>\n<meta property=\"article:modified_time\" content=\"2023-09-22T14:34:34+00:00\" \/>\n<meta property=\"og:image\" content=\"https:\/\/clientes.space\/michele-bond\/website\/wp-content\/uploads\/2020\/03\/Preenchimento-com-acido-hialuronico-sem-agulhas.jpg\" \/>\n\t<meta property=\"og:image:width\" content=\"1702\" \/>\n\t<meta property=\"og:image:height\" content=\"630\" \/>\n\t<meta property=\"og:image:type\" content=\"image\/jpeg\" \/>\n<meta name=\"twitter:card\" content=\"summary_large_image\" \/>\n<meta name=\"twitter:label1\" content=\"Tempo estimado de leitura\" \/>\n\t<meta name=\"twitter:data1\" content=\"4 minutos\" \/>\n<script type=\"application\/ld+json\" class=\"yoast-schema-graph\">{\"@context\":\"https:\/\/schema.org\",\"@graph\":[{\"@type\":\"WebPage\",\"@id\":\"https:\/\/clientes.space\/michele-bond\/website\/preenchimento-bigode-chines\/\",\"url\":\"https:\/\/clientes.space\/michele-bond\/website\/preenchimento-bigode-chines\/\",\"name\":\"Preenchimento do Bigode Chin\u00eas com \u00c1cido Hialur\u00f3nico\",\"isPartOf\":{\"@id\":\"https:\/\/clientes.space\/michele-bond\/website\/#website\"},\"datePublished\":\"2020-04-30T11:36:29+00:00\",\"dateModified\":\"2023-09-22T14:34:34+00:00\",\"description\":\"O sulco nasolabial (bigode chin\u00eas) pode ser corrigido atrav\u00e9s do preenchimento com \u00e1cido hialur\u00f3nico, restaurando o volume perdido e suavizando a apar\u00eancia\",\"breadcrumb\":{\"@id\":\"https:\/\/clientes.space\/michele-bond\/website\/preenchimento-bigode-chines\/#breadcrumb\"},\"inLanguage\":\"pt-PT\",\"potentialAction\":[{\"@type\":\"ReadAction\",\"target\":[\"https:\/\/clientes.space\/michele-bond\/website\/preenchimento-bigode-chines\/\"]}]},{\"@type\":\"BreadcrumbList\",\"@id\":\"https:\/\/clientes.space\/michele-bond\/website\/preenchimento-bigode-chines\/#breadcrumb\",\"itemListElement\":[{\"@type\":\"ListItem\",\"position\":1,\"name\":\"In\u00edcio\",\"item\":\"https:\/\/clientes.space\/michele-bond\/website\/\"},{\"@type\":\"ListItem\",\"position\":2,\"name\":\"Bigode Chin\u00eas\"}]},{\"@type\":\"WebSite\",\"@id\":\"https:\/\/clientes.space\/michele-bond\/website\/#website\",\"url\":\"https:\/\/clientes.space\/michele-bond\/website\/\",\"name\":\"Michelle Bond - Holistic Health &amp; Beauty\",\"description\":\"Medicina Est\u00e9tica, Naturopatia, Nutri\u00e7\u00e3o e Fisioterapia\",\"potentialAction\":[{\"@type\":\"SearchAction\",\"target\":{\"@type\":\"EntryPoint\",\"urlTemplate\":\"https:\/\/clientes.space\/michele-bond\/website\/?s={search_term_string}\"},\"query-input\":\"required name=search_term_string\"}],\"inLanguage\":\"pt-PT\"}]}<\/script>\n<!-- \/ Yoast SEO plugin. -->","yoast_head_json":{"title":"Preenchimento do Bigode Chin\u00eas com \u00c1cido Hialur\u00f3nico","description":"O sulco nasolabial (bigode chin\u00eas) pode ser corrigido atrav\u00e9s do preenchimento com \u00e1cido hialur\u00f3nico, restaurando o volume perdido e suavizando a apar\u00eancia","robots":{"index":"index","follow":"follow","max-snippet":"max-snippet:-1","max-image-preview":"max-image-preview:large","max-video-preview":"max-video-preview:-1"},"canonical":"https:\/\/clientes.space\/michele-bond\/website\/preenchimento-bigode-chines\/","og_locale":"pt_PT","og_type":"article","og_title":"Preenchimento do Bigode Chin\u00eas com \u00c1cido Hialur\u00f3nico","og_description":"O sulco nasolabial (bigode chin\u00eas) pode ser corrigido atrav\u00e9s do preenchimento com \u00e1cido hialur\u00f3nico, restaurando o volume perdido e suavizando a apar\u00eancia","og_url":"https:\/\/clientes.space\/michele-bond\/website\/preenchimento-bigode-chines\/","og_site_name":"Michelle Bond Clinic | Lisboa","article_modified_time":"2023-09-22T14:34:34+00:00","og_image":[{"width":1702,"height":630,"url":"https:\/\/clientes.space\/michele-bond\/website\/wp-content\/uploads\/2020\/03\/Preenchimento-com-acido-hialuronico-sem-agulhas.jpg","type":"image\/jpeg"}],"twitter_card":"summary_large_image","twitter_misc":{"Tempo estimado de leitura":"4 minutos"},"schema":{"@context":"https:\/\/schema.org","@graph":[{"@type":"WebPage","@id":"https:\/\/clientes.space\/michele-bond\/website\/preenchimento-bigode-chines\/","url":"https:\/\/clientes.space\/michele-bond\/website\/preenchimento-bigode-chines\/","name":"Preenchimento do Bigode Chin\u00eas com \u00c1cido Hialur\u00f3nico","isPartOf":{"@id":"https:\/\/clientes.space\/michele-bond\/website\/#website"},"datePublished":"2020-04-30T11:36:29+00:00","dateModified":"2023-09-22T14:34:34+00:00","description":"O sulco nasolabial (bigode chin\u00eas) pode ser corrigido atrav\u00e9s do preenchimento com \u00e1cido hialur\u00f3nico, restaurando o volume perdido e suavizando a apar\u00eancia","breadcrumb":{"@id":"https:\/\/clientes.space\/michele-bond\/website\/preenchimento-bigode-chines\/#breadcrumb"},"inLanguage":"pt-PT","potentialAction":[{"@type":"ReadAction","target":["https:\/\/clientes.space\/michele-bond\/website\/preenchimento-bigode-chines\/"]}]},{"@type":"BreadcrumbList","@id":"https:\/\/clientes.space\/michele-bond\/website\/preenchimento-bigode-chines\/#breadcrumb","itemListElement":[{"@type":"ListItem","position":1,"name":"In\u00edcio","item":"https:\/\/clientes.space\/michele-bond\/website\/"},{"@type":"ListItem","position":2,"name":"Bigode Chin\u00eas"}]},{"@type":"WebSite","@id":"https:\/\/clientes.space\/michele-bond\/website\/#website","url":"https:\/\/clientes.space\/michele-bond\/website\/","name":"Michelle Bond - Holistic Health &amp; Beauty","description":"Medicina Est\u00e9tica, Naturopatia, Nutri\u00e7\u00e3o e Fisioterapia","potentialAction":[{"@type":"SearchAction","target":{"@type":"EntryPoint","urlTemplate":"https:\/\/clientes.space\/michele-bond\/website\/?s={search_term_string}"},"query-input":"required name=search_term_string"}],"inLanguage":"pt-PT"}]}},"_links":{"self":[{"href":"https:\/\/clientes.space\/michele-bond\/website\/wp-json\/wp\/v2\/pages\/5409"}],"collection":[{"href":"https:\/\/clientes.space\/michele-bond\/website\/wp-json\/wp\/v2\/pages"}],"about":[{"href":"https:\/\/clientes.space\/michele-bond\/website\/wp-json\/wp\/v2\/types\/page"}],"author":[{"embeddable":true,"href":"https:\/\/clientes.space\/michele-bond\/website\/wp-json\/wp\/v2\/users\/2"}],"replies":[{"embeddable":true,"href":"https:\/\/clientes.space\/michele-bond\/website\/wp-json\/wp\/v2\/comments?post=5409"}],"version-history":[{"count":8,"href":"https:\/\/clientes.space\/michele-bond\/website\/wp-json\/wp\/v2\/pages\/5409\/revisions"}],"predecessor-version":[{"id":22263,"href":"https:\/\/clientes.space\/michele-bond\/website\/wp-json\/wp\/v2\/pages\/5409\/revisions\/22263"}],"wp:featuredmedia":[{"embeddable":true,"href":"https:\/\/clientes.space\/michele-bond\/website\/wp-json\/wp\/v2\/media\/4119"}],"wp:attachment":[{"href":"https:\/\/clientes.space\/michele-bond\/website\/wp-json\/wp\/v2\/media?parent=5409"}],"curies":[{"name":"wp","href":"https:\/\/api.w.org\/{rel}","templated":true}]}}