{"id":5584,"date":"2020-05-10T09:03:01","date_gmt":"2020-05-10T09:03:01","guid":{"rendered":"https:\/\/clientes.space\/michele-bond\/website\/?page_id=5584"},"modified":"2023-09-22T13:47:12","modified_gmt":"2023-09-22T13:47:12","slug":"peeling-anti-acne","status":"publish","type":"page","link":"https:\/\/clientes.space\/michele-bond\/website\/peeling-anti-acne\/","title":{"rendered":"Peeling Anti-Acne"},"content":{"rendered":"<p>[vc_row content_width=&#8221;grid&#8221; el_class=&#8221;first-section&#8221; css=&#8221;.vc_custom_1481240302876{padding-top: 60px !important;}&#8221;][vc_column width=&#8221;1\/2&#8243;]<div class=\"mkdf-section-title-holder\">\n\t<h2 class=\"mkdf-section-title mkdf-section-title-small\" style=\"text-transform: none;text-align: left\">\n\tO que \u00e9 o peeling anti-acne?<\/h2>\n<\/div>[vc_column_text]O peeling anti-acne ajuda a reduzir a frequ\u00eancia das les\u00f5es e a melhorar a apar\u00eancia geral da pele. A combina\u00e7\u00e3o do \u00e1cido salic\u00edlico e do \u00e1cido azel\u00e1ico melhoram as les\u00f5es existentes e reduz significativamente as bact\u00e9rias causadoras de acne, ajudando a reequilibrar a produ\u00e7\u00e3o de \u00f3leo de sua pele.<\/p>\n<p>Saiba mais sobre com funciona o nosso peeling anti-acne:<\/p>\n<ul>\n<li><strong>Tempo de dura\u00e7\u00e3o do tratamento<\/strong>: 60 minutos<\/li>\n<li><strong>A minha pele vai descamar?<\/strong> Por n\u00e3o se tratar de um peeling profundo, \u00e9 improv\u00e1vel que a pele descame. O que pode acontecer \u00e9 uma ligeira descama\u00e7\u00e3o.<\/li>\n<\/ul>\n<p>[\/vc_column_text][vc_empty_space][\/vc_column][vc_column width=&#8221;1\/2&#8243;]<div class=\"mkdf-section-title-holder\">\n\t<h2 class=\"mkdf-section-title mkdf-section-title-small\" style=\"text-transform: none;text-align: left\">\n\tVantagens para a sua pele<\/h2>\n<\/div>[vc_column_text]O procedimento do peeling anti-acne tem v\u00e1rias vantagens para a sua pele, entre elas destacamos as seguintes:<\/p>\n<ul>\n<li dir=\"ltr\" data-placeholder=\"Tradu\u00e7\u00e3o\"><span lang=\"pt\" tabindex=\"0\">Redu\u00e7\u00e3o do excesso de sebo, o que leva a uma pele oleosa;<\/span><\/li>\n<li class=\"tw-data-text tw-text-large tw-ta\" dir=\"ltr\" data-placeholder=\"Tradu\u00e7\u00e3o\"><span lang=\"pt\" tabindex=\"0\">Remo\u00e7\u00e3o de pontos negros e borbulhas, c\u00e9lulas mortas e outras impurezas;<\/span><\/li>\n<li class=\"tw-data-text tw-text-large tw-ta\" dir=\"ltr\" data-placeholder=\"Tradu\u00e7\u00e3o\"><span lang=\"pt\" tabindex=\"0\">Diminui\u00e7\u00e3o da acne existente.<\/span><\/li>\n<\/ul>\n<p>Assim como tamb\u00e9m ajuda a:<\/p>\n<ul>\n<li class=\"tw-data-text tw-text-large tw-ta\" dir=\"ltr\" data-placeholder=\"Tradu\u00e7\u00e3o\"><span lang=\"pt\" tabindex=\"0\">Evitar o aparecimento de novas borbulhas;<\/span><\/li>\n<li class=\"tw-data-text tw-text-large tw-ta\" dir=\"ltr\" data-placeholder=\"Tradu\u00e7\u00e3o\"><span lang=\"pt\" tabindex=\"0\">Melhorar a textura da pele;<\/span><\/li>\n<li class=\"tw-data-text tw-text-large tw-ta\" dir=\"ltr\" data-placeholder=\"Tradu\u00e7\u00e3o\"><span lang=\"pt\" tabindex=\"0\">Reduzir as cicatrizes da acne e a hiper-pigmenta\u00e7\u00e3o p\u00f3s-acne.<\/span><\/li>\n<\/ul>\n<p>[\/vc_column_text][vc_empty_space][\/vc_column][\/vc_row][vc_row content_width=&#8221;grid&#8221; el_class=&#8221;first-section&#8221; css=&#8221;.vc_custom_1481238748781{padding-bottom: 50px !important;}&#8221;][vc_column width=&#8221;1\/2&#8243;]<div class=\"mkdf-section-title-holder\">\n\t<h2 class=\"mkdf-section-title mkdf-section-title-small\" style=\"text-transform: none;text-align: left\">\n\tResultados<\/h2>\n<\/div>[vc_column_text]Os resultados do peeling anti-acne s\u00e3o uma pele mais:<\/p>\n<ul>\n<li>Uniforme;<\/li>\n<li>Suave;<\/li>\n<li>Revitalizada.<\/li>\n<\/ul>\n<p>Estes resultados s\u00e3o logo vis\u00edveis, e os seus benef\u00edcios prevalecer\u00e3o nas semanas seguintes.\u00a0No entanto, para uma melhoria cont\u00ednua da sua pele, recomendamos um pacote de tratamentos.<\/p>\n<p>Na nossa cl\u00ednica, as terapeutas sabem das dificuldades sociais que a acne pode causar, compreendemos o impacto que uma pele inflamada e com borbulhas pode ter na sua auto-estima.\u00a0\u00c9 de salientar que cada vez mais \u00e9 comum tratarmos casos de acne adulta, tanto em homens como em mulheres.<\/p>\n<p>[\/vc_column_text][vc_empty_space][\/vc_column][vc_column width=&#8221;1\/2&#8243;]<div class=\"mkdf-section-title-holder\">\n\t<h2 class=\"mkdf-section-title mkdf-section-title-small\" style=\"text-transform: none;text-align: left\">\n\tPre\u00e7o<\/h2>\n<\/div>[vc_column_text]<\/p>\n<ul>\n<li>1 sess\u00e3o: 65\u20ac<\/li>\n<\/ul>\n<p><strong>Pacotes:<\/strong><\/p>\n<ul>\n<li>3 sess\u00f5es: 179\u20ac<\/li>\n<li>5 sess\u00f5es: 275\u20ac<\/li>\n<\/ul>\n<p>[\/vc_column_text][vc_single_image image=&#8221;6149&#8243; img_size=&#8221;250&#215;200&#8243; style=&#8221;vc_box_border_circle&#8221;][vc_empty_space][\/vc_column][\/vc_row][vc_row css=&#8221;.vc_custom_1589101513873{background-color: #f8f8f8 !important;}&#8221;][vc_column]\n\n\t<div class=\"mkdf-call-to-action normal\" style=\"padding: 20px;\">\n\n\t\t\t\t<div class=\"mkdf-container-inner\">\n\t\t\t\t\t<div class=\"mkdf-call-to-action-row-75-25 clearfix\">\n\t\t\n\t\t\t\t<div class=\"mkdf-text-wrapper mkdf-call-to-action-column1 mkdf-call-to-action-cell\">\n\n\t\t\t\t\n\t\t\t\t\t<div class=\"mkdf-call-to-action-text\" >\n\t\t\t\t\t\t\n<h2 class=\"p1\" style=\"margin-top: 10px !important;\"><strong>Agende hoje o seu peeling<\/strong><\/h2>\n\t\t\t\t\t<\/div>\n\n\t\t\t\t<\/div>\n\n\t\t\t\t\n\t\t\t\t\t<div class=\"mkdf-button-wrapper mkdf-call-to-action-column2 mkdf-call-to-action-cell\" style =\"text-align: right ;\">\n\n\t\t\t\t\t\t<a href=\"\/marcar-consulta\/\" target=\"_self\"  class=\"mkdf-btn mkdf-btn-medium mkdf-btn-solid mkdf-btn-hover-outline\"  >\t\t\t\t<span class=\"mkdf-btn-helper\" ><\/span>\t\t<span class=\"mkdf-btn-text\">Marcar Consulta<\/span><\/a>\n\t\t\t\t\t<\/div>\n\n\t\t\t\t\n\t\t\t<\/div>\n\n\t\t\t\t<\/div>\n\t\t\n\t<\/div>\n\n[\/vc_column][\/vc_row][vc_row content_width=&#8221;grid&#8221; css=&#8221;.vc_custom_1558947862312{border-top-width: 1px !important;border-bottom-width: 1px !important;padding-top: 60px !important;padding-bottom: 60px !important;}&#8221;][vc_column]<div class=\"mkdf-section-title-holder\">\n\t<h2 class=\"mkdf-section-title\" style=\"text-align: center\">\n\tOutros tratamentos faciais<\/h2>\n<\/div><div class=\"mkdf-section-subtitle-holder mkdf-section-subtitle-center\" >\n\t<p style=\"text-align: center\" class=\"mkdf-section-subtitle\">Saiba sobre cada um deles!<\/p>\n<\/div><div class=\"mkdf-carousel-holder clearfix mkdf-carousel-three-rows mkdf-carousel-navigation\"><div class=\"mkdf-carousel \" data-items=\"3\" data-navigation=\"yes\"><\/div><\/div>[vc_empty_space]<a href=\"\/tratamentos-de-rosto\/\" target=\"_self\"  class=\"mkdf-btn mkdf-btn-medium mkdf-btn-solid mkdf-btn-hover-outline\"  >\n\t\n\t\t\t<span class=\"mkdf-btn-helper\" ><\/span>\n\t\t<span class=\"mkdf-btn-text\">Todos os tratamentos de rosto<\/span>\n<\/a>[\/vc_column][\/vc_row][vc_row content_width=&#8221;grid&#8221; css=&#8221;.vc_custom_1593431122914{border-top-width: 1px !important;border-bottom-width: 1px !important;padding-top: 60px !important;padding-bottom: 60px !important;background-color: #f8f8f8 !important;}&#8221; el_id=&#8221;logo-revistas&#8221;][vc_column][vc_column_text]\n\t\t<style>\n\t\t\t#wpls-logo-showcase-slider-1 .wpls-fix-box,\n\t\t\t#wpls-logo-showcase-slider-1 .wpls-fix-box img.wp-post-image{max-height:250px; }\n\t\t<\/style>\n\n\t\t<div class=\"wpls-wrap wpls-logo-showcase-slider-wrp wpls-logo-clearfix wpls-design-1 \" data-conf=\"{&quot;slides_column&quot;:&quot;4&quot;,&quot;slides_scroll&quot;:1,&quot;dots&quot;:&quot;true&quot;,&quot;arrows&quot;:&quot;true&quot;,&quot;autoplay&quot;:&quot;true&quot;,&quot;autoplay_interval&quot;:3000,&quot;loop&quot;:&quot;true&quot;,&quot;rtl&quot;:&quot;false&quot;,&quot;speed&quot;:800,&quot;center_mode&quot;:&quot;false&quot;,&quot;lazyload&quot;:&quot;&quot;}\">\n\t\t\t<div class=\"wpls-logo-showcase logo_showcase wpls-logo-slider  sliderimage_hide_border \" id=\"wpls-logo-showcase-slider-1\" >\n\t\t\t\t<div class=\"wpls-logo-cnt\">\n\t<div class=\"wpls-fix-box\">\n\t\t\t\t<img class=\"wp-post-image\"  src=\"https:\/\/clientes.space\/michele-bond\/website\/wp-content\/uploads\/2018\/08\/womens-health-1.png\" alt=\"womens-health\" \/>\n\t\t\t<\/div>\n\t<\/div><div class=\"wpls-logo-cnt\">\n\t<div class=\"wpls-fix-box\">\n\t\t\t\t<img class=\"wp-post-image\"  src=\"https:\/\/clientes.space\/michele-bond\/website\/wp-content\/uploads\/2018\/08\/Rede_Vida_logo-1.png\" alt=\"Rede_Vida\" \/>\n\t\t\t<\/div>\n\t<\/div><div class=\"wpls-logo-cnt\">\n\t<div class=\"wpls-fix-box\">\n\t\t\t\t<img class=\"wp-post-image\"  src=\"https:\/\/clientes.space\/michele-bond\/website\/wp-content\/uploads\/2018\/08\/forever_young_logo.png\" alt=\"forever_young\" \/>\n\t\t\t<\/div>\n\t<\/div><div class=\"wpls-logo-cnt\">\n\t<div class=\"wpls-fix-box\">\n\t\t\t\t<img class=\"wp-post-image\"  src=\"https:\/\/clientes.space\/michele-bond\/website\/wp-content\/uploads\/2018\/08\/SVBlog_Logo-1.png\" alt=\"SVBlog\" \/>\n\t\t\t<\/div>\n\t<\/div>\t\t\t<\/div>\n\t\t<\/div>\n\n\t\t[\/vc_column_text][\/vc_column][\/vc_row][vc_row row_type=&#8221;parallax&#8221; full_screen_section_height=&#8221;no&#8221; parallax_background_image=&#8221;164&#8243; css=&#8221;.vc_custom_1589101530129{padding-top: 65px !important;padding-bottom: 65px !important;background-color: #f8f8f8 !important;}&#8221;][vc_column]<div class=\"mkdf-section-title-holder\">\n\t<h2 class=\"mkdf-section-title mkdf-section-title-medium\" style=\"color: #ffffff;text-transform: capitalize;text-align: center\">\n\tClientes Satisfeitos<\/h2>\n<\/div>[vc_empty_space]<div class=\"mkdf-testimonials-holder clearfix light\"><div class=\"mkdf-testimonials testimonials-slider\"><div id=\"mkdf-testimonials83\" class=\"mkdf-testimonial-content testimonials-slider\">\n\t<div class=\"mkdf-testimonial-content-inner\">\n\t\t\t\t\t<div class= \"mkdf-container-inner\">\n\t\t\t\t<div class=\"mkdf-testimonial-text-holder\">\n\t\t\t<div class=\"mkdf-testimonial-text-inner light\">\n\t\t\t\t\t\t\t\t<p class=\"mkdf-testimonial-text\" >Depois de ter o meu segundo filho, e de maus h\u00e1bitos alimentares, ganhei muito peso. Com o acompanhamento que tive na Cl\u00ednica consegui perder 7 quilos e agora sinto-me muito bem! Obrigado a todos.<\/p>\n\t\t\t\t\t\t\t\t\t<div class=\"mkdf-testimonial-author\">\n\t\t\t\t\t\t<h3 class=\"mkdf-testimonial-author-text light\">F\u00e1tima (38 Anos)<\/h3>\n\t\t\t\t\t\t\t\t\t\t\t\t\t<span class=\"mkdf-testimonials-job light\">Lisboa<\/span>\n\t\t\t\t\t\t\t\t\t\t\t<\/div>\n\t\t\t\t\t\t\t<\/div>\n\t\t<\/div>\n\n\t\t\t\t\t<\/div>\n\t\t\t<\/div>\n<\/div>\n<div id=\"mkdf-testimonials82\" class=\"mkdf-testimonial-content testimonials-slider\">\n\t<div class=\"mkdf-testimonial-content-inner\">\n\t\t\t\t\t<div class= \"mkdf-container-inner\">\n\t\t\t\t<div class=\"mkdf-testimonial-text-holder\">\n\t\t\t<div class=\"mkdf-testimonial-text-inner light\">\n\t\t\t\t\t\t\t\t<p class=\"mkdf-testimonial-text\" >Sempre tive muitas dificuldades em dormir, tentei muitas terapias mas s\u00f3 com a ajuda da Dra Michelle \u00e9 que descobri o que \u00e9 uma boa noite de sono. Sou hoje uma pessoa diferente e com muito mais energia.<\/p>\n\t\t\t\t\t\t\t\t\t<div class=\"mkdf-testimonial-author\">\n\t\t\t\t\t\t<h3 class=\"mkdf-testimonial-author-text light\">Carla (45 Anos)<\/h3>\n\t\t\t\t\t\t\t\t\t\t\t\t\t<span class=\"mkdf-testimonials-job light\">Alg\u00e9s<\/span>\n\t\t\t\t\t\t\t\t\t\t\t<\/div>\n\t\t\t\t\t\t\t<\/div>\n\t\t<\/div>\n\n\t\t\t\t\t<\/div>\n\t\t\t<\/div>\n<\/div>\n<\/div><\/div>[\/vc_column][\/vc_row][vc_row][vc_column]\n\n\t<div class=\"mkdf-call-to-action normal\" style=\"padding: 20px;\">\n\n\t\t\t\t<div class=\"mkdf-container-inner\">\n\t\t\t\t\t<div class=\"mkdf-call-to-action-row-75-25 clearfix\">\n\t\t\n\t\t\t\t<div class=\"mkdf-text-wrapper mkdf-call-to-action-column1 mkdf-call-to-action-cell\">\n\n\t\t\t\t\n\t\t\t\t\t<div class=\"mkdf-call-to-action-text\" >\n\t\t\t\t\t\t\n<h2 class=\"p1\" style=\"margin-top: 10px !important;\"><strong>Agende hoje o seu peeling<\/strong><\/h2>\n\t\t\t\t\t<\/div>\n\n\t\t\t\t<\/div>\n\n\t\t\t\t\n\t\t\t\t\t<div class=\"mkdf-button-wrapper mkdf-call-to-action-column2 mkdf-call-to-action-cell\" style =\"text-align: right ;\">\n\n\t\t\t\t\t\t<a href=\"\/marcar-consulta\/\" target=\"_self\"  class=\"mkdf-btn mkdf-btn-medium mkdf-btn-solid mkdf-btn-hover-outline\"  >\t\t\t\t<span class=\"mkdf-btn-helper\" ><\/span>\t\t<span class=\"mkdf-btn-text\">Marcar Consulta<\/span><\/a>\n\t\t\t\t\t<\/div>\n\n\t\t\t\t\n\t\t\t<\/div>\n\n\t\t\t\t<\/div>\n\t\t\n\t<\/div>\n\n[\/vc_column][\/vc_row]<\/p>\n","protected":false},"excerpt":{"rendered":"<p>[vc_row content_width=&#8221;grid&#8221; el_class=&#8221;first-section&#8221; css=&#8221;.vc_custom_1481240302876{padding-top: 60px !important;}&#8221;][vc_column width=&#8221;1\/2&#8243;][vc_column_text]O peeling anti-acne ajuda a reduzir a frequ\u00eancia das les\u00f5es e a melhorar a&#8230;<\/p>\n","protected":false},"author":2,"featured_media":6150,"parent":0,"menu_order":0,"comment_status":"closed","ping_status":"closed","template":"full-width.php","meta":{"content-type":"","footnotes":""},"yoast_head":"<!-- This site is optimized with the Yoast SEO plugin v21.7 - https:\/\/yoast.com\/wordpress\/plugins\/seo\/ -->\n<title>Peeling anti-acne - Cl\u00ednica Michelle Bond | Parque das Na\u00e7\u00f5es Lisboa<\/title>\n<meta name=\"description\" content=\"O peeling anti-acne ajuda a reduzir a frequ\u00eancia das les\u00f5es e a melhorar a apar\u00eancia geral da pele. A combina\u00e7\u00e3o do \u00e1cido salic\u00edlico e do \u00e1cido azel\u00e1ico\" \/>\n<meta name=\"robots\" content=\"index, follow, max-snippet:-1, max-image-preview:large, max-video-preview:-1\" \/>\n<link rel=\"canonical\" href=\"https:\/\/clientes.space\/michele-bond\/website\/peeling-anti-acne\/\" \/>\n<meta property=\"og:locale\" content=\"pt_PT\" \/>\n<meta property=\"og:type\" content=\"article\" \/>\n<meta property=\"og:title\" content=\"Peeling anti-acne - Cl\u00ednica Michelle Bond | Parque das Na\u00e7\u00f5es Lisboa\" \/>\n<meta property=\"og:description\" content=\"O peeling anti-acne ajuda a reduzir a frequ\u00eancia das les\u00f5es e a melhorar a apar\u00eancia geral da pele. A combina\u00e7\u00e3o do \u00e1cido salic\u00edlico e do \u00e1cido azel\u00e1ico\" \/>\n<meta property=\"og:url\" content=\"https:\/\/clientes.space\/michele-bond\/website\/peeling-anti-acne\/\" \/>\n<meta property=\"og:site_name\" content=\"Michelle Bond Clinic | Lisboa\" \/>\n<meta property=\"article:modified_time\" content=\"2023-09-22T13:47:12+00:00\" \/>\n<meta property=\"og:image\" content=\"https:\/\/clientes.space\/michele-bond\/website\/wp-content\/uploads\/2020\/06\/Tratamento-Peeling-Anti-Acne.jpg\" \/>\n\t<meta property=\"og:image:width\" content=\"1702\" \/>\n\t<meta property=\"og:image:height\" content=\"630\" \/>\n\t<meta property=\"og:image:type\" content=\"image\/jpeg\" \/>\n<meta name=\"twitter:card\" content=\"summary_large_image\" \/>\n<meta name=\"twitter:label1\" content=\"Tempo estimado de leitura\" \/>\n\t<meta name=\"twitter:data1\" content=\"3 minutos\" \/>\n<script type=\"application\/ld+json\" class=\"yoast-schema-graph\">{\"@context\":\"https:\/\/schema.org\",\"@graph\":[{\"@type\":\"WebPage\",\"@id\":\"https:\/\/clientes.space\/michele-bond\/website\/peeling-anti-acne\/\",\"url\":\"https:\/\/clientes.space\/michele-bond\/website\/peeling-anti-acne\/\",\"name\":\"Peeling anti-acne - Cl\u00ednica Michelle Bond | Parque das Na\u00e7\u00f5es Lisboa\",\"isPartOf\":{\"@id\":\"https:\/\/clientes.space\/michele-bond\/website\/#website\"},\"datePublished\":\"2020-05-10T09:03:01+00:00\",\"dateModified\":\"2023-09-22T13:47:12+00:00\",\"description\":\"O peeling anti-acne ajuda a reduzir a frequ\u00eancia das les\u00f5es e a melhorar a apar\u00eancia geral da pele. A combina\u00e7\u00e3o do \u00e1cido salic\u00edlico e do \u00e1cido azel\u00e1ico\",\"breadcrumb\":{\"@id\":\"https:\/\/clientes.space\/michele-bond\/website\/peeling-anti-acne\/#breadcrumb\"},\"inLanguage\":\"pt-PT\",\"potentialAction\":[{\"@type\":\"ReadAction\",\"target\":[\"https:\/\/clientes.space\/michele-bond\/website\/peeling-anti-acne\/\"]}]},{\"@type\":\"BreadcrumbList\",\"@id\":\"https:\/\/clientes.space\/michele-bond\/website\/peeling-anti-acne\/#breadcrumb\",\"itemListElement\":[{\"@type\":\"ListItem\",\"position\":1,\"name\":\"In\u00edcio\",\"item\":\"https:\/\/clientes.space\/michele-bond\/website\/\"},{\"@type\":\"ListItem\",\"position\":2,\"name\":\"Peeling Anti-Acne\"}]},{\"@type\":\"WebSite\",\"@id\":\"https:\/\/clientes.space\/michele-bond\/website\/#website\",\"url\":\"https:\/\/clientes.space\/michele-bond\/website\/\",\"name\":\"Michelle Bond - Holistic Health &amp; Beauty\",\"description\":\"Medicina Est\u00e9tica, Naturopatia, Nutri\u00e7\u00e3o e Fisioterapia\",\"potentialAction\":[{\"@type\":\"SearchAction\",\"target\":{\"@type\":\"EntryPoint\",\"urlTemplate\":\"https:\/\/clientes.space\/michele-bond\/website\/?s={search_term_string}\"},\"query-input\":\"required name=search_term_string\"}],\"inLanguage\":\"pt-PT\"}]}<\/script>\n<!-- \/ Yoast SEO plugin. -->","yoast_head_json":{"title":"Peeling anti-acne - Cl\u00ednica Michelle Bond | Parque das Na\u00e7\u00f5es Lisboa","description":"O peeling anti-acne ajuda a reduzir a frequ\u00eancia das les\u00f5es e a melhorar a apar\u00eancia geral da pele. A combina\u00e7\u00e3o do \u00e1cido salic\u00edlico e do \u00e1cido azel\u00e1ico","robots":{"index":"index","follow":"follow","max-snippet":"max-snippet:-1","max-image-preview":"max-image-preview:large","max-video-preview":"max-video-preview:-1"},"canonical":"https:\/\/clientes.space\/michele-bond\/website\/peeling-anti-acne\/","og_locale":"pt_PT","og_type":"article","og_title":"Peeling anti-acne - Cl\u00ednica Michelle Bond | Parque das Na\u00e7\u00f5es Lisboa","og_description":"O peeling anti-acne ajuda a reduzir a frequ\u00eancia das les\u00f5es e a melhorar a apar\u00eancia geral da pele. A combina\u00e7\u00e3o do \u00e1cido salic\u00edlico e do \u00e1cido azel\u00e1ico","og_url":"https:\/\/clientes.space\/michele-bond\/website\/peeling-anti-acne\/","og_site_name":"Michelle Bond Clinic | Lisboa","article_modified_time":"2023-09-22T13:47:12+00:00","og_image":[{"width":1702,"height":630,"url":"https:\/\/clientes.space\/michele-bond\/website\/wp-content\/uploads\/2020\/06\/Tratamento-Peeling-Anti-Acne.jpg","type":"image\/jpeg"}],"twitter_card":"summary_large_image","twitter_misc":{"Tempo estimado de leitura":"3 minutos"},"schema":{"@context":"https:\/\/schema.org","@graph":[{"@type":"WebPage","@id":"https:\/\/clientes.space\/michele-bond\/website\/peeling-anti-acne\/","url":"https:\/\/clientes.space\/michele-bond\/website\/peeling-anti-acne\/","name":"Peeling anti-acne - Cl\u00ednica Michelle Bond | Parque das Na\u00e7\u00f5es Lisboa","isPartOf":{"@id":"https:\/\/clientes.space\/michele-bond\/website\/#website"},"datePublished":"2020-05-10T09:03:01+00:00","dateModified":"2023-09-22T13:47:12+00:00","description":"O peeling anti-acne ajuda a reduzir a frequ\u00eancia das les\u00f5es e a melhorar a apar\u00eancia geral da pele. A combina\u00e7\u00e3o do \u00e1cido salic\u00edlico e do \u00e1cido azel\u00e1ico","breadcrumb":{"@id":"https:\/\/clientes.space\/michele-bond\/website\/peeling-anti-acne\/#breadcrumb"},"inLanguage":"pt-PT","potentialAction":[{"@type":"ReadAction","target":["https:\/\/clientes.space\/michele-bond\/website\/peeling-anti-acne\/"]}]},{"@type":"BreadcrumbList","@id":"https:\/\/clientes.space\/michele-bond\/website\/peeling-anti-acne\/#breadcrumb","itemListElement":[{"@type":"ListItem","position":1,"name":"In\u00edcio","item":"https:\/\/clientes.space\/michele-bond\/website\/"},{"@type":"ListItem","position":2,"name":"Peeling Anti-Acne"}]},{"@type":"WebSite","@id":"https:\/\/clientes.space\/michele-bond\/website\/#website","url":"https:\/\/clientes.space\/michele-bond\/website\/","name":"Michelle Bond - Holistic Health &amp; Beauty","description":"Medicina Est\u00e9tica, Naturopatia, Nutri\u00e7\u00e3o e Fisioterapia","potentialAction":[{"@type":"SearchAction","target":{"@type":"EntryPoint","urlTemplate":"https:\/\/clientes.space\/michele-bond\/website\/?s={search_term_string}"},"query-input":"required name=search_term_string"}],"inLanguage":"pt-PT"}]}},"_links":{"self":[{"href":"https:\/\/clientes.space\/michele-bond\/website\/wp-json\/wp\/v2\/pages\/5584"}],"collection":[{"href":"https:\/\/clientes.space\/michele-bond\/website\/wp-json\/wp\/v2\/pages"}],"about":[{"href":"https:\/\/clientes.space\/michele-bond\/website\/wp-json\/wp\/v2\/types\/page"}],"author":[{"embeddable":true,"href":"https:\/\/clientes.space\/michele-bond\/website\/wp-json\/wp\/v2\/users\/2"}],"replies":[{"embeddable":true,"href":"https:\/\/clientes.space\/michele-bond\/website\/wp-json\/wp\/v2\/comments?post=5584"}],"version-history":[{"count":2,"href":"https:\/\/clientes.space\/michele-bond\/website\/wp-json\/wp\/v2\/pages\/5584\/revisions"}],"predecessor-version":[{"id":22258,"href":"https:\/\/clientes.space\/michele-bond\/website\/wp-json\/wp\/v2\/pages\/5584\/revisions\/22258"}],"wp:featuredmedia":[{"embeddable":true,"href":"https:\/\/clientes.space\/michele-bond\/website\/wp-json\/wp\/v2\/media\/6150"}],"wp:attachment":[{"href":"https:\/\/clientes.space\/michele-bond\/website\/wp-json\/wp\/v2\/media?parent=5584"}],"curies":[{"name":"wp","href":"https:\/\/api.w.org\/{rel}","templated":true}]}}