{"id":5699,"date":"2020-05-13T09:37:26","date_gmt":"2020-05-13T09:37:26","guid":{"rendered":"https:\/\/clientes.space\/michele-bond\/website\/?page_id=5699"},"modified":"2023-09-22T10:28:55","modified_gmt":"2023-09-22T10:28:55","slug":"aumento-de-labios","status":"publish","type":"page","link":"https:\/\/clientes.space\/michele-bond\/website\/aumento-de-labios\/","title":{"rendered":"Aumento de l\u00e1bios"},"content":{"rendered":"<p>[vc_row content_width=&#8221;grid&#8221; el_class=&#8221;first-section&#8221; css=&#8221;.vc_custom_1481240302876{padding-top: 60px !important;}&#8221;][vc_column width=&#8221;1\/2&#8243;]<div class=\"mkdf-section-title-holder\">\n\t<h2 class=\"mkdf-section-title mkdf-section-title-small\" style=\"text-transform: none;text-align: left\">\n\tAumento de l\u00e1bios com \u00e1cido hialur\u00f3nico<\/h2>\n<\/div>[vc_column_text]<\/p>\n<p id=\"tw-target-text\" class=\"tw-data-text tw-text-large tw-ta\" dir=\"ltr\" data-placeholder=\"Tradu\u00e7\u00e3o\"><span lang=\"pt\">Existem muitas raz\u00f5es pelas quais voc\u00ea pode estar descontente com a forma e tamanho dos seus l\u00e1bios. Para algumas, os l\u00e1bios come\u00e7aram a ficar mais finos e menos definidos como resultado do processo natural de envelhecimento. Para outras, os l\u00e1bios sempre foram estreitos com o arco de cupido menos definido.<\/span><\/p>\n<p>Embora voc\u00ea sempre deva amar o seu rosto em qualquer idade, n\u00e3o h\u00e1 necessidade de sentir-se mal por querer ficar mais atraente.<\/p>\n<p>Portanto, se voc\u00ea deseja aumentar os seus l\u00e1bio e revitalizar o seu rosto, temos boas not\u00edcias para voc\u00ea. Existem alternativas seguras, de excelente custo-benef\u00edcio e sem a necessidade de procedimentos cir\u00fargicos.<\/p>\n<p>&nbsp;<\/p>\n<p>[\/vc_column_text][vc_empty_space][\/vc_column][vc_column width=&#8221;1\/2&#8243;]<div class=\"mkdf-section-title-holder\">\n\t<h2 class=\"mkdf-section-title mkdf-section-title-small\" style=\"text-transform: none;text-align: left\">\n\tQual \u00e9 a diferen\u00e7a entre o preenchimento com e sem agulhas?<\/h2>\n<\/div>[vc_column_text]Na nossa cl\u00ednica, voc\u00ea tem a op\u00e7\u00e3o de fazer o preenchimento dos l\u00e1bios com ou sem agulhas:<\/p>\n<ul>\n<li><strong>Preenchimento com agulhas:<\/strong> a aplica\u00e7\u00e3o \u00e9 iniciada atrav\u00e9s da inje\u00e7\u00e3o do \u00e1cido hialur\u00f3nico nos l\u00e1bios. A subst\u00e2ncia aplicada promove a eleva\u00e7\u00e3o da \u00e1rea tratada, dando volume aos l\u00e1bios. Os resultados s\u00e3o imediatos.<\/li>\n<li><strong>Preenchimento sem agulhas:<\/strong> a Hyaluron Pen \u00e9 um m\u00e9todo inovador que faz preenchimento com \u00e1cido hialur\u00f3nico, atrav\u00e9s de press\u00e3o intrad\u00e9rmica, nas camadas epid\u00e9rmica e d\u00e9rmica da pele. \u00c9 o tratamento ideal para clientes que n\u00e3o gostam de agulhas, uma vez que \u00e9 indolor, n\u00e3o invasivo e r\u00e1pido. A Hyaluron Pen pode ser usada para criar volume, forma e lifting. \u00c9 perfeito para o aumento dos l\u00e1bios.<\/li>\n<li><strong>Hidrata\u00e7\u00e3o de l\u00e1bios:<\/strong> este tratamento tamb\u00e9m \u00e9 realizado com a Hyaluron Pen e hidrata e real\u00e7a a cor natural dos l\u00e1bios. Tamb\u00e9m \u00e9 perfeito para quem ainda est\u00e1 indecisa em rela\u00e7\u00e3o ao aumento dos l\u00e1bios: com este tratamento, o efeito de volume, dura no m\u00e1ximo 48 horas e durante esse per\u00edodo voc\u00ea ter\u00e1 a oportunidade de avaliar se gosta ou n\u00e3o dos seus l\u00e1bios mais volumosos.<\/li>\n<\/ul>\n<p>[\/vc_column_text][vc_empty_space][\/vc_column][\/vc_row][vc_row content_width=&#8221;grid&#8221; el_class=&#8221;first-section&#8221; css=&#8221;.vc_custom_1481238748781{padding-bottom: 50px !important;}&#8221;][vc_column width=&#8221;1\/2&#8243;]<div class=\"mkdf-section-title-holder\">\n\t<h2 class=\"mkdf-section-title mkdf-section-title-small\" style=\"text-transform: none;text-align: left\">\n\tComo funciona?<\/h2>\n<\/div>[vc_column_text]<strong>Preenchimento com agulhas<\/strong><\/p>\n<p>A sess\u00e3o inicia com a higieniza\u00e7\u00e3o da pele e o uso de uma pomada anest\u00e9sica, para aliviar o desconforto causado pelo contato da agulha com a pele. Realizada a primeira etapa, a aplica\u00e7\u00e3o \u00e9 iniciada atrav\u00e9s da inje\u00e7\u00e3o do \u00e1cido hialur\u00f3nico na pele, utilizando medidas de profundidade de acordo com a necessidade do tratamento. A sess\u00e3o, geralmente, \u00e9 realizada uma \u00fanica vez. Como se trata de um preenchimento absorv\u00edvel, tem dura\u00e7\u00e3o m\u00e9dia de 6 a 9 meses, aplica\u00e7\u00f5es peri\u00f3dicas podem ser realizadas dependendo do caso e da avalia\u00e7\u00e3o do especialista.<\/p>\n<p><strong>Preenchimento sem agulhas<\/strong><\/p>\n<p>A Hyaluron Pen \u00e9 um\u00a0 dispositivo que gera press\u00e3o o suficiente para inserir \u00e1cido hialur\u00f3nico na pele. Atrav\u00e9s da tecnologia de press\u00e3o intrad\u00e9rmica, ela insere o \u00e1cido hialur\u00f3nico na pele e faz com que se transforme em mol\u00e9culas da Nano Scale. O di\u00e2metro desse fluxo \u00e9 de 0,17 mm, duas vezes menor que a menor agulha de insulina. \u00c9 um m\u00e9todo n\u00e3o invasivo de transfer\u00eancia de l\u00edquido.<\/p>\n<p>[\/vc_column_text][vc_empty_space][\/vc_column][vc_column width=&#8221;1\/2&#8243;]<div class=\"mkdf-section-title-holder\">\n\t<h2 class=\"mkdf-section-title mkdf-section-title-small\" style=\"text-transform: none;text-align: left\">\n\tPre\u00e7os<\/h2>\n<\/div>[vc_column_text]<strong>Preenchimento\u00a0<\/strong><\/p>\n<p>\u00c1cido Hialur\u00f3nico<\/p>\n<ul>\n<li>1 seringa: 350\u20ac<\/li>\n<\/ul>\n<p><strong>Preenchimento sem agulhas (Hyaluron Pen)<\/strong><\/p>\n<ul>\n<li>1 ampola: 130\u20ac<\/li>\n<li>Hidrata\u00e7\u00e3o dos l\u00e1bios: 70\u20ac<\/li>\n<\/ul>\n<p>[\/vc_column_text][vc_empty_space][vc_btn title=&#8221;Veja o Antes e Depois&#8221; shape=&#8221;round&#8221; color=&#8221;black&#8221; link=&#8221;url:https%3A%2F%2Fclientes.space%2Fmichele-bond%2Fwebsite%2Fresultados-antes-e-depois%2Frosto%2F&#8221;][\/vc_column][\/vc_row][vc_row css=&#8221;.vc_custom_1589106613895{background-color: #f8f8f8 !important;}&#8221;][vc_column]\n\n\t<div class=\"mkdf-call-to-action normal\" style=\"padding: 20px;\">\n\n\t\t\t\t<div class=\"mkdf-container-inner\">\n\t\t\t\t\t<div class=\"mkdf-call-to-action-row-75-25 clearfix\">\n\t\t\n\t\t\t\t<div class=\"mkdf-text-wrapper mkdf-call-to-action-column1 mkdf-call-to-action-cell\">\n\n\t\t\t\t\n\t\t\t\t\t<div class=\"mkdf-call-to-action-text\" >\n\t\t\t\t\t\t\n<h2 class=\"p1\" style=\"margin-top: 10px !important;\"><strong>Agende hoje a sua consulta<\/strong><\/h2>\n\t\t\t\t\t<\/div>\n\n\t\t\t\t<\/div>\n\n\t\t\t\t\n\t\t\t\t\t<div class=\"mkdf-button-wrapper mkdf-call-to-action-column2 mkdf-call-to-action-cell\" style =\"text-align: right ;\">\n\n\t\t\t\t\t\t<a href=\"\/marcar-consulta\/\" target=\"_self\"  class=\"mkdf-btn mkdf-btn-medium mkdf-btn-solid mkdf-btn-hover-outline\"  >\t\t\t\t<span class=\"mkdf-btn-helper\" ><\/span>\t\t<span class=\"mkdf-btn-text\">Marcar Consulta<\/span><\/a>\n\t\t\t\t\t<\/div>\n\n\t\t\t\t\n\t\t\t<\/div>\n\n\t\t\t\t<\/div>\n\t\t\n\t<\/div>\n\n[\/vc_column][\/vc_row][vc_row content_width=&#8221;grid&#8221; css=&#8221;.vc_custom_1604941633770{border-top-width: 1px !important;border-bottom-width: 1px !important;padding-top: 60px !important;padding-bottom: 60px !important;background-color: #ffffff !important;}&#8221;][vc_column][vc_column_text]\n\t\t<style>\n\t\t\t#wpls-logo-showcase-slider-1 .wpls-fix-box,\n\t\t\t#wpls-logo-showcase-slider-1 .wpls-fix-box img.wp-post-image{max-height:250px; }\n\t\t<\/style>\n\n\t\t<div class=\"wpls-wrap wpls-logo-showcase-slider-wrp wpls-logo-clearfix wpls-design-1 \" data-conf=\"{&quot;slides_column&quot;:&quot;4&quot;,&quot;slides_scroll&quot;:1,&quot;dots&quot;:&quot;true&quot;,&quot;arrows&quot;:&quot;true&quot;,&quot;autoplay&quot;:&quot;true&quot;,&quot;autoplay_interval&quot;:3000,&quot;loop&quot;:&quot;true&quot;,&quot;rtl&quot;:&quot;false&quot;,&quot;speed&quot;:800,&quot;center_mode&quot;:&quot;false&quot;,&quot;lazyload&quot;:&quot;&quot;}\">\n\t\t\t<div class=\"wpls-logo-showcase logo_showcase wpls-logo-slider  sliderimage_hide_border \" id=\"wpls-logo-showcase-slider-1\" >\n\t\t\t\t<div class=\"wpls-logo-cnt\">\n\t<div class=\"wpls-fix-box\">\n\t\t\t\t<img class=\"wp-post-image\"  src=\"https:\/\/clientes.space\/michele-bond\/website\/wp-content\/uploads\/2018\/08\/womens-health-1.png\" alt=\"womens-health\" \/>\n\t\t\t<\/div>\n\t<\/div><div class=\"wpls-logo-cnt\">\n\t<div class=\"wpls-fix-box\">\n\t\t\t\t<img class=\"wp-post-image\"  src=\"https:\/\/clientes.space\/michele-bond\/website\/wp-content\/uploads\/2018\/08\/Rede_Vida_logo-1.png\" alt=\"Rede_Vida\" \/>\n\t\t\t<\/div>\n\t<\/div><div class=\"wpls-logo-cnt\">\n\t<div class=\"wpls-fix-box\">\n\t\t\t\t<img class=\"wp-post-image\"  src=\"https:\/\/clientes.space\/michele-bond\/website\/wp-content\/uploads\/2018\/08\/forever_young_logo.png\" alt=\"forever_young\" \/>\n\t\t\t<\/div>\n\t<\/div><div class=\"wpls-logo-cnt\">\n\t<div class=\"wpls-fix-box\">\n\t\t\t\t<img class=\"wp-post-image\"  src=\"https:\/\/clientes.space\/michele-bond\/website\/wp-content\/uploads\/2018\/08\/SVBlog_Logo-1.png\" alt=\"SVBlog\" \/>\n\t\t\t<\/div>\n\t<\/div>\t\t\t<\/div>\n\t\t<\/div>\n\n\t\t[\/vc_column_text][\/vc_column][\/vc_row][vc_row content_width=&#8221;grid&#8221; css=&#8221;.vc_custom_1604941651535{padding-top: 90px !important;padding-bottom: 90px !important;background-color: #f8f8f8 !important;}&#8221;][vc_column]<div class=\"mkdf-section-title-holder\">\n\t<h2 class=\"mkdf-section-title mkdf-section-title-medium\" style=\"text-transform: capitalize;text-align: center\">\n\tPerguntas Frequentes<\/h2>\n<\/div><div class=\"mkdf-accordion-holder clearfix mkdf-accordion mkdf-initial \">\n\t<h5 class=\"clearfix mkdf-title-holder\">\n<span class=\"mkdf-accordion-mark mkdf-left-mark\">\n\t\t<span class=\"mkdf-accordion-mark-icon\">\n\t\t\t<span class=\"icon_plus\"><\/span>\n\t\t\t<span class=\"icon_minus-06\"><\/span>\n\t\t<\/span>\n<\/span>\n<span class=\"mkdf-tab-title\">\n\t\t<span class=\"mkdf-tab-title-inner\">\n\t\t\t\t\t\tQuanto tempo duram os resultados?\t\t<\/span>\n<\/span>\n<\/h5>\n<div class=\"mkdf-accordion-content\">\n\t<div class=\"mkdf-accordion-content-inner\">\n\t\t[vc_column_text]<strong>Preenchimento com agulhas<\/strong><\/p>\n<ul>\n<li>A dura\u00e7\u00e3o dos resultados \u00e9, em\u00a0 m\u00e9dia, cerca de 6 a 9 meses.<\/li>\n<\/ul>\n<p><strong>Preenchimento sem agulhas (Hyaluron Pen)<\/strong><\/p>\n<ul>\n<li>A dura\u00e7\u00e3o dos resultados \u00e9, em\u00a0 m\u00e9dia, cerca de 3 a 6 meses.<\/li>\n<\/ul>\n<p>[\/vc_column_text]\n\t\t\t<\/div>\n<\/div>\n<h5 class=\"clearfix mkdf-title-holder\">\n<span class=\"mkdf-accordion-mark mkdf-left-mark\">\n\t\t<span class=\"mkdf-accordion-mark-icon\">\n\t\t\t<span class=\"icon_plus\"><\/span>\n\t\t\t<span class=\"icon_minus-06\"><\/span>\n\t\t<\/span>\n<\/span>\n<span class=\"mkdf-tab-title\">\n\t\t<span class=\"mkdf-tab-title-inner\">\n\t\t\t\t\t\tQual o tempo de recupera\u00e7\u00e3o?\t\t<\/span>\n<\/span>\n<\/h5>\n<div class=\"mkdf-accordion-content\">\n\t<div class=\"mkdf-accordion-content-inner\">\n\t\t[vc_column_text]N\u00e3o \u00e9 necess\u00e1rio ter tempo para recupera\u00e7\u00e3o, as clientes podem retornar ao trabalho e realizar atividades normais de imediato. No entanto recomendamos:<\/p>\n<ul>\n<li>que n\u00e3o fa\u00e7a atividade f\u00edsica intensiva no dia do preenchimento;<\/li>\n<li>evite tocar com as m\u00e3os na zona tratada;<\/li>\n<li>evite exposi\u00e7\u00e3o solar excessiva.<\/li>\n<\/ul>\n<p>[\/vc_column_text]\n\t\t\t<\/div>\n<\/div>\n<\/div>[vc_empty_space][\/vc_column][\/vc_row][vc_row content_width=&#8221;grid&#8221; css=&#8221;.vc_custom_1604941667355{border-top-width: 1px !important;border-bottom-width: 1px !important;padding-top: 60px !important;padding-bottom: 60px !important;background-color: #ffffff !important;}&#8221;][vc_column]<div class=\"mkdf-section-title-holder\">\n\t<h2 class=\"mkdf-section-title\" style=\"text-align: center\">\n\tOutros tratamentos para Rejuvenescimento Facial<\/h2>\n<\/div><div class=\"mkdf-section-subtitle-holder mkdf-section-subtitle-center\" >\n\t<p style=\"text-align: center\" class=\"mkdf-section-subtitle\">Saiba mais sobre cada um deles!<\/p>\n<\/div><div class=\"mkdf-carousel-holder clearfix mkdf-carousel-three-rows mkdf-carousel-navigation\"><div class=\"mkdf-carousel \" data-items=\"3\" data-navigation=\"yes\"><div class=\"mkdf-carousel-item-outer-holder border\"><div class=\"mkdf-carousel-item-holder\">\n\t\t<a href=\"https:\/\/clientes.space\/michele-bond\/website\/radiofrequencia-rosto\/\" target=\"_self\">\n\t\t\t\t\t\t\t<span class=\"mkdf-carousel-first-image-holder  mkdf-image-zoom\">\n\t\t\t\t<img width=\"450\" height=\"420\" src=\"https:\/\/clientes.space\/michele-bond\/website\/wp-content\/uploads\/2021\/03\/Radiofrequencia-no-Rosto.jpg\" class=\"attachment-full size-full\" alt=\"Radiofrequ\u00eancia no Rosto\" decoding=\"async\" srcset=\"https:\/\/clientes.space\/michele-bond\/website\/wp-content\/uploads\/2021\/03\/Radiofrequencia-no-Rosto.jpg 450w, https:\/\/clientes.space\/michele-bond\/website\/wp-content\/uploads\/2021\/03\/Radiofrequencia-no-Rosto-300x280.jpg 300w\" sizes=\"(max-width: 450px) 100vw, 450px\" \/>\t\t\t<\/span>\n\t\t\t\t\t\t\t<\/a>\n<\/div><\/div><div class=\"mkdf-carousel-item-outer-holder border\"><div class=\"mkdf-carousel-item-holder\">\n\t\t<a href=\"\/injecao-anti-rugas\/\" target=\"_self\">\n\t\t\t\t\t\t\t<span class=\"mkdf-carousel-first-image-holder  mkdf-image-zoom\">\n\t\t\t\t<img width=\"450\" height=\"420\" src=\"https:\/\/clientes.space\/michele-bond\/website\/wp-content\/uploads\/2020\/11\/Tratamento-Injecao-Anti-Rugas.jpg\" class=\"attachment-full size-full\" alt=\"Tratamento Inje\u00e7\u00e3o Anti-Rugas\" decoding=\"async\" srcset=\"https:\/\/clientes.space\/michele-bond\/website\/wp-content\/uploads\/2020\/11\/Tratamento-Injecao-Anti-Rugas.jpg 450w, https:\/\/clientes.space\/michele-bond\/website\/wp-content\/uploads\/2020\/11\/Tratamento-Injecao-Anti-Rugas-300x280.jpg 300w\" sizes=\"(max-width: 450px) 100vw, 450px\" \/>\t\t\t<\/span>\n\t\t\t\t\t\t\t<\/a>\n<\/div><\/div><div class=\"mkdf-carousel-item-outer-holder border\"><div class=\"mkdf-carousel-item-holder\">\n\t\t<a href=\"\/bioestimuladores-de-colagenio\/\" target=\"_self\">\n\t\t\t\t\t\t\t<span class=\"mkdf-carousel-first-image-holder  mkdf-image-zoom\">\n\t\t\t\t<img width=\"450\" height=\"420\" src=\"https:\/\/clientes.space\/michele-bond\/website\/wp-content\/uploads\/2021\/05\/tratamento-por-bioestimuladores-de-colagenio.jpg\" class=\"attachment-full size-full\" alt=\"Tratamento por bioestimuladores de colag\u00e9nio\" decoding=\"async\" srcset=\"https:\/\/clientes.space\/michele-bond\/website\/wp-content\/uploads\/2021\/05\/tratamento-por-bioestimuladores-de-colagenio.jpg 450w, https:\/\/clientes.space\/michele-bond\/website\/wp-content\/uploads\/2021\/05\/tratamento-por-bioestimuladores-de-colagenio-300x280.jpg 300w\" sizes=\"(max-width: 450px) 100vw, 450px\" \/>\t\t\t<\/span>\n\t\t\t\t\t\t\t<\/a>\n<\/div><\/div><\/div><\/div>[\/vc_column][\/vc_row][vc_row css=&#8221;.vc_custom_1604941681277{background-color: #f8f8f8 !important;}&#8221;][vc_column]\n\n\t<div class=\"mkdf-call-to-action normal\" style=\"padding: 20px;\">\n\n\t\t\t\t<div class=\"mkdf-container-inner\">\n\t\t\t\t\t<div class=\"mkdf-call-to-action-row-75-25 clearfix\">\n\t\t\n\t\t\t\t<div class=\"mkdf-text-wrapper mkdf-call-to-action-column1 mkdf-call-to-action-cell\">\n\n\t\t\t\t\n\t\t\t\t\t<div class=\"mkdf-call-to-action-text\" >\n\t\t\t\t\t\t\n<h2 class=\"p1\" style=\"margin-top: 10px !important;\"><strong>Agende hoje a sua consulta<\/strong><\/h2>\n\t\t\t\t\t<\/div>\n\n\t\t\t\t<\/div>\n\n\t\t\t\t\n\t\t\t\t\t<div class=\"mkdf-button-wrapper mkdf-call-to-action-column2 mkdf-call-to-action-cell\" style =\"text-align: right ;\">\n\n\t\t\t\t\t\t<a href=\"\/marcar-consulta\/\" target=\"_self\"  class=\"mkdf-btn mkdf-btn-medium mkdf-btn-solid mkdf-btn-hover-outline\"  >\t\t\t\t<span class=\"mkdf-btn-helper\" ><\/span>\t\t<span class=\"mkdf-btn-text\">Marcar Consulta<\/span><\/a>\n\t\t\t\t\t<\/div>\n\n\t\t\t\t\n\t\t\t<\/div>\n\n\t\t\t\t<\/div>\n\t\t\n\t<\/div>\n\n[\/vc_column][\/vc_row][vc_row row_type=&#8221;parallax&#8221; full_screen_section_height=&#8221;no&#8221; parallax_background_image=&#8221;164&#8243; css=&#8221;.vc_custom_1481238989291{padding-top: 65px !important;padding-bottom: 65px !important;}&#8221;][vc_column]<div class=\"mkdf-section-title-holder\">\n\t<h2 class=\"mkdf-section-title mkdf-section-title-medium\" style=\"color: #ffffff;text-transform: capitalize;text-align: center\">\n\tClientes Satisfeitos<\/h2>\n<\/div>[vc_empty_space]<div class=\"mkdf-testimonials-holder clearfix light\"><div class=\"mkdf-testimonials testimonials-slider\"><div id=\"mkdf-testimonials83\" class=\"mkdf-testimonial-content testimonials-slider\">\n\t<div class=\"mkdf-testimonial-content-inner\">\n\t\t\t\t\t<div class= \"mkdf-container-inner\">\n\t\t\t\t<div class=\"mkdf-testimonial-text-holder\">\n\t\t\t<div class=\"mkdf-testimonial-text-inner light\">\n\t\t\t\t\t\t\t\t<p class=\"mkdf-testimonial-text\" >Depois de ter o meu segundo filho, e de maus h\u00e1bitos alimentares, ganhei muito peso. Com o acompanhamento que tive na Cl\u00ednica consegui perder 7 quilos e agora sinto-me muito bem! Obrigado a todos.<\/p>\n\t\t\t\t\t\t\t\t\t<div class=\"mkdf-testimonial-author\">\n\t\t\t\t\t\t<h3 class=\"mkdf-testimonial-author-text light\">F\u00e1tima (38 Anos)<\/h3>\n\t\t\t\t\t\t\t\t\t\t\t\t\t<span class=\"mkdf-testimonials-job light\">Lisboa<\/span>\n\t\t\t\t\t\t\t\t\t\t\t<\/div>\n\t\t\t\t\t\t\t<\/div>\n\t\t<\/div>\n\n\t\t\t\t\t<\/div>\n\t\t\t<\/div>\n<\/div>\n<div id=\"mkdf-testimonials82\" class=\"mkdf-testimonial-content testimonials-slider\">\n\t<div class=\"mkdf-testimonial-content-inner\">\n\t\t\t\t\t<div class= \"mkdf-container-inner\">\n\t\t\t\t<div class=\"mkdf-testimonial-text-holder\">\n\t\t\t<div class=\"mkdf-testimonial-text-inner light\">\n\t\t\t\t\t\t\t\t<p class=\"mkdf-testimonial-text\" >Sempre tive muitas dificuldades em dormir, tentei muitas terapias mas s\u00f3 com a ajuda da Dra Michelle \u00e9 que descobri o que \u00e9 uma boa noite de sono. Sou hoje uma pessoa diferente e com muito mais energia.<\/p>\n\t\t\t\t\t\t\t\t\t<div class=\"mkdf-testimonial-author\">\n\t\t\t\t\t\t<h3 class=\"mkdf-testimonial-author-text light\">Carla (45 Anos)<\/h3>\n\t\t\t\t\t\t\t\t\t\t\t\t\t<span class=\"mkdf-testimonials-job light\">Alg\u00e9s<\/span>\n\t\t\t\t\t\t\t\t\t\t\t<\/div>\n\t\t\t\t\t\t\t<\/div>\n\t\t<\/div>\n\n\t\t\t\t\t<\/div>\n\t\t\t<\/div>\n<\/div>\n<\/div><\/div>[\/vc_column][\/vc_row]<\/p>\n","protected":false},"excerpt":{"rendered":"<p>[vc_row content_width=&#8221;grid&#8221; el_class=&#8221;first-section&#8221; css=&#8221;.vc_custom_1481240302876{padding-top: 60px !important;}&#8221;][vc_column width=&#8221;1\/2&#8243;][vc_column_text] Existem muitas raz\u00f5es pelas quais voc\u00ea pode estar descontente com a forma e&#8230;<\/p>\n","protected":false},"author":2,"featured_media":4119,"parent":0,"menu_order":0,"comment_status":"closed","ping_status":"closed","template":"full-width.php","meta":{"content-type":"","footnotes":""},"yoast_head":"<!-- This site is optimized with the Yoast SEO plugin v21.7 - https:\/\/yoast.com\/wordpress\/plugins\/seo\/ -->\n<title>Aumento de L\u00e1bios - Preenchimento com \u00c1cido Hialur\u00f3nico | Cl\u00ednica Michelle Bond<\/title>\n<meta name=\"description\" content=\"Preenchimento com \u00e1cido hialur\u00f3nico para o aumento de l\u00e1bios. Resultados com efeito natural.\" \/>\n<meta name=\"robots\" content=\"index, follow, max-snippet:-1, max-image-preview:large, max-video-preview:-1\" \/>\n<link rel=\"canonical\" href=\"https:\/\/clientes.space\/michele-bond\/website\/aumento-de-labios\/\" \/>\n<meta property=\"og:locale\" content=\"pt_PT\" \/>\n<meta property=\"og:type\" content=\"article\" \/>\n<meta property=\"og:title\" content=\"Aumento de L\u00e1bios - Preenchimento com \u00c1cido Hialur\u00f3nico | Cl\u00ednica Michelle Bond\" \/>\n<meta property=\"og:description\" content=\"Preenchimento com \u00e1cido hialur\u00f3nico para o aumento de l\u00e1bios. Resultados com efeito natural.\" \/>\n<meta property=\"og:url\" content=\"https:\/\/clientes.space\/michele-bond\/website\/aumento-de-labios\/\" \/>\n<meta property=\"og:site_name\" content=\"Michelle Bond Clinic | Lisboa\" \/>\n<meta property=\"article:modified_time\" content=\"2023-09-22T10:28:55+00:00\" \/>\n<meta property=\"og:image\" content=\"https:\/\/clientes.space\/michele-bond\/website\/wp-content\/uploads\/2020\/03\/Preenchimento-com-acido-hialuronico-sem-agulhas.jpg\" \/>\n\t<meta property=\"og:image:width\" content=\"1702\" \/>\n\t<meta property=\"og:image:height\" content=\"630\" \/>\n\t<meta property=\"og:image:type\" content=\"image\/jpeg\" \/>\n<meta name=\"twitter:card\" content=\"summary_large_image\" \/>\n<meta name=\"twitter:label1\" content=\"Tempo estimado de leitura\" \/>\n\t<meta name=\"twitter:data1\" content=\"5 minutos\" \/>\n<script type=\"application\/ld+json\" class=\"yoast-schema-graph\">{\"@context\":\"https:\/\/schema.org\",\"@graph\":[{\"@type\":\"WebPage\",\"@id\":\"https:\/\/clientes.space\/michele-bond\/website\/aumento-de-labios\/\",\"url\":\"https:\/\/clientes.space\/michele-bond\/website\/aumento-de-labios\/\",\"name\":\"Aumento de L\u00e1bios - Preenchimento com \u00c1cido Hialur\u00f3nico | Cl\u00ednica Michelle Bond\",\"isPartOf\":{\"@id\":\"https:\/\/clientes.space\/michele-bond\/website\/#website\"},\"datePublished\":\"2020-05-13T09:37:26+00:00\",\"dateModified\":\"2023-09-22T10:28:55+00:00\",\"description\":\"Preenchimento com \u00e1cido hialur\u00f3nico para o aumento de l\u00e1bios. Resultados com efeito natural.\",\"breadcrumb\":{\"@id\":\"https:\/\/clientes.space\/michele-bond\/website\/aumento-de-labios\/#breadcrumb\"},\"inLanguage\":\"pt-PT\",\"potentialAction\":[{\"@type\":\"ReadAction\",\"target\":[\"https:\/\/clientes.space\/michele-bond\/website\/aumento-de-labios\/\"]}]},{\"@type\":\"BreadcrumbList\",\"@id\":\"https:\/\/clientes.space\/michele-bond\/website\/aumento-de-labios\/#breadcrumb\",\"itemListElement\":[{\"@type\":\"ListItem\",\"position\":1,\"name\":\"In\u00edcio\",\"item\":\"https:\/\/clientes.space\/michele-bond\/website\/\"},{\"@type\":\"ListItem\",\"position\":2,\"name\":\"Aumento de l\u00e1bios\"}]},{\"@type\":\"WebSite\",\"@id\":\"https:\/\/clientes.space\/michele-bond\/website\/#website\",\"url\":\"https:\/\/clientes.space\/michele-bond\/website\/\",\"name\":\"Michelle Bond - Holistic Health &amp; Beauty\",\"description\":\"Medicina Est\u00e9tica, Naturopatia, Nutri\u00e7\u00e3o e Fisioterapia\",\"potentialAction\":[{\"@type\":\"SearchAction\",\"target\":{\"@type\":\"EntryPoint\",\"urlTemplate\":\"https:\/\/clientes.space\/michele-bond\/website\/?s={search_term_string}\"},\"query-input\":\"required name=search_term_string\"}],\"inLanguage\":\"pt-PT\"}]}<\/script>\n<!-- \/ Yoast SEO plugin. -->","yoast_head_json":{"title":"Aumento de L\u00e1bios - Preenchimento com \u00c1cido Hialur\u00f3nico | Cl\u00ednica Michelle Bond","description":"Preenchimento com \u00e1cido hialur\u00f3nico para o aumento de l\u00e1bios. Resultados com efeito natural.","robots":{"index":"index","follow":"follow","max-snippet":"max-snippet:-1","max-image-preview":"max-image-preview:large","max-video-preview":"max-video-preview:-1"},"canonical":"https:\/\/clientes.space\/michele-bond\/website\/aumento-de-labios\/","og_locale":"pt_PT","og_type":"article","og_title":"Aumento de L\u00e1bios - Preenchimento com \u00c1cido Hialur\u00f3nico | Cl\u00ednica Michelle Bond","og_description":"Preenchimento com \u00e1cido hialur\u00f3nico para o aumento de l\u00e1bios. Resultados com efeito natural.","og_url":"https:\/\/clientes.space\/michele-bond\/website\/aumento-de-labios\/","og_site_name":"Michelle Bond Clinic | Lisboa","article_modified_time":"2023-09-22T10:28:55+00:00","og_image":[{"width":1702,"height":630,"url":"https:\/\/clientes.space\/michele-bond\/website\/wp-content\/uploads\/2020\/03\/Preenchimento-com-acido-hialuronico-sem-agulhas.jpg","type":"image\/jpeg"}],"twitter_card":"summary_large_image","twitter_misc":{"Tempo estimado de leitura":"5 minutos"},"schema":{"@context":"https:\/\/schema.org","@graph":[{"@type":"WebPage","@id":"https:\/\/clientes.space\/michele-bond\/website\/aumento-de-labios\/","url":"https:\/\/clientes.space\/michele-bond\/website\/aumento-de-labios\/","name":"Aumento de L\u00e1bios - Preenchimento com \u00c1cido Hialur\u00f3nico | Cl\u00ednica Michelle Bond","isPartOf":{"@id":"https:\/\/clientes.space\/michele-bond\/website\/#website"},"datePublished":"2020-05-13T09:37:26+00:00","dateModified":"2023-09-22T10:28:55+00:00","description":"Preenchimento com \u00e1cido hialur\u00f3nico para o aumento de l\u00e1bios. Resultados com efeito natural.","breadcrumb":{"@id":"https:\/\/clientes.space\/michele-bond\/website\/aumento-de-labios\/#breadcrumb"},"inLanguage":"pt-PT","potentialAction":[{"@type":"ReadAction","target":["https:\/\/clientes.space\/michele-bond\/website\/aumento-de-labios\/"]}]},{"@type":"BreadcrumbList","@id":"https:\/\/clientes.space\/michele-bond\/website\/aumento-de-labios\/#breadcrumb","itemListElement":[{"@type":"ListItem","position":1,"name":"In\u00edcio","item":"https:\/\/clientes.space\/michele-bond\/website\/"},{"@type":"ListItem","position":2,"name":"Aumento de l\u00e1bios"}]},{"@type":"WebSite","@id":"https:\/\/clientes.space\/michele-bond\/website\/#website","url":"https:\/\/clientes.space\/michele-bond\/website\/","name":"Michelle Bond - Holistic Health &amp; Beauty","description":"Medicina Est\u00e9tica, Naturopatia, Nutri\u00e7\u00e3o e Fisioterapia","potentialAction":[{"@type":"SearchAction","target":{"@type":"EntryPoint","urlTemplate":"https:\/\/clientes.space\/michele-bond\/website\/?s={search_term_string}"},"query-input":"required name=search_term_string"}],"inLanguage":"pt-PT"}]}},"_links":{"self":[{"href":"https:\/\/clientes.space\/michele-bond\/website\/wp-json\/wp\/v2\/pages\/5699"}],"collection":[{"href":"https:\/\/clientes.space\/michele-bond\/website\/wp-json\/wp\/v2\/pages"}],"about":[{"href":"https:\/\/clientes.space\/michele-bond\/website\/wp-json\/wp\/v2\/types\/page"}],"author":[{"embeddable":true,"href":"https:\/\/clientes.space\/michele-bond\/website\/wp-json\/wp\/v2\/users\/2"}],"replies":[{"embeddable":true,"href":"https:\/\/clientes.space\/michele-bond\/website\/wp-json\/wp\/v2\/comments?post=5699"}],"version-history":[{"count":10,"href":"https:\/\/clientes.space\/michele-bond\/website\/wp-json\/wp\/v2\/pages\/5699\/revisions"}],"predecessor-version":[{"id":22148,"href":"https:\/\/clientes.space\/michele-bond\/website\/wp-json\/wp\/v2\/pages\/5699\/revisions\/22148"}],"wp:featuredmedia":[{"embeddable":true,"href":"https:\/\/clientes.space\/michele-bond\/website\/wp-json\/wp\/v2\/media\/4119"}],"wp:attachment":[{"href":"https:\/\/clientes.space\/michele-bond\/website\/wp-json\/wp\/v2\/media?parent=5699"}],"curies":[{"name":"wp","href":"https:\/\/api.w.org\/{rel}","templated":true}]}}