{"id":6534,"date":"2020-09-09T11:15:37","date_gmt":"2020-09-09T11:15:37","guid":{"rendered":"https:\/\/clientes.space\/michele-bond\/website\/?page_id=6534"},"modified":"2023-09-22T11:33:53","modified_gmt":"2023-09-22T11:33:53","slug":"drenagem-linfatica-pos-operatorio","status":"publish","type":"page","link":"https:\/\/clientes.space\/michele-bond\/website\/drenagem-linfatica-pos-operatorio\/","title":{"rendered":"Drenagem Linf\u00e1tica P\u00f3s-Operat\u00f3rio"},"content":{"rendered":"<p>[vc_row content_width=&#8221;grid&#8221; el_class=&#8221;first-section&#8221; css=&#8221;.vc_custom_1481240302876{padding-top: 60px !important;}&#8221;][vc_column width=&#8221;1\/2&#8243;]<div class=\"mkdf-section-title-holder\">\n\t<h2 class=\"mkdf-section-title mkdf-section-title-small\" style=\"text-transform: none;text-align: left\">\n\tO que \u00e9 a drenagem linf\u00e1tica p\u00f3s-operat\u00f3rio?<\/h2>\n<\/div>[vc_column_text]A Drenagem Linf\u00e1tica \u00e9 de m\u00e1xima import\u00e2ncia tanto antes, como depois de uma interven\u00e7\u00e3o cir\u00fargica. \u00c9 uma t\u00e9cnica de terapia manual que tem como objetivo auxiliar, facilitar e otimizar a circula\u00e7\u00e3o da linfa e a sua expuls\u00e3o do organismo. Assim, vejamos em mais detalhe a import\u00e2ncia da drenagem linf\u00e1tica em cada uma destas situa\u00e7\u00f5es:<\/p>\n<p><strong>Antes da cirurgia<\/strong><\/p>\n<p>\u00c9 importante porque ir\u00e1 fazer uma limpeza no organismo, ou seja, ir\u00e1 libertar as toxinas e l\u00edquidos excedentes, desobstruindo toda a passagem da linfa que circula pelo corpo. Tudo isto ir\u00e1 contribuir positivamente na resposta \u00e0 interven\u00e7\u00e3o cir\u00fargica uma vez que a circula\u00e7\u00e3o sangu\u00ednea e linf\u00e1tica ser\u00e3o melhoradas.<\/p>\n<p><strong>Depois da cirurgia <\/strong><\/p>\n<p>Ap\u00f3s uma cirurgia ou trauma, existe uma passagem maior de l\u00edquidos atrav\u00e9s da parede dos vasos sangu\u00edneos. Outra quest\u00e3o a ter em conta nas cirurgias \u00e9 o facto dos canais linf\u00e1ticos respons\u00e1veis pelo escoamento da linfa puderem ser danificados.<\/p>\n<p>Assim, neste contexto, a drenagem linf\u00e1tica ganha um novo protagonismo. Esta t\u00e9cnica usada em p\u00f3s-operat\u00f3rio, ir\u00e1 auxiliar o escoamento dos l\u00edquidos e toxinas do corpo, reduzindo o incha\u00e7o e evitando o acumulo localizado de l\u00edquido e as indesejadas fibroses, que se podem formar durante o processo de cicatriza\u00e7\u00e3o.<\/p>\n<h4>Benef\u00edcios<\/h4>\n<p>Al\u00e9m de ajudar a reduzir o incha\u00e7o resultante do excesso de l\u00edquido acumulado, a drenagem linf\u00e1tica p\u00f3s-operat\u00f3rio tamb\u00e9m reduz o processo inflamat\u00f3rio causado pela cirurgia, ajuda a aliviar as dores e acelera a cicatriza\u00e7\u00e3o.[\/vc_column_text][vc_empty_space][\/vc_column][vc_column width=&#8221;1\/2&#8243;]<div class=\"mkdf-section-title-holder\">\n\t<h2 class=\"mkdf-section-title mkdf-section-title-small\" style=\"text-transform: none;text-align: left\">\n\tQuando posso iniciar?<\/h2>\n<\/div>[vc_column_text]Apesar dos beneficio da drenagem linf\u00e1tica p\u00f3s-operat\u00f3ria, esta t\u00e9cnica n\u00e3o deve ser realizada sem a devida autoriza\u00e7\u00e3o m\u00e9dica. \u00c9 importante conversar com o seu m\u00e9dico para que ele avalie se a realiza\u00e7\u00e3o da drenagem linf\u00e1tica no momento p\u00f3s-operat\u00f3rio apresenta alguma complica\u00e7\u00e3o cir\u00fargica ou mesmo se \u00e9 impeditivo de a realizar.<\/p>\n<p>\u00c9 de salientar tamb\u00e9m que cada tipo de cirurgia apresenta um determinado tempo espec\u00edfico de recupera\u00e7\u00e3o, logo n\u00e3o existe assim, um momento ideal para iniciar a realiza\u00e7\u00e3o da drenagem linf\u00e1tica. Contudo, \u00e9 extramente importante que procure profissionais especializados nesta t\u00e9cnica para que a realiza\u00e7\u00e3o do procedimento seja feita em seguran\u00e7a. Assim, e\u00a0 como j\u00e1 mencionado, \u00e9 tamb\u00e9m importante que fale com o m\u00e9dico antes de realizar do tratamento.<\/p>\n<p>O n\u00famero de sess\u00f5es de drenagem ir\u00e1 variar em fun\u00e7\u00e3o da cirurgia realizada ou do processo de recupera\u00e7\u00e3o de cada indiv\u00edduo. No entanto, em m\u00e9dia, s\u00e3o necess\u00e1rias entre 8 a 10 sess\u00f5es por tratamento.<\/p>\n<p><strong>Nota<\/strong>: Na nossa cl\u00ednica o procedimento \u00e9 realizado por uma Fisioterapeuta com Especializa\u00e7\u00e3o em Reabilita\u00e7\u00e3o de Cirurgia Pl\u00e1stica e Reconstrutiva.[\/vc_column_text][vc_empty_space][vc_single_image image=&#8221;7638&#8243; img_size=&#8221;250&#215;200&#8243; alignment=&#8221;center&#8221; style=&#8221;vc_box_border_circle&#8221;][\/vc_column][\/vc_row][vc_row content_width=&#8221;grid&#8221; el_class=&#8221;first-section&#8221; css=&#8221;.vc_custom_1481238748781{padding-bottom: 50px !important;}&#8221;][vc_column width=&#8221;1\/2&#8243;]<div class=\"mkdf-section-title-holder\">\n\t<h2 class=\"mkdf-section-title mkdf-section-title-small\" style=\"text-transform: none;text-align: left\">\n\tComo \u00e9 feita a drenagem linf\u00e1tica p\u00f3s operat\u00f3rio?<\/h2>\n<\/div>[vc_column_text]A drenagem linf\u00e1tica realizada no p\u00f3s-operat\u00f3rio tem algumas particularidades em rela\u00e7\u00e3o ao procedimento tradicional. No p\u00f3s-operat\u00f3rio \u00e9 feita de maneira ainda mais suave e com movimentos leves para n\u00e3o causar dor ao paciente.<\/p>\n<p>A fisioterapeuta realiza manobras para esvaziar os g\u00e2nglios linf\u00e1ticos, um dos respons\u00e1veis pelo incha\u00e7o no p\u00f3s-operat\u00f3rio. Com isso, esses l\u00edquidos s\u00e3o direcionados para a urina de forma a serem eliminados do corpo.<\/p>\n<p>A drenagem linf\u00e1tica no p\u00f3s-operat\u00f3rio pode contribuir efetivamente para uma melhor recupera\u00e7\u00e3o. E, pode ser realizada no p\u00f3s-operat\u00f3rio de todos os tipos de cirurgias, seja da est\u00e9tica ou no tratamento de um problema de sa\u00fade.[\/vc_column_text][vc_empty_space][\/vc_column][vc_column width=&#8221;1\/2&#8243;]<div class=\"mkdf-section-title-holder\">\n\t<h2 class=\"mkdf-section-title mkdf-section-title-small\" style=\"text-transform: none;text-align: left\">\n\tPre\u00e7os<\/h2>\n<\/div>[vc_column_text]<\/p>\n<ul>\n<li>1 sess\u00e3o (90 mins): 70\u20ac<\/li>\n<\/ul>\n<p><strong>Pacotes:<\/strong><\/p>\n<ul>\n<li>4 sess\u00f5es: 260\u20ac<\/li>\n<li>8 sess\u00f5es: 480\u20ac<\/li>\n<\/ul>\n<p>[\/vc_column_text][vc_empty_space][\/vc_column][\/vc_row][vc_row css=&#8221;.vc_custom_1589106613895{background-color: #f8f8f8 !important;}&#8221;][vc_column]\n\n\t<div class=\"mkdf-call-to-action normal\" style=\"padding: 20px;\">\n\n\t\t\t\t<div class=\"mkdf-container-inner\">\n\t\t\t\t\t<div class=\"mkdf-call-to-action-row-75-25 clearfix\">\n\t\t\n\t\t\t\t<div class=\"mkdf-text-wrapper mkdf-call-to-action-column1 mkdf-call-to-action-cell\">\n\n\t\t\t\t\n\t\t\t\t\t<div class=\"mkdf-call-to-action-text\" >\n\t\t\t\t\t\t\n<h2 class=\"p1\" style=\"margin-top: 10px !important;\"><strong>Agende hoje a sua drenagem<\/strong><\/h2>\n\t\t\t\t\t<\/div>\n\n\t\t\t\t<\/div>\n\n\t\t\t\t\n\t\t\t\t\t<div class=\"mkdf-button-wrapper mkdf-call-to-action-column2 mkdf-call-to-action-cell\" style =\"text-align: right ;\">\n\n\t\t\t\t\t\t<a href=\"\/marcar-consulta\/\" target=\"_self\"  class=\"mkdf-btn mkdf-btn-medium mkdf-btn-solid mkdf-btn-hover-outline\"  >\t\t\t\t<span class=\"mkdf-btn-helper\" ><\/span>\t\t<span class=\"mkdf-btn-text\">Marcar Consulta<\/span><\/a>\n\t\t\t\t\t<\/div>\n\n\t\t\t\t\n\t\t\t<\/div>\n\n\t\t\t\t<\/div>\n\t\t\n\t<\/div>\n\n[\/vc_column][\/vc_row][vc_row content_width=&#8221;grid&#8221; css=&#8221;.vc_custom_1606153052894{border-top-width: 1px !important;border-bottom-width: 1px !important;padding-top: 60px !important;padding-bottom: 60px !important;background-color: #ffffff !important;}&#8221; el_id=&#8221;logo-revistas&#8221;][vc_column][vc_column_text]\n\t\t<style>\n\t\t\t#wpls-logo-showcase-slider-1 .wpls-fix-box,\n\t\t\t#wpls-logo-showcase-slider-1 .wpls-fix-box img.wp-post-image{max-height:250px; }\n\t\t<\/style>\n\n\t\t<div class=\"wpls-wrap wpls-logo-showcase-slider-wrp wpls-logo-clearfix wpls-design-1 \" data-conf=\"{&quot;slides_column&quot;:&quot;4&quot;,&quot;slides_scroll&quot;:1,&quot;dots&quot;:&quot;true&quot;,&quot;arrows&quot;:&quot;true&quot;,&quot;autoplay&quot;:&quot;true&quot;,&quot;autoplay_interval&quot;:3000,&quot;loop&quot;:&quot;true&quot;,&quot;rtl&quot;:&quot;false&quot;,&quot;speed&quot;:800,&quot;center_mode&quot;:&quot;false&quot;,&quot;lazyload&quot;:&quot;&quot;}\">\n\t\t\t<div class=\"wpls-logo-showcase logo_showcase wpls-logo-slider  sliderimage_hide_border \" id=\"wpls-logo-showcase-slider-1\" >\n\t\t\t\t<div class=\"wpls-logo-cnt\">\n\t<div class=\"wpls-fix-box\">\n\t\t\t\t<img class=\"wp-post-image\"  src=\"https:\/\/clientes.space\/michele-bond\/website\/wp-content\/uploads\/2018\/08\/womens-health-1.png\" alt=\"womens-health\" \/>\n\t\t\t<\/div>\n\t<\/div><div class=\"wpls-logo-cnt\">\n\t<div class=\"wpls-fix-box\">\n\t\t\t\t<img class=\"wp-post-image\"  src=\"https:\/\/clientes.space\/michele-bond\/website\/wp-content\/uploads\/2018\/08\/Rede_Vida_logo-1.png\" alt=\"Rede_Vida\" \/>\n\t\t\t<\/div>\n\t<\/div><div class=\"wpls-logo-cnt\">\n\t<div class=\"wpls-fix-box\">\n\t\t\t\t<img class=\"wp-post-image\"  src=\"https:\/\/clientes.space\/michele-bond\/website\/wp-content\/uploads\/2018\/08\/forever_young_logo.png\" alt=\"forever_young\" \/>\n\t\t\t<\/div>\n\t<\/div><div class=\"wpls-logo-cnt\">\n\t<div class=\"wpls-fix-box\">\n\t\t\t\t<img class=\"wp-post-image\"  src=\"https:\/\/clientes.space\/michele-bond\/website\/wp-content\/uploads\/2018\/08\/SVBlog_Logo-1.png\" alt=\"SVBlog\" \/>\n\t\t\t<\/div>\n\t<\/div>\t\t\t<\/div>\n\t\t<\/div>\n\n\t\t[\/vc_column_text][\/vc_column][\/vc_row][vc_row content_width=&#8221;grid&#8221; css=&#8221;.vc_custom_1589106882118{border-top-width: 1px !important;border-bottom-width: 1px !important;padding-top: 60px !important;padding-bottom: 60px !important;background-color: #f8f8f8 !important;}&#8221;][vc_column width=&#8221;1\/2&#8243;][vc_single_image image=&#8221;11519&#8243; img_size=&#8221;large&#8221;][vc_empty_space][\/vc_column][vc_column width=&#8221;1\/2&#8243;]<div class=\"mkdf-section-title-holder\">\n\t<h2 class=\"mkdf-section-title\" style=\"text-align: left\">\n\tDra. Renata S\u00e1<\/h2>\n<\/div>[vc_column_text]Licenciatura em Fisioterapia pela Escola Superior de Sa\u00fade, Coimbra. Especializa\u00e7\u00e3o em Reabilita\u00e7\u00e3o de Cirurgia Pl\u00e1stica e Reconstrutiva, pela Master Science Lab, Porto<\/p>\n<p>Altamente qualificada. Acredita na forma\u00e7\u00e3o cont\u00ednua. Possui diferentes forma\u00e7\u00f5es complementares para garantir excelentes resultados aos seus pacientes.[\/vc_column_text][vc_empty_space]<a href=\"https:\/\/clientes.space\/michele-bond\/website\/renata-sa\/\" target=\"_self\"  class=\"mkdf-btn mkdf-btn-small mkdf-btn-solid mkdf-btn-hover-outline\"  >\n\t\n\t\t\t<span class=\"mkdf-btn-helper\" ><\/span>\n\t\t<span class=\"mkdf-btn-text\">Saiba mais<\/span>\n<\/a>[\/vc_column][\/vc_row][vc_row][vc_column]\n\n\t<div class=\"mkdf-call-to-action normal\" style=\"padding: 20px;\">\n\n\t\t\t\t<div class=\"mkdf-container-inner\">\n\t\t\t\t\t<div class=\"mkdf-call-to-action-row-75-25 clearfix\">\n\t\t\n\t\t\t\t<div class=\"mkdf-text-wrapper mkdf-call-to-action-column1 mkdf-call-to-action-cell\">\n\n\t\t\t\t\n\t\t\t\t\t<div class=\"mkdf-call-to-action-text\" >\n\t\t\t\t\t\t\n<h2 class=\"p1\" style=\"margin-top: 10px !important;\"><strong>Agende hoje a sua drenagem<\/strong><\/h2>\n\t\t\t\t\t<\/div>\n\n\t\t\t\t<\/div>\n\n\t\t\t\t\n\t\t\t\t\t<div class=\"mkdf-button-wrapper mkdf-call-to-action-column2 mkdf-call-to-action-cell\" style =\"text-align: right ;\">\n\n\t\t\t\t\t\t<a href=\"\/marcar-consulta\/\" target=\"_self\"  class=\"mkdf-btn mkdf-btn-medium mkdf-btn-solid mkdf-btn-hover-outline\"  >\t\t\t\t<span class=\"mkdf-btn-helper\" ><\/span>\t\t<span class=\"mkdf-btn-text\">Marcar Consulta<\/span><\/a>\n\t\t\t\t\t<\/div>\n\n\t\t\t\t\n\t\t\t<\/div>\n\n\t\t\t\t<\/div>\n\t\t\n\t<\/div>\n\n[\/vc_column][\/vc_row][vc_row row_type=&#8221;parallax&#8221; full_screen_section_height=&#8221;no&#8221; parallax_background_image=&#8221;164&#8243; css=&#8221;.vc_custom_1481238989291{padding-top: 65px !important;padding-bottom: 65px !important;}&#8221;][vc_column]<div class=\"mkdf-section-title-holder\">\n\t<h2 class=\"mkdf-section-title mkdf-section-title-medium\" style=\"color: #ffffff;text-transform: capitalize;text-align: center\">\n\tClientes Satisfeitos<\/h2>\n<\/div>[vc_empty_space]<div class=\"mkdf-testimonials-holder clearfix light\"><div class=\"mkdf-testimonials testimonials-slider\"><div id=\"mkdf-testimonials83\" class=\"mkdf-testimonial-content testimonials-slider\">\n\t<div class=\"mkdf-testimonial-content-inner\">\n\t\t\t\t\t<div class= \"mkdf-container-inner\">\n\t\t\t\t<div class=\"mkdf-testimonial-text-holder\">\n\t\t\t<div class=\"mkdf-testimonial-text-inner light\">\n\t\t\t\t\t\t\t\t<p class=\"mkdf-testimonial-text\" >Depois de ter o meu segundo filho, e de maus h\u00e1bitos alimentares, ganhei muito peso. Com o acompanhamento que tive na Cl\u00ednica consegui perder 7 quilos e agora sinto-me muito bem! Obrigado a todos.<\/p>\n\t\t\t\t\t\t\t\t\t<div class=\"mkdf-testimonial-author\">\n\t\t\t\t\t\t<h3 class=\"mkdf-testimonial-author-text light\">F\u00e1tima (38 Anos)<\/h3>\n\t\t\t\t\t\t\t\t\t\t\t\t\t<span class=\"mkdf-testimonials-job light\">Lisboa<\/span>\n\t\t\t\t\t\t\t\t\t\t\t<\/div>\n\t\t\t\t\t\t\t<\/div>\n\t\t<\/div>\n\n\t\t\t\t\t<\/div>\n\t\t\t<\/div>\n<\/div>\n<div id=\"mkdf-testimonials82\" class=\"mkdf-testimonial-content testimonials-slider\">\n\t<div class=\"mkdf-testimonial-content-inner\">\n\t\t\t\t\t<div class= \"mkdf-container-inner\">\n\t\t\t\t<div class=\"mkdf-testimonial-text-holder\">\n\t\t\t<div class=\"mkdf-testimonial-text-inner light\">\n\t\t\t\t\t\t\t\t<p class=\"mkdf-testimonial-text\" >Sempre tive muitas dificuldades em dormir, tentei muitas terapias mas s\u00f3 com a ajuda da Dra Michelle \u00e9 que descobri o que \u00e9 uma boa noite de sono. Sou hoje uma pessoa diferente e com muito mais energia.<\/p>\n\t\t\t\t\t\t\t\t\t<div class=\"mkdf-testimonial-author\">\n\t\t\t\t\t\t<h3 class=\"mkdf-testimonial-author-text light\">Carla (45 Anos)<\/h3>\n\t\t\t\t\t\t\t\t\t\t\t\t\t<span class=\"mkdf-testimonials-job light\">Alg\u00e9s<\/span>\n\t\t\t\t\t\t\t\t\t\t\t<\/div>\n\t\t\t\t\t\t\t<\/div>\n\t\t<\/div>\n\n\t\t\t\t\t<\/div>\n\t\t\t<\/div>\n<\/div>\n<\/div><\/div>[\/vc_column][\/vc_row]<\/p>\n","protected":false},"excerpt":{"rendered":"<p>[vc_row content_width=&#8221;grid&#8221; el_class=&#8221;first-section&#8221; css=&#8221;.vc_custom_1481240302876{padding-top: 60px !important;}&#8221;][vc_column width=&#8221;1\/2&#8243;][vc_column_text]A Drenagem Linf\u00e1tica \u00e9 de m\u00e1xima import\u00e2ncia tanto antes, como depois de uma interven\u00e7\u00e3o&#8230;<\/p>\n","protected":false},"author":2,"featured_media":0,"parent":0,"menu_order":0,"comment_status":"closed","ping_status":"closed","template":"full-width.php","meta":{"content-type":"","footnotes":""},"yoast_head":"<!-- This site is optimized with the Yoast SEO plugin v21.7 - https:\/\/yoast.com\/wordpress\/plugins\/seo\/ -->\n<title>Drenagem Linf\u00e1tica P\u00f3s Operat\u00f3rio | Parque das Na\u00e7\u00f5es<\/title>\n<meta name=\"description\" content=\"A drenagem linf\u00e1tica p\u00f3s operat\u00f3rio auxilia a elimina\u00e7\u00e3o das toxinas, reduz o incha\u00e7o e evita o acumulo localizado de l\u00edquido e fibroses, que podem se formar durante o processo de cicatriza\u00e7\u00e3o.\" \/>\n<meta name=\"robots\" content=\"index, follow, max-snippet:-1, max-image-preview:large, max-video-preview:-1\" \/>\n<link rel=\"canonical\" href=\"https:\/\/clientes.space\/michele-bond\/website\/drenagem-linfatica-pos-operatorio\/\" \/>\n<meta property=\"og:locale\" content=\"pt_PT\" \/>\n<meta property=\"og:type\" content=\"article\" \/>\n<meta property=\"og:title\" content=\"Drenagem Linf\u00e1tica P\u00f3s Operat\u00f3rio | Parque das Na\u00e7\u00f5es\" \/>\n<meta property=\"og:description\" content=\"A drenagem linf\u00e1tica p\u00f3s operat\u00f3rio auxilia a elimina\u00e7\u00e3o das toxinas, reduz o incha\u00e7o e evita o acumulo localizado de l\u00edquido e fibroses, que podem se formar durante o processo de cicatriza\u00e7\u00e3o.\" \/>\n<meta property=\"og:url\" content=\"https:\/\/clientes.space\/michele-bond\/website\/drenagem-linfatica-pos-operatorio\/\" \/>\n<meta property=\"og:site_name\" content=\"Michelle Bond Clinic | Lisboa\" \/>\n<meta property=\"article:modified_time\" content=\"2023-09-22T11:33:53+00:00\" \/>\n<meta name=\"twitter:card\" content=\"summary_large_image\" \/>\n<meta name=\"twitter:label1\" content=\"Tempo estimado de leitura\" \/>\n\t<meta name=\"twitter:data1\" content=\"4 minutos\" \/>\n<script type=\"application\/ld+json\" class=\"yoast-schema-graph\">{\"@context\":\"https:\/\/schema.org\",\"@graph\":[{\"@type\":\"WebPage\",\"@id\":\"https:\/\/clientes.space\/michele-bond\/website\/drenagem-linfatica-pos-operatorio\/\",\"url\":\"https:\/\/clientes.space\/michele-bond\/website\/drenagem-linfatica-pos-operatorio\/\",\"name\":\"Drenagem Linf\u00e1tica P\u00f3s Operat\u00f3rio | Parque das Na\u00e7\u00f5es\",\"isPartOf\":{\"@id\":\"https:\/\/clientes.space\/michele-bond\/website\/#website\"},\"datePublished\":\"2020-09-09T11:15:37+00:00\",\"dateModified\":\"2023-09-22T11:33:53+00:00\",\"description\":\"A drenagem linf\u00e1tica p\u00f3s operat\u00f3rio auxilia a elimina\u00e7\u00e3o das toxinas, reduz o incha\u00e7o e evita o acumulo localizado de l\u00edquido e fibroses, que podem se formar durante o processo de cicatriza\u00e7\u00e3o.\",\"breadcrumb\":{\"@id\":\"https:\/\/clientes.space\/michele-bond\/website\/drenagem-linfatica-pos-operatorio\/#breadcrumb\"},\"inLanguage\":\"pt-PT\",\"potentialAction\":[{\"@type\":\"ReadAction\",\"target\":[\"https:\/\/clientes.space\/michele-bond\/website\/drenagem-linfatica-pos-operatorio\/\"]}]},{\"@type\":\"BreadcrumbList\",\"@id\":\"https:\/\/clientes.space\/michele-bond\/website\/drenagem-linfatica-pos-operatorio\/#breadcrumb\",\"itemListElement\":[{\"@type\":\"ListItem\",\"position\":1,\"name\":\"In\u00edcio\",\"item\":\"https:\/\/clientes.space\/michele-bond\/website\/\"},{\"@type\":\"ListItem\",\"position\":2,\"name\":\"Drenagem Linf\u00e1tica P\u00f3s-Operat\u00f3rio\"}]},{\"@type\":\"WebSite\",\"@id\":\"https:\/\/clientes.space\/michele-bond\/website\/#website\",\"url\":\"https:\/\/clientes.space\/michele-bond\/website\/\",\"name\":\"Michelle Bond - Holistic Health &amp; Beauty\",\"description\":\"Medicina Est\u00e9tica, Naturopatia, Nutri\u00e7\u00e3o e Fisioterapia\",\"potentialAction\":[{\"@type\":\"SearchAction\",\"target\":{\"@type\":\"EntryPoint\",\"urlTemplate\":\"https:\/\/clientes.space\/michele-bond\/website\/?s={search_term_string}\"},\"query-input\":\"required name=search_term_string\"}],\"inLanguage\":\"pt-PT\"}]}<\/script>\n<!-- \/ Yoast SEO plugin. -->","yoast_head_json":{"title":"Drenagem Linf\u00e1tica P\u00f3s Operat\u00f3rio | Parque das Na\u00e7\u00f5es","description":"A drenagem linf\u00e1tica p\u00f3s operat\u00f3rio auxilia a elimina\u00e7\u00e3o das toxinas, reduz o incha\u00e7o e evita o acumulo localizado de l\u00edquido e fibroses, que podem se formar durante o processo de cicatriza\u00e7\u00e3o.","robots":{"index":"index","follow":"follow","max-snippet":"max-snippet:-1","max-image-preview":"max-image-preview:large","max-video-preview":"max-video-preview:-1"},"canonical":"https:\/\/clientes.space\/michele-bond\/website\/drenagem-linfatica-pos-operatorio\/","og_locale":"pt_PT","og_type":"article","og_title":"Drenagem Linf\u00e1tica P\u00f3s Operat\u00f3rio | Parque das Na\u00e7\u00f5es","og_description":"A drenagem linf\u00e1tica p\u00f3s operat\u00f3rio auxilia a elimina\u00e7\u00e3o das toxinas, reduz o incha\u00e7o e evita o acumulo localizado de l\u00edquido e fibroses, que podem se formar durante o processo de cicatriza\u00e7\u00e3o.","og_url":"https:\/\/clientes.space\/michele-bond\/website\/drenagem-linfatica-pos-operatorio\/","og_site_name":"Michelle Bond Clinic | Lisboa","article_modified_time":"2023-09-22T11:33:53+00:00","twitter_card":"summary_large_image","twitter_misc":{"Tempo estimado de leitura":"4 minutos"},"schema":{"@context":"https:\/\/schema.org","@graph":[{"@type":"WebPage","@id":"https:\/\/clientes.space\/michele-bond\/website\/drenagem-linfatica-pos-operatorio\/","url":"https:\/\/clientes.space\/michele-bond\/website\/drenagem-linfatica-pos-operatorio\/","name":"Drenagem Linf\u00e1tica P\u00f3s Operat\u00f3rio | Parque das Na\u00e7\u00f5es","isPartOf":{"@id":"https:\/\/clientes.space\/michele-bond\/website\/#website"},"datePublished":"2020-09-09T11:15:37+00:00","dateModified":"2023-09-22T11:33:53+00:00","description":"A drenagem linf\u00e1tica p\u00f3s operat\u00f3rio auxilia a elimina\u00e7\u00e3o das toxinas, reduz o incha\u00e7o e evita o acumulo localizado de l\u00edquido e fibroses, que podem se formar durante o processo de cicatriza\u00e7\u00e3o.","breadcrumb":{"@id":"https:\/\/clientes.space\/michele-bond\/website\/drenagem-linfatica-pos-operatorio\/#breadcrumb"},"inLanguage":"pt-PT","potentialAction":[{"@type":"ReadAction","target":["https:\/\/clientes.space\/michele-bond\/website\/drenagem-linfatica-pos-operatorio\/"]}]},{"@type":"BreadcrumbList","@id":"https:\/\/clientes.space\/michele-bond\/website\/drenagem-linfatica-pos-operatorio\/#breadcrumb","itemListElement":[{"@type":"ListItem","position":1,"name":"In\u00edcio","item":"https:\/\/clientes.space\/michele-bond\/website\/"},{"@type":"ListItem","position":2,"name":"Drenagem Linf\u00e1tica P\u00f3s-Operat\u00f3rio"}]},{"@type":"WebSite","@id":"https:\/\/clientes.space\/michele-bond\/website\/#website","url":"https:\/\/clientes.space\/michele-bond\/website\/","name":"Michelle Bond - Holistic Health &amp; Beauty","description":"Medicina Est\u00e9tica, Naturopatia, Nutri\u00e7\u00e3o e Fisioterapia","potentialAction":[{"@type":"SearchAction","target":{"@type":"EntryPoint","urlTemplate":"https:\/\/clientes.space\/michele-bond\/website\/?s={search_term_string}"},"query-input":"required name=search_term_string"}],"inLanguage":"pt-PT"}]}},"_links":{"self":[{"href":"https:\/\/clientes.space\/michele-bond\/website\/wp-json\/wp\/v2\/pages\/6534"}],"collection":[{"href":"https:\/\/clientes.space\/michele-bond\/website\/wp-json\/wp\/v2\/pages"}],"about":[{"href":"https:\/\/clientes.space\/michele-bond\/website\/wp-json\/wp\/v2\/types\/page"}],"author":[{"embeddable":true,"href":"https:\/\/clientes.space\/michele-bond\/website\/wp-json\/wp\/v2\/users\/2"}],"replies":[{"embeddable":true,"href":"https:\/\/clientes.space\/michele-bond\/website\/wp-json\/wp\/v2\/comments?post=6534"}],"version-history":[{"count":12,"href":"https:\/\/clientes.space\/michele-bond\/website\/wp-json\/wp\/v2\/pages\/6534\/revisions"}],"predecessor-version":[{"id":22180,"href":"https:\/\/clientes.space\/michele-bond\/website\/wp-json\/wp\/v2\/pages\/6534\/revisions\/22180"}],"wp:attachment":[{"href":"https:\/\/clientes.space\/michele-bond\/website\/wp-json\/wp\/v2\/media?parent=6534"}],"curies":[{"name":"wp","href":"https:\/\/api.w.org\/{rel}","templated":true}]}}