{"id":6827,"date":"2020-10-22T14:33:51","date_gmt":"2020-10-22T14:33:51","guid":{"rendered":"https:\/\/clientes.space\/michele-bond\/website\/?page_id=6827"},"modified":"2024-01-08T17:21:38","modified_gmt":"2024-01-08T17:21:38","slug":"eliminar-manchas","status":"publish","type":"page","link":"https:\/\/clientes.space\/michele-bond\/website\/eliminar-manchas\/","title":{"rendered":"Eliminar Manchas"},"content":{"rendered":"<p>[vc_row content_width=&#8221;grid&#8221; el_class=&#8221;first-section&#8221; css=&#8221;.vc_custom_1481240302876{padding-top: 60px !important;}&#8221;][vc_column width=&#8221;1\/2&#8243;]<div class=\"mkdf-section-title-holder\">\n\t<h2 class=\"mkdf-section-title mkdf-section-title-small\" style=\"text-transform: none;text-align: left\">\n\tTratamentos para eliminar manchas<\/h2>\n<\/div>[vc_column_text]Tem manchas na pele? Se sim, com certeza isso o\/a incomoda! Mas sabia que existem v\u00e1rios tipos de manchas e que estas podem ser tratadas de formas diferentes?\u00a0Veja como:<\/p>\n<h3>Microagulhamento<\/h3>\n<p>A hiperpigmenta\u00e7\u00e3o devido \u00e0 produ\u00e7\u00e3o irregular de melanina ocorre nas v\u00e1rias camadas da pele. Com o passar do tempo, a pele pigmentada fica cada vez mais dif\u00edcil de tratar, especialmente ap\u00f3s a exposi\u00e7\u00e3o ao sol e ao processo natural de envelhecimento das c\u00e9lulas epiteliais. As c\u00e9lulas envelhecidas acumulam-se com o tempo e d\u00e3o \u00e0 pele uma apar\u00eancia opaca.<\/p>\n<p>\u00c9 nesta altura que o Microagulhamento entra em a\u00e7\u00e3o! Pois impulsiona o processo de regenera\u00e7\u00e3o da pele. O tratamento envolve a pun\u00e7\u00e3o de pequenas agulhas na pele para induzir a produ\u00e7\u00e3o de col\u00e1geno, estimulando a regenera\u00e7\u00e3o da pele e como resultado, a pele fica com apar\u00eancia mais nova e uniforme.<\/p>\n<p><strong>Veja mais<\/strong> na nossa <a href=\"https:\/\/clientes.space\/michele-bond\/website\/microagulhamento\/\">p\u00e1gina de microagulhamento<\/a>.<\/p>\n<h3>Cosmelan\u00ae<\/h3>\n<p>Atualmente este <span lang=\"pt\">\u00e9 um dos tratamentos despigmentantes mais vendidos no mundo, pois reduz a pigmenta\u00e7\u00e3o em at\u00e9 90-95%. T<\/span>ratar praticamente todos os tipos de pigmenta\u00e7\u00e3o, incluindo a induzida por horm\u00f3nios, como: melasma, cloasma e pigmenta\u00e7\u00e3o superficial como danos causados \u200b\u200bpelo sol, sardas e manchas escuras.<\/p>\n<p><strong>Veja mais<\/strong> na nossa <a href=\"https:\/\/clientes.space\/michele-bond\/website\/cosmelan\/\">p\u00e1gina de Cosmelan\u00ae<\/a>.<\/p>\n<h3>Dermamelan\u00ae<\/h3>\n<p>Este tratamento \u00e9 indicado para quem sofre de hiperpigmenta\u00e7\u00e3o severa. Consiste em um peeling que utiliza os principais \u00e1cidos org\u00e2nicos na remo\u00e7\u00e3o e supress\u00e3o da melanina, que s\u00e3o as c\u00e9lulas que causam a pigmenta\u00e7\u00e3o. \u00c9 uma combina\u00e7\u00e3o de tratamento cl\u00ednico e um protocolo completo de cuidados domiciliares. Este procedimento \u00e9 realizado por um m\u00e9dico.<\/p>\n<p><strong>Veja mais<\/strong> na nossa <a href=\"https:\/\/clientes.space\/michele-bond\/website\/dermamelan\/\">p\u00e1gina de Dermamelan\u00ae<\/a>.<\/p>\n<h3>Green Peel\u00ae<\/h3>\n<p>Este tratamento \u00e9 indicado para quem procura uma op\u00e7\u00e3o mais natural. Reconhecido mundialmente, o Green Peel provou ser um m\u00e9todo seguro e bem-sucedido de resurfacing n\u00e3o invasivo da pele. Um composto de ervas, misturado com uma solu\u00e7\u00e3o ativa de clareamento da pele, proporciona uma esfolia\u00e7\u00e3o, al\u00e9m de uma limpeza profunda e desintoxica\u00e7\u00e3o desta, estimulando ainda o processo de despigmenta\u00e7\u00e3o.<\/p>\n<p><strong>Veja mais<\/strong> na nossa <a href=\"https:\/\/clientes.space\/michele-bond\/website\/green-peel\/\">p\u00e1gina de Green Peel\u00ae<\/a>.<\/p>\n<h3>Vitamina C<\/h3>\n<p>Este tratamento com base na Vitamina C possui a\u00e7\u00e3o clareadora e inibe a forma\u00e7\u00e3o de melanina na regi\u00e3o. A Vitamina C de grau farmac\u00eautico e enzimas de fruta aceleram a renova\u00e7\u00e3o celular para tonificar e clarear todos os tipos de pele enquanto uma mistura das Vitaminas A, C e E e \u00c1cido Hialur\u00f3nico ajudam a nutrir e hidratar a pele profundamente.[\/vc_column_text][vc_empty_space][\/vc_column][vc_column width=&#8221;1\/2&#8243;]<div class=\"mkdf-section-title-holder\">\n\t<h2 class=\"mkdf-section-title mkdf-section-title-small\" style=\"text-transform: none;text-align: left\">\n\tCausas e tipos de manchas<\/h2>\n<\/div>[vc_column_text]Geralmente as manchas s\u00e3o consequ\u00eancia de processos inflamat\u00f3rios, como borbulhas, feridas, queimaduras, exposi\u00e7\u00e3o solar excessiva ou at\u00e9 rea\u00e7\u00f5es causadas pelo uso de algum produto. Tamb\u00e9m podem aparecer devido a altera\u00e7\u00f5es hormonais como na gravidez ou em fases de stress.<\/p>\n<p>Existem v\u00e1rios tipos de hiperpigmenta\u00e7\u00e3o, entretanto as mais comuns s\u00e3o as manchas da idade que s\u00e3o causadas pela exposi\u00e7\u00e3o solar. Por esse motivo, aparecem principalmente em partes do corpo que s\u00e3o frequentemente expostas a luz solar, como o rosto, m\u00e3os e bra\u00e7os.<\/p>\n<h3>Tipos e hiperpigmenta\u00e7\u00e3o<\/h3>\n<ul>\n<li class=\"mkdf-section-subtitle\"><strong>Sardas, manchas da idade e outras pequenas manchas <\/strong><\/li>\n<\/ul>\n<p>S\u00e3o causadas pela melanina, uma subst\u00e2ncia que d\u00e1 cor \u00e0 pele. Quando a melanina se acumula em determinado local, torna-se numa mancha. O melasma ocorre quando a melanina \u00e9 produzida em quantidades excessivas em certos pontos da pele. Dessa hiperpigmenta\u00e7\u00e3o resultam manchas na pele de cores que v\u00e3o da cor castanha clara \u00e0 preta, podendo tamb\u00e9m as manchas variar em tamanho e forma.<\/p>\n<ul>\n<li><strong>Cloasma<\/strong><\/li>\n<\/ul>\n<p>\u00c9 muitas vezes referido como &#8216;a m\u00e1scara da gravidez&#8217;, uma vez que afeta 90% das mulheres gr\u00e1vidas. Ocorre como resultado de influ\u00eancias hormonais, como gravidez e p\u00edlulas anticoncepcionais, e provoca \u00e1reas escuras e irregulares no rosto ou bra\u00e7os que podem ser bastante grandes.<\/p>\n<ul>\n<li><strong>Hiperpigmenta\u00e7\u00e3o p\u00f3s-inflamat\u00f3ria <\/strong><\/li>\n<\/ul>\n<p>Ocorre quando uma les\u00e3o ou traumatismo cut\u00e2neo cura e deixa para tr\u00e1s uma \u00e1rea plana de descolora\u00e7\u00e3o. \u00c9 comumente encontrada entre os que sofrem de acne, mas tamb\u00e9m pode ser causada por procedimentos est\u00e9ticos, como dermoabras\u00e3o, tratamento com laser e peelings qu\u00edmicos.[\/vc_column_text][vc_empty_space][vc_single_image image=&#8221;6117&#8243; img_size=&#8221;250&#215;200&#8243; alignment=&#8221;center&#8221; style=&#8221;vc_box_border_circle&#8221;][vc_empty_space][\/vc_column][\/vc_row][vc_row content_width=&#8221;grid&#8221; el_class=&#8221;first-section&#8221; css=&#8221;.vc_custom_1481238748781{padding-bottom: 50px !important;}&#8221;][vc_column width=&#8221;1\/2&#8243;]<div class=\"mkdf-section-title-holder\">\n\t<h2 class=\"mkdf-section-title mkdf-section-title-small\" style=\"text-transform: none;text-align: left\">\n\tComo funciona o nosso tratamento<\/h2>\n<\/div>[vc_column_text]<\/p>\n<ol>\n<li><strong>Avalia\u00e7\u00e3o<\/strong><br \/>\nMarque a sua consulta de avalia\u00e7\u00e3o gratuita<\/li>\n<li><strong>Primeira consulta \u2013 cl\u00ednica<\/strong><br \/>\nDurante a consulta, ter\u00e1 a oportunidade de discutir o tratamento e os resultados que deseja alcan\u00e7ar com a nossa profissional.<\/li>\n<\/ol>\n<p>[\/vc_column_text][vc_empty_space][\/vc_column][vc_column width=&#8221;1\/2&#8243;]<div class=\"mkdf-section-title-holder\">\n\t<h2 class=\"mkdf-section-title mkdf-section-title-small\" style=\"text-transform: none;text-align: left\">\n\tPre\u00e7os<\/h2>\n<\/div>[vc_column_text]Os pre\u00e7os variam em fun\u00e7\u00e3o do tratamento escolhido:<\/p>\n<ul>\n<li>1 Sess\u00e3o de Microagulhamento: 95\u20ac<\/li>\n<li>Green Peel Classic\u00ae: 220\u20ac (inclui produtos home care)<\/li>\n<li>Cosmelan\u00ae: 400\u20ac (inclui produtos home care)<\/li>\n<li>Dermamelan\u00ae: 700\u20ac (inclui produtos home care)<\/li>\n<\/ul>\n<p>[\/vc_column_text][vc_empty_space][\/vc_column][\/vc_row][vc_row css=&#8221;.vc_custom_1589097837418{background-color: #f8f8f8 !important;}&#8221;][vc_column]\n\n\t<div class=\"mkdf-call-to-action normal\" style=\"padding: 20px;\">\n\n\t\t\t\t<div class=\"mkdf-container-inner\">\n\t\t\t\t\t<div class=\"mkdf-call-to-action-row-75-25 clearfix\">\n\t\t\n\t\t\t\t<div class=\"mkdf-text-wrapper mkdf-call-to-action-column1 mkdf-call-to-action-cell\">\n\n\t\t\t\t\n\t\t\t\t\t<div class=\"mkdf-call-to-action-text\" >\n\t\t\t\t\t\t\n<h2 class=\"p1\" style=\"margin-top: 10px !important;\"><strong>Agende hoje a sua avalia\u00e7\u00e3o<\/strong><\/h2>\n\t\t\t\t\t<\/div>\n\n\t\t\t\t<\/div>\n\n\t\t\t\t\n\t\t\t\t\t<div class=\"mkdf-button-wrapper mkdf-call-to-action-column2 mkdf-call-to-action-cell\" style =\"text-align: right ;\">\n\n\t\t\t\t\t\t<a href=\"\/marcar-consulta\/\" target=\"_self\"  class=\"mkdf-btn mkdf-btn-medium mkdf-btn-solid mkdf-btn-hover-outline\"  >\t\t\t\t<span class=\"mkdf-btn-helper\" ><\/span>\t\t<span class=\"mkdf-btn-text\">Marcar Avalia\u00e7\u00e3o<\/span><\/a>\n\t\t\t\t\t<\/div>\n\n\t\t\t\t\n\t\t\t<\/div>\n\n\t\t\t\t<\/div>\n\t\t\n\t<\/div>\n\n[\/vc_column][\/vc_row][vc_row content_width=&#8221;grid&#8221; css=&#8221;.vc_custom_1603382734538{border-top-width: 1px !important;border-bottom-width: 1px !important;padding-top: 60px !important;padding-bottom: 60px !important;background-color: #ffffff !important;}&#8221; el_id=&#8221;logo-revistas&#8221;][vc_column][vc_column_text]\n\t\t<style>\n\t\t\t#wpls-logo-showcase-slider-1 .wpls-fix-box,\n\t\t\t#wpls-logo-showcase-slider-1 .wpls-fix-box img.wp-post-image{max-height:250px; }\n\t\t<\/style>\n\n\t\t<div class=\"wpls-wrap wpls-logo-showcase-slider-wrp wpls-logo-clearfix wpls-design-1 \" data-conf=\"{&quot;slides_column&quot;:&quot;4&quot;,&quot;slides_scroll&quot;:1,&quot;dots&quot;:&quot;true&quot;,&quot;arrows&quot;:&quot;true&quot;,&quot;autoplay&quot;:&quot;true&quot;,&quot;autoplay_interval&quot;:3000,&quot;loop&quot;:&quot;true&quot;,&quot;rtl&quot;:&quot;false&quot;,&quot;speed&quot;:800,&quot;center_mode&quot;:&quot;false&quot;,&quot;lazyload&quot;:&quot;&quot;}\">\n\t\t\t<div class=\"wpls-logo-showcase logo_showcase wpls-logo-slider  sliderimage_hide_border \" id=\"wpls-logo-showcase-slider-1\" >\n\t\t\t\t<div class=\"wpls-logo-cnt\">\n\t<div class=\"wpls-fix-box\">\n\t\t\t\t<img class=\"wp-post-image\"  src=\"https:\/\/clientes.space\/michele-bond\/website\/wp-content\/uploads\/2018\/08\/womens-health-1.png\" alt=\"womens-health\" \/>\n\t\t\t<\/div>\n\t<\/div><div class=\"wpls-logo-cnt\">\n\t<div class=\"wpls-fix-box\">\n\t\t\t\t<img class=\"wp-post-image\"  src=\"https:\/\/clientes.space\/michele-bond\/website\/wp-content\/uploads\/2018\/08\/Rede_Vida_logo-1.png\" alt=\"Rede_Vida\" \/>\n\t\t\t<\/div>\n\t<\/div><div class=\"wpls-logo-cnt\">\n\t<div class=\"wpls-fix-box\">\n\t\t\t\t<img class=\"wp-post-image\"  src=\"https:\/\/clientes.space\/michele-bond\/website\/wp-content\/uploads\/2018\/08\/forever_young_logo.png\" alt=\"forever_young\" \/>\n\t\t\t<\/div>\n\t<\/div><div class=\"wpls-logo-cnt\">\n\t<div class=\"wpls-fix-box\">\n\t\t\t\t<img class=\"wp-post-image\"  src=\"https:\/\/clientes.space\/michele-bond\/website\/wp-content\/uploads\/2018\/08\/SVBlog_Logo-1.png\" alt=\"SVBlog\" \/>\n\t\t\t<\/div>\n\t<\/div>\t\t\t<\/div>\n\t\t<\/div>\n\n\t\t[\/vc_column_text][\/vc_column][\/vc_row][vc_row row_type=&#8221;parallax&#8221; full_screen_section_height=&#8221;no&#8221; parallax_background_image=&#8221;164&#8243; css=&#8221;.vc_custom_1481238989291{padding-top: 65px !important;padding-bottom: 65px !important;}&#8221;][vc_column]<div class=\"mkdf-section-title-holder\">\n\t<h2 class=\"mkdf-section-title mkdf-section-title-medium\" style=\"color: #ffffff;text-transform: capitalize;text-align: center\">\n\tClientes Satisfeitos<\/h2>\n<\/div>[vc_empty_space]<div class=\"mkdf-testimonials-holder clearfix light\"><div class=\"mkdf-testimonials testimonials-slider\"><div id=\"mkdf-testimonials83\" class=\"mkdf-testimonial-content testimonials-slider\">\n\t<div class=\"mkdf-testimonial-content-inner\">\n\t\t\t\t\t<div class= \"mkdf-container-inner\">\n\t\t\t\t<div class=\"mkdf-testimonial-text-holder\">\n\t\t\t<div class=\"mkdf-testimonial-text-inner light\">\n\t\t\t\t\t\t\t\t<p class=\"mkdf-testimonial-text\" >Depois de ter o meu segundo filho, e de maus h\u00e1bitos alimentares, ganhei muito peso. Com o acompanhamento que tive na Cl\u00ednica consegui perder 7 quilos e agora sinto-me muito bem! Obrigado a todos.<\/p>\n\t\t\t\t\t\t\t\t\t<div class=\"mkdf-testimonial-author\">\n\t\t\t\t\t\t<h3 class=\"mkdf-testimonial-author-text light\">F\u00e1tima (38 Anos)<\/h3>\n\t\t\t\t\t\t\t\t\t\t\t\t\t<span class=\"mkdf-testimonials-job light\">Lisboa<\/span>\n\t\t\t\t\t\t\t\t\t\t\t<\/div>\n\t\t\t\t\t\t\t<\/div>\n\t\t<\/div>\n\n\t\t\t\t\t<\/div>\n\t\t\t<\/div>\n<\/div>\n<div id=\"mkdf-testimonials82\" class=\"mkdf-testimonial-content testimonials-slider\">\n\t<div class=\"mkdf-testimonial-content-inner\">\n\t\t\t\t\t<div class= \"mkdf-container-inner\">\n\t\t\t\t<div class=\"mkdf-testimonial-text-holder\">\n\t\t\t<div class=\"mkdf-testimonial-text-inner light\">\n\t\t\t\t\t\t\t\t<p class=\"mkdf-testimonial-text\" >Sempre tive muitas dificuldades em dormir, tentei muitas terapias mas s\u00f3 com a ajuda da Dra Michelle \u00e9 que descobri o que \u00e9 uma boa noite de sono. Sou hoje uma pessoa diferente e com muito mais energia.<\/p>\n\t\t\t\t\t\t\t\t\t<div class=\"mkdf-testimonial-author\">\n\t\t\t\t\t\t<h3 class=\"mkdf-testimonial-author-text light\">Carla (45 Anos)<\/h3>\n\t\t\t\t\t\t\t\t\t\t\t\t\t<span class=\"mkdf-testimonials-job light\">Alg\u00e9s<\/span>\n\t\t\t\t\t\t\t\t\t\t\t<\/div>\n\t\t\t\t\t\t\t<\/div>\n\t\t<\/div>\n\n\t\t\t\t\t<\/div>\n\t\t\t<\/div>\n<\/div>\n<\/div><\/div>[\/vc_column][\/vc_row][vc_row][vc_column]\n\n\t<div class=\"mkdf-call-to-action normal\" style=\"padding: 20px;\">\n\n\t\t\t\t<div class=\"mkdf-container-inner\">\n\t\t\t\t\t<div class=\"mkdf-call-to-action-row-75-25 clearfix\">\n\t\t\n\t\t\t\t<div class=\"mkdf-text-wrapper mkdf-call-to-action-column1 mkdf-call-to-action-cell\">\n\n\t\t\t\t\n\t\t\t\t\t<div class=\"mkdf-call-to-action-text\" >\n\t\t\t\t\t\t\n<h2 class=\"p1\" style=\"margin-top: 10px !important;\"><strong>Agende hoje a sua consulta<\/strong><\/h2>\n\t\t\t\t\t<\/div>\n\n\t\t\t\t<\/div>\n\n\t\t\t\t\n\t\t\t\t\t<div class=\"mkdf-button-wrapper mkdf-call-to-action-column2 mkdf-call-to-action-cell\" style =\"text-align: right ;\">\n\n\t\t\t\t\t\t<a href=\"\/marcar-consulta\/\" target=\"_self\"  class=\"mkdf-btn mkdf-btn-medium mkdf-btn-solid mkdf-btn-hover-outline\"  >\t\t\t\t<span class=\"mkdf-btn-helper\" ><\/span>\t\t<span class=\"mkdf-btn-text\">Marcar Consulta<\/span><\/a>\n\t\t\t\t\t<\/div>\n\n\t\t\t\t\n\t\t\t<\/div>\n\n\t\t\t\t<\/div>\n\t\t\n\t<\/div>\n\n[\/vc_column][\/vc_row]<\/p>\n","protected":false},"excerpt":{"rendered":"<p>[vc_row content_width=&#8221;grid&#8221; el_class=&#8221;first-section&#8221; css=&#8221;.vc_custom_1481240302876{padding-top: 60px !important;}&#8221;][vc_column width=&#8221;1\/2&#8243;][vc_column_text]Tem manchas na pele? Se sim, com certeza isso o\/a incomoda! Mas sabia que&#8230;<\/p>\n","protected":false},"author":2,"featured_media":6118,"parent":0,"menu_order":0,"comment_status":"closed","ping_status":"closed","template":"full-width.php","meta":{"content-type":"","footnotes":""},"yoast_head":"<!-- This site is optimized with the Yoast SEO plugin v21.7 - https:\/\/yoast.com\/wordpress\/plugins\/seo\/ -->\n<title>Eliminar Manchas - Cl\u00ednica Michelle Bond - Parque das Na\u00e7\u00f5es<\/title>\n<meta name=\"description\" content=\"Tratamentos para eliminar manchas. Tem manchas na pele? Se sim, com certeza isso o\/a incomoda! Mas sabia que existem v\u00e1rios tipos de manchas\" \/>\n<meta name=\"robots\" content=\"index, follow, max-snippet:-1, max-image-preview:large, max-video-preview:-1\" \/>\n<link rel=\"canonical\" href=\"https:\/\/clientes.space\/michele-bond\/website\/eliminar-manchas\/\" \/>\n<meta property=\"og:locale\" content=\"pt_PT\" \/>\n<meta property=\"og:type\" content=\"article\" \/>\n<meta property=\"og:title\" content=\"Eliminar Manchas - Cl\u00ednica Michelle Bond - Parque das Na\u00e7\u00f5es\" \/>\n<meta property=\"og:description\" content=\"Tratamentos para eliminar manchas. Tem manchas na pele? Se sim, com certeza isso o\/a incomoda! Mas sabia que existem v\u00e1rios tipos de manchas\" \/>\n<meta property=\"og:url\" content=\"https:\/\/clientes.space\/michele-bond\/website\/eliminar-manchas\/\" \/>\n<meta property=\"og:site_name\" content=\"Michelle Bond Clinic | Lisboa\" \/>\n<meta property=\"article:modified_time\" content=\"2024-01-08T17:21:38+00:00\" \/>\n<meta property=\"og:image\" content=\"https:\/\/clientes.space\/michele-bond\/website\/wp-content\/uploads\/2020\/06\/Microagulhamento.jpg\" \/>\n\t<meta property=\"og:image:width\" content=\"1700\" \/>\n\t<meta property=\"og:image:height\" content=\"965\" \/>\n\t<meta property=\"og:image:type\" content=\"image\/jpeg\" \/>\n<meta name=\"twitter:card\" content=\"summary_large_image\" \/>\n<meta name=\"twitter:label1\" content=\"Tempo estimado de leitura\" \/>\n\t<meta name=\"twitter:data1\" content=\"6 minutos\" \/>\n<script type=\"application\/ld+json\" class=\"yoast-schema-graph\">{\"@context\":\"https:\/\/schema.org\",\"@graph\":[{\"@type\":\"WebPage\",\"@id\":\"https:\/\/clientes.space\/michele-bond\/website\/eliminar-manchas\/\",\"url\":\"https:\/\/clientes.space\/michele-bond\/website\/eliminar-manchas\/\",\"name\":\"Eliminar Manchas - Cl\u00ednica Michelle Bond - Parque das Na\u00e7\u00f5es\",\"isPartOf\":{\"@id\":\"https:\/\/clientes.space\/michele-bond\/website\/#website\"},\"datePublished\":\"2020-10-22T14:33:51+00:00\",\"dateModified\":\"2024-01-08T17:21:38+00:00\",\"description\":\"Tratamentos para eliminar manchas. Tem manchas na pele? Se sim, com certeza isso o\/a incomoda! Mas sabia que existem v\u00e1rios tipos de manchas\",\"breadcrumb\":{\"@id\":\"https:\/\/clientes.space\/michele-bond\/website\/eliminar-manchas\/#breadcrumb\"},\"inLanguage\":\"pt-PT\",\"potentialAction\":[{\"@type\":\"ReadAction\",\"target\":[\"https:\/\/clientes.space\/michele-bond\/website\/eliminar-manchas\/\"]}]},{\"@type\":\"BreadcrumbList\",\"@id\":\"https:\/\/clientes.space\/michele-bond\/website\/eliminar-manchas\/#breadcrumb\",\"itemListElement\":[{\"@type\":\"ListItem\",\"position\":1,\"name\":\"In\u00edcio\",\"item\":\"https:\/\/clientes.space\/michele-bond\/website\/\"},{\"@type\":\"ListItem\",\"position\":2,\"name\":\"Eliminar Manchas\"}]},{\"@type\":\"WebSite\",\"@id\":\"https:\/\/clientes.space\/michele-bond\/website\/#website\",\"url\":\"https:\/\/clientes.space\/michele-bond\/website\/\",\"name\":\"Michelle Bond - Holistic Health &amp; Beauty\",\"description\":\"Medicina Est\u00e9tica, Naturopatia, Nutri\u00e7\u00e3o e Fisioterapia\",\"potentialAction\":[{\"@type\":\"SearchAction\",\"target\":{\"@type\":\"EntryPoint\",\"urlTemplate\":\"https:\/\/clientes.space\/michele-bond\/website\/?s={search_term_string}\"},\"query-input\":\"required name=search_term_string\"}],\"inLanguage\":\"pt-PT\"}]}<\/script>\n<!-- \/ Yoast SEO plugin. -->","yoast_head_json":{"title":"Eliminar Manchas - Cl\u00ednica Michelle Bond - Parque das Na\u00e7\u00f5es","description":"Tratamentos para eliminar manchas. Tem manchas na pele? Se sim, com certeza isso o\/a incomoda! Mas sabia que existem v\u00e1rios tipos de manchas","robots":{"index":"index","follow":"follow","max-snippet":"max-snippet:-1","max-image-preview":"max-image-preview:large","max-video-preview":"max-video-preview:-1"},"canonical":"https:\/\/clientes.space\/michele-bond\/website\/eliminar-manchas\/","og_locale":"pt_PT","og_type":"article","og_title":"Eliminar Manchas - Cl\u00ednica Michelle Bond - Parque das Na\u00e7\u00f5es","og_description":"Tratamentos para eliminar manchas. Tem manchas na pele? Se sim, com certeza isso o\/a incomoda! Mas sabia que existem v\u00e1rios tipos de manchas","og_url":"https:\/\/clientes.space\/michele-bond\/website\/eliminar-manchas\/","og_site_name":"Michelle Bond Clinic | Lisboa","article_modified_time":"2024-01-08T17:21:38+00:00","og_image":[{"width":1700,"height":965,"url":"https:\/\/clientes.space\/michele-bond\/website\/wp-content\/uploads\/2020\/06\/Microagulhamento.jpg","type":"image\/jpeg"}],"twitter_card":"summary_large_image","twitter_misc":{"Tempo estimado de leitura":"6 minutos"},"schema":{"@context":"https:\/\/schema.org","@graph":[{"@type":"WebPage","@id":"https:\/\/clientes.space\/michele-bond\/website\/eliminar-manchas\/","url":"https:\/\/clientes.space\/michele-bond\/website\/eliminar-manchas\/","name":"Eliminar Manchas - Cl\u00ednica Michelle Bond - Parque das Na\u00e7\u00f5es","isPartOf":{"@id":"https:\/\/clientes.space\/michele-bond\/website\/#website"},"datePublished":"2020-10-22T14:33:51+00:00","dateModified":"2024-01-08T17:21:38+00:00","description":"Tratamentos para eliminar manchas. Tem manchas na pele? Se sim, com certeza isso o\/a incomoda! Mas sabia que existem v\u00e1rios tipos de manchas","breadcrumb":{"@id":"https:\/\/clientes.space\/michele-bond\/website\/eliminar-manchas\/#breadcrumb"},"inLanguage":"pt-PT","potentialAction":[{"@type":"ReadAction","target":["https:\/\/clientes.space\/michele-bond\/website\/eliminar-manchas\/"]}]},{"@type":"BreadcrumbList","@id":"https:\/\/clientes.space\/michele-bond\/website\/eliminar-manchas\/#breadcrumb","itemListElement":[{"@type":"ListItem","position":1,"name":"In\u00edcio","item":"https:\/\/clientes.space\/michele-bond\/website\/"},{"@type":"ListItem","position":2,"name":"Eliminar Manchas"}]},{"@type":"WebSite","@id":"https:\/\/clientes.space\/michele-bond\/website\/#website","url":"https:\/\/clientes.space\/michele-bond\/website\/","name":"Michelle Bond - Holistic Health &amp; Beauty","description":"Medicina Est\u00e9tica, Naturopatia, Nutri\u00e7\u00e3o e Fisioterapia","potentialAction":[{"@type":"SearchAction","target":{"@type":"EntryPoint","urlTemplate":"https:\/\/clientes.space\/michele-bond\/website\/?s={search_term_string}"},"query-input":"required name=search_term_string"}],"inLanguage":"pt-PT"}]}},"_links":{"self":[{"href":"https:\/\/clientes.space\/michele-bond\/website\/wp-json\/wp\/v2\/pages\/6827"}],"collection":[{"href":"https:\/\/clientes.space\/michele-bond\/website\/wp-json\/wp\/v2\/pages"}],"about":[{"href":"https:\/\/clientes.space\/michele-bond\/website\/wp-json\/wp\/v2\/types\/page"}],"author":[{"embeddable":true,"href":"https:\/\/clientes.space\/michele-bond\/website\/wp-json\/wp\/v2\/users\/2"}],"replies":[{"embeddable":true,"href":"https:\/\/clientes.space\/michele-bond\/website\/wp-json\/wp\/v2\/comments?post=6827"}],"version-history":[{"count":5,"href":"https:\/\/clientes.space\/michele-bond\/website\/wp-json\/wp\/v2\/pages\/6827\/revisions"}],"predecessor-version":[{"id":22855,"href":"https:\/\/clientes.space\/michele-bond\/website\/wp-json\/wp\/v2\/pages\/6827\/revisions\/22855"}],"wp:featuredmedia":[{"embeddable":true,"href":"https:\/\/clientes.space\/michele-bond\/website\/wp-json\/wp\/v2\/media\/6118"}],"wp:attachment":[{"href":"https:\/\/clientes.space\/michele-bond\/website\/wp-json\/wp\/v2\/media?parent=6827"}],"curies":[{"name":"wp","href":"https:\/\/api.w.org\/{rel}","templated":true}]}}