{"id":8985,"date":"2021-02-17T15:10:24","date_gmt":"2021-02-17T15:10:24","guid":{"rendered":"https:\/\/clientes.space\/michele-bond\/website\/?page_id=8985"},"modified":"2023-09-22T13:00:42","modified_gmt":"2023-09-22T13:00:42","slug":"harmonizacao-facial","status":"publish","type":"page","link":"https:\/\/clientes.space\/michele-bond\/website\/harmonizacao-facial\/","title":{"rendered":"Harmoniza\u00e7\u00e3o Facial"},"content":{"rendered":"<p>[vc_row content_width=&#8221;grid&#8221; el_class=&#8221;first-section&#8221; css=&#8221;.vc_custom_1614882463156{padding-top: 60px !important;padding-bottom: 20px !important;}&#8221;][vc_column width=&#8221;1\/2&#8243;]<div class=\"mkdf-section-title-holder\">\n\t<h2 class=\"mkdf-section-title mkdf-section-title-small\" style=\"text-transform: none;text-align: left\">\n\tO que \u00e9 a harmoniza\u00e7\u00e3o facial?<\/h2>\n<\/div>[vc_column_text]A harmoniza\u00e7\u00e3o facial \u00e9 um conjunto de t\u00e9cnicas de preenchimento do rosto indicada para quem desejam melhorar a apar\u00eancia do seu rosto, tanto para homens como mulheres. A sua grande vantagem \u00e9 o facto de ser um procedimento n\u00e3o invasivo.<\/p>\n<p>A harmoniza\u00e7\u00e3o facial tem como objetivo melhorar o equil\u00edbrio entre determinadas regi\u00f5es do rosto, quer seja o nariz, queixo, dentes ou regi\u00e3o da bochecha. Promove, desta forma, o alinhamento e corre\u00e7\u00e3o dos \u00e2ngulos faciais, real\u00e7ando a beleza e harmonia do rosto, ou real\u00e7a apenas caracter\u00edsticas j\u00e1 existentes.<\/p>\n<p>Atrav\u00e9s de uma an\u00e1lise cuidadosa do rosto, e respeitando as dist\u00e2ncias e \u00e2ngulos do mesmo, s\u00e3o indicados preenchimentos em determinadas zonas, sempre, com o objetivo de dar mais equil\u00edbrio e simetria a face. Valorizando desta forma, a sua beleza natural, com o compromisso de seguir os padr\u00f5es pr\u00f3prios de anatomia, sem exageros ou mudan\u00e7as radicais no rosto.<\/p>\n<p>Na nossa cl\u00ednica, os m\u00e9dicos da nossa equipa s\u00e3o atenciosos e comprometidos na realiza\u00e7\u00e3o de um servi\u00e7o excepcional e centrado no paciente.[\/vc_column_text][vc_empty_space][\/vc_column][vc_column width=&#8221;1\/2&#8243;]<div class=\"mkdf-section-title-holder\">\n\t<h2 class=\"mkdf-section-title mkdf-section-title-small\" style=\"text-transform: none;text-align: left\">\n\tQue zonas podem ser tratadas?<\/h2>\n<\/div>[vc_column_text]Como j\u00e1 mencionado, este procedimento no rosto, tem como que t\u00eam como objetivo melhorar o equil\u00edbrio entre determinadas regi\u00f5es do rosto, como o nariz, queixo, dentes ou regi\u00e3o malar<\/p>\n<p>Assim, e ap\u00f3s uma an\u00e1lise das suas propor\u00e7\u00f5es faciais, o m\u00e9dico ir\u00e1 determinar um plano de tratamento personalizado que esteja de acordo com a sua anatomia, tendo como base as zonas que est\u00e3o em desarmonia.<\/p>\n<p>O plano de harmoniza\u00e7\u00e3o facial poder\u00e1 incluir:<\/p>\n<ul>\n<li><strong>L\u00e1bios<\/strong>: along\u00e1-los ou aumentar o volume;<\/li>\n<li><strong>Malar<\/strong>: definir ou aumentar a proje\u00e7\u00e3o das ma\u00e7\u00e3s do rosto;<\/li>\n<li><strong>Mand\u00edbula<\/strong>: alongar, definir ou aumentar o \u00e2ngulo;<\/li>\n<li><strong>Mento<\/strong>: aumentar a largura, altura ou a proje\u00e7\u00e3o do queixo;<\/li>\n<li><strong>Nariz<\/strong>: ponta (elevar ou rebaixar), dorso (alinhar ou aumentar sua largura);<\/li>\n<li><strong>Superc\u00edlios<\/strong>: elev\u00e1-los.<\/li>\n<\/ul>\n<p><strong>Nota importante<\/strong>: a harmoniza\u00e7\u00e3o facial quando n\u00e3o \u00e9 realizada por um profissional qualificado, ou quando a t\u00e9cnica n\u00e3o \u00e9 realizada corretamente, pode ter alguns riscos associado. Assim, certifique-se que a realiza em clinicas qualificadas e com m\u00e9dicos especializados.[\/vc_column_text][vc_empty_space][\/vc_column][\/vc_row][vc_row content_width=&#8221;grid&#8221; el_class=&#8221;first-section&#8221; css=&#8221;.vc_custom_1614883524308{padding-bottom: 60px !important;}&#8221;][vc_column width=&#8221;1\/2&#8243;]<div class=\"mkdf-section-title-holder\">\n\t<h2 class=\"mkdf-section-title mkdf-section-title-small\" style=\"text-transform: none;text-align: left\">\n\tO tratamento passo a passo<\/h2>\n<\/div>[vc_column_text]<\/p>\n<ol>\n<li><strong>Avalia\u00e7\u00e3o \/ primeira consulta. <\/strong>Marque a consulta de avalia\u00e7\u00e3o. Durante esta consulta ter\u00e1 a oportunidade de discutir o tratamento e os resultados que deseja alcan\u00e7ar com a nossa m\u00e9dica especialista.<\/li>\n<li><strong><strong>Tratamento. <\/strong><\/strong>Come\u00e7a com a limpeza e desinfec\u00e7\u00e3o da pele. De seguida \u00e9 aplicado um anest\u00e9sico t\u00f3pico ou local, sendo ent\u00e3o depois realizado o tratamento. O n\u00famero de aplica\u00e7\u00f5es necess\u00e1rias e os pontos em que ser\u00e3o aplicados s\u00e3o definidos de acordo com os objetivo inicial. Cada sess\u00e3o de tratamento dura aproximadamente 30-60 minutos.<\/li>\n<li><strong>P\u00f3s-tratamento \/ resultados. <\/strong>O resultado do tratamento pode ser vis\u00edvel de imediato, mas este ser\u00e1 melhor ap\u00f3s alguns dias, assim que o pequeno incha\u00e7o e os hematomas diminu\u00edrem. \u00c9 necess\u00e1rio aguardar 15-30 dias para uma nova avalia\u00e7\u00e3o e perceber se h\u00e1 necessidade de fazer retoques.<\/li>\n<\/ol>\n<p><strong>Nota<\/strong>: os efeitos secund\u00e1rios s\u00e3o normais e podem durar em m\u00e9dia 48 horas.[\/vc_column_text][vc_empty_space][\/vc_column][vc_column width=&#8221;1\/2&#8243;]<div class=\"mkdf-section-title-holder\">\n\t<h2 class=\"mkdf-section-title mkdf-section-title-small\" style=\"text-transform: none;text-align: left\">\n\tPre\u00e7os<\/h2>\n<\/div>[vc_column_text]<strong>A partir de:<\/strong><\/p>\n<ul>\n<li>350\u20ac<\/li>\n<\/ul>\n<p>[\/vc_column_text][vc_single_image image=&#8221;7431&#8243; img_size=&#8221;250&#215;200&#8243; alignment=&#8221;center&#8221; style=&#8221;vc_box_border_circle&#8221;][vc_empty_space][\/vc_column][\/vc_row][vc_row css=&#8221;.vc_custom_1603881952505{background-color: #f9f9f9 !important;}&#8221;][vc_column]\n\n\t<div class=\"mkdf-call-to-action normal\" style=\"padding: 20px;\">\n\n\t\t\t\t<div class=\"mkdf-container-inner\">\n\t\t\t\t\t<div class=\"mkdf-call-to-action-row-75-25 clearfix\">\n\t\t\n\t\t\t\t<div class=\"mkdf-text-wrapper mkdf-call-to-action-column1 mkdf-call-to-action-cell\">\n\n\t\t\t\t\n\t\t\t\t\t<div class=\"mkdf-call-to-action-text\" >\n\t\t\t\t\t\t\n<h2 class=\"p1\" style=\"margin-top: 10px !important;\"><strong>Agende hoje a sua consulta<\/strong><\/h2>\n\t\t\t\t\t<\/div>\n\n\t\t\t\t<\/div>\n\n\t\t\t\t\n\t\t\t\t\t<div class=\"mkdf-button-wrapper mkdf-call-to-action-column2 mkdf-call-to-action-cell\" style =\"text-align: right ;\">\n\n\t\t\t\t\t\t<a href=\"\/marcar-consulta\/\" target=\"_self\"  class=\"mkdf-btn mkdf-btn-medium mkdf-btn-solid mkdf-btn-hover-outline\"  >\t\t\t\t<span class=\"mkdf-btn-helper\" ><\/span>\t\t<span class=\"mkdf-btn-text\">Marcar Consulta<\/span><\/a>\n\t\t\t\t\t<\/div>\n\n\t\t\t\t\n\t\t\t<\/div>\n\n\t\t\t\t<\/div>\n\t\t\n\t<\/div>\n\n[\/vc_column][\/vc_row][vc_row content_width=&#8221;grid&#8221; css=&#8221;.vc_custom_1614882507971{padding-top: 90px !important;padding-bottom: 90px !important;}&#8221;][vc_column]<div class=\"mkdf-section-title-holder\">\n\t<h2 class=\"mkdf-section-title mkdf-section-title-medium\" style=\"text-transform: capitalize;text-align: center\">\n\tPerguntas Frequentes<\/h2>\n<\/div><div class=\"mkdf-accordion-holder clearfix mkdf-accordion mkdf-initial \">\n\t<h5 class=\"clearfix mkdf-title-holder\">\n<span class=\"mkdf-accordion-mark mkdf-left-mark\">\n\t\t<span class=\"mkdf-accordion-mark-icon\">\n\t\t\t<span class=\"icon_plus\"><\/span>\n\t\t\t<span class=\"icon_minus-06\"><\/span>\n\t\t<\/span>\n<\/span>\n<span class=\"mkdf-tab-title\">\n\t\t<span class=\"mkdf-tab-title-inner\">\n\t\t\t\t\t\tQuanto tempo duram os resultados?\t\t<\/span>\n<\/span>\n<\/h5>\n<div class=\"mkdf-accordion-content\">\n\t<div class=\"mkdf-accordion-content-inner\">\n\t\t[vc_column_text]A dura\u00e7\u00e3o dos resultados \u00e9, em m\u00e9dia, cerca de 6 &#8211; 12 meses, depende do tipo do produto utilizado. No entanto, o estilo de vida da pessoa tem tamb\u00e9m impacto na durabilidade deste procedimento, assim como os cuidados que se tem com a pele no dia a dia.[\/vc_column_text]\n\t\t\t<\/div>\n<\/div>\n<h5 class=\"clearfix mkdf-title-holder\">\n<span class=\"mkdf-accordion-mark mkdf-left-mark\">\n\t\t<span class=\"mkdf-accordion-mark-icon\">\n\t\t\t<span class=\"icon_plus\"><\/span>\n\t\t\t<span class=\"icon_minus-06\"><\/span>\n\t\t<\/span>\n<\/span>\n<span class=\"mkdf-tab-title\">\n\t\t<span class=\"mkdf-tab-title-inner\">\n\t\t\t\t\t\t\u00c9 necess\u00e1rio ter algum cuidado antes do procedimento?\t\t<\/span>\n<\/span>\n<\/h5>\n<div class=\"mkdf-accordion-content\">\n\t<div class=\"mkdf-accordion-content-inner\">\n\t\t[vc_column_text]Alguns produtos cosm\u00e9ticos s\u00e3o contraindicados antes e depois do procedimento, assim, como o \u00e9 tamb\u00e9m em alguns tratamentos est\u00e9ticos. Por esse motivo, durante a primeira consulta de avalia\u00e7\u00e3o, o seu hist\u00f3rico de sa\u00fade e de cuidados com a pele ser\u00e3o tidos em conta para perceber se existe alguma contraindica\u00e7\u00e3o.[\/vc_column_text]\n\t\t\t<\/div>\n<\/div>\n<h5 class=\"clearfix mkdf-title-holder\">\n<span class=\"mkdf-accordion-mark mkdf-left-mark\">\n\t\t<span class=\"mkdf-accordion-mark-icon\">\n\t\t\t<span class=\"icon_plus\"><\/span>\n\t\t\t<span class=\"icon_minus-06\"><\/span>\n\t\t<\/span>\n<\/span>\n<span class=\"mkdf-tab-title\">\n\t\t<span class=\"mkdf-tab-title-inner\">\n\t\t\t\t\t\tQuais s\u00e3o os cuidados p\u00f3s procedimento?\t\t<\/span>\n<\/span>\n<\/h5>\n<div class=\"mkdf-accordion-content\">\n\t<div class=\"mkdf-accordion-content-inner\">\n\t\t[vc_column_text]Ap\u00f3s o tratamento, a pele pode ficar inflamada e sens\u00edvel, melhorando em 24-48 horas. Raramente podem aparecer rea\u00e7\u00f5es al\u00e9rgicas ao produto, como vermelhid\u00e3o e coceira, que podem ser tratados com o uso de anti-inflamat\u00f3rios t\u00f3picos ou comprimidos via oral, conforme orienta\u00e7\u00e3o m\u00e9dica.<\/p>\n<p>\u00c9 um procedimento que n\u00e3o necessita de muito tempo para recupera\u00e7\u00e3o. No entanto, \u00e9 recomendado utilizar o protetor solar, e evitar exposi\u00e7\u00e3o excessiva ao sol, assim como deve evitar atividades f\u00edsicas intensas no per\u00edodo de recupera\u00e7\u00e3o (dia do procedimento). No dia seguinte a este, pode-se retomar as atividades normais, n\u00e3o necessitando de mais repouso.[\/vc_column_text]\n\t\t\t<\/div>\n<\/div>\n<h5 class=\"clearfix mkdf-title-holder\">\n<span class=\"mkdf-accordion-mark mkdf-left-mark\">\n\t\t<span class=\"mkdf-accordion-mark-icon\">\n\t\t\t<span class=\"icon_plus\"><\/span>\n\t\t\t<span class=\"icon_minus-06\"><\/span>\n\t\t<\/span>\n<\/span>\n<span class=\"mkdf-tab-title\">\n\t\t<span class=\"mkdf-tab-title-inner\">\n\t\t\t\t\t\tQuais s\u00e3o as contra-indica\u00e7\u00f5es?\t\t<\/span>\n<\/span>\n<\/h5>\n<div class=\"mkdf-accordion-content\">\n\t<div class=\"mkdf-accordion-content-inner\">\n\t\t[vc_column_text]O procedimento \u00e9 contraindicado para pacientes que apresentem alergia aos componentes dos produtos, mulheres gr\u00e1vidas, lactantes e pessoas com doen\u00e7as neuromusculares.[\/vc_column_text]\n\t\t\t<\/div>\n<\/div>\n<\/div>[vc_empty_space][\/vc_column][\/vc_row][vc_row content_width=&#8221;grid&#8221; el_id=&#8221;logo-revistas&#8221; css=&#8221;.vc_custom_1614883206899{background-color: #f8f8f8 !important;}&#8221;][vc_column][vc_column_text]\n\t\t<style>\n\t\t\t#wpls-logo-showcase-slider-1 .wpls-fix-box,\n\t\t\t#wpls-logo-showcase-slider-1 .wpls-fix-box img.wp-post-image{max-height:250px; }\n\t\t<\/style>\n\n\t\t<div class=\"wpls-wrap wpls-logo-showcase-slider-wrp wpls-logo-clearfix wpls-design-1 \" data-conf=\"{&quot;slides_column&quot;:&quot;4&quot;,&quot;slides_scroll&quot;:1,&quot;dots&quot;:&quot;true&quot;,&quot;arrows&quot;:&quot;true&quot;,&quot;autoplay&quot;:&quot;true&quot;,&quot;autoplay_interval&quot;:3000,&quot;loop&quot;:&quot;true&quot;,&quot;rtl&quot;:&quot;false&quot;,&quot;speed&quot;:800,&quot;center_mode&quot;:&quot;false&quot;,&quot;lazyload&quot;:&quot;&quot;}\">\n\t\t\t<div class=\"wpls-logo-showcase logo_showcase wpls-logo-slider  sliderimage_hide_border \" id=\"wpls-logo-showcase-slider-1\" >\n\t\t\t\t<div class=\"wpls-logo-cnt\">\n\t<div class=\"wpls-fix-box\">\n\t\t\t\t<img class=\"wp-post-image\"  src=\"https:\/\/clientes.space\/michele-bond\/website\/wp-content\/uploads\/2018\/08\/womens-health-1.png\" alt=\"womens-health\" \/>\n\t\t\t<\/div>\n\t<\/div><div class=\"wpls-logo-cnt\">\n\t<div class=\"wpls-fix-box\">\n\t\t\t\t<img class=\"wp-post-image\"  src=\"https:\/\/clientes.space\/michele-bond\/website\/wp-content\/uploads\/2018\/08\/Rede_Vida_logo-1.png\" alt=\"Rede_Vida\" \/>\n\t\t\t<\/div>\n\t<\/div><div class=\"wpls-logo-cnt\">\n\t<div class=\"wpls-fix-box\">\n\t\t\t\t<img class=\"wp-post-image\"  src=\"https:\/\/clientes.space\/michele-bond\/website\/wp-content\/uploads\/2018\/08\/forever_young_logo.png\" alt=\"forever_young\" \/>\n\t\t\t<\/div>\n\t<\/div><div class=\"wpls-logo-cnt\">\n\t<div class=\"wpls-fix-box\">\n\t\t\t\t<img class=\"wp-post-image\"  src=\"https:\/\/clientes.space\/michele-bond\/website\/wp-content\/uploads\/2018\/08\/SVBlog_Logo-1.png\" alt=\"SVBlog\" \/>\n\t\t\t<\/div>\n\t<\/div>\t\t\t<\/div>\n\t\t<\/div>\n\n\t\t[\/vc_column_text][\/vc_column][\/vc_row][vc_row css=&#8221;.vc_custom_1674815283203{background-color: #ffffff !important;}&#8221;][vc_column]\n\n\t<div class=\"mkdf-call-to-action normal\" style=\"padding: 20px;\">\n\n\t\t\t\t<div class=\"mkdf-container-inner\">\n\t\t\t\t\t<div class=\"mkdf-call-to-action-row-75-25 clearfix\">\n\t\t\n\t\t\t\t<div class=\"mkdf-text-wrapper mkdf-call-to-action-column1 mkdf-call-to-action-cell\">\n\n\t\t\t\t\n\t\t\t\t\t<div class=\"mkdf-call-to-action-text\" >\n\t\t\t\t\t\t\n<h2 class=\"p1\" style=\"margin-top: 10px !important;\"><strong>Agende hoje a sua consulta<\/strong><\/h2>\n\t\t\t\t\t<\/div>\n\n\t\t\t\t<\/div>\n\n\t\t\t\t\n\t\t\t\t\t<div class=\"mkdf-button-wrapper mkdf-call-to-action-column2 mkdf-call-to-action-cell\" style =\"text-align: right ;\">\n\n\t\t\t\t\t\t<a href=\"\/marcar-consulta\/\" target=\"_self\"  class=\"mkdf-btn mkdf-btn-medium mkdf-btn-solid mkdf-btn-hover-outline\"  >\t\t\t\t<span class=\"mkdf-btn-helper\" ><\/span>\t\t<span class=\"mkdf-btn-text\">Marcar Consulta<\/span><\/a>\n\t\t\t\t\t<\/div>\n\n\t\t\t\t\n\t\t\t<\/div>\n\n\t\t\t\t<\/div>\n\t\t\n\t<\/div>\n\n[\/vc_column][\/vc_row][vc_row row_type=&#8221;parallax&#8221; full_screen_section_height=&#8221;no&#8221; parallax_background_image=&#8221;164&#8243; css=&#8221;.vc_custom_1674814641711{padding-top: 65px !important;padding-bottom: 65px !important;background-color: #ffffff !important;}&#8221;][vc_column]<div class=\"mkdf-section-title-holder\">\n\t<h2 class=\"mkdf-section-title mkdf-section-title-medium\" style=\"color: #ffffff;text-transform: capitalize;text-align: center\">\n\tClientes Satisfeitos<\/h2>\n<\/div>[vc_empty_space]<div class=\"mkdf-testimonials-holder clearfix light\"><div class=\"mkdf-testimonials testimonials-slider\"><div id=\"mkdf-testimonials83\" class=\"mkdf-testimonial-content testimonials-slider\">\n\t<div class=\"mkdf-testimonial-content-inner\">\n\t\t\t\t\t<div class= \"mkdf-container-inner\">\n\t\t\t\t<div class=\"mkdf-testimonial-text-holder\">\n\t\t\t<div class=\"mkdf-testimonial-text-inner light\">\n\t\t\t\t\t\t\t\t<p class=\"mkdf-testimonial-text\" >Depois de ter o meu segundo filho, e de maus h\u00e1bitos alimentares, ganhei muito peso. Com o acompanhamento que tive na Cl\u00ednica consegui perder 7 quilos e agora sinto-me muito bem! Obrigado a todos.<\/p>\n\t\t\t\t\t\t\t\t\t<div class=\"mkdf-testimonial-author\">\n\t\t\t\t\t\t<h3 class=\"mkdf-testimonial-author-text light\">F\u00e1tima (38 Anos)<\/h3>\n\t\t\t\t\t\t\t\t\t\t\t\t\t<span class=\"mkdf-testimonials-job light\">Lisboa<\/span>\n\t\t\t\t\t\t\t\t\t\t\t<\/div>\n\t\t\t\t\t\t\t<\/div>\n\t\t<\/div>\n\n\t\t\t\t\t<\/div>\n\t\t\t<\/div>\n<\/div>\n<div id=\"mkdf-testimonials82\" class=\"mkdf-testimonial-content testimonials-slider\">\n\t<div class=\"mkdf-testimonial-content-inner\">\n\t\t\t\t\t<div class= \"mkdf-container-inner\">\n\t\t\t\t<div class=\"mkdf-testimonial-text-holder\">\n\t\t\t<div class=\"mkdf-testimonial-text-inner light\">\n\t\t\t\t\t\t\t\t<p class=\"mkdf-testimonial-text\" >Sempre tive muitas dificuldades em dormir, tentei muitas terapias mas s\u00f3 com a ajuda da Dra Michelle \u00e9 que descobri o que \u00e9 uma boa noite de sono. Sou hoje uma pessoa diferente e com muito mais energia.<\/p>\n\t\t\t\t\t\t\t\t\t<div class=\"mkdf-testimonial-author\">\n\t\t\t\t\t\t<h3 class=\"mkdf-testimonial-author-text light\">Carla (45 Anos)<\/h3>\n\t\t\t\t\t\t\t\t\t\t\t\t\t<span class=\"mkdf-testimonials-job light\">Alg\u00e9s<\/span>\n\t\t\t\t\t\t\t\t\t\t\t<\/div>\n\t\t\t\t\t\t\t<\/div>\n\t\t<\/div>\n\n\t\t\t\t\t<\/div>\n\t\t\t<\/div>\n<\/div>\n<\/div><\/div>[\/vc_column][\/vc_row]<\/p>\n","protected":false},"excerpt":{"rendered":"<p>[vc_row content_width=&#8221;grid&#8221; el_class=&#8221;first-section&#8221; css=&#8221;.vc_custom_1614882463156{padding-top: 60px !important;padding-bottom: 20px !important;}&#8221;][vc_column width=&#8221;1\/2&#8243;][vc_column_text]A harmoniza\u00e7\u00e3o facial \u00e9 um conjunto de t\u00e9cnicas de preenchimento do rosto&#8230;<\/p>\n","protected":false},"author":2,"featured_media":3952,"parent":0,"menu_order":0,"comment_status":"closed","ping_status":"closed","template":"full-width.php","meta":{"content-type":"","footnotes":""},"yoast_head":"<!-- This site is optimized with the Yoast SEO plugin v21.7 - https:\/\/yoast.com\/wordpress\/plugins\/seo\/ -->\n<title>Harmoniza\u00e7\u00e3o Facial - Michelle Bond Clinic | Lisboa<\/title>\n<meta name=\"description\" content=\"A Harmoniza\u00e7\u00e3o Facial \u00e9 um conjunto de t\u00e9cnicas de preenchimento do rosto indicada para quem desejam melhorar a apar\u00eancia do seu rosto.\" \/>\n<meta name=\"robots\" content=\"index, follow, max-snippet:-1, max-image-preview:large, max-video-preview:-1\" \/>\n<link rel=\"canonical\" href=\"https:\/\/clientes.space\/michele-bond\/website\/harmonizacao-facial\/\" \/>\n<meta property=\"og:locale\" content=\"pt_PT\" \/>\n<meta property=\"og:type\" content=\"article\" \/>\n<meta property=\"og:title\" content=\"Harmoniza\u00e7\u00e3o Facial - Michelle Bond Clinic | Lisboa\" \/>\n<meta property=\"og:description\" content=\"A Harmoniza\u00e7\u00e3o Facial \u00e9 um conjunto de t\u00e9cnicas de preenchimento do rosto indicada para quem desejam melhorar a apar\u00eancia do seu rosto.\" \/>\n<meta property=\"og:url\" content=\"https:\/\/clientes.space\/michele-bond\/website\/harmonizacao-facial\/\" \/>\n<meta property=\"og:site_name\" content=\"Michelle Bond Clinic | Lisboa\" \/>\n<meta property=\"article:modified_time\" content=\"2023-09-22T13:00:42+00:00\" \/>\n<meta property=\"og:image\" content=\"https:\/\/clientes.space\/michele-bond\/website\/wp-content\/uploads\/2020\/02\/Limpeza-de-pele-profunda.jpg\" \/>\n\t<meta property=\"og:image:width\" content=\"960\" \/>\n\t<meta property=\"og:image:height\" content=\"540\" \/>\n\t<meta property=\"og:image:type\" content=\"image\/jpeg\" \/>\n<meta name=\"twitter:card\" content=\"summary_large_image\" \/>\n<meta name=\"twitter:label1\" content=\"Tempo estimado de leitura\" \/>\n\t<meta name=\"twitter:data1\" content=\"5 minutos\" \/>\n<script type=\"application\/ld+json\" class=\"yoast-schema-graph\">{\"@context\":\"https:\/\/schema.org\",\"@graph\":[{\"@type\":\"WebPage\",\"@id\":\"https:\/\/clientes.space\/michele-bond\/website\/harmonizacao-facial\/\",\"url\":\"https:\/\/clientes.space\/michele-bond\/website\/harmonizacao-facial\/\",\"name\":\"Harmoniza\u00e7\u00e3o Facial - Michelle Bond Clinic | Lisboa\",\"isPartOf\":{\"@id\":\"https:\/\/clientes.space\/michele-bond\/website\/#website\"},\"datePublished\":\"2021-02-17T15:10:24+00:00\",\"dateModified\":\"2023-09-22T13:00:42+00:00\",\"description\":\"A Harmoniza\u00e7\u00e3o Facial \u00e9 um conjunto de t\u00e9cnicas de preenchimento do rosto indicada para quem desejam melhorar a apar\u00eancia do seu rosto.\",\"breadcrumb\":{\"@id\":\"https:\/\/clientes.space\/michele-bond\/website\/harmonizacao-facial\/#breadcrumb\"},\"inLanguage\":\"pt-PT\",\"potentialAction\":[{\"@type\":\"ReadAction\",\"target\":[\"https:\/\/clientes.space\/michele-bond\/website\/harmonizacao-facial\/\"]}]},{\"@type\":\"BreadcrumbList\",\"@id\":\"https:\/\/clientes.space\/michele-bond\/website\/harmonizacao-facial\/#breadcrumb\",\"itemListElement\":[{\"@type\":\"ListItem\",\"position\":1,\"name\":\"In\u00edcio\",\"item\":\"https:\/\/clientes.space\/michele-bond\/website\/\"},{\"@type\":\"ListItem\",\"position\":2,\"name\":\"Harmoniza\u00e7\u00e3o Facial\"}]},{\"@type\":\"WebSite\",\"@id\":\"https:\/\/clientes.space\/michele-bond\/website\/#website\",\"url\":\"https:\/\/clientes.space\/michele-bond\/website\/\",\"name\":\"Michelle Bond - Holistic Health &amp; Beauty\",\"description\":\"Medicina Est\u00e9tica, Naturopatia, Nutri\u00e7\u00e3o e Fisioterapia\",\"potentialAction\":[{\"@type\":\"SearchAction\",\"target\":{\"@type\":\"EntryPoint\",\"urlTemplate\":\"https:\/\/clientes.space\/michele-bond\/website\/?s={search_term_string}\"},\"query-input\":\"required name=search_term_string\"}],\"inLanguage\":\"pt-PT\"}]}<\/script>\n<!-- \/ Yoast SEO plugin. -->","yoast_head_json":{"title":"Harmoniza\u00e7\u00e3o Facial - Michelle Bond Clinic | Lisboa","description":"A Harmoniza\u00e7\u00e3o Facial \u00e9 um conjunto de t\u00e9cnicas de preenchimento do rosto indicada para quem desejam melhorar a apar\u00eancia do seu rosto.","robots":{"index":"index","follow":"follow","max-snippet":"max-snippet:-1","max-image-preview":"max-image-preview:large","max-video-preview":"max-video-preview:-1"},"canonical":"https:\/\/clientes.space\/michele-bond\/website\/harmonizacao-facial\/","og_locale":"pt_PT","og_type":"article","og_title":"Harmoniza\u00e7\u00e3o Facial - Michelle Bond Clinic | Lisboa","og_description":"A Harmoniza\u00e7\u00e3o Facial \u00e9 um conjunto de t\u00e9cnicas de preenchimento do rosto indicada para quem desejam melhorar a apar\u00eancia do seu rosto.","og_url":"https:\/\/clientes.space\/michele-bond\/website\/harmonizacao-facial\/","og_site_name":"Michelle Bond Clinic | Lisboa","article_modified_time":"2023-09-22T13:00:42+00:00","og_image":[{"width":960,"height":540,"url":"https:\/\/clientes.space\/michele-bond\/website\/wp-content\/uploads\/2020\/02\/Limpeza-de-pele-profunda.jpg","type":"image\/jpeg"}],"twitter_card":"summary_large_image","twitter_misc":{"Tempo estimado de leitura":"5 minutos"},"schema":{"@context":"https:\/\/schema.org","@graph":[{"@type":"WebPage","@id":"https:\/\/clientes.space\/michele-bond\/website\/harmonizacao-facial\/","url":"https:\/\/clientes.space\/michele-bond\/website\/harmonizacao-facial\/","name":"Harmoniza\u00e7\u00e3o Facial - Michelle Bond Clinic | Lisboa","isPartOf":{"@id":"https:\/\/clientes.space\/michele-bond\/website\/#website"},"datePublished":"2021-02-17T15:10:24+00:00","dateModified":"2023-09-22T13:00:42+00:00","description":"A Harmoniza\u00e7\u00e3o Facial \u00e9 um conjunto de t\u00e9cnicas de preenchimento do rosto indicada para quem desejam melhorar a apar\u00eancia do seu rosto.","breadcrumb":{"@id":"https:\/\/clientes.space\/michele-bond\/website\/harmonizacao-facial\/#breadcrumb"},"inLanguage":"pt-PT","potentialAction":[{"@type":"ReadAction","target":["https:\/\/clientes.space\/michele-bond\/website\/harmonizacao-facial\/"]}]},{"@type":"BreadcrumbList","@id":"https:\/\/clientes.space\/michele-bond\/website\/harmonizacao-facial\/#breadcrumb","itemListElement":[{"@type":"ListItem","position":1,"name":"In\u00edcio","item":"https:\/\/clientes.space\/michele-bond\/website\/"},{"@type":"ListItem","position":2,"name":"Harmoniza\u00e7\u00e3o Facial"}]},{"@type":"WebSite","@id":"https:\/\/clientes.space\/michele-bond\/website\/#website","url":"https:\/\/clientes.space\/michele-bond\/website\/","name":"Michelle Bond - Holistic Health &amp; Beauty","description":"Medicina Est\u00e9tica, Naturopatia, Nutri\u00e7\u00e3o e Fisioterapia","potentialAction":[{"@type":"SearchAction","target":{"@type":"EntryPoint","urlTemplate":"https:\/\/clientes.space\/michele-bond\/website\/?s={search_term_string}"},"query-input":"required name=search_term_string"}],"inLanguage":"pt-PT"}]}},"_links":{"self":[{"href":"https:\/\/clientes.space\/michele-bond\/website\/wp-json\/wp\/v2\/pages\/8985"}],"collection":[{"href":"https:\/\/clientes.space\/michele-bond\/website\/wp-json\/wp\/v2\/pages"}],"about":[{"href":"https:\/\/clientes.space\/michele-bond\/website\/wp-json\/wp\/v2\/types\/page"}],"author":[{"embeddable":true,"href":"https:\/\/clientes.space\/michele-bond\/website\/wp-json\/wp\/v2\/users\/2"}],"replies":[{"embeddable":true,"href":"https:\/\/clientes.space\/michele-bond\/website\/wp-json\/wp\/v2\/comments?post=8985"}],"version-history":[{"count":23,"href":"https:\/\/clientes.space\/michele-bond\/website\/wp-json\/wp\/v2\/pages\/8985\/revisions"}],"predecessor-version":[{"id":22207,"href":"https:\/\/clientes.space\/michele-bond\/website\/wp-json\/wp\/v2\/pages\/8985\/revisions\/22207"}],"wp:featuredmedia":[{"embeddable":true,"href":"https:\/\/clientes.space\/michele-bond\/website\/wp-json\/wp\/v2\/media\/3952"}],"wp:attachment":[{"href":"https:\/\/clientes.space\/michele-bond\/website\/wp-json\/wp\/v2\/media?parent=8985"}],"curies":[{"name":"wp","href":"https:\/\/api.w.org\/{rel}","templated":true}]}}