{"id":10183,"date":"2021-05-27T16:43:57","date_gmt":"2021-05-27T16:43:57","guid":{"rendered":"https:\/\/clientes.space\/michele-bond\/website\/?post_type=product&#038;p=10183"},"modified":"2023-05-06T18:51:11","modified_gmt":"2023-05-06T18:51:11","slug":"douglas-gaba-500mg-60-capsulas","status":"publish","type":"product","link":"https:\/\/clientes.space\/michele-bond\/website\/produto\/douglas-gaba-500mg-60-capsulas\/","title":{"rendered":"GABA 500mg &#8211; 60 c\u00e1psulas &#8211; Douglas Laboratories"},"content":{"rendered":"<p>O GABA \u00e9 um importante neurotransmissor, sendo o principal neurotransmissor inibidor do sistema nervoso central, tendo um efeito ansiol\u00edtico, tranquilizante e sedativo.<\/p>\n<h5>Ingredientes<\/h5>\n<ul>Por c\u00e1psula:<\/p>\n<li class=\"firstItem\">GABA (\u00c1cido gama aminobut\u00edrico) &#8211; 500 mg<\/li>\n<\/ul>\n<h5>Modo de usar<\/h5>\n<p>Como um suplemento diet\u00e9tico, adultos tomam 1 c\u00e1psula por dia durante uma refei\u00e7\u00e3o ou conforme indicado por seu profissional de sa\u00fade.<\/p>\n<h5><strong>Avisos<\/strong><\/h5>\n<p>Conservar em local fresco, seco e ao abrigo da luz.\u00a0 N\u00e3o exceder a toma recomendada.\u00a0 Se estiver gr\u00e1vida, a amamentar, a tomar alguma especialidade farmac\u00eautica ou se sofre de alguma doen\u00e7a, consulte o seu m\u00e9dico ou t\u00e9cnico de sa\u00fade antes de tomar este suplemento.\u00a0 Os suplementos alimentares n\u00e3o devem ser utilizados como substitutos de um regime alimentar variado e de um estilo de vida saud\u00e1vel.\u00a0 Manter fora do alcance das crian\u00e7as.<\/p>\n","protected":false},"excerpt":{"rendered":"<p>GABA (\u00e1cido gama-aminobut\u00edrico) \u00e9 um amino\u00e1cido que funciona como um neurotransmissor no c\u00e9rebro.<\/p>\n","protected":false},"featured_media":10301,"comment_status":"open","ping_status":"closed","template":"","meta":{"content-type":""},"product_cat":[859,955,876,678],"product_tag":[],"yoast_head":"<!-- This site is optimized with the Yoast SEO plugin v21.7 - https:\/\/yoast.com\/wordpress\/plugins\/seo\/ -->\n<title>GABA 500mg - 60 c\u00e1psulas - Douglas Laboratories | Compre Online<\/title>\n<meta name=\"description\" content=\"GABA 500mg da Douglas Laboratories \u00e9 um suplemento de GABA, sendo o principal neurotransmissor inibidor do sistema nervoso central, tendo um efeito ansiol\u00edtico, tranquilizante e sedativo.\" \/>\n<meta name=\"robots\" content=\"index, follow, max-snippet:-1, max-image-preview:large, max-video-preview:-1\" \/>\n<link rel=\"canonical\" href=\"https:\/\/clientes.space\/michele-bond\/website\/produto\/douglas-gaba-500mg-60-capsulas\/\" \/>\n<meta property=\"og:locale\" content=\"pt_PT\" \/>\n<meta property=\"og:type\" content=\"article\" \/>\n<meta property=\"og:title\" content=\"GABA 500mg - 60 c\u00e1psulas - Douglas Laboratories | Compre Online\" \/>\n<meta property=\"og:description\" content=\"GABA 500mg da Douglas Laboratories \u00e9 um suplemento de GABA, sendo o principal neurotransmissor inibidor do sistema nervoso central, tendo um efeito ansiol\u00edtico, tranquilizante e sedativo.\" \/>\n<meta property=\"og:url\" content=\"https:\/\/clientes.space\/michele-bond\/website\/produto\/douglas-gaba-500mg-60-capsulas\/\" \/>\n<meta property=\"og:site_name\" content=\"Michelle Bond Clinic | Lisboa\" \/>\n<meta property=\"article:modified_time\" content=\"2023-05-06T18:51:11+00:00\" \/>\n<meta property=\"og:image\" content=\"https:\/\/clientes.space\/michele-bond\/website\/wp-content\/uploads\/2021\/05\/gaba-500mg-douglas-laboratories.jpeg\" \/>\n\t<meta property=\"og:image:width\" content=\"400\" \/>\n\t<meta property=\"og:image:height\" content=\"500\" \/>\n\t<meta property=\"og:image:type\" content=\"image\/jpeg\" \/>\n<meta name=\"twitter:card\" content=\"summary_large_image\" \/>\n<meta name=\"twitter:label1\" content=\"Tempo estimado de leitura\" \/>\n\t<meta name=\"twitter:data1\" content=\"1 minuto\" \/>\n<script type=\"application\/ld+json\" class=\"yoast-schema-graph\">{\"@context\":\"https:\/\/schema.org\",\"@graph\":[{\"@type\":\"WebPage\",\"@id\":\"https:\/\/clientes.space\/michele-bond\/website\/produto\/douglas-gaba-500mg-60-capsulas\/\",\"url\":\"https:\/\/clientes.space\/michele-bond\/website\/produto\/douglas-gaba-500mg-60-capsulas\/\",\"name\":\"GABA 500mg - 60 c\u00e1psulas - Douglas Laboratories | Compre Online\",\"isPartOf\":{\"@id\":\"https:\/\/clientes.space\/michele-bond\/website\/#website\"},\"datePublished\":\"2021-05-27T16:43:57+00:00\",\"dateModified\":\"2023-05-06T18:51:11+00:00\",\"description\":\"GABA 500mg da Douglas Laboratories \u00e9 um suplemento de GABA, sendo o principal neurotransmissor inibidor do sistema nervoso central, tendo um efeito ansiol\u00edtico, tranquilizante e sedativo.\",\"breadcrumb\":{\"@id\":\"https:\/\/clientes.space\/michele-bond\/website\/produto\/douglas-gaba-500mg-60-capsulas\/#breadcrumb\"},\"inLanguage\":\"pt-PT\",\"potentialAction\":[{\"@type\":\"ReadAction\",\"target\":[\"https:\/\/clientes.space\/michele-bond\/website\/produto\/douglas-gaba-500mg-60-capsulas\/\"]}]},{\"@type\":\"BreadcrumbList\",\"@id\":\"https:\/\/clientes.space\/michele-bond\/website\/produto\/douglas-gaba-500mg-60-capsulas\/#breadcrumb\",\"itemListElement\":[{\"@type\":\"ListItem\",\"position\":1,\"name\":\"In\u00edcio\",\"item\":\"https:\/\/clientes.space\/michele-bond\/website\/\"},{\"@type\":\"ListItem\",\"position\":2,\"name\":\"Loja\",\"item\":\"https:\/\/clientes.space\/michele-bond\/website\/loja-todos\/\"},{\"@type\":\"ListItem\",\"position\":3,\"name\":\"GABA 500mg &#8211; 60 c\u00e1psulas &#8211; Douglas Laboratories\"}]},{\"@type\":\"WebSite\",\"@id\":\"https:\/\/clientes.space\/michele-bond\/website\/#website\",\"url\":\"https:\/\/clientes.space\/michele-bond\/website\/\",\"name\":\"Michelle Bond - Holistic Health &amp; Beauty\",\"description\":\"Medicina Est\u00e9tica, Naturopatia, Nutri\u00e7\u00e3o e Fisioterapia\",\"potentialAction\":[{\"@type\":\"SearchAction\",\"target\":{\"@type\":\"EntryPoint\",\"urlTemplate\":\"https:\/\/clientes.space\/michele-bond\/website\/?s={search_term_string}\"},\"query-input\":\"required name=search_term_string\"}],\"inLanguage\":\"pt-PT\"}]}<\/script>\n<!-- \/ Yoast SEO plugin. -->","yoast_head_json":{"title":"GABA 500mg - 60 c\u00e1psulas - Douglas Laboratories | Compre Online","description":"GABA 500mg da Douglas Laboratories \u00e9 um suplemento de GABA, sendo o principal neurotransmissor inibidor do sistema nervoso central, tendo um efeito ansiol\u00edtico, tranquilizante e sedativo.","robots":{"index":"index","follow":"follow","max-snippet":"max-snippet:-1","max-image-preview":"max-image-preview:large","max-video-preview":"max-video-preview:-1"},"canonical":"https:\/\/clientes.space\/michele-bond\/website\/produto\/douglas-gaba-500mg-60-capsulas\/","og_locale":"pt_PT","og_type":"article","og_title":"GABA 500mg - 60 c\u00e1psulas - Douglas Laboratories | Compre Online","og_description":"GABA 500mg da Douglas Laboratories \u00e9 um suplemento de GABA, sendo o principal neurotransmissor inibidor do sistema nervoso central, tendo um efeito ansiol\u00edtico, tranquilizante e sedativo.","og_url":"https:\/\/clientes.space\/michele-bond\/website\/produto\/douglas-gaba-500mg-60-capsulas\/","og_site_name":"Michelle Bond Clinic | Lisboa","article_modified_time":"2023-05-06T18:51:11+00:00","og_image":[{"width":400,"height":500,"url":"https:\/\/clientes.space\/michele-bond\/website\/wp-content\/uploads\/2021\/05\/gaba-500mg-douglas-laboratories.jpeg","type":"image\/jpeg"}],"twitter_card":"summary_large_image","twitter_misc":{"Tempo estimado de leitura":"1 minuto"},"schema":{"@context":"https:\/\/schema.org","@graph":[{"@type":"WebPage","@id":"https:\/\/clientes.space\/michele-bond\/website\/produto\/douglas-gaba-500mg-60-capsulas\/","url":"https:\/\/clientes.space\/michele-bond\/website\/produto\/douglas-gaba-500mg-60-capsulas\/","name":"GABA 500mg - 60 c\u00e1psulas - Douglas Laboratories | Compre Online","isPartOf":{"@id":"https:\/\/clientes.space\/michele-bond\/website\/#website"},"datePublished":"2021-05-27T16:43:57+00:00","dateModified":"2023-05-06T18:51:11+00:00","description":"GABA 500mg da Douglas Laboratories \u00e9 um suplemento de GABA, sendo o principal neurotransmissor inibidor do sistema nervoso central, tendo um efeito ansiol\u00edtico, tranquilizante e sedativo.","breadcrumb":{"@id":"https:\/\/clientes.space\/michele-bond\/website\/produto\/douglas-gaba-500mg-60-capsulas\/#breadcrumb"},"inLanguage":"pt-PT","potentialAction":[{"@type":"ReadAction","target":["https:\/\/clientes.space\/michele-bond\/website\/produto\/douglas-gaba-500mg-60-capsulas\/"]}]},{"@type":"BreadcrumbList","@id":"https:\/\/clientes.space\/michele-bond\/website\/produto\/douglas-gaba-500mg-60-capsulas\/#breadcrumb","itemListElement":[{"@type":"ListItem","position":1,"name":"In\u00edcio","item":"https:\/\/clientes.space\/michele-bond\/website\/"},{"@type":"ListItem","position":2,"name":"Loja","item":"https:\/\/clientes.space\/michele-bond\/website\/loja-todos\/"},{"@type":"ListItem","position":3,"name":"GABA 500mg &#8211; 60 c\u00e1psulas &#8211; Douglas Laboratories"}]},{"@type":"WebSite","@id":"https:\/\/clientes.space\/michele-bond\/website\/#website","url":"https:\/\/clientes.space\/michele-bond\/website\/","name":"Michelle Bond - Holistic Health &amp; Beauty","description":"Medicina Est\u00e9tica, Naturopatia, Nutri\u00e7\u00e3o e Fisioterapia","potentialAction":[{"@type":"SearchAction","target":{"@type":"EntryPoint","urlTemplate":"https:\/\/clientes.space\/michele-bond\/website\/?s={search_term_string}"},"query-input":"required name=search_term_string"}],"inLanguage":"pt-PT"}]}},"_links":{"self":[{"href":"https:\/\/clientes.space\/michele-bond\/website\/wp-json\/wp\/v2\/product\/10183"}],"collection":[{"href":"https:\/\/clientes.space\/michele-bond\/website\/wp-json\/wp\/v2\/product"}],"about":[{"href":"https:\/\/clientes.space\/michele-bond\/website\/wp-json\/wp\/v2\/types\/product"}],"replies":[{"embeddable":true,"href":"https:\/\/clientes.space\/michele-bond\/website\/wp-json\/wp\/v2\/comments?post=10183"}],"wp:featuredmedia":[{"embeddable":true,"href":"https:\/\/clientes.space\/michele-bond\/website\/wp-json\/wp\/v2\/media\/10301"}],"wp:attachment":[{"href":"https:\/\/clientes.space\/michele-bond\/website\/wp-json\/wp\/v2\/media?parent=10183"}],"wp:term":[{"taxonomy":"product_cat","embeddable":true,"href":"https:\/\/clientes.space\/michele-bond\/website\/wp-json\/wp\/v2\/product_cat?post=10183"},{"taxonomy":"product_tag","embeddable":true,"href":"https:\/\/clientes.space\/michele-bond\/website\/wp-json\/wp\/v2\/product_tag?post=10183"}],"curies":[{"name":"wp","href":"https:\/\/api.w.org\/{rel}","templated":true}]}}