{"id":10184,"date":"2021-05-27T16:55:27","date_gmt":"2021-05-27T16:55:27","guid":{"rendered":"https:\/\/clientes.space\/michele-bond\/website\/?post_type=product&#038;p=10184"},"modified":"2023-06-07T10:44:28","modified_gmt":"2023-06-07T10:44:28","slug":"mesoestetic-dermamelan-cream-30g","status":"publish","type":"product","link":"https:\/\/clientes.space\/michele-bond\/website\/produto\/mesoestetic-dermamelan-cream-30g\/","title":{"rendered":"Mesoestetic Dermamelan Treatment Despigmentante 30g"},"content":{"rendered":"<p>Dermamelan\u00ae \u00e9 um m\u00e9todo despigmentante m\u00e9dico com contrastada efic\u00e1cia no tratamento das hiperpigmenta\u00e7\u00f5es cut\u00e2neas mais severas e resistentes. Uma dupla a\u00e7\u00e3o permite corrigir as hiperpigmenta\u00e7\u00f5es vis\u00edveis e regular a sobreprodu\u00e7\u00e3o de melanina para oferecer um resultado a curto e longo prazo.<\/p>\n<div class=\"option-sub-description\">\n<p class=\"text-txt\">In\u00fameros estudos cl\u00ednicos e milhares de pacientes e especialistas a n\u00edvel mundial avalizam a efic\u00e1cia e seguran\u00e7a de dermamelan\u00ae no tratamento de qualquer tipo de hiperpigmenta\u00e7\u00f5es e fot\u00f3tipos cut\u00e2neos.<\/p>\n<\/div>\n<div class=\"lines-block\">\n<div class=\"all-lines\">\n<div class=\"lines-collabs\" role=\"tablist\">\n<div class=\"cosas-lineas\" role=\"tab\" data-role=\"collapsible\" data-collapsible=\"true\" aria-selected=\"false\" aria-expanded=\"false\">\n<div class=\"lineas-trigger\" tabindex=\"0\" data-role=\"trigger\">\n<p class=\"text-txt\">O dermamelan\u00ae \u00e9 o m\u00e9todo despigmentante que proporciona uma a\u00e7\u00e3o corretiva intensiva sobre as hiperpigmenta\u00e7\u00f5es cut\u00e2neas, ao mesmo tempo que regula a superprodu\u00e7\u00e3o de melanina nos melan\u00f3citos, inibindo e controlando a reaparecimento de novas hiperpigmenta\u00e7\u00f5es. Atua a dois n\u00edveis (corretivo e regulador), atingindo resultados a curto e a longo prazo para manter as hiperpigmenta\u00e7\u00f5es sob controlo.<\/p>\n<p class=\"text-txt\">O m\u00e9todo dermamelan\u00ae consiste num protocolo de 4 fases necess\u00e1rias para alcan\u00e7ar o resultado objetivo. Despigmenta\u00e7\u00e3o intensiva em consulta na fase 1 e tratamento para uso domicili\u00e1rio nas fases 2,3 e 4.<\/p>\n<p class=\"text-txt\"><strong>MECANISMO DE A\u00c7\u00c3O<\/strong><\/p>\n<p class=\"text-txt\">A f\u00f3rmula da dermamelan\u00ae possui uma combina\u00e7\u00e3o exclusiva de ativos de elevada efic\u00e1cia que atuam sobre todas as fases do processo de hiperpigmenta\u00e7\u00e3o para eliminar integralmente todas as hiperpigmenta\u00e7\u00f5es existentes e prevenir o seu reaparecimento bem como a aparecimento de novas manchas:<\/p>\n<p class=\"text-txt\"><strong>A\u00c7\u00c3O CORRETIVA:<\/strong><\/p>\n<p class=\"text-txt\">Acelera o processo de renova\u00e7\u00e3o da pele, provocando a descama\u00e7\u00e3o e eliminando eficazmente os dep\u00f3sitos de melanina. Reduz a quantidade de melanina formada, diminuindo assim a intensidade da hiperpigmenta\u00e7\u00e3o.<\/p>\n<p class=\"text-txt\"><strong>A\u00c7\u00c3O REGULADORA:<\/strong><\/p>\n<p class=\"text-txt\">Bloqueia a transfer\u00eancia de melanossomas para os queratin\u00f3citos a fim de prevenir a migra\u00e7\u00e3o de melanina para as camadas superficiais e bloqueia a ativa\u00e7\u00e3o da tirosinase a dois n\u00edveis: reduzindo a sua fun\u00e7\u00e3o e controlando a sua sobre-estimula\u00e7\u00e3o. A dualidade de a\u00e7\u00e3o corretiva e reguladora torna-o num tratamento \u00fanico e integral em qualquer tipo de peles, etnias e hiperpigmenta\u00e7\u00f5es de origem mel\u00e2nica.<\/p>\n<p><b>NOTA: <\/b>no in\u00edcio de 2022 o Dermamelan sofreu altera\u00e7\u00f5es no design da embalagem.<\/p>\n<\/div>\n<\/div>\n<\/div>\n<\/div>\n<\/div>\n","protected":false},"excerpt":{"rendered":"<p class=\"claim\">O m\u00e9todo despigmentante profissional definitivo para as manchas cut\u00e2neas.<\/p>\n","protected":false},"featured_media":13014,"comment_status":"open","ping_status":"closed","template":"","meta":{"content-type":""},"product_cat":[946,949,679],"product_tag":[],"yoast_head":"<!-- This site is optimized with the Yoast SEO plugin v21.7 - https:\/\/yoast.com\/wordpress\/plugins\/seo\/ -->\n<title>Mesoestetic Dermamelan Treatment Despigmentante 30g | Compre Online | Cl\u00ednica Michelle Bond<\/title>\n<meta name=\"description\" content=\"Dermamelan\u00ae \u00e9 um m\u00e9todo despigmentante m\u00e9dico com contrastada efic\u00e1cia no tratamento das hiperpigmenta\u00e7\u00f5es cut\u00e2neas mais severas e resistentes. Uma dupla a\u00e7\u00e3o permite corrigir as hiperpigmenta\u00e7\u00f5es vis\u00edveis e regular a sobreprodu\u00e7\u00e3o de melanina para oferecer um resultado a curto e longo prazo.\" \/>\n<meta name=\"robots\" content=\"index, follow, max-snippet:-1, max-image-preview:large, max-video-preview:-1\" \/>\n<link rel=\"canonical\" href=\"https:\/\/clientes.space\/michele-bond\/website\/produto\/mesoestetic-dermamelan-cream-30g\/\" \/>\n<meta property=\"og:locale\" content=\"pt_PT\" \/>\n<meta property=\"og:type\" content=\"article\" \/>\n<meta property=\"og:title\" content=\"Mesoestetic Dermamelan Treatment Despigmentante 30g | Compre Online | Cl\u00ednica Michelle Bond\" \/>\n<meta property=\"og:description\" content=\"Dermamelan\u00ae \u00e9 um m\u00e9todo despigmentante m\u00e9dico com contrastada efic\u00e1cia no tratamento das hiperpigmenta\u00e7\u00f5es cut\u00e2neas mais severas e resistentes. Uma dupla a\u00e7\u00e3o permite corrigir as hiperpigmenta\u00e7\u00f5es vis\u00edveis e regular a sobreprodu\u00e7\u00e3o de melanina para oferecer um resultado a curto e longo prazo.\" \/>\n<meta property=\"og:url\" content=\"https:\/\/clientes.space\/michele-bond\/website\/produto\/mesoestetic-dermamelan-cream-30g\/\" \/>\n<meta property=\"og:site_name\" content=\"Michelle Bond Clinic | Lisboa\" \/>\n<meta property=\"article:modified_time\" content=\"2023-06-07T10:44:28+00:00\" \/>\n<meta property=\"og:image\" content=\"https:\/\/clientes.space\/michele-bond\/website\/wp-content\/uploads\/2021\/05\/dermamelan.png\" \/>\n\t<meta property=\"og:image:width\" content=\"650\" \/>\n\t<meta property=\"og:image:height\" content=\"650\" \/>\n\t<meta property=\"og:image:type\" content=\"image\/png\" \/>\n<meta name=\"twitter:card\" content=\"summary_large_image\" \/>\n<meta name=\"twitter:label1\" content=\"Tempo estimado de leitura\" \/>\n\t<meta name=\"twitter:data1\" content=\"2 minutos\" \/>\n<script type=\"application\/ld+json\" class=\"yoast-schema-graph\">{\"@context\":\"https:\/\/schema.org\",\"@graph\":[{\"@type\":\"WebPage\",\"@id\":\"https:\/\/clientes.space\/michele-bond\/website\/produto\/mesoestetic-dermamelan-cream-30g\/\",\"url\":\"https:\/\/clientes.space\/michele-bond\/website\/produto\/mesoestetic-dermamelan-cream-30g\/\",\"name\":\"Mesoestetic Dermamelan Treatment Despigmentante 30g | Compre Online | Cl\u00ednica Michelle Bond\",\"isPartOf\":{\"@id\":\"https:\/\/clientes.space\/michele-bond\/website\/#website\"},\"datePublished\":\"2021-05-27T16:55:27+00:00\",\"dateModified\":\"2023-06-07T10:44:28+00:00\",\"description\":\"Dermamelan\u00ae \u00e9 um m\u00e9todo despigmentante m\u00e9dico com contrastada efic\u00e1cia no tratamento das hiperpigmenta\u00e7\u00f5es cut\u00e2neas mais severas e resistentes. Uma dupla a\u00e7\u00e3o permite corrigir as hiperpigmenta\u00e7\u00f5es vis\u00edveis e regular a sobreprodu\u00e7\u00e3o de melanina para oferecer um resultado a curto e longo prazo.\",\"breadcrumb\":{\"@id\":\"https:\/\/clientes.space\/michele-bond\/website\/produto\/mesoestetic-dermamelan-cream-30g\/#breadcrumb\"},\"inLanguage\":\"pt-PT\",\"potentialAction\":[{\"@type\":\"ReadAction\",\"target\":[\"https:\/\/clientes.space\/michele-bond\/website\/produto\/mesoestetic-dermamelan-cream-30g\/\"]}]},{\"@type\":\"BreadcrumbList\",\"@id\":\"https:\/\/clientes.space\/michele-bond\/website\/produto\/mesoestetic-dermamelan-cream-30g\/#breadcrumb\",\"itemListElement\":[{\"@type\":\"ListItem\",\"position\":1,\"name\":\"In\u00edcio\",\"item\":\"https:\/\/clientes.space\/michele-bond\/website\/\"},{\"@type\":\"ListItem\",\"position\":2,\"name\":\"Loja\",\"item\":\"https:\/\/clientes.space\/michele-bond\/website\/loja-todos\/\"},{\"@type\":\"ListItem\",\"position\":3,\"name\":\"Mesoestetic Dermamelan Treatment Despigmentante 30g\"}]},{\"@type\":\"WebSite\",\"@id\":\"https:\/\/clientes.space\/michele-bond\/website\/#website\",\"url\":\"https:\/\/clientes.space\/michele-bond\/website\/\",\"name\":\"Michelle Bond - Holistic Health &amp; Beauty\",\"description\":\"Medicina Est\u00e9tica, Naturopatia, Nutri\u00e7\u00e3o e Fisioterapia\",\"potentialAction\":[{\"@type\":\"SearchAction\",\"target\":{\"@type\":\"EntryPoint\",\"urlTemplate\":\"https:\/\/clientes.space\/michele-bond\/website\/?s={search_term_string}\"},\"query-input\":\"required name=search_term_string\"}],\"inLanguage\":\"pt-PT\"}]}<\/script>\n<!-- \/ Yoast SEO plugin. -->","yoast_head_json":{"title":"Mesoestetic Dermamelan Treatment Despigmentante 30g | Compre Online | Cl\u00ednica Michelle Bond","description":"Dermamelan\u00ae \u00e9 um m\u00e9todo despigmentante m\u00e9dico com contrastada efic\u00e1cia no tratamento das hiperpigmenta\u00e7\u00f5es cut\u00e2neas mais severas e resistentes. Uma dupla a\u00e7\u00e3o permite corrigir as hiperpigmenta\u00e7\u00f5es vis\u00edveis e regular a sobreprodu\u00e7\u00e3o de melanina para oferecer um resultado a curto e longo prazo.","robots":{"index":"index","follow":"follow","max-snippet":"max-snippet:-1","max-image-preview":"max-image-preview:large","max-video-preview":"max-video-preview:-1"},"canonical":"https:\/\/clientes.space\/michele-bond\/website\/produto\/mesoestetic-dermamelan-cream-30g\/","og_locale":"pt_PT","og_type":"article","og_title":"Mesoestetic Dermamelan Treatment Despigmentante 30g | Compre Online | Cl\u00ednica Michelle Bond","og_description":"Dermamelan\u00ae \u00e9 um m\u00e9todo despigmentante m\u00e9dico com contrastada efic\u00e1cia no tratamento das hiperpigmenta\u00e7\u00f5es cut\u00e2neas mais severas e resistentes. Uma dupla a\u00e7\u00e3o permite corrigir as hiperpigmenta\u00e7\u00f5es vis\u00edveis e regular a sobreprodu\u00e7\u00e3o de melanina para oferecer um resultado a curto e longo prazo.","og_url":"https:\/\/clientes.space\/michele-bond\/website\/produto\/mesoestetic-dermamelan-cream-30g\/","og_site_name":"Michelle Bond Clinic | Lisboa","article_modified_time":"2023-06-07T10:44:28+00:00","og_image":[{"width":650,"height":650,"url":"https:\/\/clientes.space\/michele-bond\/website\/wp-content\/uploads\/2021\/05\/dermamelan.png","type":"image\/png"}],"twitter_card":"summary_large_image","twitter_misc":{"Tempo estimado de leitura":"2 minutos"},"schema":{"@context":"https:\/\/schema.org","@graph":[{"@type":"WebPage","@id":"https:\/\/clientes.space\/michele-bond\/website\/produto\/mesoestetic-dermamelan-cream-30g\/","url":"https:\/\/clientes.space\/michele-bond\/website\/produto\/mesoestetic-dermamelan-cream-30g\/","name":"Mesoestetic Dermamelan Treatment Despigmentante 30g | Compre Online | Cl\u00ednica Michelle Bond","isPartOf":{"@id":"https:\/\/clientes.space\/michele-bond\/website\/#website"},"datePublished":"2021-05-27T16:55:27+00:00","dateModified":"2023-06-07T10:44:28+00:00","description":"Dermamelan\u00ae \u00e9 um m\u00e9todo despigmentante m\u00e9dico com contrastada efic\u00e1cia no tratamento das hiperpigmenta\u00e7\u00f5es cut\u00e2neas mais severas e resistentes. Uma dupla a\u00e7\u00e3o permite corrigir as hiperpigmenta\u00e7\u00f5es vis\u00edveis e regular a sobreprodu\u00e7\u00e3o de melanina para oferecer um resultado a curto e longo prazo.","breadcrumb":{"@id":"https:\/\/clientes.space\/michele-bond\/website\/produto\/mesoestetic-dermamelan-cream-30g\/#breadcrumb"},"inLanguage":"pt-PT","potentialAction":[{"@type":"ReadAction","target":["https:\/\/clientes.space\/michele-bond\/website\/produto\/mesoestetic-dermamelan-cream-30g\/"]}]},{"@type":"BreadcrumbList","@id":"https:\/\/clientes.space\/michele-bond\/website\/produto\/mesoestetic-dermamelan-cream-30g\/#breadcrumb","itemListElement":[{"@type":"ListItem","position":1,"name":"In\u00edcio","item":"https:\/\/clientes.space\/michele-bond\/website\/"},{"@type":"ListItem","position":2,"name":"Loja","item":"https:\/\/clientes.space\/michele-bond\/website\/loja-todos\/"},{"@type":"ListItem","position":3,"name":"Mesoestetic Dermamelan Treatment Despigmentante 30g"}]},{"@type":"WebSite","@id":"https:\/\/clientes.space\/michele-bond\/website\/#website","url":"https:\/\/clientes.space\/michele-bond\/website\/","name":"Michelle Bond - Holistic Health &amp; Beauty","description":"Medicina Est\u00e9tica, Naturopatia, Nutri\u00e7\u00e3o e Fisioterapia","potentialAction":[{"@type":"SearchAction","target":{"@type":"EntryPoint","urlTemplate":"https:\/\/clientes.space\/michele-bond\/website\/?s={search_term_string}"},"query-input":"required name=search_term_string"}],"inLanguage":"pt-PT"}]}},"_links":{"self":[{"href":"https:\/\/clientes.space\/michele-bond\/website\/wp-json\/wp\/v2\/product\/10184"}],"collection":[{"href":"https:\/\/clientes.space\/michele-bond\/website\/wp-json\/wp\/v2\/product"}],"about":[{"href":"https:\/\/clientes.space\/michele-bond\/website\/wp-json\/wp\/v2\/types\/product"}],"replies":[{"embeddable":true,"href":"https:\/\/clientes.space\/michele-bond\/website\/wp-json\/wp\/v2\/comments?post=10184"}],"wp:featuredmedia":[{"embeddable":true,"href":"https:\/\/clientes.space\/michele-bond\/website\/wp-json\/wp\/v2\/media\/13014"}],"wp:attachment":[{"href":"https:\/\/clientes.space\/michele-bond\/website\/wp-json\/wp\/v2\/media?parent=10184"}],"wp:term":[{"taxonomy":"product_cat","embeddable":true,"href":"https:\/\/clientes.space\/michele-bond\/website\/wp-json\/wp\/v2\/product_cat?post=10184"},{"taxonomy":"product_tag","embeddable":true,"href":"https:\/\/clientes.space\/michele-bond\/website\/wp-json\/wp\/v2\/product_tag?post=10184"}],"curies":[{"name":"wp","href":"https:\/\/api.w.org\/{rel}","templated":true}]}}