{"id":13144,"date":"2022-02-22T15:14:11","date_gmt":"2022-02-22T15:14:11","guid":{"rendered":"https:\/\/clientes.space\/michele-bond\/website\/?post_type=product&#038;p=13144"},"modified":"2023-06-07T10:43:45","modified_gmt":"2023-06-07T10:43:45","slug":"dermamelan-home-pack-mesoestetic","status":"publish","type":"product","link":"https:\/\/clientes.space\/michele-bond\/website\/produto\/dermamelan-home-pack-mesoestetic\/","title":{"rendered":"Dermamelan Home Pack Mesoestetic"},"content":{"rendered":"<p>Pack domicili\u00e1rio do m\u00e9todo dermamelan\u00ae. Cont\u00e9m os produtos para seguir a pauta domicili\u00e1ria do m\u00e9todo profissional dermamelan\u00ae e completar a a\u00e7\u00e3o despigmentante na elimina\u00e7\u00e3o e\/ou redu\u00e7\u00e3o das manchas de origem melan\u00edstica: dermamelan treatment, melan recovery e melan 130 pigment control. Refor\u00e7a a a\u00e7\u00e3o sin\u00e9rgica protetora e despigmentante.<\/p>\n<p>O pack cont\u00e9m:<\/p>\n<ul>\n<li>1 Dermamelan Treatment\u00a0 30g: \u00e9 o creme de uso domicili\u00e1rio cuja a\u00e7\u00e3o principal \u00e9 a atenua\u00e7\u00e3o e o controlo das manchas de origem mel\u00e2nica localizadas no rosto. \u00c9 indicado para completar a a\u00e7\u00e3o despigmentante do m\u00e9todo dermamelan. A sua utiliza\u00e7\u00e3o cont\u00ednua diminui as manchas evitando o seu reaparecimento.<\/li>\n<li>1 Melan Recovery 50ml: tratamento intensivo que combate as manifesta\u00e7\u00f5es reativas relacionadas com a irrita\u00e7\u00e3o e a vermelhid\u00e3o, proporcionando uma sensa\u00e7\u00e3o de al\u00edvio imediato.<\/li>\n<li>1 Melan 130 Pigment Control 50ml: Protec\u00e7\u00e3o solar muito alta para peles com imperfei\u00e7\u00f5es pigmentares, testada contra a radia\u00e7\u00e3o UVB a131 e UVA a 67, duplicando assim a protec\u00e7\u00e3o m\u00ednima exigida em foto protectores 50+. Ajuda a regular a s\u00edntese de melanina, proporcionando uma a\u00e7\u00e3o preventiva anti manchas. Sua textura com cor confere um tom natural impercept\u00edvel. Resistente a \u00e1gua.<\/li>\n<\/ul>\n<p><strong>Modo de usar:<\/strong><\/p>\n<ol>\n<li id=\"tw-target-text\" class=\"tw-data-text tw-text-large tw-ta\" dir=\"ltr\" data-placeholder=\"Tradu\u00e7\u00e3o\"><span class=\"Y2IQFc\" lang=\"pt\">Aplique Dermamelan Treatment Cream diretamente em todo o rosto, uma vez (\u00e0 noite), monitorando continuamente ao dia da pele;<\/span><\/li>\n<li dir=\"ltr\" data-placeholder=\"Tradu\u00e7\u00e3o\">Aplique o Melan Recovery;<\/li>\n<li class=\"tw-data-text tw-text-large tw-ta\" dir=\"ltr\" data-placeholder=\"Tradu\u00e7\u00e3o\"><span class=\"Y2IQFc\" lang=\"pt\">O Melan 130 Pigment Control deve ser usado todos os dias e reaplicado ao longo do dia.O uso de um protetor solar de amplo espectro \u00e9 obrigat\u00f3rio durante o uso do Dermamelan Treatment Maintenance Cream.\u00a0<\/span><span class=\"Y2IQFc\" lang=\"pt\"><br \/>\n<\/span><\/li>\n<\/ol>\n","protected":false},"excerpt":{"rendered":"<p>Pack domicili\u00e1rio do m\u00e9todo dermamelan\u00ae. Cont\u00e9m os produtos para seguir a pauta domicili\u00e1ria do m\u00e9todo profissional dermamelan\u00ae e completar a a\u00e7\u00e3o despigmentante na elimina\u00e7\u00e3o e\/ou redu\u00e7\u00e3o das manchas de origem melan\u00edstica.<\/p>\n","protected":false},"featured_media":13145,"comment_status":"open","ping_status":"closed","template":"","meta":{"content-type":""},"product_cat":[946,949,679,686,712],"product_tag":[],"yoast_head":"<!-- This site is optimized with the Yoast SEO plugin v21.7 - https:\/\/yoast.com\/wordpress\/plugins\/seo\/ -->\n<title>Dermamelan Home Pack Mesoestetic - Cl\u00ednica Michelle Bond<\/title>\n<meta name=\"description\" content=\"Home Pack do m\u00e9todo Dermamelan\u00ae Mesoestetic. Cont\u00e9m os produtos para a a\u00e7\u00e3o despigmentante na elimina\u00e7\u00e3o e\/ou redu\u00e7\u00e3o das manchas de origem melan\u00edstica.\" \/>\n<meta name=\"robots\" content=\"index, follow, max-snippet:-1, max-image-preview:large, max-video-preview:-1\" \/>\n<link rel=\"canonical\" href=\"https:\/\/clientes.space\/michele-bond\/website\/produto\/dermamelan-home-pack-mesoestetic\/\" \/>\n<meta property=\"og:locale\" content=\"pt_PT\" \/>\n<meta property=\"og:type\" content=\"article\" \/>\n<meta property=\"og:title\" content=\"Dermamelan Home Pack Mesoestetic - Cl\u00ednica Michelle Bond\" \/>\n<meta property=\"og:description\" content=\"Home Pack do m\u00e9todo Dermamelan\u00ae Mesoestetic. Cont\u00e9m os produtos para a a\u00e7\u00e3o despigmentante na elimina\u00e7\u00e3o e\/ou redu\u00e7\u00e3o das manchas de origem melan\u00edstica.\" \/>\n<meta property=\"og:url\" content=\"https:\/\/clientes.space\/michele-bond\/website\/produto\/dermamelan-home-pack-mesoestetic\/\" \/>\n<meta property=\"og:site_name\" content=\"Michelle Bond Clinic | Lisboa\" \/>\n<meta property=\"article:modified_time\" content=\"2023-06-07T10:43:45+00:00\" \/>\n<meta property=\"og:image\" content=\"https:\/\/clientes.space\/michele-bond\/website\/wp-content\/uploads\/2022\/02\/dermamelan_home_pack.png\" \/>\n\t<meta property=\"og:image:width\" content=\"1024\" \/>\n\t<meta property=\"og:image:height\" content=\"1024\" \/>\n\t<meta property=\"og:image:type\" content=\"image\/png\" \/>\n<meta name=\"twitter:card\" content=\"summary_large_image\" \/>\n<meta name=\"twitter:label1\" content=\"Tempo estimado de leitura\" \/>\n\t<meta name=\"twitter:data1\" content=\"2 minutos\" \/>\n<script type=\"application\/ld+json\" class=\"yoast-schema-graph\">{\"@context\":\"https:\/\/schema.org\",\"@graph\":[{\"@type\":\"WebPage\",\"@id\":\"https:\/\/clientes.space\/michele-bond\/website\/produto\/dermamelan-home-pack-mesoestetic\/\",\"url\":\"https:\/\/clientes.space\/michele-bond\/website\/produto\/dermamelan-home-pack-mesoestetic\/\",\"name\":\"Dermamelan Home Pack Mesoestetic - Cl\u00ednica Michelle Bond\",\"isPartOf\":{\"@id\":\"https:\/\/clientes.space\/michele-bond\/website\/#website\"},\"datePublished\":\"2022-02-22T15:14:11+00:00\",\"dateModified\":\"2023-06-07T10:43:45+00:00\",\"description\":\"Home Pack do m\u00e9todo Dermamelan\u00ae Mesoestetic. Cont\u00e9m os produtos para a a\u00e7\u00e3o despigmentante na elimina\u00e7\u00e3o e\/ou redu\u00e7\u00e3o das manchas de origem melan\u00edstica.\",\"breadcrumb\":{\"@id\":\"https:\/\/clientes.space\/michele-bond\/website\/produto\/dermamelan-home-pack-mesoestetic\/#breadcrumb\"},\"inLanguage\":\"pt-PT\",\"potentialAction\":[{\"@type\":\"ReadAction\",\"target\":[\"https:\/\/clientes.space\/michele-bond\/website\/produto\/dermamelan-home-pack-mesoestetic\/\"]}]},{\"@type\":\"BreadcrumbList\",\"@id\":\"https:\/\/clientes.space\/michele-bond\/website\/produto\/dermamelan-home-pack-mesoestetic\/#breadcrumb\",\"itemListElement\":[{\"@type\":\"ListItem\",\"position\":1,\"name\":\"In\u00edcio\",\"item\":\"https:\/\/clientes.space\/michele-bond\/website\/\"},{\"@type\":\"ListItem\",\"position\":2,\"name\":\"Loja\",\"item\":\"https:\/\/clientes.space\/michele-bond\/website\/loja-todos\/\"},{\"@type\":\"ListItem\",\"position\":3,\"name\":\"Dermamelan Home Pack Mesoestetic\"}]},{\"@type\":\"WebSite\",\"@id\":\"https:\/\/clientes.space\/michele-bond\/website\/#website\",\"url\":\"https:\/\/clientes.space\/michele-bond\/website\/\",\"name\":\"Michelle Bond - Holistic Health &amp; Beauty\",\"description\":\"Medicina Est\u00e9tica, Naturopatia, Nutri\u00e7\u00e3o e Fisioterapia\",\"potentialAction\":[{\"@type\":\"SearchAction\",\"target\":{\"@type\":\"EntryPoint\",\"urlTemplate\":\"https:\/\/clientes.space\/michele-bond\/website\/?s={search_term_string}\"},\"query-input\":\"required name=search_term_string\"}],\"inLanguage\":\"pt-PT\"}]}<\/script>\n<!-- \/ Yoast SEO plugin. -->","yoast_head_json":{"title":"Dermamelan Home Pack Mesoestetic - Cl\u00ednica Michelle Bond","description":"Home Pack do m\u00e9todo Dermamelan\u00ae Mesoestetic. Cont\u00e9m os produtos para a a\u00e7\u00e3o despigmentante na elimina\u00e7\u00e3o e\/ou redu\u00e7\u00e3o das manchas de origem melan\u00edstica.","robots":{"index":"index","follow":"follow","max-snippet":"max-snippet:-1","max-image-preview":"max-image-preview:large","max-video-preview":"max-video-preview:-1"},"canonical":"https:\/\/clientes.space\/michele-bond\/website\/produto\/dermamelan-home-pack-mesoestetic\/","og_locale":"pt_PT","og_type":"article","og_title":"Dermamelan Home Pack Mesoestetic - Cl\u00ednica Michelle Bond","og_description":"Home Pack do m\u00e9todo Dermamelan\u00ae Mesoestetic. Cont\u00e9m os produtos para a a\u00e7\u00e3o despigmentante na elimina\u00e7\u00e3o e\/ou redu\u00e7\u00e3o das manchas de origem melan\u00edstica.","og_url":"https:\/\/clientes.space\/michele-bond\/website\/produto\/dermamelan-home-pack-mesoestetic\/","og_site_name":"Michelle Bond Clinic | Lisboa","article_modified_time":"2023-06-07T10:43:45+00:00","og_image":[{"width":1024,"height":1024,"url":"https:\/\/clientes.space\/michele-bond\/website\/wp-content\/uploads\/2022\/02\/dermamelan_home_pack.png","type":"image\/png"}],"twitter_card":"summary_large_image","twitter_misc":{"Tempo estimado de leitura":"2 minutos"},"schema":{"@context":"https:\/\/schema.org","@graph":[{"@type":"WebPage","@id":"https:\/\/clientes.space\/michele-bond\/website\/produto\/dermamelan-home-pack-mesoestetic\/","url":"https:\/\/clientes.space\/michele-bond\/website\/produto\/dermamelan-home-pack-mesoestetic\/","name":"Dermamelan Home Pack Mesoestetic - Cl\u00ednica Michelle Bond","isPartOf":{"@id":"https:\/\/clientes.space\/michele-bond\/website\/#website"},"datePublished":"2022-02-22T15:14:11+00:00","dateModified":"2023-06-07T10:43:45+00:00","description":"Home Pack do m\u00e9todo Dermamelan\u00ae Mesoestetic. Cont\u00e9m os produtos para a a\u00e7\u00e3o despigmentante na elimina\u00e7\u00e3o e\/ou redu\u00e7\u00e3o das manchas de origem melan\u00edstica.","breadcrumb":{"@id":"https:\/\/clientes.space\/michele-bond\/website\/produto\/dermamelan-home-pack-mesoestetic\/#breadcrumb"},"inLanguage":"pt-PT","potentialAction":[{"@type":"ReadAction","target":["https:\/\/clientes.space\/michele-bond\/website\/produto\/dermamelan-home-pack-mesoestetic\/"]}]},{"@type":"BreadcrumbList","@id":"https:\/\/clientes.space\/michele-bond\/website\/produto\/dermamelan-home-pack-mesoestetic\/#breadcrumb","itemListElement":[{"@type":"ListItem","position":1,"name":"In\u00edcio","item":"https:\/\/clientes.space\/michele-bond\/website\/"},{"@type":"ListItem","position":2,"name":"Loja","item":"https:\/\/clientes.space\/michele-bond\/website\/loja-todos\/"},{"@type":"ListItem","position":3,"name":"Dermamelan Home Pack Mesoestetic"}]},{"@type":"WebSite","@id":"https:\/\/clientes.space\/michele-bond\/website\/#website","url":"https:\/\/clientes.space\/michele-bond\/website\/","name":"Michelle Bond - Holistic Health &amp; Beauty","description":"Medicina Est\u00e9tica, Naturopatia, Nutri\u00e7\u00e3o e Fisioterapia","potentialAction":[{"@type":"SearchAction","target":{"@type":"EntryPoint","urlTemplate":"https:\/\/clientes.space\/michele-bond\/website\/?s={search_term_string}"},"query-input":"required name=search_term_string"}],"inLanguage":"pt-PT"}]}},"_links":{"self":[{"href":"https:\/\/clientes.space\/michele-bond\/website\/wp-json\/wp\/v2\/product\/13144"}],"collection":[{"href":"https:\/\/clientes.space\/michele-bond\/website\/wp-json\/wp\/v2\/product"}],"about":[{"href":"https:\/\/clientes.space\/michele-bond\/website\/wp-json\/wp\/v2\/types\/product"}],"replies":[{"embeddable":true,"href":"https:\/\/clientes.space\/michele-bond\/website\/wp-json\/wp\/v2\/comments?post=13144"}],"wp:featuredmedia":[{"embeddable":true,"href":"https:\/\/clientes.space\/michele-bond\/website\/wp-json\/wp\/v2\/media\/13145"}],"wp:attachment":[{"href":"https:\/\/clientes.space\/michele-bond\/website\/wp-json\/wp\/v2\/media?parent=13144"}],"wp:term":[{"taxonomy":"product_cat","embeddable":true,"href":"https:\/\/clientes.space\/michele-bond\/website\/wp-json\/wp\/v2\/product_cat?post=13144"},{"taxonomy":"product_tag","embeddable":true,"href":"https:\/\/clientes.space\/michele-bond\/website\/wp-json\/wp\/v2\/product_tag?post=13144"}],"curies":[{"name":"wp","href":"https:\/\/api.w.org\/{rel}","templated":true}]}}