{"id":5241,"date":"2020-04-21T18:01:19","date_gmt":"2020-04-21T18:01:19","guid":{"rendered":"https:\/\/clientes.space\/michele-bond\/website\/?post_type=product&#038;p=5241"},"modified":"2022-07-01T12:31:38","modified_gmt":"2022-07-01T12:31:38","slug":"depilacao-a-laser-combinados","status":"publish","type":"product","link":"https:\/\/clientes.space\/michele-bond\/website\/produto\/depilacao-a-laser-combinados\/","title":{"rendered":"Depila\u00e7\u00e3o a laser: Combinados"},"content":{"rendered":"<p>Na nossa cl\u00ednica optamos por escolher o laser alexandrite de grau m\u00e9dico (Gentlelease da Syneron Candela), pois tem a tecnologia mais recente, o que significa resultados altamente eficazes.<\/p>\n<p>As nossas terapeutas s\u00e3o especialistas em depila\u00e7\u00e3o a laser e t\u00eam muitos anos de experi\u00eancia. O que significa uma redu\u00e7\u00e3o de p\u00ealo bem sucedida, ou seja, um benef\u00edcios para os nossos clientes.<\/p>\n<p><strong>Pacote de Corpo Inteiro Mulher inclui:<\/strong><\/p>\n<ul>\n<li>bu\u00e7o + queixo + patilhas + aur\u00e9ola mam\u00e1ria + axilas+ linha alba + bra\u00e7os completos + gl\u00fateos + pernas completas + virilha completa + perianal<\/li>\n<\/ul>\n<p><strong>Pacote de Corpo Inteiro Homem inclui:<\/strong><\/p>\n<ul>\n<li>rosto completo + nuca + pesco\u00e7o + axilas + ombros + dorsal + lombar + t\u00f3rax + abd\u00f4men + bra\u00e7os completos + virilhas + gl\u00fateos + perianal + pernas completas<\/li>\n<\/ul>\n<p>Para saber mais, visite a nossa p\u00e1gina sobre o <a href=\"https:\/\/clientes.space\/michele-bond\/website\/depilacao-a-laser\/\">Depila\u00e7\u00e3o a Laser Feminina<\/a> ou <a href=\"https:\/\/clientes.space\/michele-bond\/website\/depilacao-a-laser-masculina\/\">Depila\u00e7\u00e3o a Laser Masculina<\/a>.<\/p>\n<p><strong>COMO UTILIZAR E CONDI\u00c7\u00d5ES:<\/strong><\/p>\n<ul>\n<li>Voucher v\u00e1lido por 6 meses.<\/li>\n<\/ul>\n<p><strong>Como usufruir do voucher:<\/strong><\/p>\n<ul>\n<li>Ap\u00f3s a compra estar conclu\u00edda, receber\u00e1 no seu endere\u00e7o de email o respetivo voucher ou pode levantar na cl\u00ednica.<\/li>\n<li>Contacte o n\u00famero 967 250 466 ou o e-mail\u00a0geral@clientes.space\u00a0para efetuar a marca\u00e7\u00e3o da sua consulta presencial ou online para a data e hora de acordo com a sua prefer\u00eancia.<\/li>\n<\/ul>\n","protected":false},"excerpt":{"rendered":"<p>Laser de grau m\u00e9dico. Resultados altamente eficazes<\/p>\n","protected":false},"featured_media":4009,"comment_status":"open","ping_status":"closed","template":"","meta":{"content-type":""},"product_cat":[674,745,748],"product_tag":[],"yoast_head":"<!-- This site is optimized with the Yoast SEO plugin v21.7 - https:\/\/yoast.com\/wordpress\/plugins\/seo\/ -->\n<title>Cart\u00e3o Presente Depila\u00e7\u00e3o a laser: Combinados - Cl\u00ednica Michelle Bond<\/title>\n<meta name=\"description\" content=\"Surpreenda um amigo ou familiar com um cart\u00e3o presente de depila\u00e7\u00e3o a laser alexandrite de grau m\u00e9dico. Para uma redu\u00e7\u00e3o de p\u00ealos bem sucedida!\" \/>\n<meta name=\"robots\" content=\"index, follow, max-snippet:-1, max-image-preview:large, max-video-preview:-1\" \/>\n<link rel=\"canonical\" href=\"https:\/\/clientes.space\/michele-bond\/website\/produto\/depilacao-a-laser-combinados\/\" \/>\n<meta property=\"og:locale\" content=\"pt_PT\" \/>\n<meta property=\"og:type\" content=\"article\" \/>\n<meta property=\"og:title\" content=\"Cart\u00e3o Presente Depila\u00e7\u00e3o a laser: Combinados - Cl\u00ednica Michelle Bond\" \/>\n<meta property=\"og:description\" content=\"Surpreenda um amigo ou familiar com um cart\u00e3o presente de depila\u00e7\u00e3o a laser alexandrite de grau m\u00e9dico. Para uma redu\u00e7\u00e3o de p\u00ealos bem sucedida!\" \/>\n<meta property=\"og:url\" content=\"https:\/\/clientes.space\/michele-bond\/website\/produto\/depilacao-a-laser-combinados\/\" \/>\n<meta property=\"og:site_name\" content=\"Michelle Bond Clinic | Lisboa\" \/>\n<meta property=\"article:modified_time\" content=\"2022-07-01T12:31:38+00:00\" \/>\n<meta property=\"og:image\" content=\"https:\/\/clientes.space\/michele-bond\/website\/wp-content\/uploads\/2020\/02\/Depilacao-a-laser.jpg\" \/>\n\t<meta property=\"og:image:width\" content=\"960\" \/>\n\t<meta property=\"og:image:height\" content=\"540\" \/>\n\t<meta property=\"og:image:type\" content=\"image\/jpeg\" \/>\n<meta name=\"twitter:card\" content=\"summary_large_image\" \/>\n<meta name=\"twitter:label1\" content=\"Tempo estimado de leitura\" \/>\n\t<meta name=\"twitter:data1\" content=\"2 minutos\" \/>\n<script type=\"application\/ld+json\" class=\"yoast-schema-graph\">{\"@context\":\"https:\/\/schema.org\",\"@graph\":[{\"@type\":\"WebPage\",\"@id\":\"https:\/\/clientes.space\/michele-bond\/website\/produto\/depilacao-a-laser-combinados\/\",\"url\":\"https:\/\/clientes.space\/michele-bond\/website\/produto\/depilacao-a-laser-combinados\/\",\"name\":\"Cart\u00e3o Presente Depila\u00e7\u00e3o a laser: Combinados - Cl\u00ednica Michelle Bond\",\"isPartOf\":{\"@id\":\"https:\/\/clientes.space\/michele-bond\/website\/#website\"},\"datePublished\":\"2020-04-21T18:01:19+00:00\",\"dateModified\":\"2022-07-01T12:31:38+00:00\",\"description\":\"Surpreenda um amigo ou familiar com um cart\u00e3o presente de depila\u00e7\u00e3o a laser alexandrite de grau m\u00e9dico. Para uma redu\u00e7\u00e3o de p\u00ealos bem sucedida!\",\"breadcrumb\":{\"@id\":\"https:\/\/clientes.space\/michele-bond\/website\/produto\/depilacao-a-laser-combinados\/#breadcrumb\"},\"inLanguage\":\"pt-PT\",\"potentialAction\":[{\"@type\":\"ReadAction\",\"target\":[\"https:\/\/clientes.space\/michele-bond\/website\/produto\/depilacao-a-laser-combinados\/\"]}]},{\"@type\":\"BreadcrumbList\",\"@id\":\"https:\/\/clientes.space\/michele-bond\/website\/produto\/depilacao-a-laser-combinados\/#breadcrumb\",\"itemListElement\":[{\"@type\":\"ListItem\",\"position\":1,\"name\":\"In\u00edcio\",\"item\":\"https:\/\/clientes.space\/michele-bond\/website\/\"},{\"@type\":\"ListItem\",\"position\":2,\"name\":\"Loja\",\"item\":\"https:\/\/clientes.space\/michele-bond\/website\/loja-todos\/\"},{\"@type\":\"ListItem\",\"position\":3,\"name\":\"Depila\u00e7\u00e3o a laser: Combinados\"}]},{\"@type\":\"WebSite\",\"@id\":\"https:\/\/clientes.space\/michele-bond\/website\/#website\",\"url\":\"https:\/\/clientes.space\/michele-bond\/website\/\",\"name\":\"Michelle Bond - Holistic Health &amp; Beauty\",\"description\":\"Medicina Est\u00e9tica, Naturopatia, Nutri\u00e7\u00e3o e Fisioterapia\",\"potentialAction\":[{\"@type\":\"SearchAction\",\"target\":{\"@type\":\"EntryPoint\",\"urlTemplate\":\"https:\/\/clientes.space\/michele-bond\/website\/?s={search_term_string}\"},\"query-input\":\"required name=search_term_string\"}],\"inLanguage\":\"pt-PT\"}]}<\/script>\n<!-- \/ Yoast SEO plugin. -->","yoast_head_json":{"title":"Cart\u00e3o Presente Depila\u00e7\u00e3o a laser: Combinados - Cl\u00ednica Michelle Bond","description":"Surpreenda um amigo ou familiar com um cart\u00e3o presente de depila\u00e7\u00e3o a laser alexandrite de grau m\u00e9dico. Para uma redu\u00e7\u00e3o de p\u00ealos bem sucedida!","robots":{"index":"index","follow":"follow","max-snippet":"max-snippet:-1","max-image-preview":"max-image-preview:large","max-video-preview":"max-video-preview:-1"},"canonical":"https:\/\/clientes.space\/michele-bond\/website\/produto\/depilacao-a-laser-combinados\/","og_locale":"pt_PT","og_type":"article","og_title":"Cart\u00e3o Presente Depila\u00e7\u00e3o a laser: Combinados - Cl\u00ednica Michelle Bond","og_description":"Surpreenda um amigo ou familiar com um cart\u00e3o presente de depila\u00e7\u00e3o a laser alexandrite de grau m\u00e9dico. Para uma redu\u00e7\u00e3o de p\u00ealos bem sucedida!","og_url":"https:\/\/clientes.space\/michele-bond\/website\/produto\/depilacao-a-laser-combinados\/","og_site_name":"Michelle Bond Clinic | Lisboa","article_modified_time":"2022-07-01T12:31:38+00:00","og_image":[{"width":960,"height":540,"url":"https:\/\/clientes.space\/michele-bond\/website\/wp-content\/uploads\/2020\/02\/Depilacao-a-laser.jpg","type":"image\/jpeg"}],"twitter_card":"summary_large_image","twitter_misc":{"Tempo estimado de leitura":"2 minutos"},"schema":{"@context":"https:\/\/schema.org","@graph":[{"@type":"WebPage","@id":"https:\/\/clientes.space\/michele-bond\/website\/produto\/depilacao-a-laser-combinados\/","url":"https:\/\/clientes.space\/michele-bond\/website\/produto\/depilacao-a-laser-combinados\/","name":"Cart\u00e3o Presente Depila\u00e7\u00e3o a laser: Combinados - Cl\u00ednica Michelle Bond","isPartOf":{"@id":"https:\/\/clientes.space\/michele-bond\/website\/#website"},"datePublished":"2020-04-21T18:01:19+00:00","dateModified":"2022-07-01T12:31:38+00:00","description":"Surpreenda um amigo ou familiar com um cart\u00e3o presente de depila\u00e7\u00e3o a laser alexandrite de grau m\u00e9dico. Para uma redu\u00e7\u00e3o de p\u00ealos bem sucedida!","breadcrumb":{"@id":"https:\/\/clientes.space\/michele-bond\/website\/produto\/depilacao-a-laser-combinados\/#breadcrumb"},"inLanguage":"pt-PT","potentialAction":[{"@type":"ReadAction","target":["https:\/\/clientes.space\/michele-bond\/website\/produto\/depilacao-a-laser-combinados\/"]}]},{"@type":"BreadcrumbList","@id":"https:\/\/clientes.space\/michele-bond\/website\/produto\/depilacao-a-laser-combinados\/#breadcrumb","itemListElement":[{"@type":"ListItem","position":1,"name":"In\u00edcio","item":"https:\/\/clientes.space\/michele-bond\/website\/"},{"@type":"ListItem","position":2,"name":"Loja","item":"https:\/\/clientes.space\/michele-bond\/website\/loja-todos\/"},{"@type":"ListItem","position":3,"name":"Depila\u00e7\u00e3o a laser: Combinados"}]},{"@type":"WebSite","@id":"https:\/\/clientes.space\/michele-bond\/website\/#website","url":"https:\/\/clientes.space\/michele-bond\/website\/","name":"Michelle Bond - Holistic Health &amp; Beauty","description":"Medicina Est\u00e9tica, Naturopatia, Nutri\u00e7\u00e3o e Fisioterapia","potentialAction":[{"@type":"SearchAction","target":{"@type":"EntryPoint","urlTemplate":"https:\/\/clientes.space\/michele-bond\/website\/?s={search_term_string}"},"query-input":"required name=search_term_string"}],"inLanguage":"pt-PT"}]}},"_links":{"self":[{"href":"https:\/\/clientes.space\/michele-bond\/website\/wp-json\/wp\/v2\/product\/5241"}],"collection":[{"href":"https:\/\/clientes.space\/michele-bond\/website\/wp-json\/wp\/v2\/product"}],"about":[{"href":"https:\/\/clientes.space\/michele-bond\/website\/wp-json\/wp\/v2\/types\/product"}],"replies":[{"embeddable":true,"href":"https:\/\/clientes.space\/michele-bond\/website\/wp-json\/wp\/v2\/comments?post=5241"}],"wp:featuredmedia":[{"embeddable":true,"href":"https:\/\/clientes.space\/michele-bond\/website\/wp-json\/wp\/v2\/media\/4009"}],"wp:attachment":[{"href":"https:\/\/clientes.space\/michele-bond\/website\/wp-json\/wp\/v2\/media?parent=5241"}],"wp:term":[{"taxonomy":"product_cat","embeddable":true,"href":"https:\/\/clientes.space\/michele-bond\/website\/wp-json\/wp\/v2\/product_cat?post=5241"},{"taxonomy":"product_tag","embeddable":true,"href":"https:\/\/clientes.space\/michele-bond\/website\/wp-json\/wp\/v2\/product_tag?post=5241"}],"curies":[{"name":"wp","href":"https:\/\/api.w.org\/{rel}","templated":true}]}}