{"id":5933,"date":"2020-05-27T19:44:12","date_gmt":"2020-05-27T19:44:12","guid":{"rendered":"https:\/\/clientes.space\/michele-bond\/website\/?post_type=product&#038;p=5933"},"modified":"2024-01-10T10:26:12","modified_gmt":"2024-01-10T10:26:12","slug":"creme-de-dia-mela-white-dr-med-christine-schrammek","status":"publish","type":"product","link":"https:\/\/clientes.space\/michele-bond\/website\/produto\/creme-de-dia-mela-white-dr-med-christine-schrammek\/","title":{"rendered":"Creme de Dia Mela White Dr. Med. Christine Schrammek 50ml"},"content":{"rendered":"<p>Harmoniza e clareia a apar\u00eancia da pele Reduz a forma\u00e7\u00e3o de manchas de pigmenta\u00e7\u00e3o Protege a pele das influ\u00eancias ambientais prejudiciais e dos radicais livres Acalma a pele ap\u00f3s exposi\u00e7\u00e3o intensa ao sol. O composto de clareamento combina uma variedade de ingredientes valiosos na forma de altas doses e \u00e9 isento de hidrochinon e \u00e1cido kojic O produto absorve facilmente gra\u00e7as \u00e0 textura fresca e suave Sistema de prote\u00e7\u00e3o solar equilibrado e confi\u00e1vel Sem \u00f3leo mineral, parabenos e corantes<\/p>\n<p><strong>Volume<\/strong><\/p>\n<p>50 ml<\/p>\n<p><strong>Ingredientes<\/strong><\/p>\n<p>Hexilresorcinol Complexo de antioxida\u00e7\u00e3o Extrato de raiz de alca\u00e7uz Filtro de prote\u00e7\u00e3o solar UVA \/ UVB Vitamina E Pantenol<\/p>\n<p><strong>Modo de usar<\/strong><\/p>\n<p>Aplique nas manh\u00e3s do rosto, pesco\u00e7o e decote ap\u00f3s a limpeza. Recomendamos o uso do creme por pelo menos 3 meses. O efeito de brilho aumenta quando usado em combina\u00e7\u00e3o com outros produtos MELA WHITE<\/p>\n<p><strong>Advert\u00eancias<\/strong><\/p>\n<p>Evite luz solar direta. Evitar em caso de hipersensibilidade conhecida a algum dos ingredientes. No caso improv\u00e1vel de irrita\u00e7\u00e3o da pele interrompa o uso.<\/p>\n","protected":false},"excerpt":{"rendered":"<p>Evita danos causados pela influ\u00eancia ambiental da radia\u00e7\u00e3o UV<\/p>\n","protected":false},"featured_media":6109,"comment_status":"open","ping_status":"closed","template":"","meta":{"content-type":""},"product_cat":[950,679,686,690,689,712],"product_tag":[],"yoast_head":"<!-- This site is optimized with the Yoast SEO plugin v21.7 - https:\/\/yoast.com\/wordpress\/plugins\/seo\/ -->\n<title>Creme de Dia Mela White Dr. Med. Christine Schrammek 50ml Dr Med. Christine Schrammek - Loja Online Michelle Bond | Lisboa<\/title>\n<meta name=\"description\" content=\"Creme de Dia Mela White Dr. Med. Christine Schrammek , harmoniza e clareia a apar\u00eancia da pele. Reduz a forma\u00e7\u00e3o de manchas de pigmenta\u00e7\u00e3o. Protege a pele das influ\u00eancias ambientais prejudiciais e dos radicais livres.\" \/>\n<meta name=\"robots\" content=\"index, follow, max-snippet:-1, max-image-preview:large, max-video-preview:-1\" \/>\n<link rel=\"canonical\" href=\"https:\/\/clientes.space\/michele-bond\/website\/produto\/creme-de-dia-mela-white-dr-med-christine-schrammek\/\" \/>\n<meta property=\"og:locale\" content=\"pt_PT\" \/>\n<meta property=\"og:type\" content=\"article\" \/>\n<meta property=\"og:title\" content=\"Creme de Dia Mela White Dr. Med. Christine Schrammek 50ml Dr Med. Christine Schrammek - Loja Online Michelle Bond | Lisboa\" \/>\n<meta property=\"og:description\" content=\"Creme de Dia Mela White Dr. Med. Christine Schrammek , harmoniza e clareia a apar\u00eancia da pele. Reduz a forma\u00e7\u00e3o de manchas de pigmenta\u00e7\u00e3o. Protege a pele das influ\u00eancias ambientais prejudiciais e dos radicais livres.\" \/>\n<meta property=\"og:url\" content=\"https:\/\/clientes.space\/michele-bond\/website\/produto\/creme-de-dia-mela-white-dr-med-christine-schrammek\/\" \/>\n<meta property=\"og:site_name\" content=\"Michelle Bond Clinic | Lisboa\" \/>\n<meta property=\"article:modified_time\" content=\"2024-01-10T10:26:12+00:00\" \/>\n<meta property=\"og:image\" content=\"https:\/\/clientes.space\/michele-bond\/website\/wp-content\/uploads\/2020\/05\/schrammek-mela-white-day-cream-creme-de-dia-50ml.jpg\" \/>\n\t<meta property=\"og:image:width\" content=\"600\" \/>\n\t<meta property=\"og:image:height\" content=\"600\" \/>\n\t<meta property=\"og:image:type\" content=\"image\/jpeg\" \/>\n<meta name=\"twitter:card\" content=\"summary_large_image\" \/>\n<meta name=\"twitter:label1\" content=\"Tempo estimado de leitura\" \/>\n\t<meta name=\"twitter:data1\" content=\"1 minuto\" \/>\n<script type=\"application\/ld+json\" class=\"yoast-schema-graph\">{\"@context\":\"https:\/\/schema.org\",\"@graph\":[{\"@type\":\"WebPage\",\"@id\":\"https:\/\/clientes.space\/michele-bond\/website\/produto\/creme-de-dia-mela-white-dr-med-christine-schrammek\/\",\"url\":\"https:\/\/clientes.space\/michele-bond\/website\/produto\/creme-de-dia-mela-white-dr-med-christine-schrammek\/\",\"name\":\"Creme de Dia Mela White Dr. Med. Christine Schrammek 50ml Dr Med. Christine Schrammek - Loja Online Michelle Bond | Lisboa\",\"isPartOf\":{\"@id\":\"https:\/\/clientes.space\/michele-bond\/website\/#website\"},\"datePublished\":\"2020-05-27T19:44:12+00:00\",\"dateModified\":\"2024-01-10T10:26:12+00:00\",\"description\":\"Creme de Dia Mela White Dr. Med. Christine Schrammek , harmoniza e clareia a apar\u00eancia da pele. Reduz a forma\u00e7\u00e3o de manchas de pigmenta\u00e7\u00e3o. Protege a pele das influ\u00eancias ambientais prejudiciais e dos radicais livres.\",\"breadcrumb\":{\"@id\":\"https:\/\/clientes.space\/michele-bond\/website\/produto\/creme-de-dia-mela-white-dr-med-christine-schrammek\/#breadcrumb\"},\"inLanguage\":\"pt-PT\",\"potentialAction\":[{\"@type\":\"ReadAction\",\"target\":[\"https:\/\/clientes.space\/michele-bond\/website\/produto\/creme-de-dia-mela-white-dr-med-christine-schrammek\/\"]}]},{\"@type\":\"BreadcrumbList\",\"@id\":\"https:\/\/clientes.space\/michele-bond\/website\/produto\/creme-de-dia-mela-white-dr-med-christine-schrammek\/#breadcrumb\",\"itemListElement\":[{\"@type\":\"ListItem\",\"position\":1,\"name\":\"In\u00edcio\",\"item\":\"https:\/\/clientes.space\/michele-bond\/website\/\"},{\"@type\":\"ListItem\",\"position\":2,\"name\":\"Loja\",\"item\":\"https:\/\/clientes.space\/michele-bond\/website\/loja-todos\/\"},{\"@type\":\"ListItem\",\"position\":3,\"name\":\"Creme de Dia Mela White Dr. Med. Christine Schrammek 50ml\"}]},{\"@type\":\"WebSite\",\"@id\":\"https:\/\/clientes.space\/michele-bond\/website\/#website\",\"url\":\"https:\/\/clientes.space\/michele-bond\/website\/\",\"name\":\"Michelle Bond - Holistic Health &amp; Beauty\",\"description\":\"Medicina Est\u00e9tica, Naturopatia, Nutri\u00e7\u00e3o e Fisioterapia\",\"potentialAction\":[{\"@type\":\"SearchAction\",\"target\":{\"@type\":\"EntryPoint\",\"urlTemplate\":\"https:\/\/clientes.space\/michele-bond\/website\/?s={search_term_string}\"},\"query-input\":\"required name=search_term_string\"}],\"inLanguage\":\"pt-PT\"}]}<\/script>\n<!-- \/ Yoast SEO plugin. -->","yoast_head_json":{"title":"Creme de Dia Mela White Dr. Med. Christine Schrammek 50ml Dr Med. Christine Schrammek - Loja Online Michelle Bond | Lisboa","description":"Creme de Dia Mela White Dr. Med. Christine Schrammek , harmoniza e clareia a apar\u00eancia da pele. Reduz a forma\u00e7\u00e3o de manchas de pigmenta\u00e7\u00e3o. Protege a pele das influ\u00eancias ambientais prejudiciais e dos radicais livres.","robots":{"index":"index","follow":"follow","max-snippet":"max-snippet:-1","max-image-preview":"max-image-preview:large","max-video-preview":"max-video-preview:-1"},"canonical":"https:\/\/clientes.space\/michele-bond\/website\/produto\/creme-de-dia-mela-white-dr-med-christine-schrammek\/","og_locale":"pt_PT","og_type":"article","og_title":"Creme de Dia Mela White Dr. Med. Christine Schrammek 50ml Dr Med. Christine Schrammek - Loja Online Michelle Bond | Lisboa","og_description":"Creme de Dia Mela White Dr. Med. Christine Schrammek , harmoniza e clareia a apar\u00eancia da pele. Reduz a forma\u00e7\u00e3o de manchas de pigmenta\u00e7\u00e3o. Protege a pele das influ\u00eancias ambientais prejudiciais e dos radicais livres.","og_url":"https:\/\/clientes.space\/michele-bond\/website\/produto\/creme-de-dia-mela-white-dr-med-christine-schrammek\/","og_site_name":"Michelle Bond Clinic | Lisboa","article_modified_time":"2024-01-10T10:26:12+00:00","og_image":[{"width":600,"height":600,"url":"https:\/\/clientes.space\/michele-bond\/website\/wp-content\/uploads\/2020\/05\/schrammek-mela-white-day-cream-creme-de-dia-50ml.jpg","type":"image\/jpeg"}],"twitter_card":"summary_large_image","twitter_misc":{"Tempo estimado de leitura":"1 minuto"},"schema":{"@context":"https:\/\/schema.org","@graph":[{"@type":"WebPage","@id":"https:\/\/clientes.space\/michele-bond\/website\/produto\/creme-de-dia-mela-white-dr-med-christine-schrammek\/","url":"https:\/\/clientes.space\/michele-bond\/website\/produto\/creme-de-dia-mela-white-dr-med-christine-schrammek\/","name":"Creme de Dia Mela White Dr. Med. Christine Schrammek 50ml Dr Med. Christine Schrammek - Loja Online Michelle Bond | Lisboa","isPartOf":{"@id":"https:\/\/clientes.space\/michele-bond\/website\/#website"},"datePublished":"2020-05-27T19:44:12+00:00","dateModified":"2024-01-10T10:26:12+00:00","description":"Creme de Dia Mela White Dr. Med. Christine Schrammek , harmoniza e clareia a apar\u00eancia da pele. Reduz a forma\u00e7\u00e3o de manchas de pigmenta\u00e7\u00e3o. Protege a pele das influ\u00eancias ambientais prejudiciais e dos radicais livres.","breadcrumb":{"@id":"https:\/\/clientes.space\/michele-bond\/website\/produto\/creme-de-dia-mela-white-dr-med-christine-schrammek\/#breadcrumb"},"inLanguage":"pt-PT","potentialAction":[{"@type":"ReadAction","target":["https:\/\/clientes.space\/michele-bond\/website\/produto\/creme-de-dia-mela-white-dr-med-christine-schrammek\/"]}]},{"@type":"BreadcrumbList","@id":"https:\/\/clientes.space\/michele-bond\/website\/produto\/creme-de-dia-mela-white-dr-med-christine-schrammek\/#breadcrumb","itemListElement":[{"@type":"ListItem","position":1,"name":"In\u00edcio","item":"https:\/\/clientes.space\/michele-bond\/website\/"},{"@type":"ListItem","position":2,"name":"Loja","item":"https:\/\/clientes.space\/michele-bond\/website\/loja-todos\/"},{"@type":"ListItem","position":3,"name":"Creme de Dia Mela White Dr. Med. Christine Schrammek 50ml"}]},{"@type":"WebSite","@id":"https:\/\/clientes.space\/michele-bond\/website\/#website","url":"https:\/\/clientes.space\/michele-bond\/website\/","name":"Michelle Bond - Holistic Health &amp; Beauty","description":"Medicina Est\u00e9tica, Naturopatia, Nutri\u00e7\u00e3o e Fisioterapia","potentialAction":[{"@type":"SearchAction","target":{"@type":"EntryPoint","urlTemplate":"https:\/\/clientes.space\/michele-bond\/website\/?s={search_term_string}"},"query-input":"required name=search_term_string"}],"inLanguage":"pt-PT"}]}},"_links":{"self":[{"href":"https:\/\/clientes.space\/michele-bond\/website\/wp-json\/wp\/v2\/product\/5933"}],"collection":[{"href":"https:\/\/clientes.space\/michele-bond\/website\/wp-json\/wp\/v2\/product"}],"about":[{"href":"https:\/\/clientes.space\/michele-bond\/website\/wp-json\/wp\/v2\/types\/product"}],"replies":[{"embeddable":true,"href":"https:\/\/clientes.space\/michele-bond\/website\/wp-json\/wp\/v2\/comments?post=5933"}],"wp:featuredmedia":[{"embeddable":true,"href":"https:\/\/clientes.space\/michele-bond\/website\/wp-json\/wp\/v2\/media\/6109"}],"wp:attachment":[{"href":"https:\/\/clientes.space\/michele-bond\/website\/wp-json\/wp\/v2\/media?parent=5933"}],"wp:term":[{"taxonomy":"product_cat","embeddable":true,"href":"https:\/\/clientes.space\/michele-bond\/website\/wp-json\/wp\/v2\/product_cat?post=5933"},{"taxonomy":"product_tag","embeddable":true,"href":"https:\/\/clientes.space\/michele-bond\/website\/wp-json\/wp\/v2\/product_tag?post=5933"}],"curies":[{"name":"wp","href":"https:\/\/api.w.org\/{rel}","templated":true}]}}