{"id":6973,"date":"2020-11-03T14:27:54","date_gmt":"2020-11-03T14:27:54","guid":{"rendered":"https:\/\/clientes.space\/michele-bond\/website\/?post_type=product&#038;p=6973"},"modified":"2023-05-24T13:16:03","modified_gmt":"2023-05-24T13:16:03","slug":"espuma-de-purificacao-soothing-madara-yarrow","status":"publish","type":"product","link":"https:\/\/clientes.space\/michele-bond\/website\/produto\/espuma-de-purificacao-soothing-madara-yarrow\/","title":{"rendered":"Espuma de Purifica\u00e7\u00e3o Soothing Yarrow 150ml"},"content":{"rendered":"<p><span data-sheets-value=\"{&quot;1&quot;:2,&quot;2&quot;:&quot;Espuma rica e macia com extrato de Northern Yarrow purifica profunda e suavemente a pele. Remove a maquiagem. Regula as zonas oleosas enquanto acalma as \u00e1reas secas. A pele fica revigorada e macia. Adequado para uso ao redor dos olhos.&quot;}\" data-sheets-userformat=\"{&quot;2&quot;:769,&quot;3&quot;:{&quot;1&quot;:0},&quot;11&quot;:4,&quot;12&quot;:0}\">Espuma rica e macia com extrato de Northern Yarrow purifica profunda e suavemente a pele. Remove a maquiagem. Regula as zonas oleosas enquanto acalma as \u00e1reas secas. A pele fica revigorada e macia. Adequado para uso ao redor dos olhos.<\/span><\/p>\n<p><strong>Quantidade:<\/strong><\/p>\n<p><span data-sheets-value=\"{&quot;1&quot;:2,&quot;2&quot;:&quot;150ml&quot;}\" data-sheets-userformat=\"{&quot;2&quot;:961,&quot;3&quot;:{&quot;1&quot;:0},&quot;9&quot;:2,&quot;10&quot;:0,&quot;11&quot;:4,&quot;12&quot;:0}\">150ml<\/span><\/p>\n<p><strong>Ingredientes:<\/strong><\/p>\n<p><span data-sheets-value=\"{&quot;1&quot;:2,&quot;2&quot;:&quot;AquaSodium CocamphoacetateRosa Damascena (Rosa) Flower Water\u00c1lcoolGlicerinaLactic AcidCoacato de SacaroseBenzyl AlcoholAchillea Millefolium (Yarrow) ExtractCalendula Officinalis (Calendula) Flower ExtractChamomilla Recutita (Camomila) Flower ExtractSodium Benzo&quot;}\" data-sheets-userformat=\"{&quot;2&quot;:769,&quot;3&quot;:{&quot;1&quot;:0},&quot;11&quot;:4,&quot;12&quot;:0}\">AquaSodium CocamphoacetateRosa Damascena (Rosa) Flower Water\u00c1lcoolGlicerinaLactic AcidCoacato de SacaroseBenzyl AlcoholAchillea Millefolium (Yarrow) ExtractCalendula Officinalis (Calendula) Flower ExtractChamomilla Recutita (Camomila) Flower ExtractSodium Benzo<\/span><\/p>\n<p><strong>Modo de usar:<\/strong><\/p>\n<p><span data-sheets-value=\"{&quot;1&quot;:2,&quot;2&quot;:&quot;Massageie suavemente na pele \u00famida. Enxaguar com \u00e1gua morna. Siga com um t\u00f4nico, soro ou \u00f3leo facial e seu hidratante facial preferido. Use de manh\u00e3 e \u00e0 noite.&quot;}\" data-sheets-userformat=\"{&quot;2&quot;:769,&quot;3&quot;:{&quot;1&quot;:0},&quot;11&quot;:4,&quot;12&quot;:0}\">Massageie suavemente na pele h\u00famida. Enxaguar com \u00e1gua morna. Siga com um t\u00f4nico, soro ou \u00f3leo facial e seu hidratante facial preferido. Use de manh\u00e3 e \u00e0 noite.<\/span><\/p>\n<p><strong>Advert\u00eancias:<\/strong><\/p>\n<p><span data-sheets-value=\"{&quot;1&quot;:2,&quot;2&quot;:&quot;Unicamente para uso externo. Descontinuar em caso de irrita\u00e7\u00e3o. Manter fora do alcance das crian\u00e7as. Conservar em local fresco e seco.&quot;}\" data-sheets-userformat=\"{&quot;2&quot;:897,&quot;3&quot;:{&quot;1&quot;:0},&quot;10&quot;:0,&quot;11&quot;:4,&quot;12&quot;:0}\">Unicamente para uso externo. Descontinuar em caso de irrita\u00e7\u00e3o. Manter fora do alcance das crian\u00e7as. Conservar em local fresco e seco.<\/span><\/p>\n<p>&nbsp;<\/p>\n<p>&nbsp;<\/p>\n","protected":false},"excerpt":{"rendered":"<p><span data-sheets-value=\"{&quot;1&quot;:2,&quot;2&quot;:&quot;Purifica, Regula a oleosidade e remove a maquilhagem.&quot;}\" data-sheets-userformat=\"{&quot;2&quot;:897,&quot;3&quot;:{&quot;1&quot;:0},&quot;10&quot;:0,&quot;11&quot;:4,&quot;12&quot;:0}\">Purifica, regula a oleosidade e remove a maquilhagem.<\/span><\/p>\n<p>&nbsp;<\/p>\n","protected":false},"featured_media":7014,"comment_status":"open","ping_status":"closed","template":"","meta":{"content-type":""},"product_cat":[947,679,686,680,689,706,708,707,710,709,724],"product_tag":[],"yoast_head":"<!-- This site is optimized with the Yoast SEO plugin v21.7 - https:\/\/yoast.com\/wordpress\/plugins\/seo\/ -->\n<title>Espuma de Purifica\u00e7\u00e3o Soothing Yarrow 150ml M\u00e1dara - Loja Online Michelle Bond | Lisboa<\/title>\n<meta name=\"description\" content=\"Espuma de Purifica\u00e7\u00e3o Soothing Yarrow M\u00e1dara purifica, regula a oleosidade e remove a maquilhagem.\" \/>\n<meta name=\"robots\" content=\"index, follow, max-snippet:-1, max-image-preview:large, max-video-preview:-1\" \/>\n<link rel=\"canonical\" href=\"https:\/\/clientes.space\/michele-bond\/website\/produto\/espuma-de-purificacao-soothing-madara-yarrow\/\" \/>\n<meta property=\"og:locale\" content=\"pt_PT\" \/>\n<meta property=\"og:type\" content=\"article\" \/>\n<meta property=\"og:title\" content=\"Espuma de Purifica\u00e7\u00e3o Soothing Yarrow 150ml M\u00e1dara - Loja Online Michelle Bond | Lisboa\" \/>\n<meta property=\"og:description\" content=\"Espuma de Purifica\u00e7\u00e3o Soothing Yarrow M\u00e1dara purifica, regula a oleosidade e remove a maquilhagem.\" \/>\n<meta property=\"og:url\" content=\"https:\/\/clientes.space\/michele-bond\/website\/produto\/espuma-de-purificacao-soothing-madara-yarrow\/\" \/>\n<meta property=\"og:site_name\" content=\"Michelle Bond Clinic | Lisboa\" \/>\n<meta property=\"article:modified_time\" content=\"2023-05-24T13:16:03+00:00\" \/>\n<meta property=\"og:image\" content=\"https:\/\/clientes.space\/michele-bond\/website\/wp-content\/uploads\/2020\/11\/espuma-purificante.jpg\" \/>\n\t<meta property=\"og:image:width\" content=\"268\" \/>\n\t<meta property=\"og:image:height\" content=\"300\" \/>\n\t<meta property=\"og:image:type\" content=\"image\/jpeg\" \/>\n<meta name=\"twitter:card\" content=\"summary_large_image\" \/>\n<meta name=\"twitter:label1\" content=\"Tempo estimado de leitura\" \/>\n\t<meta name=\"twitter:data1\" content=\"1 minuto\" \/>\n<script type=\"application\/ld+json\" class=\"yoast-schema-graph\">{\"@context\":\"https:\/\/schema.org\",\"@graph\":[{\"@type\":\"WebPage\",\"@id\":\"https:\/\/clientes.space\/michele-bond\/website\/produto\/espuma-de-purificacao-soothing-madara-yarrow\/\",\"url\":\"https:\/\/clientes.space\/michele-bond\/website\/produto\/espuma-de-purificacao-soothing-madara-yarrow\/\",\"name\":\"Espuma de Purifica\u00e7\u00e3o Soothing Yarrow 150ml M\u00e1dara - Loja Online Michelle Bond | Lisboa\",\"isPartOf\":{\"@id\":\"https:\/\/clientes.space\/michele-bond\/website\/#website\"},\"datePublished\":\"2020-11-03T14:27:54+00:00\",\"dateModified\":\"2023-05-24T13:16:03+00:00\",\"description\":\"Espuma de Purifica\u00e7\u00e3o Soothing Yarrow M\u00e1dara purifica, regula a oleosidade e remove a maquilhagem.\",\"breadcrumb\":{\"@id\":\"https:\/\/clientes.space\/michele-bond\/website\/produto\/espuma-de-purificacao-soothing-madara-yarrow\/#breadcrumb\"},\"inLanguage\":\"pt-PT\",\"potentialAction\":[{\"@type\":\"ReadAction\",\"target\":[\"https:\/\/clientes.space\/michele-bond\/website\/produto\/espuma-de-purificacao-soothing-madara-yarrow\/\"]}]},{\"@type\":\"BreadcrumbList\",\"@id\":\"https:\/\/clientes.space\/michele-bond\/website\/produto\/espuma-de-purificacao-soothing-madara-yarrow\/#breadcrumb\",\"itemListElement\":[{\"@type\":\"ListItem\",\"position\":1,\"name\":\"In\u00edcio\",\"item\":\"https:\/\/clientes.space\/michele-bond\/website\/\"},{\"@type\":\"ListItem\",\"position\":2,\"name\":\"Loja\",\"item\":\"https:\/\/clientes.space\/michele-bond\/website\/loja-todos\/\"},{\"@type\":\"ListItem\",\"position\":3,\"name\":\"Espuma de Purifica\u00e7\u00e3o Soothing Yarrow 150ml\"}]},{\"@type\":\"WebSite\",\"@id\":\"https:\/\/clientes.space\/michele-bond\/website\/#website\",\"url\":\"https:\/\/clientes.space\/michele-bond\/website\/\",\"name\":\"Michelle Bond - Holistic Health &amp; Beauty\",\"description\":\"Medicina Est\u00e9tica, Naturopatia, Nutri\u00e7\u00e3o e Fisioterapia\",\"potentialAction\":[{\"@type\":\"SearchAction\",\"target\":{\"@type\":\"EntryPoint\",\"urlTemplate\":\"https:\/\/clientes.space\/michele-bond\/website\/?s={search_term_string}\"},\"query-input\":\"required name=search_term_string\"}],\"inLanguage\":\"pt-PT\"}]}<\/script>\n<!-- \/ Yoast SEO plugin. -->","yoast_head_json":{"title":"Espuma de Purifica\u00e7\u00e3o Soothing Yarrow 150ml M\u00e1dara - Loja Online Michelle Bond | Lisboa","description":"Espuma de Purifica\u00e7\u00e3o Soothing Yarrow M\u00e1dara purifica, regula a oleosidade e remove a maquilhagem.","robots":{"index":"index","follow":"follow","max-snippet":"max-snippet:-1","max-image-preview":"max-image-preview:large","max-video-preview":"max-video-preview:-1"},"canonical":"https:\/\/clientes.space\/michele-bond\/website\/produto\/espuma-de-purificacao-soothing-madara-yarrow\/","og_locale":"pt_PT","og_type":"article","og_title":"Espuma de Purifica\u00e7\u00e3o Soothing Yarrow 150ml M\u00e1dara - Loja Online Michelle Bond | Lisboa","og_description":"Espuma de Purifica\u00e7\u00e3o Soothing Yarrow M\u00e1dara purifica, regula a oleosidade e remove a maquilhagem.","og_url":"https:\/\/clientes.space\/michele-bond\/website\/produto\/espuma-de-purificacao-soothing-madara-yarrow\/","og_site_name":"Michelle Bond Clinic | Lisboa","article_modified_time":"2023-05-24T13:16:03+00:00","og_image":[{"width":268,"height":300,"url":"https:\/\/clientes.space\/michele-bond\/website\/wp-content\/uploads\/2020\/11\/espuma-purificante.jpg","type":"image\/jpeg"}],"twitter_card":"summary_large_image","twitter_misc":{"Tempo estimado de leitura":"1 minuto"},"schema":{"@context":"https:\/\/schema.org","@graph":[{"@type":"WebPage","@id":"https:\/\/clientes.space\/michele-bond\/website\/produto\/espuma-de-purificacao-soothing-madara-yarrow\/","url":"https:\/\/clientes.space\/michele-bond\/website\/produto\/espuma-de-purificacao-soothing-madara-yarrow\/","name":"Espuma de Purifica\u00e7\u00e3o Soothing Yarrow 150ml M\u00e1dara - Loja Online Michelle Bond | Lisboa","isPartOf":{"@id":"https:\/\/clientes.space\/michele-bond\/website\/#website"},"datePublished":"2020-11-03T14:27:54+00:00","dateModified":"2023-05-24T13:16:03+00:00","description":"Espuma de Purifica\u00e7\u00e3o Soothing Yarrow M\u00e1dara purifica, regula a oleosidade e remove a maquilhagem.","breadcrumb":{"@id":"https:\/\/clientes.space\/michele-bond\/website\/produto\/espuma-de-purificacao-soothing-madara-yarrow\/#breadcrumb"},"inLanguage":"pt-PT","potentialAction":[{"@type":"ReadAction","target":["https:\/\/clientes.space\/michele-bond\/website\/produto\/espuma-de-purificacao-soothing-madara-yarrow\/"]}]},{"@type":"BreadcrumbList","@id":"https:\/\/clientes.space\/michele-bond\/website\/produto\/espuma-de-purificacao-soothing-madara-yarrow\/#breadcrumb","itemListElement":[{"@type":"ListItem","position":1,"name":"In\u00edcio","item":"https:\/\/clientes.space\/michele-bond\/website\/"},{"@type":"ListItem","position":2,"name":"Loja","item":"https:\/\/clientes.space\/michele-bond\/website\/loja-todos\/"},{"@type":"ListItem","position":3,"name":"Espuma de Purifica\u00e7\u00e3o Soothing Yarrow 150ml"}]},{"@type":"WebSite","@id":"https:\/\/clientes.space\/michele-bond\/website\/#website","url":"https:\/\/clientes.space\/michele-bond\/website\/","name":"Michelle Bond - Holistic Health &amp; Beauty","description":"Medicina Est\u00e9tica, Naturopatia, Nutri\u00e7\u00e3o e Fisioterapia","potentialAction":[{"@type":"SearchAction","target":{"@type":"EntryPoint","urlTemplate":"https:\/\/clientes.space\/michele-bond\/website\/?s={search_term_string}"},"query-input":"required name=search_term_string"}],"inLanguage":"pt-PT"}]}},"_links":{"self":[{"href":"https:\/\/clientes.space\/michele-bond\/website\/wp-json\/wp\/v2\/product\/6973"}],"collection":[{"href":"https:\/\/clientes.space\/michele-bond\/website\/wp-json\/wp\/v2\/product"}],"about":[{"href":"https:\/\/clientes.space\/michele-bond\/website\/wp-json\/wp\/v2\/types\/product"}],"replies":[{"embeddable":true,"href":"https:\/\/clientes.space\/michele-bond\/website\/wp-json\/wp\/v2\/comments?post=6973"}],"wp:featuredmedia":[{"embeddable":true,"href":"https:\/\/clientes.space\/michele-bond\/website\/wp-json\/wp\/v2\/media\/7014"}],"wp:attachment":[{"href":"https:\/\/clientes.space\/michele-bond\/website\/wp-json\/wp\/v2\/media?parent=6973"}],"wp:term":[{"taxonomy":"product_cat","embeddable":true,"href":"https:\/\/clientes.space\/michele-bond\/website\/wp-json\/wp\/v2\/product_cat?post=6973"},{"taxonomy":"product_tag","embeddable":true,"href":"https:\/\/clientes.space\/michele-bond\/website\/wp-json\/wp\/v2\/product_tag?post=6973"}],"curies":[{"name":"wp","href":"https:\/\/api.w.org\/{rel}","templated":true}]}}