{"id":7019,"date":"2020-11-04T12:12:19","date_gmt":"2020-11-04T12:12:19","guid":{"rendered":"https:\/\/clientes.space\/michele-bond\/website\/?post_type=product&#038;p=7019"},"modified":"2023-01-16T12:41:22","modified_gmt":"2023-01-16T12:41:22","slug":"cosmelan-2-mesoestetic","status":"publish","type":"product","link":"https:\/\/clientes.space\/michele-bond\/website\/produto\/cosmelan-2-mesoestetic\/","title":{"rendered":"Cosmelan 2 &#8211;  30g"},"content":{"rendered":"<p><span data-sheets-value=\"{&quot;1&quot;:2,&quot;2&quot;:&quot;cosmelan\u00ae \u00e9 o m\u00e9todo despigmentante que proporciona uma a\u00e7\u00e3o corretiva intensiva sobre as hiperpigmenta\u00e7\u00f5es cut\u00e2neas, ao mesmo tempo que regula a sobreprodu\u00e7\u00e3o de melanina nos melan\u00f3citos, inibindo e controlando o reaparecimento de novas manchas. Atua em dois n\u00edveis, corretivo e regulador, conseguindo um resultado a curto e longo prazo, para manter as hiperpigmenta\u00e7\u00f5es sob controlo.\\r\\n\\r\\nO m\u00e9todo \u00e9 constitu\u00eddo por um regime em gabinete (aplicado por profissionais) e a rotina domicili\u00e1ria. O creme cosmelan 2 faz parte da rotina domicili\u00e1ria e serve tanto para manter o resultado obtido em gabinete, como para evitar o aparecimento de novas manchas. Complementado com hydra-vital factor K e moisturising sun protection SPF 50+, o cuidado e a preven\u00e7\u00e3o das manchas fica resolvido de forma \u00fanica e integral.&quot;}\" data-sheets-userformat=\"{&quot;2&quot;:897,&quot;3&quot;:{&quot;1&quot;:0},&quot;10&quot;:0,&quot;11&quot;:4,&quot;12&quot;:0}\">Cosmelan\u00ae \u00e9 o m\u00e9todo despigmentante que proporciona uma a\u00e7\u00e3o corretiva intensiva sobre as hiperpigmenta\u00e7\u00f5es cut\u00e2neas, ao mesmo tempo que regula a sobreprodu\u00e7\u00e3o de melanina nos melan\u00f3citos, inibindo e controlando o reaparecimento de novas manchas. Atua em dois n\u00edveis, corretivo e regulador, conseguindo um resultado a curto e longo prazo, para manter as hiperpigmenta\u00e7\u00f5es sob controlo.<\/span><\/p>\n<p>O m\u00e9todo \u00e9 constitu\u00eddo por um regime em gabinete (aplicado por profissionais) e a rotina domicili\u00e1ria. O creme cosmelan 2 faz parte da rotina domicili\u00e1ria e serve tanto para manter o resultado obtido em gabinete, como para evitar o aparecimento de novas manchas. Complementado com hydra-vital factor K e moisturising sun protection SPF 50+, o cuidado e a preven\u00e7\u00e3o das manchas fica resolvido de forma \u00fanica e integral.<\/p>\n<p><strong>Quantidade:<\/strong><\/p>\n<p><span data-sheets-value=\"{&quot;1&quot;:2,&quot;2&quot;:&quot;30g&quot;}\" data-sheets-userformat=\"{&quot;2&quot;:961,&quot;3&quot;:{&quot;1&quot;:0},&quot;9&quot;:2,&quot;10&quot;:0,&quot;11&quot;:4,&quot;12&quot;:0}\">30g<\/span><\/p>\n<p><strong>Ingredientes:<\/strong><\/p>\n<p><span data-sheets-value=\"{&quot;1&quot;:2,&quot;2&quot;:&quot;Aqua, Di\u00f3xido de Tit\u00e2nio, Metoxicinamato de Octilo, \u00c1lcool Cetear\u00edlico, Lauril Sulfato de S\u00f3dio, Cetearil Sulfato de S\u00f3dio, Paraffinum Liquidum, \u00c1cido K\u00f3jico, Butil Metoxidibenzoilmetano, \u00c1cido F\u00edtico, \u00c1cido Asc\u00f3rbico, Lauril Sulfato de S\u00f3dio, Paraffinum Liquidum, \u00c1cido K\u00f3jico, Butil Metoxidibenzoilmetano, \u00c1cido F\u00edtico, \u00c1cido Asc\u00f3rbico, Retinil Palmitato, Metotiazolino, Cetearetiazolino-12, Paracolinato de metila, Paracolinato de s\u00f3dio &quot;}\" data-sheets-userformat=\"{&quot;2&quot;:897,&quot;3&quot;:{&quot;1&quot;:0},&quot;10&quot;:0,&quot;11&quot;:4,&quot;12&quot;:0}\">Aqua, Di\u00f3xido de Tit\u00e2nio, Metoxicinamato de Octilo, \u00c1lcool Cetear\u00edlico, Lauril Sulfato de S\u00f3dio, Cetearil Sulfato de S\u00f3dio, Paraffinum Liquidum, \u00c1cido K\u00f3jico, Butil Metoxidibenzoilmetano, \u00c1cido F\u00edtico, \u00c1cido Asc\u00f3rbico, Lauril Sulfato de S\u00f3dio, Paraffinum Liquidum, \u00c1cido K\u00f3jico, Butil Metoxidibenzoilmetano, \u00c1cido F\u00edtico, \u00c1cido Asc\u00f3rbico, Retinil Palmitato, Metotiazolino, Cetearetiazolino-12, Paracolinato de metila, Paracolinato de s\u00f3dio <\/span><\/p>\n<p><strong>Modo de usar:<\/strong><\/p>\n<p><span data-sheets-value=\"{&quot;1&quot;:2,&quot;2&quot;:&quot;Dado que o cosmelan 2 faz parte de um tratamento integral, \u00e9 conveniente consultar um profissional acerca das indica\u00e7\u00f5es exatas do \u201cprotocolo do m\u00e9todo cosmelan\u201d.\\r\\n\\r\\nO Cosmelan 2 aplica-se sobre a pele limpa e seca atrav\u00e9s de uma suave massagem, seguindo as indica\u00e7\u00f5es do \u201cprotocolo do m\u00e9todo cosmelan\u201d. Este protocolo contempla as fases de:\\r\\n\\r\\nDespigmenta\u00e7\u00e3o continuada: 48 h depois de retirar a m\u00e1scara cosmelan 1, \u00e9 necess\u00e1rio continuar com o regime di\u00e1rio para completar a a\u00e7\u00e3o despigmentante corretiva do m\u00e9todo e regular a sobreprodu\u00e7\u00e3o de melanina dentro do melan\u00f3cito. Aplicar 3 vezes por dia cosmelan 2 (manh\u00e3, meio-dia e noite) seguido de hydra-vital factor k e moisturising sun protection SPF 50+ durante as aplica\u00e7\u00f5es diurnas.\\r\\nRegula\u00e7\u00e3o da hiperpigmenta\u00e7\u00e3o: Neste ponto, \u00e9 importante atuar sobre a origem da imperfei\u00e7\u00e3o, controlando a sobreprodu\u00e7\u00e3o de melanina atrav\u00e9s de uma regula\u00e7\u00e3o constante no melan\u00f3cito. Desta forma, controla-se a produ\u00e7\u00e3o de melanina a n\u00edvel intra e intercelular, e previne-se a repigmenta\u00e7\u00e3o. Aplicar de manh\u00e3 e \u00e0 noite cosmelan 2, seguido de hydra-vital factor k e moisturising sun protection SPF 50+ durante o dia. Em caso de exposi\u00e7\u00e3o solar, aplicar novamente a prote\u00e7\u00e3o solar ao meio-dia.\\r\\ncontrolo do reaparecimento: A tend\u00eancia para desenvolver manchas \u00e9 um risco constante. Nesta fase de controlo, previne-se o reaparecimento das manchas tratadas e a forma\u00e7\u00e3o de novas manchas, prolongando o resultado do m\u00e9todo durante mais tempo. Aplicar \u00e0 noite cosmelan 2 seguido de hydra-vital factor k. Durante o dia, aplicar moisturising sun protection SPF 50+, e aplicar novamente em caso de exposi\u00e7\u00e3o solar direta.\\r\\nAp\u00f3s finalizar o m\u00e9todo, \u00e9 altamente recomend\u00e1vel manter a prote\u00e7\u00e3o solar como tratamento cosm\u00e9tico permanente.&quot;}\" data-sheets-userformat=\"{&quot;2&quot;:769,&quot;3&quot;:{&quot;1&quot;:0},&quot;11&quot;:4,&quot;12&quot;:0}\">Dado que o cosmelan 2 faz parte de um tratamento integral, \u00e9 conveniente consultar um profissional acerca das indica\u00e7\u00f5es exatas do \u201cprotocolo do m\u00e9todo cosmelan\u201d.<\/span><\/p>\n<p>O Cosmelan 2 aplica-se sobre a pele limpa e seca atrav\u00e9s de uma suave massagem, seguindo as indica\u00e7\u00f5es do \u201cprotocolo do m\u00e9todo cosmelan\u201d. Este protocolo contempla as fases de:<\/p>\n<p>Despigmenta\u00e7\u00e3o continuada: 48 h depois de retirar a m\u00e1scara cosmelan 1, \u00e9 necess\u00e1rio continuar com o regime di\u00e1rio para completar a a\u00e7\u00e3o despigmentante corretiva do m\u00e9todo e regular a sobreprodu\u00e7\u00e3o de melanina dentro do melan\u00f3cito. Aplicar 3 vezes por dia cosmelan 2 (manh\u00e3, meio-dia e noite) seguido de hydra-vital factor k e moisturising sun protection SPF 50+ durante as aplica\u00e7\u00f5es diurnas.<br \/>\nRegula\u00e7\u00e3o da hiperpigmenta\u00e7\u00e3o: Neste ponto, \u00e9 importante atuar sobre a origem da imperfei\u00e7\u00e3o, controlando a sobreprodu\u00e7\u00e3o de melanina atrav\u00e9s de uma regula\u00e7\u00e3o constante no melan\u00f3cito. Desta forma, controla-se a produ\u00e7\u00e3o de melanina a n\u00edvel intra e intercelular, e previne-se a repigmenta\u00e7\u00e3o. Aplicar de manh\u00e3 e \u00e0 noite cosmelan 2, seguido de hydra-vital factor k e moisturising sun protection SPF 50+ durante o dia. Em caso de exposi\u00e7\u00e3o solar, aplicar novamente a prote\u00e7\u00e3o solar ao meio-dia.<br \/>\ncontrolo do reaparecimento: A tend\u00eancia para desenvolver manchas \u00e9 um risco constante. Nesta fase de controlo, previne-se o reaparecimento das manchas tratadas e a forma\u00e7\u00e3o de novas manchas, prolongando o resultado do m\u00e9todo durante mais tempo. Aplicar \u00e0 noite cosmelan 2 seguido de hydra-vital factor k. Durante o dia, aplicar moisturising sun protection SPF 50+, e aplicar novamente em caso de exposi\u00e7\u00e3o solar direta.<br \/>\nAp\u00f3s finalizar o m\u00e9todo, \u00e9 altamente recomend\u00e1vel manter a prote\u00e7\u00e3o solar como tratamento cosm\u00e9tico permanente.<\/p>\n<p><strong>Advert\u00eancias:<\/strong><\/p>\n<p><span data-sheets-value=\"{&quot;1&quot;:2,&quot;2&quot;:&quot;Evite o contacto com os olhos e as mucosas. Em caso de contacto acidental, lavar abundantemente com \u00e1gua. A sua utillza\u00e7\u00e3o n\u00e3o \u00e9 recomendada em crian\u00e7ass com idades inferiores a 12 anos.\\nRecomenda-se que n\u00e3o utilize durante este procedimento de branqueamento qualquer outro produto para evitar intera\u00e7\u00f5es desagrad\u00e1veis e imprevistas. \\nO seu uso n\u00e3o \u00e9 recomendado durante a gravidez ou a aleita\u00e7\u00e3o. \\nConserve em local fresco e seco&quot;}\" data-sheets-userformat=\"{&quot;2&quot;:897,&quot;3&quot;:{&quot;1&quot;:0},&quot;10&quot;:0,&quot;11&quot;:4,&quot;12&quot;:0}\">Evite o contacto com os olhos e as mucosas. Em caso de contacto acidental, lavar abundantemente com \u00e1gua. A sua utillza\u00e7\u00e3o n\u00e3o \u00e9 recomendada em crian\u00e7ass com idades inferiores a 12 anos.<br \/>\nRecomenda-se que n\u00e3o utilize durante este procedimento de branqueamento qualquer outro produto para evitar intera\u00e7\u00f5es desagrad\u00e1veis e imprevistas.<br \/>\nO seu uso n\u00e3o \u00e9 recomendado durante a gravidez ou a aleita\u00e7\u00e3o.<br \/>\nConserve em local fresco e seco<\/span><\/p>\n<p>&nbsp;<\/p>\n<p>&nbsp;<\/p>\n","protected":false},"excerpt":{"rendered":"<p><span data-sheets-value=\"{&quot;1&quot;:2,&quot;2&quot;:&quot;Cosmelan\u00ae \u00e9 o m\u00e9todo despigmentante profissional de refer\u00eancia a n\u00edvel mundial Cosmelan 2 \u00e9 o creme antimanchas para uso t\u00f3pico domicili\u00e1rio. Mant\u00e9m os resultados obtidos no tratamento profissional e evita o aparecimento de novas altera\u00e7\u00f5es pigmentares.&quot;}\" data-sheets-userformat=\"{&quot;2&quot;:11203,&quot;3&quot;:{&quot;1&quot;:0},&quot;4&quot;:{&quot;1&quot;:2,&quot;2&quot;:16777215},&quot;9&quot;:0,&quot;10&quot;:0,&quot;11&quot;:4,&quot;12&quot;:0,&quot;14&quot;:{&quot;1&quot;:2,&quot;2&quot;:0},&quot;16&quot;:10}\">Cosmelan\u00ae \u00e9 o m\u00e9todo despigmentante profissional de refer\u00eancia a n\u00edvel mundial Cosmelan 2 \u00e9 o creme antimanchas para uso t\u00f3pico domicili\u00e1rio. Mant\u00e9m os resultados obtidos no tratamento profissional e evita o aparecimento de novas altera\u00e7\u00f5es pigmentares.<\/span><\/p>\n<p>&nbsp;<\/p>\n","protected":false},"featured_media":8067,"comment_status":"open","ping_status":"closed","template":"","meta":{"content-type":""},"product_cat":[949,679,686,690,689,712],"product_tag":[],"yoast_head":"<!-- This site is optimized with the Yoast SEO plugin v21.7 - https:\/\/yoast.com\/wordpress\/plugins\/seo\/ -->\n<title>Cosmelan 2 - 30g Mesoestetic - Loja Online Michelle Bond | Lisboa<\/title>\n<meta name=\"description\" content=\"Cosmelan\u00ae Mesoestetic \u00e9 o m\u00e9todo despigmentante profissional de refer\u00eancia a n\u00edvel mundial Cosmelan 2 \u00e9 o creme antimanchas para uso t\u00f3pico domicili\u00e1rio. Mant\u00e9m os resultados obtidos no tratamento profissional e evita o aparecimento de novas altera\u00e7\u00f5es pigmentares.\" \/>\n<meta name=\"robots\" content=\"index, follow, max-snippet:-1, max-image-preview:large, max-video-preview:-1\" \/>\n<link rel=\"canonical\" href=\"https:\/\/clientes.space\/michele-bond\/website\/produto\/cosmelan-2-mesoestetic\/\" \/>\n<meta property=\"og:locale\" content=\"pt_PT\" \/>\n<meta property=\"og:type\" content=\"article\" \/>\n<meta property=\"og:title\" content=\"Cosmelan 2 - 30g Mesoestetic - Loja Online Michelle Bond | Lisboa\" \/>\n<meta property=\"og:description\" content=\"Cosmelan\u00ae Mesoestetic \u00e9 o m\u00e9todo despigmentante profissional de refer\u00eancia a n\u00edvel mundial Cosmelan 2 \u00e9 o creme antimanchas para uso t\u00f3pico domicili\u00e1rio. Mant\u00e9m os resultados obtidos no tratamento profissional e evita o aparecimento de novas altera\u00e7\u00f5es pigmentares.\" \/>\n<meta property=\"og:url\" content=\"https:\/\/clientes.space\/michele-bond\/website\/produto\/cosmelan-2-mesoestetic\/\" \/>\n<meta property=\"og:site_name\" content=\"Michelle Bond Clinic | Lisboa\" \/>\n<meta property=\"article:modified_time\" content=\"2023-01-16T12:41:22+00:00\" \/>\n<meta property=\"og:image\" content=\"https:\/\/clientes.space\/michele-bond\/website\/wp-content\/uploads\/2020\/11\/cosmelan-2-header.png\" \/>\n\t<meta property=\"og:image:width\" content=\"600\" \/>\n\t<meta property=\"og:image:height\" content=\"600\" \/>\n\t<meta property=\"og:image:type\" content=\"image\/png\" \/>\n<meta name=\"twitter:card\" content=\"summary_large_image\" \/>\n<meta name=\"twitter:label1\" content=\"Tempo estimado de leitura\" \/>\n\t<meta name=\"twitter:data1\" content=\"3 minutos\" \/>\n<script type=\"application\/ld+json\" class=\"yoast-schema-graph\">{\"@context\":\"https:\/\/schema.org\",\"@graph\":[{\"@type\":\"WebPage\",\"@id\":\"https:\/\/clientes.space\/michele-bond\/website\/produto\/cosmelan-2-mesoestetic\/\",\"url\":\"https:\/\/clientes.space\/michele-bond\/website\/produto\/cosmelan-2-mesoestetic\/\",\"name\":\"Cosmelan 2 - 30g Mesoestetic - Loja Online Michelle Bond | Lisboa\",\"isPartOf\":{\"@id\":\"https:\/\/clientes.space\/michele-bond\/website\/#website\"},\"datePublished\":\"2020-11-04T12:12:19+00:00\",\"dateModified\":\"2023-01-16T12:41:22+00:00\",\"description\":\"Cosmelan\u00ae Mesoestetic \u00e9 o m\u00e9todo despigmentante profissional de refer\u00eancia a n\u00edvel mundial Cosmelan 2 \u00e9 o creme antimanchas para uso t\u00f3pico domicili\u00e1rio. Mant\u00e9m os resultados obtidos no tratamento profissional e evita o aparecimento de novas altera\u00e7\u00f5es pigmentares.\",\"breadcrumb\":{\"@id\":\"https:\/\/clientes.space\/michele-bond\/website\/produto\/cosmelan-2-mesoestetic\/#breadcrumb\"},\"inLanguage\":\"pt-PT\",\"potentialAction\":[{\"@type\":\"ReadAction\",\"target\":[\"https:\/\/clientes.space\/michele-bond\/website\/produto\/cosmelan-2-mesoestetic\/\"]}]},{\"@type\":\"BreadcrumbList\",\"@id\":\"https:\/\/clientes.space\/michele-bond\/website\/produto\/cosmelan-2-mesoestetic\/#breadcrumb\",\"itemListElement\":[{\"@type\":\"ListItem\",\"position\":1,\"name\":\"In\u00edcio\",\"item\":\"https:\/\/clientes.space\/michele-bond\/website\/\"},{\"@type\":\"ListItem\",\"position\":2,\"name\":\"Loja\",\"item\":\"https:\/\/clientes.space\/michele-bond\/website\/loja-todos\/\"},{\"@type\":\"ListItem\",\"position\":3,\"name\":\"Cosmelan 2 &#8211; 30g\"}]},{\"@type\":\"WebSite\",\"@id\":\"https:\/\/clientes.space\/michele-bond\/website\/#website\",\"url\":\"https:\/\/clientes.space\/michele-bond\/website\/\",\"name\":\"Michelle Bond - Holistic Health &amp; Beauty\",\"description\":\"Medicina Est\u00e9tica, Naturopatia, Nutri\u00e7\u00e3o e Fisioterapia\",\"potentialAction\":[{\"@type\":\"SearchAction\",\"target\":{\"@type\":\"EntryPoint\",\"urlTemplate\":\"https:\/\/clientes.space\/michele-bond\/website\/?s={search_term_string}\"},\"query-input\":\"required name=search_term_string\"}],\"inLanguage\":\"pt-PT\"}]}<\/script>\n<!-- \/ Yoast SEO plugin. -->","yoast_head_json":{"title":"Cosmelan 2 - 30g Mesoestetic - Loja Online Michelle Bond | Lisboa","description":"Cosmelan\u00ae Mesoestetic \u00e9 o m\u00e9todo despigmentante profissional de refer\u00eancia a n\u00edvel mundial Cosmelan 2 \u00e9 o creme antimanchas para uso t\u00f3pico domicili\u00e1rio. Mant\u00e9m os resultados obtidos no tratamento profissional e evita o aparecimento de novas altera\u00e7\u00f5es pigmentares.","robots":{"index":"index","follow":"follow","max-snippet":"max-snippet:-1","max-image-preview":"max-image-preview:large","max-video-preview":"max-video-preview:-1"},"canonical":"https:\/\/clientes.space\/michele-bond\/website\/produto\/cosmelan-2-mesoestetic\/","og_locale":"pt_PT","og_type":"article","og_title":"Cosmelan 2 - 30g Mesoestetic - Loja Online Michelle Bond | Lisboa","og_description":"Cosmelan\u00ae Mesoestetic \u00e9 o m\u00e9todo despigmentante profissional de refer\u00eancia a n\u00edvel mundial Cosmelan 2 \u00e9 o creme antimanchas para uso t\u00f3pico domicili\u00e1rio. Mant\u00e9m os resultados obtidos no tratamento profissional e evita o aparecimento de novas altera\u00e7\u00f5es pigmentares.","og_url":"https:\/\/clientes.space\/michele-bond\/website\/produto\/cosmelan-2-mesoestetic\/","og_site_name":"Michelle Bond Clinic | Lisboa","article_modified_time":"2023-01-16T12:41:22+00:00","og_image":[{"width":600,"height":600,"url":"https:\/\/clientes.space\/michele-bond\/website\/wp-content\/uploads\/2020\/11\/cosmelan-2-header.png","type":"image\/png"}],"twitter_card":"summary_large_image","twitter_misc":{"Tempo estimado de leitura":"3 minutos"},"schema":{"@context":"https:\/\/schema.org","@graph":[{"@type":"WebPage","@id":"https:\/\/clientes.space\/michele-bond\/website\/produto\/cosmelan-2-mesoestetic\/","url":"https:\/\/clientes.space\/michele-bond\/website\/produto\/cosmelan-2-mesoestetic\/","name":"Cosmelan 2 - 30g Mesoestetic - Loja Online Michelle Bond | Lisboa","isPartOf":{"@id":"https:\/\/clientes.space\/michele-bond\/website\/#website"},"datePublished":"2020-11-04T12:12:19+00:00","dateModified":"2023-01-16T12:41:22+00:00","description":"Cosmelan\u00ae Mesoestetic \u00e9 o m\u00e9todo despigmentante profissional de refer\u00eancia a n\u00edvel mundial Cosmelan 2 \u00e9 o creme antimanchas para uso t\u00f3pico domicili\u00e1rio. Mant\u00e9m os resultados obtidos no tratamento profissional e evita o aparecimento de novas altera\u00e7\u00f5es pigmentares.","breadcrumb":{"@id":"https:\/\/clientes.space\/michele-bond\/website\/produto\/cosmelan-2-mesoestetic\/#breadcrumb"},"inLanguage":"pt-PT","potentialAction":[{"@type":"ReadAction","target":["https:\/\/clientes.space\/michele-bond\/website\/produto\/cosmelan-2-mesoestetic\/"]}]},{"@type":"BreadcrumbList","@id":"https:\/\/clientes.space\/michele-bond\/website\/produto\/cosmelan-2-mesoestetic\/#breadcrumb","itemListElement":[{"@type":"ListItem","position":1,"name":"In\u00edcio","item":"https:\/\/clientes.space\/michele-bond\/website\/"},{"@type":"ListItem","position":2,"name":"Loja","item":"https:\/\/clientes.space\/michele-bond\/website\/loja-todos\/"},{"@type":"ListItem","position":3,"name":"Cosmelan 2 &#8211; 30g"}]},{"@type":"WebSite","@id":"https:\/\/clientes.space\/michele-bond\/website\/#website","url":"https:\/\/clientes.space\/michele-bond\/website\/","name":"Michelle Bond - Holistic Health &amp; Beauty","description":"Medicina Est\u00e9tica, Naturopatia, Nutri\u00e7\u00e3o e Fisioterapia","potentialAction":[{"@type":"SearchAction","target":{"@type":"EntryPoint","urlTemplate":"https:\/\/clientes.space\/michele-bond\/website\/?s={search_term_string}"},"query-input":"required name=search_term_string"}],"inLanguage":"pt-PT"}]}},"_links":{"self":[{"href":"https:\/\/clientes.space\/michele-bond\/website\/wp-json\/wp\/v2\/product\/7019"}],"collection":[{"href":"https:\/\/clientes.space\/michele-bond\/website\/wp-json\/wp\/v2\/product"}],"about":[{"href":"https:\/\/clientes.space\/michele-bond\/website\/wp-json\/wp\/v2\/types\/product"}],"replies":[{"embeddable":true,"href":"https:\/\/clientes.space\/michele-bond\/website\/wp-json\/wp\/v2\/comments?post=7019"}],"wp:featuredmedia":[{"embeddable":true,"href":"https:\/\/clientes.space\/michele-bond\/website\/wp-json\/wp\/v2\/media\/8067"}],"wp:attachment":[{"href":"https:\/\/clientes.space\/michele-bond\/website\/wp-json\/wp\/v2\/media?parent=7019"}],"wp:term":[{"taxonomy":"product_cat","embeddable":true,"href":"https:\/\/clientes.space\/michele-bond\/website\/wp-json\/wp\/v2\/product_cat?post=7019"},{"taxonomy":"product_tag","embeddable":true,"href":"https:\/\/clientes.space\/michele-bond\/website\/wp-json\/wp\/v2\/product_tag?post=7019"}],"curies":[{"name":"wp","href":"https:\/\/api.w.org\/{rel}","templated":true}]}}