{"id":7053,"date":"2020-11-04T16:56:36","date_gmt":"2020-11-04T16:56:36","guid":{"rendered":"https:\/\/clientes.space\/michele-bond\/website\/?post_type=product&#038;p=7053"},"modified":"2022-07-24T11:52:58","modified_gmt":"2022-07-24T11:52:58","slug":"5-htp-50-mg-now","status":"publish","type":"product","link":"https:\/\/clientes.space\/michele-bond\/website\/produto\/5-htp-50-mg-now\/","title":{"rendered":"5-HTP 50 Mg 30 capsulas"},"content":{"rendered":"<p><span data-sheets-value=\"{&quot;1&quot;:2,&quot;2&quot;:&quot;O 5-htp \u00e9 um metabolito do amino\u00e1cido Triptofano, precursor direto da Serotonina, importante neurotransmissor que \u00e9 secretado como resposta a altera\u00e7\u00f5es emocionais ou de humor. Ajuda a elevar os n\u00edveis de Serotonina no c\u00e9rebro, o que pode ter um efeito positivo na diminui\u00e7\u00e3o da depress\u00e3o, no aumento da autoestima, no sono, humor, ansiedade, agressividade, controlo do apetite, temperatura corporal, comportamento sexual e sensa\u00e7\u00e3o de dor. Como a Serotonina que circula nos vasos sangu\u00edneos normalmente n\u00e3o penetra no c\u00e9rebro, por n\u00e3o conseguir ultrapassar a barreira hematoencef\u00e1lica, tem de ser produzida no c\u00e9rebro a partir do 5-http. A falta de Serotonina no c\u00e9rebro est\u00e1 relacionada a condi\u00e7\u00f5es neurol\u00f3gicas, tais como: doen\u00e7a de Parkinson, discinesia tardia, problemas de sono.&quot;}\" data-sheets-userformat=\"{&quot;2&quot;:897,&quot;3&quot;:{&quot;1&quot;:0},&quot;10&quot;:0,&quot;11&quot;:4,&quot;12&quot;:0}\">O 5-htp \u00e9 um metabolito do amino\u00e1cido Triptofano, precursor direto da Serotonina, importante neurotransmissor que \u00e9 secretado como resposta a altera\u00e7\u00f5es emocionais ou de humor. Ajuda a elevar os n\u00edveis de Serotonina no c\u00e9rebro, o que pode ter um efeito positivo na diminui\u00e7\u00e3o da depress\u00e3o, no aumento da autoestima, no sono, humor, ansiedade, agressividade, controlo do apetite, temperatura corporal, comportamento sexual e sensa\u00e7\u00e3o de dor. Como a Serotonina que circula nos vasos sangu\u00edneos normalmente n\u00e3o penetra no c\u00e9rebro, por n\u00e3o conseguir ultrapassar a barreira hematoencef\u00e1lica, tem de ser produzida no c\u00e9rebro a partir do 5-http. A falta de Serotonina no c\u00e9rebro est\u00e1 relacionada a condi\u00e7\u00f5es neurol\u00f3gicas, tais como: doen\u00e7a de Parkinson, discinesia tardia, problemas de sono.<\/span><\/p>\n<p><strong>Quantidade:<\/strong><\/p>\n<p><span data-sheets-value=\"{&quot;1&quot;:2,&quot;2&quot;:&quot; 30 c\u00e1psulas vegetais (50 mg).&quot;}\" data-sheets-userformat=\"{&quot;2&quot;:897,&quot;3&quot;:{&quot;1&quot;:0},&quot;10&quot;:0,&quot;11&quot;:4,&quot;12&quot;:0}\"> 30 c\u00e1psulas vegetais (50 mg).<\/span><\/p>\n<p><strong>Ingredientes:<\/strong><\/p>\n<p><span data-sheets-value=\"{&quot;1&quot;:2,&quot;2&quot;:&quot;5-HTP ( 5-hidroxitriptofano) (Griffonia simplicifolia) (semente) (50mg).\\r\\n\\r\\nOutros Ingredientes: Farinha de arroz e celulose (c\u00e1psula).\\r\\n\\r\\nN\u00e3o cont\u00e9m: Trigo, gl\u00faten, soja, leite, ovo, peixe, marisco e frutos de casca rija.&quot;}\" data-sheets-userformat=\"{&quot;2&quot;:897,&quot;3&quot;:{&quot;1&quot;:0},&quot;10&quot;:0,&quot;11&quot;:4,&quot;12&quot;:0}\">5-HTP ( 5-hidroxitriptofano) (Griffonia simplicifolia) (semente) (50mg).<\/span><\/p>\n<p>Outros Ingredientes: Farinha de arroz e celulose (c\u00e1psula).<\/p>\n<p>N\u00e3o cont\u00e9m: Trigo, gl\u00faten, soja, leite, ovo, peixe, marisco e frutos de casca rija.<\/p>\n<p><strong>Modo de tomar:<\/strong><\/p>\n<p><span data-sheets-value=\"{&quot;1&quot;:2,&quot;2&quot;:&quot; Tomar 1 c\u00e1psula por dia, de prefer\u00eancia com o est\u00f4mago vazio, ao deitar.&quot;}\" data-sheets-userformat=\"{&quot;2&quot;:897,&quot;3&quot;:{&quot;1&quot;:0},&quot;10&quot;:0,&quot;11&quot;:4,&quot;12&quot;:0}\"> Tomar 1 c\u00e1psula por dia, de prefer\u00eancia com o est\u00f4mago vazio, ao deitar.<\/span><\/p>\n<p><strong>Advert\u00eancias:<\/strong><\/p>\n<p><span data-sheets-value=\"{&quot;1&quot;:2,&quot;2&quot;:&quot;Se estiver a tomar medicamentos antidepressivos, consulte um m\u00e9dico antes de tomar este produto.&quot;}\" data-sheets-userformat=\"{&quot;2&quot;:897,&quot;3&quot;:{&quot;1&quot;:0},&quot;10&quot;:0,&quot;11&quot;:4,&quot;12&quot;:0}\">Se estiver a tomar medicamentos antidepressivos, consulte um m\u00e9dico antes de tomar este produto.<\/span><\/p>\n<p>&nbsp;<\/p>\n","protected":false},"excerpt":{"rendered":"<p><span data-sheets-value=\"{&quot;1&quot;:2,&quot;2&quot;:&quot;O 5-htp \u00e9 um metabolito do amino\u00e1cido Triptofano, precursor direto da Serotonina, importante neurotransmissor que \u00e9 secretado como resposta a altera\u00e7\u00f5es emocionais ou de humor. Tem um efeito positivo na diminui\u00e7\u00e3o da depress\u00e3o, no aumento da auto-estima, no sono, humor, ansiedade, agressividade, controlo do apetite, temperatura corporal, comportamento sexual e sensa\u00e7\u00e3o de dor.&quot;}\" data-sheets-userformat=\"{&quot;2&quot;:897,&quot;3&quot;:{&quot;1&quot;:0},&quot;10&quot;:0,&quot;11&quot;:4,&quot;12&quot;:0}\">O 5-htp \u00e9 um metabolito do amino\u00e1cido Triptofano, precursor direto da Serotonina, importante neurotransmissor que \u00e9 secretado como resposta a altera\u00e7\u00f5es emocionais ou de humor. Tem um efeito positivo na diminui\u00e7\u00e3o da depress\u00e3o, no aumento da auto-estima, no sono, humor, ansiedade, agressividade, controlo do apetite, temperatura corporal, comportamento sexual e sensa\u00e7\u00e3o de dor.<\/span><\/p>\n","protected":false},"featured_media":7054,"comment_status":"open","ping_status":"closed","template":"","meta":{"content-type":""},"product_cat":[953,859,861,954,876,678],"product_tag":[],"yoast_head":"<!-- This site is optimized with the Yoast SEO plugin v21.7 - https:\/\/yoast.com\/wordpress\/plugins\/seo\/ -->\n<title>5-HTP 50 Mg 30 capsulas Now - Loja Online Michelle Bond | Lisboa<\/title>\n<meta name=\"description\" content=\"O 5-HTP Now \u00e9 um metabolito do amino\u00e1cido Triptofano, precursor direto da Serotonina, importante neurotransmissor que \u00e9 secretado como resposta a altera\u00e7\u00f5es emocionais ou de humor. Tem um efeito positivo na diminui\u00e7\u00e3o da depress\u00e3o, no aumento da auto-estima, no sono, humor, ansiedade, agressividade, controlo do apetite, temperatura corporal, comportamento sexual e sensa\u00e7\u00e3o de dor.\" \/>\n<meta name=\"robots\" content=\"index, follow, max-snippet:-1, max-image-preview:large, max-video-preview:-1\" \/>\n<link rel=\"canonical\" href=\"https:\/\/clientes.space\/michele-bond\/website\/produto\/5-htp-50-mg-now\/\" \/>\n<meta property=\"og:locale\" content=\"pt_PT\" \/>\n<meta property=\"og:type\" content=\"article\" \/>\n<meta property=\"og:title\" content=\"5-HTP 50 Mg 30 capsulas Now - Loja Online Michelle Bond | Lisboa\" \/>\n<meta property=\"og:description\" content=\"O 5-HTP Now \u00e9 um metabolito do amino\u00e1cido Triptofano, precursor direto da Serotonina, importante neurotransmissor que \u00e9 secretado como resposta a altera\u00e7\u00f5es emocionais ou de humor. Tem um efeito positivo na diminui\u00e7\u00e3o da depress\u00e3o, no aumento da auto-estima, no sono, humor, ansiedade, agressividade, controlo do apetite, temperatura corporal, comportamento sexual e sensa\u00e7\u00e3o de dor.\" \/>\n<meta property=\"og:url\" content=\"https:\/\/clientes.space\/michele-bond\/website\/produto\/5-htp-50-mg-now\/\" \/>\n<meta property=\"og:site_name\" content=\"Michelle Bond Clinic | Lisboa\" \/>\n<meta property=\"article:modified_time\" content=\"2022-07-24T11:52:58+00:00\" \/>\n<meta property=\"og:image\" content=\"https:\/\/clientes.space\/michele-bond\/website\/wp-content\/uploads\/2020\/11\/5-htp.jpg\" \/>\n\t<meta property=\"og:image:width\" content=\"458\" \/>\n\t<meta property=\"og:image:height\" content=\"575\" \/>\n\t<meta property=\"og:image:type\" content=\"image\/jpeg\" \/>\n<meta name=\"twitter:card\" content=\"summary_large_image\" \/>\n<meta name=\"twitter:label1\" content=\"Tempo estimado de leitura\" \/>\n\t<meta name=\"twitter:data1\" content=\"1 minuto\" \/>\n<script type=\"application\/ld+json\" class=\"yoast-schema-graph\">{\"@context\":\"https:\/\/schema.org\",\"@graph\":[{\"@type\":\"WebPage\",\"@id\":\"https:\/\/clientes.space\/michele-bond\/website\/produto\/5-htp-50-mg-now\/\",\"url\":\"https:\/\/clientes.space\/michele-bond\/website\/produto\/5-htp-50-mg-now\/\",\"name\":\"5-HTP 50 Mg 30 capsulas Now - Loja Online Michelle Bond | Lisboa\",\"isPartOf\":{\"@id\":\"https:\/\/clientes.space\/michele-bond\/website\/#website\"},\"datePublished\":\"2020-11-04T16:56:36+00:00\",\"dateModified\":\"2022-07-24T11:52:58+00:00\",\"description\":\"O 5-HTP Now \u00e9 um metabolito do amino\u00e1cido Triptofano, precursor direto da Serotonina, importante neurotransmissor que \u00e9 secretado como resposta a altera\u00e7\u00f5es emocionais ou de humor. Tem um efeito positivo na diminui\u00e7\u00e3o da depress\u00e3o, no aumento da auto-estima, no sono, humor, ansiedade, agressividade, controlo do apetite, temperatura corporal, comportamento sexual e sensa\u00e7\u00e3o de dor.\",\"breadcrumb\":{\"@id\":\"https:\/\/clientes.space\/michele-bond\/website\/produto\/5-htp-50-mg-now\/#breadcrumb\"},\"inLanguage\":\"pt-PT\",\"potentialAction\":[{\"@type\":\"ReadAction\",\"target\":[\"https:\/\/clientes.space\/michele-bond\/website\/produto\/5-htp-50-mg-now\/\"]}]},{\"@type\":\"BreadcrumbList\",\"@id\":\"https:\/\/clientes.space\/michele-bond\/website\/produto\/5-htp-50-mg-now\/#breadcrumb\",\"itemListElement\":[{\"@type\":\"ListItem\",\"position\":1,\"name\":\"In\u00edcio\",\"item\":\"https:\/\/clientes.space\/michele-bond\/website\/\"},{\"@type\":\"ListItem\",\"position\":2,\"name\":\"Loja\",\"item\":\"https:\/\/clientes.space\/michele-bond\/website\/loja-todos\/\"},{\"@type\":\"ListItem\",\"position\":3,\"name\":\"5-HTP 50 Mg 30 capsulas\"}]},{\"@type\":\"WebSite\",\"@id\":\"https:\/\/clientes.space\/michele-bond\/website\/#website\",\"url\":\"https:\/\/clientes.space\/michele-bond\/website\/\",\"name\":\"Michelle Bond - Holistic Health &amp; Beauty\",\"description\":\"Medicina Est\u00e9tica, Naturopatia, Nutri\u00e7\u00e3o e Fisioterapia\",\"potentialAction\":[{\"@type\":\"SearchAction\",\"target\":{\"@type\":\"EntryPoint\",\"urlTemplate\":\"https:\/\/clientes.space\/michele-bond\/website\/?s={search_term_string}\"},\"query-input\":\"required name=search_term_string\"}],\"inLanguage\":\"pt-PT\"}]}<\/script>\n<!-- \/ Yoast SEO plugin. -->","yoast_head_json":{"title":"5-HTP 50 Mg 30 capsulas Now - Loja Online Michelle Bond | Lisboa","description":"O 5-HTP Now \u00e9 um metabolito do amino\u00e1cido Triptofano, precursor direto da Serotonina, importante neurotransmissor que \u00e9 secretado como resposta a altera\u00e7\u00f5es emocionais ou de humor. Tem um efeito positivo na diminui\u00e7\u00e3o da depress\u00e3o, no aumento da auto-estima, no sono, humor, ansiedade, agressividade, controlo do apetite, temperatura corporal, comportamento sexual e sensa\u00e7\u00e3o de dor.","robots":{"index":"index","follow":"follow","max-snippet":"max-snippet:-1","max-image-preview":"max-image-preview:large","max-video-preview":"max-video-preview:-1"},"canonical":"https:\/\/clientes.space\/michele-bond\/website\/produto\/5-htp-50-mg-now\/","og_locale":"pt_PT","og_type":"article","og_title":"5-HTP 50 Mg 30 capsulas Now - Loja Online Michelle Bond | Lisboa","og_description":"O 5-HTP Now \u00e9 um metabolito do amino\u00e1cido Triptofano, precursor direto da Serotonina, importante neurotransmissor que \u00e9 secretado como resposta a altera\u00e7\u00f5es emocionais ou de humor. Tem um efeito positivo na diminui\u00e7\u00e3o da depress\u00e3o, no aumento da auto-estima, no sono, humor, ansiedade, agressividade, controlo do apetite, temperatura corporal, comportamento sexual e sensa\u00e7\u00e3o de dor.","og_url":"https:\/\/clientes.space\/michele-bond\/website\/produto\/5-htp-50-mg-now\/","og_site_name":"Michelle Bond Clinic | Lisboa","article_modified_time":"2022-07-24T11:52:58+00:00","og_image":[{"width":458,"height":575,"url":"https:\/\/clientes.space\/michele-bond\/website\/wp-content\/uploads\/2020\/11\/5-htp.jpg","type":"image\/jpeg"}],"twitter_card":"summary_large_image","twitter_misc":{"Tempo estimado de leitura":"1 minuto"},"schema":{"@context":"https:\/\/schema.org","@graph":[{"@type":"WebPage","@id":"https:\/\/clientes.space\/michele-bond\/website\/produto\/5-htp-50-mg-now\/","url":"https:\/\/clientes.space\/michele-bond\/website\/produto\/5-htp-50-mg-now\/","name":"5-HTP 50 Mg 30 capsulas Now - Loja Online Michelle Bond | Lisboa","isPartOf":{"@id":"https:\/\/clientes.space\/michele-bond\/website\/#website"},"datePublished":"2020-11-04T16:56:36+00:00","dateModified":"2022-07-24T11:52:58+00:00","description":"O 5-HTP Now \u00e9 um metabolito do amino\u00e1cido Triptofano, precursor direto da Serotonina, importante neurotransmissor que \u00e9 secretado como resposta a altera\u00e7\u00f5es emocionais ou de humor. Tem um efeito positivo na diminui\u00e7\u00e3o da depress\u00e3o, no aumento da auto-estima, no sono, humor, ansiedade, agressividade, controlo do apetite, temperatura corporal, comportamento sexual e sensa\u00e7\u00e3o de dor.","breadcrumb":{"@id":"https:\/\/clientes.space\/michele-bond\/website\/produto\/5-htp-50-mg-now\/#breadcrumb"},"inLanguage":"pt-PT","potentialAction":[{"@type":"ReadAction","target":["https:\/\/clientes.space\/michele-bond\/website\/produto\/5-htp-50-mg-now\/"]}]},{"@type":"BreadcrumbList","@id":"https:\/\/clientes.space\/michele-bond\/website\/produto\/5-htp-50-mg-now\/#breadcrumb","itemListElement":[{"@type":"ListItem","position":1,"name":"In\u00edcio","item":"https:\/\/clientes.space\/michele-bond\/website\/"},{"@type":"ListItem","position":2,"name":"Loja","item":"https:\/\/clientes.space\/michele-bond\/website\/loja-todos\/"},{"@type":"ListItem","position":3,"name":"5-HTP 50 Mg 30 capsulas"}]},{"@type":"WebSite","@id":"https:\/\/clientes.space\/michele-bond\/website\/#website","url":"https:\/\/clientes.space\/michele-bond\/website\/","name":"Michelle Bond - Holistic Health &amp; Beauty","description":"Medicina Est\u00e9tica, Naturopatia, Nutri\u00e7\u00e3o e Fisioterapia","potentialAction":[{"@type":"SearchAction","target":{"@type":"EntryPoint","urlTemplate":"https:\/\/clientes.space\/michele-bond\/website\/?s={search_term_string}"},"query-input":"required name=search_term_string"}],"inLanguage":"pt-PT"}]}},"_links":{"self":[{"href":"https:\/\/clientes.space\/michele-bond\/website\/wp-json\/wp\/v2\/product\/7053"}],"collection":[{"href":"https:\/\/clientes.space\/michele-bond\/website\/wp-json\/wp\/v2\/product"}],"about":[{"href":"https:\/\/clientes.space\/michele-bond\/website\/wp-json\/wp\/v2\/types\/product"}],"replies":[{"embeddable":true,"href":"https:\/\/clientes.space\/michele-bond\/website\/wp-json\/wp\/v2\/comments?post=7053"}],"wp:featuredmedia":[{"embeddable":true,"href":"https:\/\/clientes.space\/michele-bond\/website\/wp-json\/wp\/v2\/media\/7054"}],"wp:attachment":[{"href":"https:\/\/clientes.space\/michele-bond\/website\/wp-json\/wp\/v2\/media?parent=7053"}],"wp:term":[{"taxonomy":"product_cat","embeddable":true,"href":"https:\/\/clientes.space\/michele-bond\/website\/wp-json\/wp\/v2\/product_cat?post=7053"},{"taxonomy":"product_tag","embeddable":true,"href":"https:\/\/clientes.space\/michele-bond\/website\/wp-json\/wp\/v2\/product_tag?post=7053"}],"curies":[{"name":"wp","href":"https:\/\/api.w.org\/{rel}","templated":true}]}}