{"id":7449,"date":"2020-11-16T22:30:04","date_gmt":"2020-11-16T22:30:04","guid":{"rendered":"https:\/\/clientes.space\/michele-bond\/website\/?post_type=product&#038;p=7449"},"modified":"2023-01-17T11:08:54","modified_gmt":"2023-01-17T11:08:54","slug":"acne-roll-on-para-borbulhas-de-acne-madara","status":"publish","type":"product","link":"https:\/\/clientes.space\/michele-bond\/website\/produto\/acne-roll-on-para-borbulhas-de-acne-madara\/","title":{"rendered":"Acne \u2013 Roll-on para Borbulhas de Acne 8ml"},"content":{"rendered":"<p>Concentrado poderoso que ataca borbulhas. Cont\u00e9m c\u00e9lulas estaminais de zimbro que juntamente com \u00e1cido salic\u00edlico que atuam para diminuir a inflama\u00e7\u00e3o das borbulhas e impedir a prolifera\u00e7\u00e3o bacteriana, regulando a pele. Textura invis\u00edvel.<\/p>\n<p><strong>Quantidade:<\/strong><\/p>\n<p>8ml<\/p>\n<p><strong>Ingredientes:<\/strong><\/p>\n<p id=\"tw-target-text\" class=\"tw-data-text tw-text-large XcVN5d tw-ta\" dir=\"ltr\" style=\"text-align: left;\" data-placeholder=\"Tradu\u00e7\u00e3o\">\u00c1lcool Aloe Barbadensis (Aloe) Suco de Folha \u00c1cido Salic\u00edlicoIlex Paraguariensis (Mate) Extrato de Folha Aqua Pot\u00e1ssio Hidr\u00f3xido Cetraria Islandica Thallus (L\u00edquen) Extrato de Usnea Barbata (L\u00edquen) Extrato Juniperus Communis (Jun\u00edpero) Extrato de Cultura de Calo<\/p>\n<p dir=\"ltr\" data-placeholder=\"Tradu\u00e7\u00e3o\"><strong>Modo de usar:<\/strong><\/p>\n<p dir=\"ltr\" data-placeholder=\"Tradu\u00e7\u00e3o\">\u00a0Aplicar diretamente nas borbulhas e zonas inflamadas. Reaplicar ap\u00f3s 2h se necess\u00e1rio. Efetuar o tratamento para inflama\u00e7\u00e3o e poros Madara. Utiliza\u00e7\u00e3o di\u00e1ria ou pontual consoante a necessidade.<\/p>\n<p><strong>Advert\u00eancias:<\/strong><\/p>\n<p><span data-sheets-value=\"{&quot;1&quot;:2,&quot;2&quot;:&quot;Unicamente para uso externo. Descontinuar em caso de irrita\u00e7\u00e3o. Manter fora do alcance das crian\u00e7as. Conservar em local fresco e seco.&quot;}\" data-sheets-userformat=\"{&quot;2&quot;:897,&quot;3&quot;:{&quot;1&quot;:0},&quot;10&quot;:0,&quot;11&quot;:4,&quot;12&quot;:0}\">Unicamente para uso externo. Descontinuar em caso de irrita\u00e7\u00e3o. Manter fora do alcance das crian\u00e7as. Conservar em local fresco e seco.Mantenha fora da \u00e1rea dos olhos e l\u00e1bios.<\/span><\/p>\n<p>&nbsp;<\/p>\n","protected":false},"excerpt":{"rendered":"<p>Ajuda a melhorar a condi\u00e7\u00e3o da pele propensa a problemas, acalmando a inflama\u00e7\u00e3o e minimizando o aparecimento de erup\u00e7\u00f5es.<\/p>\n","protected":false},"featured_media":7450,"comment_status":"open","ping_status":"closed","template":"","meta":{"content-type":""},"product_cat":[947,679,686,694,689,706,707],"product_tag":[],"yoast_head":"<!-- This site is optimized with the Yoast SEO plugin v21.7 - https:\/\/yoast.com\/wordpress\/plugins\/seo\/ -->\n<title>Acne \u2013 Roll-on para Borbulhas de Acne 8ml M\u00e1dara - Loja Online Michelle Bond | Lisboa<\/title>\n<meta name=\"description\" content=\"Acne Roll On para Borbulhas de Acne M\u00e1dara ajuda a melhorar a condi\u00e7\u00e3o da pele propensa a problemas, acalmando a inflama\u00e7\u00e3o e minimizando o aparecimento de erup\u00e7\u00f5es.\u00a0\" \/>\n<meta name=\"robots\" content=\"index, follow, max-snippet:-1, max-image-preview:large, max-video-preview:-1\" \/>\n<link rel=\"canonical\" href=\"https:\/\/clientes.space\/michele-bond\/website\/produto\/acne-roll-on-para-borbulhas-de-acne-madara\/\" \/>\n<meta property=\"og:locale\" content=\"pt_PT\" \/>\n<meta property=\"og:type\" content=\"article\" \/>\n<meta property=\"og:title\" content=\"Acne \u2013 Roll-on para Borbulhas de Acne 8ml M\u00e1dara - Loja Online Michelle Bond | Lisboa\" \/>\n<meta property=\"og:description\" content=\"Acne Roll On para Borbulhas de Acne M\u00e1dara ajuda a melhorar a condi\u00e7\u00e3o da pele propensa a problemas, acalmando a inflama\u00e7\u00e3o e minimizando o aparecimento de erup\u00e7\u00f5es.\u00a0\" \/>\n<meta property=\"og:url\" content=\"https:\/\/clientes.space\/michele-bond\/website\/produto\/acne-roll-on-para-borbulhas-de-acne-madara\/\" \/>\n<meta property=\"og:site_name\" content=\"Michelle Bond Clinic | Lisboa\" \/>\n<meta property=\"article:modified_time\" content=\"2023-01-17T11:08:54+00:00\" \/>\n<meta property=\"og:image\" content=\"https:\/\/clientes.space\/michele-bond\/website\/wp-content\/uploads\/2020\/11\/ACNE-\u2013-Roll-on-para-borbulhas-de-acne-1.jpg\" \/>\n\t<meta property=\"og:image:width\" content=\"700\" \/>\n\t<meta property=\"og:image:height\" content=\"700\" \/>\n\t<meta property=\"og:image:type\" content=\"image\/jpeg\" \/>\n<meta name=\"twitter:card\" content=\"summary_large_image\" \/>\n<meta name=\"twitter:label1\" content=\"Tempo estimado de leitura\" \/>\n\t<meta name=\"twitter:data1\" content=\"1 minuto\" \/>\n<script type=\"application\/ld+json\" class=\"yoast-schema-graph\">{\"@context\":\"https:\/\/schema.org\",\"@graph\":[{\"@type\":\"WebPage\",\"@id\":\"https:\/\/clientes.space\/michele-bond\/website\/produto\/acne-roll-on-para-borbulhas-de-acne-madara\/\",\"url\":\"https:\/\/clientes.space\/michele-bond\/website\/produto\/acne-roll-on-para-borbulhas-de-acne-madara\/\",\"name\":\"Acne \u2013 Roll-on para Borbulhas de Acne 8ml M\u00e1dara - Loja Online Michelle Bond | Lisboa\",\"isPartOf\":{\"@id\":\"https:\/\/clientes.space\/michele-bond\/website\/#website\"},\"datePublished\":\"2020-11-16T22:30:04+00:00\",\"dateModified\":\"2023-01-17T11:08:54+00:00\",\"description\":\"Acne Roll On para Borbulhas de Acne M\u00e1dara ajuda a melhorar a condi\u00e7\u00e3o da pele propensa a problemas, acalmando a inflama\u00e7\u00e3o e minimizando o aparecimento de erup\u00e7\u00f5es.\u00a0\",\"breadcrumb\":{\"@id\":\"https:\/\/clientes.space\/michele-bond\/website\/produto\/acne-roll-on-para-borbulhas-de-acne-madara\/#breadcrumb\"},\"inLanguage\":\"pt-PT\",\"potentialAction\":[{\"@type\":\"ReadAction\",\"target\":[\"https:\/\/clientes.space\/michele-bond\/website\/produto\/acne-roll-on-para-borbulhas-de-acne-madara\/\"]}]},{\"@type\":\"BreadcrumbList\",\"@id\":\"https:\/\/clientes.space\/michele-bond\/website\/produto\/acne-roll-on-para-borbulhas-de-acne-madara\/#breadcrumb\",\"itemListElement\":[{\"@type\":\"ListItem\",\"position\":1,\"name\":\"In\u00edcio\",\"item\":\"https:\/\/clientes.space\/michele-bond\/website\/\"},{\"@type\":\"ListItem\",\"position\":2,\"name\":\"Loja\",\"item\":\"https:\/\/clientes.space\/michele-bond\/website\/loja-todos\/\"},{\"@type\":\"ListItem\",\"position\":3,\"name\":\"Acne \u2013 Roll-on para Borbulhas de Acne 8ml\"}]},{\"@type\":\"WebSite\",\"@id\":\"https:\/\/clientes.space\/michele-bond\/website\/#website\",\"url\":\"https:\/\/clientes.space\/michele-bond\/website\/\",\"name\":\"Michelle Bond - Holistic Health &amp; Beauty\",\"description\":\"Medicina Est\u00e9tica, Naturopatia, Nutri\u00e7\u00e3o e Fisioterapia\",\"potentialAction\":[{\"@type\":\"SearchAction\",\"target\":{\"@type\":\"EntryPoint\",\"urlTemplate\":\"https:\/\/clientes.space\/michele-bond\/website\/?s={search_term_string}\"},\"query-input\":\"required name=search_term_string\"}],\"inLanguage\":\"pt-PT\"}]}<\/script>\n<!-- \/ Yoast SEO plugin. -->","yoast_head_json":{"title":"Acne \u2013 Roll-on para Borbulhas de Acne 8ml M\u00e1dara - Loja Online Michelle Bond | Lisboa","description":"Acne Roll On para Borbulhas de Acne M\u00e1dara ajuda a melhorar a condi\u00e7\u00e3o da pele propensa a problemas, acalmando a inflama\u00e7\u00e3o e minimizando o aparecimento de erup\u00e7\u00f5es.\u00a0","robots":{"index":"index","follow":"follow","max-snippet":"max-snippet:-1","max-image-preview":"max-image-preview:large","max-video-preview":"max-video-preview:-1"},"canonical":"https:\/\/clientes.space\/michele-bond\/website\/produto\/acne-roll-on-para-borbulhas-de-acne-madara\/","og_locale":"pt_PT","og_type":"article","og_title":"Acne \u2013 Roll-on para Borbulhas de Acne 8ml M\u00e1dara - Loja Online Michelle Bond | Lisboa","og_description":"Acne Roll On para Borbulhas de Acne M\u00e1dara ajuda a melhorar a condi\u00e7\u00e3o da pele propensa a problemas, acalmando a inflama\u00e7\u00e3o e minimizando o aparecimento de erup\u00e7\u00f5es.\u00a0","og_url":"https:\/\/clientes.space\/michele-bond\/website\/produto\/acne-roll-on-para-borbulhas-de-acne-madara\/","og_site_name":"Michelle Bond Clinic | Lisboa","article_modified_time":"2023-01-17T11:08:54+00:00","og_image":[{"width":700,"height":700,"url":"https:\/\/clientes.space\/michele-bond\/website\/wp-content\/uploads\/2020\/11\/ACNE-\u2013-Roll-on-para-borbulhas-de-acne-1.jpg","type":"image\/jpeg"}],"twitter_card":"summary_large_image","twitter_misc":{"Tempo estimado de leitura":"1 minuto"},"schema":{"@context":"https:\/\/schema.org","@graph":[{"@type":"WebPage","@id":"https:\/\/clientes.space\/michele-bond\/website\/produto\/acne-roll-on-para-borbulhas-de-acne-madara\/","url":"https:\/\/clientes.space\/michele-bond\/website\/produto\/acne-roll-on-para-borbulhas-de-acne-madara\/","name":"Acne \u2013 Roll-on para Borbulhas de Acne 8ml M\u00e1dara - Loja Online Michelle Bond | Lisboa","isPartOf":{"@id":"https:\/\/clientes.space\/michele-bond\/website\/#website"},"datePublished":"2020-11-16T22:30:04+00:00","dateModified":"2023-01-17T11:08:54+00:00","description":"Acne Roll On para Borbulhas de Acne M\u00e1dara ajuda a melhorar a condi\u00e7\u00e3o da pele propensa a problemas, acalmando a inflama\u00e7\u00e3o e minimizando o aparecimento de erup\u00e7\u00f5es.\u00a0","breadcrumb":{"@id":"https:\/\/clientes.space\/michele-bond\/website\/produto\/acne-roll-on-para-borbulhas-de-acne-madara\/#breadcrumb"},"inLanguage":"pt-PT","potentialAction":[{"@type":"ReadAction","target":["https:\/\/clientes.space\/michele-bond\/website\/produto\/acne-roll-on-para-borbulhas-de-acne-madara\/"]}]},{"@type":"BreadcrumbList","@id":"https:\/\/clientes.space\/michele-bond\/website\/produto\/acne-roll-on-para-borbulhas-de-acne-madara\/#breadcrumb","itemListElement":[{"@type":"ListItem","position":1,"name":"In\u00edcio","item":"https:\/\/clientes.space\/michele-bond\/website\/"},{"@type":"ListItem","position":2,"name":"Loja","item":"https:\/\/clientes.space\/michele-bond\/website\/loja-todos\/"},{"@type":"ListItem","position":3,"name":"Acne \u2013 Roll-on para Borbulhas de Acne 8ml"}]},{"@type":"WebSite","@id":"https:\/\/clientes.space\/michele-bond\/website\/#website","url":"https:\/\/clientes.space\/michele-bond\/website\/","name":"Michelle Bond - Holistic Health &amp; Beauty","description":"Medicina Est\u00e9tica, Naturopatia, Nutri\u00e7\u00e3o e Fisioterapia","potentialAction":[{"@type":"SearchAction","target":{"@type":"EntryPoint","urlTemplate":"https:\/\/clientes.space\/michele-bond\/website\/?s={search_term_string}"},"query-input":"required name=search_term_string"}],"inLanguage":"pt-PT"}]}},"_links":{"self":[{"href":"https:\/\/clientes.space\/michele-bond\/website\/wp-json\/wp\/v2\/product\/7449"}],"collection":[{"href":"https:\/\/clientes.space\/michele-bond\/website\/wp-json\/wp\/v2\/product"}],"about":[{"href":"https:\/\/clientes.space\/michele-bond\/website\/wp-json\/wp\/v2\/types\/product"}],"replies":[{"embeddable":true,"href":"https:\/\/clientes.space\/michele-bond\/website\/wp-json\/wp\/v2\/comments?post=7449"}],"wp:featuredmedia":[{"embeddable":true,"href":"https:\/\/clientes.space\/michele-bond\/website\/wp-json\/wp\/v2\/media\/7450"}],"wp:attachment":[{"href":"https:\/\/clientes.space\/michele-bond\/website\/wp-json\/wp\/v2\/media?parent=7449"}],"wp:term":[{"taxonomy":"product_cat","embeddable":true,"href":"https:\/\/clientes.space\/michele-bond\/website\/wp-json\/wp\/v2\/product_cat?post=7449"},{"taxonomy":"product_tag","embeddable":true,"href":"https:\/\/clientes.space\/michele-bond\/website\/wp-json\/wp\/v2\/product_tag?post=7449"}],"curies":[{"name":"wp","href":"https:\/\/api.w.org\/{rel}","templated":true}]}}