{"id":7645,"date":"2020-11-24T10:41:58","date_gmt":"2020-11-24T10:41:58","guid":{"rendered":"https:\/\/clientes.space\/michele-bond\/website\/?post_type=product&#038;p=7645"},"modified":"2023-02-27T14:30:07","modified_gmt":"2023-02-27T14:30:07","slug":"massagem-para-gravidas","status":"publish","type":"product","link":"https:\/\/clientes.space\/michele-bond\/website\/produto\/massagem-para-gravidas\/","title":{"rendered":"Massagem para Gr\u00e1vidas"},"content":{"rendered":"<p>Mime a sua gr\u00e1vida preferida com uma massagem na Cl\u00ednica Michelle Bond<\/p>\n<p>Durante os \u00faltimos meses de gravidez \u00e9 natural que a mulher comece a sentir algum desconforto pelo crescimento da barriga. Podendo tamb\u00e9m sentir dores nas costas, incha\u00e7o nas pernas e p\u00e9s, mal-estar de manh\u00e3 ou dificuldades em encontrar uma posi\u00e7\u00e3o de dormir confort\u00e1vel.<\/p>\n<p>Para que este per\u00edodo f\u00edsico e mentalmente desafiador decorra da melhor maneira, a Cl\u00ednica Michelle Bond desenvolveu um tratamento que melhora o bem-estar das gr\u00e1vidas.<\/p>\n<p>Este \u00e9 um presente ideal para mimar as futuras mam\u00e3s, pois este \u00e9 um tratamento seguro para as gr\u00e1vidas que est\u00e3o no segundo ou terceiro trimestre, ou que deram \u00e0 luz recentemente. Assemelha-se ao tratamento Drenagem Linf\u00e1tica, mas adaptado \u00e0s necessidades da m\u00e3e e do beb\u00e9 ainda n\u00e3o nascido.<\/p>\n<p>O principal objetivo deste tratamento \u00e9 ajudar a gr\u00e1vidas a obter um relaxamento mais completo, aumentando os n\u00edveis de energia, melhorar o humor e combater a ansiedade.<\/p>\n<p>O tratamento \u00e9 realizado com movimentos longos e lentos, e movimentos de amassamento nos locais em que se sinta mais tensa. Ser\u00e1 dada especial aten\u00e7\u00e3o \u00e0 parte inferior das costas, \u00e0 cabe\u00e7a, ao pesco\u00e7o e rosto, para que seja uma experi\u00eancia de corpo inteiro.<\/p>\n<p>Este tratamento tem como objetivo reduzir o incha\u00e7o nas penas e p\u00e9s; aliviar a press\u00e3o nas articula\u00e7\u00f5es e na regi\u00e3o lombar; alivia a dores di\u00e1rias; diminui o stress e a ansiedade e melhora a qualidade de vida.<\/p>\n<p>A massagem para gr\u00e1vidas \u00e9 um tratamento profundamente relaxante, diminuindo os sentimentos de ansiedade e tens\u00e3o durante e ap\u00f3s a massagem.<\/p>\n","protected":false},"excerpt":{"rendered":"<p>A massagem para gr\u00e1vidas \u00e9 um tratamento seguro para futuras mam\u00e3s, que est\u00e3o no segundo ou terceiro trimestre, ou que deram \u00e0 luz recentemente. Assemelha-se ao nosso tratamento <a href=\"https:\/\/clientes.space\/michele-bond\/website\/drenagem-linfatica\/\">Drenagem Linf\u00e1tica<\/a>, mas adaptado \u00e0s necessidades da m\u00e3e e do beb\u00e9 ainda n\u00e3o nascido.<\/p>\n","protected":false},"featured_media":679,"comment_status":"open","ping_status":"closed","template":"","meta":{"content-type":""},"product_cat":[892,907],"product_tag":[],"yoast_head":"<!-- This site is optimized with the Yoast SEO plugin v21.7 - https:\/\/yoast.com\/wordpress\/plugins\/seo\/ -->\n<title>Cart\u00e3o Presente Massagem para Gr\u00e1vidas -Cl\u00ednica Michelle Bond - Parque das Na\u00e7\u00f5es<\/title>\n<meta name=\"description\" content=\"Surpreenda a futura mam\u00e3 com uma massagem para gr\u00e1vidas. Ajuda a gr\u00e1vida a obter um relaxamento mais completo, aumentando os n\u00edveis de energia, melhora o humor e combate a ansiedade.\" \/>\n<meta name=\"robots\" content=\"index, follow, max-snippet:-1, max-image-preview:large, max-video-preview:-1\" \/>\n<link rel=\"canonical\" href=\"https:\/\/clientes.space\/michele-bond\/website\/produto\/massagem-para-gravidas\/\" \/>\n<meta property=\"og:locale\" content=\"pt_PT\" \/>\n<meta property=\"og:type\" content=\"article\" \/>\n<meta property=\"og:title\" content=\"Cart\u00e3o Presente Massagem para Gr\u00e1vidas -Cl\u00ednica Michelle Bond - Parque das Na\u00e7\u00f5es\" \/>\n<meta property=\"og:description\" content=\"Surpreenda a futura mam\u00e3 com uma massagem para gr\u00e1vidas. Ajuda a gr\u00e1vida a obter um relaxamento mais completo, aumentando os n\u00edveis de energia, melhora o humor e combate a ansiedade.\" \/>\n<meta property=\"og:url\" content=\"https:\/\/clientes.space\/michele-bond\/website\/produto\/massagem-para-gravidas\/\" \/>\n<meta property=\"og:site_name\" content=\"Michelle Bond Clinic | Lisboa\" \/>\n<meta property=\"article:modified_time\" content=\"2023-02-27T14:30:07+00:00\" \/>\n<meta property=\"og:image\" content=\"https:\/\/clientes.space\/michele-bond\/website\/wp-content\/uploads\/2016\/12\/depressao-pos-parto-650-450_mini.jpg\" \/>\n\t<meta property=\"og:image:width\" content=\"650\" \/>\n\t<meta property=\"og:image:height\" content=\"450\" \/>\n\t<meta property=\"og:image:type\" content=\"image\/jpeg\" \/>\n<meta name=\"twitter:card\" content=\"summary_large_image\" \/>\n<meta name=\"twitter:label1\" content=\"Tempo estimado de leitura\" \/>\n\t<meta name=\"twitter:data1\" content=\"2 minutos\" \/>\n<script type=\"application\/ld+json\" class=\"yoast-schema-graph\">{\"@context\":\"https:\/\/schema.org\",\"@graph\":[{\"@type\":\"WebPage\",\"@id\":\"https:\/\/clientes.space\/michele-bond\/website\/produto\/massagem-para-gravidas\/\",\"url\":\"https:\/\/clientes.space\/michele-bond\/website\/produto\/massagem-para-gravidas\/\",\"name\":\"Cart\u00e3o Presente Massagem para Gr\u00e1vidas -Cl\u00ednica Michelle Bond - Parque das Na\u00e7\u00f5es\",\"isPartOf\":{\"@id\":\"https:\/\/clientes.space\/michele-bond\/website\/#website\"},\"datePublished\":\"2020-11-24T10:41:58+00:00\",\"dateModified\":\"2023-02-27T14:30:07+00:00\",\"description\":\"Surpreenda a futura mam\u00e3 com uma massagem para gr\u00e1vidas. Ajuda a gr\u00e1vida a obter um relaxamento mais completo, aumentando os n\u00edveis de energia, melhora o humor e combate a ansiedade.\",\"breadcrumb\":{\"@id\":\"https:\/\/clientes.space\/michele-bond\/website\/produto\/massagem-para-gravidas\/#breadcrumb\"},\"inLanguage\":\"pt-PT\",\"potentialAction\":[{\"@type\":\"ReadAction\",\"target\":[\"https:\/\/clientes.space\/michele-bond\/website\/produto\/massagem-para-gravidas\/\"]}]},{\"@type\":\"BreadcrumbList\",\"@id\":\"https:\/\/clientes.space\/michele-bond\/website\/produto\/massagem-para-gravidas\/#breadcrumb\",\"itemListElement\":[{\"@type\":\"ListItem\",\"position\":1,\"name\":\"In\u00edcio\",\"item\":\"https:\/\/clientes.space\/michele-bond\/website\/\"},{\"@type\":\"ListItem\",\"position\":2,\"name\":\"Loja\",\"item\":\"https:\/\/clientes.space\/michele-bond\/website\/loja-todos\/\"},{\"@type\":\"ListItem\",\"position\":3,\"name\":\"Massagem para Gr\u00e1vidas\"}]},{\"@type\":\"WebSite\",\"@id\":\"https:\/\/clientes.space\/michele-bond\/website\/#website\",\"url\":\"https:\/\/clientes.space\/michele-bond\/website\/\",\"name\":\"Michelle Bond - Holistic Health &amp; Beauty\",\"description\":\"Medicina Est\u00e9tica, Naturopatia, Nutri\u00e7\u00e3o e Fisioterapia\",\"potentialAction\":[{\"@type\":\"SearchAction\",\"target\":{\"@type\":\"EntryPoint\",\"urlTemplate\":\"https:\/\/clientes.space\/michele-bond\/website\/?s={search_term_string}\"},\"query-input\":\"required name=search_term_string\"}],\"inLanguage\":\"pt-PT\"}]}<\/script>\n<!-- \/ Yoast SEO plugin. -->","yoast_head_json":{"title":"Cart\u00e3o Presente Massagem para Gr\u00e1vidas -Cl\u00ednica Michelle Bond - Parque das Na\u00e7\u00f5es","description":"Surpreenda a futura mam\u00e3 com uma massagem para gr\u00e1vidas. Ajuda a gr\u00e1vida a obter um relaxamento mais completo, aumentando os n\u00edveis de energia, melhora o humor e combate a ansiedade.","robots":{"index":"index","follow":"follow","max-snippet":"max-snippet:-1","max-image-preview":"max-image-preview:large","max-video-preview":"max-video-preview:-1"},"canonical":"https:\/\/clientes.space\/michele-bond\/website\/produto\/massagem-para-gravidas\/","og_locale":"pt_PT","og_type":"article","og_title":"Cart\u00e3o Presente Massagem para Gr\u00e1vidas -Cl\u00ednica Michelle Bond - Parque das Na\u00e7\u00f5es","og_description":"Surpreenda a futura mam\u00e3 com uma massagem para gr\u00e1vidas. Ajuda a gr\u00e1vida a obter um relaxamento mais completo, aumentando os n\u00edveis de energia, melhora o humor e combate a ansiedade.","og_url":"https:\/\/clientes.space\/michele-bond\/website\/produto\/massagem-para-gravidas\/","og_site_name":"Michelle Bond Clinic | Lisboa","article_modified_time":"2023-02-27T14:30:07+00:00","og_image":[{"width":650,"height":450,"url":"https:\/\/clientes.space\/michele-bond\/website\/wp-content\/uploads\/2016\/12\/depressao-pos-parto-650-450_mini.jpg","type":"image\/jpeg"}],"twitter_card":"summary_large_image","twitter_misc":{"Tempo estimado de leitura":"2 minutos"},"schema":{"@context":"https:\/\/schema.org","@graph":[{"@type":"WebPage","@id":"https:\/\/clientes.space\/michele-bond\/website\/produto\/massagem-para-gravidas\/","url":"https:\/\/clientes.space\/michele-bond\/website\/produto\/massagem-para-gravidas\/","name":"Cart\u00e3o Presente Massagem para Gr\u00e1vidas -Cl\u00ednica Michelle Bond - Parque das Na\u00e7\u00f5es","isPartOf":{"@id":"https:\/\/clientes.space\/michele-bond\/website\/#website"},"datePublished":"2020-11-24T10:41:58+00:00","dateModified":"2023-02-27T14:30:07+00:00","description":"Surpreenda a futura mam\u00e3 com uma massagem para gr\u00e1vidas. Ajuda a gr\u00e1vida a obter um relaxamento mais completo, aumentando os n\u00edveis de energia, melhora o humor e combate a ansiedade.","breadcrumb":{"@id":"https:\/\/clientes.space\/michele-bond\/website\/produto\/massagem-para-gravidas\/#breadcrumb"},"inLanguage":"pt-PT","potentialAction":[{"@type":"ReadAction","target":["https:\/\/clientes.space\/michele-bond\/website\/produto\/massagem-para-gravidas\/"]}]},{"@type":"BreadcrumbList","@id":"https:\/\/clientes.space\/michele-bond\/website\/produto\/massagem-para-gravidas\/#breadcrumb","itemListElement":[{"@type":"ListItem","position":1,"name":"In\u00edcio","item":"https:\/\/clientes.space\/michele-bond\/website\/"},{"@type":"ListItem","position":2,"name":"Loja","item":"https:\/\/clientes.space\/michele-bond\/website\/loja-todos\/"},{"@type":"ListItem","position":3,"name":"Massagem para Gr\u00e1vidas"}]},{"@type":"WebSite","@id":"https:\/\/clientes.space\/michele-bond\/website\/#website","url":"https:\/\/clientes.space\/michele-bond\/website\/","name":"Michelle Bond - Holistic Health &amp; Beauty","description":"Medicina Est\u00e9tica, Naturopatia, Nutri\u00e7\u00e3o e Fisioterapia","potentialAction":[{"@type":"SearchAction","target":{"@type":"EntryPoint","urlTemplate":"https:\/\/clientes.space\/michele-bond\/website\/?s={search_term_string}"},"query-input":"required name=search_term_string"}],"inLanguage":"pt-PT"}]}},"_links":{"self":[{"href":"https:\/\/clientes.space\/michele-bond\/website\/wp-json\/wp\/v2\/product\/7645"}],"collection":[{"href":"https:\/\/clientes.space\/michele-bond\/website\/wp-json\/wp\/v2\/product"}],"about":[{"href":"https:\/\/clientes.space\/michele-bond\/website\/wp-json\/wp\/v2\/types\/product"}],"replies":[{"embeddable":true,"href":"https:\/\/clientes.space\/michele-bond\/website\/wp-json\/wp\/v2\/comments?post=7645"}],"wp:featuredmedia":[{"embeddable":true,"href":"https:\/\/clientes.space\/michele-bond\/website\/wp-json\/wp\/v2\/media\/679"}],"wp:attachment":[{"href":"https:\/\/clientes.space\/michele-bond\/website\/wp-json\/wp\/v2\/media?parent=7645"}],"wp:term":[{"taxonomy":"product_cat","embeddable":true,"href":"https:\/\/clientes.space\/michele-bond\/website\/wp-json\/wp\/v2\/product_cat?post=7645"},{"taxonomy":"product_tag","embeddable":true,"href":"https:\/\/clientes.space\/michele-bond\/website\/wp-json\/wp\/v2\/product_tag?post=7645"}],"curies":[{"name":"wp","href":"https:\/\/api.w.org\/{rel}","templated":true}]}}