{"id":7646,"date":"2020-11-24T10:44:54","date_gmt":"2020-11-24T10:44:54","guid":{"rendered":"https:\/\/clientes.space\/michele-bond\/website\/?post_type=product&#038;p=7646"},"modified":"2022-07-01T12:07:42","modified_gmt":"2022-07-01T12:07:42","slug":"massagem-relaxante","status":"publish","type":"product","link":"https:\/\/clientes.space\/michele-bond\/website\/produto\/massagem-relaxante\/","title":{"rendered":"Massagem Relaxante"},"content":{"rendered":"<p>Qualquer pessoa sentir\u00e1 os benef\u00edcios do tratamento da massagem relaxante, uma vez que esta liberta a tens\u00e3o muscular e diminui a inflama\u00e7\u00e3o.<\/p>\n<p>Assim sendo, as pessoas indicadas para usufruir na plenitude deste tratamento s\u00e3o quem:<\/p>\n<ul>\n<li>pretende focar-se no relaxamento;<\/li>\n<li>d\u00e1 prefer\u00eancia por press\u00e3o leve ou m\u00e9dia;<\/li>\n<li>quer sentir-se calmo e sereno.<\/li>\n<\/ul>\n<p>A massagem relaxante baseia-se em t\u00e9cnicas de massagem tradicionais. Este \u00e9 o tratamento ideal para pessoas que procuram um est\u00edmulo saud\u00e1vel e indulgente.<\/p>\n<p>Nestas massagens a terapeuta utiliza movimentos longos e movimentos circulares profundos, o que o ajudar\u00e1 a relaxar e descontrair, ao mesmo tempo que estimula o sistema imunol\u00f3gico.<\/p>\n<p>A massagem passou a ser associada a uma ampla gama de benef\u00edcios para a sa\u00fade, desde o al\u00edvio da dor, o aumento da circula\u00e7\u00e3o e at\u00e9 mesmo no tratamento de disfun\u00e7\u00f5es como a artrite.<\/p>\n<p>Dura\u00e7\u00e3o da massagem: 60 mins.<\/p>\n<p>Dura\u00e7\u00e3o da massagem e mini facial: 90 mins.<\/p>\n<p>Para saber mais, visite a nossa p\u00e1gina <a href=\"https:\/\/clientes.space\/michele-bond\/website\/massagem-relaxante-parque-das-nacoes\/\">Massagem Relaxante<\/a> e<a href=\"https:\/\/clientes.space\/michele-bond\/website\/loja\/mini-facial\/\"> Mini Facial.<\/a><\/p>\n<p><strong>COMO UTILIZAR E CONDI\u00c7\u00d5ES:<\/strong><\/p>\n<ul>\n<li>Voucher v\u00e1lido por 6 meses.<\/li>\n<\/ul>\n<p><strong>Como usufruir do voucher:<\/strong><\/p>\n<ul>\n<li>Ap\u00f3s a compra estar conclu\u00edda, receber\u00e1 no seu endere\u00e7o de email o respetivo voucher ou poder\u00e1 ser levantado na cl\u00ednica.<\/li>\n<li>Contacte o n\u00famero 967 250 466 ou o e-mail\u00a0geral@clientes.space\u00a0para efetuar a marca\u00e7\u00e3o para a data e hora de acordo com a sua prefer\u00eancia.<\/li>\n<\/ul>\n","protected":false},"excerpt":{"rendered":"<p>A massagem relaxante baseia-se em t\u00e9cnicas de massagem tradicionais. Este \u00e9 o tratamento ideal para pessoas que procuram um est\u00edmulo saud\u00e1vel e indulgente. Nestas massagens a terapeuta utiliza movimentos longos e movimentos circulares profundos, o que o ajudar\u00e1 a relaxar e descontrair.<\/p>\n","protected":false},"featured_media":4093,"comment_status":"open","ping_status":"closed","template":"","meta":{"content-type":""},"product_cat":[893,907],"product_tag":[],"yoast_head":"<!-- This site is optimized with the Yoast SEO plugin v21.7 - https:\/\/yoast.com\/wordpress\/plugins\/seo\/ -->\n<title>Compre Massagem Relaxante | Cl\u00ednica Michelle Bond | Parque das Na\u00e7\u00f5es<\/title>\n<meta name=\"description\" content=\"Adquira a sua massagem relaxante na nossa loja omline. A massagem relaxante \u00e9 o tratamento ideal para pessoas que procuram um est\u00edmulo saud\u00e1vel e indulgente.\" \/>\n<meta name=\"robots\" content=\"index, follow, max-snippet:-1, max-image-preview:large, max-video-preview:-1\" \/>\n<link rel=\"canonical\" href=\"https:\/\/clientes.space\/michele-bond\/website\/produto\/massagem-relaxante\/\" \/>\n<meta property=\"og:locale\" content=\"pt_PT\" \/>\n<meta property=\"og:type\" content=\"article\" \/>\n<meta property=\"og:title\" content=\"Compre Massagem Relaxante | Cl\u00ednica Michelle Bond | Parque das Na\u00e7\u00f5es\" \/>\n<meta property=\"og:description\" content=\"Adquira a sua massagem relaxante na nossa loja omline. A massagem relaxante \u00e9 o tratamento ideal para pessoas que procuram um est\u00edmulo saud\u00e1vel e indulgente.\" \/>\n<meta property=\"og:url\" content=\"https:\/\/clientes.space\/michele-bond\/website\/produto\/massagem-relaxante\/\" \/>\n<meta property=\"og:site_name\" content=\"Michelle Bond Clinic | Lisboa\" \/>\n<meta property=\"article:modified_time\" content=\"2022-07-01T12:07:42+00:00\" \/>\n<meta property=\"og:image\" content=\"https:\/\/clientes.space\/michele-bond\/website\/wp-content\/uploads\/2020\/03\/Wellness-massagens-de-bem-estar.jpg\" \/>\n\t<meta property=\"og:image:width\" content=\"1920\" \/>\n\t<meta property=\"og:image:height\" content=\"712\" \/>\n\t<meta property=\"og:image:type\" content=\"image\/jpeg\" \/>\n<meta name=\"twitter:card\" content=\"summary_large_image\" \/>\n<meta name=\"twitter:label1\" content=\"Tempo estimado de leitura\" \/>\n\t<meta name=\"twitter:data1\" content=\"1 minuto\" \/>\n<script type=\"application\/ld+json\" class=\"yoast-schema-graph\">{\"@context\":\"https:\/\/schema.org\",\"@graph\":[{\"@type\":\"WebPage\",\"@id\":\"https:\/\/clientes.space\/michele-bond\/website\/produto\/massagem-relaxante\/\",\"url\":\"https:\/\/clientes.space\/michele-bond\/website\/produto\/massagem-relaxante\/\",\"name\":\"Compre Massagem Relaxante | Cl\u00ednica Michelle Bond | Parque das Na\u00e7\u00f5es\",\"isPartOf\":{\"@id\":\"https:\/\/clientes.space\/michele-bond\/website\/#website\"},\"datePublished\":\"2020-11-24T10:44:54+00:00\",\"dateModified\":\"2022-07-01T12:07:42+00:00\",\"description\":\"Adquira a sua massagem relaxante na nossa loja omline. A massagem relaxante \u00e9 o tratamento ideal para pessoas que procuram um est\u00edmulo saud\u00e1vel e indulgente.\",\"breadcrumb\":{\"@id\":\"https:\/\/clientes.space\/michele-bond\/website\/produto\/massagem-relaxante\/#breadcrumb\"},\"inLanguage\":\"pt-PT\",\"potentialAction\":[{\"@type\":\"ReadAction\",\"target\":[\"https:\/\/clientes.space\/michele-bond\/website\/produto\/massagem-relaxante\/\"]}]},{\"@type\":\"BreadcrumbList\",\"@id\":\"https:\/\/clientes.space\/michele-bond\/website\/produto\/massagem-relaxante\/#breadcrumb\",\"itemListElement\":[{\"@type\":\"ListItem\",\"position\":1,\"name\":\"In\u00edcio\",\"item\":\"https:\/\/clientes.space\/michele-bond\/website\/\"},{\"@type\":\"ListItem\",\"position\":2,\"name\":\"Loja\",\"item\":\"https:\/\/clientes.space\/michele-bond\/website\/loja-todos\/\"},{\"@type\":\"ListItem\",\"position\":3,\"name\":\"Massagem Relaxante\"}]},{\"@type\":\"WebSite\",\"@id\":\"https:\/\/clientes.space\/michele-bond\/website\/#website\",\"url\":\"https:\/\/clientes.space\/michele-bond\/website\/\",\"name\":\"Michelle Bond - Holistic Health &amp; Beauty\",\"description\":\"Medicina Est\u00e9tica, Naturopatia, Nutri\u00e7\u00e3o e Fisioterapia\",\"potentialAction\":[{\"@type\":\"SearchAction\",\"target\":{\"@type\":\"EntryPoint\",\"urlTemplate\":\"https:\/\/clientes.space\/michele-bond\/website\/?s={search_term_string}\"},\"query-input\":\"required name=search_term_string\"}],\"inLanguage\":\"pt-PT\"}]}<\/script>\n<!-- \/ Yoast SEO plugin. -->","yoast_head_json":{"title":"Compre Massagem Relaxante | Cl\u00ednica Michelle Bond | Parque das Na\u00e7\u00f5es","description":"Adquira a sua massagem relaxante na nossa loja omline. A massagem relaxante \u00e9 o tratamento ideal para pessoas que procuram um est\u00edmulo saud\u00e1vel e indulgente.","robots":{"index":"index","follow":"follow","max-snippet":"max-snippet:-1","max-image-preview":"max-image-preview:large","max-video-preview":"max-video-preview:-1"},"canonical":"https:\/\/clientes.space\/michele-bond\/website\/produto\/massagem-relaxante\/","og_locale":"pt_PT","og_type":"article","og_title":"Compre Massagem Relaxante | Cl\u00ednica Michelle Bond | Parque das Na\u00e7\u00f5es","og_description":"Adquira a sua massagem relaxante na nossa loja omline. A massagem relaxante \u00e9 o tratamento ideal para pessoas que procuram um est\u00edmulo saud\u00e1vel e indulgente.","og_url":"https:\/\/clientes.space\/michele-bond\/website\/produto\/massagem-relaxante\/","og_site_name":"Michelle Bond Clinic | Lisboa","article_modified_time":"2022-07-01T12:07:42+00:00","og_image":[{"width":1920,"height":712,"url":"https:\/\/clientes.space\/michele-bond\/website\/wp-content\/uploads\/2020\/03\/Wellness-massagens-de-bem-estar.jpg","type":"image\/jpeg"}],"twitter_card":"summary_large_image","twitter_misc":{"Tempo estimado de leitura":"1 minuto"},"schema":{"@context":"https:\/\/schema.org","@graph":[{"@type":"WebPage","@id":"https:\/\/clientes.space\/michele-bond\/website\/produto\/massagem-relaxante\/","url":"https:\/\/clientes.space\/michele-bond\/website\/produto\/massagem-relaxante\/","name":"Compre Massagem Relaxante | Cl\u00ednica Michelle Bond | Parque das Na\u00e7\u00f5es","isPartOf":{"@id":"https:\/\/clientes.space\/michele-bond\/website\/#website"},"datePublished":"2020-11-24T10:44:54+00:00","dateModified":"2022-07-01T12:07:42+00:00","description":"Adquira a sua massagem relaxante na nossa loja omline. A massagem relaxante \u00e9 o tratamento ideal para pessoas que procuram um est\u00edmulo saud\u00e1vel e indulgente.","breadcrumb":{"@id":"https:\/\/clientes.space\/michele-bond\/website\/produto\/massagem-relaxante\/#breadcrumb"},"inLanguage":"pt-PT","potentialAction":[{"@type":"ReadAction","target":["https:\/\/clientes.space\/michele-bond\/website\/produto\/massagem-relaxante\/"]}]},{"@type":"BreadcrumbList","@id":"https:\/\/clientes.space\/michele-bond\/website\/produto\/massagem-relaxante\/#breadcrumb","itemListElement":[{"@type":"ListItem","position":1,"name":"In\u00edcio","item":"https:\/\/clientes.space\/michele-bond\/website\/"},{"@type":"ListItem","position":2,"name":"Loja","item":"https:\/\/clientes.space\/michele-bond\/website\/loja-todos\/"},{"@type":"ListItem","position":3,"name":"Massagem Relaxante"}]},{"@type":"WebSite","@id":"https:\/\/clientes.space\/michele-bond\/website\/#website","url":"https:\/\/clientes.space\/michele-bond\/website\/","name":"Michelle Bond - Holistic Health &amp; Beauty","description":"Medicina Est\u00e9tica, Naturopatia, Nutri\u00e7\u00e3o e Fisioterapia","potentialAction":[{"@type":"SearchAction","target":{"@type":"EntryPoint","urlTemplate":"https:\/\/clientes.space\/michele-bond\/website\/?s={search_term_string}"},"query-input":"required name=search_term_string"}],"inLanguage":"pt-PT"}]}},"_links":{"self":[{"href":"https:\/\/clientes.space\/michele-bond\/website\/wp-json\/wp\/v2\/product\/7646"}],"collection":[{"href":"https:\/\/clientes.space\/michele-bond\/website\/wp-json\/wp\/v2\/product"}],"about":[{"href":"https:\/\/clientes.space\/michele-bond\/website\/wp-json\/wp\/v2\/types\/product"}],"replies":[{"embeddable":true,"href":"https:\/\/clientes.space\/michele-bond\/website\/wp-json\/wp\/v2\/comments?post=7646"}],"wp:featuredmedia":[{"embeddable":true,"href":"https:\/\/clientes.space\/michele-bond\/website\/wp-json\/wp\/v2\/media\/4093"}],"wp:attachment":[{"href":"https:\/\/clientes.space\/michele-bond\/website\/wp-json\/wp\/v2\/media?parent=7646"}],"wp:term":[{"taxonomy":"product_cat","embeddable":true,"href":"https:\/\/clientes.space\/michele-bond\/website\/wp-json\/wp\/v2\/product_cat?post=7646"},{"taxonomy":"product_tag","embeddable":true,"href":"https:\/\/clientes.space\/michele-bond\/website\/wp-json\/wp\/v2\/product_tag?post=7646"}],"curies":[{"name":"wp","href":"https:\/\/api.w.org\/{rel}","templated":true}]}}