{"id":7649,"date":"2020-11-24T11:07:23","date_gmt":"2020-11-24T11:07:23","guid":{"rendered":"https:\/\/clientes.space\/michele-bond\/website\/?post_type=product&#038;p=7649"},"modified":"2023-01-17T11:29:21","modified_gmt":"2023-01-17T11:29:21","slug":"green-peel-classic","status":"publish","type":"product","link":"https:\/\/clientes.space\/michele-bond\/website\/produto\/green-peel-classic\/","title":{"rendered":"Green Peel\u00ae"},"content":{"rendered":"<p>O Green Peel\u00ae, um tratamento de regenera\u00e7\u00e3o da pele de grau m\u00e9dico \u00e0 base de ervas, que \u00e9 realizado exclusivamente por vitaminas e minerais naturais.<\/p>\n<p>O reconhecimento do Green Peel\u00ae obtido mundialmente, provou que este \u00e9 um m\u00e9todo seguro e eficaz. Podendo por isso, ser a solu\u00e7\u00e3o para v\u00e1rios problemas de pele no rosto e no corpo.<\/p>\n<h4>Existem as diferentes variantes:<\/h4>\n<ul>\n<li><strong>GREEN PEEL\u00ae Classic<br \/>\n<\/strong>Regenera\u00e7\u00e3o e renova\u00e7\u00e3o com o efeito peeling. Inclui produto homecare e 2 tratamentos em cl\u00ednica.<\/li>\n<\/ul>\n<ul>\n<li><strong>GREEN PEEL\u00ae Energy<br \/>\n<\/strong>Repara\u00e7\u00e3o natural da pele sem efeito peeling<\/li>\n<\/ul>\n<ul>\n<li><strong>GREEN PEEL\u00ae Fresh Up<br \/>\n<\/strong>Refrescante, sem efeito peeling<\/li>\n<\/ul>\n<p>Para saber mais, visite a nossa p\u00e1gina sobre o <a href=\"https:\/\/clientes.space\/michele-bond\/website\/green-peel\/\">Green Peel.<\/a><\/p>\n<p><strong>COMO UTILIZAR E CONDI\u00c7\u00d5ES:<\/strong><\/p>\n<ul>\n<li>Voucher v\u00e1lido por 6 meses.<\/li>\n<\/ul>\n<p><strong>Como usufruir do voucher:<\/strong><\/p>\n<ul>\n<li>Ap\u00f3s a compra estar conclu\u00edda, receber\u00e1 no seu endere\u00e7o de email o respetivo voucher ou poder\u00e1 ser levantado na cl\u00ednica.<\/li>\n<li>Contacte o n\u00famero 967 250 466 ou o e-mail\u00a0geral@clientes.space\u00a0para efetuar a marca\u00e7\u00e3o para a data e hora de acordo com a sua prefer\u00eancia.<\/li>\n<\/ul>\n","protected":false},"excerpt":{"rendered":"<p>O Green Peel\u00ae, um tratamento de regenera\u00e7\u00e3o da pele de grau m\u00e9dico \u00e0 base de ervas, que \u00e9 realizado exclusivamente por vitaminas e minerais naturais.<\/p>\n<p>&nbsp;<\/p>\n<p>&nbsp;<\/p>\n","protected":false},"featured_media":3926,"comment_status":"open","ping_status":"closed","template":"","meta":{"content-type":""},"product_cat":[749,755],"product_tag":[],"yoast_head":"<!-- This site is optimized with the Yoast SEO plugin v21.7 - https:\/\/yoast.com\/wordpress\/plugins\/seo\/ -->\n<title>Comprar Green Peel\u00ae | Cl\u00ednica Michelle Bond | Parque das Na\u00e7\u00f5es<\/title>\n<meta name=\"description\" content=\"Compre um voucher para o tratamento Green Peel\u00ae. Reconhecido mundialmente, provou que \u00e9 um m\u00e9todo seguro e eficaz. Podendo por isso, ser a solu\u00e7\u00e3o para v\u00e1rios problemas de pele no rosto e no corpo.\" \/>\n<meta name=\"robots\" content=\"index, follow, max-snippet:-1, max-image-preview:large, max-video-preview:-1\" \/>\n<link rel=\"canonical\" href=\"https:\/\/clientes.space\/michele-bond\/website\/produto\/green-peel-classic\/\" \/>\n<meta property=\"og:locale\" content=\"pt_PT\" \/>\n<meta property=\"og:type\" content=\"article\" \/>\n<meta property=\"og:title\" content=\"Comprar Green Peel\u00ae | Cl\u00ednica Michelle Bond | Parque das Na\u00e7\u00f5es\" \/>\n<meta property=\"og:description\" content=\"Compre um voucher para o tratamento Green Peel\u00ae. Reconhecido mundialmente, provou que \u00e9 um m\u00e9todo seguro e eficaz. Podendo por isso, ser a solu\u00e7\u00e3o para v\u00e1rios problemas de pele no rosto e no corpo.\" \/>\n<meta property=\"og:url\" content=\"https:\/\/clientes.space\/michele-bond\/website\/produto\/green-peel-classic\/\" \/>\n<meta property=\"og:site_name\" content=\"Michelle Bond Clinic | Lisboa\" \/>\n<meta property=\"article:modified_time\" content=\"2023-01-17T11:29:21+00:00\" \/>\n<meta property=\"og:image\" content=\"https:\/\/clientes.space\/michele-bond\/website\/wp-content\/uploads\/2020\/02\/Mini-Facial-Natural-e-Biologica.jpg\" \/>\n\t<meta property=\"og:image:width\" content=\"960\" \/>\n\t<meta property=\"og:image:height\" content=\"540\" \/>\n\t<meta property=\"og:image:type\" content=\"image\/jpeg\" \/>\n<meta name=\"twitter:card\" content=\"summary_large_image\" \/>\n<meta name=\"twitter:label1\" content=\"Tempo estimado de leitura\" \/>\n\t<meta name=\"twitter:data1\" content=\"1 minuto\" \/>\n<script type=\"application\/ld+json\" class=\"yoast-schema-graph\">{\"@context\":\"https:\/\/schema.org\",\"@graph\":[{\"@type\":\"WebPage\",\"@id\":\"https:\/\/clientes.space\/michele-bond\/website\/produto\/green-peel-classic\/\",\"url\":\"https:\/\/clientes.space\/michele-bond\/website\/produto\/green-peel-classic\/\",\"name\":\"Comprar Green Peel\u00ae | Cl\u00ednica Michelle Bond | Parque das Na\u00e7\u00f5es\",\"isPartOf\":{\"@id\":\"https:\/\/clientes.space\/michele-bond\/website\/#website\"},\"datePublished\":\"2020-11-24T11:07:23+00:00\",\"dateModified\":\"2023-01-17T11:29:21+00:00\",\"description\":\"Compre um voucher para o tratamento Green Peel\u00ae. Reconhecido mundialmente, provou que \u00e9 um m\u00e9todo seguro e eficaz. Podendo por isso, ser a solu\u00e7\u00e3o para v\u00e1rios problemas de pele no rosto e no corpo.\",\"breadcrumb\":{\"@id\":\"https:\/\/clientes.space\/michele-bond\/website\/produto\/green-peel-classic\/#breadcrumb\"},\"inLanguage\":\"pt-PT\",\"potentialAction\":[{\"@type\":\"ReadAction\",\"target\":[\"https:\/\/clientes.space\/michele-bond\/website\/produto\/green-peel-classic\/\"]}]},{\"@type\":\"BreadcrumbList\",\"@id\":\"https:\/\/clientes.space\/michele-bond\/website\/produto\/green-peel-classic\/#breadcrumb\",\"itemListElement\":[{\"@type\":\"ListItem\",\"position\":1,\"name\":\"In\u00edcio\",\"item\":\"https:\/\/clientes.space\/michele-bond\/website\/\"},{\"@type\":\"ListItem\",\"position\":2,\"name\":\"Loja\",\"item\":\"https:\/\/clientes.space\/michele-bond\/website\/loja-todos\/\"},{\"@type\":\"ListItem\",\"position\":3,\"name\":\"Green Peel\u00ae\"}]},{\"@type\":\"WebSite\",\"@id\":\"https:\/\/clientes.space\/michele-bond\/website\/#website\",\"url\":\"https:\/\/clientes.space\/michele-bond\/website\/\",\"name\":\"Michelle Bond - Holistic Health &amp; Beauty\",\"description\":\"Medicina Est\u00e9tica, Naturopatia, Nutri\u00e7\u00e3o e Fisioterapia\",\"potentialAction\":[{\"@type\":\"SearchAction\",\"target\":{\"@type\":\"EntryPoint\",\"urlTemplate\":\"https:\/\/clientes.space\/michele-bond\/website\/?s={search_term_string}\"},\"query-input\":\"required name=search_term_string\"}],\"inLanguage\":\"pt-PT\"}]}<\/script>\n<!-- \/ Yoast SEO plugin. -->","yoast_head_json":{"title":"Comprar Green Peel\u00ae | Cl\u00ednica Michelle Bond | Parque das Na\u00e7\u00f5es","description":"Compre um voucher para o tratamento Green Peel\u00ae. Reconhecido mundialmente, provou que \u00e9 um m\u00e9todo seguro e eficaz. Podendo por isso, ser a solu\u00e7\u00e3o para v\u00e1rios problemas de pele no rosto e no corpo.","robots":{"index":"index","follow":"follow","max-snippet":"max-snippet:-1","max-image-preview":"max-image-preview:large","max-video-preview":"max-video-preview:-1"},"canonical":"https:\/\/clientes.space\/michele-bond\/website\/produto\/green-peel-classic\/","og_locale":"pt_PT","og_type":"article","og_title":"Comprar Green Peel\u00ae | Cl\u00ednica Michelle Bond | Parque das Na\u00e7\u00f5es","og_description":"Compre um voucher para o tratamento Green Peel\u00ae. Reconhecido mundialmente, provou que \u00e9 um m\u00e9todo seguro e eficaz. Podendo por isso, ser a solu\u00e7\u00e3o para v\u00e1rios problemas de pele no rosto e no corpo.","og_url":"https:\/\/clientes.space\/michele-bond\/website\/produto\/green-peel-classic\/","og_site_name":"Michelle Bond Clinic | Lisboa","article_modified_time":"2023-01-17T11:29:21+00:00","og_image":[{"width":960,"height":540,"url":"https:\/\/clientes.space\/michele-bond\/website\/wp-content\/uploads\/2020\/02\/Mini-Facial-Natural-e-Biologica.jpg","type":"image\/jpeg"}],"twitter_card":"summary_large_image","twitter_misc":{"Tempo estimado de leitura":"1 minuto"},"schema":{"@context":"https:\/\/schema.org","@graph":[{"@type":"WebPage","@id":"https:\/\/clientes.space\/michele-bond\/website\/produto\/green-peel-classic\/","url":"https:\/\/clientes.space\/michele-bond\/website\/produto\/green-peel-classic\/","name":"Comprar Green Peel\u00ae | Cl\u00ednica Michelle Bond | Parque das Na\u00e7\u00f5es","isPartOf":{"@id":"https:\/\/clientes.space\/michele-bond\/website\/#website"},"datePublished":"2020-11-24T11:07:23+00:00","dateModified":"2023-01-17T11:29:21+00:00","description":"Compre um voucher para o tratamento Green Peel\u00ae. Reconhecido mundialmente, provou que \u00e9 um m\u00e9todo seguro e eficaz. Podendo por isso, ser a solu\u00e7\u00e3o para v\u00e1rios problemas de pele no rosto e no corpo.","breadcrumb":{"@id":"https:\/\/clientes.space\/michele-bond\/website\/produto\/green-peel-classic\/#breadcrumb"},"inLanguage":"pt-PT","potentialAction":[{"@type":"ReadAction","target":["https:\/\/clientes.space\/michele-bond\/website\/produto\/green-peel-classic\/"]}]},{"@type":"BreadcrumbList","@id":"https:\/\/clientes.space\/michele-bond\/website\/produto\/green-peel-classic\/#breadcrumb","itemListElement":[{"@type":"ListItem","position":1,"name":"In\u00edcio","item":"https:\/\/clientes.space\/michele-bond\/website\/"},{"@type":"ListItem","position":2,"name":"Loja","item":"https:\/\/clientes.space\/michele-bond\/website\/loja-todos\/"},{"@type":"ListItem","position":3,"name":"Green Peel\u00ae"}]},{"@type":"WebSite","@id":"https:\/\/clientes.space\/michele-bond\/website\/#website","url":"https:\/\/clientes.space\/michele-bond\/website\/","name":"Michelle Bond - Holistic Health &amp; Beauty","description":"Medicina Est\u00e9tica, Naturopatia, Nutri\u00e7\u00e3o e Fisioterapia","potentialAction":[{"@type":"SearchAction","target":{"@type":"EntryPoint","urlTemplate":"https:\/\/clientes.space\/michele-bond\/website\/?s={search_term_string}"},"query-input":"required name=search_term_string"}],"inLanguage":"pt-PT"}]}},"_links":{"self":[{"href":"https:\/\/clientes.space\/michele-bond\/website\/wp-json\/wp\/v2\/product\/7649"}],"collection":[{"href":"https:\/\/clientes.space\/michele-bond\/website\/wp-json\/wp\/v2\/product"}],"about":[{"href":"https:\/\/clientes.space\/michele-bond\/website\/wp-json\/wp\/v2\/types\/product"}],"replies":[{"embeddable":true,"href":"https:\/\/clientes.space\/michele-bond\/website\/wp-json\/wp\/v2\/comments?post=7649"}],"wp:featuredmedia":[{"embeddable":true,"href":"https:\/\/clientes.space\/michele-bond\/website\/wp-json\/wp\/v2\/media\/3926"}],"wp:attachment":[{"href":"https:\/\/clientes.space\/michele-bond\/website\/wp-json\/wp\/v2\/media?parent=7649"}],"wp:term":[{"taxonomy":"product_cat","embeddable":true,"href":"https:\/\/clientes.space\/michele-bond\/website\/wp-json\/wp\/v2\/product_cat?post=7649"},{"taxonomy":"product_tag","embeddable":true,"href":"https:\/\/clientes.space\/michele-bond\/website\/wp-json\/wp\/v2\/product_tag?post=7649"}],"curies":[{"name":"wp","href":"https:\/\/api.w.org\/{rel}","templated":true}]}}