{"id":7653,"date":"2020-11-24T11:22:47","date_gmt":"2020-11-24T11:22:47","guid":{"rendered":"https:\/\/clientes.space\/michele-bond\/website\/?post_type=product&#038;p=7653"},"modified":"2023-01-17T11:26:50","modified_gmt":"2023-01-17T11:26:50","slug":"radiofrequencia-facial","status":"publish","type":"product","link":"https:\/\/clientes.space\/michele-bond\/website\/produto\/radiofrequencia-facial\/","title":{"rendered":"Radiofrequ\u00eancia Facial"},"content":{"rendered":"<p>A Radiofrequ\u00eancia Tripolar Maximus Trilipo\u2122 \u00e9 um dos m\u00e9todos n\u00e3o invasivos mais eficazes para refirmar e tonificar visivelmente a pele.<\/p>\n<p>A energia de radiofrequ\u00eancia estimula a contra\u00e7\u00e3o das fibras de col\u00e1geno existentes e a produ\u00e7\u00e3o de novas c\u00e9lulas para suavizar, tonificar e refirmar a pele.<\/p>\n<p>\u00c1reas de tratamento incluem:<\/p>\n<ul>\n<li>Pesco\u00e7o (apenas dos lados e nunca na frente);<\/li>\n<li>Papada \u2013 Duplo Queixo;<\/li>\n<li>Testa;<\/li>\n<li>Ao redor dos olhos;<\/li>\n<li>Bochechas;<\/li>\n<li>Bigode chin\u00eas;<\/li>\n<li>Regi\u00e3o do maxilar.<\/li>\n<\/ul>\n<p>Para saber mais, visite a nossa p\u00e1gina sobre <a href=\"https:\/\/clientes.space\/michele-bond\/website\/radiofrequencia-rosto\/\">Radiofrequ\u00eancia Facial.<\/a><\/p>\n<p><strong>COMO UTILIZAR E CONDI\u00c7\u00d5ES:<\/strong><\/p>\n<ul>\n<li>Voucher v\u00e1lido por 6 meses.<\/li>\n<\/ul>\n<p><strong>Como usufruir do voucher:<\/strong><\/p>\n<ul>\n<li>Ap\u00f3s a compra estar conclu\u00edda, receber\u00e1 no seu endere\u00e7o de email o respetivo voucher ou poder\u00e1 ser levantado na cl\u00ednica.<\/li>\n<li>Contacte o n\u00famero 967 250 466 ou o e-mail\u00a0geral@clientes.space\u00a0para efetuar a marca\u00e7\u00e3o para a data e hora de acordo com a sua prefer\u00eancia.<\/li>\n<\/ul>\n","protected":false},"excerpt":{"rendered":"<p>A energia de radiofrequ\u00eancia estimula a contra\u00e7\u00e3o das fibras de col\u00e1geno existentes e a produ\u00e7\u00e3o de novas c\u00e9lulas para suavizar, tonificar e refirmar a pele.<\/p>\n","protected":false},"featured_media":1860,"comment_status":"open","ping_status":"closed","template":"","meta":{"content-type":""},"product_cat":[749,761],"product_tag":[],"yoast_head":"<!-- This site is optimized with the Yoast SEO plugin v21.7 - https:\/\/yoast.com\/wordpress\/plugins\/seo\/ -->\n<title>Comprar Voucher de Radiofrequ\u00eancia Facial | Cl\u00ednica Michelle Bond | Lisboa<\/title>\n<meta name=\"description\" content=\"Compre um voucher para uma sess\u00e3o de radiofrequ\u00eancia facial. A radiofrequ\u00eancia suaviza, tonifica e firma a pele. \u00c9 o melhor tratamento para a flacidez facial.\" \/>\n<meta name=\"robots\" content=\"index, follow, max-snippet:-1, max-image-preview:large, max-video-preview:-1\" \/>\n<link rel=\"canonical\" href=\"https:\/\/clientes.space\/michele-bond\/website\/produto\/radiofrequencia-facial\/\" \/>\n<meta property=\"og:locale\" content=\"pt_PT\" \/>\n<meta property=\"og:type\" content=\"article\" \/>\n<meta property=\"og:title\" content=\"Comprar Voucher de Radiofrequ\u00eancia Facial | Cl\u00ednica Michelle Bond | Lisboa\" \/>\n<meta property=\"og:description\" content=\"Compre um voucher para uma sess\u00e3o de radiofrequ\u00eancia facial. A radiofrequ\u00eancia suaviza, tonifica e firma a pele. \u00c9 o melhor tratamento para a flacidez facial.\" \/>\n<meta property=\"og:url\" content=\"https:\/\/clientes.space\/michele-bond\/website\/produto\/radiofrequencia-facial\/\" \/>\n<meta property=\"og:site_name\" content=\"Michelle Bond Clinic | Lisboa\" \/>\n<meta property=\"article:modified_time\" content=\"2023-01-17T11:26:50+00:00\" \/>\n<meta property=\"og:image\" content=\"https:\/\/clientes.space\/michele-bond\/website\/wp-content\/uploads\/2018\/06\/pollogen-face.png\" \/>\n\t<meta property=\"og:image:width\" content=\"500\" \/>\n\t<meta property=\"og:image:height\" content=\"302\" \/>\n\t<meta property=\"og:image:type\" content=\"image\/png\" \/>\n<meta name=\"twitter:card\" content=\"summary_large_image\" \/>\n<meta name=\"twitter:label1\" content=\"Tempo estimado de leitura\" \/>\n\t<meta name=\"twitter:data1\" content=\"1 minuto\" \/>\n<script type=\"application\/ld+json\" class=\"yoast-schema-graph\">{\"@context\":\"https:\/\/schema.org\",\"@graph\":[{\"@type\":\"WebPage\",\"@id\":\"https:\/\/clientes.space\/michele-bond\/website\/produto\/radiofrequencia-facial\/\",\"url\":\"https:\/\/clientes.space\/michele-bond\/website\/produto\/radiofrequencia-facial\/\",\"name\":\"Comprar Voucher de Radiofrequ\u00eancia Facial | Cl\u00ednica Michelle Bond | Lisboa\",\"isPartOf\":{\"@id\":\"https:\/\/clientes.space\/michele-bond\/website\/#website\"},\"datePublished\":\"2020-11-24T11:22:47+00:00\",\"dateModified\":\"2023-01-17T11:26:50+00:00\",\"description\":\"Compre um voucher para uma sess\u00e3o de radiofrequ\u00eancia facial. A radiofrequ\u00eancia suaviza, tonifica e firma a pele. \u00c9 o melhor tratamento para a flacidez facial.\",\"breadcrumb\":{\"@id\":\"https:\/\/clientes.space\/michele-bond\/website\/produto\/radiofrequencia-facial\/#breadcrumb\"},\"inLanguage\":\"pt-PT\",\"potentialAction\":[{\"@type\":\"ReadAction\",\"target\":[\"https:\/\/clientes.space\/michele-bond\/website\/produto\/radiofrequencia-facial\/\"]}]},{\"@type\":\"BreadcrumbList\",\"@id\":\"https:\/\/clientes.space\/michele-bond\/website\/produto\/radiofrequencia-facial\/#breadcrumb\",\"itemListElement\":[{\"@type\":\"ListItem\",\"position\":1,\"name\":\"In\u00edcio\",\"item\":\"https:\/\/clientes.space\/michele-bond\/website\/\"},{\"@type\":\"ListItem\",\"position\":2,\"name\":\"Loja\",\"item\":\"https:\/\/clientes.space\/michele-bond\/website\/loja-todos\/\"},{\"@type\":\"ListItem\",\"position\":3,\"name\":\"Radiofrequ\u00eancia Facial\"}]},{\"@type\":\"WebSite\",\"@id\":\"https:\/\/clientes.space\/michele-bond\/website\/#website\",\"url\":\"https:\/\/clientes.space\/michele-bond\/website\/\",\"name\":\"Michelle Bond - Holistic Health &amp; Beauty\",\"description\":\"Medicina Est\u00e9tica, Naturopatia, Nutri\u00e7\u00e3o e Fisioterapia\",\"potentialAction\":[{\"@type\":\"SearchAction\",\"target\":{\"@type\":\"EntryPoint\",\"urlTemplate\":\"https:\/\/clientes.space\/michele-bond\/website\/?s={search_term_string}\"},\"query-input\":\"required name=search_term_string\"}],\"inLanguage\":\"pt-PT\"}]}<\/script>\n<!-- \/ Yoast SEO plugin. -->","yoast_head_json":{"title":"Comprar Voucher de Radiofrequ\u00eancia Facial | Cl\u00ednica Michelle Bond | Lisboa","description":"Compre um voucher para uma sess\u00e3o de radiofrequ\u00eancia facial. A radiofrequ\u00eancia suaviza, tonifica e firma a pele. \u00c9 o melhor tratamento para a flacidez facial.","robots":{"index":"index","follow":"follow","max-snippet":"max-snippet:-1","max-image-preview":"max-image-preview:large","max-video-preview":"max-video-preview:-1"},"canonical":"https:\/\/clientes.space\/michele-bond\/website\/produto\/radiofrequencia-facial\/","og_locale":"pt_PT","og_type":"article","og_title":"Comprar Voucher de Radiofrequ\u00eancia Facial | Cl\u00ednica Michelle Bond | Lisboa","og_description":"Compre um voucher para uma sess\u00e3o de radiofrequ\u00eancia facial. A radiofrequ\u00eancia suaviza, tonifica e firma a pele. \u00c9 o melhor tratamento para a flacidez facial.","og_url":"https:\/\/clientes.space\/michele-bond\/website\/produto\/radiofrequencia-facial\/","og_site_name":"Michelle Bond Clinic | Lisboa","article_modified_time":"2023-01-17T11:26:50+00:00","og_image":[{"width":500,"height":302,"url":"https:\/\/clientes.space\/michele-bond\/website\/wp-content\/uploads\/2018\/06\/pollogen-face.png","type":"image\/png"}],"twitter_card":"summary_large_image","twitter_misc":{"Tempo estimado de leitura":"1 minuto"},"schema":{"@context":"https:\/\/schema.org","@graph":[{"@type":"WebPage","@id":"https:\/\/clientes.space\/michele-bond\/website\/produto\/radiofrequencia-facial\/","url":"https:\/\/clientes.space\/michele-bond\/website\/produto\/radiofrequencia-facial\/","name":"Comprar Voucher de Radiofrequ\u00eancia Facial | Cl\u00ednica Michelle Bond | Lisboa","isPartOf":{"@id":"https:\/\/clientes.space\/michele-bond\/website\/#website"},"datePublished":"2020-11-24T11:22:47+00:00","dateModified":"2023-01-17T11:26:50+00:00","description":"Compre um voucher para uma sess\u00e3o de radiofrequ\u00eancia facial. A radiofrequ\u00eancia suaviza, tonifica e firma a pele. \u00c9 o melhor tratamento para a flacidez facial.","breadcrumb":{"@id":"https:\/\/clientes.space\/michele-bond\/website\/produto\/radiofrequencia-facial\/#breadcrumb"},"inLanguage":"pt-PT","potentialAction":[{"@type":"ReadAction","target":["https:\/\/clientes.space\/michele-bond\/website\/produto\/radiofrequencia-facial\/"]}]},{"@type":"BreadcrumbList","@id":"https:\/\/clientes.space\/michele-bond\/website\/produto\/radiofrequencia-facial\/#breadcrumb","itemListElement":[{"@type":"ListItem","position":1,"name":"In\u00edcio","item":"https:\/\/clientes.space\/michele-bond\/website\/"},{"@type":"ListItem","position":2,"name":"Loja","item":"https:\/\/clientes.space\/michele-bond\/website\/loja-todos\/"},{"@type":"ListItem","position":3,"name":"Radiofrequ\u00eancia Facial"}]},{"@type":"WebSite","@id":"https:\/\/clientes.space\/michele-bond\/website\/#website","url":"https:\/\/clientes.space\/michele-bond\/website\/","name":"Michelle Bond - Holistic Health &amp; Beauty","description":"Medicina Est\u00e9tica, Naturopatia, Nutri\u00e7\u00e3o e Fisioterapia","potentialAction":[{"@type":"SearchAction","target":{"@type":"EntryPoint","urlTemplate":"https:\/\/clientes.space\/michele-bond\/website\/?s={search_term_string}"},"query-input":"required name=search_term_string"}],"inLanguage":"pt-PT"}]}},"_links":{"self":[{"href":"https:\/\/clientes.space\/michele-bond\/website\/wp-json\/wp\/v2\/product\/7653"}],"collection":[{"href":"https:\/\/clientes.space\/michele-bond\/website\/wp-json\/wp\/v2\/product"}],"about":[{"href":"https:\/\/clientes.space\/michele-bond\/website\/wp-json\/wp\/v2\/types\/product"}],"replies":[{"embeddable":true,"href":"https:\/\/clientes.space\/michele-bond\/website\/wp-json\/wp\/v2\/comments?post=7653"}],"wp:featuredmedia":[{"embeddable":true,"href":"https:\/\/clientes.space\/michele-bond\/website\/wp-json\/wp\/v2\/media\/1860"}],"wp:attachment":[{"href":"https:\/\/clientes.space\/michele-bond\/website\/wp-json\/wp\/v2\/media?parent=7653"}],"wp:term":[{"taxonomy":"product_cat","embeddable":true,"href":"https:\/\/clientes.space\/michele-bond\/website\/wp-json\/wp\/v2\/product_cat?post=7653"},{"taxonomy":"product_tag","embeddable":true,"href":"https:\/\/clientes.space\/michele-bond\/website\/wp-json\/wp\/v2\/product_tag?post=7653"}],"curies":[{"name":"wp","href":"https:\/\/api.w.org\/{rel}","templated":true}]}}