{"id":7654,"date":"2020-11-24T11:28:08","date_gmt":"2020-11-24T11:28:08","guid":{"rendered":"https:\/\/clientes.space\/michele-bond\/website\/?post_type=product&#038;p=7654"},"modified":"2023-01-17T11:24:25","modified_gmt":"2023-01-17T11:24:25","slug":"microagulhamento","status":"publish","type":"product","link":"https:\/\/clientes.space\/michele-bond\/website\/produto\/microagulhamento\/","title":{"rendered":"Microagulhamento"},"content":{"rendered":"<p>O microagulhamento \u00e9 um tratamento est\u00e9tico que serve para remover cicatrizes de acne, manchas, rugas ou linhas de express\u00e3o. \u00c9 feito atrav\u00e9s de uma estimula\u00e7\u00e3o natural tendo por base micro-agulhas que penetram na derme favorecendo a forma\u00e7\u00e3o de novas fibras de col\u00e1geno, que d\u00e3o firmeza e sustenta\u00e7\u00e3o \u00e0 pele.<\/p>\n<p>Os benef\u00edcios do microagulhamento com Dermapen s\u00e3o v\u00e1rios, entre eles:<\/p>\n<ul>\n<li>um tratamento sem dor, e com pouco tempo de inatividade;<\/li>\n<li>rejuvenescimento natural da pele obtido atrav\u00e9s da estimula\u00e7\u00e3o da produ\u00e7\u00e3o de col\u00e1geno;<\/li>\n<li>a pele fica mais suave, fresca e clara em apenas ap\u00f3s um tratamento;<\/li>\n<li>redu\u00e7\u00e3o das linhas de express\u00e3o e rugas;<\/li>\n<li>elimina\u00e7\u00e3o de cicatrizes, cicatrizes de acne, marcas de p\u00fastulas e estrias;<\/li>\n<li>os resultados s\u00e3o instant\u00e2neos e melhoram com o tempo.<\/li>\n<\/ul>\n<p><strong>Microagulhamento com Vitamina C<\/strong><\/p>\n<ul>\n<li>indicado para manchas, cicatrizes de acne e rejuvenescimento.<\/li>\n<\/ul>\n<p><strong>Microagulhamento com \u00c1cido Hialur\u00f3nico<\/strong><\/p>\n<ul>\n<li>indicado para rugas, linha de express\u00e3o e hidrata\u00e7\u00e3o.<\/li>\n<\/ul>\n<p>Para saber mais, visite a nossa p\u00e1gina sobre o <a href=\"https:\/\/clientes.space\/michele-bond\/website\/microagulhamento\/\">Microagulhamento<\/a>.<\/p>\n<p><strong>COMO UTILIZAR E CONDI\u00c7\u00d5ES:<\/strong><\/p>\n<ul>\n<li>Voucher v\u00e1lido por 6 meses.<\/li>\n<\/ul>\n<p><strong>Como usufruir do voucher:<\/strong><\/p>\n<ul>\n<li>Ap\u00f3s a compra estar conclu\u00edda, receber\u00e1 no seu endere\u00e7o de email o respetivo voucher ou poder\u00e1 ser levantado na cl\u00ednica.<\/li>\n<li>Contacte o n\u00famero 967 250 466 ou o e-mail\u00a0geral@clientes.space\u00a0para efetuar a marca\u00e7\u00e3o para a data e hora de acordo com a sua prefer\u00eancia.<\/li>\n<\/ul>\n","protected":false},"excerpt":{"rendered":"<p>O microagulhamento \u00e9 um tratamento est\u00e9tico que serve para remover cicatrizes de acne, manchas, rugas ou linhas de express\u00e3o.<\/p>\n","protected":false},"featured_media":6117,"comment_status":"open","ping_status":"closed","template":"","meta":{"content-type":""},"product_cat":[749,756],"product_tag":[],"yoast_head":"<!-- This site is optimized with the Yoast SEO plugin v21.7 - https:\/\/yoast.com\/wordpress\/plugins\/seo\/ -->\n<title>Comprar Voucher Microagulhamento | Cl\u00ednica Michelle Bond | Lisboa<\/title>\n<meta name=\"description\" content=\"Compre um voucher para microagulhamento na nossa loja online. O microagulhamento \u00e9 um tratamento est\u00e9tico que serve para remover cicatrizes de acne, manchas, rugas ou linhas de express\u00e3o.\" \/>\n<meta name=\"robots\" content=\"index, follow, max-snippet:-1, max-image-preview:large, max-video-preview:-1\" \/>\n<link rel=\"canonical\" href=\"https:\/\/clientes.space\/michele-bond\/website\/produto\/microagulhamento\/\" \/>\n<meta property=\"og:locale\" content=\"pt_PT\" \/>\n<meta property=\"og:type\" content=\"article\" \/>\n<meta property=\"og:title\" content=\"Comprar Voucher Microagulhamento | Cl\u00ednica Michelle Bond | Lisboa\" \/>\n<meta property=\"og:description\" content=\"Compre um voucher para microagulhamento na nossa loja online. O microagulhamento \u00e9 um tratamento est\u00e9tico que serve para remover cicatrizes de acne, manchas, rugas ou linhas de express\u00e3o.\" \/>\n<meta property=\"og:url\" content=\"https:\/\/clientes.space\/michele-bond\/website\/produto\/microagulhamento\/\" \/>\n<meta property=\"og:site_name\" content=\"Michelle Bond Clinic | Lisboa\" \/>\n<meta property=\"article:modified_time\" content=\"2023-01-17T11:24:25+00:00\" \/>\n<meta property=\"og:image\" content=\"https:\/\/clientes.space\/michele-bond\/website\/wp-content\/uploads\/2020\/06\/Microagulhamento-com-a-Dermapen.jpg\" \/>\n\t<meta property=\"og:image:width\" content=\"1200\" \/>\n\t<meta property=\"og:image:height\" content=\"675\" \/>\n\t<meta property=\"og:image:type\" content=\"image\/jpeg\" \/>\n<meta name=\"twitter:card\" content=\"summary_large_image\" \/>\n<meta name=\"twitter:label1\" content=\"Tempo estimado de leitura\" \/>\n\t<meta name=\"twitter:data1\" content=\"1 minuto\" \/>\n<script type=\"application\/ld+json\" class=\"yoast-schema-graph\">{\"@context\":\"https:\/\/schema.org\",\"@graph\":[{\"@type\":\"WebPage\",\"@id\":\"https:\/\/clientes.space\/michele-bond\/website\/produto\/microagulhamento\/\",\"url\":\"https:\/\/clientes.space\/michele-bond\/website\/produto\/microagulhamento\/\",\"name\":\"Comprar Voucher Microagulhamento | Cl\u00ednica Michelle Bond | Lisboa\",\"isPartOf\":{\"@id\":\"https:\/\/clientes.space\/michele-bond\/website\/#website\"},\"datePublished\":\"2020-11-24T11:28:08+00:00\",\"dateModified\":\"2023-01-17T11:24:25+00:00\",\"description\":\"Compre um voucher para microagulhamento na nossa loja online. O microagulhamento \u00e9 um tratamento est\u00e9tico que serve para remover cicatrizes de acne, manchas, rugas ou linhas de express\u00e3o.\",\"breadcrumb\":{\"@id\":\"https:\/\/clientes.space\/michele-bond\/website\/produto\/microagulhamento\/#breadcrumb\"},\"inLanguage\":\"pt-PT\",\"potentialAction\":[{\"@type\":\"ReadAction\",\"target\":[\"https:\/\/clientes.space\/michele-bond\/website\/produto\/microagulhamento\/\"]}]},{\"@type\":\"BreadcrumbList\",\"@id\":\"https:\/\/clientes.space\/michele-bond\/website\/produto\/microagulhamento\/#breadcrumb\",\"itemListElement\":[{\"@type\":\"ListItem\",\"position\":1,\"name\":\"In\u00edcio\",\"item\":\"https:\/\/clientes.space\/michele-bond\/website\/\"},{\"@type\":\"ListItem\",\"position\":2,\"name\":\"Loja\",\"item\":\"https:\/\/clientes.space\/michele-bond\/website\/loja-todos\/\"},{\"@type\":\"ListItem\",\"position\":3,\"name\":\"Microagulhamento\"}]},{\"@type\":\"WebSite\",\"@id\":\"https:\/\/clientes.space\/michele-bond\/website\/#website\",\"url\":\"https:\/\/clientes.space\/michele-bond\/website\/\",\"name\":\"Michelle Bond - Holistic Health &amp; Beauty\",\"description\":\"Medicina Est\u00e9tica, Naturopatia, Nutri\u00e7\u00e3o e Fisioterapia\",\"potentialAction\":[{\"@type\":\"SearchAction\",\"target\":{\"@type\":\"EntryPoint\",\"urlTemplate\":\"https:\/\/clientes.space\/michele-bond\/website\/?s={search_term_string}\"},\"query-input\":\"required name=search_term_string\"}],\"inLanguage\":\"pt-PT\"}]}<\/script>\n<!-- \/ Yoast SEO plugin. -->","yoast_head_json":{"title":"Comprar Voucher Microagulhamento | Cl\u00ednica Michelle Bond | Lisboa","description":"Compre um voucher para microagulhamento na nossa loja online. O microagulhamento \u00e9 um tratamento est\u00e9tico que serve para remover cicatrizes de acne, manchas, rugas ou linhas de express\u00e3o.","robots":{"index":"index","follow":"follow","max-snippet":"max-snippet:-1","max-image-preview":"max-image-preview:large","max-video-preview":"max-video-preview:-1"},"canonical":"https:\/\/clientes.space\/michele-bond\/website\/produto\/microagulhamento\/","og_locale":"pt_PT","og_type":"article","og_title":"Comprar Voucher Microagulhamento | Cl\u00ednica Michelle Bond | Lisboa","og_description":"Compre um voucher para microagulhamento na nossa loja online. O microagulhamento \u00e9 um tratamento est\u00e9tico que serve para remover cicatrizes de acne, manchas, rugas ou linhas de express\u00e3o.","og_url":"https:\/\/clientes.space\/michele-bond\/website\/produto\/microagulhamento\/","og_site_name":"Michelle Bond Clinic | Lisboa","article_modified_time":"2023-01-17T11:24:25+00:00","og_image":[{"width":1200,"height":675,"url":"https:\/\/clientes.space\/michele-bond\/website\/wp-content\/uploads\/2020\/06\/Microagulhamento-com-a-Dermapen.jpg","type":"image\/jpeg"}],"twitter_card":"summary_large_image","twitter_misc":{"Tempo estimado de leitura":"1 minuto"},"schema":{"@context":"https:\/\/schema.org","@graph":[{"@type":"WebPage","@id":"https:\/\/clientes.space\/michele-bond\/website\/produto\/microagulhamento\/","url":"https:\/\/clientes.space\/michele-bond\/website\/produto\/microagulhamento\/","name":"Comprar Voucher Microagulhamento | Cl\u00ednica Michelle Bond | Lisboa","isPartOf":{"@id":"https:\/\/clientes.space\/michele-bond\/website\/#website"},"datePublished":"2020-11-24T11:28:08+00:00","dateModified":"2023-01-17T11:24:25+00:00","description":"Compre um voucher para microagulhamento na nossa loja online. O microagulhamento \u00e9 um tratamento est\u00e9tico que serve para remover cicatrizes de acne, manchas, rugas ou linhas de express\u00e3o.","breadcrumb":{"@id":"https:\/\/clientes.space\/michele-bond\/website\/produto\/microagulhamento\/#breadcrumb"},"inLanguage":"pt-PT","potentialAction":[{"@type":"ReadAction","target":["https:\/\/clientes.space\/michele-bond\/website\/produto\/microagulhamento\/"]}]},{"@type":"BreadcrumbList","@id":"https:\/\/clientes.space\/michele-bond\/website\/produto\/microagulhamento\/#breadcrumb","itemListElement":[{"@type":"ListItem","position":1,"name":"In\u00edcio","item":"https:\/\/clientes.space\/michele-bond\/website\/"},{"@type":"ListItem","position":2,"name":"Loja","item":"https:\/\/clientes.space\/michele-bond\/website\/loja-todos\/"},{"@type":"ListItem","position":3,"name":"Microagulhamento"}]},{"@type":"WebSite","@id":"https:\/\/clientes.space\/michele-bond\/website\/#website","url":"https:\/\/clientes.space\/michele-bond\/website\/","name":"Michelle Bond - Holistic Health &amp; Beauty","description":"Medicina Est\u00e9tica, Naturopatia, Nutri\u00e7\u00e3o e Fisioterapia","potentialAction":[{"@type":"SearchAction","target":{"@type":"EntryPoint","urlTemplate":"https:\/\/clientes.space\/michele-bond\/website\/?s={search_term_string}"},"query-input":"required name=search_term_string"}],"inLanguage":"pt-PT"}]}},"_links":{"self":[{"href":"https:\/\/clientes.space\/michele-bond\/website\/wp-json\/wp\/v2\/product\/7654"}],"collection":[{"href":"https:\/\/clientes.space\/michele-bond\/website\/wp-json\/wp\/v2\/product"}],"about":[{"href":"https:\/\/clientes.space\/michele-bond\/website\/wp-json\/wp\/v2\/types\/product"}],"replies":[{"embeddable":true,"href":"https:\/\/clientes.space\/michele-bond\/website\/wp-json\/wp\/v2\/comments?post=7654"}],"wp:featuredmedia":[{"embeddable":true,"href":"https:\/\/clientes.space\/michele-bond\/website\/wp-json\/wp\/v2\/media\/6117"}],"wp:attachment":[{"href":"https:\/\/clientes.space\/michele-bond\/website\/wp-json\/wp\/v2\/media?parent=7654"}],"wp:term":[{"taxonomy":"product_cat","embeddable":true,"href":"https:\/\/clientes.space\/michele-bond\/website\/wp-json\/wp\/v2\/product_cat?post=7654"},{"taxonomy":"product_tag","embeddable":true,"href":"https:\/\/clientes.space\/michele-bond\/website\/wp-json\/wp\/v2\/product_tag?post=7654"}],"curies":[{"name":"wp","href":"https:\/\/api.w.org\/{rel}","templated":true}]}}