{"id":7655,"date":"2020-11-24T11:31:07","date_gmt":"2020-11-24T11:31:07","guid":{"rendered":"https:\/\/clientes.space\/michele-bond\/website\/?post_type=product&#038;p=7655"},"modified":"2022-07-01T12:04:57","modified_gmt":"2022-07-01T12:04:57","slug":"cosmelan","status":"publish","type":"product","link":"https:\/\/clientes.space\/michele-bond\/website\/produto\/cosmelan\/","title":{"rendered":"Cosmelan\u00ae"},"content":{"rendered":"<p>O tratamento Cosmelan\u00ae \u00e9 um dos tratamentos de clareamento da pele mais vendidos no mundo, reduzindo a pigmenta\u00e7\u00e3o em at\u00e9 90-95%.<\/p>\n<p>Cosmelan\u00ae \u00e9 um tratamento t\u00f3pico de clareamento da pele que reduz melasma e manchas escuras. A sua f\u00f3rmula revolucion\u00e1ria foi desenvolvida para alcan\u00e7ar a m\u00e1xima efic\u00e1cia e garantir a toler\u00e2ncia ideal. O m\u00e9todo Cosmelan\u00ae atua nas c\u00e9lulas respons\u00e1veis pela pigmenta\u00e7\u00e3o da pele, inibindo a produ\u00e7\u00e3o de melanina nas \u00e1reas pigmentadas e, assim, reduzindo ou clareando as manchas.<\/p>\n<p>Ap\u00f3s a primeira ou segunda semana de tratamento com Cosmelan\u00ae, a apar\u00eancia da pele melhora visivelmente. As manchas ficam mais claras e menos percept\u00edveis, enquanto a pele ficar\u00e1 mais jovem e brilhante. O tratamento tem uma efic\u00e1cia de at\u00e9 95% no tratamento de manchas senis (da idade), manchas escuras e hiperpigmenta\u00e7\u00e3o. Os resultados individuais podem variar.<\/p>\n<p>Para saber mais, visite a nossa p\u00e1gina sobre o <a href=\"https:\/\/clientes.space\/michele-bond\/website\/cosmelan\/\">Peeling Despigmentante Cosmelan\u00ae<\/a>.<\/p>\n<p>Adquira o kit ou se pretende um voucher para oferta, enviamos online ou poder\u00e1 ser levantado na cl\u00ednica.<\/p>\n","protected":false},"excerpt":{"rendered":"<p>O tratamento Cosmelan\u00ae \u00e9 um dos tratamentos de clareamento da pele mais vendidos no mundo, reduzindo a pigmenta\u00e7\u00e3o em at\u00e9 90-95%.<\/p>\n","protected":false},"featured_media":8068,"comment_status":"open","ping_status":"closed","template":"","meta":{"content-type":""},"product_cat":[888,749],"product_tag":[],"yoast_head":"<!-- This site is optimized with the Yoast SEO plugin v21.7 - https:\/\/yoast.com\/wordpress\/plugins\/seo\/ -->\n<title>Compre Cosmelan\u00ae | Loja Online | Cl\u00ednica Michelle Bond | Lisboa<\/title>\n<meta name=\"description\" content=\"Adquira na nossa loja online o Cosmelan\u00ae. \u00c9 um dos tratamentos de clareamento da pele mais vendidos no mundo, reduzindo a pigmenta\u00e7\u00e3o em at\u00e9 90-95%.\" \/>\n<meta name=\"robots\" content=\"index, follow, max-snippet:-1, max-image-preview:large, max-video-preview:-1\" \/>\n<link rel=\"canonical\" href=\"https:\/\/clientes.space\/michele-bond\/website\/produto\/cosmelan\/\" \/>\n<meta property=\"og:locale\" content=\"pt_PT\" \/>\n<meta property=\"og:type\" content=\"article\" \/>\n<meta property=\"og:title\" content=\"Compre Cosmelan\u00ae | Loja Online | Cl\u00ednica Michelle Bond | Lisboa\" \/>\n<meta property=\"og:description\" content=\"Adquira na nossa loja online o Cosmelan\u00ae. \u00c9 um dos tratamentos de clareamento da pele mais vendidos no mundo, reduzindo a pigmenta\u00e7\u00e3o em at\u00e9 90-95%.\" \/>\n<meta property=\"og:url\" content=\"https:\/\/clientes.space\/michele-bond\/website\/produto\/cosmelan\/\" \/>\n<meta property=\"og:site_name\" content=\"Michelle Bond Clinic | Lisboa\" \/>\n<meta property=\"article:modified_time\" content=\"2022-07-01T12:04:57+00:00\" \/>\n<meta property=\"og:image\" content=\"https:\/\/clientes.space\/michele-bond\/website\/wp-content\/uploads\/2020\/11\/esteticas.jpg\" \/>\n\t<meta property=\"og:image:width\" content=\"545\" \/>\n\t<meta property=\"og:image:height\" content=\"255\" \/>\n\t<meta property=\"og:image:type\" content=\"image\/jpeg\" \/>\n<meta name=\"twitter:card\" content=\"summary_large_image\" \/>\n<meta name=\"twitter:label1\" content=\"Tempo estimado de leitura\" \/>\n\t<meta name=\"twitter:data1\" content=\"1 minuto\" \/>\n<script type=\"application\/ld+json\" class=\"yoast-schema-graph\">{\"@context\":\"https:\/\/schema.org\",\"@graph\":[{\"@type\":\"WebPage\",\"@id\":\"https:\/\/clientes.space\/michele-bond\/website\/produto\/cosmelan\/\",\"url\":\"https:\/\/clientes.space\/michele-bond\/website\/produto\/cosmelan\/\",\"name\":\"Compre Cosmelan\u00ae | Loja Online | Cl\u00ednica Michelle Bond | Lisboa\",\"isPartOf\":{\"@id\":\"https:\/\/clientes.space\/michele-bond\/website\/#website\"},\"datePublished\":\"2020-11-24T11:31:07+00:00\",\"dateModified\":\"2022-07-01T12:04:57+00:00\",\"description\":\"Adquira na nossa loja online o Cosmelan\u00ae. \u00c9 um dos tratamentos de clareamento da pele mais vendidos no mundo, reduzindo a pigmenta\u00e7\u00e3o em at\u00e9 90-95%.\",\"breadcrumb\":{\"@id\":\"https:\/\/clientes.space\/michele-bond\/website\/produto\/cosmelan\/#breadcrumb\"},\"inLanguage\":\"pt-PT\",\"potentialAction\":[{\"@type\":\"ReadAction\",\"target\":[\"https:\/\/clientes.space\/michele-bond\/website\/produto\/cosmelan\/\"]}]},{\"@type\":\"BreadcrumbList\",\"@id\":\"https:\/\/clientes.space\/michele-bond\/website\/produto\/cosmelan\/#breadcrumb\",\"itemListElement\":[{\"@type\":\"ListItem\",\"position\":1,\"name\":\"In\u00edcio\",\"item\":\"https:\/\/clientes.space\/michele-bond\/website\/\"},{\"@type\":\"ListItem\",\"position\":2,\"name\":\"Loja\",\"item\":\"https:\/\/clientes.space\/michele-bond\/website\/loja-todos\/\"},{\"@type\":\"ListItem\",\"position\":3,\"name\":\"Cosmelan\u00ae\"}]},{\"@type\":\"WebSite\",\"@id\":\"https:\/\/clientes.space\/michele-bond\/website\/#website\",\"url\":\"https:\/\/clientes.space\/michele-bond\/website\/\",\"name\":\"Michelle Bond - Holistic Health &amp; Beauty\",\"description\":\"Medicina Est\u00e9tica, Naturopatia, Nutri\u00e7\u00e3o e Fisioterapia\",\"potentialAction\":[{\"@type\":\"SearchAction\",\"target\":{\"@type\":\"EntryPoint\",\"urlTemplate\":\"https:\/\/clientes.space\/michele-bond\/website\/?s={search_term_string}\"},\"query-input\":\"required name=search_term_string\"}],\"inLanguage\":\"pt-PT\"}]}<\/script>\n<!-- \/ Yoast SEO plugin. -->","yoast_head_json":{"title":"Compre Cosmelan\u00ae | Loja Online | Cl\u00ednica Michelle Bond | Lisboa","description":"Adquira na nossa loja online o Cosmelan\u00ae. \u00c9 um dos tratamentos de clareamento da pele mais vendidos no mundo, reduzindo a pigmenta\u00e7\u00e3o em at\u00e9 90-95%.","robots":{"index":"index","follow":"follow","max-snippet":"max-snippet:-1","max-image-preview":"max-image-preview:large","max-video-preview":"max-video-preview:-1"},"canonical":"https:\/\/clientes.space\/michele-bond\/website\/produto\/cosmelan\/","og_locale":"pt_PT","og_type":"article","og_title":"Compre Cosmelan\u00ae | Loja Online | Cl\u00ednica Michelle Bond | Lisboa","og_description":"Adquira na nossa loja online o Cosmelan\u00ae. \u00c9 um dos tratamentos de clareamento da pele mais vendidos no mundo, reduzindo a pigmenta\u00e7\u00e3o em at\u00e9 90-95%.","og_url":"https:\/\/clientes.space\/michele-bond\/website\/produto\/cosmelan\/","og_site_name":"Michelle Bond Clinic | Lisboa","article_modified_time":"2022-07-01T12:04:57+00:00","og_image":[{"width":545,"height":255,"url":"https:\/\/clientes.space\/michele-bond\/website\/wp-content\/uploads\/2020\/11\/esteticas.jpg","type":"image\/jpeg"}],"twitter_card":"summary_large_image","twitter_misc":{"Tempo estimado de leitura":"1 minuto"},"schema":{"@context":"https:\/\/schema.org","@graph":[{"@type":"WebPage","@id":"https:\/\/clientes.space\/michele-bond\/website\/produto\/cosmelan\/","url":"https:\/\/clientes.space\/michele-bond\/website\/produto\/cosmelan\/","name":"Compre Cosmelan\u00ae | Loja Online | Cl\u00ednica Michelle Bond | Lisboa","isPartOf":{"@id":"https:\/\/clientes.space\/michele-bond\/website\/#website"},"datePublished":"2020-11-24T11:31:07+00:00","dateModified":"2022-07-01T12:04:57+00:00","description":"Adquira na nossa loja online o Cosmelan\u00ae. \u00c9 um dos tratamentos de clareamento da pele mais vendidos no mundo, reduzindo a pigmenta\u00e7\u00e3o em at\u00e9 90-95%.","breadcrumb":{"@id":"https:\/\/clientes.space\/michele-bond\/website\/produto\/cosmelan\/#breadcrumb"},"inLanguage":"pt-PT","potentialAction":[{"@type":"ReadAction","target":["https:\/\/clientes.space\/michele-bond\/website\/produto\/cosmelan\/"]}]},{"@type":"BreadcrumbList","@id":"https:\/\/clientes.space\/michele-bond\/website\/produto\/cosmelan\/#breadcrumb","itemListElement":[{"@type":"ListItem","position":1,"name":"In\u00edcio","item":"https:\/\/clientes.space\/michele-bond\/website\/"},{"@type":"ListItem","position":2,"name":"Loja","item":"https:\/\/clientes.space\/michele-bond\/website\/loja-todos\/"},{"@type":"ListItem","position":3,"name":"Cosmelan\u00ae"}]},{"@type":"WebSite","@id":"https:\/\/clientes.space\/michele-bond\/website\/#website","url":"https:\/\/clientes.space\/michele-bond\/website\/","name":"Michelle Bond - Holistic Health &amp; Beauty","description":"Medicina Est\u00e9tica, Naturopatia, Nutri\u00e7\u00e3o e Fisioterapia","potentialAction":[{"@type":"SearchAction","target":{"@type":"EntryPoint","urlTemplate":"https:\/\/clientes.space\/michele-bond\/website\/?s={search_term_string}"},"query-input":"required name=search_term_string"}],"inLanguage":"pt-PT"}]}},"_links":{"self":[{"href":"https:\/\/clientes.space\/michele-bond\/website\/wp-json\/wp\/v2\/product\/7655"}],"collection":[{"href":"https:\/\/clientes.space\/michele-bond\/website\/wp-json\/wp\/v2\/product"}],"about":[{"href":"https:\/\/clientes.space\/michele-bond\/website\/wp-json\/wp\/v2\/types\/product"}],"replies":[{"embeddable":true,"href":"https:\/\/clientes.space\/michele-bond\/website\/wp-json\/wp\/v2\/comments?post=7655"}],"wp:featuredmedia":[{"embeddable":true,"href":"https:\/\/clientes.space\/michele-bond\/website\/wp-json\/wp\/v2\/media\/8068"}],"wp:attachment":[{"href":"https:\/\/clientes.space\/michele-bond\/website\/wp-json\/wp\/v2\/media?parent=7655"}],"wp:term":[{"taxonomy":"product_cat","embeddable":true,"href":"https:\/\/clientes.space\/michele-bond\/website\/wp-json\/wp\/v2\/product_cat?post=7655"},{"taxonomy":"product_tag","embeddable":true,"href":"https:\/\/clientes.space\/michele-bond\/website\/wp-json\/wp\/v2\/product_tag?post=7655"}],"curies":[{"name":"wp","href":"https:\/\/api.w.org\/{rel}","templated":true}]}}