{"id":7656,"date":"2020-11-24T11:46:45","date_gmt":"2020-11-24T11:46:45","guid":{"rendered":"https:\/\/clientes.space\/michele-bond\/website\/?post_type=product&#038;p=7656"},"modified":"2022-07-01T12:12:57","modified_gmt":"2022-07-01T12:12:57","slug":"revitalizacao-facial","status":"publish","type":"product","link":"https:\/\/clientes.space\/michele-bond\/website\/produto\/revitalizacao-facial\/","title":{"rendered":"Revitaliza\u00e7\u00e3o Facial"},"content":{"rendered":"<p>\u00c0 medida que envelhecemos, a pele come\u00e7a a perder o seu brilho e elasticidade, o que pode fazer com que voc\u00ea pare\u00e7a mais velha do que o seu eu interior.<\/p>\n<p>As rugas s\u00e3o uma parte natural do envelhecimento, e n\u00e3o h\u00e1 motivos para tem\u00ea-las. No entanto, embora voc\u00ea sempre deva amar a sua pele e corpo em qualquer idade, n\u00e3o h\u00e1 necessidade de sentir-se mal por querer parecer mais jovem. Afinal, n\u00e3o h\u00e1 vaidade em querer ficar mais atraente.<\/p>\n<p>Portanto, se voc\u00ea deseja diminuir os sinais de envelhecimento no seu rosto, temos boas not\u00edcias para voc\u00ea. Existem alternativas seguras, de excelente custo-benef\u00edcio e sem a necessidade de procedimentos cir\u00fargicos.<\/p>\n<p>A Revitaliza\u00e7\u00e3o Facial \u00e9 a realizada com a Hyaluron Pen, um m\u00e9todo inovador que faz a aplica\u00e7\u00e3o com \u00e1cido hialur\u00f4nico, atrav\u00e9s de press\u00e3o intrad\u00e9rmica, nas camadas epid\u00e9rmica e d\u00e9rmica da pele sem agulhas.<\/p>\n<p>A Hyaluron Pen \u00e9 um\u00a0 dispositivo que gera press\u00e3o o suficiente para inserir \u00e1cido hialur\u00f4nico na pele. Atrav\u00e9s da tecnologia de press\u00e3o intrad\u00e9rmica, ela insere o \u00e1cido hialur\u00f4nico na pele e faz com que se transforme em mol\u00e9culas da Nano Scale. O di\u00e2metro desse fluxo \u00e9 de 0,17 mm, duas vezes menor que a menor agulha de insulina.<\/p>\n<p>\u00c9 um m\u00e9todo n\u00e3o invasivo de transfer\u00eancia de l\u00edquido que \u00e9 essencial quando se trata de antienvelhecimento e beleza da pele, ajudando a rejuvenescer e reduzir as linhas finas.<\/p>\n<p>Se pretende saber mais sobre esse tratamento, visite a nossa p\u00e1gina <a href=\"https:\/\/clientes.space\/michele-bond\/website\/preenchimento-com-acido-hialuronico-sem-agulhas\/\">Revitaliza\u00e7\u00e3o Facial<\/a>.<\/p>\n<p><strong>COMO UTILIZAR E CONDI\u00c7\u00d5ES:<\/strong><\/p>\n<ul>\n<li>Voucher v\u00e1lido por 6 meses.<\/li>\n<\/ul>\n<p><strong>Como usufruir do voucher:<\/strong><\/p>\n<ul>\n<li>Ap\u00f3s a compra estar conclu\u00edda, receber\u00e1 no seu endere\u00e7o de email o respetivo voucher ou poder\u00e1 ser levantado na cl\u00ednica.<\/li>\n<li>Contacte o n\u00famero 967 250 466 ou o e-mail\u00a0geral@clientes.space\u00a0para efetuar a marca\u00e7\u00e3o para a data e hora de acordo com a sua prefer\u00eancia.<\/li>\n<\/ul>\n","protected":false},"excerpt":{"rendered":"<p>A Revitaliza\u00e7\u00e3o Facial \u00e9 um m\u00e9todo n\u00e3o invasivo de aplica\u00e7\u00e3o de \u00e1cido hialur\u00f3nico. \u00c9 essencial quando se trata de antienvelhecimento e beleza da pele, ajudando a rejuvenescer e reduzir as linhas finas.<\/p>\n","protected":false},"featured_media":6149,"comment_status":"open","ping_status":"closed","template":"","meta":{"content-type":""},"product_cat":[749,759],"product_tag":[],"yoast_head":"<!-- This site is optimized with the Yoast SEO plugin v21.7 - https:\/\/yoast.com\/wordpress\/plugins\/seo\/ -->\n<title>Compre Revitaliza\u00e7\u00e3o Facial | Cl\u00ednica Michelle Bond | Lisboa<\/title>\n<meta name=\"description\" content=\"Compre uma Revitaliza\u00e7\u00e3o Facial na nossa loja online: um m\u00e9todo n\u00e3o invasivo de aplica\u00e7\u00e3o de \u00e1cido hialur\u00f3nico. Perfeito quando se trata de antienvelhecimento, ajudando a rejuvenescer e reduzir as linhas finas.\" \/>\n<meta name=\"robots\" content=\"index, follow, max-snippet:-1, max-image-preview:large, max-video-preview:-1\" \/>\n<link rel=\"canonical\" href=\"https:\/\/clientes.space\/michele-bond\/website\/produto\/revitalizacao-facial\/\" \/>\n<meta property=\"og:locale\" content=\"pt_PT\" \/>\n<meta property=\"og:type\" content=\"article\" \/>\n<meta property=\"og:title\" content=\"Compre Revitaliza\u00e7\u00e3o Facial | Cl\u00ednica Michelle Bond | Lisboa\" \/>\n<meta property=\"og:description\" content=\"Compre uma Revitaliza\u00e7\u00e3o Facial na nossa loja online: um m\u00e9todo n\u00e3o invasivo de aplica\u00e7\u00e3o de \u00e1cido hialur\u00f3nico. Perfeito quando se trata de antienvelhecimento, ajudando a rejuvenescer e reduzir as linhas finas.\" \/>\n<meta property=\"og:url\" content=\"https:\/\/clientes.space\/michele-bond\/website\/produto\/revitalizacao-facial\/\" \/>\n<meta property=\"og:site_name\" content=\"Michelle Bond Clinic | Lisboa\" \/>\n<meta property=\"article:modified_time\" content=\"2022-07-01T12:12:57+00:00\" \/>\n<meta property=\"og:image\" content=\"https:\/\/clientes.space\/michele-bond\/website\/wp-content\/uploads\/2020\/06\/Peeling-Anti-Acne.jpg\" \/>\n\t<meta property=\"og:image:width\" content=\"1920\" \/>\n\t<meta property=\"og:image:height\" content=\"1080\" \/>\n\t<meta property=\"og:image:type\" content=\"image\/jpeg\" \/>\n<meta name=\"twitter:card\" content=\"summary_large_image\" \/>\n<meta name=\"twitter:label1\" content=\"Tempo estimado de leitura\" \/>\n\t<meta name=\"twitter:data1\" content=\"2 minutos\" \/>\n<script type=\"application\/ld+json\" class=\"yoast-schema-graph\">{\"@context\":\"https:\/\/schema.org\",\"@graph\":[{\"@type\":\"WebPage\",\"@id\":\"https:\/\/clientes.space\/michele-bond\/website\/produto\/revitalizacao-facial\/\",\"url\":\"https:\/\/clientes.space\/michele-bond\/website\/produto\/revitalizacao-facial\/\",\"name\":\"Compre Revitaliza\u00e7\u00e3o Facial | Cl\u00ednica Michelle Bond | Lisboa\",\"isPartOf\":{\"@id\":\"https:\/\/clientes.space\/michele-bond\/website\/#website\"},\"datePublished\":\"2020-11-24T11:46:45+00:00\",\"dateModified\":\"2022-07-01T12:12:57+00:00\",\"description\":\"Compre uma Revitaliza\u00e7\u00e3o Facial na nossa loja online: um m\u00e9todo n\u00e3o invasivo de aplica\u00e7\u00e3o de \u00e1cido hialur\u00f3nico. Perfeito quando se trata de antienvelhecimento, ajudando a rejuvenescer e reduzir as linhas finas.\",\"breadcrumb\":{\"@id\":\"https:\/\/clientes.space\/michele-bond\/website\/produto\/revitalizacao-facial\/#breadcrumb\"},\"inLanguage\":\"pt-PT\",\"potentialAction\":[{\"@type\":\"ReadAction\",\"target\":[\"https:\/\/clientes.space\/michele-bond\/website\/produto\/revitalizacao-facial\/\"]}]},{\"@type\":\"BreadcrumbList\",\"@id\":\"https:\/\/clientes.space\/michele-bond\/website\/produto\/revitalizacao-facial\/#breadcrumb\",\"itemListElement\":[{\"@type\":\"ListItem\",\"position\":1,\"name\":\"In\u00edcio\",\"item\":\"https:\/\/clientes.space\/michele-bond\/website\/\"},{\"@type\":\"ListItem\",\"position\":2,\"name\":\"Loja\",\"item\":\"https:\/\/clientes.space\/michele-bond\/website\/loja-todos\/\"},{\"@type\":\"ListItem\",\"position\":3,\"name\":\"Revitaliza\u00e7\u00e3o Facial\"}]},{\"@type\":\"WebSite\",\"@id\":\"https:\/\/clientes.space\/michele-bond\/website\/#website\",\"url\":\"https:\/\/clientes.space\/michele-bond\/website\/\",\"name\":\"Michelle Bond - Holistic Health &amp; Beauty\",\"description\":\"Medicina Est\u00e9tica, Naturopatia, Nutri\u00e7\u00e3o e Fisioterapia\",\"potentialAction\":[{\"@type\":\"SearchAction\",\"target\":{\"@type\":\"EntryPoint\",\"urlTemplate\":\"https:\/\/clientes.space\/michele-bond\/website\/?s={search_term_string}\"},\"query-input\":\"required name=search_term_string\"}],\"inLanguage\":\"pt-PT\"}]}<\/script>\n<!-- \/ Yoast SEO plugin. -->","yoast_head_json":{"title":"Compre Revitaliza\u00e7\u00e3o Facial | Cl\u00ednica Michelle Bond | Lisboa","description":"Compre uma Revitaliza\u00e7\u00e3o Facial na nossa loja online: um m\u00e9todo n\u00e3o invasivo de aplica\u00e7\u00e3o de \u00e1cido hialur\u00f3nico. Perfeito quando se trata de antienvelhecimento, ajudando a rejuvenescer e reduzir as linhas finas.","robots":{"index":"index","follow":"follow","max-snippet":"max-snippet:-1","max-image-preview":"max-image-preview:large","max-video-preview":"max-video-preview:-1"},"canonical":"https:\/\/clientes.space\/michele-bond\/website\/produto\/revitalizacao-facial\/","og_locale":"pt_PT","og_type":"article","og_title":"Compre Revitaliza\u00e7\u00e3o Facial | Cl\u00ednica Michelle Bond | Lisboa","og_description":"Compre uma Revitaliza\u00e7\u00e3o Facial na nossa loja online: um m\u00e9todo n\u00e3o invasivo de aplica\u00e7\u00e3o de \u00e1cido hialur\u00f3nico. Perfeito quando se trata de antienvelhecimento, ajudando a rejuvenescer e reduzir as linhas finas.","og_url":"https:\/\/clientes.space\/michele-bond\/website\/produto\/revitalizacao-facial\/","og_site_name":"Michelle Bond Clinic | Lisboa","article_modified_time":"2022-07-01T12:12:57+00:00","og_image":[{"width":1920,"height":1080,"url":"https:\/\/clientes.space\/michele-bond\/website\/wp-content\/uploads\/2020\/06\/Peeling-Anti-Acne.jpg","type":"image\/jpeg"}],"twitter_card":"summary_large_image","twitter_misc":{"Tempo estimado de leitura":"2 minutos"},"schema":{"@context":"https:\/\/schema.org","@graph":[{"@type":"WebPage","@id":"https:\/\/clientes.space\/michele-bond\/website\/produto\/revitalizacao-facial\/","url":"https:\/\/clientes.space\/michele-bond\/website\/produto\/revitalizacao-facial\/","name":"Compre Revitaliza\u00e7\u00e3o Facial | Cl\u00ednica Michelle Bond | Lisboa","isPartOf":{"@id":"https:\/\/clientes.space\/michele-bond\/website\/#website"},"datePublished":"2020-11-24T11:46:45+00:00","dateModified":"2022-07-01T12:12:57+00:00","description":"Compre uma Revitaliza\u00e7\u00e3o Facial na nossa loja online: um m\u00e9todo n\u00e3o invasivo de aplica\u00e7\u00e3o de \u00e1cido hialur\u00f3nico. Perfeito quando se trata de antienvelhecimento, ajudando a rejuvenescer e reduzir as linhas finas.","breadcrumb":{"@id":"https:\/\/clientes.space\/michele-bond\/website\/produto\/revitalizacao-facial\/#breadcrumb"},"inLanguage":"pt-PT","potentialAction":[{"@type":"ReadAction","target":["https:\/\/clientes.space\/michele-bond\/website\/produto\/revitalizacao-facial\/"]}]},{"@type":"BreadcrumbList","@id":"https:\/\/clientes.space\/michele-bond\/website\/produto\/revitalizacao-facial\/#breadcrumb","itemListElement":[{"@type":"ListItem","position":1,"name":"In\u00edcio","item":"https:\/\/clientes.space\/michele-bond\/website\/"},{"@type":"ListItem","position":2,"name":"Loja","item":"https:\/\/clientes.space\/michele-bond\/website\/loja-todos\/"},{"@type":"ListItem","position":3,"name":"Revitaliza\u00e7\u00e3o Facial"}]},{"@type":"WebSite","@id":"https:\/\/clientes.space\/michele-bond\/website\/#website","url":"https:\/\/clientes.space\/michele-bond\/website\/","name":"Michelle Bond - Holistic Health &amp; Beauty","description":"Medicina Est\u00e9tica, Naturopatia, Nutri\u00e7\u00e3o e Fisioterapia","potentialAction":[{"@type":"SearchAction","target":{"@type":"EntryPoint","urlTemplate":"https:\/\/clientes.space\/michele-bond\/website\/?s={search_term_string}"},"query-input":"required name=search_term_string"}],"inLanguage":"pt-PT"}]}},"_links":{"self":[{"href":"https:\/\/clientes.space\/michele-bond\/website\/wp-json\/wp\/v2\/product\/7656"}],"collection":[{"href":"https:\/\/clientes.space\/michele-bond\/website\/wp-json\/wp\/v2\/product"}],"about":[{"href":"https:\/\/clientes.space\/michele-bond\/website\/wp-json\/wp\/v2\/types\/product"}],"replies":[{"embeddable":true,"href":"https:\/\/clientes.space\/michele-bond\/website\/wp-json\/wp\/v2\/comments?post=7656"}],"wp:featuredmedia":[{"embeddable":true,"href":"https:\/\/clientes.space\/michele-bond\/website\/wp-json\/wp\/v2\/media\/6149"}],"wp:attachment":[{"href":"https:\/\/clientes.space\/michele-bond\/website\/wp-json\/wp\/v2\/media?parent=7656"}],"wp:term":[{"taxonomy":"product_cat","embeddable":true,"href":"https:\/\/clientes.space\/michele-bond\/website\/wp-json\/wp\/v2\/product_cat?post=7656"},{"taxonomy":"product_tag","embeddable":true,"href":"https:\/\/clientes.space\/michele-bond\/website\/wp-json\/wp\/v2\/product_tag?post=7656"}],"curies":[{"name":"wp","href":"https:\/\/api.w.org\/{rel}","templated":true}]}}