{"id":7805,"date":"2020-12-04T17:48:12","date_gmt":"2020-12-04T17:48:12","guid":{"rendered":"https:\/\/clientes.space\/michele-bond\/website\/?post_type=product&#038;p=7805"},"modified":"2023-01-17T11:32:31","modified_gmt":"2023-01-17T11:32:31","slug":"radiofrequencia-corporal","status":"publish","type":"product","link":"https:\/\/clientes.space\/michele-bond\/website\/produto\/radiofrequencia-corporal\/","title":{"rendered":"Radiofrequ\u00eancia Corporal"},"content":{"rendered":"<p>Radiofrequ\u00eancia Tripolar \u00e9 um tratamento para flacidez tissular, celulite e melhora o contorno corporal, que promove a redu\u00e7\u00e3o de gordura localizada.<\/p>\n<p>\u00c9 utilizada a tecnologia TriLipoTM, que \u00e9 considerada um avanc\u0327o tecnolo\u0301gico nos tratamentos corporais na\u0303o invasivos.<\/p>\n<p>Neste tratamento, utilizamos um \u00fanico aparelho que une duas tecnologias: Radiofrequ\u00eancia Tripolar e Ativa\u00e7\u00e3o Muscular Din\u00e2mica.<\/p>\n<p>O Trilipo trabalha a flacidez e a tonifica\u00e7\u00e3o muscular simultaneamente, que com a combinac\u0327a\u0303o do efeito do calor e da Ativac\u0327a\u0303o Muscular Dina\u0302mica (DMA) resulta num aquecimento profundo e homoge\u0301neo quer na camada da Epiderme como na da Derme. Assim, age profundamente na pele, e:<\/p>\n<ul>\n<li>acelera o metabolismo da gordura;<\/li>\n<li>liberta as c\u00e9lulas adiposas;<\/li>\n<li>reduz a circunfer\u00eancia;<\/li>\n<li>melhora o contorno corporal;<\/li>\n<li>estimula a circula\u00e7\u00e3o sangu\u00ednea, e linf\u00e1tica;<\/li>\n<li>otimiza a oxigena\u00e7\u00e3o do tecido.<\/li>\n<\/ul>\n<p>\u00c1reas tratadas:<\/p>\n<ul>\n<li class=\"mkdf-section-subtitle\">Zona Pequena: <em>joelho, pesco\u00e7o\/decote<\/em><\/li>\n<li>Zona M\u00e9dia: <em>bra\u00e7os, flancos, culote, contorno do gl\u00fateo<\/em><\/li>\n<li>Zona Grande: <em>abd\u00f3men, coxas interna e externa, gl\u00fateos<\/em><\/li>\n<\/ul>\n<p>Para saber mais, visite a nossa p\u00e1gina sobre <a href=\"https:\/\/clientes.space\/michele-bond\/website\/radiofrequencia-tripolar-maximus-trilipo\/\">Radiofrequ\u00eancia Corporal.<\/a><\/p>\n<p><strong>COMO UTILIZAR E CONDI\u00c7\u00d5ES:<\/strong><\/p>\n<ul>\n<li>Voucher v\u00e1lido por 6 meses.<\/li>\n<\/ul>\n<p><strong>Como usufruir do voucher:<\/strong><\/p>\n<ul>\n<li>Ap\u00f3s a compra estar conclu\u00edda, receber\u00e1 no seu endere\u00e7o de email o respetivo voucher ou poder\u00e1 ser levantado na cl\u00ednica.<\/li>\n<li>Contacte o n\u00famero 967 250 466 ou o e-mail\u00a0geral@clientes.space\u00a0para efetuar a marca\u00e7\u00e3o para a data e hora de acordo com a sua prefer\u00eancia.<\/li>\n<\/ul>\n","protected":false},"excerpt":{"rendered":"<p>Radiofrequ\u00eancia Tripolar \u00e9 um tratamento para flacidez tissular, celulite e melhora o contorno corporal, que promove a redu\u00e7\u00e3o de gordura localizada.<\/p>\n","protected":false},"featured_media":1669,"comment_status":"open","ping_status":"closed","template":"","meta":{"content-type":""},"product_cat":[889,745],"product_tag":[],"yoast_head":"<!-- This site is optimized with the Yoast SEO plugin v21.7 - https:\/\/yoast.com\/wordpress\/plugins\/seo\/ -->\n<title>Comprar Radiofrequ\u00eancia Corporal | Cl\u00ednica Michelle Bond | Lisboa<\/title>\n<meta name=\"description\" content=\"Compre sess\u00f5es de radiofrequ\u00eancia corporal na nossa loja online: um tratamento para flacidez tissular, celulite e que promove a redu\u00e7\u00e3o de gordura localizada.\" \/>\n<meta name=\"robots\" content=\"index, follow, max-snippet:-1, max-image-preview:large, max-video-preview:-1\" \/>\n<link rel=\"canonical\" href=\"https:\/\/clientes.space\/michele-bond\/website\/produto\/radiofrequencia-corporal\/\" \/>\n<meta property=\"og:locale\" content=\"pt_PT\" \/>\n<meta property=\"og:type\" content=\"article\" \/>\n<meta property=\"og:title\" content=\"Comprar Radiofrequ\u00eancia Corporal | Cl\u00ednica Michelle Bond | Lisboa\" \/>\n<meta property=\"og:description\" content=\"Compre sess\u00f5es de radiofrequ\u00eancia corporal na nossa loja online: um tratamento para flacidez tissular, celulite e que promove a redu\u00e7\u00e3o de gordura localizada.\" \/>\n<meta property=\"og:url\" content=\"https:\/\/clientes.space\/michele-bond\/website\/produto\/radiofrequencia-corporal\/\" \/>\n<meta property=\"og:site_name\" content=\"Michelle Bond Clinic | Lisboa\" \/>\n<meta property=\"article:modified_time\" content=\"2023-01-17T11:32:31+00:00\" \/>\n<meta property=\"og:image\" content=\"https:\/\/clientes.space\/michele-bond\/website\/wp-content\/uploads\/2018\/05\/trilipo-facebook.png\" \/>\n\t<meta property=\"og:image:width\" content=\"621\" \/>\n\t<meta property=\"og:image:height\" content=\"336\" \/>\n\t<meta property=\"og:image:type\" content=\"image\/png\" \/>\n<meta name=\"twitter:card\" content=\"summary_large_image\" \/>\n<meta name=\"twitter:label1\" content=\"Tempo estimado de leitura\" \/>\n\t<meta name=\"twitter:data1\" content=\"1 minuto\" \/>\n<script type=\"application\/ld+json\" class=\"yoast-schema-graph\">{\"@context\":\"https:\/\/schema.org\",\"@graph\":[{\"@type\":\"WebPage\",\"@id\":\"https:\/\/clientes.space\/michele-bond\/website\/produto\/radiofrequencia-corporal\/\",\"url\":\"https:\/\/clientes.space\/michele-bond\/website\/produto\/radiofrequencia-corporal\/\",\"name\":\"Comprar Radiofrequ\u00eancia Corporal | Cl\u00ednica Michelle Bond | Lisboa\",\"isPartOf\":{\"@id\":\"https:\/\/clientes.space\/michele-bond\/website\/#website\"},\"datePublished\":\"2020-12-04T17:48:12+00:00\",\"dateModified\":\"2023-01-17T11:32:31+00:00\",\"description\":\"Compre sess\u00f5es de radiofrequ\u00eancia corporal na nossa loja online: um tratamento para flacidez tissular, celulite e que promove a redu\u00e7\u00e3o de gordura localizada.\",\"breadcrumb\":{\"@id\":\"https:\/\/clientes.space\/michele-bond\/website\/produto\/radiofrequencia-corporal\/#breadcrumb\"},\"inLanguage\":\"pt-PT\",\"potentialAction\":[{\"@type\":\"ReadAction\",\"target\":[\"https:\/\/clientes.space\/michele-bond\/website\/produto\/radiofrequencia-corporal\/\"]}]},{\"@type\":\"BreadcrumbList\",\"@id\":\"https:\/\/clientes.space\/michele-bond\/website\/produto\/radiofrequencia-corporal\/#breadcrumb\",\"itemListElement\":[{\"@type\":\"ListItem\",\"position\":1,\"name\":\"In\u00edcio\",\"item\":\"https:\/\/clientes.space\/michele-bond\/website\/\"},{\"@type\":\"ListItem\",\"position\":2,\"name\":\"Loja\",\"item\":\"https:\/\/clientes.space\/michele-bond\/website\/loja-todos\/\"},{\"@type\":\"ListItem\",\"position\":3,\"name\":\"Radiofrequ\u00eancia Corporal\"}]},{\"@type\":\"WebSite\",\"@id\":\"https:\/\/clientes.space\/michele-bond\/website\/#website\",\"url\":\"https:\/\/clientes.space\/michele-bond\/website\/\",\"name\":\"Michelle Bond - Holistic Health &amp; Beauty\",\"description\":\"Medicina Est\u00e9tica, Naturopatia, Nutri\u00e7\u00e3o e Fisioterapia\",\"potentialAction\":[{\"@type\":\"SearchAction\",\"target\":{\"@type\":\"EntryPoint\",\"urlTemplate\":\"https:\/\/clientes.space\/michele-bond\/website\/?s={search_term_string}\"},\"query-input\":\"required name=search_term_string\"}],\"inLanguage\":\"pt-PT\"}]}<\/script>\n<!-- \/ Yoast SEO plugin. -->","yoast_head_json":{"title":"Comprar Radiofrequ\u00eancia Corporal | Cl\u00ednica Michelle Bond | Lisboa","description":"Compre sess\u00f5es de radiofrequ\u00eancia corporal na nossa loja online: um tratamento para flacidez tissular, celulite e que promove a redu\u00e7\u00e3o de gordura localizada.","robots":{"index":"index","follow":"follow","max-snippet":"max-snippet:-1","max-image-preview":"max-image-preview:large","max-video-preview":"max-video-preview:-1"},"canonical":"https:\/\/clientes.space\/michele-bond\/website\/produto\/radiofrequencia-corporal\/","og_locale":"pt_PT","og_type":"article","og_title":"Comprar Radiofrequ\u00eancia Corporal | Cl\u00ednica Michelle Bond | Lisboa","og_description":"Compre sess\u00f5es de radiofrequ\u00eancia corporal na nossa loja online: um tratamento para flacidez tissular, celulite e que promove a redu\u00e7\u00e3o de gordura localizada.","og_url":"https:\/\/clientes.space\/michele-bond\/website\/produto\/radiofrequencia-corporal\/","og_site_name":"Michelle Bond Clinic | Lisboa","article_modified_time":"2023-01-17T11:32:31+00:00","og_image":[{"width":621,"height":336,"url":"https:\/\/clientes.space\/michele-bond\/website\/wp-content\/uploads\/2018\/05\/trilipo-facebook.png","type":"image\/png"}],"twitter_card":"summary_large_image","twitter_misc":{"Tempo estimado de leitura":"1 minuto"},"schema":{"@context":"https:\/\/schema.org","@graph":[{"@type":"WebPage","@id":"https:\/\/clientes.space\/michele-bond\/website\/produto\/radiofrequencia-corporal\/","url":"https:\/\/clientes.space\/michele-bond\/website\/produto\/radiofrequencia-corporal\/","name":"Comprar Radiofrequ\u00eancia Corporal | Cl\u00ednica Michelle Bond | Lisboa","isPartOf":{"@id":"https:\/\/clientes.space\/michele-bond\/website\/#website"},"datePublished":"2020-12-04T17:48:12+00:00","dateModified":"2023-01-17T11:32:31+00:00","description":"Compre sess\u00f5es de radiofrequ\u00eancia corporal na nossa loja online: um tratamento para flacidez tissular, celulite e que promove a redu\u00e7\u00e3o de gordura localizada.","breadcrumb":{"@id":"https:\/\/clientes.space\/michele-bond\/website\/produto\/radiofrequencia-corporal\/#breadcrumb"},"inLanguage":"pt-PT","potentialAction":[{"@type":"ReadAction","target":["https:\/\/clientes.space\/michele-bond\/website\/produto\/radiofrequencia-corporal\/"]}]},{"@type":"BreadcrumbList","@id":"https:\/\/clientes.space\/michele-bond\/website\/produto\/radiofrequencia-corporal\/#breadcrumb","itemListElement":[{"@type":"ListItem","position":1,"name":"In\u00edcio","item":"https:\/\/clientes.space\/michele-bond\/website\/"},{"@type":"ListItem","position":2,"name":"Loja","item":"https:\/\/clientes.space\/michele-bond\/website\/loja-todos\/"},{"@type":"ListItem","position":3,"name":"Radiofrequ\u00eancia Corporal"}]},{"@type":"WebSite","@id":"https:\/\/clientes.space\/michele-bond\/website\/#website","url":"https:\/\/clientes.space\/michele-bond\/website\/","name":"Michelle Bond - Holistic Health &amp; Beauty","description":"Medicina Est\u00e9tica, Naturopatia, Nutri\u00e7\u00e3o e Fisioterapia","potentialAction":[{"@type":"SearchAction","target":{"@type":"EntryPoint","urlTemplate":"https:\/\/clientes.space\/michele-bond\/website\/?s={search_term_string}"},"query-input":"required name=search_term_string"}],"inLanguage":"pt-PT"}]}},"_links":{"self":[{"href":"https:\/\/clientes.space\/michele-bond\/website\/wp-json\/wp\/v2\/product\/7805"}],"collection":[{"href":"https:\/\/clientes.space\/michele-bond\/website\/wp-json\/wp\/v2\/product"}],"about":[{"href":"https:\/\/clientes.space\/michele-bond\/website\/wp-json\/wp\/v2\/types\/product"}],"replies":[{"embeddable":true,"href":"https:\/\/clientes.space\/michele-bond\/website\/wp-json\/wp\/v2\/comments?post=7805"}],"wp:featuredmedia":[{"embeddable":true,"href":"https:\/\/clientes.space\/michele-bond\/website\/wp-json\/wp\/v2\/media\/1669"}],"wp:attachment":[{"href":"https:\/\/clientes.space\/michele-bond\/website\/wp-json\/wp\/v2\/media?parent=7805"}],"wp:term":[{"taxonomy":"product_cat","embeddable":true,"href":"https:\/\/clientes.space\/michele-bond\/website\/wp-json\/wp\/v2\/product_cat?post=7805"},{"taxonomy":"product_tag","embeddable":true,"href":"https:\/\/clientes.space\/michele-bond\/website\/wp-json\/wp\/v2\/product_tag?post=7805"}],"curies":[{"name":"wp","href":"https:\/\/api.w.org\/{rel}","templated":true}]}}