{"id":7859,"date":"2020-12-05T14:05:53","date_gmt":"2020-12-05T14:05:53","guid":{"rendered":"https:\/\/clientes.space\/michele-bond\/website\/?post_type=product&#038;p=7859"},"modified":"2022-07-01T11:59:54","modified_gmt":"2022-07-01T11:59:54","slug":"pressoterapia","status":"publish","type":"product","link":"https:\/\/clientes.space\/michele-bond\/website\/produto\/pressoterapia\/","title":{"rendered":"Pressoterapia"},"content":{"rendered":"<p>A Pressoterapia \u00e9 semelhante \u00e0\u00a0<a href=\"https:\/\/clientes.space\/michele-bond\/website\/drenagem-linfatica\/\">drenagem linf\u00e1tica<\/a> mas feita de forma mec\u00e2nica. \u00c9 um tratamento n\u00e3o invasivo que utiliza um fato composto por c\u00e2maras de ar. Ou seja, \u00e9 um\u00a0 sistema de compress\u00e3o\/ descompress\u00e3o mec\u00e2nica controlada, promovendo assim o processo natural de drenagem. Que lhe permite manter uma determinada sequ\u00eancia e intensidade, de forma ritmada, pressionando os m\u00fasculos.<\/p>\n<p>Os benef\u00edcios s\u00e3o tanto est\u00e9ticos, quanto m\u00e9dicos, j\u00e1 que a pressoterapia \u00e9 uma poderosa aliada quando se trata de prevenir ou tratar:<\/p>\n<ul>\n<li>reten\u00e7\u00e3o de l\u00edquidos;<\/li>\n<li>celulite;<\/li>\n<li>gordura localizada;<\/li>\n<li>insufici\u00eancia venosa, varizes e zonas mal vascularizadas;<\/li>\n<li>linfedemas;<\/li>\n<li>cicatrizes;<\/li>\n<li>patologias associadas \u00e0 gravidez.<\/li>\n<\/ul>\n<p>Para saber mais, visite a nossa p\u00e1gina <a href=\"https:\/\/clientes.space\/michele-bond\/website\/pressoterapia\/\">Pressoterapia<\/a>.<\/p>\n<p><strong>COMO UTILIZAR E CONDI\u00c7\u00d5ES:<\/strong><\/p>\n<ul>\n<li>Voucher v\u00e1lido por 6 meses.<\/li>\n<\/ul>\n<p><strong>Como usufruir do voucher:<\/strong><\/p>\n<ul>\n<li>Ap\u00f3s a compra estar conclu\u00edda, receber\u00e1 no seu endere\u00e7o de email o respetivo voucher ou poder\u00e1 ser levantado na cl\u00ednica.<\/li>\n<li>Contacte o n\u00famero 967 250 466 ou o e-mail\u00a0geral@clientes.space\u00a0para efetuar a marca\u00e7\u00e3o para a data e hora de acordo com a sua prefer\u00eancia.<\/li>\n<\/ul>\n","protected":false},"excerpt":{"rendered":"<p>A pressoterapia Ballancer \u00ae, que \u00e9 a que usamos na nossa cl\u00ednica, \u00e9 de categoria m\u00e9dico-est\u00e9tica. Conquistou posi\u00e7\u00e3o de marca de prest\u00edgio mundial, distinguindo-se por ser o sistema que mais se assemelha \u00e0s massagens manuais.<\/p>\n","protected":false},"featured_media":7864,"comment_status":"open","ping_status":"closed","template":"","meta":{"content-type":""},"product_cat":[890,745],"product_tag":[],"yoast_head":"<!-- This site is optimized with the Yoast SEO plugin v21.7 - https:\/\/yoast.com\/wordpress\/plugins\/seo\/ -->\n<title>Comprar Sess\u00f5es de Pressoterapia | Cl\u00ednica Michelle Bond | Lisboa<\/title>\n<meta name=\"description\" content=\"Compre sess\u00f5es de pressoterapia Ballancer \u00ae na nossa loja online: a Ballancer\u00ae conquistou posi\u00e7\u00e3o de marca de prest\u00edgio mundial, distinguindo-se por ser o sistema que mais se assemelha \u00e0s massagens manuais.\" \/>\n<meta name=\"robots\" content=\"index, follow, max-snippet:-1, max-image-preview:large, max-video-preview:-1\" \/>\n<link rel=\"canonical\" href=\"https:\/\/clientes.space\/michele-bond\/website\/produto\/pressoterapia\/\" \/>\n<meta property=\"og:locale\" content=\"pt_PT\" \/>\n<meta property=\"og:type\" content=\"article\" \/>\n<meta property=\"og:title\" content=\"Comprar Sess\u00f5es de Pressoterapia | Cl\u00ednica Michelle Bond | Lisboa\" \/>\n<meta property=\"og:description\" content=\"Compre sess\u00f5es de pressoterapia Ballancer \u00ae na nossa loja online: a Ballancer\u00ae conquistou posi\u00e7\u00e3o de marca de prest\u00edgio mundial, distinguindo-se por ser o sistema que mais se assemelha \u00e0s massagens manuais.\" \/>\n<meta property=\"og:url\" content=\"https:\/\/clientes.space\/michele-bond\/website\/produto\/pressoterapia\/\" \/>\n<meta property=\"og:site_name\" content=\"Michelle Bond Clinic | Lisboa\" \/>\n<meta property=\"article:modified_time\" content=\"2022-07-01T11:59:54+00:00\" \/>\n<meta property=\"og:image\" content=\"https:\/\/clientes.space\/michele-bond\/website\/wp-content\/uploads\/2020\/12\/ballancer-505.jpg\" \/>\n\t<meta property=\"og:image:width\" content=\"400\" \/>\n\t<meta property=\"og:image:height\" content=\"350\" \/>\n\t<meta property=\"og:image:type\" content=\"image\/jpeg\" \/>\n<meta name=\"twitter:card\" content=\"summary_large_image\" \/>\n<meta name=\"twitter:label1\" content=\"Tempo estimado de leitura\" \/>\n\t<meta name=\"twitter:data1\" content=\"1 minuto\" \/>\n<script type=\"application\/ld+json\" class=\"yoast-schema-graph\">{\"@context\":\"https:\/\/schema.org\",\"@graph\":[{\"@type\":\"WebPage\",\"@id\":\"https:\/\/clientes.space\/michele-bond\/website\/produto\/pressoterapia\/\",\"url\":\"https:\/\/clientes.space\/michele-bond\/website\/produto\/pressoterapia\/\",\"name\":\"Comprar Sess\u00f5es de Pressoterapia | Cl\u00ednica Michelle Bond | Lisboa\",\"isPartOf\":{\"@id\":\"https:\/\/clientes.space\/michele-bond\/website\/#website\"},\"datePublished\":\"2020-12-05T14:05:53+00:00\",\"dateModified\":\"2022-07-01T11:59:54+00:00\",\"description\":\"Compre sess\u00f5es de pressoterapia Ballancer \u00ae na nossa loja online: a Ballancer\u00ae conquistou posi\u00e7\u00e3o de marca de prest\u00edgio mundial, distinguindo-se por ser o sistema que mais se assemelha \u00e0s massagens manuais.\",\"breadcrumb\":{\"@id\":\"https:\/\/clientes.space\/michele-bond\/website\/produto\/pressoterapia\/#breadcrumb\"},\"inLanguage\":\"pt-PT\",\"potentialAction\":[{\"@type\":\"ReadAction\",\"target\":[\"https:\/\/clientes.space\/michele-bond\/website\/produto\/pressoterapia\/\"]}]},{\"@type\":\"BreadcrumbList\",\"@id\":\"https:\/\/clientes.space\/michele-bond\/website\/produto\/pressoterapia\/#breadcrumb\",\"itemListElement\":[{\"@type\":\"ListItem\",\"position\":1,\"name\":\"In\u00edcio\",\"item\":\"https:\/\/clientes.space\/michele-bond\/website\/\"},{\"@type\":\"ListItem\",\"position\":2,\"name\":\"Loja\",\"item\":\"https:\/\/clientes.space\/michele-bond\/website\/loja-todos\/\"},{\"@type\":\"ListItem\",\"position\":3,\"name\":\"Pressoterapia\"}]},{\"@type\":\"WebSite\",\"@id\":\"https:\/\/clientes.space\/michele-bond\/website\/#website\",\"url\":\"https:\/\/clientes.space\/michele-bond\/website\/\",\"name\":\"Michelle Bond - Holistic Health &amp; Beauty\",\"description\":\"Medicina Est\u00e9tica, Naturopatia, Nutri\u00e7\u00e3o e Fisioterapia\",\"potentialAction\":[{\"@type\":\"SearchAction\",\"target\":{\"@type\":\"EntryPoint\",\"urlTemplate\":\"https:\/\/clientes.space\/michele-bond\/website\/?s={search_term_string}\"},\"query-input\":\"required name=search_term_string\"}],\"inLanguage\":\"pt-PT\"}]}<\/script>\n<!-- \/ Yoast SEO plugin. -->","yoast_head_json":{"title":"Comprar Sess\u00f5es de Pressoterapia | Cl\u00ednica Michelle Bond | Lisboa","description":"Compre sess\u00f5es de pressoterapia Ballancer \u00ae na nossa loja online: a Ballancer\u00ae conquistou posi\u00e7\u00e3o de marca de prest\u00edgio mundial, distinguindo-se por ser o sistema que mais se assemelha \u00e0s massagens manuais.","robots":{"index":"index","follow":"follow","max-snippet":"max-snippet:-1","max-image-preview":"max-image-preview:large","max-video-preview":"max-video-preview:-1"},"canonical":"https:\/\/clientes.space\/michele-bond\/website\/produto\/pressoterapia\/","og_locale":"pt_PT","og_type":"article","og_title":"Comprar Sess\u00f5es de Pressoterapia | Cl\u00ednica Michelle Bond | Lisboa","og_description":"Compre sess\u00f5es de pressoterapia Ballancer \u00ae na nossa loja online: a Ballancer\u00ae conquistou posi\u00e7\u00e3o de marca de prest\u00edgio mundial, distinguindo-se por ser o sistema que mais se assemelha \u00e0s massagens manuais.","og_url":"https:\/\/clientes.space\/michele-bond\/website\/produto\/pressoterapia\/","og_site_name":"Michelle Bond Clinic | Lisboa","article_modified_time":"2022-07-01T11:59:54+00:00","og_image":[{"width":400,"height":350,"url":"https:\/\/clientes.space\/michele-bond\/website\/wp-content\/uploads\/2020\/12\/ballancer-505.jpg","type":"image\/jpeg"}],"twitter_card":"summary_large_image","twitter_misc":{"Tempo estimado de leitura":"1 minuto"},"schema":{"@context":"https:\/\/schema.org","@graph":[{"@type":"WebPage","@id":"https:\/\/clientes.space\/michele-bond\/website\/produto\/pressoterapia\/","url":"https:\/\/clientes.space\/michele-bond\/website\/produto\/pressoterapia\/","name":"Comprar Sess\u00f5es de Pressoterapia | Cl\u00ednica Michelle Bond | Lisboa","isPartOf":{"@id":"https:\/\/clientes.space\/michele-bond\/website\/#website"},"datePublished":"2020-12-05T14:05:53+00:00","dateModified":"2022-07-01T11:59:54+00:00","description":"Compre sess\u00f5es de pressoterapia Ballancer \u00ae na nossa loja online: a Ballancer\u00ae conquistou posi\u00e7\u00e3o de marca de prest\u00edgio mundial, distinguindo-se por ser o sistema que mais se assemelha \u00e0s massagens manuais.","breadcrumb":{"@id":"https:\/\/clientes.space\/michele-bond\/website\/produto\/pressoterapia\/#breadcrumb"},"inLanguage":"pt-PT","potentialAction":[{"@type":"ReadAction","target":["https:\/\/clientes.space\/michele-bond\/website\/produto\/pressoterapia\/"]}]},{"@type":"BreadcrumbList","@id":"https:\/\/clientes.space\/michele-bond\/website\/produto\/pressoterapia\/#breadcrumb","itemListElement":[{"@type":"ListItem","position":1,"name":"In\u00edcio","item":"https:\/\/clientes.space\/michele-bond\/website\/"},{"@type":"ListItem","position":2,"name":"Loja","item":"https:\/\/clientes.space\/michele-bond\/website\/loja-todos\/"},{"@type":"ListItem","position":3,"name":"Pressoterapia"}]},{"@type":"WebSite","@id":"https:\/\/clientes.space\/michele-bond\/website\/#website","url":"https:\/\/clientes.space\/michele-bond\/website\/","name":"Michelle Bond - Holistic Health &amp; Beauty","description":"Medicina Est\u00e9tica, Naturopatia, Nutri\u00e7\u00e3o e Fisioterapia","potentialAction":[{"@type":"SearchAction","target":{"@type":"EntryPoint","urlTemplate":"https:\/\/clientes.space\/michele-bond\/website\/?s={search_term_string}"},"query-input":"required name=search_term_string"}],"inLanguage":"pt-PT"}]}},"_links":{"self":[{"href":"https:\/\/clientes.space\/michele-bond\/website\/wp-json\/wp\/v2\/product\/7859"}],"collection":[{"href":"https:\/\/clientes.space\/michele-bond\/website\/wp-json\/wp\/v2\/product"}],"about":[{"href":"https:\/\/clientes.space\/michele-bond\/website\/wp-json\/wp\/v2\/types\/product"}],"replies":[{"embeddable":true,"href":"https:\/\/clientes.space\/michele-bond\/website\/wp-json\/wp\/v2\/comments?post=7859"}],"wp:featuredmedia":[{"embeddable":true,"href":"https:\/\/clientes.space\/michele-bond\/website\/wp-json\/wp\/v2\/media\/7864"}],"wp:attachment":[{"href":"https:\/\/clientes.space\/michele-bond\/website\/wp-json\/wp\/v2\/media?parent=7859"}],"wp:term":[{"taxonomy":"product_cat","embeddable":true,"href":"https:\/\/clientes.space\/michele-bond\/website\/wp-json\/wp\/v2\/product_cat?post=7859"},{"taxonomy":"product_tag","embeddable":true,"href":"https:\/\/clientes.space\/michele-bond\/website\/wp-json\/wp\/v2\/product_tag?post=7859"}],"curies":[{"name":"wp","href":"https:\/\/api.w.org\/{rel}","templated":true}]}}