{"id":7877,"date":"2020-12-05T19:26:07","date_gmt":"2020-12-05T19:26:07","guid":{"rendered":"https:\/\/clientes.space\/michele-bond\/website\/?post_type=product&#038;p=7877"},"modified":"2023-09-22T15:29:48","modified_gmt":"2023-09-22T15:29:48","slug":"receitas-de-sobremesas-saudaveis","status":"publish","type":"product","link":"https:\/\/clientes.space\/michele-bond\/website\/produto\/receitas-de-sobremesas-saudaveis\/","title":{"rendered":"E-book de Receitas de Sobremesas Saud\u00e1veis"},"content":{"rendered":"<p>Uma alimenta\u00e7\u00e3o saud\u00e1vel n\u00e3o significa ter que viver sem doces. Porque n\u00e3o podemos comer sobremesas que al\u00e9m de deliciosas, s\u00e3o leves e nutritivas?<\/p>\n<p>Bolo de chocolate, tarte de ma\u00e7\u00e3, gelado e bolacha, s\u00e3o algumas da receitas que voc\u00ea encontra nesse e-book. Al\u00e9m de pr\u00e1ticas, s\u00e3o deliciosas e v\u00e3o trazer doces momentos para a sua vida.<\/p>\n<p>Todas as receitas tem a informa\u00e7\u00e3o nutricional dos macronutrientes: hidratos de carbono, prote\u00edna e gordura.<\/p>\n<p>Ap\u00f3s a compra do livro, ir\u00e1 receb\u00ea-lo na sua inbox.<\/p>\n","protected":false},"excerpt":{"rendered":"<p>Receitas de doces para comer sem peso na consci\u00eancia.<\/p>\n","protected":false},"featured_media":7878,"comment_status":"open","ping_status":"closed","template":"","meta":{"content-type":""},"product_cat":[883,918],"product_tag":[],"yoast_head":"<!-- This site is optimized with the Yoast SEO plugin v21.7 - https:\/\/yoast.com\/wordpress\/plugins\/seo\/ -->\n<title>E-book de E-book de Receitas de Sobremesas Saud\u00e1veis Saud\u00e1veis | Cl\u00ednica Michelle Bond<\/title>\n<meta name=\"description\" content=\"Bolo de chocolate, tarte de ma\u00e7\u00e3, gelado e bolacha\u2026 nesse e-book de receitas sobremesas saud\u00e1veis voc\u00ea encontra receitas pr\u00e1ticas e deliciosas que v\u00e3o trazer doces momentos para a sua vida.\" \/>\n<meta name=\"robots\" content=\"index, follow, max-snippet:-1, max-image-preview:large, max-video-preview:-1\" \/>\n<link rel=\"canonical\" href=\"https:\/\/clientes.space\/michele-bond\/website\/produto\/receitas-de-sobremesas-saudaveis\/\" \/>\n<meta property=\"og:locale\" content=\"pt_PT\" \/>\n<meta property=\"og:type\" content=\"article\" \/>\n<meta property=\"og:title\" content=\"E-book de E-book de Receitas de Sobremesas Saud\u00e1veis Saud\u00e1veis | Cl\u00ednica Michelle Bond\" \/>\n<meta property=\"og:description\" content=\"Bolo de chocolate, tarte de ma\u00e7\u00e3, gelado e bolacha\u2026 nesse e-book de receitas sobremesas saud\u00e1veis voc\u00ea encontra receitas pr\u00e1ticas e deliciosas que v\u00e3o trazer doces momentos para a sua vida.\" \/>\n<meta property=\"og:url\" content=\"https:\/\/clientes.space\/michele-bond\/website\/produto\/receitas-de-sobremesas-saudaveis\/\" \/>\n<meta property=\"og:site_name\" content=\"Michelle Bond Clinic | Lisboa\" \/>\n<meta property=\"article:modified_time\" content=\"2023-09-22T15:29:48+00:00\" \/>\n<meta property=\"og:image\" content=\"https:\/\/clientes.space\/michele-bond\/website\/wp-content\/uploads\/2020\/12\/Ebook-Sobremesas.jpg\" \/>\n\t<meta property=\"og:image:width\" content=\"1410\" \/>\n\t<meta property=\"og:image:height\" content=\"2250\" \/>\n\t<meta property=\"og:image:type\" content=\"image\/jpeg\" \/>\n<meta name=\"twitter:card\" content=\"summary_large_image\" \/>\n<script type=\"application\/ld+json\" class=\"yoast-schema-graph\">{\"@context\":\"https:\/\/schema.org\",\"@graph\":[{\"@type\":\"WebPage\",\"@id\":\"https:\/\/clientes.space\/michele-bond\/website\/produto\/receitas-de-sobremesas-saudaveis\/\",\"url\":\"https:\/\/clientes.space\/michele-bond\/website\/produto\/receitas-de-sobremesas-saudaveis\/\",\"name\":\"E-book de E-book de Receitas de Sobremesas Saud\u00e1veis Saud\u00e1veis | Cl\u00ednica Michelle Bond\",\"isPartOf\":{\"@id\":\"https:\/\/clientes.space\/michele-bond\/website\/#website\"},\"datePublished\":\"2020-12-05T19:26:07+00:00\",\"dateModified\":\"2023-09-22T15:29:48+00:00\",\"description\":\"Bolo de chocolate, tarte de ma\u00e7\u00e3, gelado e bolacha\u2026 nesse e-book de receitas sobremesas saud\u00e1veis voc\u00ea encontra receitas pr\u00e1ticas e deliciosas que v\u00e3o trazer doces momentos para a sua vida.\",\"breadcrumb\":{\"@id\":\"https:\/\/clientes.space\/michele-bond\/website\/produto\/receitas-de-sobremesas-saudaveis\/#breadcrumb\"},\"inLanguage\":\"pt-PT\",\"potentialAction\":[{\"@type\":\"ReadAction\",\"target\":[\"https:\/\/clientes.space\/michele-bond\/website\/produto\/receitas-de-sobremesas-saudaveis\/\"]}]},{\"@type\":\"BreadcrumbList\",\"@id\":\"https:\/\/clientes.space\/michele-bond\/website\/produto\/receitas-de-sobremesas-saudaveis\/#breadcrumb\",\"itemListElement\":[{\"@type\":\"ListItem\",\"position\":1,\"name\":\"In\u00edcio\",\"item\":\"https:\/\/clientes.space\/michele-bond\/website\/\"},{\"@type\":\"ListItem\",\"position\":2,\"name\":\"Loja\",\"item\":\"https:\/\/clientes.space\/michele-bond\/website\/loja-todos\/\"},{\"@type\":\"ListItem\",\"position\":3,\"name\":\"E-book de Receitas de Sobremesas Saud\u00e1veis\"}]},{\"@type\":\"WebSite\",\"@id\":\"https:\/\/clientes.space\/michele-bond\/website\/#website\",\"url\":\"https:\/\/clientes.space\/michele-bond\/website\/\",\"name\":\"Michelle Bond - Holistic Health &amp; Beauty\",\"description\":\"Medicina Est\u00e9tica, Naturopatia, Nutri\u00e7\u00e3o e Fisioterapia\",\"potentialAction\":[{\"@type\":\"SearchAction\",\"target\":{\"@type\":\"EntryPoint\",\"urlTemplate\":\"https:\/\/clientes.space\/michele-bond\/website\/?s={search_term_string}\"},\"query-input\":\"required name=search_term_string\"}],\"inLanguage\":\"pt-PT\"}]}<\/script>\n<!-- \/ Yoast SEO plugin. -->","yoast_head_json":{"title":"E-book de E-book de Receitas de Sobremesas Saud\u00e1veis Saud\u00e1veis | Cl\u00ednica Michelle Bond","description":"Bolo de chocolate, tarte de ma\u00e7\u00e3, gelado e bolacha\u2026 nesse e-book de receitas sobremesas saud\u00e1veis voc\u00ea encontra receitas pr\u00e1ticas e deliciosas que v\u00e3o trazer doces momentos para a sua vida.","robots":{"index":"index","follow":"follow","max-snippet":"max-snippet:-1","max-image-preview":"max-image-preview:large","max-video-preview":"max-video-preview:-1"},"canonical":"https:\/\/clientes.space\/michele-bond\/website\/produto\/receitas-de-sobremesas-saudaveis\/","og_locale":"pt_PT","og_type":"article","og_title":"E-book de E-book de Receitas de Sobremesas Saud\u00e1veis Saud\u00e1veis | Cl\u00ednica Michelle Bond","og_description":"Bolo de chocolate, tarte de ma\u00e7\u00e3, gelado e bolacha\u2026 nesse e-book de receitas sobremesas saud\u00e1veis voc\u00ea encontra receitas pr\u00e1ticas e deliciosas que v\u00e3o trazer doces momentos para a sua vida.","og_url":"https:\/\/clientes.space\/michele-bond\/website\/produto\/receitas-de-sobremesas-saudaveis\/","og_site_name":"Michelle Bond Clinic | Lisboa","article_modified_time":"2023-09-22T15:29:48+00:00","og_image":[{"width":1410,"height":2250,"url":"https:\/\/clientes.space\/michele-bond\/website\/wp-content\/uploads\/2020\/12\/Ebook-Sobremesas.jpg","type":"image\/jpeg"}],"twitter_card":"summary_large_image","schema":{"@context":"https:\/\/schema.org","@graph":[{"@type":"WebPage","@id":"https:\/\/clientes.space\/michele-bond\/website\/produto\/receitas-de-sobremesas-saudaveis\/","url":"https:\/\/clientes.space\/michele-bond\/website\/produto\/receitas-de-sobremesas-saudaveis\/","name":"E-book de E-book de Receitas de Sobremesas Saud\u00e1veis Saud\u00e1veis | Cl\u00ednica Michelle Bond","isPartOf":{"@id":"https:\/\/clientes.space\/michele-bond\/website\/#website"},"datePublished":"2020-12-05T19:26:07+00:00","dateModified":"2023-09-22T15:29:48+00:00","description":"Bolo de chocolate, tarte de ma\u00e7\u00e3, gelado e bolacha\u2026 nesse e-book de receitas sobremesas saud\u00e1veis voc\u00ea encontra receitas pr\u00e1ticas e deliciosas que v\u00e3o trazer doces momentos para a sua vida.","breadcrumb":{"@id":"https:\/\/clientes.space\/michele-bond\/website\/produto\/receitas-de-sobremesas-saudaveis\/#breadcrumb"},"inLanguage":"pt-PT","potentialAction":[{"@type":"ReadAction","target":["https:\/\/clientes.space\/michele-bond\/website\/produto\/receitas-de-sobremesas-saudaveis\/"]}]},{"@type":"BreadcrumbList","@id":"https:\/\/clientes.space\/michele-bond\/website\/produto\/receitas-de-sobremesas-saudaveis\/#breadcrumb","itemListElement":[{"@type":"ListItem","position":1,"name":"In\u00edcio","item":"https:\/\/clientes.space\/michele-bond\/website\/"},{"@type":"ListItem","position":2,"name":"Loja","item":"https:\/\/clientes.space\/michele-bond\/website\/loja-todos\/"},{"@type":"ListItem","position":3,"name":"E-book de Receitas de Sobremesas Saud\u00e1veis"}]},{"@type":"WebSite","@id":"https:\/\/clientes.space\/michele-bond\/website\/#website","url":"https:\/\/clientes.space\/michele-bond\/website\/","name":"Michelle Bond - Holistic Health &amp; Beauty","description":"Medicina Est\u00e9tica, Naturopatia, Nutri\u00e7\u00e3o e Fisioterapia","potentialAction":[{"@type":"SearchAction","target":{"@type":"EntryPoint","urlTemplate":"https:\/\/clientes.space\/michele-bond\/website\/?s={search_term_string}"},"query-input":"required name=search_term_string"}],"inLanguage":"pt-PT"}]}},"_links":{"self":[{"href":"https:\/\/clientes.space\/michele-bond\/website\/wp-json\/wp\/v2\/product\/7877"}],"collection":[{"href":"https:\/\/clientes.space\/michele-bond\/website\/wp-json\/wp\/v2\/product"}],"about":[{"href":"https:\/\/clientes.space\/michele-bond\/website\/wp-json\/wp\/v2\/types\/product"}],"replies":[{"embeddable":true,"href":"https:\/\/clientes.space\/michele-bond\/website\/wp-json\/wp\/v2\/comments?post=7877"}],"wp:featuredmedia":[{"embeddable":true,"href":"https:\/\/clientes.space\/michele-bond\/website\/wp-json\/wp\/v2\/media\/7878"}],"wp:attachment":[{"href":"https:\/\/clientes.space\/michele-bond\/website\/wp-json\/wp\/v2\/media?parent=7877"}],"wp:term":[{"taxonomy":"product_cat","embeddable":true,"href":"https:\/\/clientes.space\/michele-bond\/website\/wp-json\/wp\/v2\/product_cat?post=7877"},{"taxonomy":"product_tag","embeddable":true,"href":"https:\/\/clientes.space\/michele-bond\/website\/wp-json\/wp\/v2\/product_tag?post=7877"}],"curies":[{"name":"wp","href":"https:\/\/api.w.org\/{rel}","templated":true}]}}