{"id":7882,"date":"2020-12-05T20:14:44","date_gmt":"2020-12-05T20:14:44","guid":{"rendered":"https:\/\/clientes.space\/michele-bond\/website\/?post_type=product&#038;p=7882"},"modified":"2023-09-22T15:30:07","modified_gmt":"2023-09-22T15:30:07","slug":"receitas-veganas","status":"publish","type":"product","link":"https:\/\/clientes.space\/michele-bond\/website\/produto\/receitas-veganas\/","title":{"rendered":"Receitas Veganas"},"content":{"rendered":"<p>O nosso objetivo com esse ebook \u00e9 convencer-vos a comer mais legumes. Muito mais legumes. Talvez at\u00e9, quem sabe, fazer dos vegetais a base das vossas refei\u00e7\u00f5es. Porqu\u00ea? Temos que comer mais legumes e menos prote\u00edna de origem animal porque os vegetais s\u00e3o os alimentos que nos melhor fazem e que causam menos dano ao planeta.<\/p>\n<p>Passar a usar essencialmente legumes nas refei\u00e7\u00f5es, em vez de carne ou peixe, requer uma mudan\u00e7a de atitude. E n\u00f3s estamos aqui para ajudar-lhe. Especialmente para lhe mostrar a composi\u00e7\u00e3o de refei\u00e7\u00f5es veganas que s\u00e3o nutritivas, uma vez que na nossa pr\u00e1tica cl\u00ednica \u00e9 uma queixa bastante comum dos nossos pacientes. E assim evitar sofrer defici\u00eancias nutricionais como ferro, falta de prote\u00edna, c\u00e1lcio ou \u00f4mega-3.<\/p>\n<p>Esse ebook tamb\u00e9m \u00e9 indicado para qualquer pessoa que siga uma dieta vegena e que precisa se atualizar e de mais inspira\u00e7\u00e3o para sair da rotina.<\/p>\n<p>Ap\u00f3s a compra do livro, ir\u00e1 receb\u00ea-lo na sua inbox.<\/p>\n","protected":false},"excerpt":{"rendered":"<p>Receitas pr\u00e1ticas \u00e0 base de vegetais. Indicado para veganos e n\u00e3o veganos.<\/p>\n","protected":false},"featured_media":7883,"comment_status":"open","ping_status":"closed","template":"","meta":{"content-type":""},"product_cat":[885,883],"product_tag":[],"yoast_head":"<!-- This site is optimized with the Yoast SEO plugin v21.7 - https:\/\/yoast.com\/wordpress\/plugins\/seo\/ -->\n<title>E-book de Receitas Veganas | Cl\u00ednica Michelle Bond<\/title>\n<meta name=\"description\" content=\"O nosso objetivo com esse E-book de Receitas Veganas \u00e9 convencer-vos a comer mais legumes. Muito mais legumes. Tanto veganos, como n\u00e3o veganos.\" \/>\n<meta name=\"robots\" content=\"index, follow, max-snippet:-1, max-image-preview:large, max-video-preview:-1\" \/>\n<link rel=\"canonical\" href=\"https:\/\/clientes.space\/michele-bond\/website\/produto\/receitas-veganas\/\" \/>\n<meta property=\"og:locale\" content=\"pt_PT\" \/>\n<meta property=\"og:type\" content=\"article\" \/>\n<meta property=\"og:title\" content=\"E-book de Receitas Veganas | Cl\u00ednica Michelle Bond\" \/>\n<meta property=\"og:description\" content=\"O nosso objetivo com esse E-book de Receitas Veganas \u00e9 convencer-vos a comer mais legumes. Muito mais legumes. Tanto veganos, como n\u00e3o veganos.\" \/>\n<meta property=\"og:url\" content=\"https:\/\/clientes.space\/michele-bond\/website\/produto\/receitas-veganas\/\" \/>\n<meta property=\"og:site_name\" content=\"Michelle Bond Clinic | Lisboa\" \/>\n<meta property=\"article:modified_time\" content=\"2023-09-22T15:30:07+00:00\" \/>\n<meta property=\"og:image\" content=\"https:\/\/clientes.space\/michele-bond\/website\/wp-content\/uploads\/2020\/12\/Ebook-Vegetariano-Vegan.jpg\" \/>\n\t<meta property=\"og:image:width\" content=\"1410\" \/>\n\t<meta property=\"og:image:height\" content=\"2250\" \/>\n\t<meta property=\"og:image:type\" content=\"image\/jpeg\" \/>\n<meta name=\"twitter:card\" content=\"summary_large_image\" \/>\n<meta name=\"twitter:label1\" content=\"Tempo estimado de leitura\" \/>\n\t<meta name=\"twitter:data1\" content=\"1 minuto\" \/>\n<script type=\"application\/ld+json\" class=\"yoast-schema-graph\">{\"@context\":\"https:\/\/schema.org\",\"@graph\":[{\"@type\":\"WebPage\",\"@id\":\"https:\/\/clientes.space\/michele-bond\/website\/produto\/receitas-veganas\/\",\"url\":\"https:\/\/clientes.space\/michele-bond\/website\/produto\/receitas-veganas\/\",\"name\":\"E-book de Receitas Veganas | Cl\u00ednica Michelle Bond\",\"isPartOf\":{\"@id\":\"https:\/\/clientes.space\/michele-bond\/website\/#website\"},\"datePublished\":\"2020-12-05T20:14:44+00:00\",\"dateModified\":\"2023-09-22T15:30:07+00:00\",\"description\":\"O nosso objetivo com esse E-book de Receitas Veganas \u00e9 convencer-vos a comer mais legumes. Muito mais legumes. Tanto veganos, como n\u00e3o veganos.\",\"breadcrumb\":{\"@id\":\"https:\/\/clientes.space\/michele-bond\/website\/produto\/receitas-veganas\/#breadcrumb\"},\"inLanguage\":\"pt-PT\",\"potentialAction\":[{\"@type\":\"ReadAction\",\"target\":[\"https:\/\/clientes.space\/michele-bond\/website\/produto\/receitas-veganas\/\"]}]},{\"@type\":\"BreadcrumbList\",\"@id\":\"https:\/\/clientes.space\/michele-bond\/website\/produto\/receitas-veganas\/#breadcrumb\",\"itemListElement\":[{\"@type\":\"ListItem\",\"position\":1,\"name\":\"In\u00edcio\",\"item\":\"https:\/\/clientes.space\/michele-bond\/website\/\"},{\"@type\":\"ListItem\",\"position\":2,\"name\":\"Loja\",\"item\":\"https:\/\/clientes.space\/michele-bond\/website\/loja-todos\/\"},{\"@type\":\"ListItem\",\"position\":3,\"name\":\"Receitas Veganas\"}]},{\"@type\":\"WebSite\",\"@id\":\"https:\/\/clientes.space\/michele-bond\/website\/#website\",\"url\":\"https:\/\/clientes.space\/michele-bond\/website\/\",\"name\":\"Michelle Bond - Holistic Health &amp; Beauty\",\"description\":\"Medicina Est\u00e9tica, Naturopatia, Nutri\u00e7\u00e3o e Fisioterapia\",\"potentialAction\":[{\"@type\":\"SearchAction\",\"target\":{\"@type\":\"EntryPoint\",\"urlTemplate\":\"https:\/\/clientes.space\/michele-bond\/website\/?s={search_term_string}\"},\"query-input\":\"required name=search_term_string\"}],\"inLanguage\":\"pt-PT\"}]}<\/script>\n<!-- \/ Yoast SEO plugin. -->","yoast_head_json":{"title":"E-book de Receitas Veganas | Cl\u00ednica Michelle Bond","description":"O nosso objetivo com esse E-book de Receitas Veganas \u00e9 convencer-vos a comer mais legumes. Muito mais legumes. Tanto veganos, como n\u00e3o veganos.","robots":{"index":"index","follow":"follow","max-snippet":"max-snippet:-1","max-image-preview":"max-image-preview:large","max-video-preview":"max-video-preview:-1"},"canonical":"https:\/\/clientes.space\/michele-bond\/website\/produto\/receitas-veganas\/","og_locale":"pt_PT","og_type":"article","og_title":"E-book de Receitas Veganas | Cl\u00ednica Michelle Bond","og_description":"O nosso objetivo com esse E-book de Receitas Veganas \u00e9 convencer-vos a comer mais legumes. Muito mais legumes. Tanto veganos, como n\u00e3o veganos.","og_url":"https:\/\/clientes.space\/michele-bond\/website\/produto\/receitas-veganas\/","og_site_name":"Michelle Bond Clinic | Lisboa","article_modified_time":"2023-09-22T15:30:07+00:00","og_image":[{"width":1410,"height":2250,"url":"https:\/\/clientes.space\/michele-bond\/website\/wp-content\/uploads\/2020\/12\/Ebook-Vegetariano-Vegan.jpg","type":"image\/jpeg"}],"twitter_card":"summary_large_image","twitter_misc":{"Tempo estimado de leitura":"1 minuto"},"schema":{"@context":"https:\/\/schema.org","@graph":[{"@type":"WebPage","@id":"https:\/\/clientes.space\/michele-bond\/website\/produto\/receitas-veganas\/","url":"https:\/\/clientes.space\/michele-bond\/website\/produto\/receitas-veganas\/","name":"E-book de Receitas Veganas | Cl\u00ednica Michelle Bond","isPartOf":{"@id":"https:\/\/clientes.space\/michele-bond\/website\/#website"},"datePublished":"2020-12-05T20:14:44+00:00","dateModified":"2023-09-22T15:30:07+00:00","description":"O nosso objetivo com esse E-book de Receitas Veganas \u00e9 convencer-vos a comer mais legumes. Muito mais legumes. Tanto veganos, como n\u00e3o veganos.","breadcrumb":{"@id":"https:\/\/clientes.space\/michele-bond\/website\/produto\/receitas-veganas\/#breadcrumb"},"inLanguage":"pt-PT","potentialAction":[{"@type":"ReadAction","target":["https:\/\/clientes.space\/michele-bond\/website\/produto\/receitas-veganas\/"]}]},{"@type":"BreadcrumbList","@id":"https:\/\/clientes.space\/michele-bond\/website\/produto\/receitas-veganas\/#breadcrumb","itemListElement":[{"@type":"ListItem","position":1,"name":"In\u00edcio","item":"https:\/\/clientes.space\/michele-bond\/website\/"},{"@type":"ListItem","position":2,"name":"Loja","item":"https:\/\/clientes.space\/michele-bond\/website\/loja-todos\/"},{"@type":"ListItem","position":3,"name":"Receitas Veganas"}]},{"@type":"WebSite","@id":"https:\/\/clientes.space\/michele-bond\/website\/#website","url":"https:\/\/clientes.space\/michele-bond\/website\/","name":"Michelle Bond - Holistic Health &amp; Beauty","description":"Medicina Est\u00e9tica, Naturopatia, Nutri\u00e7\u00e3o e Fisioterapia","potentialAction":[{"@type":"SearchAction","target":{"@type":"EntryPoint","urlTemplate":"https:\/\/clientes.space\/michele-bond\/website\/?s={search_term_string}"},"query-input":"required name=search_term_string"}],"inLanguage":"pt-PT"}]}},"_links":{"self":[{"href":"https:\/\/clientes.space\/michele-bond\/website\/wp-json\/wp\/v2\/product\/7882"}],"collection":[{"href":"https:\/\/clientes.space\/michele-bond\/website\/wp-json\/wp\/v2\/product"}],"about":[{"href":"https:\/\/clientes.space\/michele-bond\/website\/wp-json\/wp\/v2\/types\/product"}],"replies":[{"embeddable":true,"href":"https:\/\/clientes.space\/michele-bond\/website\/wp-json\/wp\/v2\/comments?post=7882"}],"wp:featuredmedia":[{"embeddable":true,"href":"https:\/\/clientes.space\/michele-bond\/website\/wp-json\/wp\/v2\/media\/7883"}],"wp:attachment":[{"href":"https:\/\/clientes.space\/michele-bond\/website\/wp-json\/wp\/v2\/media?parent=7882"}],"wp:term":[{"taxonomy":"product_cat","embeddable":true,"href":"https:\/\/clientes.space\/michele-bond\/website\/wp-json\/wp\/v2\/product_cat?post=7882"},{"taxonomy":"product_tag","embeddable":true,"href":"https:\/\/clientes.space\/michele-bond\/website\/wp-json\/wp\/v2\/product_tag?post=7882"}],"curies":[{"name":"wp","href":"https:\/\/api.w.org\/{rel}","templated":true}]}}