{"id":7886,"date":"2020-12-05T20:29:45","date_gmt":"2020-12-05T20:29:45","guid":{"rendered":"https:\/\/clientes.space\/michele-bond\/website\/?post_type=product&#038;p=7886"},"modified":"2023-09-22T15:30:31","modified_gmt":"2023-09-22T15:30:31","slug":"ebook-de-receitas-de-natal-saudaveis","status":"publish","type":"product","link":"https:\/\/clientes.space\/michele-bond\/website\/produto\/ebook-de-receitas-de-natal-saudaveis\/","title":{"rendered":"Receitas de Natal Saud\u00e1veis"},"content":{"rendered":"<p>O Natal \u00e9 caracterizado por excessos alimentares e o mais importante ser\u00e1 refletir um pouco sobre esses mesmos excessos: ser\u00e1 que faz sentido ter tanta comida?<\/p>\n<p>O feedback que tenho tido nas Consultas \u00e9 que a maioria concorda que h\u00e1 sempre demasiada comida! \u00c9 da mesma opini\u00e3o?\u00a0 Acaba sempre por comer um pouco mais do que realmente precisava apenas porque est\u00e1 \u00e0 \u201cm\u00e3o\u201d ou mesmo por gula?<\/p>\n<p>\u00c9 altura de arrega\u00e7ar as mangas e fazer algo por si e pelos outros!\u00a0 Neste ebook voc\u00ea ir\u00e1 encontrar receitas saud\u00e1veis (entradas, pratos principais e sobremesas) que v\u00e3o agradar toda a fam\u00edlia e para comer sem peso na consci\u00eancia.<\/p>\n<p>Ap\u00f3s a compra do livro, ir\u00e1 receb\u00ea-lo na sua inbox.<\/p>\n","protected":false},"excerpt":{"rendered":"<p>O Natal \u00e9 uma \u00e9poca muito particular do ano, direcionada principalmente para os que nos s\u00e3o mais pr\u00f3ximos, mas \u00e9 claro, a comida n\u00e3o poderia faltar!<\/p>\n","protected":false},"featured_media":7887,"comment_status":"open","ping_status":"closed","template":"","meta":{"content-type":""},"product_cat":[883,887],"product_tag":[919],"yoast_head":"<!-- This site is optimized with the Yoast SEO plugin v21.7 - https:\/\/yoast.com\/wordpress\/plugins\/seo\/ -->\n<title>E-book de Receitas de Natal Saud\u00e1veis | Cl\u00ednica Michelle Bond<\/title>\n<meta name=\"description\" content=\"Neste E-book de Receitas de Natal Saud\u00e1veis voc\u00ea ir\u00e1 encontrar receitas (entradas, pratos principais e sobremesas) que v\u00e3o agradar toda a fam\u00edlia e para comer sem peso na consci\u00eancia.\" \/>\n<meta name=\"robots\" content=\"index, follow, max-snippet:-1, max-image-preview:large, max-video-preview:-1\" \/>\n<link rel=\"canonical\" href=\"https:\/\/clientes.space\/michele-bond\/website\/produto\/ebook-de-receitas-de-natal-saudaveis\/\" \/>\n<meta property=\"og:locale\" content=\"pt_PT\" \/>\n<meta property=\"og:type\" content=\"article\" \/>\n<meta property=\"og:title\" content=\"E-book de Receitas de Natal Saud\u00e1veis | Cl\u00ednica Michelle Bond\" \/>\n<meta property=\"og:description\" content=\"Neste E-book de Receitas de Natal Saud\u00e1veis voc\u00ea ir\u00e1 encontrar receitas (entradas, pratos principais e sobremesas) que v\u00e3o agradar toda a fam\u00edlia e para comer sem peso na consci\u00eancia.\" \/>\n<meta property=\"og:url\" content=\"https:\/\/clientes.space\/michele-bond\/website\/produto\/ebook-de-receitas-de-natal-saudaveis\/\" \/>\n<meta property=\"og:site_name\" content=\"Michelle Bond Clinic | Lisboa\" \/>\n<meta property=\"article:modified_time\" content=\"2023-09-22T15:30:31+00:00\" \/>\n<meta property=\"og:image\" content=\"https:\/\/clientes.space\/michele-bond\/website\/wp-content\/uploads\/2020\/12\/Ebook-festividades-.jpg\" \/>\n\t<meta property=\"og:image:width\" content=\"1410\" \/>\n\t<meta property=\"og:image:height\" content=\"2250\" \/>\n\t<meta property=\"og:image:type\" content=\"image\/jpeg\" \/>\n<meta name=\"twitter:card\" content=\"summary_large_image\" \/>\n<meta name=\"twitter:label1\" content=\"Tempo estimado de leitura\" \/>\n\t<meta name=\"twitter:data1\" content=\"1 minuto\" \/>\n<script type=\"application\/ld+json\" class=\"yoast-schema-graph\">{\"@context\":\"https:\/\/schema.org\",\"@graph\":[{\"@type\":\"WebPage\",\"@id\":\"https:\/\/clientes.space\/michele-bond\/website\/produto\/ebook-de-receitas-de-natal-saudaveis\/\",\"url\":\"https:\/\/clientes.space\/michele-bond\/website\/produto\/ebook-de-receitas-de-natal-saudaveis\/\",\"name\":\"E-book de Receitas de Natal Saud\u00e1veis | Cl\u00ednica Michelle Bond\",\"isPartOf\":{\"@id\":\"https:\/\/clientes.space\/michele-bond\/website\/#website\"},\"datePublished\":\"2020-12-05T20:29:45+00:00\",\"dateModified\":\"2023-09-22T15:30:31+00:00\",\"description\":\"Neste E-book de Receitas de Natal Saud\u00e1veis voc\u00ea ir\u00e1 encontrar receitas (entradas, pratos principais e sobremesas) que v\u00e3o agradar toda a fam\u00edlia e para comer sem peso na consci\u00eancia.\",\"breadcrumb\":{\"@id\":\"https:\/\/clientes.space\/michele-bond\/website\/produto\/ebook-de-receitas-de-natal-saudaveis\/#breadcrumb\"},\"inLanguage\":\"pt-PT\",\"potentialAction\":[{\"@type\":\"ReadAction\",\"target\":[\"https:\/\/clientes.space\/michele-bond\/website\/produto\/ebook-de-receitas-de-natal-saudaveis\/\"]}]},{\"@type\":\"BreadcrumbList\",\"@id\":\"https:\/\/clientes.space\/michele-bond\/website\/produto\/ebook-de-receitas-de-natal-saudaveis\/#breadcrumb\",\"itemListElement\":[{\"@type\":\"ListItem\",\"position\":1,\"name\":\"In\u00edcio\",\"item\":\"https:\/\/clientes.space\/michele-bond\/website\/\"},{\"@type\":\"ListItem\",\"position\":2,\"name\":\"Loja\",\"item\":\"https:\/\/clientes.space\/michele-bond\/website\/loja-todos\/\"},{\"@type\":\"ListItem\",\"position\":3,\"name\":\"Receitas de Natal Saud\u00e1veis\"}]},{\"@type\":\"WebSite\",\"@id\":\"https:\/\/clientes.space\/michele-bond\/website\/#website\",\"url\":\"https:\/\/clientes.space\/michele-bond\/website\/\",\"name\":\"Michelle Bond - Holistic Health &amp; Beauty\",\"description\":\"Medicina Est\u00e9tica, Naturopatia, Nutri\u00e7\u00e3o e Fisioterapia\",\"potentialAction\":[{\"@type\":\"SearchAction\",\"target\":{\"@type\":\"EntryPoint\",\"urlTemplate\":\"https:\/\/clientes.space\/michele-bond\/website\/?s={search_term_string}\"},\"query-input\":\"required name=search_term_string\"}],\"inLanguage\":\"pt-PT\"}]}<\/script>\n<!-- \/ Yoast SEO plugin. -->","yoast_head_json":{"title":"E-book de Receitas de Natal Saud\u00e1veis | Cl\u00ednica Michelle Bond","description":"Neste E-book de Receitas de Natal Saud\u00e1veis voc\u00ea ir\u00e1 encontrar receitas (entradas, pratos principais e sobremesas) que v\u00e3o agradar toda a fam\u00edlia e para comer sem peso na consci\u00eancia.","robots":{"index":"index","follow":"follow","max-snippet":"max-snippet:-1","max-image-preview":"max-image-preview:large","max-video-preview":"max-video-preview:-1"},"canonical":"https:\/\/clientes.space\/michele-bond\/website\/produto\/ebook-de-receitas-de-natal-saudaveis\/","og_locale":"pt_PT","og_type":"article","og_title":"E-book de Receitas de Natal Saud\u00e1veis | Cl\u00ednica Michelle Bond","og_description":"Neste E-book de Receitas de Natal Saud\u00e1veis voc\u00ea ir\u00e1 encontrar receitas (entradas, pratos principais e sobremesas) que v\u00e3o agradar toda a fam\u00edlia e para comer sem peso na consci\u00eancia.","og_url":"https:\/\/clientes.space\/michele-bond\/website\/produto\/ebook-de-receitas-de-natal-saudaveis\/","og_site_name":"Michelle Bond Clinic | Lisboa","article_modified_time":"2023-09-22T15:30:31+00:00","og_image":[{"width":1410,"height":2250,"url":"https:\/\/clientes.space\/michele-bond\/website\/wp-content\/uploads\/2020\/12\/Ebook-festividades-.jpg","type":"image\/jpeg"}],"twitter_card":"summary_large_image","twitter_misc":{"Tempo estimado de leitura":"1 minuto"},"schema":{"@context":"https:\/\/schema.org","@graph":[{"@type":"WebPage","@id":"https:\/\/clientes.space\/michele-bond\/website\/produto\/ebook-de-receitas-de-natal-saudaveis\/","url":"https:\/\/clientes.space\/michele-bond\/website\/produto\/ebook-de-receitas-de-natal-saudaveis\/","name":"E-book de Receitas de Natal Saud\u00e1veis | Cl\u00ednica Michelle Bond","isPartOf":{"@id":"https:\/\/clientes.space\/michele-bond\/website\/#website"},"datePublished":"2020-12-05T20:29:45+00:00","dateModified":"2023-09-22T15:30:31+00:00","description":"Neste E-book de Receitas de Natal Saud\u00e1veis voc\u00ea ir\u00e1 encontrar receitas (entradas, pratos principais e sobremesas) que v\u00e3o agradar toda a fam\u00edlia e para comer sem peso na consci\u00eancia.","breadcrumb":{"@id":"https:\/\/clientes.space\/michele-bond\/website\/produto\/ebook-de-receitas-de-natal-saudaveis\/#breadcrumb"},"inLanguage":"pt-PT","potentialAction":[{"@type":"ReadAction","target":["https:\/\/clientes.space\/michele-bond\/website\/produto\/ebook-de-receitas-de-natal-saudaveis\/"]}]},{"@type":"BreadcrumbList","@id":"https:\/\/clientes.space\/michele-bond\/website\/produto\/ebook-de-receitas-de-natal-saudaveis\/#breadcrumb","itemListElement":[{"@type":"ListItem","position":1,"name":"In\u00edcio","item":"https:\/\/clientes.space\/michele-bond\/website\/"},{"@type":"ListItem","position":2,"name":"Loja","item":"https:\/\/clientes.space\/michele-bond\/website\/loja-todos\/"},{"@type":"ListItem","position":3,"name":"Receitas de Natal Saud\u00e1veis"}]},{"@type":"WebSite","@id":"https:\/\/clientes.space\/michele-bond\/website\/#website","url":"https:\/\/clientes.space\/michele-bond\/website\/","name":"Michelle Bond - Holistic Health &amp; Beauty","description":"Medicina Est\u00e9tica, Naturopatia, Nutri\u00e7\u00e3o e Fisioterapia","potentialAction":[{"@type":"SearchAction","target":{"@type":"EntryPoint","urlTemplate":"https:\/\/clientes.space\/michele-bond\/website\/?s={search_term_string}"},"query-input":"required name=search_term_string"}],"inLanguage":"pt-PT"}]}},"_links":{"self":[{"href":"https:\/\/clientes.space\/michele-bond\/website\/wp-json\/wp\/v2\/product\/7886"}],"collection":[{"href":"https:\/\/clientes.space\/michele-bond\/website\/wp-json\/wp\/v2\/product"}],"about":[{"href":"https:\/\/clientes.space\/michele-bond\/website\/wp-json\/wp\/v2\/types\/product"}],"replies":[{"embeddable":true,"href":"https:\/\/clientes.space\/michele-bond\/website\/wp-json\/wp\/v2\/comments?post=7886"}],"wp:featuredmedia":[{"embeddable":true,"href":"https:\/\/clientes.space\/michele-bond\/website\/wp-json\/wp\/v2\/media\/7887"}],"wp:attachment":[{"href":"https:\/\/clientes.space\/michele-bond\/website\/wp-json\/wp\/v2\/media?parent=7886"}],"wp:term":[{"taxonomy":"product_cat","embeddable":true,"href":"https:\/\/clientes.space\/michele-bond\/website\/wp-json\/wp\/v2\/product_cat?post=7886"},{"taxonomy":"product_tag","embeddable":true,"href":"https:\/\/clientes.space\/michele-bond\/website\/wp-json\/wp\/v2\/product_tag?post=7886"}],"curies":[{"name":"wp","href":"https:\/\/api.w.org\/{rel}","templated":true}]}}