{"id":7898,"date":"2020-12-06T17:02:19","date_gmt":"2020-12-06T17:02:19","guid":{"rendered":"https:\/\/clientes.space\/michele-bond\/website\/?post_type=product&#038;p=7898"},"modified":"2021-02-22T11:34:03","modified_gmt":"2021-02-22T11:34:03","slug":"receitas-saudaveis-para-festas-de-criancas","status":"publish","type":"product","link":"https:\/\/clientes.space\/michele-bond\/website\/produto\/receitas-saudaveis-para-festas-de-criancas\/","title":{"rendered":"Receitas saud\u00e1veis para festas de crian\u00e7as"},"content":{"rendered":"<p>As crian\u00e7as adoram festas de anivers\u00e1rio e essas ocasi\u00f5es s\u00e3o uma \u00f3tima oportunidade para comemorar com pratos deliciosos e nutritivos. As comidas servidas em festas infantis tem que ser criativas, apetitosas e por que n\u00e3o, tamb\u00e9m serem saud\u00e1veis? Infelizmente as festas infantis se tornaram sin\u00f3nimo de alimentos a\u00e7ucarados e que est\u00e3o carregados com gorduras saturadas.<\/p>\n<p>\u00c9 altura de arrega\u00e7ar as mangas e fazer algo diferente! Este ebook proporciona \u00f3timas ideias que ir\u00e3o ajud\u00e1-la a evitar alimentos com excesso de a\u00e7\u00facar e, assim, tornar as festas mais saud\u00e1veis, coloridas e tamb\u00e9m divertidas!<\/p>\n<p>Ap\u00f3s a compra do livro, ir\u00e1 receb\u00ea-lo na sua inbox.<\/p>\n","protected":false},"excerpt":{"rendered":"<p>Comida de festa de crian\u00e7a n\u00e3o precisa ser prejudicial \u00e0 sa\u00fade. As receitas nesse ebook provam que voc\u00ea pode saborear pratos que, al\u00e9m de deliciosos, tamb\u00e9m fazem bem para a sa\u00fade!<\/p>\n","protected":false},"featured_media":7899,"comment_status":"open","ping_status":"closed","template":"","meta":{"content-type":""},"product_cat":[886,883,887],"product_tag":[922,921,920],"yoast_head":"<!-- This site is optimized with the Yoast SEO plugin v21.7 - https:\/\/yoast.com\/wordpress\/plugins\/seo\/ -->\n<title>E-book de Receitas Saud\u00e1veis para Festas de Crian\u00e7as | Cl\u00ednica Michelle Bond<\/title>\n<meta name=\"description\" content=\"Este E-book de Receitas Saud\u00e1veis para Festas de Crian\u00e7as prova que voc\u00ea pode saborear pratos que, al\u00e9m de deliciosos, tamb\u00e9m fazem bem para a sa\u00fade!\" \/>\n<meta name=\"robots\" content=\"index, follow, max-snippet:-1, max-image-preview:large, max-video-preview:-1\" \/>\n<link rel=\"canonical\" href=\"https:\/\/clientes.space\/michele-bond\/website\/produto\/receitas-saudaveis-para-festas-de-criancas\/\" \/>\n<meta property=\"og:locale\" content=\"pt_PT\" \/>\n<meta property=\"og:type\" content=\"article\" \/>\n<meta property=\"og:title\" content=\"E-book de Receitas Saud\u00e1veis para Festas de Crian\u00e7as | Cl\u00ednica Michelle Bond\" \/>\n<meta property=\"og:description\" content=\"Este E-book de Receitas Saud\u00e1veis para Festas de Crian\u00e7as prova que voc\u00ea pode saborear pratos que, al\u00e9m de deliciosos, tamb\u00e9m fazem bem para a sa\u00fade!\" \/>\n<meta property=\"og:url\" content=\"https:\/\/clientes.space\/michele-bond\/website\/produto\/receitas-saudaveis-para-festas-de-criancas\/\" \/>\n<meta property=\"og:site_name\" content=\"Michelle Bond Clinic | Lisboa\" \/>\n<meta property=\"article:modified_time\" content=\"2021-02-22T11:34:03+00:00\" \/>\n<meta property=\"og:image\" content=\"https:\/\/clientes.space\/michele-bond\/website\/wp-content\/uploads\/2020\/12\/Ebook-Crianc\u0327as.jpg\" \/>\n\t<meta property=\"og:image:width\" content=\"1410\" \/>\n\t<meta property=\"og:image:height\" content=\"2250\" \/>\n\t<meta property=\"og:image:type\" content=\"image\/jpeg\" \/>\n<meta name=\"twitter:card\" content=\"summary_large_image\" \/>\n<meta name=\"twitter:label1\" content=\"Tempo estimado de leitura\" \/>\n\t<meta name=\"twitter:data1\" content=\"1 minuto\" \/>\n<script type=\"application\/ld+json\" class=\"yoast-schema-graph\">{\"@context\":\"https:\/\/schema.org\",\"@graph\":[{\"@type\":\"WebPage\",\"@id\":\"https:\/\/clientes.space\/michele-bond\/website\/produto\/receitas-saudaveis-para-festas-de-criancas\/\",\"url\":\"https:\/\/clientes.space\/michele-bond\/website\/produto\/receitas-saudaveis-para-festas-de-criancas\/\",\"name\":\"E-book de Receitas Saud\u00e1veis para Festas de Crian\u00e7as | Cl\u00ednica Michelle Bond\",\"isPartOf\":{\"@id\":\"https:\/\/clientes.space\/michele-bond\/website\/#website\"},\"datePublished\":\"2020-12-06T17:02:19+00:00\",\"dateModified\":\"2021-02-22T11:34:03+00:00\",\"description\":\"Este E-book de Receitas Saud\u00e1veis para Festas de Crian\u00e7as prova que voc\u00ea pode saborear pratos que, al\u00e9m de deliciosos, tamb\u00e9m fazem bem para a sa\u00fade!\",\"breadcrumb\":{\"@id\":\"https:\/\/clientes.space\/michele-bond\/website\/produto\/receitas-saudaveis-para-festas-de-criancas\/#breadcrumb\"},\"inLanguage\":\"pt-PT\",\"potentialAction\":[{\"@type\":\"ReadAction\",\"target\":[\"https:\/\/clientes.space\/michele-bond\/website\/produto\/receitas-saudaveis-para-festas-de-criancas\/\"]}]},{\"@type\":\"BreadcrumbList\",\"@id\":\"https:\/\/clientes.space\/michele-bond\/website\/produto\/receitas-saudaveis-para-festas-de-criancas\/#breadcrumb\",\"itemListElement\":[{\"@type\":\"ListItem\",\"position\":1,\"name\":\"In\u00edcio\",\"item\":\"https:\/\/clientes.space\/michele-bond\/website\/\"},{\"@type\":\"ListItem\",\"position\":2,\"name\":\"Loja\",\"item\":\"https:\/\/clientes.space\/michele-bond\/website\/loja-todos\/\"},{\"@type\":\"ListItem\",\"position\":3,\"name\":\"Receitas saud\u00e1veis para festas de crian\u00e7as\"}]},{\"@type\":\"WebSite\",\"@id\":\"https:\/\/clientes.space\/michele-bond\/website\/#website\",\"url\":\"https:\/\/clientes.space\/michele-bond\/website\/\",\"name\":\"Michelle Bond - Holistic Health &amp; Beauty\",\"description\":\"Medicina Est\u00e9tica, Naturopatia, Nutri\u00e7\u00e3o e Fisioterapia\",\"potentialAction\":[{\"@type\":\"SearchAction\",\"target\":{\"@type\":\"EntryPoint\",\"urlTemplate\":\"https:\/\/clientes.space\/michele-bond\/website\/?s={search_term_string}\"},\"query-input\":\"required name=search_term_string\"}],\"inLanguage\":\"pt-PT\"}]}<\/script>\n<!-- \/ Yoast SEO plugin. -->","yoast_head_json":{"title":"E-book de Receitas Saud\u00e1veis para Festas de Crian\u00e7as | Cl\u00ednica Michelle Bond","description":"Este E-book de Receitas Saud\u00e1veis para Festas de Crian\u00e7as prova que voc\u00ea pode saborear pratos que, al\u00e9m de deliciosos, tamb\u00e9m fazem bem para a sa\u00fade!","robots":{"index":"index","follow":"follow","max-snippet":"max-snippet:-1","max-image-preview":"max-image-preview:large","max-video-preview":"max-video-preview:-1"},"canonical":"https:\/\/clientes.space\/michele-bond\/website\/produto\/receitas-saudaveis-para-festas-de-criancas\/","og_locale":"pt_PT","og_type":"article","og_title":"E-book de Receitas Saud\u00e1veis para Festas de Crian\u00e7as | Cl\u00ednica Michelle Bond","og_description":"Este E-book de Receitas Saud\u00e1veis para Festas de Crian\u00e7as prova que voc\u00ea pode saborear pratos que, al\u00e9m de deliciosos, tamb\u00e9m fazem bem para a sa\u00fade!","og_url":"https:\/\/clientes.space\/michele-bond\/website\/produto\/receitas-saudaveis-para-festas-de-criancas\/","og_site_name":"Michelle Bond Clinic | Lisboa","article_modified_time":"2021-02-22T11:34:03+00:00","og_image":[{"width":1410,"height":2250,"url":"https:\/\/clientes.space\/michele-bond\/website\/wp-content\/uploads\/2020\/12\/Ebook-Crianc\u0327as.jpg","type":"image\/jpeg"}],"twitter_card":"summary_large_image","twitter_misc":{"Tempo estimado de leitura":"1 minuto"},"schema":{"@context":"https:\/\/schema.org","@graph":[{"@type":"WebPage","@id":"https:\/\/clientes.space\/michele-bond\/website\/produto\/receitas-saudaveis-para-festas-de-criancas\/","url":"https:\/\/clientes.space\/michele-bond\/website\/produto\/receitas-saudaveis-para-festas-de-criancas\/","name":"E-book de Receitas Saud\u00e1veis para Festas de Crian\u00e7as | Cl\u00ednica Michelle Bond","isPartOf":{"@id":"https:\/\/clientes.space\/michele-bond\/website\/#website"},"datePublished":"2020-12-06T17:02:19+00:00","dateModified":"2021-02-22T11:34:03+00:00","description":"Este E-book de Receitas Saud\u00e1veis para Festas de Crian\u00e7as prova que voc\u00ea pode saborear pratos que, al\u00e9m de deliciosos, tamb\u00e9m fazem bem para a sa\u00fade!","breadcrumb":{"@id":"https:\/\/clientes.space\/michele-bond\/website\/produto\/receitas-saudaveis-para-festas-de-criancas\/#breadcrumb"},"inLanguage":"pt-PT","potentialAction":[{"@type":"ReadAction","target":["https:\/\/clientes.space\/michele-bond\/website\/produto\/receitas-saudaveis-para-festas-de-criancas\/"]}]},{"@type":"BreadcrumbList","@id":"https:\/\/clientes.space\/michele-bond\/website\/produto\/receitas-saudaveis-para-festas-de-criancas\/#breadcrumb","itemListElement":[{"@type":"ListItem","position":1,"name":"In\u00edcio","item":"https:\/\/clientes.space\/michele-bond\/website\/"},{"@type":"ListItem","position":2,"name":"Loja","item":"https:\/\/clientes.space\/michele-bond\/website\/loja-todos\/"},{"@type":"ListItem","position":3,"name":"Receitas saud\u00e1veis para festas de crian\u00e7as"}]},{"@type":"WebSite","@id":"https:\/\/clientes.space\/michele-bond\/website\/#website","url":"https:\/\/clientes.space\/michele-bond\/website\/","name":"Michelle Bond - Holistic Health &amp; Beauty","description":"Medicina Est\u00e9tica, Naturopatia, Nutri\u00e7\u00e3o e Fisioterapia","potentialAction":[{"@type":"SearchAction","target":{"@type":"EntryPoint","urlTemplate":"https:\/\/clientes.space\/michele-bond\/website\/?s={search_term_string}"},"query-input":"required name=search_term_string"}],"inLanguage":"pt-PT"}]}},"_links":{"self":[{"href":"https:\/\/clientes.space\/michele-bond\/website\/wp-json\/wp\/v2\/product\/7898"}],"collection":[{"href":"https:\/\/clientes.space\/michele-bond\/website\/wp-json\/wp\/v2\/product"}],"about":[{"href":"https:\/\/clientes.space\/michele-bond\/website\/wp-json\/wp\/v2\/types\/product"}],"replies":[{"embeddable":true,"href":"https:\/\/clientes.space\/michele-bond\/website\/wp-json\/wp\/v2\/comments?post=7898"}],"wp:featuredmedia":[{"embeddable":true,"href":"https:\/\/clientes.space\/michele-bond\/website\/wp-json\/wp\/v2\/media\/7899"}],"wp:attachment":[{"href":"https:\/\/clientes.space\/michele-bond\/website\/wp-json\/wp\/v2\/media?parent=7898"}],"wp:term":[{"taxonomy":"product_cat","embeddable":true,"href":"https:\/\/clientes.space\/michele-bond\/website\/wp-json\/wp\/v2\/product_cat?post=7898"},{"taxonomy":"product_tag","embeddable":true,"href":"https:\/\/clientes.space\/michele-bond\/website\/wp-json\/wp\/v2\/product_tag?post=7898"}],"curies":[{"name":"wp","href":"https:\/\/api.w.org\/{rel}","templated":true}]}}