{"id":8502,"date":"2021-01-18T17:27:32","date_gmt":"2021-01-18T17:27:32","guid":{"rendered":"https:\/\/clientes.space\/michele-bond\/website\/?post_type=product&#038;p=8502"},"modified":"2023-10-31T15:51:43","modified_gmt":"2023-10-31T15:51:43","slug":"melan-recovery-mesoestetic","status":"publish","type":"product","link":"https:\/\/clientes.space\/michele-bond\/website\/produto\/melan-recovery-mesoestetic\/","title":{"rendered":"Melan Recovery 50ml"},"content":{"rendered":"<p>Tratamento intensivo da Mesoestetic que combate as manifesta\u00e7\u00f5es reativas relacionadas com a irrita\u00e7\u00e3o e a vermelhid\u00e3o, proporcionando uma sensa\u00e7\u00e3o de al\u00edvio imediato. Reduz a sensibilidade cut\u00e1nea e refor\u00e7a as defesas da pele contra agress\u00f5es externas ou ap\u00f3s tratamentos m\u00e9dico-est\u00e9ticos. Reequilibra a barreira cut\u00e1nea proporcionando conforto, elasticidade e suavidade \u00e0 pele. Textura rica de c\u00f3moda extensibilidade e r\u00e1pida absor\u00e7\u00e3o que alivia imediatamente a sensa\u00e7\u00e3o de repuxamento. Hipoalerg\u00e9nico.<\/p>\n<p><strong>Quantidade:<\/strong><\/p>\n<p>50ml<\/p>\n<p><strong>Ingredientes:<\/strong><\/p>\n<div class=\"html-screenshot-box fs16\">\n<div class=\"\" role=\"group\"><span class=\"\" role=\"listitem\">Aqua \/ \u00c1gua,\u00a0<\/span><span class=\"\" role=\"listitem\">Manteiga de butyrospermum parkii (karit\u00e9)<\/span><span class=\"\" role=\"listitem\">\u00a0,\u00a0<\/span><span class=\"\" role=\"listitem\">Butileno Glicol,\u00a0<\/span><span class=\"\" role=\"listitem\">Estearato de tridecila,\u00a0<\/span><span class=\"\" role=\"listitem\">Salicilato de Isodecila,\u00a0<\/span><span class=\"\" role=\"listitem\">PEG-30 Dipoli-hidroxiestearato,\u00a0<\/span><span class=\"\" role=\"listitem\">Tridecil Trimelitato,\u00a0<\/span><span class=\"\" role=\"listitem\">Persea Gratissima (abacate) Oil,\u00a0<\/span><span class=\"\" role=\"listitem\">Estearato de isocetil estearoil,\u00a0<\/span><span class=\"showmore-mobile\" role=\"listitem\">Propilenoglicol,\u00a0<\/span><span class=\"showmore-mobile\" role=\"listitem\">Dipentaeritritil Hexacaprilato \/ Hexacaprato,\u00a0<\/span><span class=\"showmore-mobile\" role=\"listitem\">Sesquioleato de sorbitano,\u00a0<\/span><span class=\"showmore-mobile\" role=\"listitem\">Sulfato de Magn\u00e9sio,\u00a0<\/span><span class=\"showmore-mobile\" role=\"listitem\">Fenoxietanol,\u00a0<\/span><span class=\"showmore-mobile\" role=\"listitem\">\u00d3leo de r\u00edcino hidrogenado,\u00a0<\/span><span class=\"showmore-mobile\" role=\"listitem\">S\u00f3dio PCA,\u00a0<\/span><span class=\"showmore-mobile\" role=\"listitem\">Ozokerite,\u00a0<\/span><span class=\"showmore-mobile\" role=\"listitem\">Metilparabeno,\u00a0<\/span><span class=\"showmore-mobile\" role=\"listitem\">Acetato de tocoferol,\u00a0<\/span><span class=\"showmore-mobile\" role=\"listitem\">Palmitato de isopropila,\u00a0<\/span><span class=\"showmore-mobile\" role=\"listitem\">EDTA diss\u00f3dico,\u00a0<\/span><span class=\"showmore-mobile\" role=\"listitem\">Cobre Pca,\u00a0<\/span><span class=\"showmore-mobile\" role=\"listitem\">Butilparabeno,\u00a0<\/span><span class=\"showmore-mobile\" role=\"listitem\">Etilparabeno,\u00a0<\/span><span class=\"showmore-mobile\" role=\"listitem\">Propilparabeno,\u00a0<\/span><span class=\"showmore-mobile\" role=\"listitem\">\u00d3leo de semente de Helianthus annuus (girassol),\u00a0<\/span><span class=\"showmore-mobile\" role=\"listitem\">CI 75130 \/ beta-caroteno\u00a0,\u00a0<\/span><span class=\"showmore-mobile\" role=\"listitem\">tocoferol,\u00a0<\/span><span class=\"showmore-mobile\" role=\"listitem\">\u00c1cido c\u00edtrico<\/span><\/div>\n<\/div>\n<div class=\"center italic fs16\"><\/div>\n<div><strong>Modo de tomar\/usar:<\/strong><\/div>\n<div><\/div>\n<div>Aplicar sobre a pele uniformemente e massajar at\u00e9 \u00e0 sua total absor\u00e7\u00e3o.<\/div>\n<div><\/div>\n<div>Sob\u00a0tratamento com cosmelan\/dermamelan, aplicar ap\u00f3s tratamento\u00a0 com cosmelan 2\/dermamelan e espalhar de forma generosa por todo o rosto, massajando at\u00e9 \u00e0 sua total absor\u00e7\u00e3o. Em seguida, recomenda-se aplicar um produto de prote\u00e7\u00e3o solar de amplo espectro como melan 130+ pigment control.<\/div>\n<div>\n<p><strong>Advert\u00eancias:<\/strong><\/p>\n<\/div>\n<p>Uso externo.<\/p>\n<p>&nbsp;<\/p>\n<h3 id=\"basic-rule2\"><\/h3>\n","protected":false},"excerpt":{"rendered":"<p>Indicado para acalmar e devolver \u00e0 pele o equil\u00edbrio e o conforto.<\/p>\n","protected":false},"featured_media":8508,"comment_status":"open","ping_status":"closed","template":"","meta":{"content-type":""},"product_cat":[949,679,686,689],"product_tag":[],"yoast_head":"<!-- This site is optimized with the Yoast SEO plugin v21.7 - https:\/\/yoast.com\/wordpress\/plugins\/seo\/ -->\n<title>Melan Recovery 50ml Mesoestetic - Loja Online Michelle Bond | Lisboa<\/title>\n<meta name=\"description\" content=\"Melan-Recovery-Mesoestetic \u00e9 indicado para acalmar e devolver \u00e0 pele o equil\u00edbrio e o conforto durante o tratamento com cosmelan\/dermamelan ou ap\u00f3s agress\u00f5es externas (sol, depila\u00e7\u00e3o, barbear, fric\u00e7\u00e3o, etc.) ou outros tratamentos m\u00e9dico-est\u00e9ticos (peelings, laser, etc.) que possam causar sensibiliza\u00e7\u00e3o cut\u00e2nea, desconforto e\/ou vermelhid\u00e3o\" \/>\n<meta name=\"robots\" content=\"index, follow, max-snippet:-1, max-image-preview:large, max-video-preview:-1\" \/>\n<link rel=\"canonical\" href=\"https:\/\/clientes.space\/michele-bond\/website\/produto\/melan-recovery-mesoestetic\/\" \/>\n<meta property=\"og:locale\" content=\"pt_PT\" \/>\n<meta property=\"og:type\" content=\"article\" \/>\n<meta property=\"og:title\" content=\"Melan Recovery 50ml Mesoestetic - Loja Online Michelle Bond | Lisboa\" \/>\n<meta property=\"og:description\" content=\"Melan-Recovery-Mesoestetic \u00e9 indicado para acalmar e devolver \u00e0 pele o equil\u00edbrio e o conforto durante o tratamento com cosmelan\/dermamelan ou ap\u00f3s agress\u00f5es externas (sol, depila\u00e7\u00e3o, barbear, fric\u00e7\u00e3o, etc.) ou outros tratamentos m\u00e9dico-est\u00e9ticos (peelings, laser, etc.) que possam causar sensibiliza\u00e7\u00e3o cut\u00e2nea, desconforto e\/ou vermelhid\u00e3o\" \/>\n<meta property=\"og:url\" content=\"https:\/\/clientes.space\/michele-bond\/website\/produto\/melan-recovery-mesoestetic\/\" \/>\n<meta property=\"og:site_name\" content=\"Michelle Bond Clinic | Lisboa\" \/>\n<meta property=\"article:modified_time\" content=\"2023-10-31T15:51:43+00:00\" \/>\n<meta property=\"og:image\" content=\"https:\/\/clientes.space\/michele-bond\/website\/wp-content\/uploads\/2021\/01\/melan-recovery-2.jpg\" \/>\n\t<meta property=\"og:image:width\" content=\"600\" \/>\n\t<meta property=\"og:image:height\" content=\"600\" \/>\n\t<meta property=\"og:image:type\" content=\"image\/jpeg\" \/>\n<meta name=\"twitter:card\" content=\"summary_large_image\" \/>\n<meta name=\"twitter:label1\" content=\"Tempo estimado de leitura\" \/>\n\t<meta name=\"twitter:data1\" content=\"1 minuto\" \/>\n<script type=\"application\/ld+json\" class=\"yoast-schema-graph\">{\"@context\":\"https:\/\/schema.org\",\"@graph\":[{\"@type\":\"WebPage\",\"@id\":\"https:\/\/clientes.space\/michele-bond\/website\/produto\/melan-recovery-mesoestetic\/\",\"url\":\"https:\/\/clientes.space\/michele-bond\/website\/produto\/melan-recovery-mesoestetic\/\",\"name\":\"Melan Recovery 50ml Mesoestetic - Loja Online Michelle Bond | Lisboa\",\"isPartOf\":{\"@id\":\"https:\/\/clientes.space\/michele-bond\/website\/#website\"},\"datePublished\":\"2021-01-18T17:27:32+00:00\",\"dateModified\":\"2023-10-31T15:51:43+00:00\",\"description\":\"Melan-Recovery-Mesoestetic \u00e9 indicado para acalmar e devolver \u00e0 pele o equil\u00edbrio e o conforto durante o tratamento com cosmelan\/dermamelan ou ap\u00f3s agress\u00f5es externas (sol, depila\u00e7\u00e3o, barbear, fric\u00e7\u00e3o, etc.) ou outros tratamentos m\u00e9dico-est\u00e9ticos (peelings, laser, etc.) que possam causar sensibiliza\u00e7\u00e3o cut\u00e2nea, desconforto e\/ou vermelhid\u00e3o\",\"breadcrumb\":{\"@id\":\"https:\/\/clientes.space\/michele-bond\/website\/produto\/melan-recovery-mesoestetic\/#breadcrumb\"},\"inLanguage\":\"pt-PT\",\"potentialAction\":[{\"@type\":\"ReadAction\",\"target\":[\"https:\/\/clientes.space\/michele-bond\/website\/produto\/melan-recovery-mesoestetic\/\"]}]},{\"@type\":\"BreadcrumbList\",\"@id\":\"https:\/\/clientes.space\/michele-bond\/website\/produto\/melan-recovery-mesoestetic\/#breadcrumb\",\"itemListElement\":[{\"@type\":\"ListItem\",\"position\":1,\"name\":\"In\u00edcio\",\"item\":\"https:\/\/clientes.space\/michele-bond\/website\/\"},{\"@type\":\"ListItem\",\"position\":2,\"name\":\"Loja\",\"item\":\"https:\/\/clientes.space\/michele-bond\/website\/loja-todos\/\"},{\"@type\":\"ListItem\",\"position\":3,\"name\":\"Melan Recovery 50ml\"}]},{\"@type\":\"WebSite\",\"@id\":\"https:\/\/clientes.space\/michele-bond\/website\/#website\",\"url\":\"https:\/\/clientes.space\/michele-bond\/website\/\",\"name\":\"Michelle Bond - Holistic Health &amp; Beauty\",\"description\":\"Medicina Est\u00e9tica, Naturopatia, Nutri\u00e7\u00e3o e Fisioterapia\",\"potentialAction\":[{\"@type\":\"SearchAction\",\"target\":{\"@type\":\"EntryPoint\",\"urlTemplate\":\"https:\/\/clientes.space\/michele-bond\/website\/?s={search_term_string}\"},\"query-input\":\"required name=search_term_string\"}],\"inLanguage\":\"pt-PT\"}]}<\/script>\n<!-- \/ Yoast SEO plugin. -->","yoast_head_json":{"title":"Melan Recovery 50ml Mesoestetic - Loja Online Michelle Bond | Lisboa","description":"Melan-Recovery-Mesoestetic \u00e9 indicado para acalmar e devolver \u00e0 pele o equil\u00edbrio e o conforto durante o tratamento com cosmelan\/dermamelan ou ap\u00f3s agress\u00f5es externas (sol, depila\u00e7\u00e3o, barbear, fric\u00e7\u00e3o, etc.) ou outros tratamentos m\u00e9dico-est\u00e9ticos (peelings, laser, etc.) que possam causar sensibiliza\u00e7\u00e3o cut\u00e2nea, desconforto e\/ou vermelhid\u00e3o","robots":{"index":"index","follow":"follow","max-snippet":"max-snippet:-1","max-image-preview":"max-image-preview:large","max-video-preview":"max-video-preview:-1"},"canonical":"https:\/\/clientes.space\/michele-bond\/website\/produto\/melan-recovery-mesoestetic\/","og_locale":"pt_PT","og_type":"article","og_title":"Melan Recovery 50ml Mesoestetic - Loja Online Michelle Bond | Lisboa","og_description":"Melan-Recovery-Mesoestetic \u00e9 indicado para acalmar e devolver \u00e0 pele o equil\u00edbrio e o conforto durante o tratamento com cosmelan\/dermamelan ou ap\u00f3s agress\u00f5es externas (sol, depila\u00e7\u00e3o, barbear, fric\u00e7\u00e3o, etc.) ou outros tratamentos m\u00e9dico-est\u00e9ticos (peelings, laser, etc.) que possam causar sensibiliza\u00e7\u00e3o cut\u00e2nea, desconforto e\/ou vermelhid\u00e3o","og_url":"https:\/\/clientes.space\/michele-bond\/website\/produto\/melan-recovery-mesoestetic\/","og_site_name":"Michelle Bond Clinic | Lisboa","article_modified_time":"2023-10-31T15:51:43+00:00","og_image":[{"width":600,"height":600,"url":"https:\/\/clientes.space\/michele-bond\/website\/wp-content\/uploads\/2021\/01\/melan-recovery-2.jpg","type":"image\/jpeg"}],"twitter_card":"summary_large_image","twitter_misc":{"Tempo estimado de leitura":"1 minuto"},"schema":{"@context":"https:\/\/schema.org","@graph":[{"@type":"WebPage","@id":"https:\/\/clientes.space\/michele-bond\/website\/produto\/melan-recovery-mesoestetic\/","url":"https:\/\/clientes.space\/michele-bond\/website\/produto\/melan-recovery-mesoestetic\/","name":"Melan Recovery 50ml Mesoestetic - Loja Online Michelle Bond | Lisboa","isPartOf":{"@id":"https:\/\/clientes.space\/michele-bond\/website\/#website"},"datePublished":"2021-01-18T17:27:32+00:00","dateModified":"2023-10-31T15:51:43+00:00","description":"Melan-Recovery-Mesoestetic \u00e9 indicado para acalmar e devolver \u00e0 pele o equil\u00edbrio e o conforto durante o tratamento com cosmelan\/dermamelan ou ap\u00f3s agress\u00f5es externas (sol, depila\u00e7\u00e3o, barbear, fric\u00e7\u00e3o, etc.) ou outros tratamentos m\u00e9dico-est\u00e9ticos (peelings, laser, etc.) que possam causar sensibiliza\u00e7\u00e3o cut\u00e2nea, desconforto e\/ou vermelhid\u00e3o","breadcrumb":{"@id":"https:\/\/clientes.space\/michele-bond\/website\/produto\/melan-recovery-mesoestetic\/#breadcrumb"},"inLanguage":"pt-PT","potentialAction":[{"@type":"ReadAction","target":["https:\/\/clientes.space\/michele-bond\/website\/produto\/melan-recovery-mesoestetic\/"]}]},{"@type":"BreadcrumbList","@id":"https:\/\/clientes.space\/michele-bond\/website\/produto\/melan-recovery-mesoestetic\/#breadcrumb","itemListElement":[{"@type":"ListItem","position":1,"name":"In\u00edcio","item":"https:\/\/clientes.space\/michele-bond\/website\/"},{"@type":"ListItem","position":2,"name":"Loja","item":"https:\/\/clientes.space\/michele-bond\/website\/loja-todos\/"},{"@type":"ListItem","position":3,"name":"Melan Recovery 50ml"}]},{"@type":"WebSite","@id":"https:\/\/clientes.space\/michele-bond\/website\/#website","url":"https:\/\/clientes.space\/michele-bond\/website\/","name":"Michelle Bond - Holistic Health &amp; Beauty","description":"Medicina Est\u00e9tica, Naturopatia, Nutri\u00e7\u00e3o e Fisioterapia","potentialAction":[{"@type":"SearchAction","target":{"@type":"EntryPoint","urlTemplate":"https:\/\/clientes.space\/michele-bond\/website\/?s={search_term_string}"},"query-input":"required name=search_term_string"}],"inLanguage":"pt-PT"}]}},"_links":{"self":[{"href":"https:\/\/clientes.space\/michele-bond\/website\/wp-json\/wp\/v2\/product\/8502"}],"collection":[{"href":"https:\/\/clientes.space\/michele-bond\/website\/wp-json\/wp\/v2\/product"}],"about":[{"href":"https:\/\/clientes.space\/michele-bond\/website\/wp-json\/wp\/v2\/types\/product"}],"replies":[{"embeddable":true,"href":"https:\/\/clientes.space\/michele-bond\/website\/wp-json\/wp\/v2\/comments?post=8502"}],"wp:featuredmedia":[{"embeddable":true,"href":"https:\/\/clientes.space\/michele-bond\/website\/wp-json\/wp\/v2\/media\/8508"}],"wp:attachment":[{"href":"https:\/\/clientes.space\/michele-bond\/website\/wp-json\/wp\/v2\/media?parent=8502"}],"wp:term":[{"taxonomy":"product_cat","embeddable":true,"href":"https:\/\/clientes.space\/michele-bond\/website\/wp-json\/wp\/v2\/product_cat?post=8502"},{"taxonomy":"product_tag","embeddable":true,"href":"https:\/\/clientes.space\/michele-bond\/website\/wp-json\/wp\/v2\/product_tag?post=8502"}],"curies":[{"name":"wp","href":"https:\/\/api.w.org\/{rel}","templated":true}]}}